{"id":23100,"date":"2024-06-05T09:38:58","date_gmt":"2024-06-05T07:38:58","guid":{"rendered":"https:\/\/cybelec.ch\/industrie-4-0\/"},"modified":"2024-06-05T10:55:22","modified_gmt":"2024-06-05T08:55:22","slug":"industrie-4-0","status":"publish","type":"page","link":"https:\/\/cybelec.ch\/de\/industrie-4-0\/","title":{"rendered":"Industrie 4.0"},"content":{"rendered":"\t\t<div data-elementor-type=\"wp-page\" data-elementor-id=\"23100\" class=\"elementor elementor-23100 elementor-22985\" data-elementor-post-type=\"page\">\n\t\t\t\t\t\t<section class=\"elementor-section elementor-top-section elementor-element elementor-element-d25dcfb elementor-reverse-mobile elementor-section-boxed elementor-section-height-default elementor-section-height-default\" data-id=\"d25dcfb\" data-element_type=\"section\" data-e-type=\"section\">\n\t\t\t\t\t\t<div class=\"elementor-container elementor-column-gap-no\">\n\t\t\t\t\t<div class=\"elementor-column elementor-col-50 elementor-top-column elementor-element elementor-element-cbf7606\" data-id=\"cbf7606\" data-element_type=\"column\" data-e-type=\"column\">\n\t\t\t<div class=\"elementor-widget-wrap elementor-element-populated\">\n\t\t\t\t\t\t<div class=\"elementor-element elementor-element-47d9add elementor-widget elementor-widget-gallery\" data-id=\"47d9add\" data-element_type=\"widget\" data-e-type=\"widget\" data-settings=\"{&quot;columns&quot;:1,&quot;aspect_ratio&quot;:&quot;1:1&quot;,&quot;columns_mobile&quot;:2,&quot;lazyload&quot;:&quot;yes&quot;,&quot;gallery_layout&quot;:&quot;grid&quot;,&quot;columns_tablet&quot;:2,&quot;gap&quot;:{&quot;unit&quot;:&quot;px&quot;,&quot;size&quot;:10,&quot;sizes&quot;:[]},&quot;gap_tablet&quot;:{&quot;unit&quot;:&quot;px&quot;,&quot;size&quot;:10,&quot;sizes&quot;:[]},&quot;gap_mobile&quot;:{&quot;unit&quot;:&quot;px&quot;,&quot;size&quot;:10,&quot;sizes&quot;:[]},&quot;link_to&quot;:&quot;file&quot;,&quot;content_hover_animation&quot;:&quot;fade-in&quot;}\" data-widget_type=\"gallery.default\">\n\t\t\t\t<div class=\"elementor-widget-container\">\n\t\t\t\t\t\t\t<div class=\"elementor-gallery__container\">\n\t\t\t\t\t\t\t<a class=\"e-gallery-item elementor-gallery-item elementor-animated-content\" href=\"https:\/\/cybelec.ch\/wp-content\/uploads\/2022\/11\/Merlin4Cybelec_news-e1680076115835.jpg\" data-elementor-open-lightbox=\"yes\" data-elementor-lightbox-slideshow=\"47d9add\" data-e-action-hash=\"#elementor-action%3Aaction%3Dlightbox%26settings%3DeyJpZCI6MTQ5ODQsInVybCI6Imh0dHBzOlwvXC9jeWJlbGVjLmNoXC93cC1jb250ZW50XC91cGxvYWRzXC8yMDIyXC8xMVwvTWVybGluNEN5YmVsZWNfbmV3cy1lMTY4MDA3NjExNTgzNS5qcGciLCJzbGlkZXNob3ciOiI0N2Q5YWRkIn0%3D\">\n\t\t\t\t\t<div class=\"e-gallery-image elementor-gallery-item__image\" data-thumbnail=\"https:\/\/cybelec.ch\/wp-content\/uploads\/2022\/11\/Merlin4Cybelec_news-e1680076115835.jpg\" data-width=\"600\" data-height=\"600\" aria-label=\"\" role=\"img\" ><\/div>\n\t\t\t\t\t\t\t\t\t\t\t\t\t\t<\/a>\n\t\t\t\t\t<\/div>\n\t\t\t\t\t<\/div>\n\t\t\t\t<\/div>\n\t\t\t\t\t<\/div>\n\t\t<\/div>\n\t\t\t\t<div class=\"elementor-column elementor-col-50 elementor-top-column elementor-element elementor-element-838acc8\" data-id=\"838acc8\" data-element_type=\"column\" data-e-type=\"column\">\n\t\t\t<div class=\"elementor-widget-wrap elementor-element-populated\">\n\t\t\t\t\t\t<div class=\"elementor-element elementor-element-c3c2f82 elementor-widget elementor-widget-heading\" data-id=\"c3c2f82\" data-element_type=\"widget\" data-e-type=\"widget\" data-widget_type=\"heading.default\">\n\t\t\t\t<div class=\"elementor-widget-container\">\n\t\t\t\t\t<h2 class=\"elementor-heading-title elementor-size-default\"><span style=\"color: var( --e-global-color-6c9059b );font-size: 16px;font-style: normal;font-weight: 600;letter-spacing: 1.2px\">In Zusammenarbeit mit dem italienischen Unternehmen A3 Soluzioni Informatiche bieten wir Endanwendern eine komplette Industrie 4.0-L\u00f6sung an.<\/span><\/h2>\t\t\t\t<\/div>\n\t\t\t\t<\/div>\n\t\t\t\t<div class=\"elementor-element elementor-element-2c6b977 elementor-widget elementor-widget-text-editor\" data-id=\"2c6b977\" data-element_type=\"widget\" data-e-type=\"widget\" data-widget_type=\"text-editor.default\">\n\t\t\t\t<div class=\"elementor-widget-container\">\n\t\t\t\t\t\t\t\t\t<p>Auf der Cybelec-Seite bieten wir ein umfangreiches Kommunikationsprotokoll an. Es erm\u00f6glicht die Erstellung von Statistiken, die \u00dcberwachung des Maschinenstatus sowie das Lesen und Schreiben \u00fcber das TCP-IP-Protokoll.<\/p>\n<p>Auf der anderen Seite bietet A3 Soluzioni Informatiche das Merlin Connect an:<br \/>Alles geschieht automatisch: Sobald die Verbindung hergestellt ist, extrahiert Merlin Connect die Daten von der Maschine und stellt sie dem Personal zur Verf\u00fcgung (\u00fcber eine eigene Schnittstelle oder ein ERP-System).<br \/>Mehr als 20 Protokolle werden unterst\u00fctzt.<\/p>\n<p>Es kann auch Informationen von der ausgew\u00e4hlten Quelle an die Maschine \u00fcbertragen.<\/p>\n<p>Funktionen:<\/p>\n<ul>\n<li>Maschinenvernetzung: Datenerfassung und -\u00fcberwachung<\/li>\n<li>Verbinden Sie Ihr Verwaltungssystem mit Ihrem Maschinenpark<\/li>\n<li>Speicherung von Daten<\/li>\n<\/ul>\n<p>Betriebsarten:<\/p>\n<ul>\n<li>Mit einer Cloud-Schnittstelle, auf die von einem Smartphone aus zugegriffen werden kann, so dass Benutzer Daten anzeigen und Verwaltungs- und Konfigurationsdaten an ihre Maschinen senden k\u00f6nnen.<\/li>\n<li>Mit einem ERP-Verwaltungssystem. Importieren Sie Maschinendaten direkt in das ERP-System, lesen oder empfangen Sie Daten aus dem ERP-System und \u00fcbertragen Sie diese an die Maschinen.<\/li>\n<li>Eigenst\u00e4ndig. Dateien, Tabellen, Webdienste oder andere Ausgaben.<\/li>\n<li>Individuell anpassbar an Ihre Bed\u00fcrfnisse.<\/li>\n<\/ul>\n<p>F\u00fcr weitere Informationen:<\/p>\n\t\t\t\t\t\t\t\t<\/div>\n\t\t\t\t<\/div>\n\t\t\t\t<section class=\"elementor-section elementor-inner-section elementor-element elementor-element-29cff18 elementor-section-boxed elementor-section-height-default elementor-section-height-default\" data-id=\"29cff18\" data-element_type=\"section\" data-e-type=\"section\">\n\t\t\t\t\t\t<div class=\"elementor-container elementor-column-gap-default\">\n\t\t\t\t\t<div class=\"elementor-column elementor-col-50 elementor-inner-column elementor-element elementor-element-6c2c56d\" data-id=\"6c2c56d\" data-element_type=\"column\" data-e-type=\"column\">\n\t\t\t<div class=\"elementor-widget-wrap elementor-element-populated\">\n\t\t\t\t\t\t<div class=\"elementor-element elementor-element-abf079d elementor-align-justify elementor-widget elementor-widget-button\" data-id=\"abf079d\" data-element_type=\"widget\" data-e-type=\"widget\" data-widget_type=\"button.default\">\n\t\t\t\t<div class=\"elementor-widget-container\">\n\t\t\t\t\t\t\t\t\t<div class=\"elementor-button-wrapper\">\n\t\t\t\t\t<a class=\"elementor-button elementor-button-link elementor-size-sm\" href=\"https:\/\/cybelec.ch\/wp-content\/uploads\/2023\/03\/ENG_Merlin_Connect_2023_brochure_CYBELEC.pdf\" target=\"_blank\">\n\t\t\t\t\t\t<span class=\"elementor-button-content-wrapper\">\n\t\t\t\t\t\t\t\t\t<span class=\"elementor-button-text\">Download der Brosch\u00fcre<\/span>\n\t\t\t\t\t<\/span>\n\t\t\t\t\t<\/a>\n\t\t\t\t<\/div>\n\t\t\t\t\t\t\t\t<\/div>\n\t\t\t\t<\/div>\n\t\t\t\t\t<\/div>\n\t\t<\/div>\n\t\t\t\t<div class=\"elementor-column elementor-col-50 elementor-inner-column elementor-element elementor-element-0ba6ff9\" data-id=\"0ba6ff9\" data-element_type=\"column\" data-e-type=\"column\">\n\t\t\t<div class=\"elementor-widget-wrap elementor-element-populated\">\n\t\t\t\t\t\t<div class=\"elementor-element elementor-element-5866ddf elementor-align-justify elementor-widget elementor-widget-button\" data-id=\"5866ddf\" data-element_type=\"widget\" data-e-type=\"widget\" data-widget_type=\"button.default\">\n\t\t\t\t<div class=\"elementor-widget-container\">\n\t\t\t\t\t\t\t\t\t<div class=\"elementor-button-wrapper\">\n\t\t\t\t\t<a class=\"elementor-button elementor-button-link elementor-size-sm\" href=\"https:\/\/cybelec.ch\/de\/kontakt\/\" target=\"_blank\">\n\t\t\t\t\t\t<span class=\"elementor-button-content-wrapper\">\n\t\t\t\t\t\t\t\t\t<span class=\"elementor-button-text\">Kontakt<\/span>\n\t\t\t\t\t<\/span>\n\t\t\t\t\t<\/a>\n\t\t\t\t<\/div>\n\t\t\t\t\t\t\t\t<\/div>\n\t\t\t\t<\/div>\n\t\t\t\t\t<\/div>\n\t\t<\/div>\n\t\t\t\t\t<\/div>\n\t\t<\/section>\n\t\t\t\t\t<\/div>\n\t\t<\/div>\n\t\t\t\t\t<\/div>\n\t\t<\/section>\n\t\t\t\t<\/div>\n\t\t","protected":false},"excerpt":{"rendered":"<p>In Zusammenarbeit mit dem italienischen Unternehmen A3 Soluzioni Informatiche bieten wir Endanwendern eine komplette Industrie 4.0-L\u00f6sung an. Auf der Cybelec-Seite bieten wir ein umfangreiches Kommunikationsprotokoll an. Es erm\u00f6glicht die Erstellung von Statistiken, die \u00dcberwachung des Maschinenstatus sowie das Lesen und Schreiben \u00fcber das TCP-IP-Protokoll. Auf der anderen Seite bietet A3 Soluzioni Informatiche das Merlin Connect [&hellip;]<\/p>\n","protected":false},"author":1,"featured_media":0,"parent":0,"menu_order":0,"comment_status":"closed","ping_status":"closed","template":"","meta":{"site-sidebar-layout":"no-sidebar","site-content-layout":"page-builder","ast-site-content-layout":"full-width-container","site-content-style":"default","site-sidebar-style":"default","ast-global-header-display":"","ast-banner-title-visibility":"","ast-main-header-display":"","ast-hfb-above-header-display":"","ast-hfb-below-header-display":"","ast-hfb-mobile-header-display":"","site-post-title":"disabled","ast-breadcrumbs-content":"","ast-featured-img":"disabled","footer-sml-layout":"","ast-disable-related-posts":"","theme-transparent-header-meta":"","adv-header-id-meta":"","stick-header-meta":"","header-above-stick-meta":"","header-main-stick-meta":"","header-below-stick-meta":"","astra-migrate-meta-layouts":"default","ast-page-background-enabled":"default","ast-page-background-meta":{"desktop":{"background-color":"","background-image":"","background-repeat":"repeat","background-position":"center center","background-size":"auto","background-attachment":"scroll","background-type":"","background-media":"","overlay-type":"","overlay-color":"","overlay-opacity":"","overlay-gradient":""},"tablet":{"background-color":"","background-image":"","background-repeat":"repeat","background-position":"center center","background-size":"auto","background-attachment":"scroll","background-type":"","background-media":"","overlay-type":"","overlay-color":"","overlay-opacity":"","overlay-gradient":""},"mobile":{"background-color":"","background-image":"","background-repeat":"repeat","background-position":"center center","background-size":"auto","background-attachment":"scroll","background-type":"","background-media":"","overlay-type":"","overlay-color":"","overlay-opacity":"","overlay-gradient":""}},"ast-content-background-meta":{"desktop":{"background-color":"var(--ast-global-color-5)","background-image":"","background-repeat":"repeat","background-position":"center center","background-size":"auto","background-attachment":"scroll","background-type":"","background-media":"","overlay-type":"","overlay-color":"","overlay-opacity":"","overlay-gradient":""},"tablet":{"background-color":"var(--ast-global-color-5)","background-image":"","background-repeat":"repeat","background-position":"center center","background-size":"auto","background-attachment":"scroll","background-type":"","background-media":"","overlay-type":"","overlay-color":"","overlay-opacity":"","overlay-gradient":""},"mobile":{"background-color":"var(--ast-global-color-5)","background-image":"","background-repeat":"repeat","background-position":"center center","background-size":"auto","background-attachment":"scroll","background-type":"","background-media":"","overlay-type":"","overlay-color":"","overlay-opacity":"","overlay-gradient":""}},"footnotes":""},"class_list":["post-23100","page","type-page","status-publish","hentry"],"aioseo_notices":[],"_links":{"self":[{"href":"https:\/\/cybelec.ch\/de\/wp-json\/wp\/v2\/pages\/23100","targetHints":{"allow":["GET"]}}],"collection":[{"href":"https:\/\/cybelec.ch\/de\/wp-json\/wp\/v2\/pages"}],"about":[{"href":"https:\/\/cybelec.ch\/de\/wp-json\/wp\/v2\/types\/page"}],"author":[{"embeddable":true,"href":"https:\/\/cybelec.ch\/de\/wp-json\/wp\/v2\/users\/1"}],"replies":[{"embeddable":true,"href":"https:\/\/cybelec.ch\/de\/wp-json\/wp\/v2\/comments?post=23100"}],"version-history":[{"count":0,"href":"https:\/\/cybelec.ch\/de\/wp-json\/wp\/v2\/pages\/23100\/revisions"}],"wp:attachment":[{"href":"https:\/\/cybelec.ch\/de\/wp-json\/wp\/v2\/media?parent=23100"}],"curies":[{"name":"wp","href":"https:\/\/api.w.org\/{rel}","templated":true}]}}