{"id":23247,"date":"2024-06-05T08:45:36","date_gmt":"2024-06-05T06:45:36","guid":{"rendered":"https:\/\/cybelec.ch\/cybtouch-12-ps\/"},"modified":"2024-11-04T14:02:57","modified_gmt":"2024-11-04T13:02:57","slug":"cybtouch-12-ps","status":"publish","type":"page","link":"https:\/\/cybelec.ch\/de\/cybtouch-12-ps\/","title":{"rendered":"CybTouch 12 PS"},"content":{"rendered":"\t\t<div data-elementor-type=\"wp-page\" data-elementor-id=\"23247\" class=\"elementor elementor-23247 elementor-22855\" data-elementor-post-type=\"page\">\n\t\t\t\t\t\t<section class=\"elementor-section elementor-top-section elementor-element elementor-element-85a084d elementor-reverse-mobile elementor-section-boxed elementor-section-height-default elementor-section-height-default\" data-id=\"85a084d\" data-element_type=\"section\" data-e-type=\"section\">\n\t\t\t\t\t\t<div class=\"elementor-container elementor-column-gap-no\">\n\t\t\t\t\t<div class=\"elementor-column elementor-col-50 elementor-top-column elementor-element elementor-element-1d4123d\" data-id=\"1d4123d\" data-element_type=\"column\" data-e-type=\"column\">\n\t\t\t<div class=\"elementor-widget-wrap elementor-element-populated\">\n\t\t\t\t\t\t<div class=\"elementor-element elementor-element-90db904 elementor-widget elementor-widget-gallery\" data-id=\"90db904\" data-element_type=\"widget\" data-e-type=\"widget\" data-settings=\"{&quot;columns&quot;:2,&quot;aspect_ratio&quot;:&quot;1:1&quot;,&quot;columns_mobile&quot;:2,&quot;lazyload&quot;:&quot;yes&quot;,&quot;gallery_layout&quot;:&quot;grid&quot;,&quot;columns_tablet&quot;:2,&quot;gap&quot;:{&quot;unit&quot;:&quot;px&quot;,&quot;size&quot;:10,&quot;sizes&quot;:[]},&quot;gap_tablet&quot;:{&quot;unit&quot;:&quot;px&quot;,&quot;size&quot;:10,&quot;sizes&quot;:[]},&quot;gap_mobile&quot;:{&quot;unit&quot;:&quot;px&quot;,&quot;size&quot;:10,&quot;sizes&quot;:[]},&quot;link_to&quot;:&quot;file&quot;,&quot;content_hover_animation&quot;:&quot;fade-in&quot;}\" data-widget_type=\"gallery.default\">\n\t\t\t\t<div class=\"elementor-widget-container\">\n\t\t\t\t\t\t\t<div class=\"elementor-gallery__container\">\n\t\t\t\t\t\t\t<a class=\"e-gallery-item elementor-gallery-item elementor-animated-content\" href=\"https:\/\/cybelec.ch\/wp-content\/uploads\/2020\/12\/CT12_01.jpg\" data-elementor-open-lightbox=\"yes\" data-elementor-lightbox-slideshow=\"90db904\" data-e-action-hash=\"#elementor-action%3Aaction%3Dlightbox%26settings%3DeyJpZCI6MTE0MjEsInVybCI6Imh0dHBzOlwvXC9jeWJlbGVjLmNoXC93cC1jb250ZW50XC91cGxvYWRzXC8yMDIwXC8xMlwvQ1QxMl8wMS5qcGciLCJzbGlkZXNob3ciOiI5MGRiOTA0In0%3D\">\n\t\t\t\t\t<div class=\"e-gallery-image elementor-gallery-item__image\" data-thumbnail=\"https:\/\/cybelec.ch\/wp-content\/uploads\/2020\/12\/CT12_01.jpg\" data-width=\"1350\" data-height=\"1000\" aria-label=\"\" role=\"img\" ><\/div>\n\t\t\t\t\t\t\t\t\t\t\t\t\t\t<\/a>\n\t\t\t\t\t\t\t<a class=\"e-gallery-item elementor-gallery-item elementor-animated-content\" href=\"https:\/\/cybelec.ch\/wp-content\/uploads\/2020\/12\/CT12-4-1.jpg\" data-elementor-open-lightbox=\"yes\" data-elementor-lightbox-slideshow=\"90db904\" data-e-action-hash=\"#elementor-action%3Aaction%3Dlightbox%26settings%3DeyJpZCI6MTE0MTksInVybCI6Imh0dHBzOlwvXC9jeWJlbGVjLmNoXC93cC1jb250ZW50XC91cGxvYWRzXC8yMDIwXC8xMlwvQ1QxMi00LTEuanBnIiwic2xpZGVzaG93IjoiOTBkYjkwNCJ9\">\n\t\t\t\t\t<div class=\"e-gallery-image elementor-gallery-item__image\" data-thumbnail=\"https:\/\/cybelec.ch\/wp-content\/uploads\/2020\/12\/CT12-4-1.jpg\" data-width=\"178\" data-height=\"178\" aria-label=\"\" role=\"img\" ><\/div>\n\t\t\t\t\t\t\t\t\t\t\t\t\t\t<\/a>\n\t\t\t\t\t\t\t<a class=\"e-gallery-item elementor-gallery-item elementor-animated-content\" href=\"https:\/\/cybelec.ch\/wp-content\/uploads\/2020\/12\/CT12-3-1.jpg\" data-elementor-open-lightbox=\"yes\" data-elementor-lightbox-slideshow=\"90db904\" data-e-action-hash=\"#elementor-action%3Aaction%3Dlightbox%26settings%3DeyJpZCI6MTE0MTgsInVybCI6Imh0dHBzOlwvXC9jeWJlbGVjLmNoXC93cC1jb250ZW50XC91cGxvYWRzXC8yMDIwXC8xMlwvQ1QxMi0zLTEuanBnIiwic2xpZGVzaG93IjoiOTBkYjkwNCJ9\">\n\t\t\t\t\t<div class=\"e-gallery-image elementor-gallery-item__image\" data-thumbnail=\"https:\/\/cybelec.ch\/wp-content\/uploads\/2020\/12\/CT12-3-1.jpg\" data-width=\"178\" data-height=\"178\" aria-label=\"\" role=\"img\" ><\/div>\n\t\t\t\t\t\t\t\t\t\t\t\t\t\t<\/a>\n\t\t\t\t\t\t\t<a class=\"e-gallery-item elementor-gallery-item elementor-animated-content\" href=\"https:\/\/cybelec.ch\/wp-content\/uploads\/2020\/12\/CT12-1.jpg\" data-elementor-open-lightbox=\"yes\" data-elementor-lightbox-slideshow=\"90db904\" data-e-action-hash=\"#elementor-action%3Aaction%3Dlightbox%26settings%3DeyJpZCI6MTE0MTYsInVybCI6Imh0dHBzOlwvXC9jeWJlbGVjLmNoXC93cC1jb250ZW50XC91cGxvYWRzXC8yMDIwXC8xMlwvQ1QxMi0xLmpwZyIsInNsaWRlc2hvdyI6IjkwZGI5MDQifQ%3D%3D\">\n\t\t\t\t\t<div class=\"e-gallery-image elementor-gallery-item__image\" data-thumbnail=\"https:\/\/cybelec.ch\/wp-content\/uploads\/2020\/12\/CT12-1.jpg\" data-width=\"178\" data-height=\"178\" aria-label=\"\" role=\"img\" ><\/div>\n\t\t\t\t\t\t\t\t\t\t\t\t\t\t<\/a>\n\t\t\t\t\t<\/div>\n\t\t\t\t\t<\/div>\n\t\t\t\t<\/div>\n\t\t\t\t\t<\/div>\n\t\t<\/div>\n\t\t\t\t<div class=\"elementor-column elementor-col-50 elementor-top-column elementor-element elementor-element-4b2d1ef\" data-id=\"4b2d1ef\" data-element_type=\"column\" data-e-type=\"column\">\n\t\t\t<div class=\"elementor-widget-wrap elementor-element-populated\">\n\t\t\t\t\t\t<div class=\"elementor-element elementor-element-3a0a31c elementor-widget elementor-widget-heading\" data-id=\"3a0a31c\" data-element_type=\"widget\" data-e-type=\"widget\" data-widget_type=\"heading.default\">\n\t\t\t\t<div class=\"elementor-widget-container\">\n\t\t\t\t\t<h2 class=\"elementor-heading-title elementor-size-default\">CybTouch 12 PS ist speziell f\u00fcr synchronisierte Abkantpressen entwickelt worden.<\/h2>\t\t\t\t<\/div>\n\t\t\t\t<\/div>\n\t\t\t\t<div class=\"elementor-element elementor-element-375caf3 elementor-widget elementor-widget-text-editor\" data-id=\"375caf3\" data-element_type=\"widget\" data-e-type=\"widget\" data-widget_type=\"text-editor.default\">\n\t\t\t\t<div class=\"elementor-widget-container\">\n\t\t\t\t\t\t\t\t\tAls Teil der CybTouch-Reihe verf\u00fcgt es \u00fcber einen intuitiven und lebendigen Farb-Touchscreen und eine hohe Integration von Funktionen.\nMit seiner interaktiven Touch-Software-Oberfl\u00e4che mit gro\u00dfen Tasten, seinem 2D-Grafikdisplay, der Online-Hilfe und vielen anderen automatischen Funktionen, die den Bediener st\u00e4ndig begleiten,  \nCybTouch 12 ist sehr einfach zu bedienen.  \nCybTouch 12 verf\u00fcgt \u00fcber ein robustes, modernes und stromlinienf\u00f6rmiges Geh\u00e4use, das speziell f\u00fcr die Montage an einem Arm entwickelt wurde.\t\t\t\t\t\t\t\t<\/div>\n\t\t\t\t<\/div>\n\t\t\t\t<div class=\"elementor-element elementor-element-a212535 elementor-widget elementor-widget-heading\" data-id=\"a212535\" data-element_type=\"widget\" data-e-type=\"widget\" data-widget_type=\"heading.default\">\n\t\t\t\t<div class=\"elementor-widget-container\">\n\t\t\t\t\t<h2 class=\"elementor-heading-title elementor-size-default\">CybTouchTools<\/h2>\t\t\t\t<\/div>\n\t\t\t\t<\/div>\n\t\t\t\t<div class=\"elementor-element elementor-element-223fcf6 elementor-widget elementor-widget-text-editor\" data-id=\"223fcf6\" data-element_type=\"widget\" data-e-type=\"widget\" data-widget_type=\"text-editor.default\">\n\t\t\t\t<div class=\"elementor-widget-container\">\n\t\t\t\t\t\t\t\t\t<p style=\"text-align: left;\">Alle CybTouch werden mit den CybTouchTools geliefert, die eine drahtlose Daten\u00fcbertragung zwischen PC und CybTouch erm\u00f6glichen (optionaler RFLink USB-Stick erforderlich). Es dient der Sicherung\/Wiederherstellung von Maschinenparametern, Werkzeugen und Teilen sowie der Aktualisierung der Firmware.<\/p>\n\t\t\t\t\t\t\t\t<\/div>\n\t\t\t\t<\/div>\n\t\t\t\t<div class=\"elementor-element elementor-element-e3e85cc elementor-widget elementor-widget-heading\" data-id=\"e3e85cc\" data-element_type=\"widget\" data-e-type=\"widget\" data-widget_type=\"heading.default\">\n\t\t\t\t<div class=\"elementor-widget-container\">\n\t\t\t\t\t<h2 class=\"elementor-heading-title elementor-size-default\">PC-Offline-Software<\/h2>\t\t\t\t<\/div>\n\t\t\t\t<\/div>\n\t\t\t\t<div class=\"elementor-element elementor-element-4a179f1 elementor-widget elementor-widget-text-editor\" data-id=\"4a179f1\" data-element_type=\"widget\" data-e-type=\"widget\" data-widget_type=\"text-editor.default\">\n\t\t\t\t<div class=\"elementor-widget-container\">\n\t\t\t\t\t\t\t\t\t<p>Wir liefern die gleiche universelle PC-Offline-Software f\u00fcr alle CybTouch- und VisiTouch-Steuerungen.<br \/>OFT-VST-2&nbsp; &nbsp; &nbsp; &nbsp; &nbsp; &nbsp; &nbsp; &nbsp; PC-Offline-Software VisiTouch (2D)<br \/>OFT-VST-MX&nbsp; &nbsp; &nbsp; &nbsp; &nbsp; &nbsp; PC-Offline-Software VisiTouch MX (3D)<br \/>OFT-VST-MXIMP&nbsp; &nbsp; &nbsp; PC-Offline-Software VisiTouch MX mit Import von DXF\/DWG, IGES, STEP, SAT und X_T<br \/>Alle drei oben genannten PC-Offline-Software erm\u00f6glichen die \u00dcbertragung von Werkzeugen und Programmen auf alle CybTouch PS und VisiTouch Steuerungen.<br \/><span style=\"font-size: 15px; font-style: normal; font-weight: 400;\">Die PC-Offline-Software VisiTouch bietet jetzt die M\u00f6glichkeit, Teile f\u00fcr mehrere Abkantpressen zu programmieren (Multi-Maschinen-Funktionalit\u00e4t).<\/span><\/p>\n\t\t\t\t\t\t\t\t<\/div>\n\t\t\t\t<\/div>\n\t\t\t\t<section class=\"elementor-section elementor-inner-section elementor-element elementor-element-2ca4c70 elementor-section-boxed elementor-section-height-default elementor-section-height-default\" data-id=\"2ca4c70\" data-element_type=\"section\" data-e-type=\"section\">\n\t\t\t\t\t\t<div class=\"elementor-container elementor-column-gap-default\">\n\t\t\t\t\t<div class=\"elementor-column elementor-col-50 elementor-inner-column elementor-element elementor-element-699c5c1\" data-id=\"699c5c1\" data-element_type=\"column\" data-e-type=\"column\">\n\t\t\t<div class=\"elementor-widget-wrap elementor-element-populated\">\n\t\t\t\t\t\t<div class=\"elementor-element elementor-element-a4d531c elementor-align-justify elementor-widget elementor-widget-button\" data-id=\"a4d531c\" data-element_type=\"widget\" data-e-type=\"widget\" data-widget_type=\"button.default\">\n\t\t\t\t<div class=\"elementor-widget-container\">\n\t\t\t\t\t\t\t\t\t<div class=\"elementor-button-wrapper\">\n\t\t\t\t\t<a class=\"elementor-button elementor-button-link elementor-size-sm\" href=\"https:\/\/cybelec.ch\/wp-content\/uploads\/2024\/07\/Flyer-CybTouch-12-PS_V2.3_DE.pdf\" target=\"_blank\">\n\t\t\t\t\t\t<span class=\"elementor-button-content-wrapper\">\n\t\t\t\t\t\t\t\t\t<span class=\"elementor-button-text\">Download des Flyers<\/span>\n\t\t\t\t\t<\/span>\n\t\t\t\t\t<\/a>\n\t\t\t\t<\/div>\n\t\t\t\t\t\t\t\t<\/div>\n\t\t\t\t<\/div>\n\t\t\t\t\t<\/div>\n\t\t<\/div>\n\t\t\t\t<div class=\"elementor-column elementor-col-50 elementor-inner-column elementor-element elementor-element-ffa3466\" data-id=\"ffa3466\" data-element_type=\"column\" data-e-type=\"column\">\n\t\t\t<div class=\"elementor-widget-wrap elementor-element-populated\">\n\t\t\t\t\t\t<div class=\"elementor-element elementor-element-c773ff3 elementor-align-justify elementor-widget elementor-widget-button\" data-id=\"c773ff3\" data-element_type=\"widget\" data-e-type=\"widget\" data-widget_type=\"button.default\">\n\t\t\t\t<div class=\"elementor-widget-container\">\n\t\t\t\t\t\t\t\t\t<div class=\"elementor-button-wrapper\">\n\t\t\t\t\t<a class=\"elementor-button elementor-button-link elementor-size-sm\" href=\"https:\/\/cybelec.ch\/wp-content\/uploads\/2020\/12\/Datasheet_CybTouch_12_PS_EN_V2.4.pdf\" target=\"_blank\">\n\t\t\t\t\t\t<span class=\"elementor-button-content-wrapper\">\n\t\t\t\t\t\t\t\t\t<span class=\"elementor-button-text\">Datenblatt herunterladen<\/span>\n\t\t\t\t\t<\/span>\n\t\t\t\t\t<\/a>\n\t\t\t\t<\/div>\n\t\t\t\t\t\t\t\t<\/div>\n\t\t\t\t<\/div>\n\t\t\t\t\t<\/div>\n\t\t<\/div>\n\t\t\t\t\t<\/div>\n\t\t<\/section>\n\t\t\t\t\t<\/div>\n\t\t<\/div>\n\t\t\t\t\t<\/div>\n\t\t<\/section>\n\t\t\t\t<section class=\"elementor-section elementor-top-section elementor-element elementor-element-8a3ebe4 elementor-section-boxed elementor-section-height-default elementor-section-height-default\" data-id=\"8a3ebe4\" data-element_type=\"section\" data-e-type=\"section\">\n\t\t\t\t\t\t<div class=\"elementor-container elementor-column-gap-default\">\n\t\t\t\t\t<div class=\"elementor-column elementor-col-100 elementor-top-column elementor-element elementor-element-5cb156f\" data-id=\"5cb156f\" data-element_type=\"column\" data-e-type=\"column\">\n\t\t\t<div class=\"elementor-widget-wrap elementor-element-populated\">\n\t\t\t\t\t\t<div class=\"elementor-element elementor-element-9b8a589 elementor-tabs-view-horizontal elementor-widget elementor-widget-tabs\" data-id=\"9b8a589\" data-element_type=\"widget\" data-e-type=\"widget\" data-widget_type=\"tabs.default\">\n\t\t\t\t<div class=\"elementor-widget-container\">\n\t\t\t\t\t\t\t<div class=\"elementor-tabs\">\n\t\t\t<div class=\"elementor-tabs-wrapper\" role=\"tablist\" >\n\t\t\t\t\t\t\t\t\t<div id=\"elementor-tab-title-1631\" class=\"elementor-tab-title elementor-tab-desktop-title\" aria-selected=\"true\" data-tab=\"1\" role=\"tab\" tabindex=\"0\" aria-controls=\"elementor-tab-content-1631\" aria-expanded=\"false\">Einfache Bedienung<\/div>\n\t\t\t\t\t\t\t\t\t<div id=\"elementor-tab-title-1632\" class=\"elementor-tab-title elementor-tab-desktop-title\" aria-selected=\"false\" data-tab=\"2\" role=\"tab\" tabindex=\"-1\" aria-controls=\"elementor-tab-content-1632\" aria-expanded=\"false\">Besseres Biegen<\/div>\n\t\t\t\t\t\t\t\t\t<div id=\"elementor-tab-title-1633\" class=\"elementor-tab-title elementor-tab-desktop-title\" aria-selected=\"false\" data-tab=\"3\" role=\"tab\" tabindex=\"-1\" aria-controls=\"elementor-tab-content-1633\" aria-expanded=\"false\">Leistungsstarke<\/div>\n\t\t\t\t\t\t\t\t\t<div id=\"elementor-tab-title-1634\" class=\"elementor-tab-title elementor-tab-desktop-title\" aria-selected=\"false\" data-tab=\"4\" role=\"tab\" tabindex=\"-1\" aria-controls=\"elementor-tab-content-1634\" aria-expanded=\"false\">Kunden Vorteile<\/div>\n\t\t\t\t\t\t\t<\/div>\n\t\t\t<div class=\"elementor-tabs-content-wrapper\" role=\"tablist\" aria-orientation=\"vertical\">\n\t\t\t\t\t\t\t\t\t<div class=\"elementor-tab-title elementor-tab-mobile-title\" aria-selected=\"true\" data-tab=\"1\" role=\"tab\" tabindex=\"0\" aria-controls=\"elementor-tab-content-1631\" aria-expanded=\"false\">Einfache Bedienung<\/div>\n\t\t\t\t\t<div id=\"elementor-tab-content-1631\" class=\"elementor-tab-content elementor-clearfix\" data-tab=\"1\" role=\"tabpanel\" aria-labelledby=\"elementor-tab-title-1631\" tabindex=\"0\" hidden=\"false\"><ul>\n<li>Gro\u00dfer, lebendiger und kontrastreicher Voll-Touchscreen.<\/li>\n<li>Einfache Seiten, \u00fcbersichtliches Display, gro\u00dfe Tasten.<\/li>\n<li>Intuitive, benutzerfreundliche Schnittstelle.<\/li>\n<li>Vollst\u00e4ndige Programmierung f\u00fcr eine effiziente Massenproduktion mit mehreren Biegungen.<\/li>\n<li>Einfache Einzelbiegungen mit der EasyBend-Seite.<\/li>\n<li>Online-Hilfe und interaktive Warn-Pop-ups.<\/li>\n<li>Komfortable drahtlose Datensicherung und Softwareaktualisierung \u00fcber PC oder Notebook.<\/li>\n<li>Gro\u00dfe Auswahl an Sprachen verf\u00fcgbar.<\/li>\n<\/ul>\n<\/div>\n\t\t\t\t\t\t\t\t\t<div class=\"elementor-tab-title elementor-tab-mobile-title\" aria-selected=\"false\" data-tab=\"2\" role=\"tab\" tabindex=\"-1\" aria-controls=\"elementor-tab-content-1632\" aria-expanded=\"false\">Besseres Biegen<\/div>\n\t\t\t\t\t<div id=\"elementor-tab-content-1632\" class=\"elementor-tab-content elementor-clearfix\" data-tab=\"2\" role=\"tabpanel\" aria-labelledby=\"elementor-tab-title-1632\" tabindex=\"0\" hidden=\"hidden\"><ul>\n<li>Verschiedene automatische Berechnungen von Biegefunktionen.<\/li>\n<li>Biegefolgen und Programme k\u00f6nnen gespeichert werden.<\/li>\n<li>Management von Winkel, Druck und Bombierung.<\/li>\n<li>Einfache manuelle Bewegung.<\/li>\n<li>Offline 2D-Software verf\u00fcgbar.<\/li>\n<\/ul>\n<\/div>\n\t\t\t\t\t\t\t\t\t<div class=\"elementor-tab-title elementor-tab-mobile-title\" aria-selected=\"false\" data-tab=\"3\" role=\"tab\" tabindex=\"-1\" aria-controls=\"elementor-tab-content-1633\" aria-expanded=\"false\">Leistungsstarke<\/div>\n\t\t\t\t\t<div id=\"elementor-tab-content-1633\" class=\"elementor-tab-content elementor-clearfix\" data-tab=\"3\" role=\"tabpanel\" aria-labelledby=\"elementor-tab-title-1633\" tabindex=\"0\" hidden=\"hidden\"><ul>\n<li>Steuert 4 Achsen.<\/li>\n<li>Automatische Biegesequenzierung (Option).<\/li>\n<li>Berechnung der Biegezugabe.<\/li>\n<li>Druck &#8211; Bombierungsberechnung.<\/li>\n<li>Modulare Werkzeuge f\u00fcr jedes Teil oder jede Biegung.<\/li>\n<li>Korrektur von Winkeln und Hinteranschlag.<\/li>\n<li>Fernwartung \u00fcber drahtlose Verbindung mit PC oder Notebook.<\/li>\n<li>USB-Anschluss f\u00fcr Speicherstick zur Daten\u00fcbertragung\/-sicherung.<\/li>\n<li> <\/li>\n<\/ul>\n<\/div>\n\t\t\t\t\t\t\t\t\t<div class=\"elementor-tab-title elementor-tab-mobile-title\" aria-selected=\"false\" data-tab=\"4\" role=\"tab\" tabindex=\"-1\" aria-controls=\"elementor-tab-content-1634\" aria-expanded=\"false\">Kunden Vorteile<\/div>\n\t\t\t\t\t<div id=\"elementor-tab-content-1634\" class=\"elementor-tab-content elementor-clearfix\" data-tab=\"4\" role=\"tabpanel\" aria-labelledby=\"elementor-tab-title-1634\" tabindex=\"0\" hidden=\"hidden\"><ul>\n<li>Offen f\u00fcr jeden Bediener dank der einfachen und intuitiven Programmierung \u00fcber den Touchscreen<\/li>\n<li>Moderne und effiziente Programmierung von handgezeichneten Bauteilprofilen<\/li>\n<li>Sehr schnelle L\u00f6sung durch grafische 2D-Anzeige und automatische Biegefolge<\/li>\n<\/ul>\n<\/div>\n\t\t\t\t\t\t\t<\/div>\n\t\t<\/div>\n\t\t\t\t\t\t<\/div>\n\t\t\t\t<\/div>\n\t\t\t\t\t<\/div>\n\t\t<\/div>\n\t\t\t\t\t<\/div>\n\t\t<\/section>\n\t\t\t\t<\/div>\n\t\t","protected":false},"excerpt":{"rendered":"<p>CybTouch 12 PS ist speziell f\u00fcr synchronisierte Abkantpressen entwickelt worden. Als Teil der CybTouch-Reihe verf\u00fcgt es \u00fcber einen intuitiven und lebendigen Farb-Touchscreen und eine hohe Integration von Funktionen. Mit seiner interaktiven Touch-Software-Oberfl\u00e4che mit gro\u00dfen Tasten, seinem 2D-Grafikdisplay, der Online-Hilfe und vielen anderen automatischen Funktionen, die den Bediener st\u00e4ndig begleiten, CybTouch 12 ist sehr einfach zu [&hellip;]<\/p>\n","protected":false},"author":1,"featured_media":0,"parent":0,"menu_order":0,"comment_status":"closed","ping_status":"closed","template":"","meta":{"site-sidebar-layout":"no-sidebar","site-content-layout":"page-builder","ast-site-content-layout":"full-width-container","site-content-style":"default","site-sidebar-style":"default","ast-global-header-display":"","ast-banner-title-visibility":"","ast-main-header-display":"","ast-hfb-above-header-display":"","ast-hfb-below-header-display":"","ast-hfb-mobile-header-display":"","site-post-title":"disabled","ast-breadcrumbs-content":"","ast-featured-img":"disabled","footer-sml-layout":"","ast-disable-related-posts":"","theme-transparent-header-meta":"","adv-header-id-meta":"","stick-header-meta":"","header-above-stick-meta":"","header-main-stick-meta":"","header-below-stick-meta":"","astra-migrate-meta-layouts":"default","ast-page-background-enabled":"default","ast-page-background-meta":{"desktop":{"background-color":"","background-image":"","background-repeat":"repeat","background-position":"center center","background-size":"auto","background-attachment":"scroll","background-type":"","background-media":"","overlay-type":"","overlay-color":"","overlay-opacity":"","overlay-gradient":""},"tablet":{"background-color":"","background-image":"","background-repeat":"repeat","background-position":"center center","background-size":"auto","background-attachment":"scroll","background-type":"","background-media":"","overlay-type":"","overlay-color":"","overlay-opacity":"","overlay-gradient":""},"mobile":{"background-color":"","background-image":"","background-repeat":"repeat","background-position":"center center","background-size":"auto","background-attachment":"scroll","background-type":"","background-media":"","overlay-type":"","overlay-color":"","overlay-opacity":"","overlay-gradient":""}},"ast-content-background-meta":{"desktop":{"background-color":"var(--ast-global-color-5)","background-image":"","background-repeat":"repeat","background-position":"center center","background-size":"auto","background-attachment":"scroll","background-type":"","background-media":"","overlay-type":"","overlay-color":"","overlay-opacity":"","overlay-gradient":""},"tablet":{"background-color":"var(--ast-global-color-5)","background-image":"","background-repeat":"repeat","background-position":"center center","background-size":"auto","background-attachment":"scroll","background-type":"","background-media":"","overlay-type":"","overlay-color":"","overlay-opacity":"","overlay-gradient":""},"mobile":{"background-color":"var(--ast-global-color-5)","background-image":"","background-repeat":"repeat","background-position":"center center","background-size":"auto","background-attachment":"scroll","background-type":"","background-media":"","overlay-type":"","overlay-color":"","overlay-opacity":"","overlay-gradient":""}},"footnotes":""},"class_list":["post-23247","page","type-page","status-publish","hentry"],"aioseo_notices":[],"_links":{"self":[{"href":"https:\/\/cybelec.ch\/de\/wp-json\/wp\/v2\/pages\/23247","targetHints":{"allow":["GET"]}}],"collection":[{"href":"https:\/\/cybelec.ch\/de\/wp-json\/wp\/v2\/pages"}],"about":[{"href":"https:\/\/cybelec.ch\/de\/wp-json\/wp\/v2\/types\/page"}],"author":[{"embeddable":true,"href":"https:\/\/cybelec.ch\/de\/wp-json\/wp\/v2\/users\/1"}],"replies":[{"embeddable":true,"href":"https:\/\/cybelec.ch\/de\/wp-json\/wp\/v2\/comments?post=23247"}],"version-history":[{"count":6,"href":"https:\/\/cybelec.ch\/de\/wp-json\/wp\/v2\/pages\/23247\/revisions"}],"predecessor-version":[{"id":24784,"href":"https:\/\/cybelec.ch\/de\/wp-json\/wp\/v2\/pages\/23247\/revisions\/24784"}],"wp:attachment":[{"href":"https:\/\/cybelec.ch\/de\/wp-json\/wp\/v2\/media?parent=23247"}],"curies":[{"name":"wp","href":"https:\/\/api.w.org\/{rel}","templated":true}]}}