{"id":23269,"date":"2024-06-05T10:32:42","date_gmt":"2024-06-05T08:32:42","guid":{"rendered":"https:\/\/cybelec.ch\/modeva-pac\/"},"modified":"2024-06-05T11:14:08","modified_gmt":"2024-06-05T09:14:08","slug":"modeva-pac","status":"publish","type":"page","link":"https:\/\/cybelec.ch\/de\/modeva-pac\/","title":{"rendered":"ModEva Pac"},"content":{"rendered":"\t\t<div data-elementor-type=\"wp-page\" data-elementor-id=\"23269\" class=\"elementor elementor-23269 elementor-23058\" data-elementor-post-type=\"page\">\n\t\t\t\t\t\t<section class=\"elementor-section elementor-top-section elementor-element elementor-element-b157f57 elementor-reverse-mobile elementor-section-boxed elementor-section-height-default elementor-section-height-default\" data-id=\"b157f57\" data-element_type=\"section\" data-e-type=\"section\">\n\t\t\t\t\t\t<div class=\"elementor-container elementor-column-gap-no\">\n\t\t\t\t\t<div class=\"elementor-column elementor-col-50 elementor-top-column elementor-element elementor-element-633f206\" data-id=\"633f206\" data-element_type=\"column\" data-e-type=\"column\">\n\t\t\t<div class=\"elementor-widget-wrap elementor-element-populated\">\n\t\t\t\t\t\t<div class=\"elementor-element elementor-element-4330827 elementor-widget elementor-widget-gallery\" data-id=\"4330827\" data-element_type=\"widget\" data-e-type=\"widget\" data-settings=\"{&quot;columns&quot;:2,&quot;aspect_ratio&quot;:&quot;1:1&quot;,&quot;columns_mobile&quot;:2,&quot;lazyload&quot;:&quot;yes&quot;,&quot;gallery_layout&quot;:&quot;grid&quot;,&quot;columns_tablet&quot;:2,&quot;gap&quot;:{&quot;unit&quot;:&quot;px&quot;,&quot;size&quot;:10,&quot;sizes&quot;:[]},&quot;gap_tablet&quot;:{&quot;unit&quot;:&quot;px&quot;,&quot;size&quot;:10,&quot;sizes&quot;:[]},&quot;gap_mobile&quot;:{&quot;unit&quot;:&quot;px&quot;,&quot;size&quot;:10,&quot;sizes&quot;:[]},&quot;link_to&quot;:&quot;file&quot;,&quot;content_hover_animation&quot;:&quot;fade-in&quot;}\" data-widget_type=\"gallery.default\">\n\t\t\t\t<div class=\"elementor-widget-container\">\n\t\t\t\t\t\t\t<div class=\"elementor-gallery__container\">\n\t\t\t\t\t\t\t<a class=\"e-gallery-item elementor-gallery-item elementor-animated-content\" href=\"https:\/\/cybelec.ch\/wp-content\/uploads\/2020\/12\/Eva.jpg\" data-elementor-open-lightbox=\"yes\" data-elementor-lightbox-slideshow=\"4330827\" data-e-action-hash=\"#elementor-action%3Aaction%3Dlightbox%26settings%3DeyJpZCI6MTI5NDEsInVybCI6Imh0dHBzOlwvXC9jeWJlbGVjLmNoXC93cC1jb250ZW50XC91cGxvYWRzXC8yMDIwXC8xMlwvRXZhLmpwZyIsInNsaWRlc2hvdyI6IjQzMzA4MjcifQ%3D%3D\">\n\t\t\t\t\t<div class=\"e-gallery-image elementor-gallery-item__image\" data-thumbnail=\"https:\/\/cybelec.ch\/wp-content\/uploads\/2020\/12\/Eva.jpg\" data-width=\"1000\" data-height=\"1000\" aria-label=\"\" role=\"img\" ><\/div>\n\t\t\t\t\t\t\t\t\t\t\t\t\t\t<\/a>\n\t\t\t\t\t\t\t<a class=\"e-gallery-item elementor-gallery-item elementor-animated-content\" href=\"https:\/\/cybelec.ch\/wp-content\/uploads\/2020\/12\/ModEvaPac_2.png\" data-elementor-open-lightbox=\"yes\" data-elementor-lightbox-slideshow=\"4330827\" data-e-action-hash=\"#elementor-action%3Aaction%3Dlightbox%26settings%3DeyJpZCI6MTE1NDAsInVybCI6Imh0dHBzOlwvXC9jeWJlbGVjLmNoXC93cC1jb250ZW50XC91cGxvYWRzXC8yMDIwXC8xMlwvTW9kRXZhUGFjXzIucG5nIiwic2xpZGVzaG93IjoiNDMzMDgyNyJ9\">\n\t\t\t\t\t<div class=\"e-gallery-image elementor-gallery-item__image\" data-thumbnail=\"https:\/\/cybelec.ch\/wp-content\/uploads\/2020\/12\/ModEvaPac_2.png\" data-width=\"1160\" data-height=\"1000\" aria-label=\"\" role=\"img\" ><\/div>\n\t\t\t\t\t\t\t\t\t\t\t\t\t\t<\/a>\n\t\t\t\t\t\t\t<a class=\"e-gallery-item elementor-gallery-item elementor-animated-content\" href=\"https:\/\/cybelec.ch\/wp-content\/uploads\/2020\/12\/ModEvaPac_1.png\" data-elementor-open-lightbox=\"yes\" data-elementor-lightbox-slideshow=\"4330827\" data-e-action-hash=\"#elementor-action%3Aaction%3Dlightbox%26settings%3DeyJpZCI6MTE1MzksInVybCI6Imh0dHBzOlwvXC9jeWJlbGVjLmNoXC93cC1jb250ZW50XC91cGxvYWRzXC8yMDIwXC8xMlwvTW9kRXZhUGFjXzEucG5nIiwic2xpZGVzaG93IjoiNDMzMDgyNyJ9\">\n\t\t\t\t\t<div class=\"e-gallery-image elementor-gallery-item__image\" data-thumbnail=\"https:\/\/cybelec.ch\/wp-content\/uploads\/2020\/12\/ModEvaPac_1.png\" data-width=\"937\" data-height=\"1000\" aria-label=\"\" role=\"img\" ><\/div>\n\t\t\t\t\t\t\t\t\t\t\t\t\t\t<\/a>\n\t\t\t\t\t<\/div>\n\t\t\t\t\t<\/div>\n\t\t\t\t<\/div>\n\t\t\t\t\t<\/div>\n\t\t<\/div>\n\t\t\t\t<div class=\"elementor-column elementor-col-50 elementor-top-column elementor-element elementor-element-ca58426\" data-id=\"ca58426\" data-element_type=\"column\" data-e-type=\"column\">\n\t\t\t<div class=\"elementor-widget-wrap elementor-element-populated\">\n\t\t\t\t\t\t<div class=\"elementor-element elementor-element-d5b499b elementor-widget elementor-widget-heading\" data-id=\"d5b499b\" data-element_type=\"widget\" data-e-type=\"widget\" data-widget_type=\"heading.default\">\n\t\t\t\t<div class=\"elementor-widget-container\">\n\t\t\t\t\t<h2 class=\"elementor-heading-title elementor-size-default\">ModEva Pac ist f\u00fcr die Steuerung aller Arten von Abkantpressen konzipiert<\/h2>\t\t\t\t<\/div>\n\t\t\t\t<\/div>\n\t\t\t\t<div class=\"elementor-element elementor-element-4eb91ab elementor-widget elementor-widget-text-editor\" data-id=\"4eb91ab\" data-element_type=\"widget\" data-e-type=\"widget\" data-widget_type=\"text-editor.default\">\n\t\t\t\t<div class=\"elementor-widget-container\">\n\t\t\t\t\t\t\t\t\t<p>von den synchronisierten Modellen (Aufw\u00e4rts- oder Abw\u00e4rtsbewegung) bis zu den mechanischen\/hydraulischen Anschl\u00e4gen. ModEva Pac kann 4 oder 7 Achsen steuern.<br \/>Mit der neuen und verbesserten Ergonomie des Touchscreens bietet die ModEva Pac Software dem Bediener mehr Leistung und Effizienz bei der Steuerung seiner Maschine, w\u00e4hrend sie gleichzeitig ein Gef\u00fchl von Leichtigkeit und Komfort vermittelt. Die TouchProfile-Funktion ist jetzt in die Software integriert und erm\u00f6glicht es dem Bediener, ein Teil direkt mit der Fingerspitze auf dem gro\u00dfen 15-Zoll-Touchscreen zu zeichnen.<br \/>Die Grundfunktionen sind \u00fcber 5 themenorientierte Tasten zug\u00e4nglich, die Zugang zu klar und logisch aufgebauten Men\u00fcseiten bieten. Die Biegel\u00f6sungen werden grafisch in 2D dargestellt und zeigen m\u00f6gliche Kollisionen mit den Werkzeugen oder dem Maschinenrahmen nach vom Bediener definierten Kriterien an, wie z.B. minimale L\u00e4nge gegen den Bediener, minimaler R\u00fccklauf, maximale Genauigkeit zwischen zwei definierten Fl\u00e4chen und minimale Manipulation des Bedieners. Das System zeigt auch die Position des Blechs zwischen den Werkzeugen an.<br \/>Die Software erm\u00f6glicht es den Maschinenherstellern, Achsen, Ein- und Ausg\u00e4nge sowie Hilfsfunktionen nach ihren Bed\u00fcrfnissen zu konfigurieren. Es kann auch das hydraulische oder mechanische Bombiersystem, Druckproportionalventile, Biegehilfen verwalten, die Biegezugabe berechnen und schl\u00e4gt eine einfache Seite vor, um ein Teil in wenigen Sekunden zu programmieren.<br \/>ModEva Pac ist voll kompatibel mit unserer DNC 15, DNC 880S und 880 oder DNC 80 und ist somit eine ideale Steuerung f\u00fcr die Nachr\u00fcstung alter Maschinen.<br \/>ModEva Pac ist in ein schlankes und modernes Geh\u00e4use integriert oder kann optional auch als robustes Panel geliefert werden.<\/p>\n\t\t\t\t\t\t\t\t<\/div>\n\t\t\t\t<\/div>\n\t\t\t\t<div class=\"elementor-element elementor-element-78f31dc elementor-widget elementor-widget-heading\" data-id=\"78f31dc\" data-element_type=\"widget\" data-e-type=\"widget\" data-widget_type=\"heading.default\">\n\t\t\t\t<div class=\"elementor-widget-container\">\n\t\t\t\t\t<h2 class=\"elementor-heading-title elementor-size-default\">Geb\u00fcndelte Offline-Software<\/h2>\t\t\t\t<\/div>\n\t\t\t\t<\/div>\n\t\t\t\t<div class=\"elementor-element elementor-element-5e9c0cd elementor-widget elementor-widget-text-editor\" data-id=\"5e9c0cd\" data-element_type=\"widget\" data-e-type=\"widget\" data-widget_type=\"text-editor.default\">\n\t\t\t\t<div class=\"elementor-widget-container\">\n\t\t\t\t\t\t\t\t\t<p><span lang=\"en-US\">Alle ModEva Pac <\/span><span lang=\"en-US\">werden mit <\/span><a class=\"hovered\" href=\"https:\/\/cybelec.ch\/index.php?option=com_content&amp;view=article&amp;id=243:pc-modeva&amp;catid=45:off-line-software&amp;Itemid=220\"><br \/>\n  <span lang=\"en-US\"><span style=\"color: #e41e13;\">PC-ModEva<\/span> <\/span><br \/>\n<\/a><span lang=\"en-US\">offline Software.<br \/><\/span>Mit diesem Programm k\u00f6nnen Sie Ihre Programme vorbereiten, Angebote kalkulieren und die Machbarkeit von Teilen in Ihrem B\u00fcro am PC \u00fcberpr\u00fcfen. Es wird keine Zeit mit der Maschine verschwendet.<\/p>\n\t\t\t\t\t\t\t\t<\/div>\n\t\t\t\t<\/div>\n\t\t\t\t<section class=\"elementor-section elementor-inner-section elementor-element elementor-element-dd248df elementor-section-boxed elementor-section-height-default elementor-section-height-default\" data-id=\"dd248df\" data-element_type=\"section\" data-e-type=\"section\">\n\t\t\t\t\t\t<div class=\"elementor-container elementor-column-gap-default\">\n\t\t\t\t\t<div class=\"elementor-column elementor-col-33 elementor-inner-column elementor-element elementor-element-16c5fd2\" data-id=\"16c5fd2\" data-element_type=\"column\" data-e-type=\"column\">\n\t\t\t<div class=\"elementor-widget-wrap elementor-element-populated\">\n\t\t\t\t\t\t<div class=\"elementor-element elementor-element-b43052f elementor-align-justify elementor-widget elementor-widget-button\" data-id=\"b43052f\" data-element_type=\"widget\" data-e-type=\"widget\" data-widget_type=\"button.default\">\n\t\t\t\t<div class=\"elementor-widget-container\">\n\t\t\t\t\t\t\t\t\t<div class=\"elementor-button-wrapper\">\n\t\t\t\t\t<a class=\"elementor-button elementor-button-link elementor-size-sm\" href=\"https:\/\/cybelec.ch\/wp-content\/uploads\/2020\/12\/Flyer_ModEvaPac_EN_V1.2.pdf\" target=\"_blank\">\n\t\t\t\t\t\t<span class=\"elementor-button-content-wrapper\">\n\t\t\t\t\t\t\t\t\t<span class=\"elementor-button-text\">Download des Flyers<\/span>\n\t\t\t\t\t<\/span>\n\t\t\t\t\t<\/a>\n\t\t\t\t<\/div>\n\t\t\t\t\t\t\t\t<\/div>\n\t\t\t\t<\/div>\n\t\t\t\t\t<\/div>\n\t\t<\/div>\n\t\t\t\t<div class=\"elementor-column elementor-col-33 elementor-inner-column elementor-element elementor-element-81202e4\" data-id=\"81202e4\" data-element_type=\"column\" data-e-type=\"column\">\n\t\t\t<div class=\"elementor-widget-wrap elementor-element-populated\">\n\t\t\t\t\t\t<div class=\"elementor-element elementor-element-5eec70d elementor-align-justify elementor-widget elementor-widget-button\" data-id=\"5eec70d\" data-element_type=\"widget\" data-e-type=\"widget\" data-widget_type=\"button.default\">\n\t\t\t\t<div class=\"elementor-widget-container\">\n\t\t\t\t\t\t\t\t\t<div class=\"elementor-button-wrapper\">\n\t\t\t\t\t<a class=\"elementor-button elementor-button-link elementor-size-sm\" href=\"https:\/\/cybelec.ch\/wp-content\/uploads\/2020\/12\/Datasheet_ModEvaPac_EN_V2.3.pdf\" target=\"_blank\">\n\t\t\t\t\t\t<span class=\"elementor-button-content-wrapper\">\n\t\t\t\t\t\t\t\t\t<span class=\"elementor-button-text\">Datenblatt herunterladen<\/span>\n\t\t\t\t\t<\/span>\n\t\t\t\t\t<\/a>\n\t\t\t\t<\/div>\n\t\t\t\t\t\t\t\t<\/div>\n\t\t\t\t<\/div>\n\t\t\t\t\t<\/div>\n\t\t<\/div>\n\t\t\t\t<div class=\"elementor-column elementor-col-33 elementor-inner-column elementor-element elementor-element-5d0aa10\" data-id=\"5d0aa10\" data-element_type=\"column\" data-e-type=\"column\">\n\t\t\t<div class=\"elementor-widget-wrap\">\n\t\t\t\t\t\t\t<\/div>\n\t\t<\/div>\n\t\t\t\t\t<\/div>\n\t\t<\/section>\n\t\t\t\t\t<\/div>\n\t\t<\/div>\n\t\t\t\t\t<\/div>\n\t\t<\/section>\n\t\t\t\t<section class=\"elementor-section elementor-top-section elementor-element elementor-element-6eed054 elementor-section-boxed elementor-section-height-default elementor-section-height-default\" data-id=\"6eed054\" data-element_type=\"section\" data-e-type=\"section\">\n\t\t\t\t\t\t<div class=\"elementor-container elementor-column-gap-default\">\n\t\t\t\t\t<div class=\"elementor-column elementor-col-100 elementor-top-column elementor-element elementor-element-3ec4178\" data-id=\"3ec4178\" data-element_type=\"column\" data-e-type=\"column\">\n\t\t\t<div class=\"elementor-widget-wrap elementor-element-populated\">\n\t\t\t\t\t\t<div class=\"elementor-element elementor-element-7612a04 elementor-tabs-view-horizontal elementor-widget elementor-widget-tabs\" data-id=\"7612a04\" data-element_type=\"widget\" data-e-type=\"widget\" data-widget_type=\"tabs.default\">\n\t\t\t\t<div class=\"elementor-widget-container\">\n\t\t\t\t\t\t\t<div class=\"elementor-tabs\">\n\t\t\t<div class=\"elementor-tabs-wrapper\" role=\"tablist\" >\n\t\t\t\t\t\t\t\t\t<div id=\"elementor-tab-title-1231\" class=\"elementor-tab-title elementor-tab-desktop-title\" aria-selected=\"true\" data-tab=\"1\" role=\"tab\" tabindex=\"0\" aria-controls=\"elementor-tab-content-1231\" aria-expanded=\"false\">Kundenvorteile<\/div>\n\t\t\t\t\t\t\t\t\t<div id=\"elementor-tab-title-1232\" class=\"elementor-tab-title elementor-tab-desktop-title\" aria-selected=\"false\" data-tab=\"2\" role=\"tab\" tabindex=\"-1\" aria-controls=\"elementor-tab-content-1232\" aria-expanded=\"false\">Einfache Bedienung<\/div>\n\t\t\t\t\t\t\t\t\t<div id=\"elementor-tab-title-1233\" class=\"elementor-tab-title elementor-tab-desktop-title\" aria-selected=\"false\" data-tab=\"3\" role=\"tab\" tabindex=\"-1\" aria-controls=\"elementor-tab-content-1233\" aria-expanded=\"false\">Besseres Biegen<\/div>\n\t\t\t\t\t\t\t\t\t<div id=\"elementor-tab-title-1234\" class=\"elementor-tab-title elementor-tab-desktop-title\" aria-selected=\"false\" data-tab=\"4\" role=\"tab\" tabindex=\"-1\" aria-controls=\"elementor-tab-content-1234\" aria-expanded=\"false\">Leistungsstarke<\/div>\n\t\t\t\t\t\t\t<\/div>\n\t\t\t<div class=\"elementor-tabs-content-wrapper\" role=\"tablist\" aria-orientation=\"vertical\">\n\t\t\t\t\t\t\t\t\t<div class=\"elementor-tab-title elementor-tab-mobile-title\" aria-selected=\"true\" data-tab=\"1\" role=\"tab\" tabindex=\"0\" aria-controls=\"elementor-tab-content-1231\" aria-expanded=\"false\">Kundenvorteile<\/div>\n\t\t\t\t\t<div id=\"elementor-tab-content-1231\" class=\"elementor-tab-content elementor-clearfix\" data-tab=\"1\" role=\"tabpanel\" aria-labelledby=\"elementor-tab-title-1231\" tabindex=\"0\" hidden=\"false\"><ul>\n<li class=\"trueicon\">Gro\u00dfes 15&#8243;-Farbdisplay<\/li>\n<li class=\"trueicon\">Intuitive Touchscreen-Benutzeroberfl\u00e4che<\/li>\n<li class=\"trueicon\">Alle Anwendungen von Abkantpressen<\/li>\n<\/ul>\n<\/div>\n\t\t\t\t\t\t\t\t\t<div class=\"elementor-tab-title elementor-tab-mobile-title\" aria-selected=\"false\" data-tab=\"2\" role=\"tab\" tabindex=\"-1\" aria-controls=\"elementor-tab-content-1232\" aria-expanded=\"false\">Einfache Bedienung<\/div>\n\t\t\t\t\t<div id=\"elementor-tab-content-1232\" class=\"elementor-tab-content elementor-clearfix\" data-tab=\"2\" role=\"tabpanel\" aria-labelledby=\"elementor-tab-title-1232\" tabindex=\"0\" hidden=\"hidden\"><ul>\n<li>Handzeichnen von 2D-Teilen mit der TouchProfile-Funktion.<\/li>\n<li>Intuitive und interaktive Programmierung.<\/li>\n<li>Klare und sichtbare Feldfunktionen in Verbindung mit Farbcodes.<\/li>\n<li>Vollst\u00e4ndige Programmierung der Teile auf einer einzigen Seite.<\/li>\n<li>Schnelles Einrichten der Maschine dank direktem Zugriff auf die Parameter.<\/li>\n<li>Schr\u00e4ges ergonomisches Design f\u00fcr schnelle Dateneingabe.<\/li>\n<li>Tastatur mit gro\u00dfen Tasten.<\/li>\n<li>Die wichtigsten Maschinenbefehle (Drucktasten, Schalter) befinden sich idealerweise unter der Tastatur.<\/li>\n<\/ul>\n<\/div>\n\t\t\t\t\t\t\t\t\t<div class=\"elementor-tab-title elementor-tab-mobile-title\" aria-selected=\"false\" data-tab=\"3\" role=\"tab\" tabindex=\"-1\" aria-controls=\"elementor-tab-content-1233\" aria-expanded=\"false\">Besseres Biegen<\/div>\n\t\t\t\t\t<div id=\"elementor-tab-content-1233\" class=\"elementor-tab-content elementor-clearfix\" data-tab=\"3\" role=\"tabpanel\" aria-labelledby=\"elementor-tab-title-1233\" tabindex=\"0\" hidden=\"hidden\"><ul>\n<li>Wird mit der PC-ModEva Offline-Software geliefert, die die Programmierung der Teile auf einem Desktop-Computer erm\u00f6glicht.<\/li>\n<li>H\u00f6here Produktivit\u00e4t durch einfache und schnelle \u00c4nderungen an bestehenden Produkten.<\/li>\n<li>Umfangreiche Maschinenparameter erm\u00f6glichen eine sehr feine Abstimmung der Maschine.<\/li>\n<li>Fehler- und Warnmeldungen, die auf dem Konsolenbildschirm angezeigt werden.<\/li>\n<li> <\/li>\n<\/ul>\n<\/div>\n\t\t\t\t\t\t\t\t\t<div class=\"elementor-tab-title elementor-tab-mobile-title\" aria-selected=\"false\" data-tab=\"4\" role=\"tab\" tabindex=\"-1\" aria-controls=\"elementor-tab-content-1234\" aria-expanded=\"false\">Leistungsstarke<\/div>\n\t\t\t\t\t<div id=\"elementor-tab-content-1234\" class=\"elementor-tab-content elementor-clearfix\" data-tab=\"4\" role=\"tabpanel\" aria-labelledby=\"elementor-tab-title-1234\" tabindex=\"0\" hidden=\"hidden\"><ul>\n<li>Grafische 2D-Anzeige mit Multisimulationsf\u00e4higkeit.<\/li>\n<li>Windows XPe f\u00fcr Multitasking und Dateiverwaltung.<\/li>\n<li>EG-Sicherheitszyklusmanagement.<\/li>\n<li>Einfache Kommunikation.<\/li>\n<li>Windows-Vernetzung \u00fcber Ethernet (RJ45).<\/li>\n<li>Anschluss an externe Ger\u00e4te \u00fcber USB-Port f\u00fcr Software-Updates und Datensicherung.<\/li>\n<li>Fernwartung.<\/li>\n<li>Eine fast unbegrenzte Anzahl von Programmen und eine sehr hohe Anzahl von Sequenzen.<\/li>\n<li>\u00dcber 20 Sprachen verf\u00fcgbar.<\/li>\n<li>Bequemes Nachr\u00fcsten dank der R\u00fcckw\u00e4rtskompatibilit\u00e4t mit fr\u00fcheren Generationen von Kompakt-CNCs.<\/li>\n<\/ul>\n<\/div>\n\t\t\t\t\t\t\t<\/div>\n\t\t<\/div>\n\t\t\t\t\t\t<\/div>\n\t\t\t\t<\/div>\n\t\t\t\t\t<\/div>\n\t\t<\/div>\n\t\t\t\t\t<\/div>\n\t\t<\/section>\n\t\t\t\t<\/div>\n\t\t","protected":false},"excerpt":{"rendered":"<p>ModEva Pac ist f\u00fcr die Steuerung aller Arten von Abkantpressen konzipiert von den synchronisierten Modellen (Aufw\u00e4rts- oder Abw\u00e4rtsbewegung) bis zu den mechanischen\/hydraulischen Anschl\u00e4gen. ModEva Pac kann 4 oder 7 Achsen steuern.Mit der neuen und verbesserten Ergonomie des Touchscreens bietet die ModEva Pac Software dem Bediener mehr Leistung und Effizienz bei der Steuerung seiner Maschine, w\u00e4hrend [&hellip;]<\/p>\n","protected":false},"author":1,"featured_media":0,"parent":0,"menu_order":0,"comment_status":"closed","ping_status":"closed","template":"","meta":{"site-sidebar-layout":"no-sidebar","site-content-layout":"page-builder","ast-site-content-layout":"full-width-container","site-content-style":"default","site-sidebar-style":"default","ast-global-header-display":"","ast-banner-title-visibility":"","ast-main-header-display":"","ast-hfb-above-header-display":"","ast-hfb-below-header-display":"","ast-hfb-mobile-header-display":"","site-post-title":"disabled","ast-breadcrumbs-content":"","ast-featured-img":"disabled","footer-sml-layout":"","ast-disable-related-posts":"","theme-transparent-header-meta":"","adv-header-id-meta":"","stick-header-meta":"","header-above-stick-meta":"","header-main-stick-meta":"","header-below-stick-meta":"","astra-migrate-meta-layouts":"default","ast-page-background-enabled":"default","ast-page-background-meta":{"desktop":{"background-color":"","background-image":"","background-repeat":"repeat","background-position":"center center","background-size":"auto","background-attachment":"scroll","background-type":"","background-media":"","overlay-type":"","overlay-color":"","overlay-opacity":"","overlay-gradient":""},"tablet":{"background-color":"","background-image":"","background-repeat":"repeat","background-position":"center center","background-size":"auto","background-attachment":"scroll","background-type":"","background-media":"","overlay-type":"","overlay-color":"","overlay-opacity":"","overlay-gradient":""},"mobile":{"background-color":"","background-image":"","background-repeat":"repeat","background-position":"center center","background-size":"auto","background-attachment":"scroll","background-type":"","background-media":"","overlay-type":"","overlay-color":"","overlay-opacity":"","overlay-gradient":""}},"ast-content-background-meta":{"desktop":{"background-color":"var(--ast-global-color-5)","background-image":"","background-repeat":"repeat","background-position":"center center","background-size":"auto","background-attachment":"scroll","background-type":"","background-media":"","overlay-type":"","overlay-color":"","overlay-opacity":"","overlay-gradient":""},"tablet":{"background-color":"var(--ast-global-color-5)","background-image":"","background-repeat":"repeat","background-position":"center center","background-size":"auto","background-attachment":"scroll","background-type":"","background-media":"","overlay-type":"","overlay-color":"","overlay-opacity":"","overlay-gradient":""},"mobile":{"background-color":"var(--ast-global-color-5)","background-image":"","background-repeat":"repeat","background-position":"center center","background-size":"auto","background-attachment":"scroll","background-type":"","background-media":"","overlay-type":"","overlay-color":"","overlay-opacity":"","overlay-gradient":""}},"footnotes":""},"class_list":["post-23269","page","type-page","status-publish","hentry"],"aioseo_notices":[],"_links":{"self":[{"href":"https:\/\/cybelec.ch\/de\/wp-json\/wp\/v2\/pages\/23269","targetHints":{"allow":["GET"]}}],"collection":[{"href":"https:\/\/cybelec.ch\/de\/wp-json\/wp\/v2\/pages"}],"about":[{"href":"https:\/\/cybelec.ch\/de\/wp-json\/wp\/v2\/types\/page"}],"author":[{"embeddable":true,"href":"https:\/\/cybelec.ch\/de\/wp-json\/wp\/v2\/users\/1"}],"replies":[{"embeddable":true,"href":"https:\/\/cybelec.ch\/de\/wp-json\/wp\/v2\/comments?post=23269"}],"version-history":[{"count":0,"href":"https:\/\/cybelec.ch\/de\/wp-json\/wp\/v2\/pages\/23269\/revisions"}],"wp:attachment":[{"href":"https:\/\/cybelec.ch\/de\/wp-json\/wp\/v2\/media?parent=23269"}],"curies":[{"name":"wp","href":"https:\/\/api.w.org\/{rel}","templated":true}]}}