{"id":23281,"date":"2024-06-05T09:23:30","date_gmt":"2024-06-05T07:23:30","guid":{"rendered":"https:\/\/cybelec.ch\/weitere-loesungen\/"},"modified":"2024-06-12T10:06:06","modified_gmt":"2024-06-12T08:06:06","slug":"weitere-loesungen","status":"publish","type":"page","link":"https:\/\/cybelec.ch\/de\/weitere-loesungen\/","title":{"rendered":"Weitere L\u00f6sungen"},"content":{"rendered":"\t\t<div data-elementor-type=\"wp-page\" data-elementor-id=\"23281\" class=\"elementor elementor-23281 elementor-22935\" data-elementor-post-type=\"page\">\n\t\t\t\t\t\t<section class=\"elementor-section elementor-top-section elementor-element elementor-element-330e41e elementor-reverse-mobile elementor-section-boxed elementor-section-height-default elementor-section-height-default\" data-id=\"330e41e\" data-element_type=\"section\" data-e-type=\"section\">\n\t\t\t\t\t\t<div class=\"elementor-container elementor-column-gap-no\">\n\t\t\t\t\t<div class=\"elementor-column elementor-col-50 elementor-top-column elementor-element elementor-element-b8e041f\" data-id=\"b8e041f\" data-element_type=\"column\" data-e-type=\"column\">\n\t\t\t<div class=\"elementor-widget-wrap elementor-element-populated\">\n\t\t\t\t\t\t<div class=\"elementor-element elementor-element-6739271 elementor-widget elementor-widget-gallery\" data-id=\"6739271\" data-element_type=\"widget\" data-e-type=\"widget\" data-settings=\"{&quot;columns&quot;:1,&quot;aspect_ratio&quot;:&quot;1:1&quot;,&quot;columns_mobile&quot;:2,&quot;lazyload&quot;:&quot;yes&quot;,&quot;gallery_layout&quot;:&quot;grid&quot;,&quot;columns_tablet&quot;:2,&quot;gap&quot;:{&quot;unit&quot;:&quot;px&quot;,&quot;size&quot;:10,&quot;sizes&quot;:[]},&quot;gap_tablet&quot;:{&quot;unit&quot;:&quot;px&quot;,&quot;size&quot;:10,&quot;sizes&quot;:[]},&quot;gap_mobile&quot;:{&quot;unit&quot;:&quot;px&quot;,&quot;size&quot;:10,&quot;sizes&quot;:[]},&quot;link_to&quot;:&quot;file&quot;,&quot;content_hover_animation&quot;:&quot;fade-in&quot;}\" data-widget_type=\"gallery.default\">\n\t\t\t\t<div class=\"elementor-widget-container\">\n\t\t\t\t\t\t\t<div class=\"elementor-gallery__container\">\n\t\t\t\t\t\t\t<a class=\"e-gallery-item elementor-gallery-item elementor-animated-content\" href=\"https:\/\/cybelec.ch\/wp-content\/uploads\/2024\/02\/Infranor-Product-Lines.png\" data-elementor-open-lightbox=\"yes\" data-elementor-lightbox-slideshow=\"6739271\" data-e-action-hash=\"#elementor-action%3Aaction%3Dlightbox%26settings%3DeyJpZCI6MjA5NzEsInVybCI6Imh0dHBzOlwvXC9jeWJlbGVjLmNoXC93cC1jb250ZW50XC91cGxvYWRzXC8yMDI0XC8wMlwvSW5mcmFub3ItUHJvZHVjdC1MaW5lcy5wbmciLCJzbGlkZXNob3ciOiI2NzM5MjcxIn0%3D\">\n\t\t\t\t\t<div class=\"e-gallery-image elementor-gallery-item__image\" data-thumbnail=\"https:\/\/cybelec.ch\/wp-content\/uploads\/2024\/02\/Infranor-Product-Lines.png\" data-width=\"319\" data-height=\"280\" aria-label=\"\" role=\"img\" ><\/div>\n\t\t\t\t\t\t\t\t\t\t\t\t\t\t<\/a>\n\t\t\t\t\t<\/div>\n\t\t\t\t\t<\/div>\n\t\t\t\t<\/div>\n\t\t\t\t\t<\/div>\n\t\t<\/div>\n\t\t\t\t<div class=\"elementor-column elementor-col-50 elementor-top-column elementor-element elementor-element-61fcea8\" data-id=\"61fcea8\" data-element_type=\"column\" data-e-type=\"column\">\n\t\t\t<div class=\"elementor-widget-wrap elementor-element-populated\">\n\t\t\t\t\t\t<div class=\"elementor-element elementor-element-064f370 elementor-widget elementor-widget-heading\" data-id=\"064f370\" data-element_type=\"widget\" data-e-type=\"widget\" data-widget_type=\"heading.default\">\n\t\t\t\t<div class=\"elementor-widget-container\">\n\t\t\t\t\t<h2 class=\"elementor-heading-title elementor-size-default\">Other Solutions pr\u00e4sentiert hochmoderne L\u00f6sungen f\u00fcr Pr\u00e4zision und Effizienz in der Werkzeugmaschinenfertigung:<\/h2>\t\t\t\t<\/div>\n\t\t\t\t<\/div>\n\t\t\t\t<div class=\"elementor-element elementor-element-3cf9e5b elementor-widget elementor-widget-text-editor\" data-id=\"3cf9e5b\" data-element_type=\"widget\" data-e-type=\"widget\" data-widget_type=\"text-editor.default\">\n\t\t\t\t<div class=\"elementor-widget-container\">\n\t\t\t\t\t\t\t\t\t<p style=\"font-size: 15px; font-style: normal; font-weight: 400; color: #3a3a3a;\"><span lang=\"EN-US\" style=\"font-size: 15px; font-family: 'Segoe UI', sans-serif; color: #374151; background-image: initial; background-position: initial; background-size: initial; background-repeat: initial; background-attachment: initial; background-origin: initial; background-clip: initial;\">Cybelec ist ein renommierter Anbieter von numerischen Steuerungsl\u00f6sungen f\u00fcr Werkzeugmaschinen, Abkantpressen und Automationssysteme. CNC-Steuerungen f\u00fcr Werkzeugmaschinen: wpml_nbspPr\u00e4zise Steuerung von Bearbeitungsvorg\u00e4ngen f\u00fcr h\u00f6here Genauigkeit und Produktivit\u00e4t. <\/span><\/p>\n<p style=\"font-size: 15px; font-style: normal; font-weight: 400; color: #3a3a3a;\"><span lang=\"EN-US\" style=\"font-size: 15px; font-family: 'Segoe UI', sans-serif; color: #374151; background-image: initial; background-position: initial; background-size: initial; background-repeat: initial; background-attachment: initial; background-origin: initial; background-clip: initial;\">Infranor ist spezialisiert auf Servoantriebssysteme und Motion-Control-L\u00f6sungen f\u00fcr industrielle Automatisierungsanwendungen. <\/span><span style=\"font-size: 15px; color: #374151; font-family: 'Segoe UI', sans-serif; text-indent: -18pt;\">Servoantriebe: Pr\u00e4zise Steuerung von Motordrehzahl und -position f\u00fcr eine nahtlose Bewegungssteuerung. S<\/span><span style=\"font-size: 15px; color: #374151; font-family: 'Segoe UI', sans-serif; text-indent: -18pt;\">ervo-Motoren: Bieten zuverl\u00e4ssige und leistungsstarke L\u00f6sungen f\u00fcr verschiedene Bewegungsanwendungen <\/span><span style=\"font-size: 15px; color: #374151; font-family: 'Segoe UI', sans-serif; text-indent: -18pt;\">Alle anderen Produkte: Harmonische Untersetzungsgetriebe, Robotergelenke und Spannsysteme, Spindeln und Drehtische. <\/span> <\/p>\n<p style=\"font-size: 15px; font-style: normal; font-weight: 400; color: #3a3a3a;\"><span lang=\"EN-US\" style=\"font-size: 15px; font-family: 'Segoe UI', sans-serif; color: #374151; background-image: initial; background-position: initial; background-size: initial; background-repeat: initial; background-attachment: initial; background-origin: initial; background-clip: initial;\">Die Integration der CNC- und Automatisierungsl\u00f6sungen von Cybelec mit den Servoantriebssystemen von Infranor bietet eine beispiellose Leistung und Flexibilit\u00e4t. Zusammen erm\u00f6glichen sie den Herstellern eine h\u00f6here Pr\u00e4zision, gesteigerte Produktivit\u00e4t und gr\u00f6\u00dfere Flexibilit\u00e4t bei ihren Werkzeugmaschinen. <\/span><\/p>\n<p style=\"font-size: 15px; font-style: normal; font-weight: 400; color: #3a3a3a;\"><span lang=\"EN-US\" style=\"font-size: 15px; font-family: 'Segoe UI', sans-serif; color: #374151; background-image: initial; background-position: initial; background-size: initial; background-repeat: initial; background-attachment: initial; background-origin: initial; background-clip: initial;\">Durch die Nutzung ihrer fortschrittlichen Produkte und ihres Fachwissens k\u00f6nnen Hersteller der Zeit voraus sein und sich im heutigen Wettbewerb behaupten.<\/span><span style=\"color: #374151; font-family: 'Segoe UI', sans-serif; font-size: 15px; text-indent: -18pt;\">         <\/span><\/p>\n\t\t\t\t\t\t\t\t<\/div>\n\t\t\t\t<\/div>\n\t\t\t\t<section class=\"elementor-section elementor-inner-section elementor-element elementor-element-3251b41 elementor-section-boxed elementor-section-height-default elementor-section-height-default\" data-id=\"3251b41\" data-element_type=\"section\" data-e-type=\"section\">\n\t\t\t\t\t\t<div class=\"elementor-container elementor-column-gap-default\">\n\t\t\t\t\t<div class=\"elementor-column elementor-col-100 elementor-inner-column elementor-element elementor-element-9b78ef2\" data-id=\"9b78ef2\" data-element_type=\"column\" data-e-type=\"column\">\n\t\t\t<div class=\"elementor-widget-wrap elementor-element-populated\">\n\t\t\t\t\t\t<div class=\"elementor-element elementor-element-8950724 elementor-align-justify elementor-widget__width-initial elementor-widget elementor-widget-button\" data-id=\"8950724\" data-element_type=\"widget\" data-e-type=\"widget\" data-widget_type=\"button.default\">\n\t\t\t\t<div class=\"elementor-widget-container\">\n\t\t\t\t\t\t\t\t\t<div class=\"elementor-button-wrapper\">\n\t\t\t\t\t<a class=\"elementor-button elementor-button-link elementor-size-sm\" href=\"https:\/\/www.infranor.com\" target=\"_blank\">\n\t\t\t\t\t\t<span class=\"elementor-button-content-wrapper\">\n\t\t\t\t\t\t\t\t\t<span class=\"elementor-button-text\">Besuchen Sie infranor<\/span>\n\t\t\t\t\t<\/span>\n\t\t\t\t\t<\/a>\n\t\t\t\t<\/div>\n\t\t\t\t\t\t\t\t<\/div>\n\t\t\t\t<\/div>\n\t\t\t\t\t<\/div>\n\t\t<\/div>\n\t\t\t\t\t<\/div>\n\t\t<\/section>\n\t\t\t\t\t<\/div>\n\t\t<\/div>\n\t\t\t\t\t<\/div>\n\t\t<\/section>\n\t\t\t\t<section class=\"elementor-section elementor-top-section elementor-element elementor-element-95068f4 elementor-section-boxed elementor-section-height-default elementor-section-height-default\" data-id=\"95068f4\" data-element_type=\"section\" data-e-type=\"section\">\n\t\t\t\t\t\t<div class=\"elementor-container elementor-column-gap-default\">\n\t\t\t\t\t<div class=\"elementor-column elementor-col-100 elementor-top-column elementor-element elementor-element-efd0cf8\" data-id=\"efd0cf8\" data-element_type=\"column\" data-e-type=\"column\">\n\t\t\t<div class=\"elementor-widget-wrap\">\n\t\t\t\t\t\t\t<\/div>\n\t\t<\/div>\n\t\t\t\t\t<\/div>\n\t\t<\/section>\n\t\t\t\t<\/div>\n\t\t","protected":false},"excerpt":{"rendered":"<p>Other Solutions pr\u00e4sentiert hochmoderne L\u00f6sungen f\u00fcr Pr\u00e4zision und Effizienz in der Werkzeugmaschinenfertigung: Cybelec ist ein renommierter Anbieter von numerischen Steuerungsl\u00f6sungen f\u00fcr Werkzeugmaschinen, Abkantpressen und Automationssysteme. CNC-Steuerungen f\u00fcr Werkzeugmaschinen: wpml_nbspPr\u00e4zise Steuerung von Bearbeitungsvorg\u00e4ngen f\u00fcr h\u00f6here Genauigkeit und Produktivit\u00e4t. Infranor ist spezialisiert auf Servoantriebssysteme und Motion-Control-L\u00f6sungen f\u00fcr industrielle Automatisierungsanwendungen. Servoantriebe: Pr\u00e4zise Steuerung von Motordrehzahl und -position f\u00fcr [&hellip;]<\/p>\n","protected":false},"author":1,"featured_media":0,"parent":0,"menu_order":0,"comment_status":"closed","ping_status":"closed","template":"","meta":{"site-sidebar-layout":"no-sidebar","site-content-layout":"page-builder","ast-site-content-layout":"full-width-container","site-content-style":"default","site-sidebar-style":"default","ast-global-header-display":"","ast-banner-title-visibility":"","ast-main-header-display":"","ast-hfb-above-header-display":"","ast-hfb-below-header-display":"","ast-hfb-mobile-header-display":"","site-post-title":"disabled","ast-breadcrumbs-content":"","ast-featured-img":"disabled","footer-sml-layout":"","ast-disable-related-posts":"","theme-transparent-header-meta":"","adv-header-id-meta":"","stick-header-meta":"","header-above-stick-meta":"","header-main-stick-meta":"","header-below-stick-meta":"","astra-migrate-meta-layouts":"default","ast-page-background-enabled":"default","ast-page-background-meta":{"desktop":{"background-color":"","background-image":"","background-repeat":"repeat","background-position":"center center","background-size":"auto","background-attachment":"scroll","background-type":"","background-media":"","overlay-type":"","overlay-color":"","overlay-opacity":"","overlay-gradient":""},"tablet":{"background-color":"","background-image":"","background-repeat":"repeat","background-position":"center center","background-size":"auto","background-attachment":"scroll","background-type":"","background-media":"","overlay-type":"","overlay-color":"","overlay-opacity":"","overlay-gradient":""},"mobile":{"background-color":"","background-image":"","background-repeat":"repeat","background-position":"center center","background-size":"auto","background-attachment":"scroll","background-type":"","background-media":"","overlay-type":"","overlay-color":"","overlay-opacity":"","overlay-gradient":""}},"ast-content-background-meta":{"desktop":{"background-color":"var(--ast-global-color-5)","background-image":"","background-repeat":"repeat","background-position":"center center","background-size":"auto","background-attachment":"scroll","background-type":"","background-media":"","overlay-type":"","overlay-color":"","overlay-opacity":"","overlay-gradient":""},"tablet":{"background-color":"var(--ast-global-color-5)","background-image":"","background-repeat":"repeat","background-position":"center center","background-size":"auto","background-attachment":"scroll","background-type":"","background-media":"","overlay-type":"","overlay-color":"","overlay-opacity":"","overlay-gradient":""},"mobile":{"background-color":"var(--ast-global-color-5)","background-image":"","background-repeat":"repeat","background-position":"center center","background-size":"auto","background-attachment":"scroll","background-type":"","background-media":"","overlay-type":"","overlay-color":"","overlay-opacity":"","overlay-gradient":""}},"footnotes":""},"class_list":["post-23281","page","type-page","status-publish","hentry"],"aioseo_notices":[],"_links":{"self":[{"href":"https:\/\/cybelec.ch\/de\/wp-json\/wp\/v2\/pages\/23281","targetHints":{"allow":["GET"]}}],"collection":[{"href":"https:\/\/cybelec.ch\/de\/wp-json\/wp\/v2\/pages"}],"about":[{"href":"https:\/\/cybelec.ch\/de\/wp-json\/wp\/v2\/types\/page"}],"author":[{"embeddable":true,"href":"https:\/\/cybelec.ch\/de\/wp-json\/wp\/v2\/users\/1"}],"replies":[{"embeddable":true,"href":"https:\/\/cybelec.ch\/de\/wp-json\/wp\/v2\/comments?post=23281"}],"version-history":[{"count":1,"href":"https:\/\/cybelec.ch\/de\/wp-json\/wp\/v2\/pages\/23281\/revisions"}],"predecessor-version":[{"id":23771,"href":"https:\/\/cybelec.ch\/de\/wp-json\/wp\/v2\/pages\/23281\/revisions\/23771"}],"wp:attachment":[{"href":"https:\/\/cybelec.ch\/de\/wp-json\/wp\/v2\/media?parent=23281"}],"curies":[{"name":"wp","href":"https:\/\/api.w.org\/{rel}","templated":true}]}}