{"id":23331,"date":"2024-06-05T09:19:13","date_gmt":"2024-06-05T07:19:13","guid":{"rendered":"https:\/\/cybelec.ch\/visitouch-pcbox\/"},"modified":"2024-10-22T17:34:00","modified_gmt":"2024-10-22T15:34:00","slug":"visitouch-pcbox","status":"publish","type":"page","link":"https:\/\/cybelec.ch\/de\/visitouch-pcbox\/","title":{"rendered":"VisiTouch PCBox"},"content":{"rendered":"\t\t<div data-elementor-type=\"wp-page\" data-elementor-id=\"23331\" class=\"elementor elementor-23331 elementor-22925\" data-elementor-post-type=\"page\">\n\t\t\t\t\t\t<section class=\"elementor-section elementor-top-section elementor-element elementor-element-efd0359 elementor-reverse-mobile elementor-section-boxed elementor-section-height-default elementor-section-height-default\" data-id=\"efd0359\" data-element_type=\"section\" data-e-type=\"section\">\n\t\t\t\t\t\t<div class=\"elementor-container elementor-column-gap-no\">\n\t\t\t\t\t<div class=\"make-column-clickable-elementor elementor-column elementor-col-50 elementor-top-column elementor-element elementor-element-8e1387d\" style=\"cursor: pointer;\" data-column-clickable=\"https:\/\/cybelec.ch\/product\/machine-tools\/visitouch-pcbox\/\" data-column-clickable-blank=\"_self\" data-id=\"8e1387d\" data-element_type=\"column\" data-e-type=\"column\">\n\t\t\t<div class=\"elementor-widget-wrap elementor-element-populated\">\n\t\t\t\t\t\t<div class=\"elementor-element elementor-element-a5d8ad9 elementor-widget elementor-widget-gallery\" data-id=\"a5d8ad9\" data-element_type=\"widget\" data-e-type=\"widget\" data-settings=\"{&quot;columns&quot;:1,&quot;aspect_ratio&quot;:&quot;9:16&quot;,&quot;columns_mobile&quot;:2,&quot;lazyload&quot;:&quot;yes&quot;,&quot;gallery_layout&quot;:&quot;grid&quot;,&quot;columns_tablet&quot;:2,&quot;gap&quot;:{&quot;unit&quot;:&quot;px&quot;,&quot;size&quot;:10,&quot;sizes&quot;:[]},&quot;gap_tablet&quot;:{&quot;unit&quot;:&quot;px&quot;,&quot;size&quot;:10,&quot;sizes&quot;:[]},&quot;gap_mobile&quot;:{&quot;unit&quot;:&quot;px&quot;,&quot;size&quot;:10,&quot;sizes&quot;:[]},&quot;link_to&quot;:&quot;file&quot;,&quot;content_hover_animation&quot;:&quot;fade-in&quot;}\" data-widget_type=\"gallery.default\">\n\t\t\t\t<div class=\"elementor-widget-container\">\n\t\t\t\t\t\t\t<div class=\"elementor-gallery__container\">\n\t\t\t\t\t\t\t<a class=\"e-gallery-item elementor-gallery-item elementor-animated-content\" href=\"https:\/\/cybelec.ch\/wp-content\/uploads\/2023\/07\/PC-Box8.png\" data-elementor-open-lightbox=\"yes\" data-elementor-lightbox-slideshow=\"a5d8ad9\" data-e-action-hash=\"#elementor-action%3Aaction%3Dlightbox%26settings%3DeyJpZCI6MTc2NjUsInVybCI6Imh0dHBzOlwvXC9jeWJlbGVjLmNoXC93cC1jb250ZW50XC91cGxvYWRzXC8yMDIzXC8wN1wvUEMtQm94OC5wbmciLCJzbGlkZXNob3ciOiJhNWQ4YWQ5In0%3D\">\n\t\t\t\t\t<div class=\"e-gallery-image elementor-gallery-item__image\" data-thumbnail=\"https:\/\/cybelec.ch\/wp-content\/uploads\/2023\/07\/PC-Box8.png\" data-width=\"1941\" data-height=\"2682\" aria-label=\"PC-Box8\" role=\"img\" ><\/div>\n\t\t\t\t\t\t\t\t\t\t\t\t\t\t<\/a>\n\t\t\t\t\t<\/div>\n\t\t\t\t\t<\/div>\n\t\t\t\t<\/div>\n\t\t\t\t\t<\/div>\n\t\t<\/div>\n\t\t\t\t<div class=\"elementor-column elementor-col-50 elementor-top-column elementor-element elementor-element-f589f4d\" data-id=\"f589f4d\" data-element_type=\"column\" data-e-type=\"column\">\n\t\t\t<div class=\"elementor-widget-wrap elementor-element-populated\">\n\t\t\t\t\t\t<div class=\"elementor-element elementor-element-71f1198 elementor-widget elementor-widget-heading\" data-id=\"71f1198\" data-element_type=\"widget\" data-e-type=\"widget\" data-widget_type=\"heading.default\">\n\t\t\t\t<div class=\"elementor-widget-container\">\n\t\t\t\t\t<h2 class=\"elementor-heading-title elementor-size-default\"><span style=\"color: var( --e-global-color-6c9059b );font-size: 16px;font-style: normal;font-weight: 600;letter-spacing: 1.2px\">Die VisiTouch PC Box ist eine hervorragende numerische Steuerung f\u00fcr Werkzeugmaschinen mit einem neuen <\/span><br><span style=\"color: var( --e-global-color-6c9059b );font-size: 16px;font-style: normal;font-weight: 600;letter-spacing: 1.2px\">All-in-One-L\u00f6sung:<\/span><span style=\"color: var( --e-global-color-6c9059b );font-size: 16px;font-style: normal;font-weight: 600;letter-spacing: 1.2px\"><br><\/span>\n\n<\/h2>\t\t\t\t<\/div>\n\t\t\t\t<\/div>\n\t\t\t\t<div class=\"elementor-element elementor-element-1407da4 elementor-widget elementor-widget-text-editor\" data-id=\"1407da4\" data-element_type=\"widget\" data-e-type=\"widget\" data-widget_type=\"text-editor.default\">\n\t\t\t\t<div class=\"elementor-widget-container\">\n\t\t\t\t\t\t\t\t\t<ul>\n<li><span lang=\"EN-US\" style=\"font-size: 11.5pt; font-family: Arial, sans-serif;\">Volldigital bis zu 24 Achsen<\/span> mit EtherCAT\u00ae und <span style=\"color: var( --e-global-color-secondary );\">CANopen\u00ae<\/span><\/li>\n<li><span lang=\"EN-US\" style=\"font-size: 11.5pt; font-family: Arial, sans-serif;\">Optimierter Assistent f\u00fcr die Bewegungssteuerung von Achsen, der eine hochpr\u00e4zise Positionierung erm\u00f6glicht.<\/span><\/li>\n<li><span lang=\"EN-US\" style=\"font-size: 11.5pt; font-family: Arial, sans-serif;\">Mehrkanal-Bearbeitungsprozess<\/span><\/li>\n<li><span lang=\"EN-US\" style=\"font-size: 11.5pt; font-family: Arial, sans-serif;\">Leistungsstarker, multitaskingf\u00e4higer Prozessor<\/span><\/li>\n<\/ul>\n<p><span lang=\"EN-US\" style=\"font-size: 11.5pt; font-family: Arial, sans-serif;\">Eine Architektur f\u00fcr alle Maschinen:<\/span><\/p>\n<ul>\n<li>Wenden<\/li>\n<li>Fr\u00e4sen<\/li>\n<li>Bohren<\/li>\n<li>Schleifen<\/li>\n<li>Stanzen<\/li>\n<li>Laserschneiden<\/li>\n<\/ul>\n<p>Dies kann besonders n\u00fctzlich f\u00fcr OEMs sein, die <strong>ihren eigenen Bildschirm<\/strong> anstelle des VisiTouch CNC-Bildschirms verwenden m\u00f6chten.<\/p>\n<p>Zus\u00e4tzlich zu allen Funktionen, die f\u00fcr die Steuerung der anspruchsvollsten Werkzeugmaschinen zur Verf\u00fcgung stehen, bietet VisiTouch PC Box auch ein offenes System, das die Anpassung an die Anforderungen des Produktionsmanagements der Industrie 4.0 erm\u00f6glicht.<\/p>\n\t\t\t\t\t\t\t\t<\/div>\n\t\t\t\t<\/div>\n\t\t\t\t<section class=\"elementor-section elementor-inner-section elementor-element elementor-element-a09da98 elementor-section-boxed elementor-section-height-default elementor-section-height-default\" data-id=\"a09da98\" data-element_type=\"section\" data-e-type=\"section\">\n\t\t\t\t\t\t<div class=\"elementor-container elementor-column-gap-default\">\n\t\t\t\t\t<div class=\"elementor-column elementor-col-50 elementor-inner-column elementor-element elementor-element-1532154\" data-id=\"1532154\" data-element_type=\"column\" data-e-type=\"column\">\n\t\t\t<div class=\"elementor-widget-wrap elementor-element-populated\">\n\t\t\t\t\t\t<div class=\"elementor-element elementor-element-a145462 elementor-align-justify elementor-widget elementor-widget-button\" data-id=\"a145462\" data-element_type=\"widget\" data-e-type=\"widget\" data-widget_type=\"button.default\">\n\t\t\t\t<div class=\"elementor-widget-container\">\n\t\t\t\t\t\t\t\t\t<div class=\"elementor-button-wrapper\">\n\t\t\t\t\t<a class=\"elementor-button elementor-button-link elementor-size-sm\" href=\"https:\/\/cybelec.ch\/wp-content\/uploads\/2024\/10\/Flyer_PCBox8_V1.1_DE-1.pdf\" target=\"_blank\">\n\t\t\t\t\t\t<span class=\"elementor-button-content-wrapper\">\n\t\t\t\t\t\t\t\t\t<span class=\"elementor-button-text\">Download des Flyers<\/span>\n\t\t\t\t\t<\/span>\n\t\t\t\t\t<\/a>\n\t\t\t\t<\/div>\n\t\t\t\t\t\t\t\t<\/div>\n\t\t\t\t<\/div>\n\t\t\t\t\t<\/div>\n\t\t<\/div>\n\t\t\t\t<div class=\"elementor-column elementor-col-50 elementor-inner-column elementor-element elementor-element-289c233\" data-id=\"289c233\" data-element_type=\"column\" data-e-type=\"column\">\n\t\t\t<div class=\"elementor-widget-wrap elementor-element-populated\">\n\t\t\t\t\t\t<div class=\"elementor-element elementor-element-aeb7924 elementor-align-justify elementor-widget elementor-widget-button\" data-id=\"aeb7924\" data-element_type=\"widget\" data-e-type=\"widget\" data-widget_type=\"button.default\">\n\t\t\t\t<div class=\"elementor-widget-container\">\n\t\t\t\t\t\t\t\t\t<div class=\"elementor-button-wrapper\">\n\t\t\t\t\t<a class=\"elementor-button elementor-button-link elementor-size-sm\" href=\"https:\/\/cybelec.ch\/wp-content\/uploads\/2023\/07\/Datasheet_VisiTouch-PCBox_V1.0_EN.pdf\" target=\"_blank\">\n\t\t\t\t\t\t<span class=\"elementor-button-content-wrapper\">\n\t\t\t\t\t\t\t\t\t<span class=\"elementor-button-text\">Datenblatt herunterladen<\/span>\n\t\t\t\t\t<\/span>\n\t\t\t\t\t<\/a>\n\t\t\t\t<\/div>\n\t\t\t\t\t\t\t\t<\/div>\n\t\t\t\t<\/div>\n\t\t\t\t\t<\/div>\n\t\t<\/div>\n\t\t\t\t\t<\/div>\n\t\t<\/section>\n\t\t\t\t\t<\/div>\n\t\t<\/div>\n\t\t\t\t\t<\/div>\n\t\t<\/section>\n\t\t\t\t<section class=\"elementor-section elementor-top-section elementor-element elementor-element-9da9bac elementor-section-boxed elementor-section-height-default elementor-section-height-default\" data-id=\"9da9bac\" data-element_type=\"section\" data-e-type=\"section\">\n\t\t\t\t\t\t<div class=\"elementor-container elementor-column-gap-default\">\n\t\t\t\t\t<div class=\"elementor-column elementor-col-100 elementor-top-column elementor-element elementor-element-574bdf3\" data-id=\"574bdf3\" data-element_type=\"column\" data-e-type=\"column\">\n\t\t\t<div class=\"elementor-widget-wrap elementor-element-populated\">\n\t\t\t\t\t\t<div class=\"elementor-element elementor-element-f53c0a7 elementor-tabs-view-horizontal elementor-widget elementor-widget-tabs\" data-id=\"f53c0a7\" data-element_type=\"widget\" data-e-type=\"widget\" data-widget_type=\"tabs.default\">\n\t\t\t\t<div class=\"elementor-widget-container\">\n\t\t\t\t\t\t\t<div class=\"elementor-tabs\">\n\t\t\t<div class=\"elementor-tabs-wrapper\" role=\"tablist\" >\n\t\t\t\t\t\t\t\t\t<div id=\"elementor-tab-title-2571\" class=\"elementor-tab-title elementor-tab-desktop-title\" aria-selected=\"true\" data-tab=\"1\" role=\"tab\" tabindex=\"0\" aria-controls=\"elementor-tab-content-2571\" aria-expanded=\"false\">Hauptmerkmale<\/div>\n\t\t\t\t\t\t\t\t\t<div id=\"elementor-tab-title-2572\" class=\"elementor-tab-title elementor-tab-desktop-title\" aria-selected=\"false\" data-tab=\"2\" role=\"tab\" tabindex=\"-1\" aria-controls=\"elementor-tab-content-2572\" aria-expanded=\"false\">CNC-Maschinen<\/div>\n\t\t\t\t\t\t\t\t\t<div id=\"elementor-tab-title-2573\" class=\"elementor-tab-title elementor-tab-desktop-title\" aria-selected=\"false\" data-tab=\"3\" role=\"tab\" tabindex=\"-1\" aria-controls=\"elementor-tab-content-2573\" aria-expanded=\"false\">Informationen zur Bestellung<\/div>\n\t\t\t\t\t\t\t<\/div>\n\t\t\t<div class=\"elementor-tabs-content-wrapper\" role=\"tablist\" aria-orientation=\"vertical\">\n\t\t\t\t\t\t\t\t\t<div class=\"elementor-tab-title elementor-tab-mobile-title\" aria-selected=\"true\" data-tab=\"1\" role=\"tab\" tabindex=\"0\" aria-controls=\"elementor-tab-content-2571\" aria-expanded=\"false\">Hauptmerkmale<\/div>\n\t\t\t\t\t<div id=\"elementor-tab-content-2571\" class=\"elementor-tab-content elementor-clearfix\" data-tab=\"1\" role=\"tabpanel\" aria-labelledby=\"elementor-tab-title-2571\" tabindex=\"0\" hidden=\"false\"><p style=\"text-indent: -17.85pt; line-height: normal; mso-list: l0 level1 lfo1; margin: 0cm 0cm 6.0pt 35.7pt;\"><!-- [if !supportLists]--><span lang=\"EN-US\" style=\"font-family: Symbol; mso-fareast-font-family: Symbol; mso-bidi-font-family: Symbol;\">&#8211;<span style=\"font-style: normal; font-variant-numeric: normal; font-variant-east-asian: normal; font-variant-alternates: normal; font-kerning: auto; font-optical-sizing: auto; font-feature-settings: normal; font-variation-settings: normal; font-weight: normal; font-stretch: normal; font-size: 7pt; line-height: normal; font-family: 'Times New Roman';\">         <\/span><\/span><span lang=\"EN-US\">H\u00f6chste Pr\u00e4zision dank ausgekl\u00fcgelter Algorithmen (speziell f\u00fcr die Qualit\u00e4t der Schweizer Uhrenindustrie entwickelt)<\/span><\/p>\n<p style=\"text-indent: -17.85pt; line-height: normal; mso-list: l0 level1 lfo1; margin: 0cm 0cm 6.0pt 35.7pt;\"><!-- [if !supportLists]--><span lang=\"EN-US\" style=\"font-family: Symbol; mso-fareast-font-family: Symbol; mso-bidi-font-family: Symbol;\">&#8211;<span style=\"font-style: normal; font-variant-numeric: normal; font-variant-east-asian: normal; font-variant-alternates: normal; font-kerning: auto; font-optical-sizing: auto; font-feature-settings: normal; font-variation-settings: normal; font-weight: normal; font-stretch: normal; font-size: 7pt; line-height: normal; font-family: 'Times New Roman';\">         <\/span><\/span><!--[endif]--><span lang=\"EN-US\">5-Achsen-Interpolation<\/span><\/p>\n<p style=\"text-indent: -17.85pt; line-height: normal; mso-list: l0 level1 lfo1; margin: 0cm 0cm 6.0pt 35.7pt;\"><!-- [if !supportLists]--><span lang=\"EN-US\" style=\"font-family: Symbol; mso-fareast-font-family: Symbol; mso-bidi-font-family: Symbol;\">&#8211;<span style=\"font-style: normal; font-variant-numeric: normal; font-variant-east-asian: normal; font-variant-alternates: normal; font-kerning: auto; font-optical-sizing: auto; font-feature-settings: normal; font-variation-settings: normal; font-weight: normal; font-stretch: normal; font-size: 7pt; line-height: normal; font-family: 'Times New Roman';\">         <\/span><\/span><!--[endif]--><span lang=\"EN-US\">Schnelles Zusammenspiel, optimierte Bewegungen.<\/span><\/p>\n<p style=\"text-indent: -17.85pt; line-height: normal; mso-list: l0 level1 lfo1; margin: 0cm 0cm 6.0pt 35.7pt;\"><!-- [if !supportLists]--><span lang=\"EN-US\" style=\"font-family: Symbol; mso-fareast-font-family: Symbol; mso-bidi-font-family: Symbol;\">&#8211;<span style=\"font-style: normal; font-variant-numeric: normal; font-variant-east-asian: normal; font-variant-alternates: normal; font-kerning: auto; font-optical-sizing: auto; font-feature-settings: normal; font-variation-settings: normal; font-weight: normal; font-stretch: normal; font-size: 7pt; line-height: normal; font-family: 'Times New Roman';\">         <\/span><\/span><!--[endif]--><span lang=\"EN-US\">Einrichtung mit speziellen Assistenten (Auto-Tuning).<\/span><\/p>\n<p style=\"text-indent: -17.85pt; line-height: normal; mso-list: l0 level1 lfo1; margin: 0cm 0cm 6.0pt 35.7pt;\"><!-- [if !supportLists]--><span lang=\"EN-US\" style=\"font-family: Symbol; mso-fareast-font-family: Symbol; mso-bidi-font-family: Symbol;\">&#8211;<span style=\"font-style: normal; font-variant-numeric: normal; font-variant-east-asian: normal; font-variant-alternates: normal; font-kerning: auto; font-optical-sizing: auto; font-feature-settings: normal; font-variation-settings: normal; font-weight: normal; font-stretch: normal; font-size: 7pt; line-height: normal; font-family: 'Times New Roman';\">         <\/span><\/span><!--[endif]--><span lang=\"EN-US\">Achssteuerung \u00fcber EtherCAT\u00ae mit breiter Konfiguration Axis <\/span> <\/p>\n<p style=\"text-indent: -17.85pt; line-height: normal; mso-list: l0 level1 lfo1; margin: 0cm 0cm 6.0pt 35.7pt;\"><!-- [if !supportLists]--><span lang=\"EN-US\" style=\"font-family: Symbol; mso-fareast-font-family: Symbol; mso-bidi-font-family: Symbol;\">&#8211;<span style=\"font-style: normal; font-variant-numeric: normal; font-variant-east-asian: normal; font-variant-alternates: normal; font-kerning: auto; font-optical-sizing: auto; font-feature-settings: normal; font-variation-settings: normal; font-weight: normal; font-stretch: normal; font-size: 7pt; line-height: normal; font-family: 'Times New Roman';\">         <\/span><\/span><!--[endif]--><span lang=\"EN-US\">Kalibrierung (Korrekturtabelle)<\/span><\/p>\n<p style=\"text-indent: -17.85pt; line-height: normal; mso-list: l1 level1 lfo2; margin: 0cm 0cm 6.0pt 35.7pt;\"><!-- [if !supportLists]--><span lang=\"EN-US\" style=\"font-family: Symbol; mso-fareast-font-family: Symbol; mso-bidi-font-family: Symbol;\">&#8211;<span style=\"font-style: normal; font-variant-numeric: normal; font-variant-east-asian: normal; font-variant-alternates: normal; font-kerning: auto; font-optical-sizing: auto; font-feature-settings: normal; font-variation-settings: normal; font-weight: normal; font-stretch: normal; font-size: 7pt; line-height: normal; font-family: 'Times New Roman';\">         <\/span><\/span><!--[endif]--><span lang=\"EN-US\">Sondierungszyklen<\/span><\/p>\n<p style=\"text-indent: -17.85pt; line-height: normal; mso-list: l1 level1 lfo2; margin: 0cm 0cm 6.0pt 35.7pt;\"><!-- [if !supportLists]--><span lang=\"EN-US\" style=\"font-family: Symbol; mso-fareast-font-family: Symbol; mso-bidi-font-family: Symbol;\">&#8211;<span style=\"font-style: normal; font-variant-numeric: normal; font-variant-east-asian: normal; font-variant-alternates: normal; font-kerning: auto; font-optical-sizing: auto; font-feature-settings: normal; font-variation-settings: normal; font-weight: normal; font-stretch: normal; font-size: 7pt; line-height: normal; font-family: 'Times New Roman';\">         <\/span><\/span><!--[endif]--><span lang=\"EN-US\">Verwaltung der Werkzeugstandzeiten<\/span><\/p>\n<p style=\"text-indent: -17.85pt; line-height: normal; mso-list: l1 level1 lfo2; margin: 0cm 0cm 6.0pt 35.7pt;\"><span lang=\"EN-US\" style=\"font-size: 15px; text-indent: -17.85pt; font-family: Symbol;\">&#8211;<span style=\"font-style: normal; font-variant-numeric: normal; font-variant-east-asian: normal; font-variant-alternates: normal; font-kerning: auto; font-optical-sizing: auto; font-feature-settings: normal; font-variation-settings: normal; font-weight: normal; font-stretch: normal; font-size: 7pt; line-height: normal; font-family: 'Times New Roman';\">         <\/span><\/span><span lang=\"EN-US\" style=\"font-size: 15px; text-indent: -17.85pt;\">Plugin-Architektur zur Implementierung spezifischer Funktionalit\u00e4ten, einschlie\u00dflich kundenspezifischer HMI-Schnittstellen und dedizierter Zyklen.<\/span><\/p>\n<\/div>\n\t\t\t\t\t\t\t\t\t<div class=\"elementor-tab-title elementor-tab-mobile-title\" aria-selected=\"false\" data-tab=\"2\" role=\"tab\" tabindex=\"-1\" aria-controls=\"elementor-tab-content-2572\" aria-expanded=\"false\">CNC-Maschinen<\/div>\n\t\t\t\t\t<div id=\"elementor-tab-content-2572\" class=\"elementor-tab-content elementor-clearfix\" data-tab=\"2\" role=\"tabpanel\" aria-labelledby=\"elementor-tab-title-2572\" tabindex=\"0\" hidden=\"hidden\"><ul>\n<li><span lang=\"EN-US\" style=\"font-family: 'Arial',sans-serif; mso-fareast-font-family: 'Zurich BT'; color: #231f20;\">Wenden<\/span><\/li>\n<li><!-- [if !supportLists]--><span lang=\"EN-US\" style=\"font-family: 'Arial',sans-serif; mso-fareast-font-family: 'Zurich BT'; color: #231f20;\">Fr\u00e4sen<\/span><\/li>\n<li><!-- [if !supportLists]--><span lang=\"EN-US\" style=\"font-family: 'Arial',sans-serif; mso-fareast-font-family: 'Zurich BT'; color: #231f20;\">Bohren<\/span><\/li>\n<li><!-- [if !supportLists]--><span lang=\"EN-US\" style=\"font-family: 'Arial',sans-serif; mso-fareast-font-family: 'Zurich BT'; color: #231f20;\">Schleifen<\/span><\/li>\n<li><!-- [if !supportLists]--><span lang=\"EN-US\" style=\"font-family: 'Arial',sans-serif; mso-fareast-font-family: 'Zurich BT'; color: #231f20;\">Stanzen<\/span><\/li>\n<li><span lang=\"EN-US\" style=\"font-size: 15px; text-indent: -18pt; font-family: Arial, sans-serif; color: #231f20;\">Laserschneiden<\/span><\/li>\n<\/ul>\n<\/div>\n\t\t\t\t\t\t\t\t\t<div class=\"elementor-tab-title elementor-tab-mobile-title\" aria-selected=\"false\" data-tab=\"3\" role=\"tab\" tabindex=\"-1\" aria-controls=\"elementor-tab-content-2573\" aria-expanded=\"false\">Informationen zur Bestellung<\/div>\n\t\t\t\t\t<div id=\"elementor-tab-content-2573\" class=\"elementor-tab-content elementor-clearfix\" data-tab=\"3\" role=\"tabpanel\" aria-labelledby=\"elementor-tab-title-2573\" tabindex=\"0\" hidden=\"hidden\"><ul>\n<li>Bitte kontaktieren Sie unsere Verkaufsabteilung f\u00fcr weitere Informationen<\/li>\n<\/ul>\n<\/div>\n\t\t\t\t\t\t\t<\/div>\n\t\t<\/div>\n\t\t\t\t\t\t<\/div>\n\t\t\t\t<\/div>\n\t\t\t\t\t<\/div>\n\t\t<\/div>\n\t\t\t\t\t<\/div>\n\t\t<\/section>\n\t\t\t\t<\/div>\n\t\t","protected":false},"excerpt":{"rendered":"<p>Die VisiTouch PC Box ist eine hervorragende numerische Steuerung f\u00fcr Werkzeugmaschinen mit einem neuen All-in-One-L\u00f6sung: Volldigital bis zu 24 Achsen mit EtherCAT\u00ae und CANopen\u00ae Optimierter Assistent f\u00fcr die Bewegungssteuerung von Achsen, der eine hochpr\u00e4zise Positionierung erm\u00f6glicht. Mehrkanal-Bearbeitungsprozess Leistungsstarker, multitaskingf\u00e4higer Prozessor Eine Architektur f\u00fcr alle Maschinen: Wenden Fr\u00e4sen Bohren Schleifen Stanzen Laserschneiden Dies kann besonders n\u00fctzlich [&hellip;]<\/p>\n","protected":false},"author":1,"featured_media":0,"parent":0,"menu_order":0,"comment_status":"closed","ping_status":"closed","template":"","meta":{"site-sidebar-layout":"no-sidebar","site-content-layout":"page-builder","ast-site-content-layout":"full-width-container","site-content-style":"default","site-sidebar-style":"default","ast-global-header-display":"","ast-banner-title-visibility":"","ast-main-header-display":"","ast-hfb-above-header-display":"","ast-hfb-below-header-display":"","ast-hfb-mobile-header-display":"","site-post-title":"disabled","ast-breadcrumbs-content":"","ast-featured-img":"disabled","footer-sml-layout":"","ast-disable-related-posts":"","theme-transparent-header-meta":"","adv-header-id-meta":"","stick-header-meta":"","header-above-stick-meta":"","header-main-stick-meta":"","header-below-stick-meta":"","astra-migrate-meta-layouts":"default","ast-page-background-enabled":"default","ast-page-background-meta":{"desktop":{"background-color":"","background-image":"","background-repeat":"repeat","background-position":"center center","background-size":"auto","background-attachment":"scroll","background-type":"","background-media":"","overlay-type":"","overlay-color":"","overlay-opacity":"","overlay-gradient":""},"tablet":{"background-color":"","background-image":"","background-repeat":"repeat","background-position":"center center","background-size":"auto","background-attachment":"scroll","background-type":"","background-media":"","overlay-type":"","overlay-color":"","overlay-opacity":"","overlay-gradient":""},"mobile":{"background-color":"","background-image":"","background-repeat":"repeat","background-position":"center center","background-size":"auto","background-attachment":"scroll","background-type":"","background-media":"","overlay-type":"","overlay-color":"","overlay-opacity":"","overlay-gradient":""}},"ast-content-background-meta":{"desktop":{"background-color":"var(--ast-global-color-5)","background-image":"","background-repeat":"repeat","background-position":"center center","background-size":"auto","background-attachment":"scroll","background-type":"","background-media":"","overlay-type":"","overlay-color":"","overlay-opacity":"","overlay-gradient":""},"tablet":{"background-color":"var(--ast-global-color-5)","background-image":"","background-repeat":"repeat","background-position":"center center","background-size":"auto","background-attachment":"scroll","background-type":"","background-media":"","overlay-type":"","overlay-color":"","overlay-opacity":"","overlay-gradient":""},"mobile":{"background-color":"var(--ast-global-color-5)","background-image":"","background-repeat":"repeat","background-position":"center center","background-size":"auto","background-attachment":"scroll","background-type":"","background-media":"","overlay-type":"","overlay-color":"","overlay-opacity":"","overlay-gradient":""}},"footnotes":""},"class_list":["post-23331","page","type-page","status-publish","hentry"],"aioseo_notices":[],"_links":{"self":[{"href":"https:\/\/cybelec.ch\/de\/wp-json\/wp\/v2\/pages\/23331","targetHints":{"allow":["GET"]}}],"collection":[{"href":"https:\/\/cybelec.ch\/de\/wp-json\/wp\/v2\/pages"}],"about":[{"href":"https:\/\/cybelec.ch\/de\/wp-json\/wp\/v2\/types\/page"}],"author":[{"embeddable":true,"href":"https:\/\/cybelec.ch\/de\/wp-json\/wp\/v2\/users\/1"}],"replies":[{"embeddable":true,"href":"https:\/\/cybelec.ch\/de\/wp-json\/wp\/v2\/comments?post=23331"}],"version-history":[{"count":9,"href":"https:\/\/cybelec.ch\/de\/wp-json\/wp\/v2\/pages\/23331\/revisions"}],"predecessor-version":[{"id":24691,"href":"https:\/\/cybelec.ch\/de\/wp-json\/wp\/v2\/pages\/23331\/revisions\/24691"}],"wp:attachment":[{"href":"https:\/\/cybelec.ch\/de\/wp-json\/wp\/v2\/media?parent=23331"}],"curies":[{"name":"wp","href":"https:\/\/api.w.org\/{rel}","templated":true}]}}