{"id":23399,"date":"2024-06-05T09:10:43","date_gmt":"2024-06-05T07:10:43","guid":{"rendered":"https:\/\/cybelec.ch\/visitouch-24-mx\/"},"modified":"2025-05-15T16:53:54","modified_gmt":"2025-05-15T14:53:54","slug":"visitouch-24-mx","status":"publish","type":"page","link":"https:\/\/cybelec.ch\/de\/visitouch-24-mx\/","title":{"rendered":"VisiTouch 24 MX"},"content":{"rendered":"\t\t<div data-elementor-type=\"wp-page\" data-elementor-id=\"23399\" class=\"elementor elementor-23399 elementor-22914\" data-elementor-post-type=\"page\">\n\t\t\t\t\t\t<section class=\"elementor-section elementor-top-section elementor-element elementor-element-f705e20 elementor-reverse-mobile elementor-section-boxed elementor-section-height-default elementor-section-height-default\" data-id=\"f705e20\" data-element_type=\"section\" data-e-type=\"section\">\n\t\t\t\t\t\t<div class=\"elementor-container elementor-column-gap-no\">\n\t\t\t\t\t<div class=\"elementor-column elementor-col-50 elementor-top-column elementor-element elementor-element-d3a5d98\" data-id=\"d3a5d98\" data-element_type=\"column\" data-e-type=\"column\">\n\t\t\t<div class=\"elementor-widget-wrap elementor-element-populated\">\n\t\t\t\t\t\t<div class=\"elementor-element elementor-element-20ea603 elementor-widget elementor-widget-gallery\" data-id=\"20ea603\" data-element_type=\"widget\" data-e-type=\"widget\" data-settings=\"{&quot;columns&quot;:1,&quot;gallery_layout&quot;:&quot;masonry&quot;,&quot;columns_mobile&quot;:2,&quot;lazyload&quot;:&quot;yes&quot;,&quot;columns_tablet&quot;:2,&quot;gap&quot;:{&quot;unit&quot;:&quot;px&quot;,&quot;size&quot;:10,&quot;sizes&quot;:[]},&quot;gap_tablet&quot;:{&quot;unit&quot;:&quot;px&quot;,&quot;size&quot;:10,&quot;sizes&quot;:[]},&quot;gap_mobile&quot;:{&quot;unit&quot;:&quot;px&quot;,&quot;size&quot;:10,&quot;sizes&quot;:[]},&quot;link_to&quot;:&quot;file&quot;,&quot;content_hover_animation&quot;:&quot;fade-in&quot;}\" data-widget_type=\"gallery.default\">\n\t\t\t\t<div class=\"elementor-widget-container\">\n\t\t\t\t\t\t\t<div class=\"elementor-gallery__container\">\n\t\t\t\t\t\t\t<a class=\"e-gallery-item elementor-gallery-item elementor-animated-content\" href=\"https:\/\/cybelec.ch\/wp-content\/uploads\/2023\/10\/Flyer-VisiTouch-24-MX_V1.jpg\" data-elementor-open-lightbox=\"yes\" data-elementor-lightbox-slideshow=\"20ea603\" data-e-action-hash=\"#elementor-action%3Aaction%3Dlightbox%26settings%3DeyJpZCI6MTkxMTgsInVybCI6Imh0dHBzOlwvXC9jeWJlbGVjLmNoXC93cC1jb250ZW50XC91cGxvYWRzXC8yMDIzXC8xMFwvRmx5ZXItVmlzaVRvdWNoLTI0LU1YX1YxLmpwZyIsInNsaWRlc2hvdyI6IjIwZWE2MDMifQ%3D%3D\">\n\t\t\t\t\t<div class=\"e-gallery-image elementor-gallery-item__image\" data-thumbnail=\"https:\/\/cybelec.ch\/wp-content\/uploads\/2023\/10\/Flyer-VisiTouch-24-MX_V1.jpg\" data-width=\"1104\" data-height=\"980\" aria-label=\"\" role=\"img\" ><\/div>\n\t\t\t\t\t\t\t\t\t\t\t\t\t\t<\/a>\n\t\t\t\t\t<\/div>\n\t\t\t\t\t<\/div>\n\t\t\t\t<\/div>\n\t\t\t\t\t<\/div>\n\t\t<\/div>\n\t\t\t\t<div class=\"elementor-column elementor-col-50 elementor-top-column elementor-element elementor-element-f0bb610\" data-id=\"f0bb610\" data-element_type=\"column\" data-e-type=\"column\">\n\t\t\t<div class=\"elementor-widget-wrap elementor-element-populated\">\n\t\t\t\t\t\t<div class=\"elementor-element elementor-element-b4cf0ac elementor-widget elementor-widget-heading\" data-id=\"b4cf0ac\" data-element_type=\"widget\" data-e-type=\"widget\" data-widget_type=\"heading.default\">\n\t\t\t\t<div class=\"elementor-widget-container\">\n\t\t\t\t\t<h2 class=\"elementor-heading-title elementor-size-default\">VisiTouch 24 MX ist eine grafische 3D-Steuerung f\u00fcr CNC-Abkantpressen mit einer neuen All-in-One-L\u00f6sung:<\/h2>\t\t\t\t<\/div>\n\t\t\t\t<\/div>\n\t\t\t\t<div class=\"elementor-element elementor-element-9d26fe1 elementor-widget elementor-widget-text-editor\" data-id=\"9d26fe1\" data-element_type=\"widget\" data-e-type=\"widget\" data-widget_type=\"text-editor.default\">\n\t\t\t\t<div class=\"elementor-widget-container\">\n\t\t\t\t\t\t\t\t\t<p style=\"text-align: left;\">&#8211; 24-Zoll-Full-Touch-Screen und die CNC-Platine auf der R\u00fcckseite des Bildschirms montiert.<br \/>&#8211; Voll digital mit CANopen\u00ae- und EtherCAT\u00ae-Feldbussen zur Steuerung vieler Achsen<br \/>&#8211; Importieren, programmieren, visualisieren und simulieren Sie die Biegung eines Teils, alles in 3D, schnell, einfach und effizient.<br \/>&#8211; Schnittstelle zu allen Arten von Hydrauliksystemen, E\/A und analogen Achsen dank der CybMVA-Module, die in den Schr\u00e4nken untergebracht sind.<\/p>\n<p style=\"text-align: left;\">Zus\u00e4tzlich zu allen Funktionen, die f\u00fcr die Steuerung von einfachen und anspruchsvollen hydraulischen, elektrischen und hybriden Abkantpressen zur Verf\u00fcgung stehen, bietet VisiTouch 24 MX auch ein offenes System, das die Anpassung an die Anforderungen des Produktionsmanagements der Industrie 4.0 erm\u00f6glicht.<\/p>\n\t\t\t\t\t\t\t\t<\/div>\n\t\t\t\t<\/div>\n\t\t\t\t<section class=\"elementor-section elementor-inner-section elementor-element elementor-element-596d80e elementor-section-boxed elementor-section-height-default elementor-section-height-default\" data-id=\"596d80e\" data-element_type=\"section\" data-e-type=\"section\">\n\t\t\t\t\t\t<div class=\"elementor-container elementor-column-gap-default\">\n\t\t\t\t\t<div class=\"elementor-column elementor-col-50 elementor-inner-column elementor-element elementor-element-c4bd7a0\" data-id=\"c4bd7a0\" data-element_type=\"column\" data-e-type=\"column\">\n\t\t\t<div class=\"elementor-widget-wrap elementor-element-populated\">\n\t\t\t\t\t\t<div class=\"elementor-element elementor-element-045bd33 elementor-align-justify elementor-widget elementor-widget-button\" data-id=\"045bd33\" data-element_type=\"widget\" data-e-type=\"widget\" data-widget_type=\"button.default\">\n\t\t\t\t<div class=\"elementor-widget-container\">\n\t\t\t\t\t\t\t\t\t<div class=\"elementor-button-wrapper\">\n\t\t\t\t\t<a class=\"elementor-button elementor-button-link elementor-size-sm\" href=\"https:\/\/cybelec.ch\/wp-content\/uploads\/2025\/05\/Flyer-VisiTouch-24-MX_V1.3_DE.pdf\" target=\"_blank\">\n\t\t\t\t\t\t<span class=\"elementor-button-content-wrapper\">\n\t\t\t\t\t\t\t\t\t<span class=\"elementor-button-text\">Download des Flyers<\/span>\n\t\t\t\t\t<\/span>\n\t\t\t\t\t<\/a>\n\t\t\t\t<\/div>\n\t\t\t\t\t\t\t\t<\/div>\n\t\t\t\t<\/div>\n\t\t\t\t\t<\/div>\n\t\t<\/div>\n\t\t\t\t<div class=\"elementor-column elementor-col-50 elementor-inner-column elementor-element elementor-element-a46b62c\" data-id=\"a46b62c\" data-element_type=\"column\" data-e-type=\"column\">\n\t\t\t<div class=\"elementor-widget-wrap elementor-element-populated\">\n\t\t\t\t\t\t<div class=\"elementor-element elementor-element-446c73c elementor-align-justify elementor-widget elementor-widget-button\" data-id=\"446c73c\" data-element_type=\"widget\" data-e-type=\"widget\" data-widget_type=\"button.default\">\n\t\t\t\t<div class=\"elementor-widget-container\">\n\t\t\t\t\t\t\t\t\t<div class=\"elementor-button-wrapper\">\n\t\t\t\t\t<a class=\"elementor-button elementor-button-link elementor-size-sm\" href=\"https:\/\/cybelec.ch\/wp-content\/uploads\/2023\/10\/Datasheet_VisiTouch-24_V1.4_EN.pdf\" target=\"_blank\">\n\t\t\t\t\t\t<span class=\"elementor-button-content-wrapper\">\n\t\t\t\t\t\t\t\t\t<span class=\"elementor-button-text\">Datenblatt herunterladen<\/span>\n\t\t\t\t\t<\/span>\n\t\t\t\t\t<\/a>\n\t\t\t\t<\/div>\n\t\t\t\t\t\t\t\t<\/div>\n\t\t\t\t<\/div>\n\t\t\t\t\t<\/div>\n\t\t<\/div>\n\t\t\t\t\t<\/div>\n\t\t<\/section>\n\t\t\t\t\t<\/div>\n\t\t<\/div>\n\t\t\t\t\t<\/div>\n\t\t<\/section>\n\t\t\t\t<section class=\"elementor-section elementor-top-section elementor-element elementor-element-8399426 elementor-section-boxed elementor-section-height-default elementor-section-height-default\" data-id=\"8399426\" data-element_type=\"section\" data-e-type=\"section\">\n\t\t\t\t\t\t<div class=\"elementor-container elementor-column-gap-default\">\n\t\t\t\t\t<div class=\"elementor-column elementor-col-100 elementor-top-column elementor-element elementor-element-8d4541f\" data-id=\"8d4541f\" data-element_type=\"column\" data-e-type=\"column\">\n\t\t\t<div class=\"elementor-widget-wrap elementor-element-populated\">\n\t\t\t\t\t\t<div class=\"elementor-element elementor-element-7601caf elementor-tabs-view-horizontal elementor-widget elementor-widget-tabs\" data-id=\"7601caf\" data-element_type=\"widget\" data-e-type=\"widget\" data-widget_type=\"tabs.default\">\n\t\t\t\t<div class=\"elementor-widget-container\">\n\t\t\t\t\t\t\t<div class=\"elementor-tabs\">\n\t\t\t<div class=\"elementor-tabs-wrapper\" role=\"tablist\" >\n\t\t\t\t\t\t\t\t\t<div id=\"elementor-tab-title-1231\" class=\"elementor-tab-title elementor-tab-desktop-title\" aria-selected=\"true\" data-tab=\"1\" role=\"tab\" tabindex=\"0\" aria-controls=\"elementor-tab-content-1231\" aria-expanded=\"false\">Hauptmerkmale f\u00fcr den Benutzer<\/div>\n\t\t\t\t\t\t\t\t\t<div id=\"elementor-tab-title-1232\" class=\"elementor-tab-title elementor-tab-desktop-title\" aria-selected=\"false\" data-tab=\"2\" role=\"tab\" tabindex=\"-1\" aria-controls=\"elementor-tab-content-1232\" aria-expanded=\"false\">Hauptmerkmale f\u00fcr den OEM<\/div>\n\t\t\t\t\t\t\t\t\t<div id=\"elementor-tab-title-1233\" class=\"elementor-tab-title elementor-tab-desktop-title\" aria-selected=\"false\" data-tab=\"3\" role=\"tab\" tabindex=\"-1\" aria-controls=\"elementor-tab-content-1233\" aria-expanded=\"false\">Informationen zur Bestellung<\/div>\n\t\t\t\t\t\t\t<\/div>\n\t\t\t<div class=\"elementor-tabs-content-wrapper\" role=\"tablist\" aria-orientation=\"vertical\">\n\t\t\t\t\t\t\t\t\t<div class=\"elementor-tab-title elementor-tab-mobile-title\" aria-selected=\"true\" data-tab=\"1\" role=\"tab\" tabindex=\"0\" aria-controls=\"elementor-tab-content-1231\" aria-expanded=\"false\">Hauptmerkmale f\u00fcr den Benutzer<\/div>\n\t\t\t\t\t<div id=\"elementor-tab-content-1231\" class=\"elementor-tab-content elementor-clearfix\" data-tab=\"1\" role=\"tabpanel\" aria-labelledby=\"elementor-tab-title-1231\" tabindex=\"0\" hidden=\"false\"><p>&#8211; 24 Zoll moderner, stromlinienf\u00f6rmiger Touchscreen mit Glasoberfl\u00e4che, der auch mit Handschuhen bedient werden kann.<br \/>&#8211; Benutzerfreundliches HMI, dank intuitiver Programmierung.<br \/>&#8211; Vollst\u00e4ndige 3D-Visualisierung und -Simulation.<br \/>&#8211; Teileverwaltung mit Import von DXF-Flachmustern und Dateien im 3D-Format.<br \/>&#8211; DXF-Export.<br \/>&#8211; Automatische L\u00f6sungen f\u00fcr komplexe Teile: automatische Biegefolge, Vermessung, Werkzeugbereitstellung und automatische Segmentierung.<br \/>&#8211; H\u00f6chste Biegepr\u00e4zision dank ausgekl\u00fcgelter Algorythmen.<br \/>&#8211; Tandem<br \/>&#8211; Werkzeuge importieren.<br \/>&#8211; Gruppenmanagement f\u00fcr eine komplexe Produktion.<br \/>&#8211; Vorl\u00e4ufige \/ endg\u00fcltige Kurve.<br \/>&#8211; Verwaltung des Saums.<br \/>&#8211; L\u00e4uft unter Windows 10 f\u00fcr Multitasking und Netzwerke.<br \/>&#8211; Messung des Winkels.<br \/>&#8211; Barcode-Leser<br \/>&#8211; Anpassbare Industrie 4.0<br \/>&#8211; L\u00e4uft unter Windows 10 mit UWF-Abschaltschutz.<\/p>\n<\/div>\n\t\t\t\t\t\t\t\t\t<div class=\"elementor-tab-title elementor-tab-mobile-title\" aria-selected=\"false\" data-tab=\"2\" role=\"tab\" tabindex=\"-1\" aria-controls=\"elementor-tab-content-1232\" aria-expanded=\"false\">Hauptmerkmale f\u00fcr den OEM<\/div>\n\t\t\t\t\t<div id=\"elementor-tab-content-1232\" class=\"elementor-tab-content elementor-clearfix\" data-tab=\"2\" role=\"tabpanel\" aria-labelledby=\"elementor-tab-title-1232\" tabindex=\"0\" hidden=\"hidden\"><p>&#8211; Einrichtung mit speziellen Assistenten (Auto-Tuning).<br \/>&#8211; Alle Kinematiken verf\u00fcgbar:<br \/> &#8211; F\u00fcr die Achsen X, Xrelatives, Xslave, R, Rslave und Z.<br \/> &#8211; F\u00fcr hintere und vordere Mehrfachmessger\u00e4te.<br \/> &#8211; F\u00fcr Biegehilfen.<br \/> &#8211; Bis zu 26 Achsen.<br \/>&#8211; Achsensteuerung \u00fcber CANopen\u00ae und EtherCAT\u00ae mit breiter Konfigurationskompatibilit\u00e4t.<br \/>&#8211; Anpassbare Benutzertasten f\u00fcr den Maschinenbediener.<br \/>&#8211; Offenes System f\u00fcr Anpassungen.<br \/>&#8211; Interaktionen mit dem Balken durch spezifische Zyklen zur Steuerung von hybriden und elektrischen Abkantpressen.<br \/>&#8211; Dynamische und geregelte Bombierungszyklen.<br \/>&#8211; Plug-in f\u00fcr HMI-Teil.<br \/>&#8211; Kommunikationsprotokoll mit Armrobotern f\u00fcr Abkantpressenanwendungen.<\/p>\n<\/div>\n\t\t\t\t\t\t\t\t\t<div class=\"elementor-tab-title elementor-tab-mobile-title\" aria-selected=\"false\" data-tab=\"3\" role=\"tab\" tabindex=\"-1\" aria-controls=\"elementor-tab-content-1233\" aria-expanded=\"false\">Informationen zur Bestellung<\/div>\n\t\t\t\t\t<div id=\"elementor-tab-content-1233\" class=\"elementor-tab-content elementor-clearfix\" data-tab=\"3\" role=\"tabpanel\" aria-labelledby=\"elementor-tab-title-1233\" tabindex=\"0\" hidden=\"hidden\"><p>&#8211; VisiTouch 24 MX Grundausstattung mit 4 Achsen (Y1, Y2, 2 Achsen), PS-3D Software mit vielen Softwareoptionen.<br \/>&#8211; CybMVA-Konfigurationen f\u00fcr alle Arten von Abkantpressen mit:<br \/> &#8211; Digitale oder analoge elektrische Achsen.<br \/> &#8211; Proportionalventile mit oder ohne R\u00fcckf\u00fchrung.<br \/> &#8211; Servo-Ventile<br \/>&#8211; VisiTouch PC Offline-Software verf\u00fcgbar f\u00fcr VisiTouch 24 MX:<br \/> &#8211; 3D OFT-VST-MX<br \/> &#8211; 3D+Einfuhr OFT-VST-MXIMP<\/p>\n<\/div>\n\t\t\t\t\t\t\t<\/div>\n\t\t<\/div>\n\t\t\t\t\t\t<\/div>\n\t\t\t\t<\/div>\n\t\t\t\t\t<\/div>\n\t\t<\/div>\n\t\t\t\t\t<\/div>\n\t\t<\/section>\n\t\t\t\t<\/div>\n\t\t","protected":false},"excerpt":{"rendered":"<p>VisiTouch 24 MX ist eine grafische 3D-Steuerung f\u00fcr CNC-Abkantpressen mit einer neuen All-in-One-L\u00f6sung: &#8211; 24-Zoll-Full-Touch-Screen und die CNC-Platine auf der R\u00fcckseite des Bildschirms montiert.&#8211; Voll digital mit CANopen\u00ae- und EtherCAT\u00ae-Feldbussen zur Steuerung vieler Achsen&#8211; Importieren, programmieren, visualisieren und simulieren Sie die Biegung eines Teils, alles in 3D, schnell, einfach und effizient.&#8211; Schnittstelle zu allen Arten [&hellip;]<\/p>\n","protected":false},"author":1,"featured_media":0,"parent":0,"menu_order":0,"comment_status":"closed","ping_status":"closed","template":"","meta":{"site-sidebar-layout":"no-sidebar","site-content-layout":"page-builder","ast-site-content-layout":"full-width-container","site-content-style":"default","site-sidebar-style":"default","ast-global-header-display":"","ast-banner-title-visibility":"","ast-main-header-display":"","ast-hfb-above-header-display":"","ast-hfb-below-header-display":"","ast-hfb-mobile-header-display":"","site-post-title":"disabled","ast-breadcrumbs-content":"","ast-featured-img":"disabled","footer-sml-layout":"","ast-disable-related-posts":"","theme-transparent-header-meta":"","adv-header-id-meta":"","stick-header-meta":"","header-above-stick-meta":"","header-main-stick-meta":"","header-below-stick-meta":"","astra-migrate-meta-layouts":"default","ast-page-background-enabled":"default","ast-page-background-meta":{"desktop":{"background-color":"","background-image":"","background-repeat":"repeat","background-position":"center center","background-size":"auto","background-attachment":"scroll","background-type":"","background-media":"","overlay-type":"","overlay-color":"","overlay-opacity":"","overlay-gradient":""},"tablet":{"background-color":"","background-image":"","background-repeat":"repeat","background-position":"center center","background-size":"auto","background-attachment":"scroll","background-type":"","background-media":"","overlay-type":"","overlay-color":"","overlay-opacity":"","overlay-gradient":""},"mobile":{"background-color":"","background-image":"","background-repeat":"repeat","background-position":"center center","background-size":"auto","background-attachment":"scroll","background-type":"","background-media":"","overlay-type":"","overlay-color":"","overlay-opacity":"","overlay-gradient":""}},"ast-content-background-meta":{"desktop":{"background-color":"var(--ast-global-color-5)","background-image":"","background-repeat":"repeat","background-position":"center center","background-size":"auto","background-attachment":"scroll","background-type":"","background-media":"","overlay-type":"","overlay-color":"","overlay-opacity":"","overlay-gradient":""},"tablet":{"background-color":"var(--ast-global-color-5)","background-image":"","background-repeat":"repeat","background-position":"center center","background-size":"auto","background-attachment":"scroll","background-type":"","background-media":"","overlay-type":"","overlay-color":"","overlay-opacity":"","overlay-gradient":""},"mobile":{"background-color":"var(--ast-global-color-5)","background-image":"","background-repeat":"repeat","background-position":"center center","background-size":"auto","background-attachment":"scroll","background-type":"","background-media":"","overlay-type":"","overlay-color":"","overlay-opacity":"","overlay-gradient":""}},"footnotes":""},"class_list":["post-23399","page","type-page","status-publish","hentry"],"aioseo_notices":[],"_links":{"self":[{"href":"https:\/\/cybelec.ch\/de\/wp-json\/wp\/v2\/pages\/23399","targetHints":{"allow":["GET"]}}],"collection":[{"href":"https:\/\/cybelec.ch\/de\/wp-json\/wp\/v2\/pages"}],"about":[{"href":"https:\/\/cybelec.ch\/de\/wp-json\/wp\/v2\/types\/page"}],"author":[{"embeddable":true,"href":"https:\/\/cybelec.ch\/de\/wp-json\/wp\/v2\/users\/1"}],"replies":[{"embeddable":true,"href":"https:\/\/cybelec.ch\/de\/wp-json\/wp\/v2\/comments?post=23399"}],"version-history":[{"count":6,"href":"https:\/\/cybelec.ch\/de\/wp-json\/wp\/v2\/pages\/23399\/revisions"}],"predecessor-version":[{"id":27099,"href":"https:\/\/cybelec.ch\/de\/wp-json\/wp\/v2\/pages\/23399\/revisions\/27099"}],"wp:attachment":[{"href":"https:\/\/cybelec.ch\/de\/wp-json\/wp\/v2\/media?parent=23399"}],"curies":[{"name":"wp","href":"https:\/\/api.w.org\/{rel}","templated":true}]}}