{"id":23403,"date":"2024-06-05T08:58:39","date_gmt":"2024-06-05T06:58:39","guid":{"rendered":"https:\/\/cybelec.ch\/visitouch-24\/"},"modified":"2025-05-15T17:09:35","modified_gmt":"2025-05-15T15:09:35","slug":"visitouch-24","status":"publish","type":"page","link":"https:\/\/cybelec.ch\/de\/visitouch-24\/","title":{"rendered":"VisiTouch 24"},"content":{"rendered":"\t\t<div data-elementor-type=\"wp-page\" data-elementor-id=\"23403\" class=\"elementor elementor-23403 elementor-22891\" data-elementor-post-type=\"page\">\n\t\t\t\t\t\t<section class=\"elementor-section elementor-top-section elementor-element elementor-element-899426c elementor-reverse-mobile elementor-section-boxed elementor-section-height-default elementor-section-height-default\" data-id=\"899426c\" data-element_type=\"section\" data-e-type=\"section\">\n\t\t\t\t\t\t<div class=\"elementor-container elementor-column-gap-no\">\n\t\t\t\t\t<div class=\"elementor-column elementor-col-50 elementor-top-column elementor-element elementor-element-749a5e4\" data-id=\"749a5e4\" data-element_type=\"column\" data-e-type=\"column\">\n\t\t\t<div class=\"elementor-widget-wrap elementor-element-populated\">\n\t\t\t\t\t\t<div class=\"elementor-element elementor-element-b374c03 elementor-widget elementor-widget-gallery\" data-id=\"b374c03\" data-element_type=\"widget\" data-e-type=\"widget\" data-settings=\"{&quot;columns&quot;:1,&quot;aspect_ratio&quot;:&quot;1:1&quot;,&quot;columns_mobile&quot;:2,&quot;lazyload&quot;:&quot;yes&quot;,&quot;gallery_layout&quot;:&quot;grid&quot;,&quot;columns_tablet&quot;:2,&quot;gap&quot;:{&quot;unit&quot;:&quot;px&quot;,&quot;size&quot;:10,&quot;sizes&quot;:[]},&quot;gap_tablet&quot;:{&quot;unit&quot;:&quot;px&quot;,&quot;size&quot;:10,&quot;sizes&quot;:[]},&quot;gap_mobile&quot;:{&quot;unit&quot;:&quot;px&quot;,&quot;size&quot;:10,&quot;sizes&quot;:[]},&quot;link_to&quot;:&quot;file&quot;,&quot;content_hover_animation&quot;:&quot;fade-in&quot;}\" data-widget_type=\"gallery.default\">\n\t\t\t\t<div class=\"elementor-widget-container\">\n\t\t\t\t\t\t\t<div class=\"elementor-gallery__container\">\n\t\t\t\t\t\t\t<a class=\"e-gallery-item elementor-gallery-item elementor-animated-content\" href=\"https:\/\/cybelec.ch\/wp-content\/uploads\/2023\/09\/Flyer_VisiTouch-24_V1.jpg\" data-elementor-open-lightbox=\"yes\" data-elementor-lightbox-slideshow=\"b374c03\" data-e-action-hash=\"#elementor-action%3Aaction%3Dlightbox%26settings%3DeyJpZCI6MTkxNzAsInVybCI6Imh0dHBzOlwvXC9jeWJlbGVjLmNoXC93cC1jb250ZW50XC91cGxvYWRzXC8yMDIzXC8wOVwvRmx5ZXJfVmlzaVRvdWNoLTI0X1YxLmpwZyIsInNsaWRlc2hvdyI6ImIzNzRjMDMifQ%3D%3D\">\n\t\t\t\t\t<div class=\"e-gallery-image elementor-gallery-item__image\" data-thumbnail=\"https:\/\/cybelec.ch\/wp-content\/uploads\/2023\/09\/Flyer_VisiTouch-24_V1.jpg\" data-width=\"1200\" data-height=\"1019\" aria-label=\"\" role=\"img\" ><\/div>\n\t\t\t\t\t\t\t\t\t\t\t\t\t\t<\/a>\n\t\t\t\t\t<\/div>\n\t\t\t\t\t<\/div>\n\t\t\t\t<\/div>\n\t\t\t\t\t<\/div>\n\t\t<\/div>\n\t\t\t\t<div class=\"elementor-column elementor-col-50 elementor-top-column elementor-element elementor-element-aeec2cc\" data-id=\"aeec2cc\" data-element_type=\"column\" data-e-type=\"column\">\n\t\t\t<div class=\"elementor-widget-wrap elementor-element-populated\">\n\t\t\t\t\t\t<div class=\"elementor-element elementor-element-38c9836 elementor-widget elementor-widget-heading\" data-id=\"38c9836\" data-element_type=\"widget\" data-e-type=\"widget\" data-widget_type=\"heading.default\">\n\t\t\t\t<div class=\"elementor-widget-container\">\n\t\t\t\t\t<h2 class=\"elementor-heading-title elementor-size-default\">VisiTouch 24 ist eine hervorragende numerische Steuerung f\u00fcr Abkantpressen mit einer neuen All-in-One-L\u00f6sung<\/h2>\t\t\t\t<\/div>\n\t\t\t\t<\/div>\n\t\t\t\t<div class=\"elementor-element elementor-element-60d37af elementor-widget elementor-widget-text-editor\" data-id=\"60d37af\" data-element_type=\"widget\" data-e-type=\"widget\" data-widget_type=\"text-editor.default\">\n\t\t\t\t<div class=\"elementor-widget-container\">\n\t\t\t\t\t\t\t\t\t<ul><li>24-Zoll-Touchscreen mit voller Oberfl\u00e4che und auf der R\u00fcckseite des Bildschirms montierter CNC-Platine.<\/li><li>Voll digital mit CANopen\u00ae- und EtherCAT\u00ae-Feldbussen zur Steuerung vieler Achsen<\/li><li>Einzigartiges Erlebnis beim Zeichnen von 2D-Grafikprofilen (Touch Profile) und 3D-Viewer dank einer neuen Quadcore-Prozessoreinheit.<\/li><li>Schnittstelle zu allen Arten von Hydrauliksystemen, E\/A und analogen Achsen dank der CybIO-Module, die in den Schr\u00e4nken untergebracht sind.<\/li><\/ul><p>Zus\u00e4tzlich zu allen Funktionen, die sowohl f\u00fcr einfache als auch f\u00fcr anspruchsvolle hydraulische, elektrische und hybride Abkantpressen zur Verf\u00fcgung stehen, bietet VisiTouch Pac auch ein offenes System, das die Anpassung an die Anforderungen des Produktionsmanagements der Industrie 4.0 erm\u00f6glicht.<\/p>\t\t\t\t\t\t\t\t<\/div>\n\t\t\t\t<\/div>\n\t\t\t\t<section class=\"elementor-section elementor-inner-section elementor-element elementor-element-84a005b elementor-section-boxed elementor-section-height-default elementor-section-height-default\" data-id=\"84a005b\" data-element_type=\"section\" data-e-type=\"section\">\n\t\t\t\t\t\t<div class=\"elementor-container elementor-column-gap-default\">\n\t\t\t\t\t<div class=\"elementor-column elementor-col-33 elementor-inner-column elementor-element elementor-element-f84aea3\" data-id=\"f84aea3\" data-element_type=\"column\" data-e-type=\"column\">\n\t\t\t<div class=\"elementor-widget-wrap elementor-element-populated\">\n\t\t\t\t\t\t<div class=\"elementor-element elementor-element-dd16c94 elementor-align-justify elementor-widget elementor-widget-button\" data-id=\"dd16c94\" data-element_type=\"widget\" data-e-type=\"widget\" data-widget_type=\"button.default\">\n\t\t\t\t<div class=\"elementor-widget-container\">\n\t\t\t\t\t\t\t\t\t<div class=\"elementor-button-wrapper\">\n\t\t\t\t\t<a class=\"elementor-button elementor-button-link elementor-size-sm\" href=\"https:\/\/cybelec.ch\/wp-content\/uploads\/2025\/05\/Flyer_VisiTouch-24_V1.3_DE-1.pdf\" target=\"_blank\">\n\t\t\t\t\t\t<span class=\"elementor-button-content-wrapper\">\n\t\t\t\t\t\t\t\t\t<span class=\"elementor-button-text\">Download des Flyers<\/span>\n\t\t\t\t\t<\/span>\n\t\t\t\t\t<\/a>\n\t\t\t\t<\/div>\n\t\t\t\t\t\t\t\t<\/div>\n\t\t\t\t<\/div>\n\t\t\t\t\t<\/div>\n\t\t<\/div>\n\t\t\t\t<div class=\"elementor-column elementor-col-33 elementor-inner-column elementor-element elementor-element-eef4af9\" data-id=\"eef4af9\" data-element_type=\"column\" data-e-type=\"column\">\n\t\t\t<div class=\"elementor-widget-wrap elementor-element-populated\">\n\t\t\t\t\t\t<div class=\"elementor-element elementor-element-fef66b9 elementor-align-justify elementor-widget__width-initial elementor-widget elementor-widget-button\" data-id=\"fef66b9\" data-element_type=\"widget\" data-e-type=\"widget\" data-widget_type=\"button.default\">\n\t\t\t\t<div class=\"elementor-widget-container\">\n\t\t\t\t\t\t\t\t\t<div class=\"elementor-button-wrapper\">\n\t\t\t\t\t<a class=\"elementor-button elementor-button-link elementor-size-sm\" href=\"https:\/\/cybelec.ch\/wp-content\/uploads\/2023\/10\/Datasheet_VisiTouch-24_V1.4_EN-2.pdf\" target=\"_blank\">\n\t\t\t\t\t\t<span class=\"elementor-button-content-wrapper\">\n\t\t\t\t\t\t\t\t\t<span class=\"elementor-button-text\">Datenblatt herunterladen<\/span>\n\t\t\t\t\t<\/span>\n\t\t\t\t\t<\/a>\n\t\t\t\t<\/div>\n\t\t\t\t\t\t\t\t<\/div>\n\t\t\t\t<\/div>\n\t\t\t\t\t<\/div>\n\t\t<\/div>\n\t\t\t\t<div class=\"elementor-column elementor-col-33 elementor-inner-column elementor-element elementor-element-bce1c75\" data-id=\"bce1c75\" data-element_type=\"column\" data-e-type=\"column\">\n\t\t\t<div class=\"elementor-widget-wrap\">\n\t\t\t\t\t\t\t<\/div>\n\t\t<\/div>\n\t\t\t\t\t<\/div>\n\t\t<\/section>\n\t\t\t\t\t<\/div>\n\t\t<\/div>\n\t\t\t\t\t<\/div>\n\t\t<\/section>\n\t\t\t\t<section class=\"elementor-section elementor-top-section elementor-element elementor-element-c5966f5 elementor-section-boxed elementor-section-height-default elementor-section-height-default\" data-id=\"c5966f5\" data-element_type=\"section\" data-e-type=\"section\">\n\t\t\t\t\t\t<div class=\"elementor-container elementor-column-gap-default\">\n\t\t\t\t\t<div class=\"elementor-column elementor-col-100 elementor-top-column elementor-element elementor-element-9945ef1\" data-id=\"9945ef1\" data-element_type=\"column\" data-e-type=\"column\">\n\t\t\t<div class=\"elementor-widget-wrap elementor-element-populated\">\n\t\t\t\t\t\t<div class=\"elementor-element elementor-element-48a4062 elementor-tabs-view-horizontal elementor-widget elementor-widget-tabs\" data-id=\"48a4062\" data-element_type=\"widget\" data-e-type=\"widget\" data-widget_type=\"tabs.default\">\n\t\t\t\t<div class=\"elementor-widget-container\">\n\t\t\t\t\t\t\t<div class=\"elementor-tabs\">\n\t\t\t<div class=\"elementor-tabs-wrapper\" role=\"tablist\" >\n\t\t\t\t\t\t\t\t\t<div id=\"elementor-tab-title-7611\" class=\"elementor-tab-title elementor-tab-desktop-title\" aria-selected=\"true\" data-tab=\"1\" role=\"tab\" tabindex=\"0\" aria-controls=\"elementor-tab-content-7611\" aria-expanded=\"false\">Hauptfunktionen f\u00fcr den Benutzer<\/div>\n\t\t\t\t\t\t\t\t\t<div id=\"elementor-tab-title-7612\" class=\"elementor-tab-title elementor-tab-desktop-title\" aria-selected=\"false\" data-tab=\"2\" role=\"tab\" tabindex=\"-1\" aria-controls=\"elementor-tab-content-7612\" aria-expanded=\"false\">Hauptfunktionen f\u00fcr den OEM<\/div>\n\t\t\t\t\t\t\t\t\t<div id=\"elementor-tab-title-7613\" class=\"elementor-tab-title elementor-tab-desktop-title\" aria-selected=\"false\" data-tab=\"3\" role=\"tab\" tabindex=\"-1\" aria-controls=\"elementor-tab-content-7613\" aria-expanded=\"false\">Informationen zur Bestellung<\/div>\n\t\t\t\t\t\t\t<\/div>\n\t\t\t<div class=\"elementor-tabs-content-wrapper\" role=\"tablist\" aria-orientation=\"vertical\">\n\t\t\t\t\t\t\t\t\t<div class=\"elementor-tab-title elementor-tab-mobile-title\" aria-selected=\"true\" data-tab=\"1\" role=\"tab\" tabindex=\"0\" aria-controls=\"elementor-tab-content-7611\" aria-expanded=\"false\">Hauptfunktionen f\u00fcr den Benutzer<\/div>\n\t\t\t\t\t<div id=\"elementor-tab-content-7611\" class=\"elementor-tab-content elementor-clearfix\" data-tab=\"1\" role=\"tabpanel\" aria-labelledby=\"elementor-tab-title-7611\" tabindex=\"0\" hidden=\"false\"><p>&#8211; Moderner 24-Zoll-Touchscreen mit profilierter Glasoberfl\u00e4che, der auch mit Handschuhen bedient werden kann.<br \/>&#8211; Benutzerfreundliche grafische Oberfl\u00e4che mit intuitiver Programmierung.<br \/>&#8211; Grafische 2D-Profilzeichnung (Touch Profile) und 3D-Visualisierung.<br \/>&#8211; Automatische Berechnung der Biegefolge.<br \/>&#8211; H\u00f6chste Biegegenauigkeit dank ausgekl\u00fcgelter Algorithmen.<br \/>&#8211; Tandem.<br \/>&#8211; Werkzeug-Import.<br \/>&#8211; Gruppenmanagement f\u00fcr komplexe Produktionen.<br \/>&#8211; Vorbiegen\/Endbiegen.<br \/>&#8211; Verwaltung der S\u00e4ume.<br \/>&#8211; Windows 10-Betrieb f\u00fcr Multitasking und Netzwerke.<br \/>&#8211; Messung des Winkels.<br \/>&#8211; Barcode-Leser.<br \/>&#8211; Anpassbar mit Industrie 4.0.<br \/>&#8211; L\u00e4uft unter Windows 10 mit UWF-Schnittschutz.<\/p>\n<\/div>\n\t\t\t\t\t\t\t\t\t<div class=\"elementor-tab-title elementor-tab-mobile-title\" aria-selected=\"false\" data-tab=\"2\" role=\"tab\" tabindex=\"-1\" aria-controls=\"elementor-tab-content-7612\" aria-expanded=\"false\">Hauptfunktionen f\u00fcr den OEM<\/div>\n\t\t\t\t\t<div id=\"elementor-tab-content-7612\" class=\"elementor-tab-content elementor-clearfix\" data-tab=\"2\" role=\"tabpanel\" aria-labelledby=\"elementor-tab-title-7612\" tabindex=\"0\" hidden=\"hidden\"><p>&#8211; Konfiguration mit spezifischen Assistenten (Auto-Tuning).<br \/>&#8211; Alle Kinematiken sind verf\u00fcgbar:<br \/>&#8211; F\u00fcr X-Achse, Xslave, R-, Rslave und Z-Achse.<br \/>&#8211; F\u00fcr mehrere hintere und vordere Geber.<br \/>&#8211; F\u00fcr Falthilfen.<br \/>&#8211; Bis zu 26 Achsen.<br \/>&#8211; Achssteuerung \u00fcber CANopen\u00ae und EtherCAT\u00ae mit hoher Konfigurationskompatibilit\u00e4t.<br \/>&#8211; Individuell anpassbare Benutzertasten f\u00fcr den Maschinenbediener.<br \/>&#8211; Offenes System f\u00fcr individuelle Anpassung.<br \/>&#8211; Paketinteraktion durch spezifische Zyklen zur Steuerung von hybriden und elektrischen Abkantpressen.<br \/>&#8211; Dynamische und kontrollierte Bombierungszyklen.<br \/>&#8211; Plug-in f\u00fcr HMI-Teil.<br \/>&#8211; Kommunikationsprotokoll mit Armrobotern f\u00fcr Abkantpressenanwendungen.<\/p>\n<\/div>\n\t\t\t\t\t\t\t\t\t<div class=\"elementor-tab-title elementor-tab-mobile-title\" aria-selected=\"false\" data-tab=\"3\" role=\"tab\" tabindex=\"-1\" aria-controls=\"elementor-tab-content-7613\" aria-expanded=\"false\">Informationen zur Bestellung<\/div>\n\t\t\t\t\t<div id=\"elementor-tab-content-7613\" class=\"elementor-tab-content elementor-clearfix\" data-tab=\"3\" role=\"tabpanel\" aria-labelledby=\"elementor-tab-title-7613\" tabindex=\"0\" hidden=\"hidden\"><p>&#8211; Die Basiskonfiguration von VisiTouch 24 mit 4 Achsen (Y1, Y2, 2 Achsen), PS2D-Software und 3D-Visualisierung kann mit zahlreichen Softwareoptionen konfiguriert werden.<br \/>&#8211; CybIO Konfigurationen sind f\u00fcr alle Arten von Abkantpressen mit :<br \/>&#8211; Digitale oder analoge elektrische Achsen.<br \/>&#8211; Proportionalventile mit oder ohne R\u00fcckf\u00fchrung.<br \/>&#8211; Servo-Ventile.<br \/>&#8211; VisiTouch PC Offline-Software verf\u00fcgbar f\u00fcr VisiTouch 24 :<br \/>&#8211; 2D OFT-VST-2<br \/>&#8211; 3D OFT-VST-MX<br \/>&#8211; 3D+Import OFT VST-MXIMP<\/p><\/div>\n\t\t\t\t\t\t\t<\/div>\n\t\t<\/div>\n\t\t\t\t\t\t<\/div>\n\t\t\t\t<\/div>\n\t\t\t\t<div class=\"elementor-element elementor-element-f202844 elementor-view-default elementor-position-block-start elementor-mobile-position-block-start elementor-widget elementor-widget-icon-box\" data-id=\"f202844\" data-element_type=\"widget\" data-e-type=\"widget\" data-widget_type=\"icon-box.default\">\n\t\t\t\t<div class=\"elementor-widget-container\">\n\t\t\t\t\t\t\t<div class=\"elementor-icon-box-wrapper\">\n\n\t\t\t\t\t\t<div class=\"elementor-icon-box-icon\">\n\t\t\t\t<a href=\"https:\/\/cybelec.ch\/wp-content\/uploads\/2020\/12\/VT_Options_V1x_EN.pdf\" target=\"_blank\" class=\"elementor-icon\" tabindex=\"-1\" aria-label=\"VisiTouch-Optionen\">\n\t\t\t\t<svg aria-hidden=\"true\" class=\"e-font-icon-svg e-far-file-pdf\" viewBox=\"0 0 384 512\" xmlns=\"http:\/\/www.w3.org\/2000\/svg\"><path d=\"M369.9 97.9L286 14C277 5 264.8-.1 252.1-.1H48C21.5 0 0 21.5 0 48v416c0 26.5 21.5 48 48 48h288c26.5 0 48-21.5 48-48V131.9c0-12.7-5.1-25-14.1-34zM332.1 128H256V51.9l76.1 76.1zM48 464V48h160v104c0 13.3 10.7 24 24 24h104v288H48zm250.2-143.7c-12.2-12-47-8.7-64.4-6.5-17.2-10.5-28.7-25-36.8-46.3 3.9-16.1 10.1-40.6 5.4-56-4.2-26.2-37.8-23.6-42.6-5.9-4.4 16.1-.4 38.5 7 67.1-10 23.9-24.9 56-35.4 74.4-20 10.3-47 26.2-51 46.2-3.3 15.8 26 55.2 76.1-31.2 22.4-7.4 46.8-16.5 68.4-20.1 18.9 10.2 41 17 55.8 17 25.5 0 28-28.2 17.5-38.7zm-198.1 77.8c5.1-13.7 24.5-29.5 30.4-35-19 30.3-30.4 35.7-30.4 35zm81.6-190.6c7.4 0 6.7 32.1 1.8 40.8-4.4-13.9-4.3-40.8-1.8-40.8zm-24.4 136.6c9.7-16.9 18-37 24.7-54.7 8.3 15.1 18.9 27.2 30.1 35.5-20.8 4.3-38.9 13.1-54.8 19.2zm131.6-5s-5 6-37.3-7.8c35.1-2.6 40.9 5.4 37.3 7.8z\"><\/path><\/svg>\t\t\t\t<\/a>\n\t\t\t<\/div>\n\t\t\t\n\t\t\t\t\t\t<div class=\"elementor-icon-box-content\">\n\n\t\t\t\t\t\t\t\t\t<h3 class=\"elementor-icon-box-title\">\n\t\t\t\t\t\t<a href=\"https:\/\/cybelec.ch\/wp-content\/uploads\/2020\/12\/VT_Options_V1x_EN.pdf\" target=\"_blank\" >\n\t\t\t\t\t\t\tVisiTouch-Optionen\t\t\t\t\t\t<\/a>\n\t\t\t\t\t<\/h3>\n\t\t\t\t\n\t\t\t\t\n\t\t\t<\/div>\n\t\t\t\n\t\t<\/div>\n\t\t\t\t\t\t<\/div>\n\t\t\t\t<\/div>\n\t\t\t\t\t<\/div>\n\t\t<\/div>\n\t\t\t\t\t<\/div>\n\t\t<\/section>\n\t\t\t\t<\/div>\n\t\t","protected":false},"excerpt":{"rendered":"<p>VisiTouch 24 ist eine hervorragende numerische Steuerung f\u00fcr Abkantpressen mit einer neuen All-in-One-L\u00f6sung 24-Zoll-Touchscreen mit voller Oberfl\u00e4che und auf der R\u00fcckseite des Bildschirms montierter CNC-Platine. Voll digital mit CANopen\u00ae- und EtherCAT\u00ae-Feldbussen zur Steuerung vieler Achsen Einzigartiges Erlebnis beim Zeichnen von 2D-Grafikprofilen (Touch Profile) und 3D-Viewer dank einer neuen Quadcore-Prozessoreinheit. Schnittstelle zu allen Arten von Hydrauliksystemen, [&hellip;]<\/p>\n","protected":false},"author":1,"featured_media":0,"parent":0,"menu_order":0,"comment_status":"closed","ping_status":"closed","template":"elementor_header_footer","meta":{"site-sidebar-layout":"no-sidebar","site-content-layout":"page-builder","ast-site-content-layout":"full-width-container","site-content-style":"default","site-sidebar-style":"default","ast-global-header-display":"","ast-banner-title-visibility":"","ast-main-header-display":"","ast-hfb-above-header-display":"","ast-hfb-below-header-display":"","ast-hfb-mobile-header-display":"","site-post-title":"disabled","ast-breadcrumbs-content":"","ast-featured-img":"disabled","footer-sml-layout":"","ast-disable-related-posts":"","theme-transparent-header-meta":"","adv-header-id-meta":"","stick-header-meta":"","header-above-stick-meta":"","header-main-stick-meta":"","header-below-stick-meta":"","astra-migrate-meta-layouts":"default","ast-page-background-enabled":"default","ast-page-background-meta":{"desktop":{"background-color":"","background-image":"","background-repeat":"repeat","background-position":"center center","background-size":"auto","background-attachment":"scroll","background-type":"","background-media":"","overlay-type":"","overlay-color":"","overlay-opacity":"","overlay-gradient":""},"tablet":{"background-color":"","background-image":"","background-repeat":"repeat","background-position":"center center","background-size":"auto","background-attachment":"scroll","background-type":"","background-media":"","overlay-type":"","overlay-color":"","overlay-opacity":"","overlay-gradient":""},"mobile":{"background-color":"","background-image":"","background-repeat":"repeat","background-position":"center center","background-size":"auto","background-attachment":"scroll","background-type":"","background-media":"","overlay-type":"","overlay-color":"","overlay-opacity":"","overlay-gradient":""}},"ast-content-background-meta":{"desktop":{"background-color":"var(--ast-global-color-5)","background-image":"","background-repeat":"repeat","background-position":"center center","background-size":"auto","background-attachment":"scroll","background-type":"","background-media":"","overlay-type":"","overlay-color":"","overlay-opacity":"","overlay-gradient":""},"tablet":{"background-color":"var(--ast-global-color-5)","background-image":"","background-repeat":"repeat","background-position":"center center","background-size":"auto","background-attachment":"scroll","background-type":"","background-media":"","overlay-type":"","overlay-color":"","overlay-opacity":"","overlay-gradient":""},"mobile":{"background-color":"var(--ast-global-color-5)","background-image":"","background-repeat":"repeat","background-position":"center center","background-size":"auto","background-attachment":"scroll","background-type":"","background-media":"","overlay-type":"","overlay-color":"","overlay-opacity":"","overlay-gradient":""}},"footnotes":""},"class_list":["post-23403","page","type-page","status-publish","hentry"],"aioseo_notices":[],"_links":{"self":[{"href":"https:\/\/cybelec.ch\/de\/wp-json\/wp\/v2\/pages\/23403","targetHints":{"allow":["GET"]}}],"collection":[{"href":"https:\/\/cybelec.ch\/de\/wp-json\/wp\/v2\/pages"}],"about":[{"href":"https:\/\/cybelec.ch\/de\/wp-json\/wp\/v2\/types\/page"}],"author":[{"embeddable":true,"href":"https:\/\/cybelec.ch\/de\/wp-json\/wp\/v2\/users\/1"}],"replies":[{"embeddable":true,"href":"https:\/\/cybelec.ch\/de\/wp-json\/wp\/v2\/comments?post=23403"}],"version-history":[{"count":18,"href":"https:\/\/cybelec.ch\/de\/wp-json\/wp\/v2\/pages\/23403\/revisions"}],"predecessor-version":[{"id":27138,"href":"https:\/\/cybelec.ch\/de\/wp-json\/wp\/v2\/pages\/23403\/revisions\/27138"}],"wp:attachment":[{"href":"https:\/\/cybelec.ch\/de\/wp-json\/wp\/v2\/media?parent=23403"}],"curies":[{"name":"wp","href":"https:\/\/api.w.org\/{rel}","templated":true}]}}