{"id":25574,"date":"2025-02-10T17:56:43","date_gmt":"2025-02-10T16:56:43","guid":{"rendered":"https:\/\/cybelec.ch\/visitouch-pac-dual-bildschirm\/"},"modified":"2025-03-13T10:44:29","modified_gmt":"2025-03-13T09:44:29","slug":"visitouch-pac-dual-bildschirm","status":"publish","type":"page","link":"https:\/\/cybelec.ch\/de\/visitouch-pac-dual-bildschirm\/","title":{"rendered":"VisiTouch Pac Dual-Bildschirm"},"content":{"rendered":"\t\t<div data-elementor-type=\"wp-page\" data-elementor-id=\"25574\" class=\"elementor elementor-25574 elementor-25516\" data-elementor-post-type=\"page\">\n\t\t\t\t\t\t<section class=\"elementor-section elementor-top-section elementor-element elementor-element-899426c elementor-reverse-mobile elementor-section-boxed elementor-section-height-default elementor-section-height-default\" data-id=\"899426c\" data-element_type=\"section\" data-e-type=\"section\">\n\t\t\t\t\t\t<div class=\"elementor-container elementor-column-gap-no\">\n\t\t\t\t\t<div class=\"elementor-column elementor-col-50 elementor-top-column elementor-element elementor-element-749a5e4\" data-id=\"749a5e4\" data-element_type=\"column\" data-e-type=\"column\">\n\t\t\t<div class=\"elementor-widget-wrap elementor-element-populated\">\n\t\t\t\t\t\t<div class=\"elementor-element elementor-element-22f89c5 elementor-widget elementor-widget-gallery\" data-id=\"22f89c5\" data-element_type=\"widget\" data-e-type=\"widget\" data-settings=\"{&quot;gallery_layout&quot;:&quot;masonry&quot;,&quot;columns&quot;:1,&quot;lazyload&quot;:&quot;yes&quot;,&quot;columns_tablet&quot;:2,&quot;columns_mobile&quot;:1,&quot;gap&quot;:{&quot;unit&quot;:&quot;px&quot;,&quot;size&quot;:10,&quot;sizes&quot;:[]},&quot;gap_tablet&quot;:{&quot;unit&quot;:&quot;px&quot;,&quot;size&quot;:10,&quot;sizes&quot;:[]},&quot;gap_mobile&quot;:{&quot;unit&quot;:&quot;px&quot;,&quot;size&quot;:10,&quot;sizes&quot;:[]},&quot;link_to&quot;:&quot;file&quot;,&quot;overlay_background&quot;:&quot;yes&quot;,&quot;content_hover_animation&quot;:&quot;fade-in&quot;}\" data-widget_type=\"gallery.default\">\n\t\t\t\t<div class=\"elementor-widget-container\">\n\t\t\t\t\t\t\t<div class=\"elementor-gallery__container\">\n\t\t\t\t\t\t\t<a class=\"e-gallery-item elementor-gallery-item elementor-animated-content\" href=\"https:\/\/cybelec.ch\/wp-content\/uploads\/2025\/02\/Capture-decran-2025-02-13-103701-1.png\" data-elementor-open-lightbox=\"yes\" data-elementor-lightbox-slideshow=\"22f89c5\" data-e-action-hash=\"#elementor-action%3Aaction%3Dlightbox%26settings%3DeyJpZCI6MjU1NDYsInVybCI6Imh0dHBzOlwvXC9jeWJlbGVjLmNoXC93cC1jb250ZW50XC91cGxvYWRzXC8yMDI1XC8wMlwvQ2FwdHVyZS1kZWNyYW4tMjAyNS0wMi0xMy0xMDM3MDEtMS5wbmciLCJzbGlkZXNob3ciOiIyMmY4OWM1In0%3D\">\n\t\t\t\t\t<div class=\"e-gallery-image elementor-gallery-item__image\" data-thumbnail=\"https:\/\/cybelec.ch\/wp-content\/uploads\/2025\/02\/Capture-decran-2025-02-13-103701-1.png\" data-width=\"445\" data-height=\"631\" aria-label=\"\" role=\"img\" ><\/div>\n\t\t\t\t\t\t\t\t\t\t\t<div class=\"elementor-gallery-item__overlay\"><\/div>\n\t\t\t\t\t\t\t\t\t\t\t\t\t\t<\/a>\n\t\t\t\t\t<\/div>\n\t\t\t\t\t<\/div>\n\t\t\t\t<\/div>\n\t\t\t\t\t<\/div>\n\t\t<\/div>\n\t\t\t\t<div class=\"elementor-column elementor-col-50 elementor-top-column elementor-element elementor-element-aeec2cc\" data-id=\"aeec2cc\" data-element_type=\"column\" data-e-type=\"column\">\n\t\t\t<div class=\"elementor-widget-wrap elementor-element-populated\">\n\t\t\t\t\t\t<div class=\"elementor-element elementor-element-38c9836 elementor-widget elementor-widget-heading\" data-id=\"38c9836\" data-element_type=\"widget\" data-e-type=\"widget\" data-widget_type=\"heading.default\">\n\t\t\t\t<div class=\"elementor-widget-container\">\n\t\t\t\t\t<h2 class=\"elementor-heading-title elementor-size-default\">Ein reibungsloserer Arbeitsablauf und h\u00f6here Genauigkeit zeichnen den VisiTouch Dual-Bildschirm aus.<\/h2>\t\t\t\t<\/div>\n\t\t\t\t<\/div>\n\t\t\t\t<div class=\"elementor-element elementor-element-60d37af elementor-widget elementor-widget-text-editor\" data-id=\"60d37af\" data-element_type=\"widget\" data-e-type=\"widget\" data-widget_type=\"text-editor.default\">\n\t\t\t\t<div class=\"elementor-widget-container\">\n\t\t\t\t\t\t\t\t\t<p>Entdecken Sie die Vorteile der Dual-Screen-Visualisierung f\u00fcr Ihren Arbeitsbereich. Ein Bildschirm ist f\u00fcr Ihre prim\u00e4re VisiTouch-Anwendung vorgesehen, w\u00e4hrend der zweite Bildschirm f\u00fcr die Anzeige zus\u00e4tzlicher Inhalte wie 2D\/3D-Ansichten oder PDFs\/Zeichnungsdateien genutzt werden kann. Ihr Arbeitsablauf wird dadurch reibungsloser und effizienter als je zuvor.<\/p>\n<p>Stellen Sie sich vor, alle wichtigen Werkzeuge und Dokumente, die Sie ben\u00f6tigen, sind direkt vor Ihnen, alles in einer einzigen, zusammenh\u00e4ngenden Einheit. Kein st\u00e4ndiges Hin- und Herwechseln zwischen Tabs oder das Durchsuchen von Papierstapeln mehr. Mit zwei Bildschirmen k\u00f6nnen Sie Ihren Hauptfokus auf das Biegen richten und gleichzeitig auf dem zweiten Bildschirm auf andere wichtige Materialien zugreifen.<\/p>\n<p>Diese Einrichtung spart nicht nur Zeit, sondern verringert auch das Risiko von Fehlern und verbessert die Gesamtqualit\u00e4t Ihrer Arbeit.<\/p>\n\t\t\t\t\t\t\t\t<\/div>\n\t\t\t\t<\/div>\n\t\t\t\t<section class=\"elementor-section elementor-inner-section elementor-element elementor-element-84a005b elementor-section-boxed elementor-section-height-default elementor-section-height-default\" data-id=\"84a005b\" data-element_type=\"section\" data-e-type=\"section\">\n\t\t\t\t\t\t<div class=\"elementor-container elementor-column-gap-default\">\n\t\t\t\t\t<div class=\"elementor-column elementor-col-33 elementor-inner-column elementor-element elementor-element-f84aea3\" data-id=\"f84aea3\" data-element_type=\"column\" data-e-type=\"column\">\n\t\t\t<div class=\"elementor-widget-wrap elementor-element-populated\">\n\t\t\t\t\t\t<div class=\"elementor-element elementor-element-dd16c94 elementor-align-justify elementor-widget__width-initial elementor-widget elementor-widget-button\" data-id=\"dd16c94\" data-element_type=\"widget\" data-e-type=\"widget\" data-widget_type=\"button.default\">\n\t\t\t\t<div class=\"elementor-widget-container\">\n\t\t\t\t\t\t\t\t\t<div class=\"elementor-button-wrapper\">\n\t\t\t\t\t<a class=\"elementor-button elementor-button-link elementor-size-sm\" href=\"https:\/\/cybelec.ch\/wp-content\/uploads\/2025\/02\/Flyer_VisiTouch_DualScreen_V1.0_EN.pdf\" target=\"_blank\">\n\t\t\t\t\t\t<span class=\"elementor-button-content-wrapper\">\n\t\t\t\t\t\t\t\t\t<span class=\"elementor-button-text\">Download des Flyers<\/span>\n\t\t\t\t\t<\/span>\n\t\t\t\t\t<\/a>\n\t\t\t\t<\/div>\n\t\t\t\t\t\t\t\t<\/div>\n\t\t\t\t<\/div>\n\t\t\t\t\t<\/div>\n\t\t<\/div>\n\t\t\t\t<div class=\"elementor-column elementor-col-33 elementor-inner-column elementor-element elementor-element-eef4af9\" data-id=\"eef4af9\" data-element_type=\"column\" data-e-type=\"column\">\n\t\t\t<div class=\"elementor-widget-wrap\">\n\t\t\t\t\t\t\t<\/div>\n\t\t<\/div>\n\t\t\t\t<div class=\"elementor-column elementor-col-33 elementor-inner-column elementor-element elementor-element-bce1c75\" data-id=\"bce1c75\" data-element_type=\"column\" data-e-type=\"column\">\n\t\t\t<div class=\"elementor-widget-wrap\">\n\t\t\t\t\t\t\t<\/div>\n\t\t<\/div>\n\t\t\t\t\t<\/div>\n\t\t<\/section>\n\t\t\t\t\t<\/div>\n\t\t<\/div>\n\t\t\t\t\t<\/div>\n\t\t<\/section>\n\t\t\t\t<section class=\"elementor-section elementor-top-section elementor-element elementor-element-c5966f5 elementor-section-boxed elementor-section-height-default elementor-section-height-default\" data-id=\"c5966f5\" data-element_type=\"section\" data-e-type=\"section\">\n\t\t\t\t\t\t<div class=\"elementor-container elementor-column-gap-default\">\n\t\t\t\t\t<div class=\"elementor-column elementor-col-100 elementor-top-column elementor-element elementor-element-9945ef1\" data-id=\"9945ef1\" data-element_type=\"column\" data-e-type=\"column\">\n\t\t\t<div class=\"elementor-widget-wrap elementor-element-populated\">\n\t\t\t\t\t\t<div class=\"elementor-element elementor-element-48a4062 elementor-tabs-view-horizontal elementor-widget elementor-widget-tabs\" data-id=\"48a4062\" data-element_type=\"widget\" data-e-type=\"widget\" data-widget_type=\"tabs.default\">\n\t\t\t\t<div class=\"elementor-widget-container\">\n\t\t\t\t\t\t\t<div class=\"elementor-tabs\">\n\t\t\t<div class=\"elementor-tabs-wrapper\" role=\"tablist\" >\n\t\t\t\t\t\t\t\t\t<div id=\"elementor-tab-title-7611\" class=\"elementor-tab-title elementor-tab-desktop-title\" aria-selected=\"true\" data-tab=\"1\" role=\"tab\" tabindex=\"0\" aria-controls=\"elementor-tab-content-7611\" aria-expanded=\"false\">Hauptfunktionen f\u00fcr den Benutzer<\/div>\n\t\t\t\t\t\t\t\t\t<div id=\"elementor-tab-title-7612\" class=\"elementor-tab-title elementor-tab-desktop-title\" aria-selected=\"false\" data-tab=\"2\" role=\"tab\" tabindex=\"-1\" aria-controls=\"elementor-tab-content-7612\" aria-expanded=\"false\">Informationen zur Bestellung<\/div>\n\t\t\t\t\t\t\t<\/div>\n\t\t\t<div class=\"elementor-tabs-content-wrapper\" role=\"tablist\" aria-orientation=\"vertical\">\n\t\t\t\t\t\t\t\t\t<div class=\"elementor-tab-title elementor-tab-mobile-title\" aria-selected=\"true\" data-tab=\"1\" role=\"tab\" tabindex=\"0\" aria-controls=\"elementor-tab-content-7611\" aria-expanded=\"false\">Hauptfunktionen f\u00fcr den Benutzer<\/div>\n\t\t\t\t\t<div id=\"elementor-tab-content-7611\" class=\"elementor-tab-content elementor-clearfix\" data-tab=\"1\" role=\"tabpanel\" aria-labelledby=\"elementor-tab-title-7611\" tabindex=\"0\" hidden=\"false\"><ul>\n<li><strong>Erh\u00f6hte Produktivit\u00e4t :<\/strong><\/li>\n<\/ul>\n<p style=\"padding-left: 40px;\">Mit zwei Bildschirmen wird Multitasking m\u00fchelos. Sie k\u00f6nnen an Ihrem Hauptprojekt arbeiten, w\u00e4hrend Sie gleichzeitig auf andere Dokumente zugreifen, ohne Ihren Arbeitsfluss zu unterbrechen.<\/p>\n<ul>\n<li><strong>Verbesserte Konzentration und Genauigkeit :<\/strong><\/li>\n<\/ul>\n<p style=\"padding-left: 40px;\">Alle notwendigen Informationen in 2D\/3D gleichzeitig angezeigt zu haben, verringert das Risiko von Fehlern und erm\u00f6glicht es Ihnen, sich besser auf Ihre Aufgaben zu konzentrieren.<\/p>\n<ul>\n<li><strong>Komfort und Effizienz :<\/strong><\/li>\n<\/ul>\n<p style=\"padding-left: 40px;\">Alles, was Sie brauchen, ist direkt zur Hand und ordentlich in Ihrer Dual-Bildschirm-Einrichtung organisiert. Dadurch k\u00f6nnen Sie die ben\u00f6tigten Materialien schnell aufrufen und genau dann darauf zugreifen, wenn Sie sie ben\u00f6tigen.<\/p>\n<\/div>\n\t\t\t\t\t\t\t\t\t<div class=\"elementor-tab-title elementor-tab-mobile-title\" aria-selected=\"false\" data-tab=\"2\" role=\"tab\" tabindex=\"-1\" aria-controls=\"elementor-tab-content-7612\" aria-expanded=\"false\">Informationen zur Bestellung<\/div>\n\t\t\t\t\t<div id=\"elementor-tab-content-7612\" class=\"elementor-tab-content elementor-clearfix\" data-tab=\"2\" role=\"tabpanel\" aria-labelledby=\"elementor-tab-title-7612\" tabindex=\"0\" hidden=\"hidden\"><p class=\"MsoNormal\"><span lang=\"EN-US\">Zus\u00e4tzlich zur numerischen Steuerung VisiTouch Pac oder VisiTouch Pac MX :<\/span><\/p><p class=\"MsoNormal\"><span lang=\"EN-US\"><strong>VST-19<\/strong>\u00a0 \u00a0 \u00a0 \u00a0 \u00a0Touchscreen-Konsole 19\u2033<\/span><\/p><p class=\"MsoNormal\"><span lang=\"EN-US\"><strong>OPT-DS<\/strong>\u00a0 \u00a0 \u00a0 \u00a0VisiTouch Pac Dual-Screen-Option inkl. m DVI- und USB-Kabel<\/span><\/p><p class=\"MsoNormal\"><span lang=\"EN-US\"><strong>OPT-MPDS<\/strong> Montageelement f\u00fcr Dual-Screen (zwischen beiden Bildschirmen)<\/span><\/p><\/div>\n\t\t\t\t\t\t\t<\/div>\n\t\t<\/div>\n\t\t\t\t\t\t<\/div>\n\t\t\t\t<\/div>\n\t\t\t\t\t<\/div>\n\t\t<\/div>\n\t\t\t\t\t<\/div>\n\t\t<\/section>\n\t\t\t\t<section class=\"elementor-section elementor-top-section elementor-element elementor-element-5dd46bc elementor-section-boxed elementor-section-height-default elementor-section-height-default\" data-id=\"5dd46bc\" data-element_type=\"section\" data-e-type=\"section\">\n\t\t\t\t\t\t<div class=\"elementor-container elementor-column-gap-default\">\n\t\t\t\t\t\t<\/div>\n\t\t<\/section>\n\t\t\t\t<section class=\"elementor-section elementor-top-section elementor-element elementor-element-ed41439 elementor-section-boxed elementor-section-height-default elementor-section-height-default\" data-id=\"ed41439\" data-element_type=\"section\" data-e-type=\"section\">\n\t\t\t\t\t\t<div class=\"elementor-container elementor-column-gap-default\">\n\t\t\t\t\t\t<\/div>\n\t\t<\/section>\n\t\t\t\t<section class=\"elementor-section elementor-top-section elementor-element elementor-element-5dcb07f elementor-section-boxed elementor-section-height-default elementor-section-height-default\" data-id=\"5dcb07f\" data-element_type=\"section\" data-e-type=\"section\">\n\t\t\t\t\t\t<div class=\"elementor-container elementor-column-gap-default\">\n\t\t\t\t\t\t<\/div>\n\t\t<\/section>\n\t\t\t\t<section class=\"elementor-section elementor-top-section elementor-element elementor-element-2f094b3 elementor-section-boxed elementor-section-height-default elementor-section-height-default\" data-id=\"2f094b3\" data-element_type=\"section\" data-e-type=\"section\">\n\t\t\t\t\t\t<div class=\"elementor-container elementor-column-gap-default\">\n\t\t\t\t\t\t<\/div>\n\t\t<\/section>\n\t\t\t\t<section class=\"elementor-section elementor-top-section elementor-element elementor-element-7ae8a58 elementor-section-boxed elementor-section-height-default elementor-section-height-default\" data-id=\"7ae8a58\" data-element_type=\"section\" data-e-type=\"section\">\n\t\t\t\t\t\t<div class=\"elementor-container elementor-column-gap-default\">\n\t\t\t\t\t\t<\/div>\n\t\t<\/section>\n\t\t\t\t<section class=\"elementor-section elementor-top-section elementor-element elementor-element-9dd5a14 elementor-section-boxed elementor-section-height-default elementor-section-height-default\" data-id=\"9dd5a14\" data-element_type=\"section\" data-e-type=\"section\">\n\t\t\t\t\t\t<div class=\"elementor-container elementor-column-gap-default\">\n\t\t\t\t\t\t<\/div>\n\t\t<\/section>\n\t\t\t\t<section class=\"elementor-section elementor-top-section elementor-element elementor-element-692a198 elementor-section-boxed elementor-section-height-default elementor-section-height-default\" data-id=\"692a198\" data-element_type=\"section\" data-e-type=\"section\">\n\t\t\t\t\t\t<div class=\"elementor-container elementor-column-gap-default\">\n\t\t\t\t\t\t<\/div>\n\t\t<\/section>\n\t\t\t\t<section class=\"elementor-section elementor-top-section elementor-element elementor-element-d560870 elementor-section-boxed elementor-section-height-default elementor-section-height-default\" data-id=\"d560870\" data-element_type=\"section\" data-e-type=\"section\">\n\t\t\t\t\t\t<div class=\"elementor-container elementor-column-gap-default\">\n\t\t\t\t\t\t<\/div>\n\t\t<\/section>\n\t\t\t\t<section class=\"elementor-section elementor-top-section elementor-element elementor-element-5223ba8 elementor-section-boxed elementor-section-height-default elementor-section-height-default\" data-id=\"5223ba8\" data-element_type=\"section\" data-e-type=\"section\">\n\t\t\t\t\t\t<div class=\"elementor-container elementor-column-gap-default\">\n\t\t\t\t\t<div class=\"elementor-column elementor-col-100 elementor-top-column elementor-element elementor-element-a1e84a9\" data-id=\"a1e84a9\" data-element_type=\"column\" data-e-type=\"column\">\n\t\t\t<div class=\"elementor-widget-wrap\">\n\t\t\t\t\t\t\t<\/div>\n\t\t<\/div>\n\t\t\t\t\t<\/div>\n\t\t<\/section>\n\t\t\t\t<section class=\"elementor-section elementor-top-section elementor-element elementor-element-43b6dca elementor-section-boxed elementor-section-height-default elementor-section-height-default\" data-id=\"43b6dca\" data-element_type=\"section\" data-e-type=\"section\">\n\t\t\t\t\t\t<div class=\"elementor-container elementor-column-gap-default\">\n\t\t\t\t\t<div class=\"elementor-column elementor-col-100 elementor-top-column elementor-element elementor-element-c2ebbe0\" data-id=\"c2ebbe0\" data-element_type=\"column\" data-e-type=\"column\">\n\t\t\t<div class=\"elementor-widget-wrap\">\n\t\t\t\t\t\t\t<\/div>\n\t\t<\/div>\n\t\t\t\t\t<\/div>\n\t\t<\/section>\n\t\t\t\t<\/div>\n\t\t","protected":false},"excerpt":{"rendered":"<p>Ein reibungsloserer Arbeitsablauf und h\u00f6here Genauigkeit zeichnen den VisiTouch Dual-Bildschirm aus. Entdecken Sie die Vorteile der Dual-Screen-Visualisierung f\u00fcr Ihren Arbeitsbereich. Ein Bildschirm ist f\u00fcr Ihre prim\u00e4re VisiTouch-Anwendung vorgesehen, w\u00e4hrend der zweite Bildschirm f\u00fcr die Anzeige zus\u00e4tzlicher Inhalte wie 2D\/3D-Ansichten oder PDFs\/Zeichnungsdateien genutzt werden kann. Ihr Arbeitsablauf wird dadurch reibungsloser und effizienter als je zuvor. Stellen [&hellip;]<\/p>\n","protected":false},"author":1,"featured_media":0,"parent":0,"menu_order":0,"comment_status":"closed","ping_status":"closed","template":"elementor_header_footer","meta":{"site-sidebar-layout":"no-sidebar","site-content-layout":"page-builder","ast-site-content-layout":"full-width-container","site-content-style":"default","site-sidebar-style":"default","ast-global-header-display":"","ast-banner-title-visibility":"","ast-main-header-display":"","ast-hfb-above-header-display":"","ast-hfb-below-header-display":"","ast-hfb-mobile-header-display":"","site-post-title":"disabled","ast-breadcrumbs-content":"","ast-featured-img":"disabled","footer-sml-layout":"","ast-disable-related-posts":"","theme-transparent-header-meta":"","adv-header-id-meta":"","stick-header-meta":"","header-above-stick-meta":"","header-main-stick-meta":"","header-below-stick-meta":"","astra-migrate-meta-layouts":"default","ast-page-background-enabled":"default","ast-page-background-meta":{"desktop":{"background-color":"","background-image":"","background-repeat":"repeat","background-position":"center center","background-size":"auto","background-attachment":"scroll","background-type":"","background-media":"","overlay-type":"","overlay-color":"","overlay-opacity":"","overlay-gradient":""},"tablet":{"background-color":"","background-image":"","background-repeat":"repeat","background-position":"center center","background-size":"auto","background-attachment":"scroll","background-type":"","background-media":"","overlay-type":"","overlay-color":"","overlay-opacity":"","overlay-gradient":""},"mobile":{"background-color":"","background-image":"","background-repeat":"repeat","background-position":"center center","background-size":"auto","background-attachment":"scroll","background-type":"","background-media":"","overlay-type":"","overlay-color":"","overlay-opacity":"","overlay-gradient":""}},"ast-content-background-meta":{"desktop":{"background-color":"var(--ast-global-color-5)","background-image":"","background-repeat":"repeat","background-position":"center center","background-size":"auto","background-attachment":"scroll","background-type":"","background-media":"","overlay-type":"","overlay-color":"","overlay-opacity":"","overlay-gradient":""},"tablet":{"background-color":"var(--ast-global-color-5)","background-image":"","background-repeat":"repeat","background-position":"center center","background-size":"auto","background-attachment":"scroll","background-type":"","background-media":"","overlay-type":"","overlay-color":"","overlay-opacity":"","overlay-gradient":""},"mobile":{"background-color":"var(--ast-global-color-5)","background-image":"","background-repeat":"repeat","background-position":"center center","background-size":"auto","background-attachment":"scroll","background-type":"","background-media":"","overlay-type":"","overlay-color":"","overlay-opacity":"","overlay-gradient":""}},"footnotes":""},"class_list":["post-25574","page","type-page","status-publish","hentry"],"aioseo_notices":[],"_links":{"self":[{"href":"https:\/\/cybelec.ch\/de\/wp-json\/wp\/v2\/pages\/25574","targetHints":{"allow":["GET"]}}],"collection":[{"href":"https:\/\/cybelec.ch\/de\/wp-json\/wp\/v2\/pages"}],"about":[{"href":"https:\/\/cybelec.ch\/de\/wp-json\/wp\/v2\/types\/page"}],"author":[{"embeddable":true,"href":"https:\/\/cybelec.ch\/de\/wp-json\/wp\/v2\/users\/1"}],"replies":[{"embeddable":true,"href":"https:\/\/cybelec.ch\/de\/wp-json\/wp\/v2\/comments?post=25574"}],"version-history":[{"count":17,"href":"https:\/\/cybelec.ch\/de\/wp-json\/wp\/v2\/pages\/25574\/revisions"}],"predecessor-version":[{"id":26055,"href":"https:\/\/cybelec.ch\/de\/wp-json\/wp\/v2\/pages\/25574\/revisions\/26055"}],"wp:attachment":[{"href":"https:\/\/cybelec.ch\/de\/wp-json\/wp\/v2\/media?parent=25574"}],"curies":[{"name":"wp","href":"https:\/\/api.w.org\/{rel}","templated":true}]}}