{"id":16504,"date":"2020-10-06T10:35:20","date_gmt":"2020-10-06T10:35:20","guid":{"rendered":"https:\/\/cybelec.ch\/formacion\/"},"modified":"2023-06-26T14:45:22","modified_gmt":"2023-06-26T14:45:22","slug":"formacion","status":"publish","type":"page","link":"https:\/\/cybelec.ch\/es\/formacion\/","title":{"rendered":"Formaci\u00f3n"},"content":{"rendered":"\t\t<div data-elementor-type=\"wp-page\" data-elementor-id=\"16504\" class=\"elementor elementor-16504 elementor-126\" data-elementor-post-type=\"page\">\n\t\t\t\t\t\t<section class=\"elementor-section elementor-top-section elementor-element elementor-element-5368535d elementor-section-boxed elementor-section-height-default elementor-section-height-default\" data-id=\"5368535d\" data-element_type=\"section\" data-e-type=\"section\">\n\t\t\t\t\t\t<div class=\"elementor-container elementor-column-gap-default\">\n\t\t\t\t\t<div class=\"elementor-column elementor-col-100 elementor-top-column elementor-element elementor-element-7225afe9\" data-id=\"7225afe9\" data-element_type=\"column\" data-e-type=\"column\" data-settings=\"{&quot;background_background&quot;:&quot;classic&quot;}\">\n\t\t\t<div class=\"elementor-widget-wrap elementor-element-populated\">\n\t\t\t\t\t\t\t<\/div>\n\t\t<\/div>\n\t\t\t\t\t<\/div>\n\t\t<\/section>\n\t\t\t\t<section class=\"elementor-section elementor-top-section elementor-element elementor-element-2b91ec91 elementor-section-boxed elementor-section-height-default elementor-section-height-default\" data-id=\"2b91ec91\" data-element_type=\"section\" data-e-type=\"section\">\n\t\t\t\t\t\t<div class=\"elementor-container elementor-column-gap-no\">\n\t\t\t\t\t<div class=\"elementor-column elementor-col-50 elementor-top-column elementor-element elementor-element-111ba7b5\" data-id=\"111ba7b5\" data-element_type=\"column\" data-e-type=\"column\">\n\t\t\t<div class=\"elementor-widget-wrap elementor-element-populated\">\n\t\t\t\t\t\t<div class=\"elementor-element elementor-element-3a996ac1 elementor-widget elementor-widget-heading\" data-id=\"3a996ac1\" data-element_type=\"widget\" data-e-type=\"widget\" data-widget_type=\"heading.default\">\n\t\t\t\t<div class=\"elementor-widget-container\">\n\t\t\t\t\t<h3 class=\"elementor-heading-title elementor-size-default\">en l\u00ednea<\/h3>\t\t\t\t<\/div>\n\t\t\t\t<\/div>\n\t\t\t\t\t<\/div>\n\t\t<\/div>\n\t\t\t\t<div class=\"elementor-column elementor-col-50 elementor-top-column elementor-element elementor-element-577347b3\" data-id=\"577347b3\" data-element_type=\"column\" data-e-type=\"column\">\n\t\t\t<div class=\"elementor-widget-wrap elementor-element-populated\">\n\t\t\t\t\t\t<div class=\"elementor-element elementor-element-73234a11 elementor-widget elementor-widget-text-editor\" data-id=\"73234a11\" data-element_type=\"widget\" data-e-type=\"widget\" data-widget_type=\"text-editor.default\">\n\t\t\t\t<div class=\"elementor-widget-container\">\n\t\t\t\t\t\t\t\t\t<p>Tener instaladas las versiones de demostraci\u00f3n, conocer todas las funciones \/ posibilidades de los controles CybTouch y VisiTouch, ahorrar tiempo durante los pasos de ajuste y estar bien entrenado es probablemente una prioridad para usted.<\/p>\n<p>Ofrecemos sesiones gratuitas sobre MS Teams de una hora a hora y media de duraci\u00f3n.<br \/>El idioma es el ingl\u00e9s. Estas sesiones son interactivas, lo que significa que puede hacer preguntas sobre la marcha.<br \/>Si desea m\u00e1s informaci\u00f3n sobre las <strong>pr\u00f3ximas sesiones de formaci\u00f3n en<\/strong> l\u00ednea, <a href=\"https:\/\/cybelec.ch\/contact-us\/\">p\u00f3ngase en contacto con nosotros<\/a>.<\/p>\n<ul>\n<li>Instalaci\u00f3n de simuladores CybTouch <strong>(<\/strong> plegadora y cizalla)<\/li>\n<li>Instalar el simulador VisiTouch<\/li>\n<li>Instalar el software de demostraci\u00f3n VisiTouch MX con el dongle<\/li>\n<li>Programas de programaci\u00f3n num\u00e9rica y 2D CybTouch y VisiTouch<\/li>\n<li>Presentaci\u00f3n de equipos y hardware<\/li>\n<li>Puesta en marcha \/ Configuraci\u00f3n de par\u00e1metros \/ Puesta en servicio<\/li>\n<li>Programaci\u00f3n (creaci\u00f3n de curvas, modificaci\u00f3n&#8230;)<\/li>\n<li>Software de programaci\u00f3n VisiTouch MX<\/li>\n<li>Programaci\u00f3n: Creaci\u00f3n de m\u00e1quinas, importaci\u00f3n\/exportaci\u00f3n de archivos 3D,<\/li>\n<li>Simulaci\u00f3n<\/li>\n<li>Para estas formaciones utilizaremos TeamViewer con el que es posible realizar reuniones de hasta 25 participantes.<\/li>\n<\/ul>\n<p>Ahora s\u00f3lo tiene que comunicarnos su inter\u00e9s, especificando el tema o temas y las fechas en las que estar\u00eda disponible. Podemos elaborar programas de formaci\u00f3n a medida para su empresa. \u00bfDesea informaci\u00f3n adicional? Estaremos encantados de concertar una llamada r\u00e1pida para hablar de ello con m\u00e1s detalle.<\/p>\n\t\t\t\t\t\t\t\t<\/div>\n\t\t\t\t<\/div>\n\t\t\t\t\t<\/div>\n\t\t<\/div>\n\t\t\t\t\t<\/div>\n\t\t<\/section>\n\t\t\t\t<section class=\"elementor-section elementor-top-section elementor-element elementor-element-a9ccf06 elementor-section-boxed elementor-section-height-default elementor-section-height-default\" data-id=\"a9ccf06\" data-element_type=\"section\" data-e-type=\"section\">\n\t\t\t\t\t\t<div class=\"elementor-container elementor-column-gap-no\">\n\t\t\t\t\t<div class=\"elementor-column elementor-col-100 elementor-top-column elementor-element elementor-element-5585507\" data-id=\"5585507\" data-element_type=\"column\" data-e-type=\"column\">\n\t\t\t<div class=\"elementor-widget-wrap elementor-element-populated\">\n\t\t\t\t\t\t<div class=\"elementor-element elementor-element-eb58f82 elementor-widget-divider--view-line elementor-widget elementor-widget-divider\" data-id=\"eb58f82\" data-element_type=\"widget\" data-e-type=\"widget\" data-widget_type=\"divider.default\">\n\t\t\t\t<div class=\"elementor-widget-container\">\n\t\t\t\t\t\t\t<div class=\"elementor-divider\">\n\t\t\t<span class=\"elementor-divider-separator\">\n\t\t\t\t\t\t<\/span>\n\t\t<\/div>\n\t\t\t\t\t\t<\/div>\n\t\t\t\t<\/div>\n\t\t\t\t\t<\/div>\n\t\t<\/div>\n\t\t\t\t\t<\/div>\n\t\t<\/section>\n\t\t\t\t<section class=\"elementor-section elementor-top-section elementor-element elementor-element-bb89f36 elementor-section-boxed elementor-section-height-default elementor-section-height-default\" data-id=\"bb89f36\" data-element_type=\"section\" data-e-type=\"section\">\n\t\t\t\t\t\t<div class=\"elementor-container elementor-column-gap-no\">\n\t\t\t\t\t<div class=\"elementor-column elementor-col-50 elementor-top-column elementor-element elementor-element-885abe8\" data-id=\"885abe8\" data-element_type=\"column\" data-e-type=\"column\">\n\t\t\t<div class=\"elementor-widget-wrap elementor-element-populated\">\n\t\t\t\t\t\t<div class=\"elementor-element elementor-element-699bfcb elementor-widget elementor-widget-heading\" data-id=\"699bfcb\" data-element_type=\"widget\" data-e-type=\"widget\" data-widget_type=\"heading.default\">\n\t\t\t\t<div class=\"elementor-widget-container\">\n\t\t\t\t\t<h3 class=\"elementor-heading-title elementor-size-default\">en nuestro sitio<\/h3>\t\t\t\t<\/div>\n\t\t\t\t<\/div>\n\t\t\t\t\t<\/div>\n\t\t<\/div>\n\t\t\t\t<div class=\"elementor-column elementor-col-50 elementor-top-column elementor-element elementor-element-44238fc\" data-id=\"44238fc\" data-element_type=\"column\" data-e-type=\"column\">\n\t\t\t<div class=\"elementor-widget-wrap elementor-element-populated\">\n\t\t\t\t\t\t<div class=\"elementor-element elementor-element-ce07c28 elementor-widget elementor-widget-text-editor\" data-id=\"ce07c28\" data-element_type=\"widget\" data-e-type=\"widget\" data-widget_type=\"text-editor.default\">\n\t\t\t\t<div class=\"elementor-widget-container\">\n\t\t\t\t\t\t\t\t\t<p>Formadores especialmente cualificados y certificados le ofrecen formaci\u00f3n para Integrador \/ Socio de sistemas y Operador \/ Programador.<\/p>\n<p>Proporcionan conocimientos con la ayuda de equipos t\u00e9cnicos de \u00faltima generaci\u00f3n.<\/p>\n\t\t\t\t\t\t\t\t<\/div>\n\t\t\t\t<\/div>\n\t\t\t\t\t<\/div>\n\t\t<\/div>\n\t\t\t\t\t<\/div>\n\t\t<\/section>\n\t\t\t\t<\/div>\n\t\t","protected":false},"excerpt":{"rendered":"<p>en l\u00ednea Tener instaladas las versiones de demostraci\u00f3n, conocer todas las funciones \/ posibilidades de los controles CybTouch y VisiTouch, ahorrar tiempo durante los pasos de ajuste y estar bien entrenado es probablemente una prioridad para usted. Ofrecemos sesiones gratuitas sobre MS Teams de una hora a hora y media de duraci\u00f3n.El idioma es el [&hellip;]<\/p>\n","protected":false},"author":1,"featured_media":0,"parent":0,"menu_order":0,"comment_status":"closed","ping_status":"closed","template":"elementor_header_footer","meta":{"site-sidebar-layout":"default","site-content-layout":"","ast-site-content-layout":"default","site-content-style":"default","site-sidebar-style":"default","ast-global-header-display":"","ast-banner-title-visibility":"","ast-main-header-display":"","ast-hfb-above-header-display":"","ast-hfb-below-header-display":"","ast-hfb-mobile-header-display":"","site-post-title":"","ast-breadcrumbs-content":"","ast-featured-img":"","footer-sml-layout":"","ast-disable-related-posts":"","theme-transparent-header-meta":"","adv-header-id-meta":"","stick-header-meta":"","header-above-stick-meta":"","header-main-stick-meta":"","header-below-stick-meta":"","astra-migrate-meta-layouts":"default","ast-page-background-enabled":"default","ast-page-background-meta":{"desktop":{"background-color":"","background-image":"","background-repeat":"repeat","background-position":"center center","background-size":"auto","background-attachment":"scroll","background-type":"","background-media":"","overlay-type":"","overlay-color":"","overlay-opacity":"","overlay-gradient":""},"tablet":{"background-color":"","background-image":"","background-repeat":"repeat","background-position":"center center","background-size":"auto","background-attachment":"scroll","background-type":"","background-media":"","overlay-type":"","overlay-color":"","overlay-opacity":"","overlay-gradient":""},"mobile":{"background-color":"","background-image":"","background-repeat":"repeat","background-position":"center center","background-size":"auto","background-attachment":"scroll","background-type":"","background-media":"","overlay-type":"","overlay-color":"","overlay-opacity":"","overlay-gradient":""}},"ast-content-background-meta":{"desktop":{"background-color":"var(--ast-global-color-5)","background-image":"","background-repeat":"repeat","background-position":"center center","background-size":"auto","background-attachment":"scroll","background-type":"","background-media":"","overlay-type":"","overlay-color":"","overlay-opacity":"","overlay-gradient":""},"tablet":{"background-color":"var(--ast-global-color-5)","background-image":"","background-repeat":"repeat","background-position":"center center","background-size":"auto","background-attachment":"scroll","background-type":"","background-media":"","overlay-type":"","overlay-color":"","overlay-opacity":"","overlay-gradient":""},"mobile":{"background-color":"var(--ast-global-color-5)","background-image":"","background-repeat":"repeat","background-position":"center center","background-size":"auto","background-attachment":"scroll","background-type":"","background-media":"","overlay-type":"","overlay-color":"","overlay-opacity":"","overlay-gradient":""}},"footnotes":""},"class_list":["post-16504","page","type-page","status-publish","hentry"],"aioseo_notices":[],"_links":{"self":[{"href":"https:\/\/cybelec.ch\/es\/wp-json\/wp\/v2\/pages\/16504","targetHints":{"allow":["GET"]}}],"collection":[{"href":"https:\/\/cybelec.ch\/es\/wp-json\/wp\/v2\/pages"}],"about":[{"href":"https:\/\/cybelec.ch\/es\/wp-json\/wp\/v2\/types\/page"}],"author":[{"embeddable":true,"href":"https:\/\/cybelec.ch\/es\/wp-json\/wp\/v2\/users\/1"}],"replies":[{"embeddable":true,"href":"https:\/\/cybelec.ch\/es\/wp-json\/wp\/v2\/comments?post=16504"}],"version-history":[{"count":0,"href":"https:\/\/cybelec.ch\/es\/wp-json\/wp\/v2\/pages\/16504\/revisions"}],"wp:attachment":[{"href":"https:\/\/cybelec.ch\/es\/wp-json\/wp\/v2\/media?parent=16504"}],"curies":[{"name":"wp","href":"https:\/\/api.w.org\/{rel}","templated":true}]}}