{"id":23122,"date":"2024-06-05T09:35:13","date_gmt":"2024-06-05T07:35:13","guid":{"rendered":"https:\/\/cybelec.ch\/robots-industriales\/"},"modified":"2025-03-13T10:23:24","modified_gmt":"2025-03-13T09:23:24","slug":"una-unica-consola-cnc-de-plegado","status":"publish","type":"page","link":"https:\/\/cybelec.ch\/es\/una-unica-consola-cnc-de-plegado\/","title":{"rendered":"Una \u00fanica consola CNC de plegado"},"content":{"rendered":"\t\t<div data-elementor-type=\"wp-page\" data-elementor-id=\"23122\" class=\"elementor elementor-23122 elementor-22974\" data-elementor-post-type=\"page\">\n\t\t\t\t\t\t<section class=\"elementor-section elementor-top-section elementor-element elementor-element-bbd1552 elementor-reverse-mobile elementor-section-boxed elementor-section-height-default elementor-section-height-default\" data-id=\"bbd1552\" data-element_type=\"section\" data-e-type=\"section\">\n\t\t\t\t\t\t<div class=\"elementor-container elementor-column-gap-no\">\n\t\t\t\t\t<div class=\"elementor-column elementor-col-50 elementor-top-column elementor-element elementor-element-1cc1f69\" data-id=\"1cc1f69\" data-element_type=\"column\" data-e-type=\"column\">\n\t\t\t<div class=\"elementor-widget-wrap elementor-element-populated\">\n\t\t\t\t\t\t<div class=\"elementor-element elementor-element-dcd32ce elementor-widget elementor-widget-gallery\" data-id=\"dcd32ce\" data-element_type=\"widget\" data-e-type=\"widget\" data-settings=\"{&quot;columns&quot;:1,&quot;aspect_ratio&quot;:&quot;1:1&quot;,&quot;lazyload&quot;:&quot;yes&quot;,&quot;gallery_layout&quot;:&quot;grid&quot;,&quot;columns_tablet&quot;:2,&quot;columns_mobile&quot;:1,&quot;gap&quot;:{&quot;unit&quot;:&quot;px&quot;,&quot;size&quot;:10,&quot;sizes&quot;:[]},&quot;gap_tablet&quot;:{&quot;unit&quot;:&quot;px&quot;,&quot;size&quot;:10,&quot;sizes&quot;:[]},&quot;gap_mobile&quot;:{&quot;unit&quot;:&quot;px&quot;,&quot;size&quot;:10,&quot;sizes&quot;:[]},&quot;link_to&quot;:&quot;file&quot;,&quot;overlay_background&quot;:&quot;yes&quot;,&quot;content_hover_animation&quot;:&quot;fade-in&quot;}\" data-widget_type=\"gallery.default\">\n\t\t\t\t<div class=\"elementor-widget-container\">\n\t\t\t\t\t\t\t<div class=\"elementor-gallery__container\">\n\t\t\t\t\t\t\t<a class=\"e-gallery-item elementor-gallery-item elementor-animated-content\" href=\"https:\/\/cybelec.ch\/wp-content\/uploads\/2025\/02\/Robot-Gizelis-scaled.jpg\" data-elementor-open-lightbox=\"yes\" data-elementor-lightbox-slideshow=\"dcd32ce\" data-e-action-hash=\"#elementor-action%3Aaction%3Dlightbox%26settings%3DeyJpZCI6MjU0ODYsInVybCI6Imh0dHBzOlwvXC9jeWJlbGVjLmNoXC93cC1jb250ZW50XC91cGxvYWRzXC8yMDI1XC8wMlwvUm9ib3QtR2l6ZWxpcy1zY2FsZWQuanBnIiwic2xpZGVzaG93IjoiZGNkMzJjZSJ9\">\n\t\t\t\t\t<div class=\"e-gallery-image elementor-gallery-item__image\" data-thumbnail=\"https:\/\/cybelec.ch\/wp-content\/uploads\/2025\/02\/Robot-Gizelis-scaled.jpg\" data-width=\"2560\" data-height=\"1440\" aria-label=\"\" role=\"img\" ><\/div>\n\t\t\t\t\t\t\t\t\t\t\t<div class=\"elementor-gallery-item__overlay\"><\/div>\n\t\t\t\t\t\t\t\t\t\t\t\t\t\t<\/a>\n\t\t\t\t\t<\/div>\n\t\t\t\t\t<\/div>\n\t\t\t\t<\/div>\n\t\t\t\t\t<\/div>\n\t\t<\/div>\n\t\t\t\t<div class=\"elementor-column elementor-col-50 elementor-top-column elementor-element elementor-element-4ac7c5d\" data-id=\"4ac7c5d\" data-element_type=\"column\" data-e-type=\"column\" data-settings=\"{&quot;background_background&quot;:&quot;classic&quot;}\">\n\t\t\t<div class=\"elementor-widget-wrap elementor-element-populated\">\n\t\t\t\t\t\t<div class=\"elementor-element elementor-element-776a0c4 elementor-widget elementor-widget-heading\" data-id=\"776a0c4\" data-element_type=\"widget\" data-e-type=\"widget\" data-widget_type=\"heading.default\">\n\t\t\t\t<div class=\"elementor-widget-container\">\n\t\t\t\t\t<h2 class=\"elementor-heading-title elementor-size-default\">Los robots pueden trabajar casi en cualquier lugar y automatizar una amplia gama de tareas. Permiten a los operadores hacer lo que mejor saben hacer: crear y trabajar juntos. <\/h2>\t\t\t\t<\/div>\n\t\t\t\t<\/div>\n\t\t\t\t<div class=\"elementor-element elementor-element-e1b9e3b elementor-widget elementor-widget-text-editor\" data-id=\"e1b9e3b\" data-element_type=\"widget\" data-e-type=\"widget\" data-widget_type=\"text-editor.default\">\n\t\t\t\t<div class=\"elementor-widget-container\">\n\t\t\t\t\t\t\t\t\t<ul><li>F\u00e1cil de usar.<\/li><li>seguro y confiable.<\/li><li>Los peque\u00f1os talleres ya pueden automatizarse como las grandes f\u00e1bricas.<\/li><li>Grandes ganancias en la producci\u00f3n, tambi\u00e9n en peque\u00f1os talleres.<\/li><li><span style=\"background-color: transparent;\">Enchufe, Set y Trabajo<\/span><\/li><\/ul><h6><strong><span style=\"color: #00667f;\">Soluci\u00f3n totalmente integrada para c\u00e9lulas de flexi\u00f3n<\/span><\/strong><\/h6><ul><li>Un solo CNC que controla tanto la plegadora como el robot.<\/li><li>No es necesario programar el robot:<ul><li>El operador programa la pieza a doblar y el programa del robot se genera autom\u00e1ticamente.<\/li><li>El operador no tiene que preocuparse por el robot en absoluto, ya sea durante la programaci\u00f3n o durante la producci\u00f3n<\/li><\/ul><\/li><li>Perfecta sincronizaci\u00f3n en tiempo real entre la plegadora y el robot durante todo el proceso de plegado.<\/li><li>importante ahorro de costes<\/li><\/ul>\t\t\t\t\t\t\t\t<\/div>\n\t\t\t\t<\/div>\n\t\t\t\t<section class=\"elementor-section elementor-inner-section elementor-element elementor-element-a73d2a0 elementor-section-boxed elementor-section-height-default elementor-section-height-default\" data-id=\"a73d2a0\" data-element_type=\"section\" data-e-type=\"section\">\n\t\t\t\t\t\t<div class=\"elementor-container elementor-column-gap-default\">\n\t\t\t\t\t<div class=\"elementor-column elementor-col-50 elementor-inner-column elementor-element elementor-element-6bfd3ed\" data-id=\"6bfd3ed\" data-element_type=\"column\" data-e-type=\"column\">\n\t\t\t<div class=\"elementor-widget-wrap elementor-element-populated\">\n\t\t\t\t\t\t<div class=\"elementor-element elementor-element-dcf2c02 elementor-align-justify elementor-widget elementor-widget-button\" data-id=\"dcf2c02\" data-element_type=\"widget\" data-e-type=\"widget\" data-widget_type=\"button.default\">\n\t\t\t\t<div class=\"elementor-widget-container\">\n\t\t\t\t\t\t\t\t\t<div class=\"elementor-button-wrapper\">\n\t\t\t\t\t<a class=\"elementor-button elementor-button-link elementor-size-sm\" href=\"https:\/\/cybelec.ch\/wp-content\/uploads\/2024\/11\/Flyer_RobotArm_V1.2.pdf\" target=\"_blank\">\n\t\t\t\t\t\t<span class=\"elementor-button-content-wrapper\">\n\t\t\t\t\t\t\t\t\t<span class=\"elementor-button-text\">Descargar el folleto<\/span>\n\t\t\t\t\t<\/span>\n\t\t\t\t\t<\/a>\n\t\t\t\t<\/div>\n\t\t\t\t\t\t\t\t<\/div>\n\t\t\t\t<\/div>\n\t\t\t\t\t<\/div>\n\t\t<\/div>\n\t\t\t\t<div class=\"elementor-column elementor-col-50 elementor-inner-column elementor-element elementor-element-d413b4c\" data-id=\"d413b4c\" data-element_type=\"column\" data-e-type=\"column\">\n\t\t\t<div class=\"elementor-widget-wrap elementor-element-populated\">\n\t\t\t\t\t\t<div class=\"elementor-element elementor-element-ee87cdc elementor-align-justify elementor-widget elementor-widget-button\" data-id=\"ee87cdc\" data-element_type=\"widget\" data-e-type=\"widget\" data-widget_type=\"button.default\">\n\t\t\t\t<div class=\"elementor-widget-container\">\n\t\t\t\t\t\t\t\t\t<div class=\"elementor-button-wrapper\">\n\t\t\t\t\t<a class=\"elementor-button elementor-button-link elementor-size-sm\" href=\"https:\/\/cybelec.ch\/wp-content\/uploads\/2024\/11\/Datasheet_Robot_DCR-1300-10-6_V1.0.pdf\" target=\"_blank\">\n\t\t\t\t\t\t<span class=\"elementor-button-content-wrapper\">\n\t\t\t\t\t\t\t\t\t<span class=\"elementor-button-text\">Descargar la ficha t\u00e9chnica<\/span>\n\t\t\t\t\t<\/span>\n\t\t\t\t\t<\/a>\n\t\t\t\t<\/div>\n\t\t\t\t\t\t\t\t<\/div>\n\t\t\t\t<\/div>\n\t\t\t\t\t<\/div>\n\t\t<\/div>\n\t\t\t\t\t<\/div>\n\t\t<\/section>\n\t\t\t\t\t<\/div>\n\t\t<\/div>\n\t\t\t\t\t<\/div>\n\t\t<\/section>\n\t\t\t\t<section class=\"elementor-section elementor-top-section elementor-element elementor-element-4ee92ec elementor-section-boxed elementor-section-height-default elementor-section-height-default\" data-id=\"4ee92ec\" data-element_type=\"section\" data-e-type=\"section\">\n\t\t\t\t\t\t<div class=\"elementor-container elementor-column-gap-default\">\n\t\t\t\t\t<div class=\"elementor-column elementor-col-100 elementor-top-column elementor-element elementor-element-86ca397\" data-id=\"86ca397\" data-element_type=\"column\" data-e-type=\"column\">\n\t\t\t<div class=\"elementor-widget-wrap elementor-element-populated\">\n\t\t\t\t\t\t<div class=\"elementor-element elementor-element-78e2616 elementor-tabs-view-horizontal elementor-widget elementor-widget-tabs\" data-id=\"78e2616\" data-element_type=\"widget\" data-e-type=\"widget\" data-widget_type=\"tabs.default\">\n\t\t\t\t<div class=\"elementor-widget-container\">\n\t\t\t\t\t\t\t<div class=\"elementor-tabs\">\n\t\t\t<div class=\"elementor-tabs-wrapper\" role=\"tablist\" >\n\t\t\t\t\t\t\t\t\t<div id=\"elementor-tab-title-1261\" class=\"elementor-tab-title elementor-tab-desktop-title\" aria-selected=\"true\" data-tab=\"1\" role=\"tab\" tabindex=\"0\" aria-controls=\"elementor-tab-content-1261\" aria-expanded=\"false\">Caracter\u00edsticas principales para el usuario<\/div>\n\t\t\t\t\t\t\t\t\t<div id=\"elementor-tab-title-1262\" class=\"elementor-tab-title elementor-tab-desktop-title\" aria-selected=\"false\" data-tab=\"2\" role=\"tab\" tabindex=\"-1\" aria-controls=\"elementor-tab-content-1262\" aria-expanded=\"false\">Principales caracter\u00edsticas para el OEM<\/div>\n\t\t\t\t\t\t\t\t\t<div id=\"elementor-tab-title-1263\" class=\"elementor-tab-title elementor-tab-desktop-title\" aria-selected=\"false\" data-tab=\"3\" role=\"tab\" tabindex=\"-1\" aria-controls=\"elementor-tab-content-1263\" aria-expanded=\"false\">Informaci\u00f3n para pedidos<\/div>\n\t\t\t\t\t\t\t\t\t<div id=\"elementor-tab-title-1264\" class=\"elementor-tab-title elementor-tab-desktop-title\" aria-selected=\"false\" data-tab=\"4\" role=\"tab\" tabindex=\"-1\" aria-controls=\"elementor-tab-content-1264\" aria-expanded=\"false\">Videos<\/div>\n\t\t\t\t\t\t\t<\/div>\n\t\t\t<div class=\"elementor-tabs-content-wrapper\" role=\"tablist\" aria-orientation=\"vertical\">\n\t\t\t\t\t\t\t\t\t<div class=\"elementor-tab-title elementor-tab-mobile-title\" aria-selected=\"true\" data-tab=\"1\" role=\"tab\" tabindex=\"0\" aria-controls=\"elementor-tab-content-1261\" aria-expanded=\"false\">Caracter\u00edsticas principales para el usuario<\/div>\n\t\t\t\t\t<div id=\"elementor-tab-content-1261\" class=\"elementor-tab-content elementor-clearfix\" data-tab=\"1\" role=\"tabpanel\" aria-labelledby=\"elementor-tab-title-1261\" tabindex=\"0\" hidden=\"false\"><ul>\n<li>El operador simplemente programa la pieza a doblar, como de costumbre.<\/li>\n<li>Grandes ganancias en la producci\u00f3n, incluso en peque\u00f1os talleres. 24\/7 producci\u00f3n posible. <\/li>\n<li>Un periodo de amortizaci\u00f3n r\u00e1pido. <\/li>\n<\/ul>\n<\/div>\n\t\t\t\t\t\t\t\t\t<div class=\"elementor-tab-title elementor-tab-mobile-title\" aria-selected=\"false\" data-tab=\"2\" role=\"tab\" tabindex=\"-1\" aria-controls=\"elementor-tab-content-1262\" aria-expanded=\"false\">Principales caracter\u00edsticas para el OEM<\/div>\n\t\t\t\t\t<div id=\"elementor-tab-content-1262\" class=\"elementor-tab-content elementor-clearfix\" data-tab=\"2\" role=\"tabpanel\" aria-labelledby=\"elementor-tab-title-1262\" tabindex=\"0\" hidden=\"hidden\"><ul>\n<li>El suministro de la soluci\u00f3n completa de hardware y software de una sola fuente. No se necesita integrador adicional.  <\/li>\n<li>F\u00e1cil instalaci\u00f3n:\n<ul>\n<li>muy poco cableado gracias a EtherCAT fieldbus.<\/li>\n<li>solo un controlador para m\u00e1quina y robot<\/li>\n<\/ul>\n<\/li>\n<li>Configuraci\u00f3n y calibraci\u00f3n sencillas y precisas gracias a la autosintonizaci\u00f3n. <\/li>\n<li>Permitir la automatizaci\u00f3n m\u00e1s flexible<\/li>\n<li>Soporte completo para la instalaci\u00f3n del robot industrial<\/li>\n<\/ul>\n<\/div>\n\t\t\t\t\t\t\t\t\t<div class=\"elementor-tab-title elementor-tab-mobile-title\" aria-selected=\"false\" data-tab=\"3\" role=\"tab\" tabindex=\"-1\" aria-controls=\"elementor-tab-content-1263\" aria-expanded=\"false\">Informaci\u00f3n para pedidos<\/div>\n\t\t\t\t\t<div id=\"elementor-tab-content-1263\" class=\"elementor-tab-content elementor-clearfix\" data-tab=\"3\" role=\"tabpanel\" aria-labelledby=\"elementor-tab-title-1263\" tabindex=\"0\" hidden=\"hidden\"><ul>\n<li>P\u00f3ngase en contacto con nuestro departamento de ventas para obtener m\u00e1s informaci\u00f3n<\/li>\n<\/ul>\n<\/div>\n\t\t\t\t\t\t\t\t\t<div class=\"elementor-tab-title elementor-tab-mobile-title\" aria-selected=\"false\" data-tab=\"4\" role=\"tab\" tabindex=\"-1\" aria-controls=\"elementor-tab-content-1264\" aria-expanded=\"false\">Videos<\/div>\n\t\t\t\t\t<div id=\"elementor-tab-content-1264\" class=\"elementor-tab-content elementor-clearfix\" data-tab=\"4\" role=\"tabpanel\" aria-labelledby=\"elementor-tab-title-1264\" tabindex=\"0\" hidden=\"hidden\"><p><strong>Descubre c\u00f3mo programar tu robot a trav\u00e9s del \u00fanico CNC<\/strong><\/p><p><iframe title=\"Robot Arm DCR 1300 10 6\" width=\"500\" height=\"281\" src=\"https:\/\/www.youtube.com\/embed\/13dNQJhpsuQ?feature=oembed\" frameborder=\"0\" allow=\"accelerometer; autoplay; clipboard-write; encrypted-media; gyroscope; picture-in-picture; web-share\" referrerpolicy=\"strict-origin-when-cross-origin\" allowfullscreen><\/iframe><\/p><p><strong>Una \u00fanica celda de plegado CNC con Deratech<\/strong><\/p><p><div style=\"width: 640px;\" class=\"wp-video\"><video class=\"wp-video-shortcode\" id=\"video-23122-1\" width=\"640\" height=\"360\" preload=\"metadata\" controls=\"controls\"><source type=\"video\/mp4\" src=\"https:\/\/cybelec.ch\/wp-content\/uploads\/2025\/02\/Deratech_august_2024_SMa_1.mp4?_=1\" \/><a href=\"https:\/\/cybelec.ch\/wp-content\/uploads\/2025\/02\/Deratech_august_2024_SMa_1.mp4\">https:\/\/cybelec.ch\/wp-content\/uploads\/2025\/02\/Deratech_august_2024_SMa_1.mp4<\/a><\/video><\/div><\/p><p class=\"style-scope ytd-watch-metadata\"><strong>Actualiza una vieja prensa plegadora Beyeler con VisiTouch y Robot<\/strong><\/p><p><iframe title=\"Cybelec One Single CNC Bending Cell\" width=\"500\" height=\"281\" src=\"https:\/\/www.youtube.com\/embed\/2H8r4gwV2YM?feature=oembed\" frameborder=\"0\" allow=\"accelerometer; autoplay; clipboard-write; encrypted-media; gyroscope; picture-in-picture; web-share\" referrerpolicy=\"strict-origin-when-cross-origin\" allowfullscreen><\/iframe><\/p><\/div>\n\t\t\t\t\t\t\t<\/div>\n\t\t<\/div>\n\t\t\t\t\t\t<\/div>\n\t\t\t\t<\/div>\n\t\t\t\t\t<\/div>\n\t\t<\/div>\n\t\t\t\t\t<\/div>\n\t\t<\/section>\n\t\t\t\t<section class=\"elementor-section elementor-top-section elementor-element elementor-element-2865750 elementor-section-boxed elementor-section-height-default elementor-section-height-default\" data-id=\"2865750\" data-element_type=\"section\" data-e-type=\"section\">\n\t\t\t\t\t\t<div class=\"elementor-container elementor-column-gap-default\">\n\t\t\t\t\t<div class=\"elementor-column elementor-col-100 elementor-top-column elementor-element elementor-element-4c3359a\" data-id=\"4c3359a\" data-element_type=\"column\" data-e-type=\"column\">\n\t\t\t<div class=\"elementor-widget-wrap\">\n\t\t\t\t\t\t\t<\/div>\n\t\t<\/div>\n\t\t\t\t\t<\/div>\n\t\t<\/section>\n\t\t\t\t<section class=\"elementor-section elementor-top-section elementor-element elementor-element-f67a742 elementor-section-boxed elementor-section-height-default elementor-section-height-default\" data-id=\"f67a742\" data-element_type=\"section\" data-e-type=\"section\">\n\t\t\t\t\t\t<div class=\"elementor-container elementor-column-gap-default\">\n\t\t\t\t\t<div class=\"elementor-column elementor-col-100 elementor-top-column elementor-element elementor-element-f9f2ef1\" data-id=\"f9f2ef1\" data-element_type=\"column\" data-e-type=\"column\">\n\t\t\t<div class=\"elementor-widget-wrap\">\n\t\t\t\t\t\t\t<\/div>\n\t\t<\/div>\n\t\t\t\t\t<\/div>\n\t\t<\/section>\n\t\t\t\t<\/div>\n\t\t","protected":false},"excerpt":{"rendered":"<p>Los robots pueden trabajar casi en cualquier lugar y automatizar una amplia gama de tareas. Permiten a los operadores hacer lo que mejor saben hacer: crear y trabajar juntos. F\u00e1cil de usar. seguro y confiable. Los peque\u00f1os talleres ya pueden automatizarse como las grandes f\u00e1bricas. Grandes ganancias en la producci\u00f3n, tambi\u00e9n en peque\u00f1os talleres. Enchufe, [&hellip;]<\/p>\n","protected":false},"author":1,"featured_media":24710,"parent":0,"menu_order":0,"comment_status":"closed","ping_status":"closed","template":"","meta":{"site-sidebar-layout":"no-sidebar","site-content-layout":"page-builder","ast-site-content-layout":"full-width-container","site-content-style":"default","site-sidebar-style":"default","ast-global-header-display":"","ast-banner-title-visibility":"","ast-main-header-display":"","ast-hfb-above-header-display":"","ast-hfb-below-header-display":"","ast-hfb-mobile-header-display":"","site-post-title":"disabled","ast-breadcrumbs-content":"","ast-featured-img":"disabled","footer-sml-layout":"","ast-disable-related-posts":"","theme-transparent-header-meta":"","adv-header-id-meta":"","stick-header-meta":"","header-above-stick-meta":"","header-main-stick-meta":"","header-below-stick-meta":"","astra-migrate-meta-layouts":"default","ast-page-background-enabled":"default","ast-page-background-meta":{"desktop":{"background-color":"","background-image":"","background-repeat":"repeat","background-position":"center center","background-size":"auto","background-attachment":"scroll","background-type":"","background-media":"","overlay-type":"","overlay-color":"","overlay-opacity":"","overlay-gradient":""},"tablet":{"background-color":"","background-image":"","background-repeat":"repeat","background-position":"center center","background-size":"auto","background-attachment":"scroll","background-type":"","background-media":"","overlay-type":"","overlay-color":"","overlay-opacity":"","overlay-gradient":""},"mobile":{"background-color":"","background-image":"","background-repeat":"repeat","background-position":"center center","background-size":"auto","background-attachment":"scroll","background-type":"","background-media":"","overlay-type":"","overlay-color":"","overlay-opacity":"","overlay-gradient":""}},"ast-content-background-meta":{"desktop":{"background-color":"var(--ast-global-color-5)","background-image":"","background-repeat":"repeat","background-position":"center center","background-size":"auto","background-attachment":"scroll","background-type":"","background-media":"","overlay-type":"","overlay-color":"","overlay-opacity":"","overlay-gradient":""},"tablet":{"background-color":"var(--ast-global-color-5)","background-image":"","background-repeat":"repeat","background-position":"center center","background-size":"auto","background-attachment":"scroll","background-type":"","background-media":"","overlay-type":"","overlay-color":"","overlay-opacity":"","overlay-gradient":""},"mobile":{"background-color":"var(--ast-global-color-5)","background-image":"","background-repeat":"repeat","background-position":"center center","background-size":"auto","background-attachment":"scroll","background-type":"","background-media":"","overlay-type":"","overlay-color":"","overlay-opacity":"","overlay-gradient":""}},"footnotes":""},"class_list":["post-23122","page","type-page","status-publish","has-post-thumbnail","hentry"],"aioseo_notices":[],"_links":{"self":[{"href":"https:\/\/cybelec.ch\/es\/wp-json\/wp\/v2\/pages\/23122","targetHints":{"allow":["GET"]}}],"collection":[{"href":"https:\/\/cybelec.ch\/es\/wp-json\/wp\/v2\/pages"}],"about":[{"href":"https:\/\/cybelec.ch\/es\/wp-json\/wp\/v2\/types\/page"}],"author":[{"embeddable":true,"href":"https:\/\/cybelec.ch\/es\/wp-json\/wp\/v2\/users\/1"}],"replies":[{"embeddable":true,"href":"https:\/\/cybelec.ch\/es\/wp-json\/wp\/v2\/comments?post=23122"}],"version-history":[{"count":31,"href":"https:\/\/cybelec.ch\/es\/wp-json\/wp\/v2\/pages\/23122\/revisions"}],"predecessor-version":[{"id":26045,"href":"https:\/\/cybelec.ch\/es\/wp-json\/wp\/v2\/pages\/23122\/revisions\/26045"}],"wp:featuredmedia":[{"embeddable":true,"href":"https:\/\/cybelec.ch\/es\/wp-json\/wp\/v2\/media\/24710"}],"wp:attachment":[{"href":"https:\/\/cybelec.ch\/es\/wp-json\/wp\/v2\/media?parent=23122"}],"curies":[{"name":"wp","href":"https:\/\/api.w.org\/{rel}","templated":true}]}}