{"id":23261,"date":"2024-06-05T10:02:33","date_gmt":"2024-06-05T08:02:33","guid":{"rendered":"https:\/\/cybelec.ch\/modeva-19t\/"},"modified":"2024-06-05T11:13:40","modified_gmt":"2024-06-05T09:13:40","slug":"modeva-19t","status":"publish","type":"page","link":"https:\/\/cybelec.ch\/es\/modeva-19t\/","title":{"rendered":"ModEva 19T"},"content":{"rendered":"\t\t<div data-elementor-type=\"wp-page\" data-elementor-id=\"23261\" class=\"elementor elementor-23261 elementor-23038\" data-elementor-post-type=\"page\">\n\t\t\t\t\t\t<section class=\"elementor-section elementor-top-section elementor-element elementor-element-d8e0186 elementor-reverse-mobile elementor-section-boxed elementor-section-height-default elementor-section-height-default\" data-id=\"d8e0186\" data-element_type=\"section\" data-e-type=\"section\">\n\t\t\t\t\t\t<div class=\"elementor-container elementor-column-gap-no\">\n\t\t\t\t\t<div class=\"elementor-column elementor-col-50 elementor-top-column elementor-element elementor-element-2790b24\" data-id=\"2790b24\" data-element_type=\"column\" data-e-type=\"column\">\n\t\t\t<div class=\"elementor-widget-wrap elementor-element-populated\">\n\t\t\t\t\t\t<div class=\"elementor-element elementor-element-6cb465e elementor-widget elementor-widget-gallery\" data-id=\"6cb465e\" data-element_type=\"widget\" data-e-type=\"widget\" data-settings=\"{&quot;columns&quot;:2,&quot;aspect_ratio&quot;:&quot;1:1&quot;,&quot;columns_mobile&quot;:2,&quot;lazyload&quot;:&quot;yes&quot;,&quot;gallery_layout&quot;:&quot;grid&quot;,&quot;columns_tablet&quot;:2,&quot;gap&quot;:{&quot;unit&quot;:&quot;px&quot;,&quot;size&quot;:10,&quot;sizes&quot;:[]},&quot;gap_tablet&quot;:{&quot;unit&quot;:&quot;px&quot;,&quot;size&quot;:10,&quot;sizes&quot;:[]},&quot;gap_mobile&quot;:{&quot;unit&quot;:&quot;px&quot;,&quot;size&quot;:10,&quot;sizes&quot;:[]},&quot;link_to&quot;:&quot;file&quot;,&quot;content_hover_animation&quot;:&quot;fade-in&quot;}\" data-widget_type=\"gallery.default\">\n\t\t\t\t<div class=\"elementor-widget-container\">\n\t\t\t\t\t\t\t<div class=\"elementor-gallery__container\">\n\t\t\t\t\t\t\t<a class=\"e-gallery-item elementor-gallery-item elementor-animated-content\" href=\"https:\/\/cybelec.ch\/wp-content\/uploads\/2020\/12\/19TEva.jpg\" data-elementor-open-lightbox=\"yes\" data-elementor-lightbox-slideshow=\"6cb465e\" data-e-action-hash=\"#elementor-action%3Aaction%3Dlightbox%26settings%3DeyJpZCI6MTI5NDAsInVybCI6Imh0dHBzOlwvXC9jeWJlbGVjLmNoXC93cC1jb250ZW50XC91cGxvYWRzXC8yMDIwXC8xMlwvMTlURXZhLmpwZyIsInNsaWRlc2hvdyI6IjZjYjQ2NWUifQ%3D%3D\">\n\t\t\t\t\t<div class=\"e-gallery-image elementor-gallery-item__image\" data-thumbnail=\"https:\/\/cybelec.ch\/wp-content\/uploads\/2020\/12\/19TEva.jpg\" data-width=\"1000\" data-height=\"1000\" aria-label=\"\" role=\"img\" ><\/div>\n\t\t\t\t\t\t\t\t\t\t\t\t\t\t<\/a>\n\t\t\t\t\t\t\t<a class=\"e-gallery-item elementor-gallery-item elementor-animated-content\" href=\"https:\/\/cybelec.ch\/wp-content\/uploads\/2020\/12\/ModEva19T03.png\" data-elementor-open-lightbox=\"yes\" data-elementor-lightbox-slideshow=\"6cb465e\" data-e-action-hash=\"#elementor-action%3Aaction%3Dlightbox%26settings%3DeyJpZCI6MTE1NTAsInVybCI6Imh0dHBzOlwvXC9jeWJlbGVjLmNoXC93cC1jb250ZW50XC91cGxvYWRzXC8yMDIwXC8xMlwvTW9kRXZhMTlUMDMucG5nIiwic2xpZGVzaG93IjoiNmNiNDY1ZSJ9\">\n\t\t\t\t\t<div class=\"e-gallery-image elementor-gallery-item__image\" data-thumbnail=\"https:\/\/cybelec.ch\/wp-content\/uploads\/2020\/12\/ModEva19T03.png\" data-width=\"882\" data-height=\"1000\" aria-label=\"\" role=\"img\" ><\/div>\n\t\t\t\t\t\t\t\t\t\t\t\t\t\t<\/a>\n\t\t\t\t\t\t\t<a class=\"e-gallery-item elementor-gallery-item elementor-animated-content\" href=\"https:\/\/cybelec.ch\/wp-content\/uploads\/2020\/12\/ModEva19T01.png\" data-elementor-open-lightbox=\"yes\" data-elementor-lightbox-slideshow=\"6cb465e\" data-e-action-hash=\"#elementor-action%3Aaction%3Dlightbox%26settings%3DeyJpZCI6MTE1NDksInVybCI6Imh0dHBzOlwvXC9jeWJlbGVjLmNoXC93cC1jb250ZW50XC91cGxvYWRzXC8yMDIwXC8xMlwvTW9kRXZhMTlUMDEucG5nIiwic2xpZGVzaG93IjoiNmNiNDY1ZSJ9\">\n\t\t\t\t\t<div class=\"e-gallery-image elementor-gallery-item__image\" data-thumbnail=\"https:\/\/cybelec.ch\/wp-content\/uploads\/2020\/12\/ModEva19T01.png\" data-width=\"1183\" data-height=\"1000\" aria-label=\"\" role=\"img\" ><\/div>\n\t\t\t\t\t\t\t\t\t\t\t\t\t\t<\/a>\n\t\t\t\t\t\t\t<a class=\"e-gallery-item elementor-gallery-item elementor-animated-content\" href=\"https:\/\/cybelec.ch\/wp-content\/uploads\/2020\/12\/ModEva19T04.png\" data-elementor-open-lightbox=\"yes\" data-elementor-lightbox-slideshow=\"6cb465e\" data-e-action-hash=\"#elementor-action%3Aaction%3Dlightbox%26settings%3DeyJpZCI6MTE1NTIsInVybCI6Imh0dHBzOlwvXC9jeWJlbGVjLmNoXC93cC1jb250ZW50XC91cGxvYWRzXC8yMDIwXC8xMlwvTW9kRXZhMTlUMDQucG5nIiwic2xpZGVzaG93IjoiNmNiNDY1ZSJ9\">\n\t\t\t\t\t<div class=\"e-gallery-image elementor-gallery-item__image\" data-thumbnail=\"https:\/\/cybelec.ch\/wp-content\/uploads\/2020\/12\/ModEva19T04.png\" data-width=\"1106\" data-height=\"850\" aria-label=\"\" role=\"img\" ><\/div>\n\t\t\t\t\t\t\t\t\t\t\t\t\t\t<\/a>\n\t\t\t\t\t<\/div>\n\t\t\t\t\t<\/div>\n\t\t\t\t<\/div>\n\t\t\t\t\t<\/div>\n\t\t<\/div>\n\t\t\t\t<div class=\"elementor-column elementor-col-50 elementor-top-column elementor-element elementor-element-f014915\" data-id=\"f014915\" data-element_type=\"column\" data-e-type=\"column\">\n\t\t\t<div class=\"elementor-widget-wrap elementor-element-populated\">\n\t\t\t\t\t\t<div class=\"elementor-element elementor-element-1dfe47d elementor-widget elementor-widget-heading\" data-id=\"1dfe47d\" data-element_type=\"widget\" data-e-type=\"widget\" data-widget_type=\"heading.default\">\n\t\t\t\t<div class=\"elementor-widget-container\">\n\t\t\t\t\t<h2 class=\"elementor-heading-title elementor-size-default\">El elegante ModEva 19T es la \u00faltima evoluci\u00f3n de la familia ModEva, y el primer ModEva totalmente t\u00e1ctil.  <\/h2>\t\t\t\t<\/div>\n\t\t\t\t<\/div>\n\t\t\t\t<div class=\"elementor-element elementor-element-67dec0f elementor-widget elementor-widget-text-editor\" data-id=\"67dec0f\" data-element_type=\"widget\" data-e-type=\"widget\" data-widget_type=\"text-editor.default\">\n\t\t\t\t<div class=\"elementor-widget-container\">\n\t\t\t\t\t\t\t\t\t<p>Con una pantalla gr\u00e1fica en 2D o 3D y una amplia gama de funciones, ModEva 19T puede adaptarse a prensas plegadoras est\u00e1ndar, hasta los modelos m\u00e1s sofisticados que controlan un m\u00e1ximo de 18 ejes.<br \/>Utilizando uno de los cuatro modos diferentes, la programaci\u00f3n y configuraci\u00f3n del plegado de una pieza puede ser tan r\u00e1pida, f\u00e1cil y c\u00f3moda como el operario desee.<br \/>ModEva 19T ofrece capacidad multisimulaci\u00f3n. Muestra varias opciones de soluciones \u00f3ptimas de secuencias de flexi\u00f3n. El operario puede visualizar la posici\u00f3n de la chapa entre las herramientas y definir los criterios para la detecci\u00f3n de colisiones.<br \/>ModEva 19T puede gestionar funciones sofisticadas como ayudas de plegado complejas, medici\u00f3n de \u00e1ngulos o ejes esclavos, entre otras. Naturalmente, el software tambi\u00e9n permite a los fabricantes configurar ejes, entradas\/salidas y funciones auxiliares seg\u00fan sus necesidades, y lo mejor de todo es que les ofrece un \u00e1rea en la pantalla donde pueden a\u00f1adir sus propios botones.<\/p>\n\t\t\t\t\t\t\t\t<\/div>\n\t\t\t\t<\/div>\n\t\t\t\t<div class=\"elementor-element elementor-element-089bcce elementor-widget elementor-widget-heading\" data-id=\"089bcce\" data-element_type=\"widget\" data-e-type=\"widget\" data-widget_type=\"heading.default\">\n\t\t\t\t<div class=\"elementor-widget-container\">\n\t\t\t\t\t<h2 class=\"elementor-heading-title elementor-size-default\">Software offline incluido<\/h2>\t\t\t\t<\/div>\n\t\t\t\t<\/div>\n\t\t\t\t<div class=\"elementor-element elementor-element-4d46b24 elementor-widget elementor-widget-text-editor\" data-id=\"4d46b24\" data-element_type=\"widget\" data-e-type=\"widget\" data-widget_type=\"text-editor.default\">\n\t\t\t\t<div class=\"elementor-widget-container\">\n\t\t\t\t\t\t\t\t\t<p><span lang=\"en-US\">ModEva 19T <\/span><span lang=\"en-US\">vienen con PC-ModEva<\/span><span lang=\"en-US\"> <\/span><span lang=\"en-US\">Software offline.<br \/><\/span>Este programa le permite preparar sus programas, calcular ofertas y comprobar la viabilidad de las piezas en su oficina en un PC. No se pierde tiempo con la m\u00e1quina.<\/p>\n\t\t\t\t\t\t\t\t<\/div>\n\t\t\t\t<\/div>\n\t\t\t\t<section class=\"elementor-section elementor-inner-section elementor-element elementor-element-47a5a20 elementor-section-full_width elementor-section-height-default elementor-section-height-default\" data-id=\"47a5a20\" data-element_type=\"section\" data-e-type=\"section\">\n\t\t\t\t\t\t<div class=\"elementor-container elementor-column-gap-default\">\n\t\t\t\t\t<div class=\"elementor-column elementor-col-33 elementor-inner-column elementor-element elementor-element-7c6f9ee\" data-id=\"7c6f9ee\" data-element_type=\"column\" data-e-type=\"column\">\n\t\t\t<div class=\"elementor-widget-wrap elementor-element-populated\">\n\t\t\t\t\t\t<div class=\"elementor-element elementor-element-ea6323a elementor-align-justify elementor-widget elementor-widget-button\" data-id=\"ea6323a\" data-element_type=\"widget\" data-e-type=\"widget\" data-widget_type=\"button.default\">\n\t\t\t\t<div class=\"elementor-widget-container\">\n\t\t\t\t\t\t\t\t\t<div class=\"elementor-button-wrapper\">\n\t\t\t\t\t<a class=\"elementor-button elementor-button-link elementor-size-sm\" href=\"https:\/\/cybelec.ch\/wp-content\/uploads\/2020\/12\/FlyerModEva19T_EN_V1.0.pdf\" target=\"_blank\">\n\t\t\t\t\t\t<span class=\"elementor-button-content-wrapper\">\n\t\t\t\t\t\t\t\t\t<span class=\"elementor-button-text\">Descargar el folleto<\/span>\n\t\t\t\t\t<\/span>\n\t\t\t\t\t<\/a>\n\t\t\t\t<\/div>\n\t\t\t\t\t\t\t\t<\/div>\n\t\t\t\t<\/div>\n\t\t\t\t\t<\/div>\n\t\t<\/div>\n\t\t\t\t<div class=\"elementor-column elementor-col-33 elementor-inner-column elementor-element elementor-element-7eef07d\" data-id=\"7eef07d\" data-element_type=\"column\" data-e-type=\"column\">\n\t\t\t<div class=\"elementor-widget-wrap elementor-element-populated\">\n\t\t\t\t\t\t<div class=\"elementor-element elementor-element-16d5b70 elementor-align-justify elementor-widget elementor-widget-button\" data-id=\"16d5b70\" data-element_type=\"widget\" data-e-type=\"widget\" data-widget_type=\"button.default\">\n\t\t\t\t<div class=\"elementor-widget-container\">\n\t\t\t\t\t\t\t\t\t<div class=\"elementor-button-wrapper\">\n\t\t\t\t\t<a class=\"elementor-button elementor-button-link elementor-size-sm\" href=\"https:\/\/cybelec.ch\/wp-content\/uploads\/2020\/12\/Datasheet_ModEva19T_V1.2_EN.pdf\" target=\"_blank\">\n\t\t\t\t\t\t<span class=\"elementor-button-content-wrapper\">\n\t\t\t\t\t\t\t\t\t<span class=\"elementor-button-text\">Descargar la ficha t\u00e9cnica<\/span>\n\t\t\t\t\t<\/span>\n\t\t\t\t\t<\/a>\n\t\t\t\t<\/div>\n\t\t\t\t\t\t\t\t<\/div>\n\t\t\t\t<\/div>\n\t\t\t\t\t<\/div>\n\t\t<\/div>\n\t\t\t\t<div class=\"elementor-column elementor-col-33 elementor-inner-column elementor-element elementor-element-88b9a9c\" data-id=\"88b9a9c\" data-element_type=\"column\" data-e-type=\"column\">\n\t\t\t<div class=\"elementor-widget-wrap\">\n\t\t\t\t\t\t\t<\/div>\n\t\t<\/div>\n\t\t\t\t\t<\/div>\n\t\t<\/section>\n\t\t\t\t\t<\/div>\n\t\t<\/div>\n\t\t\t\t\t<\/div>\n\t\t<\/section>\n\t\t\t\t<section class=\"elementor-section elementor-top-section elementor-element elementor-element-0d8dba9 elementor-section-boxed elementor-section-height-default elementor-section-height-default\" data-id=\"0d8dba9\" data-element_type=\"section\" data-e-type=\"section\">\n\t\t\t\t\t\t<div class=\"elementor-container elementor-column-gap-default\">\n\t\t\t\t\t<div class=\"elementor-column elementor-col-100 elementor-top-column elementor-element elementor-element-f2287e6\" data-id=\"f2287e6\" data-element_type=\"column\" data-e-type=\"column\">\n\t\t\t<div class=\"elementor-widget-wrap elementor-element-populated\">\n\t\t\t\t\t\t<div class=\"elementor-element elementor-element-7da0270 elementor-tabs-view-horizontal elementor-widget elementor-widget-tabs\" data-id=\"7da0270\" data-element_type=\"widget\" data-e-type=\"widget\" data-widget_type=\"tabs.default\">\n\t\t\t\t<div class=\"elementor-widget-container\">\n\t\t\t\t\t\t\t<div class=\"elementor-tabs\">\n\t\t\t<div class=\"elementor-tabs-wrapper\" role=\"tablist\" >\n\t\t\t\t\t\t\t\t\t<div id=\"elementor-tab-title-1311\" class=\"elementor-tab-title elementor-tab-desktop-title\" aria-selected=\"true\" data-tab=\"1\" role=\"tab\" tabindex=\"0\" aria-controls=\"elementor-tab-content-1311\" aria-expanded=\"false\">Ventajas para el cliente<\/div>\n\t\t\t\t\t\t\t\t\t<div id=\"elementor-tab-title-1312\" class=\"elementor-tab-title elementor-tab-desktop-title\" aria-selected=\"false\" data-tab=\"2\" role=\"tab\" tabindex=\"-1\" aria-controls=\"elementor-tab-content-1312\" aria-expanded=\"false\">F\u00e1cil manejo<\/div>\n\t\t\t\t\t\t\t\t\t<div id=\"elementor-tab-title-1313\" class=\"elementor-tab-title elementor-tab-desktop-title\" aria-selected=\"false\" data-tab=\"3\" role=\"tab\" tabindex=\"-1\" aria-controls=\"elementor-tab-content-1313\" aria-expanded=\"false\">Mejor flexi\u00f3n<\/div>\n\t\t\t\t\t\t\t\t\t<div id=\"elementor-tab-title-1314\" class=\"elementor-tab-title elementor-tab-desktop-title\" aria-selected=\"false\" data-tab=\"4\" role=\"tab\" tabindex=\"-1\" aria-controls=\"elementor-tab-content-1314\" aria-expanded=\"false\">Potente<\/div>\n\t\t\t\t\t\t\t<\/div>\n\t\t\t<div class=\"elementor-tabs-content-wrapper\" role=\"tablist\" aria-orientation=\"vertical\">\n\t\t\t\t\t\t\t\t\t<div class=\"elementor-tab-title elementor-tab-mobile-title\" aria-selected=\"true\" data-tab=\"1\" role=\"tab\" tabindex=\"0\" aria-controls=\"elementor-tab-content-1311\" aria-expanded=\"false\">Ventajas para el cliente<\/div>\n\t\t\t\t\t<div id=\"elementor-tab-content-1311\" class=\"elementor-tab-content elementor-clearfix\" data-tab=\"1\" role=\"tabpanel\" aria-labelledby=\"elementor-tab-title-1311\" tabindex=\"0\" hidden=\"false\"><ul>\n<li>Gran pantalla t\u00e1ctil con zona personalizable<\/li>\n<li>Confort y potencia con un dise\u00f1o plano y moderno<\/li>\n<li>Importaci\u00f3n directa desde la mayor\u00eda de los sistemas CAD\/CAM<\/li>\n<\/ul>\n<\/div>\n\t\t\t\t\t\t\t\t\t<div class=\"elementor-tab-title elementor-tab-mobile-title\" aria-selected=\"false\" data-tab=\"2\" role=\"tab\" tabindex=\"-1\" aria-controls=\"elementor-tab-content-1312\" aria-expanded=\"false\">F\u00e1cil manejo<\/div>\n\t\t\t\t\t<div id=\"elementor-tab-content-1312\" class=\"elementor-tab-content elementor-clearfix\" data-tab=\"2\" role=\"tabpanel\" aria-labelledby=\"elementor-tab-title-1312\" tabindex=\"0\" hidden=\"hidden\"><ul>\n<li>Gran pantalla t\u00e1ctil en color de 19&#8243;.<\/li>\n<li>Programaci\u00f3n completa de una pieza en una sola p\u00e1gina.<\/li>\n<li>Funcionamiento m\u00e1s interactivo e intuitivo.<\/li>\n<li>R\u00e1pida puesta a punto de la m\u00e1quina gracias al acceso directo a la configuraci\u00f3n.<\/li>\n<li>Men\u00fas de f\u00e1cil acceso, claros y con un dise\u00f1o l\u00f3gico.<\/li>\n<li>Teclado alfanum\u00e9rico para facilitar la identificaci\u00f3n de productos y herramientas.<\/li>\n<li>Capacidad de programaci\u00f3n y simulaci\u00f3n gr\u00e1fica en 2D o 3D.<\/li>\n<\/ul>\n<\/div>\n\t\t\t\t\t\t\t\t\t<div class=\"elementor-tab-title elementor-tab-mobile-title\" aria-selected=\"false\" data-tab=\"3\" role=\"tab\" tabindex=\"-1\" aria-controls=\"elementor-tab-content-1313\" aria-expanded=\"false\">Mejor flexi\u00f3n<\/div>\n\t\t\t\t\t<div id=\"elementor-tab-content-1313\" class=\"elementor-tab-content elementor-clearfix\" data-tab=\"3\" role=\"tabpanel\" aria-labelledby=\"elementor-tab-title-1313\" tabindex=\"0\" hidden=\"hidden\"><ul>\n<li>Se suministra con el software off-line PC-ModEva para preparar programas de producci\u00f3n y comprobar la viabilidad de las piezas en un ordenador de sobremesa.<\/li>\n<li>Mayor productividad gracias a las sencillas y r\u00e1pidas modificaciones de los productos existentes y a la p\u00e1gina de correcci\u00f3n con todas las funciones.<\/li>\n<li>Visualizaci\u00f3n de mensajes de error y advertencia en la pantalla de la consola.<\/li>\n<li>Los amplios par\u00e1metros de la m\u00e1quina permiten un ajuste muy preciso de la misma.<\/li>\n<li>\u00c1rea personalizable en la pantalla dedicada a los botones de funci\u00f3n de la m\u00e1quina del cliente.<\/li>\n<\/ul>\n<\/div>\n\t\t\t\t\t\t\t\t\t<div class=\"elementor-tab-title elementor-tab-mobile-title\" aria-selected=\"false\" data-tab=\"4\" role=\"tab\" tabindex=\"-1\" aria-controls=\"elementor-tab-content-1314\" aria-expanded=\"false\">Potente<\/div>\n\t\t\t\t\t<div id=\"elementor-tab-content-1314\" class=\"elementor-tab-content elementor-clearfix\" data-tab=\"4\" role=\"tabpanel\" aria-labelledby=\"elementor-tab-title-1314\" tabindex=\"0\" hidden=\"hidden\"><ul>\n<li>Puede controlar hasta 18 ejes.<\/li>\n<li>Capacidad de simulaci\u00f3n m\u00faltiple con detecci\u00f3n de colisiones, definici\u00f3n de las herramientas y de la posici\u00f3n de la chapa entre las herramientas, que ofrece varias soluciones para secuencias de plegado \u00f3ptimas.<\/li>\n<li>Criterios de simulaci\u00f3n ampliados para una mejor gesti\u00f3n de los pliegos.<\/li>\n<li>Interfaz de transportador de \u00e1ngulos.<\/li>\n<li>Localizador de herramientas.<\/li>\n<li>Funcionamiento en t\u00e1ndem.<\/li>\n<li>Windows 7 para multitarea y gesti\u00f3n de archivos.<\/li>\n<li>Gesti\u00f3n del ciclo de seguridad de la CE.<\/li>\n<li>Comunicaci\u00f3n en red a trav\u00e9s de Ethernet.<\/li>\n<li>Gesti\u00f3n de funciones sofisticadas como ayudas de plegado complejas, medici\u00f3n de \u00e1ngulos, ejes esclavos, etc.<\/li>\n<\/ul>\n<\/div>\n\t\t\t\t\t\t\t<\/div>\n\t\t<\/div>\n\t\t\t\t\t\t<\/div>\n\t\t\t\t<\/div>\n\t\t\t\t\t<\/div>\n\t\t<\/div>\n\t\t\t\t\t<\/div>\n\t\t<\/section>\n\t\t\t\t<\/div>\n\t\t","protected":false},"excerpt":{"rendered":"<p>El elegante ModEva 19T es la \u00faltima evoluci\u00f3n de la familia ModEva, y el primer ModEva totalmente t\u00e1ctil. Con una pantalla gr\u00e1fica en 2D o 3D y una amplia gama de funciones, ModEva 19T puede adaptarse a prensas plegadoras est\u00e1ndar, hasta los modelos m\u00e1s sofisticados que controlan un m\u00e1ximo de 18 ejes.Utilizando uno de los [&hellip;]<\/p>\n","protected":false},"author":1,"featured_media":0,"parent":0,"menu_order":0,"comment_status":"closed","ping_status":"closed","template":"","meta":{"site-sidebar-layout":"no-sidebar","site-content-layout":"page-builder","ast-site-content-layout":"full-width-container","site-content-style":"default","site-sidebar-style":"default","ast-global-header-display":"","ast-banner-title-visibility":"","ast-main-header-display":"","ast-hfb-above-header-display":"","ast-hfb-below-header-display":"","ast-hfb-mobile-header-display":"","site-post-title":"disabled","ast-breadcrumbs-content":"","ast-featured-img":"disabled","footer-sml-layout":"","ast-disable-related-posts":"","theme-transparent-header-meta":"","adv-header-id-meta":"","stick-header-meta":"","header-above-stick-meta":"","header-main-stick-meta":"","header-below-stick-meta":"","astra-migrate-meta-layouts":"default","ast-page-background-enabled":"default","ast-page-background-meta":{"desktop":{"background-color":"","background-image":"","background-repeat":"repeat","background-position":"center center","background-size":"auto","background-attachment":"scroll","background-type":"","background-media":"","overlay-type":"","overlay-color":"","overlay-opacity":"","overlay-gradient":""},"tablet":{"background-color":"","background-image":"","background-repeat":"repeat","background-position":"center center","background-size":"auto","background-attachment":"scroll","background-type":"","background-media":"","overlay-type":"","overlay-color":"","overlay-opacity":"","overlay-gradient":""},"mobile":{"background-color":"","background-image":"","background-repeat":"repeat","background-position":"center center","background-size":"auto","background-attachment":"scroll","background-type":"","background-media":"","overlay-type":"","overlay-color":"","overlay-opacity":"","overlay-gradient":""}},"ast-content-background-meta":{"desktop":{"background-color":"var(--ast-global-color-5)","background-image":"","background-repeat":"repeat","background-position":"center center","background-size":"auto","background-attachment":"scroll","background-type":"","background-media":"","overlay-type":"","overlay-color":"","overlay-opacity":"","overlay-gradient":""},"tablet":{"background-color":"var(--ast-global-color-5)","background-image":"","background-repeat":"repeat","background-position":"center center","background-size":"auto","background-attachment":"scroll","background-type":"","background-media":"","overlay-type":"","overlay-color":"","overlay-opacity":"","overlay-gradient":""},"mobile":{"background-color":"var(--ast-global-color-5)","background-image":"","background-repeat":"repeat","background-position":"center center","background-size":"auto","background-attachment":"scroll","background-type":"","background-media":"","overlay-type":"","overlay-color":"","overlay-opacity":"","overlay-gradient":""}},"footnotes":""},"class_list":["post-23261","page","type-page","status-publish","hentry"],"aioseo_notices":[],"_links":{"self":[{"href":"https:\/\/cybelec.ch\/es\/wp-json\/wp\/v2\/pages\/23261","targetHints":{"allow":["GET"]}}],"collection":[{"href":"https:\/\/cybelec.ch\/es\/wp-json\/wp\/v2\/pages"}],"about":[{"href":"https:\/\/cybelec.ch\/es\/wp-json\/wp\/v2\/types\/page"}],"author":[{"embeddable":true,"href":"https:\/\/cybelec.ch\/es\/wp-json\/wp\/v2\/users\/1"}],"replies":[{"embeddable":true,"href":"https:\/\/cybelec.ch\/es\/wp-json\/wp\/v2\/comments?post=23261"}],"version-history":[{"count":0,"href":"https:\/\/cybelec.ch\/es\/wp-json\/wp\/v2\/pages\/23261\/revisions"}],"wp:attachment":[{"href":"https:\/\/cybelec.ch\/es\/wp-json\/wp\/v2\/media?parent=23261"}],"curies":[{"name":"wp","href":"https:\/\/api.w.org\/{rel}","templated":true}]}}