{"id":23277,"date":"2024-06-05T10:32:42","date_gmt":"2024-06-05T08:32:42","guid":{"rendered":"https:\/\/cybelec.ch\/modeva-pac\/"},"modified":"2024-06-05T11:14:40","modified_gmt":"2024-06-05T09:14:40","slug":"modeva-pac","status":"publish","type":"page","link":"https:\/\/cybelec.ch\/es\/modeva-pac\/","title":{"rendered":"ModEva Pac"},"content":{"rendered":"\t\t<div data-elementor-type=\"wp-page\" data-elementor-id=\"23277\" class=\"elementor elementor-23277 elementor-23058\" data-elementor-post-type=\"page\">\n\t\t\t\t\t\t<section class=\"elementor-section elementor-top-section elementor-element elementor-element-b157f57 elementor-reverse-mobile elementor-section-boxed elementor-section-height-default elementor-section-height-default\" data-id=\"b157f57\" data-element_type=\"section\" data-e-type=\"section\">\n\t\t\t\t\t\t<div class=\"elementor-container elementor-column-gap-no\">\n\t\t\t\t\t<div class=\"elementor-column elementor-col-50 elementor-top-column elementor-element elementor-element-633f206\" data-id=\"633f206\" data-element_type=\"column\" data-e-type=\"column\">\n\t\t\t<div class=\"elementor-widget-wrap elementor-element-populated\">\n\t\t\t\t\t\t<div class=\"elementor-element elementor-element-4330827 elementor-widget elementor-widget-gallery\" data-id=\"4330827\" data-element_type=\"widget\" data-e-type=\"widget\" data-settings=\"{&quot;columns&quot;:2,&quot;aspect_ratio&quot;:&quot;1:1&quot;,&quot;columns_mobile&quot;:2,&quot;lazyload&quot;:&quot;yes&quot;,&quot;gallery_layout&quot;:&quot;grid&quot;,&quot;columns_tablet&quot;:2,&quot;gap&quot;:{&quot;unit&quot;:&quot;px&quot;,&quot;size&quot;:10,&quot;sizes&quot;:[]},&quot;gap_tablet&quot;:{&quot;unit&quot;:&quot;px&quot;,&quot;size&quot;:10,&quot;sizes&quot;:[]},&quot;gap_mobile&quot;:{&quot;unit&quot;:&quot;px&quot;,&quot;size&quot;:10,&quot;sizes&quot;:[]},&quot;link_to&quot;:&quot;file&quot;,&quot;content_hover_animation&quot;:&quot;fade-in&quot;}\" data-widget_type=\"gallery.default\">\n\t\t\t\t<div class=\"elementor-widget-container\">\n\t\t\t\t\t\t\t<div class=\"elementor-gallery__container\">\n\t\t\t\t\t\t\t<a class=\"e-gallery-item elementor-gallery-item elementor-animated-content\" href=\"https:\/\/cybelec.ch\/wp-content\/uploads\/2020\/12\/Eva.jpg\" data-elementor-open-lightbox=\"yes\" data-elementor-lightbox-slideshow=\"4330827\" data-e-action-hash=\"#elementor-action%3Aaction%3Dlightbox%26settings%3DeyJpZCI6MTI5NDEsInVybCI6Imh0dHBzOlwvXC9jeWJlbGVjLmNoXC93cC1jb250ZW50XC91cGxvYWRzXC8yMDIwXC8xMlwvRXZhLmpwZyIsInNsaWRlc2hvdyI6IjQzMzA4MjcifQ%3D%3D\">\n\t\t\t\t\t<div class=\"e-gallery-image elementor-gallery-item__image\" data-thumbnail=\"https:\/\/cybelec.ch\/wp-content\/uploads\/2020\/12\/Eva.jpg\" data-width=\"1000\" data-height=\"1000\" aria-label=\"\" role=\"img\" ><\/div>\n\t\t\t\t\t\t\t\t\t\t\t\t\t\t<\/a>\n\t\t\t\t\t\t\t<a class=\"e-gallery-item elementor-gallery-item elementor-animated-content\" href=\"https:\/\/cybelec.ch\/wp-content\/uploads\/2020\/12\/ModEvaPac_2.png\" data-elementor-open-lightbox=\"yes\" data-elementor-lightbox-slideshow=\"4330827\" data-e-action-hash=\"#elementor-action%3Aaction%3Dlightbox%26settings%3DeyJpZCI6MTE1NDAsInVybCI6Imh0dHBzOlwvXC9jeWJlbGVjLmNoXC93cC1jb250ZW50XC91cGxvYWRzXC8yMDIwXC8xMlwvTW9kRXZhUGFjXzIucG5nIiwic2xpZGVzaG93IjoiNDMzMDgyNyJ9\">\n\t\t\t\t\t<div class=\"e-gallery-image elementor-gallery-item__image\" data-thumbnail=\"https:\/\/cybelec.ch\/wp-content\/uploads\/2020\/12\/ModEvaPac_2.png\" data-width=\"1160\" data-height=\"1000\" aria-label=\"\" role=\"img\" ><\/div>\n\t\t\t\t\t\t\t\t\t\t\t\t\t\t<\/a>\n\t\t\t\t\t\t\t<a class=\"e-gallery-item elementor-gallery-item elementor-animated-content\" href=\"https:\/\/cybelec.ch\/wp-content\/uploads\/2020\/12\/ModEvaPac_1.png\" data-elementor-open-lightbox=\"yes\" data-elementor-lightbox-slideshow=\"4330827\" data-e-action-hash=\"#elementor-action%3Aaction%3Dlightbox%26settings%3DeyJpZCI6MTE1MzksInVybCI6Imh0dHBzOlwvXC9jeWJlbGVjLmNoXC93cC1jb250ZW50XC91cGxvYWRzXC8yMDIwXC8xMlwvTW9kRXZhUGFjXzEucG5nIiwic2xpZGVzaG93IjoiNDMzMDgyNyJ9\">\n\t\t\t\t\t<div class=\"e-gallery-image elementor-gallery-item__image\" data-thumbnail=\"https:\/\/cybelec.ch\/wp-content\/uploads\/2020\/12\/ModEvaPac_1.png\" data-width=\"937\" data-height=\"1000\" aria-label=\"\" role=\"img\" ><\/div>\n\t\t\t\t\t\t\t\t\t\t\t\t\t\t<\/a>\n\t\t\t\t\t<\/div>\n\t\t\t\t\t<\/div>\n\t\t\t\t<\/div>\n\t\t\t\t\t<\/div>\n\t\t<\/div>\n\t\t\t\t<div class=\"elementor-column elementor-col-50 elementor-top-column elementor-element elementor-element-ca58426\" data-id=\"ca58426\" data-element_type=\"column\" data-e-type=\"column\">\n\t\t\t<div class=\"elementor-widget-wrap elementor-element-populated\">\n\t\t\t\t\t\t<div class=\"elementor-element elementor-element-d5b499b elementor-widget elementor-widget-heading\" data-id=\"d5b499b\" data-element_type=\"widget\" data-e-type=\"widget\" data-widget_type=\"heading.default\">\n\t\t\t\t<div class=\"elementor-widget-container\">\n\t\t\t\t\t<h2 class=\"elementor-heading-title elementor-size-default\">ModEva Pac est\u00e1 dise\u00f1ado para controlar todo tipo de prensas plegadoras<\/h2>\t\t\t\t<\/div>\n\t\t\t\t<\/div>\n\t\t\t\t<div class=\"elementor-element elementor-element-4eb91ab elementor-widget elementor-widget-text-editor\" data-id=\"4eb91ab\" data-element_type=\"widget\" data-e-type=\"widget\" data-widget_type=\"text-editor.default\">\n\t\t\t\t<div class=\"elementor-widget-container\">\n\t\t\t\t\t\t\t\t\t<p>de los modelos sincronizados (marcha arriba o marcha abajo) a los topes mec\u00e1nicos\/hidr\u00e1ulicos. ModEva Pac puede controlar 4 \u00f3 7 ejes.<br \/>Con una ergonom\u00eda de pantalla t\u00e1ctil nueva y mejorada, el software ModEva Pac proporciona al operador m\u00e1s potencia y eficacia para controlar su m\u00e1quina, al tiempo que ofrece una sensaci\u00f3n de facilidad y comodidad. La funci\u00f3n TouchProfile est\u00e1 ahora integrada en el software y permite al operario dibujar una pieza directamente en la gran pantalla t\u00e1ctil de 15 pulgadas con la punta del dedo.<br \/>Las funciones b\u00e1sicas son accesibles mediante 5 teclas tem\u00e1ticas que dan acceso a p\u00e1ginas de men\u00fa dise\u00f1adas de forma clara y l\u00f3gica. Las soluciones de plegado se muestran gr\u00e1ficamente en 2D e indican posibles colisiones con las herramientas o el bastidor de la m\u00e1quina seg\u00fan criterios definidos por el operario, como la longitud m\u00ednima contra el operario, el retorno m\u00ednimo, la precisi\u00f3n m\u00e1xima entre dos caras definidas y la manipulaci\u00f3n m\u00ednima del operario. El sistema tambi\u00e9n muestra la posici\u00f3n de la hoja entre las herramientas.<br \/>El software permite a los fabricantes de m\u00e1quinas configurar ejes, entradas\/salidas y funciones auxiliares seg\u00fan sus necesidades. Tambi\u00e9n puede gestionar el sistema de coronaci\u00f3n hidr\u00e1ulico o mec\u00e1nico, las v\u00e1lvulas proporcionales a la presi\u00f3n, las ayudas al plegado, calcular la tolerancia de plegado y propone una p\u00e1gina sencilla para programar una pieza en cuesti\u00f3n de segundos.<br \/>ModEva Pac es totalmente compatible con nuestras DNC 15, DNC 880S y 880 o DNC 80, lo que lo convierte en un control ideal para el reequipamiento de m\u00e1quinas antiguas.<br \/>ModEva Pac se integra en una carcasa elegante y moderna, u opcionalmente tambi\u00e9n puede suministrarse como un robusto panel.<\/p>\n\t\t\t\t\t\t\t\t<\/div>\n\t\t\t\t<\/div>\n\t\t\t\t<div class=\"elementor-element elementor-element-78f31dc elementor-widget elementor-widget-heading\" data-id=\"78f31dc\" data-element_type=\"widget\" data-e-type=\"widget\" data-widget_type=\"heading.default\">\n\t\t\t\t<div class=\"elementor-widget-container\">\n\t\t\t\t\t<h2 class=\"elementor-heading-title elementor-size-default\">Software offline incluido<\/h2>\t\t\t\t<\/div>\n\t\t\t\t<\/div>\n\t\t\t\t<div class=\"elementor-element elementor-element-5e9c0cd elementor-widget elementor-widget-text-editor\" data-id=\"5e9c0cd\" data-element_type=\"widget\" data-e-type=\"widget\" data-widget_type=\"text-editor.default\">\n\t\t\t\t<div class=\"elementor-widget-container\">\n\t\t\t\t\t\t\t\t\t<p><span lang=\"en-US\">Todos los ModEva Pac <\/span><span lang=\"en-US\">incluyen <\/span><a class=\"hovered\" href=\"https:\/\/cybelec.ch\/index.php?option=com_content&amp;view=article&amp;id=243:pc-modeva&amp;catid=45:off-line-software&amp;Itemid=220\"><br \/>\n  <span lang=\"en-US\"><span style=\"color: #e41e13;\">PC-ModEva<\/span> <\/span><br \/>\n<\/a><span lang=\"en-US\">software offline.<br \/><\/span>Este programa le permite preparar sus programas, calcular ofertas y comprobar la viabilidad de las piezas en su oficina en un PC. No se pierde tiempo con la m\u00e1quina.<\/p>\n\t\t\t\t\t\t\t\t<\/div>\n\t\t\t\t<\/div>\n\t\t\t\t<section class=\"elementor-section elementor-inner-section elementor-element elementor-element-dd248df elementor-section-boxed elementor-section-height-default elementor-section-height-default\" data-id=\"dd248df\" data-element_type=\"section\" data-e-type=\"section\">\n\t\t\t\t\t\t<div class=\"elementor-container elementor-column-gap-default\">\n\t\t\t\t\t<div class=\"elementor-column elementor-col-33 elementor-inner-column elementor-element elementor-element-16c5fd2\" data-id=\"16c5fd2\" data-element_type=\"column\" data-e-type=\"column\">\n\t\t\t<div class=\"elementor-widget-wrap elementor-element-populated\">\n\t\t\t\t\t\t<div class=\"elementor-element elementor-element-b43052f elementor-align-justify elementor-widget elementor-widget-button\" data-id=\"b43052f\" data-element_type=\"widget\" data-e-type=\"widget\" data-widget_type=\"button.default\">\n\t\t\t\t<div class=\"elementor-widget-container\">\n\t\t\t\t\t\t\t\t\t<div class=\"elementor-button-wrapper\">\n\t\t\t\t\t<a class=\"elementor-button elementor-button-link elementor-size-sm\" href=\"https:\/\/cybelec.ch\/wp-content\/uploads\/2020\/12\/Flyer_ModEvaPac_EN_V1.2.pdf\" target=\"_blank\">\n\t\t\t\t\t\t<span class=\"elementor-button-content-wrapper\">\n\t\t\t\t\t\t\t\t\t<span class=\"elementor-button-text\">Descargar el folleto<\/span>\n\t\t\t\t\t<\/span>\n\t\t\t\t\t<\/a>\n\t\t\t\t<\/div>\n\t\t\t\t\t\t\t\t<\/div>\n\t\t\t\t<\/div>\n\t\t\t\t\t<\/div>\n\t\t<\/div>\n\t\t\t\t<div class=\"elementor-column elementor-col-33 elementor-inner-column elementor-element elementor-element-81202e4\" data-id=\"81202e4\" data-element_type=\"column\" data-e-type=\"column\">\n\t\t\t<div class=\"elementor-widget-wrap elementor-element-populated\">\n\t\t\t\t\t\t<div class=\"elementor-element elementor-element-5eec70d elementor-align-justify elementor-widget elementor-widget-button\" data-id=\"5eec70d\" data-element_type=\"widget\" data-e-type=\"widget\" data-widget_type=\"button.default\">\n\t\t\t\t<div class=\"elementor-widget-container\">\n\t\t\t\t\t\t\t\t\t<div class=\"elementor-button-wrapper\">\n\t\t\t\t\t<a class=\"elementor-button elementor-button-link elementor-size-sm\" href=\"https:\/\/cybelec.ch\/wp-content\/uploads\/2020\/12\/Datasheet_ModEvaPac_EN_V2.3.pdf\" target=\"_blank\">\n\t\t\t\t\t\t<span class=\"elementor-button-content-wrapper\">\n\t\t\t\t\t\t\t\t\t<span class=\"elementor-button-text\">Descargar la ficha t\u00e9cnica<\/span>\n\t\t\t\t\t<\/span>\n\t\t\t\t\t<\/a>\n\t\t\t\t<\/div>\n\t\t\t\t\t\t\t\t<\/div>\n\t\t\t\t<\/div>\n\t\t\t\t\t<\/div>\n\t\t<\/div>\n\t\t\t\t<div class=\"elementor-column elementor-col-33 elementor-inner-column elementor-element elementor-element-5d0aa10\" data-id=\"5d0aa10\" data-element_type=\"column\" data-e-type=\"column\">\n\t\t\t<div class=\"elementor-widget-wrap\">\n\t\t\t\t\t\t\t<\/div>\n\t\t<\/div>\n\t\t\t\t\t<\/div>\n\t\t<\/section>\n\t\t\t\t\t<\/div>\n\t\t<\/div>\n\t\t\t\t\t<\/div>\n\t\t<\/section>\n\t\t\t\t<section class=\"elementor-section elementor-top-section elementor-element elementor-element-6eed054 elementor-section-boxed elementor-section-height-default elementor-section-height-default\" data-id=\"6eed054\" data-element_type=\"section\" data-e-type=\"section\">\n\t\t\t\t\t\t<div class=\"elementor-container elementor-column-gap-default\">\n\t\t\t\t\t<div class=\"elementor-column elementor-col-100 elementor-top-column elementor-element elementor-element-3ec4178\" data-id=\"3ec4178\" data-element_type=\"column\" data-e-type=\"column\">\n\t\t\t<div class=\"elementor-widget-wrap elementor-element-populated\">\n\t\t\t\t\t\t<div class=\"elementor-element elementor-element-7612a04 elementor-tabs-view-horizontal elementor-widget elementor-widget-tabs\" data-id=\"7612a04\" data-element_type=\"widget\" data-e-type=\"widget\" data-widget_type=\"tabs.default\">\n\t\t\t\t<div class=\"elementor-widget-container\">\n\t\t\t\t\t\t\t<div class=\"elementor-tabs\">\n\t\t\t<div class=\"elementor-tabs-wrapper\" role=\"tablist\" >\n\t\t\t\t\t\t\t\t\t<div id=\"elementor-tab-title-1231\" class=\"elementor-tab-title elementor-tab-desktop-title\" aria-selected=\"true\" data-tab=\"1\" role=\"tab\" tabindex=\"0\" aria-controls=\"elementor-tab-content-1231\" aria-expanded=\"false\">Ventajas para el cliente<\/div>\n\t\t\t\t\t\t\t\t\t<div id=\"elementor-tab-title-1232\" class=\"elementor-tab-title elementor-tab-desktop-title\" aria-selected=\"false\" data-tab=\"2\" role=\"tab\" tabindex=\"-1\" aria-controls=\"elementor-tab-content-1232\" aria-expanded=\"false\">F\u00e1cil manejo<\/div>\n\t\t\t\t\t\t\t\t\t<div id=\"elementor-tab-title-1233\" class=\"elementor-tab-title elementor-tab-desktop-title\" aria-selected=\"false\" data-tab=\"3\" role=\"tab\" tabindex=\"-1\" aria-controls=\"elementor-tab-content-1233\" aria-expanded=\"false\">Mejor flexi\u00f3n<\/div>\n\t\t\t\t\t\t\t\t\t<div id=\"elementor-tab-title-1234\" class=\"elementor-tab-title elementor-tab-desktop-title\" aria-selected=\"false\" data-tab=\"4\" role=\"tab\" tabindex=\"-1\" aria-controls=\"elementor-tab-content-1234\" aria-expanded=\"false\">Potente<\/div>\n\t\t\t\t\t\t\t<\/div>\n\t\t\t<div class=\"elementor-tabs-content-wrapper\" role=\"tablist\" aria-orientation=\"vertical\">\n\t\t\t\t\t\t\t\t\t<div class=\"elementor-tab-title elementor-tab-mobile-title\" aria-selected=\"true\" data-tab=\"1\" role=\"tab\" tabindex=\"0\" aria-controls=\"elementor-tab-content-1231\" aria-expanded=\"false\">Ventajas para el cliente<\/div>\n\t\t\t\t\t<div id=\"elementor-tab-content-1231\" class=\"elementor-tab-content elementor-clearfix\" data-tab=\"1\" role=\"tabpanel\" aria-labelledby=\"elementor-tab-title-1231\" tabindex=\"0\" hidden=\"false\"><ul>\n<li class=\"trueicon\">Gran pantalla en color de 15<\/li>\n<li class=\"trueicon\">Interfaz t\u00e1ctil intuitiva<\/li>\n<li class=\"trueicon\">Todas las aplicaciones de prensas plegadoras<\/li>\n<\/ul>\n<\/div>\n\t\t\t\t\t\t\t\t\t<div class=\"elementor-tab-title elementor-tab-mobile-title\" aria-selected=\"false\" data-tab=\"2\" role=\"tab\" tabindex=\"-1\" aria-controls=\"elementor-tab-content-1232\" aria-expanded=\"false\">F\u00e1cil manejo<\/div>\n\t\t\t\t\t<div id=\"elementor-tab-content-1232\" class=\"elementor-tab-content elementor-clearfix\" data-tab=\"2\" role=\"tabpanel\" aria-labelledby=\"elementor-tab-title-1232\" tabindex=\"0\" hidden=\"hidden\"><ul>\n<li>Dibujo a mano de piezas 2D con la funci\u00f3n TouchProfile.<\/li>\n<li>Programaci\u00f3n intuitiva e interactiva.<\/li>\n<li>Funciones de campo claras y visibles asociadas a c\u00f3digos de color.<\/li>\n<li>Programaci\u00f3n completa de piezas en una sola p\u00e1gina.<\/li>\n<li>R\u00e1pida puesta a punto de la m\u00e1quina gracias al acceso directo a los par\u00e1metros.<\/li>\n<li>Dise\u00f1o ergon\u00f3mico inclinado para una r\u00e1pida introducci\u00f3n de datos.<\/li>\n<li>Teclado con teclas grandes.<\/li>\n<li>Los principales comandos de la m\u00e1quina (pulsadores, interruptores) se encuentran idealmente debajo del teclado.<\/li>\n<\/ul>\n<\/div>\n\t\t\t\t\t\t\t\t\t<div class=\"elementor-tab-title elementor-tab-mobile-title\" aria-selected=\"false\" data-tab=\"3\" role=\"tab\" tabindex=\"-1\" aria-controls=\"elementor-tab-content-1233\" aria-expanded=\"false\">Mejor flexi\u00f3n<\/div>\n\t\t\t\t\t<div id=\"elementor-tab-content-1233\" class=\"elementor-tab-content elementor-clearfix\" data-tab=\"3\" role=\"tabpanel\" aria-labelledby=\"elementor-tab-title-1233\" tabindex=\"0\" hidden=\"hidden\"><ul>\n<li>Se suministra con el software off-line PC-ModEva, que permite programar las piezas en un ordenador de sobremesa.<\/li>\n<li>Mayor productividad mediante modificaciones f\u00e1ciles y r\u00e1pidas de los productos existentes.<\/li>\n<li>Los amplios par\u00e1metros de la m\u00e1quina permiten un ajuste muy preciso de la misma.<\/li>\n<li>Mensajes de error y advertencia que aparecen en la pantalla de la consola.<\/li>\n<li> <\/li>\n<\/ul>\n<\/div>\n\t\t\t\t\t\t\t\t\t<div class=\"elementor-tab-title elementor-tab-mobile-title\" aria-selected=\"false\" data-tab=\"4\" role=\"tab\" tabindex=\"-1\" aria-controls=\"elementor-tab-content-1234\" aria-expanded=\"false\">Potente<\/div>\n\t\t\t\t\t<div id=\"elementor-tab-content-1234\" class=\"elementor-tab-content elementor-clearfix\" data-tab=\"4\" role=\"tabpanel\" aria-labelledby=\"elementor-tab-title-1234\" tabindex=\"0\" hidden=\"hidden\"><ul>\n<li>Visualizaci\u00f3n gr\u00e1fica 2D con capacidad multisimulaci\u00f3n.<\/li>\n<li>Windows XPe para multitarea y gesti\u00f3n de archivos.<\/li>\n<li>Gesti\u00f3n del ciclo de seguridad de la CE.<\/li>\n<li>F\u00e1cil comunicaci\u00f3n.<\/li>\n<li>Conexi\u00f3n en red de Windows a trav\u00e9s de Ethernet (RJ45).<\/li>\n<li>Conexi\u00f3n a dispositivos externos mediante puerto USB para actualizaci\u00f3n de software y copia de seguridad de datos.<\/li>\n<li>Mantenimiento a distancia.<\/li>\n<li>Una cantidad casi ilimitada de programas y un n\u00famero muy elevado de secuencias.<\/li>\n<li>M\u00e1s de 20 idiomas disponibles.<\/li>\n<li>Conveniente para el reequipamiento gracias a su compatibilidad con generaciones anteriores de CNC compactos.<\/li>\n<\/ul>\n<\/div>\n\t\t\t\t\t\t\t<\/div>\n\t\t<\/div>\n\t\t\t\t\t\t<\/div>\n\t\t\t\t<\/div>\n\t\t\t\t\t<\/div>\n\t\t<\/div>\n\t\t\t\t\t<\/div>\n\t\t<\/section>\n\t\t\t\t<\/div>\n\t\t","protected":false},"excerpt":{"rendered":"<p>ModEva Pac est\u00e1 dise\u00f1ado para controlar todo tipo de prensas plegadoras de los modelos sincronizados (marcha arriba o marcha abajo) a los topes mec\u00e1nicos\/hidr\u00e1ulicos. ModEva Pac puede controlar 4 \u00f3 7 ejes.Con una ergonom\u00eda de pantalla t\u00e1ctil nueva y mejorada, el software ModEva Pac proporciona al operador m\u00e1s potencia y eficacia para controlar su m\u00e1quina, [&hellip;]<\/p>\n","protected":false},"author":1,"featured_media":0,"parent":0,"menu_order":0,"comment_status":"closed","ping_status":"closed","template":"","meta":{"site-sidebar-layout":"no-sidebar","site-content-layout":"page-builder","ast-site-content-layout":"full-width-container","site-content-style":"default","site-sidebar-style":"default","ast-global-header-display":"","ast-banner-title-visibility":"","ast-main-header-display":"","ast-hfb-above-header-display":"","ast-hfb-below-header-display":"","ast-hfb-mobile-header-display":"","site-post-title":"disabled","ast-breadcrumbs-content":"","ast-featured-img":"disabled","footer-sml-layout":"","ast-disable-related-posts":"","theme-transparent-header-meta":"","adv-header-id-meta":"","stick-header-meta":"","header-above-stick-meta":"","header-main-stick-meta":"","header-below-stick-meta":"","astra-migrate-meta-layouts":"default","ast-page-background-enabled":"default","ast-page-background-meta":{"desktop":{"background-color":"","background-image":"","background-repeat":"repeat","background-position":"center center","background-size":"auto","background-attachment":"scroll","background-type":"","background-media":"","overlay-type":"","overlay-color":"","overlay-opacity":"","overlay-gradient":""},"tablet":{"background-color":"","background-image":"","background-repeat":"repeat","background-position":"center center","background-size":"auto","background-attachment":"scroll","background-type":"","background-media":"","overlay-type":"","overlay-color":"","overlay-opacity":"","overlay-gradient":""},"mobile":{"background-color":"","background-image":"","background-repeat":"repeat","background-position":"center center","background-size":"auto","background-attachment":"scroll","background-type":"","background-media":"","overlay-type":"","overlay-color":"","overlay-opacity":"","overlay-gradient":""}},"ast-content-background-meta":{"desktop":{"background-color":"var(--ast-global-color-5)","background-image":"","background-repeat":"repeat","background-position":"center center","background-size":"auto","background-attachment":"scroll","background-type":"","background-media":"","overlay-type":"","overlay-color":"","overlay-opacity":"","overlay-gradient":""},"tablet":{"background-color":"var(--ast-global-color-5)","background-image":"","background-repeat":"repeat","background-position":"center center","background-size":"auto","background-attachment":"scroll","background-type":"","background-media":"","overlay-type":"","overlay-color":"","overlay-opacity":"","overlay-gradient":""},"mobile":{"background-color":"var(--ast-global-color-5)","background-image":"","background-repeat":"repeat","background-position":"center center","background-size":"auto","background-attachment":"scroll","background-type":"","background-media":"","overlay-type":"","overlay-color":"","overlay-opacity":"","overlay-gradient":""}},"footnotes":""},"class_list":["post-23277","page","type-page","status-publish","hentry"],"aioseo_notices":[],"_links":{"self":[{"href":"https:\/\/cybelec.ch\/es\/wp-json\/wp\/v2\/pages\/23277","targetHints":{"allow":["GET"]}}],"collection":[{"href":"https:\/\/cybelec.ch\/es\/wp-json\/wp\/v2\/pages"}],"about":[{"href":"https:\/\/cybelec.ch\/es\/wp-json\/wp\/v2\/types\/page"}],"author":[{"embeddable":true,"href":"https:\/\/cybelec.ch\/es\/wp-json\/wp\/v2\/users\/1"}],"replies":[{"embeddable":true,"href":"https:\/\/cybelec.ch\/es\/wp-json\/wp\/v2\/comments?post=23277"}],"version-history":[{"count":0,"href":"https:\/\/cybelec.ch\/es\/wp-json\/wp\/v2\/pages\/23277\/revisions"}],"wp:attachment":[{"href":"https:\/\/cybelec.ch\/es\/wp-json\/wp\/v2\/media?parent=23277"}],"curies":[{"name":"wp","href":"https:\/\/api.w.org\/{rel}","templated":true}]}}