{"id":16802,"date":"2020-11-24T13:09:51","date_gmt":"2020-11-24T12:09:51","guid":{"rendered":"https:\/\/cybelec.ch\/accueil\/"},"modified":"2025-06-12T16:58:52","modified_gmt":"2025-06-12T14:58:52","slug":"accueil","status":"publish","type":"page","link":"https:\/\/cybelec.ch\/fr\/","title":{"rendered":"Accueil"},"content":{"rendered":"\t\t<div data-elementor-type=\"wp-page\" data-elementor-id=\"16802\" class=\"elementor elementor-16802 elementor-10767\" data-elementor-post-type=\"page\">\n\t\t\t\t\t\t<section class=\"elementor-section elementor-top-section elementor-element elementor-element-7fd3fdb9 elementor-section-boxed elementor-section-height-default elementor-section-height-default\" data-id=\"7fd3fdb9\" data-element_type=\"section\" data-e-type=\"section\">\n\t\t\t\t\t\t<div class=\"elementor-container elementor-column-gap-default\">\n\t\t\t\t\t<div class=\"elementor-column elementor-col-100 elementor-top-column elementor-element elementor-element-24a13d1f\" data-id=\"24a13d1f\" data-element_type=\"column\" data-e-type=\"column\">\n\t\t\t<div class=\"elementor-widget-wrap elementor-element-populated\">\n\t\t\t\t\t\t<div class=\"elementor-element elementor-element-892196f elementor-widget elementor-widget-heading\" data-id=\"892196f\" data-element_type=\"widget\" data-e-type=\"widget\" data-widget_type=\"heading.default\">\n\t\t\t\t<div class=\"elementor-widget-container\">\n\t\t\t\t\t<span class=\"elementor-heading-title elementor-size-xxl\">Derni\u00e8res nouvelles<\/span>\t\t\t\t<\/div>\n\t\t\t\t<\/div>\n\t\t\t\t\t<\/div>\n\t\t<\/div>\n\t\t\t\t\t<\/div>\n\t\t<\/section>\n\t\t\t\t<section class=\"elementor-section elementor-top-section elementor-element elementor-element-7002cde3 elementor-section-boxed elementor-section-height-default elementor-section-height-default\" data-id=\"7002cde3\" data-element_type=\"section\" data-e-type=\"section\">\n\t\t\t\t\t\t<div class=\"elementor-container elementor-column-gap-default\">\n\t\t\t\t\t<div class=\"elementor-column elementor-col-100 elementor-top-column elementor-element elementor-element-1d42c793\" data-id=\"1d42c793\" data-element_type=\"column\" data-e-type=\"column\">\n\t\t\t<div class=\"elementor-widget-wrap elementor-element-populated\">\n\t\t\t\t\t\t\t<\/div>\n\t\t<\/div>\n\t\t\t\t\t<\/div>\n\t\t<\/section>\n\t\t\t\t<section class=\"elementor-section elementor-top-section elementor-element elementor-element-061512b elementor-section-boxed elementor-section-height-default elementor-section-height-default\" data-id=\"061512b\" data-element_type=\"section\" data-e-type=\"section\">\n\t\t\t\t\t\t<div class=\"elementor-container elementor-column-gap-default\">\n\t\t\t\t\t<div class=\"elementor-column elementor-col-100 elementor-top-column elementor-element elementor-element-6a54c85\" data-id=\"6a54c85\" data-element_type=\"column\" data-e-type=\"column\">\n\t\t\t<div class=\"elementor-widget-wrap elementor-element-populated\">\n\t\t\t\t\t\t<div class=\"elementor-element elementor-element-d4dad77 elementor--h-position-left elementor--v-position-middle elementor-widget elementor-widget-slides\" data-id=\"d4dad77\" data-element_type=\"widget\" data-e-type=\"widget\" data-settings=\"{&quot;navigation&quot;:&quot;none&quot;,&quot;autoplay&quot;:&quot;yes&quot;,&quot;pause_on_hover&quot;:&quot;yes&quot;,&quot;pause_on_interaction&quot;:&quot;yes&quot;,&quot;autoplay_speed&quot;:5000,&quot;infinite&quot;:&quot;yes&quot;,&quot;transition&quot;:&quot;slide&quot;,&quot;transition_speed&quot;:500}\" data-widget_type=\"slides.default\">\n\t\t\t\t<div class=\"elementor-widget-container\">\n\t\t\t\t\t\t\t\t\t<div class=\"elementor-swiper\">\n\t\t\t\t\t<div class=\"elementor-slides-wrapper elementor-main-swiper swiper\" role=\"region\" aria-roledescription=\"carousel\" aria-label=\"Diapositives\" dir=\"ltr\" data-animation=\"fadeInUp\">\n\t\t\t\t<div class=\"swiper-wrapper elementor-slides\">\n\t\t\t\t\t\t\t\t\t\t<div class=\"elementor-repeater-item-422d93b swiper-slide\" role=\"group\" aria-roledescription=\"slide\"><div class=\"swiper-slide-bg\" role=\"img\" aria-label=\"Cybelec-slide7\"><\/div><div class=\"swiper-slide-inner\" ><div class=\"swiper-slide-contents\"><div class=\"elementor-slide-heading\">VisiTouch 24 MX<\/div><div class=\"elementor-slide-description\"><p>VisiTouch 24 MXest une commande num\u00e9rique graphique 3D pour presses plieuses \u00e0 commande num\u00e9rique dot\u00e9e d'une nouvelle solution.<br \/>\ntout-en-un :<\/p>\n<ul>\n<li>\u00c9cran tactile complet de 24 pouces et carte CNC mont\u00e9e \u00e0 l'arri\u00e8re de l'\u00e9cran.<\/li>\n<li>Enti\u00e8rement num\u00e9rique avec des bus de terrain CANopen\u00ae et EtherCAT\u00ae contr\u00f4lant de nombreux axes<\/li>\n<li>Importer, programmer, visualiser et simuler le cintrage d'une pi\u00e8ce, le tout en 3D, rapidement,<br \/>facile et efficace.<\/li>\n<li>Interface avec tous les types de syst\u00e8mes hydrauliques, d'E\/S et d'axes analogiques gr\u00e2ce \u00e0<br \/>les modules CybIO plac\u00e9s \u00e0 l'int\u00e9rieur des armoires.<\/li>\n<\/ul>\n<\/div><a href=\"https:\/\/cybelec.ch\/fr\/visitouch-24-mx\/\" class=\"elementor-button elementor-slide-button elementor-size-sm\">Acc\u00e9der \u00e0 la page produit<\/a><\/div><\/div><\/div><div class=\"elementor-repeater-item-cc05417 swiper-slide\" role=\"group\" aria-roledescription=\"slide\"><div class=\"swiper-slide-bg\" role=\"img\" aria-label=\"CNC_Slide5\"><\/div><div class=\"swiper-slide-inner\" ><div class=\"swiper-slide-contents\"><div class=\"elementor-slide-heading\">VisiTouch CNC<\/div><div class=\"elementor-slide-description\"><p>VisiTouch CNC est une commande num\u00e9rique exceptionnelle pour les machines-outils multi-axes avec une nouvelle solution<br \/>\ntout-en-un :<\/p>\n<ul>\n<li>Interface multi-touch conviviale.<\/li>\n<li>Plate-forme CNC ouverte permettant la personnalisation m\u00eame pour de petites quantit\u00e9s<\/li>\n<li>Multi-canal<\/li>\n<li>Interpolation 5 axes<\/li>\n<li>Facile \u00e0 configurer gr\u00e2ce \u00e0 notre assistant\/r\u00e9glage automatique.<\/li>\n<\/ul>\n<\/div><a href=\"https:\/\/cybelec.ch\/fr\/visitouch-cnc\/\" class=\"elementor-button elementor-slide-button elementor-size-sm\">Acc\u00e9der \u00e0 la page produit<\/a><\/div><\/div><\/div><div class=\"elementor-repeater-item-fee370e swiper-slide\" role=\"group\" aria-roledescription=\"slide\"><div class=\"swiper-slide-bg\" role=\"img\" aria-label=\"Slide3v2\"><\/div><div class=\"swiper-slide-inner\" ><div class=\"swiper-slide-contents\"><div class=\"elementor-slide-heading\">CybTouch 15PS Win<\/div><div class=\"elementor-slide-description\"><p>La CybTouch 15PS Win est une commande num\u00e9rique 2D sp\u00e9cifiquement d\u00e9di\u00e9e aux presses plieuses CNC de milieu de gamme.<\/p>\n<ul>\n<li>Windows 10 pour la mise en r\u00e9seau et la t\u00e9l\u00e9maintenance.<\/li>\n<li>Exp\u00e9rience unique en mati\u00e8re de dessin de profil graphique en 2D (Touch Profile)<br \/>et une visionneuse 3D gr\u00e2ce \u00e0 un nouveau processeur quadricoeur.<\/li>\n<li>Compatible avec les bus de terrain CANopen\u00ae et EtherCAT\u00ae pour le contr\u00f4le des axes.<\/li>\n<\/ul>\n<\/div><a href=\"https:\/\/cybelec.ch\/fr\/cybtouch-15ps-win\/\" class=\"elementor-button elementor-slide-button elementor-size-sm\">Acc\u00e9der \u00e0 la page produit<\/a><\/div><\/div><\/div><div class=\"elementor-repeater-item-c75061e swiper-slide\" role=\"group\" aria-roledescription=\"slide\"><div class=\"swiper-slide-bg\" role=\"img\" aria-label=\"Robot website\"><\/div><div class=\"swiper-slide-inner\" ><div class=\"swiper-slide-contents\"><div class=\"elementor-slide-heading\">Robots collaboratifs<\/div><div class=\"elementor-slide-description\"><p>Les cobots peuvent fonctionner presque partout et automatiser un large \u00e9ventail de t\u00e2ches.  <br \/>Ils permettent aux op\u00e9rateurs de faire ce qu'ils font le mieux : cr\u00e9er et travailler ensemble.<\/p>\n<ul>\n<li>Les petits ateliers peuvent d\u00e9j\u00e0 \u00eatre automatis\u00e9s comme les grandes usines.<\/li>\n<li>Gamme compl\u00e8te, charge utile de 3Kg \u00e0 20 Kg.<\/li>\n<\/ul>\n<p>Solution enti\u00e8rement int\u00e9gr\u00e9e pour les cellules de pliage<\/p>\n<ul>\n<li>Une seule CNC contr\u00f4lant \u00e0 la fois la presse plieuse et le Cobot.<\/li>\n<li>Il n'est pas n\u00e9cessaire de programmer le robot :\n<ul>\n<li>L'op\u00e9rateur programme la pi\u00e8ce \u00e0 plier, puis le robot<br \/>est g\u00e9n\u00e9r\u00e9 automatiquement.<\/li>\n<li>L'op\u00e9rateur n'a pas non plus \u00e0 se pr\u00e9occuper du robot.<br \/>pendant la programmation ou la production.<\/li>\n<\/ul>\n<\/li>\n<\/ul>\n<\/div><a href=\"https:\/\/cybelec.ch\/fr\/cellule-de-pliage-avec-une-seule-cnc\/\" class=\"elementor-button elementor-slide-button elementor-size-sm\">Acc\u00e9der \u00e0 la page produit<\/a><\/div><\/div><\/div>\t\t\t\t<\/div>\n\t\t\t\t\t\t\t\t\t\t\t\t\t\t\t\t\t\t\t\t\t<\/div>\n\t\t\t\t<\/div>\n\t\t\t\t\t\t\t\t<\/div>\n\t\t\t\t<\/div>\n\t\t\t\t\t<\/div>\n\t\t<\/div>\n\t\t\t\t\t<\/div>\n\t\t<\/section>\n\t\t\t\t<section class=\"elementor-section elementor-top-section elementor-element elementor-element-d4a1386 elementor-section-boxed elementor-section-height-default elementor-section-height-default\" data-id=\"d4a1386\" data-element_type=\"section\" data-e-type=\"section\">\n\t\t\t\t\t\t<div class=\"elementor-container elementor-column-gap-default\">\n\t\t\t\t\t<div class=\"make-column-clickable-elementor elementor-column elementor-col-33 elementor-top-column elementor-element elementor-element-a38fdae\" style=\"cursor: pointer;\" data-column-clickable=\"https:\/\/cybelec.ch\/cybtouch-12-ps\/\" data-column-clickable-blank=\"_self\" data-id=\"a38fdae\" data-element_type=\"column\" data-e-type=\"column\" data-settings=\"{&quot;background_background&quot;:&quot;classic&quot;}\">\n\t\t\t<div class=\"elementor-widget-wrap elementor-element-populated\">\n\t\t\t\t\t\t<div class=\"elementor-element elementor-element-f452163 elementor-widget elementor-widget-heading\" data-id=\"f452163\" data-element_type=\"widget\" data-e-type=\"widget\" data-widget_type=\"heading.default\">\n\t\t\t\t<div class=\"elementor-widget-container\">\n\t\t\t\t\t<h2 class=\"elementor-heading-title elementor-size-default\">CybTouch 12 PS<\/h2>\t\t\t\t<\/div>\n\t\t\t\t<\/div>\n\t\t\t\t<div class=\"elementor-element elementor-element-4d952d2 elementor-widget elementor-widget-image\" data-id=\"4d952d2\" data-element_type=\"widget\" data-e-type=\"widget\" data-widget_type=\"image.default\">\n\t\t\t\t<div class=\"elementor-widget-container\">\n\t\t\t\t\t\t\t\t\t\t\t\t\t\t\t<img fetchpriority=\"high\" decoding=\"async\" width=\"217\" height=\"300\" src=\"https:\/\/cybelec.ch\/wp-content\/uploads\/2023\/12\/CybTouch-12-PS-217x300.png\" class=\"attachment-medium size-medium wp-image-20117\" alt=\"\" srcset=\"https:\/\/cybelec.ch\/wp-content\/uploads\/2023\/12\/CybTouch-12-PS-217x300.png 217w, https:\/\/cybelec.ch\/wp-content\/uploads\/2023\/12\/CybTouch-12-PS.png 261w\" sizes=\"(max-width: 217px) 100vw, 217px\" \/>\t\t\t\t\t\t\t\t\t\t\t\t\t\t\t<\/div>\n\t\t\t\t<\/div>\n\t\t\t\t\t<\/div>\n\t\t<\/div>\n\t\t\t\t<div class=\"make-column-clickable-elementor elementor-column elementor-col-33 elementor-top-column elementor-element elementor-element-be78140\" style=\"cursor: pointer;\" data-column-clickable=\"https:\/\/cybelec.ch\/cybtouch-12-g\/\" data-column-clickable-blank=\"_self\" data-id=\"be78140\" data-element_type=\"column\" data-e-type=\"column\" data-settings=\"{&quot;background_background&quot;:&quot;classic&quot;}\">\n\t\t\t<div class=\"elementor-widget-wrap elementor-element-populated\">\n\t\t\t\t\t\t<div class=\"elementor-element elementor-element-632a58ee elementor-widget elementor-widget-heading\" data-id=\"632a58ee\" data-element_type=\"widget\" data-e-type=\"widget\" data-widget_type=\"heading.default\">\n\t\t\t\t<div class=\"elementor-widget-container\">\n\t\t\t\t\t<h2 class=\"elementor-heading-title elementor-size-default\">CybTouch 12 G<\/h2>\t\t\t\t<\/div>\n\t\t\t\t<\/div>\n\t\t\t\t<div class=\"elementor-element elementor-element-388d390 elementor-widget elementor-widget-image\" data-id=\"388d390\" data-element_type=\"widget\" data-e-type=\"widget\" data-widget_type=\"image.default\">\n\t\t\t\t<div class=\"elementor-widget-container\">\n\t\t\t\t\t\t\t\t\t\t\t\t\t\t\t<img decoding=\"async\" width=\"300\" height=\"300\" src=\"https:\/\/cybelec.ch\/wp-content\/uploads\/2021\/03\/CT12G-SD-300x300.jpg\" class=\"attachment-medium size-medium wp-image-16235\" alt=\"\" srcset=\"https:\/\/cybelec.ch\/wp-content\/uploads\/2021\/03\/CT12G-SD-300x300.jpg 300w, https:\/\/cybelec.ch\/wp-content\/uploads\/2021\/03\/CT12G-SD-1024x1024.jpg 1024w, https:\/\/cybelec.ch\/wp-content\/uploads\/2021\/03\/CT12G-SD-150x150.jpg 150w, https:\/\/cybelec.ch\/wp-content\/uploads\/2021\/03\/CT12G-SD-768x768.jpg 768w, https:\/\/cybelec.ch\/wp-content\/uploads\/2021\/03\/CT12G-SD-1000x1000.jpg 1000w, https:\/\/cybelec.ch\/wp-content\/uploads\/2021\/03\/CT12G-SD-100x100.jpg 100w, https:\/\/cybelec.ch\/wp-content\/uploads\/2021\/03\/CT12G-SD.jpg 1197w\" sizes=\"(max-width: 300px) 100vw, 300px\" \/>\t\t\t\t\t\t\t\t\t\t\t\t\t\t\t<\/div>\n\t\t\t\t<\/div>\n\t\t\t\t\t<\/div>\n\t\t<\/div>\n\t\t\t\t<div class=\"make-column-clickable-elementor elementor-column elementor-col-33 elementor-top-column elementor-element elementor-element-ddb68a6\" style=\"cursor: pointer;\" data-column-clickable=\"https:\/\/cybelec.ch\/visitouch-pcbox\/\" data-column-clickable-blank=\"_self\" data-id=\"ddb68a6\" data-element_type=\"column\" data-e-type=\"column\" data-settings=\"{&quot;background_background&quot;:&quot;classic&quot;}\">\n\t\t\t<div class=\"elementor-widget-wrap elementor-element-populated\">\n\t\t\t\t\t\t<div class=\"elementor-element elementor-element-c9603b6 elementor-widget elementor-widget-heading\" data-id=\"c9603b6\" data-element_type=\"widget\" data-e-type=\"widget\" data-widget_type=\"heading.default\">\n\t\t\t\t<div class=\"elementor-widget-container\">\n\t\t\t\t\t<h2 class=\"elementor-heading-title elementor-size-default\">Bo\u00eete PC VisiTouch<\/h2>\t\t\t\t<\/div>\n\t\t\t\t<\/div>\n\t\t\t\t<div class=\"elementor-element elementor-element-6a6c4b5 elementor-widget elementor-widget-image\" data-id=\"6a6c4b5\" data-element_type=\"widget\" data-e-type=\"widget\" data-widget_type=\"image.default\">\n\t\t\t\t<div class=\"elementor-widget-container\">\n\t\t\t\t\t\t\t\t\t\t\t\t\t\t\t<img decoding=\"async\" width=\"217\" height=\"300\" src=\"https:\/\/cybelec.ch\/wp-content\/uploads\/2023\/07\/PC-Box8-217x300.png\" class=\"attachment-medium size-medium wp-image-17666\" alt=\"PC-Box8\" srcset=\"https:\/\/cybelec.ch\/wp-content\/uploads\/2023\/07\/PC-Box8-217x300.png 217w, https:\/\/cybelec.ch\/wp-content\/uploads\/2023\/07\/PC-Box8-741x1024.png 741w, https:\/\/cybelec.ch\/wp-content\/uploads\/2023\/07\/PC-Box8-768x1061.png 768w, https:\/\/cybelec.ch\/wp-content\/uploads\/2023\/07\/PC-Box8-1112x1536.png 1112w, https:\/\/cybelec.ch\/wp-content\/uploads\/2023\/07\/PC-Box8-1482x2048.png 1482w, https:\/\/cybelec.ch\/wp-content\/uploads\/2023\/07\/PC-Box8.png 1941w\" sizes=\"(max-width: 217px) 100vw, 217px\" \/>\t\t\t\t\t\t\t\t\t\t\t\t\t\t\t<\/div>\n\t\t\t\t<\/div>\n\t\t\t\t\t<\/div>\n\t\t<\/div>\n\t\t\t\t\t<\/div>\n\t\t<\/section>\n\t\t\t\t<\/div>\n\t\t","protected":false},"excerpt":{"rendered":"<p>Derni\u00e8res nouvelles VisiTouch 24 MX VisiTouch 24 MXest une commande num\u00e9rique graphique 3D pour presses plieuses \u00e0 commande num\u00e9rique dot\u00e9e d&rsquo;une nouvelle solution. tout-en-un : \u00c9cran tactile complet de 24 pouces et carte CNC mont\u00e9e \u00e0 l&rsquo;arri\u00e8re de l&rsquo;\u00e9cran. Enti\u00e8rement num\u00e9rique avec des bus de terrain CANopen\u00ae et EtherCAT\u00ae contr\u00f4lant de nombreux axes Importer, programmer, [&hellip;]<\/p>\n","protected":false},"author":1,"featured_media":0,"parent":0,"menu_order":0,"comment_status":"closed","ping_status":"closed","template":"elementor_header_footer","meta":{"site-sidebar-layout":"default","site-content-layout":"","ast-site-content-layout":"default","site-content-style":"default","site-sidebar-style":"default","ast-global-header-display":"","ast-banner-title-visibility":"","ast-main-header-display":"","ast-hfb-above-header-display":"","ast-hfb-below-header-display":"","ast-hfb-mobile-header-display":"","site-post-title":"","ast-breadcrumbs-content":"","ast-featured-img":"","footer-sml-layout":"","ast-disable-related-posts":"","theme-transparent-header-meta":"","adv-header-id-meta":"","stick-header-meta":"","header-above-stick-meta":"","header-main-stick-meta":"","header-below-stick-meta":"","astra-migrate-meta-layouts":"default","ast-page-background-enabled":"default","ast-page-background-meta":{"desktop":{"background-color":"","background-image":"","background-repeat":"repeat","background-position":"center center","background-size":"auto","background-attachment":"scroll","background-type":"","background-media":"","overlay-type":"","overlay-color":"","overlay-opacity":"","overlay-gradient":""},"tablet":{"background-color":"","background-image":"","background-repeat":"repeat","background-position":"center center","background-size":"auto","background-attachment":"scroll","background-type":"","background-media":"","overlay-type":"","overlay-color":"","overlay-opacity":"","overlay-gradient":""},"mobile":{"background-color":"","background-image":"","background-repeat":"repeat","background-position":"center center","background-size":"auto","background-attachment":"scroll","background-type":"","background-media":"","overlay-type":"","overlay-color":"","overlay-opacity":"","overlay-gradient":""}},"ast-content-background-meta":{"desktop":{"background-color":"var(--ast-global-color-5)","background-image":"","background-repeat":"repeat","background-position":"center center","background-size":"auto","background-attachment":"scroll","background-type":"","background-media":"","overlay-type":"","overlay-color":"","overlay-opacity":"","overlay-gradient":""},"tablet":{"background-color":"var(--ast-global-color-5)","background-image":"","background-repeat":"repeat","background-position":"center center","background-size":"auto","background-attachment":"scroll","background-type":"","background-media":"","overlay-type":"","overlay-color":"","overlay-opacity":"","overlay-gradient":""},"mobile":{"background-color":"var(--ast-global-color-5)","background-image":"","background-repeat":"repeat","background-position":"center center","background-size":"auto","background-attachment":"scroll","background-type":"","background-media":"","overlay-type":"","overlay-color":"","overlay-opacity":"","overlay-gradient":""}},"footnotes":""},"class_list":["post-16802","page","type-page","status-publish","hentry"],"aioseo_notices":[],"_links":{"self":[{"href":"https:\/\/cybelec.ch\/fr\/wp-json\/wp\/v2\/pages\/16802","targetHints":{"allow":["GET"]}}],"collection":[{"href":"https:\/\/cybelec.ch\/fr\/wp-json\/wp\/v2\/pages"}],"about":[{"href":"https:\/\/cybelec.ch\/fr\/wp-json\/wp\/v2\/types\/page"}],"author":[{"embeddable":true,"href":"https:\/\/cybelec.ch\/fr\/wp-json\/wp\/v2\/users\/1"}],"replies":[{"embeddable":true,"href":"https:\/\/cybelec.ch\/fr\/wp-json\/wp\/v2\/comments?post=16802"}],"version-history":[{"count":33,"href":"https:\/\/cybelec.ch\/fr\/wp-json\/wp\/v2\/pages\/16802\/revisions"}],"predecessor-version":[{"id":27385,"href":"https:\/\/cybelec.ch\/fr\/wp-json\/wp\/v2\/pages\/16802\/revisions\/27385"}],"wp:attachment":[{"href":"https:\/\/cybelec.ch\/fr\/wp-json\/wp\/v2\/media?parent=16802"}],"curies":[{"name":"wp","href":"https:\/\/api.w.org\/{rel}","templated":true}]}}