{"id":16834,"date":"2021-01-06T09:14:16","date_gmt":"2021-01-06T09:14:16","guid":{"rendered":"https:\/\/cybelec.ch\/politique-de-confidentialite\/"},"modified":"2023-06-26T14:50:42","modified_gmt":"2023-06-26T14:50:42","slug":"politique-de-confidentialite","status":"publish","type":"page","link":"https:\/\/cybelec.ch\/fr\/politique-de-confidentialite\/","title":{"rendered":"Politique de confidentialit\u00e9"},"content":{"rendered":"\t\t<div data-elementor-type=\"wp-page\" data-elementor-id=\"16834\" class=\"elementor elementor-16834 elementor-12760\" data-elementor-post-type=\"page\">\n\t\t\t\t\t\t<section class=\"elementor-section elementor-top-section elementor-element elementor-element-2f20c80 elementor-section-boxed elementor-section-height-default elementor-section-height-default\" data-id=\"2f20c80\" data-element_type=\"section\" data-e-type=\"section\">\n\t\t\t\t\t\t<div class=\"elementor-container elementor-column-gap-default\">\n\t\t\t\t\t<div class=\"elementor-column elementor-col-100 elementor-top-column elementor-element elementor-element-4385067\" data-id=\"4385067\" data-element_type=\"column\" data-e-type=\"column\" data-settings=\"{&quot;background_background&quot;:&quot;classic&quot;}\">\n\t\t\t<div class=\"elementor-widget-wrap elementor-element-populated\">\n\t\t\t\t\t\t\t<\/div>\n\t\t<\/div>\n\t\t\t\t\t<\/div>\n\t\t<\/section>\n\t\t\t\t<section class=\"elementor-section elementor-top-section elementor-element elementor-element-0c48ebc elementor-section-boxed elementor-section-height-default elementor-section-height-default\" data-id=\"0c48ebc\" data-element_type=\"section\" data-e-type=\"section\">\n\t\t\t\t\t\t<div class=\"elementor-container elementor-column-gap-no\">\n\t\t\t\t\t<div class=\"elementor-column elementor-col-50 elementor-top-column elementor-element elementor-element-ed6b6ba\" data-id=\"ed6b6ba\" data-element_type=\"column\" data-e-type=\"column\">\n\t\t\t<div class=\"elementor-widget-wrap elementor-element-populated\">\n\t\t\t\t\t\t<div class=\"elementor-element elementor-element-4065bf4 elementor-widget elementor-widget-heading\" data-id=\"4065bf4\" data-element_type=\"widget\" data-e-type=\"widget\" data-widget_type=\"heading.default\">\n\t\t\t\t<div class=\"elementor-widget-container\">\n\t\t\t\t\t<h1 class=\"elementor-heading-title elementor-size-default\">Vie priv\u00e9e  <br>politique<\/h1>\t\t\t\t<\/div>\n\t\t\t\t<\/div>\n\t\t\t\t\t<\/div>\n\t\t<\/div>\n\t\t\t\t<div class=\"elementor-column elementor-col-50 elementor-top-column elementor-element elementor-element-da4cfce\" data-id=\"da4cfce\" data-element_type=\"column\" data-e-type=\"column\">\n\t\t\t<div class=\"elementor-widget-wrap elementor-element-populated\">\n\t\t\t\t\t\t<div class=\"elementor-element elementor-element-5ea0038 elementor-widget elementor-widget-text-editor\" data-id=\"5ea0038\" data-element_type=\"widget\" data-e-type=\"widget\" data-widget_type=\"text-editor.default\">\n\t\t\t\t<div class=\"elementor-widget-container\">\n\t\t\t\t\t\t\t\t\t<p><strong>Politique de confidentialit\u00e9<\/strong><\/p>\n<p>La Cybelec consid\u00e8re que la protection de la vie priv\u00e9e est une question importante, c&rsquo;est pourquoi nous construisons et exploitons nos services web en tenant compte de la protection de la vie priv\u00e9e. Cette politique de confidentialit\u00e9 d\u00e9crit les types d&rsquo;informations personnelles que nous recueillons lorsque vous utilisez l&rsquo;un des sites web de Cybelec et certaines des mesures que nous prenons pour les prot\u00e9ger.<br \/><span style=\"font-size: 15px; color: var( --e-global-color-secondary );\"><br \/>Le contenu des sites web ne peut \u00eatre utilis\u00e9 \u00e0 d&rsquo;autres fins ni copi\u00e9. Aucune responsabilit\u00e9 ne peut \u00eatre assum\u00e9e pour les informations contenues dans ces sites web.<\/span><\/p>\n<p>Ces principes s&rsquo;appliquent aux informations d&rsquo;identification personnelle que nous demandons et que vous fournissez. Nous entendons par l\u00e0 les informations qui vous identifient individuellement, telles que votre nom, votre adresse physique, votre adresse \u00e9lectronique ou d&rsquo;autres coordonn\u00e9es.<\/p>\n<p><b>COLLECTE DE DONN\u00c9ES<\/b><\/p>\n<p>La navigation sur nos sites web et la plupart des autres services ne n\u00e9cessitent aucune information d&rsquo;identification personnelle.<\/p>\n<p>Cybelec peut collecter des informations limit\u00e9es d&rsquo;identification non personnelle que votre navigateur met \u00e0 disposition chaque fois que vous visitez un site web. Ces informations comprennent votre adresse de protocole Internet, le type de navigateur, la langue du navigateur, la date et l&rsquo;heure de votre requ\u00eate et un ou plusieurs cookies qui peuvent identifier votre navigateur de mani\u00e8re unique. Nous utilisons ces informations pour mieux comprendre le comportement des utilisateurs et pour am\u00e9liorer nos offres.<\/p>\n<p>Les informations personnelles fournies lors du remplissage du bulletin d&rsquo;information, des produits, de l&rsquo;autorisation de retour de mat\u00e9riel ou du formulaire de contact sont stock\u00e9es dans la base de donn\u00e9es de Cybelec. Ces informations sont trait\u00e9es de mani\u00e8re confidentielle et ne sont pas transmises \u00e0 des tiers. Vous avez le droit de consulter les donn\u00e9es \u00e0 tout moment ou de les faire supprimer de la base de donn\u00e9es.<\/p>\n<p><b>COOKIES<\/b><\/p>\n<p>Lors de votre premi\u00e8re visite sur un site web de la Cybelec, un cookie est envoy\u00e9 \u00e0 votre ordinateur qui identifie de mani\u00e8re unique votre navigateur. Un \u00ab\u00a0cookie\u00a0\u00bb est un petit fichier contenant une cha\u00eene de caract\u00e8res qui est envoy\u00e9 \u00e0 votre ordinateur lorsque vous visitez un site web. Nous utilisons des cookies pour am\u00e9liorer la qualit\u00e9 de notre service et pour mieux comprendre comment les gens utilisent nos sites. Pour ce faire, nous stockons les pr\u00e9f\u00e9rences des utilisateurs dans des cookies et nous suivons les tendances et les mod\u00e8les de navigation des utilisateurs sur nos sites.<\/p>\n<p>La plupart des navigateurs sont initialement configur\u00e9s pour accepter les cookies. Vous pouvez r\u00e9initialiser votre navigateur pour qu&rsquo;il refuse tous les cookies ou pour qu&rsquo;il indique quand un cookie est envoy\u00e9. Toutefois, certaines fonctions ou certains services de nos sites peuvent ne pas fonctionner correctement sans cookies.<\/p>\n<p><b>LIENS<\/b><\/p>\n<p>Les sites externes li\u00e9s aux sites web de Cybelec sont d\u00e9velopp\u00e9s par des personnes sur lesquelles Cybelec n&rsquo;exerce aucun contr\u00f4le. Ces autres sites peuvent placer leurs propres cookies sur votre ordinateur, collecter des donn\u00e9es ou solliciter des informations personnelles.<\/p>\n<p><b>MODIFICATIONS DE CETTE POLITIQUE<\/b><\/p>\n<p>Veuillez noter que cette politique de confidentialit\u00e9 est susceptible d&rsquo;\u00eatre modifi\u00e9e de temps \u00e0 autre. Nous nous attendons \u00e0 ce que la plupart de ces changements soient mineurs, mais il peut y avoir des changements plus importants.<\/p>\n<p>Quoi qu&rsquo;il en soit, nous publierons ces changements sur cette page et, si les changements sont importants, nous fournirons \u00e9galement un avis plus visible. Chaque version est indiqu\u00e9e en haut de la page. Les versions ant\u00e9rieures de la pr\u00e9sente politique de protection de la vie priv\u00e9e seront conserv\u00e9es dans une archive pour que vous puissiez les consulter.<\/p>\n<p>Si vous avez des questions suppl\u00e9mentaires, n&rsquo;h\u00e9sitez pas \u00e0 nous contacter \u00e0 tout moment.<\/p>\n\t\t\t\t\t\t\t\t<\/div>\n\t\t\t\t<\/div>\n\t\t\t\t\t<\/div>\n\t\t<\/div>\n\t\t\t\t\t<\/div>\n\t\t<\/section>\n\t\t\t\t<\/div>\n\t\t","protected":false},"excerpt":{"rendered":"<p>Vie priv\u00e9e politique Politique de confidentialit\u00e9 La Cybelec consid\u00e8re que la protection de la vie priv\u00e9e est une question importante, c&rsquo;est pourquoi nous construisons et exploitons nos services web en tenant compte de la protection de la vie priv\u00e9e. Cette politique de confidentialit\u00e9 d\u00e9crit les types d&rsquo;informations personnelles que nous recueillons lorsque vous utilisez l&rsquo;un [&hellip;]<\/p>\n","protected":false},"author":1,"featured_media":0,"parent":0,"menu_order":0,"comment_status":"closed","ping_status":"closed","template":"","meta":{"site-sidebar-layout":"no-sidebar","site-content-layout":"page-builder","ast-site-content-layout":"default","site-content-style":"default","site-sidebar-style":"default","ast-global-header-display":"","ast-banner-title-visibility":"","ast-main-header-display":"","ast-hfb-above-header-display":"","ast-hfb-below-header-display":"","ast-hfb-mobile-header-display":"","site-post-title":"disabled","ast-breadcrumbs-content":"","ast-featured-img":"disabled","footer-sml-layout":"","ast-disable-related-posts":"","theme-transparent-header-meta":"default","adv-header-id-meta":"","stick-header-meta":"","header-above-stick-meta":"","header-main-stick-meta":"","header-below-stick-meta":"","astra-migrate-meta-layouts":"default","ast-page-background-enabled":"default","ast-page-background-meta":{"desktop":{"background-color":"","background-image":"","background-repeat":"repeat","background-position":"center center","background-size":"auto","background-attachment":"scroll","background-type":"","background-media":"","overlay-type":"","overlay-color":"","overlay-opacity":"","overlay-gradient":""},"tablet":{"background-color":"","background-image":"","background-repeat":"repeat","background-position":"center center","background-size":"auto","background-attachment":"scroll","background-type":"","background-media":"","overlay-type":"","overlay-color":"","overlay-opacity":"","overlay-gradient":""},"mobile":{"background-color":"","background-image":"","background-repeat":"repeat","background-position":"center center","background-size":"auto","background-attachment":"scroll","background-type":"","background-media":"","overlay-type":"","overlay-color":"","overlay-opacity":"","overlay-gradient":""}},"ast-content-background-meta":{"desktop":{"background-color":"var(--ast-global-color-5)","background-image":"","background-repeat":"repeat","background-position":"center center","background-size":"auto","background-attachment":"scroll","background-type":"","background-media":"","overlay-type":"","overlay-color":"","overlay-opacity":"","overlay-gradient":""},"tablet":{"background-color":"var(--ast-global-color-5)","background-image":"","background-repeat":"repeat","background-position":"center center","background-size":"auto","background-attachment":"scroll","background-type":"","background-media":"","overlay-type":"","overlay-color":"","overlay-opacity":"","overlay-gradient":""},"mobile":{"background-color":"var(--ast-global-color-5)","background-image":"","background-repeat":"repeat","background-position":"center center","background-size":"auto","background-attachment":"scroll","background-type":"","background-media":"","overlay-type":"","overlay-color":"","overlay-opacity":"","overlay-gradient":""}},"footnotes":""},"class_list":["post-16834","page","type-page","status-publish","hentry"],"aioseo_notices":[],"_links":{"self":[{"href":"https:\/\/cybelec.ch\/fr\/wp-json\/wp\/v2\/pages\/16834","targetHints":{"allow":["GET"]}}],"collection":[{"href":"https:\/\/cybelec.ch\/fr\/wp-json\/wp\/v2\/pages"}],"about":[{"href":"https:\/\/cybelec.ch\/fr\/wp-json\/wp\/v2\/types\/page"}],"author":[{"embeddable":true,"href":"https:\/\/cybelec.ch\/fr\/wp-json\/wp\/v2\/users\/1"}],"replies":[{"embeddable":true,"href":"https:\/\/cybelec.ch\/fr\/wp-json\/wp\/v2\/comments?post=16834"}],"version-history":[{"count":0,"href":"https:\/\/cybelec.ch\/fr\/wp-json\/wp\/v2\/pages\/16834\/revisions"}],"wp:attachment":[{"href":"https:\/\/cybelec.ch\/fr\/wp-json\/wp\/v2\/media?parent=16834"}],"curies":[{"name":"wp","href":"https:\/\/api.w.org\/{rel}","templated":true}]}}