{"id":23116,"date":"2024-06-05T09:35:13","date_gmt":"2024-06-05T07:35:13","guid":{"rendered":"https:\/\/cybelec.ch\/robots-industriels\/"},"modified":"2025-11-27T11:52:16","modified_gmt":"2025-11-27T10:52:16","slug":"cellule-de-pliage-avec-une-seule-cnc","status":"publish","type":"page","link":"https:\/\/cybelec.ch\/fr\/cellule-de-pliage-avec-une-seule-cnc\/","title":{"rendered":"Cellule de pliage avec une seule CNC"},"content":{"rendered":"\t\t<div data-elementor-type=\"wp-page\" data-elementor-id=\"23116\" class=\"elementor elementor-23116 elementor-22974\" data-elementor-post-type=\"page\">\n\t\t\t\t\t\t<section class=\"elementor-section elementor-top-section elementor-element elementor-element-bbd1552 elementor-reverse-mobile elementor-section-boxed elementor-section-height-default elementor-section-height-default\" data-id=\"bbd1552\" data-element_type=\"section\" data-e-type=\"section\">\n\t\t\t\t\t\t<div class=\"elementor-container elementor-column-gap-no\">\n\t\t\t\t\t<div class=\"elementor-column elementor-col-50 elementor-top-column elementor-element elementor-element-1cc1f69\" data-id=\"1cc1f69\" data-element_type=\"column\" data-e-type=\"column\">\n\t\t\t<div class=\"elementor-widget-wrap elementor-element-populated\">\n\t\t\t\t\t\t<div class=\"elementor-element elementor-element-70f652c elementor-widget__width-initial elementor-widget elementor-widget-gallery\" data-id=\"70f652c\" data-element_type=\"widget\" data-e-type=\"widget\" data-settings=\"{&quot;columns&quot;:1,&quot;aspect_ratio&quot;:&quot;16:9&quot;,&quot;lazyload&quot;:&quot;yes&quot;,&quot;gallery_layout&quot;:&quot;grid&quot;,&quot;columns_tablet&quot;:2,&quot;columns_mobile&quot;:1,&quot;gap&quot;:{&quot;unit&quot;:&quot;px&quot;,&quot;size&quot;:10,&quot;sizes&quot;:[]},&quot;gap_tablet&quot;:{&quot;unit&quot;:&quot;px&quot;,&quot;size&quot;:10,&quot;sizes&quot;:[]},&quot;gap_mobile&quot;:{&quot;unit&quot;:&quot;px&quot;,&quot;size&quot;:10,&quot;sizes&quot;:[]},&quot;link_to&quot;:&quot;file&quot;,&quot;overlay_background&quot;:&quot;yes&quot;,&quot;content_hover_animation&quot;:&quot;fade-in&quot;}\" data-widget_type=\"gallery.default\">\n\t\t\t\t<div class=\"elementor-widget-container\">\n\t\t\t\t\t\t\t<div class=\"elementor-gallery__container\">\n\t\t\t\t\t\t\t<a class=\"e-gallery-item elementor-gallery-item elementor-animated-content\" href=\"https:\/\/cybelec.ch\/wp-content\/uploads\/2025\/02\/Robot-Gizelis-scaled.jpg\" data-elementor-open-lightbox=\"yes\" data-elementor-lightbox-slideshow=\"70f652c\" data-e-action-hash=\"#elementor-action%3Aaction%3Dlightbox%26settings%3DeyJpZCI6MjU0ODcsInVybCI6Imh0dHBzOlwvXC9jeWJlbGVjLmNoXC93cC1jb250ZW50XC91cGxvYWRzXC8yMDI1XC8wMlwvUm9ib3QtR2l6ZWxpcy1zY2FsZWQuanBnIiwic2xpZGVzaG93IjoiNzBmNjUyYyJ9\">\n\t\t\t\t\t<div class=\"e-gallery-image elementor-gallery-item__image\" data-thumbnail=\"https:\/\/cybelec.ch\/wp-content\/uploads\/2025\/02\/Robot-Gizelis-scaled.jpg\" data-width=\"2560\" data-height=\"1440\" aria-label=\"\" role=\"img\" ><\/div>\n\t\t\t\t\t\t\t\t\t\t\t<div class=\"elementor-gallery-item__overlay\"><\/div>\n\t\t\t\t\t\t\t\t\t\t\t\t\t\t<\/a>\n\t\t\t\t\t<\/div>\n\t\t\t\t\t<\/div>\n\t\t\t\t<\/div>\n\t\t\t\t\t<\/div>\n\t\t<\/div>\n\t\t\t\t<div class=\"elementor-column elementor-col-50 elementor-top-column elementor-element elementor-element-4ac7c5d\" data-id=\"4ac7c5d\" data-element_type=\"column\" data-e-type=\"column\" data-settings=\"{&quot;background_background&quot;:&quot;classic&quot;}\">\n\t\t\t<div class=\"elementor-widget-wrap elementor-element-populated\">\n\t\t\t\t\t\t<div class=\"elementor-element elementor-element-776a0c4 elementor-widget elementor-widget-heading\" data-id=\"776a0c4\" data-element_type=\"widget\" data-e-type=\"widget\" data-widget_type=\"heading.default\">\n\t\t\t\t<div class=\"elementor-widget-container\">\n\t\t\t\t\t<h2 class=\"elementor-heading-title elementor-size-default\">Les robots peuvent travailler presque partout et automatiser un large \u00e9ventail de t\u00e2ches. Ils permettent aux op\u00e9rateurs de faire ce qu'ils font le mieux : cr\u00e9er et travailler ensemble. <\/h2>\t\t\t\t<\/div>\n\t\t\t\t<\/div>\n\t\t\t\t<div class=\"elementor-element elementor-element-e1b9e3b elementor-widget elementor-widget-text-editor\" data-id=\"e1b9e3b\" data-element_type=\"widget\" data-e-type=\"widget\" data-widget_type=\"text-editor.default\">\n\t\t\t\t<div class=\"elementor-widget-container\">\n\t\t\t\t\t\t\t\t\t<ul>\n<li>Facile \u00e0 utiliser.<\/li>\n<li>S\u00fbr et fiable.<\/li>\n<li>Les petits ateliers peuvent d\u00e9j\u00e0 \u00eatre automatis\u00e9s comme les grandes usines.<\/li>\n<li>Des gains importants en mati\u00e8re de production, y compris dans les petits ateliers.<\/li>\n<li><span style=\"background-color: transparent;\">Branchez, r\u00e9glez et travaillez<\/span><\/li>\n<\/ul>\n<h6><strong><span style=\"color: #00667f;\">Solution enti\u00e8rement int\u00e9gr\u00e9e pour les cellules de pliage<\/span><\/strong><\/h6>\n<ul>\n<li>Une seule commande num\u00e9rique contr\u00f4le \u00e0 la fois la presse plieuse et le robot.<\/li>\n<li>Il n&rsquo;est pas n\u00e9cessaire de programmer le robot :\n<ul>\n<li>L&rsquo;op\u00e9rateur programme la pi\u00e8ce \u00e0 plier et le programme du robot est ensuite g\u00e9n\u00e9r\u00e9 automatiquement.<\/li>\n<li>L&rsquo;op\u00e9rateur n&rsquo;a pas \u00e0 se pr\u00e9occuper du robot, que ce soit pendant la programmation ou pendant la production.<\/li>\n<\/ul>\n<\/li>\n<li>Synchronisation parfaite en temps r\u00e9el entre la presse plieuse et le robot tout au long du processus de pliage.<\/li>\n<li>Des \u00e9conomies significatives<\/li>\n<\/ul>\n<br>\t\t\t\t\t\t\t\t<\/div>\n\t\t\t\t<\/div>\n\t\t\t\t<div class=\"elementor-element elementor-element-f0cb776 elementor-widget elementor-widget-button\" data-id=\"f0cb776\" data-element_type=\"widget\" data-e-type=\"widget\" data-widget_type=\"button.default\">\n\t\t\t\t<div class=\"elementor-widget-container\">\n\t\t\t\t\t\t\t\t\t<div class=\"elementor-button-wrapper\">\n\t\t\t\t\t<a class=\"elementor-button elementor-button-link elementor-size-sm\" href=\"https:\/\/cybelec.ch\/wp-content\/uploads\/2025\/11\/Flyer_RobotArm_V1.2.FR_.pdf\">\n\t\t\t\t\t\t<span class=\"elementor-button-content-wrapper\">\n\t\t\t\t\t\t\t\t\t<span class=\"elementor-button-text\">Cellule de pliage avec une seule CNC - t\u00e9l\u00e9charger le flyer<\/span>\n\t\t\t\t\t<\/span>\n\t\t\t\t\t<\/a>\n\t\t\t\t<\/div>\n\t\t\t\t\t\t\t\t<\/div>\n\t\t\t\t<\/div>\n\t\t\t\t<div class=\"elementor-element elementor-element-3d55726 elementor-widget elementor-widget-button\" data-id=\"3d55726\" data-element_type=\"widget\" data-e-type=\"widget\" data-widget_type=\"button.default\">\n\t\t\t\t<div class=\"elementor-widget-container\">\n\t\t\t\t\t\t\t\t\t<div class=\"elementor-button-wrapper\">\n\t\t\t\t\t<a class=\"elementor-button elementor-button-link elementor-size-sm\" href=\"https:\/\/cybelec.ch\/wp-content\/uploads\/2025\/11\/Datasheet_Robot_DCR-1300-10-6_V1.0.pdf\">\n\t\t\t\t\t\t<span class=\"elementor-button-content-wrapper\">\n\t\t\t\t\t\t\t\t\t<span class=\"elementor-button-text\">Charge utile 10 kg, port\u00e9e 1300 mm - t\u00e9l\u00e9charger la fiche technique<\/span>\n\t\t\t\t\t<\/span>\n\t\t\t\t\t<\/a>\n\t\t\t\t<\/div>\n\t\t\t\t\t\t\t\t<\/div>\n\t\t\t\t<\/div>\n\t\t\t\t<div class=\"elementor-element elementor-element-c9a7eff elementor-widget elementor-widget-button\" data-id=\"c9a7eff\" data-element_type=\"widget\" data-e-type=\"widget\" data-widget_type=\"button.default\">\n\t\t\t\t<div class=\"elementor-widget-container\">\n\t\t\t\t\t\t\t\t\t<div class=\"elementor-button-wrapper\">\n\t\t\t\t\t<a class=\"elementor-button elementor-button-link elementor-size-sm\" href=\"https:\/\/cybelec.ch\/wp-content\/uploads\/2025\/11\/Datasheet_Robot_DCR-2100-50.pdf\">\n\t\t\t\t\t\t<span class=\"elementor-button-content-wrapper\">\n\t\t\t\t\t\t\t\t\t<span class=\"elementor-button-text\">Charge utile 50 kg, port\u00e9e 2100 mm - t\u00e9l\u00e9charger la fiche technique<\/span>\n\t\t\t\t\t<\/span>\n\t\t\t\t\t<\/a>\n\t\t\t\t<\/div>\n\t\t\t\t\t\t\t\t<\/div>\n\t\t\t\t<\/div>\n\t\t\t\t<div class=\"elementor-element elementor-element-a26bd03 elementor-widget elementor-widget-button\" data-id=\"a26bd03\" data-element_type=\"widget\" data-e-type=\"widget\" data-widget_type=\"button.default\">\n\t\t\t\t<div class=\"elementor-widget-container\">\n\t\t\t\t\t\t\t\t\t<div class=\"elementor-button-wrapper\">\n\t\t\t\t\t<a class=\"elementor-button elementor-button-link elementor-size-sm\" href=\"https:\/\/cybelec.ch\/wp-content\/uploads\/2025\/11\/Datasheet_Robot_DCR-2700-150.pdf\">\n\t\t\t\t\t\t<span class=\"elementor-button-content-wrapper\">\n\t\t\t\t\t\t\t\t\t<span class=\"elementor-button-text\">Charge utile 150 kg, port\u00e9e 2700 mm - t\u00e9l\u00e9charger la fiche technique<\/span>\n\t\t\t\t\t<\/span>\n\t\t\t\t\t<\/a>\n\t\t\t\t<\/div>\n\t\t\t\t\t\t\t\t<\/div>\n\t\t\t\t<\/div>\n\t\t\t\t<div class=\"elementor-element elementor-element-1054006 elementor-widget elementor-widget-button\" data-id=\"1054006\" data-element_type=\"widget\" data-e-type=\"widget\" data-widget_type=\"button.default\">\n\t\t\t\t<div class=\"elementor-widget-container\">\n\t\t\t\t\t\t\t\t\t<div class=\"elementor-button-wrapper\">\n\t\t\t\t\t<a class=\"elementor-button elementor-button-link elementor-size-sm\" href=\"https:\/\/cybelec.ch\/wp-content\/uploads\/2025\/11\/Datasheet_Robot_DCR-2700-210.pdf\">\n\t\t\t\t\t\t<span class=\"elementor-button-content-wrapper\">\n\t\t\t\t\t\t\t\t\t<span class=\"elementor-button-text\">Charge utile 210 kg, port\u00e9e 2700 mm - t\u00e9l\u00e9charger la fiche technique<\/span>\n\t\t\t\t\t<\/span>\n\t\t\t\t\t<\/a>\n\t\t\t\t<\/div>\n\t\t\t\t\t\t\t\t<\/div>\n\t\t\t\t<\/div>\n\t\t\t\t\t<\/div>\n\t\t<\/div>\n\t\t\t\t\t<\/div>\n\t\t<\/section>\n\t\t\t\t<section class=\"elementor-section elementor-top-section elementor-element elementor-element-4ee92ec elementor-section-boxed elementor-section-height-default elementor-section-height-default\" data-id=\"4ee92ec\" data-element_type=\"section\" data-e-type=\"section\">\n\t\t\t\t\t\t<div class=\"elementor-container elementor-column-gap-default\">\n\t\t\t\t\t<div class=\"elementor-column elementor-col-100 elementor-top-column elementor-element elementor-element-86ca397\" data-id=\"86ca397\" data-element_type=\"column\" data-e-type=\"column\">\n\t\t\t<div class=\"elementor-widget-wrap elementor-element-populated\">\n\t\t\t\t\t\t<div class=\"elementor-element elementor-element-78e2616 elementor-tabs-view-horizontal elementor-widget elementor-widget-tabs\" data-id=\"78e2616\" data-element_type=\"widget\" data-e-type=\"widget\" data-widget_type=\"tabs.default\">\n\t\t\t\t<div class=\"elementor-widget-container\">\n\t\t\t\t\t\t\t<div class=\"elementor-tabs\">\n\t\t\t<div class=\"elementor-tabs-wrapper\" role=\"tablist\" >\n\t\t\t\t\t\t\t\t\t<div id=\"elementor-tab-title-1261\" class=\"elementor-tab-title elementor-tab-desktop-title\" aria-selected=\"true\" data-tab=\"1\" role=\"tab\" tabindex=\"0\" aria-controls=\"elementor-tab-content-1261\" aria-expanded=\"false\">Principales caract\u00e9ristiques pour l'utilisateur<\/div>\n\t\t\t\t\t\t\t\t\t<div id=\"elementor-tab-title-1262\" class=\"elementor-tab-title elementor-tab-desktop-title\" aria-selected=\"false\" data-tab=\"2\" role=\"tab\" tabindex=\"-1\" aria-controls=\"elementor-tab-content-1262\" aria-expanded=\"false\">Principales caract\u00e9ristiques pour les OEM<\/div>\n\t\t\t\t\t\t\t\t\t<div id=\"elementor-tab-title-1263\" class=\"elementor-tab-title elementor-tab-desktop-title\" aria-selected=\"false\" data-tab=\"3\" role=\"tab\" tabindex=\"-1\" aria-controls=\"elementor-tab-content-1263\" aria-expanded=\"false\">Informations pour la commande<\/div>\n\t\t\t\t\t\t\t\t\t<div id=\"elementor-tab-title-1264\" class=\"elementor-tab-title elementor-tab-desktop-title\" aria-selected=\"false\" data-tab=\"4\" role=\"tab\" tabindex=\"-1\" aria-controls=\"elementor-tab-content-1264\" aria-expanded=\"false\">Videos<\/div>\n\t\t\t\t\t\t\t<\/div>\n\t\t\t<div class=\"elementor-tabs-content-wrapper\" role=\"tablist\" aria-orientation=\"vertical\">\n\t\t\t\t\t\t\t\t\t<div class=\"elementor-tab-title elementor-tab-mobile-title\" aria-selected=\"true\" data-tab=\"1\" role=\"tab\" tabindex=\"0\" aria-controls=\"elementor-tab-content-1261\" aria-expanded=\"false\">Principales caract\u00e9ristiques pour l'utilisateur<\/div>\n\t\t\t\t\t<div id=\"elementor-tab-content-1261\" class=\"elementor-tab-content elementor-clearfix\" data-tab=\"1\" role=\"tabpanel\" aria-labelledby=\"elementor-tab-title-1261\" tabindex=\"0\" hidden=\"false\"><ul>\n<li>L&rsquo;op\u00e9rateur programme simplement la pi\u00e8ce \u00e0 plier, comme d&rsquo;habitude.<\/li>\n<li>Des gains de production importants, m\u00eame dans les petits ateliers. Possibilit\u00e9 de production 24 heures sur 24 et 7 jours sur 7. <\/li>\n<li>P\u00e9riode d&rsquo;amortissement rapide. <\/li>\n<\/ul>\n<\/div>\n\t\t\t\t\t\t\t\t\t<div class=\"elementor-tab-title elementor-tab-mobile-title\" aria-selected=\"false\" data-tab=\"2\" role=\"tab\" tabindex=\"-1\" aria-controls=\"elementor-tab-content-1262\" aria-expanded=\"false\">Principales caract\u00e9ristiques pour les OEM<\/div>\n\t\t\t\t\t<div id=\"elementor-tab-content-1262\" class=\"elementor-tab-content elementor-clearfix\" data-tab=\"2\" role=\"tabpanel\" aria-labelledby=\"elementor-tab-title-1262\" tabindex=\"0\" hidden=\"hidden\"><ul>\n<li>La fourniture d\u2019une solution mat\u00e9rielle et logicielle compl\u00e8te \u00e0 partir d\u2019une seule source. Aucun int\u00e9grateur suppl\u00e9mentaire n\u2019est n\u00e9cessaire.  <\/li>\n<li>Installation facile :\n<ul>\n<li>tr\u00e8s peu de c\u00e2blage gr\u00e2ce au bus de terrain EtherCAT.<\/li>\n<li>Un seul contr\u00f4leur pour la machine et le robot<\/li>\n<\/ul>\n<\/li>\n<li>R\u00e9glage et \u00e9talonnage simples et pr\u00e9cis gr\u00e2ce au r\u00e9glage automatique. <\/li>\n<li>Permettre le meilleur de l\u2019automatisation flexible<\/li>\n<li>Support complet sur le d\u00e9ploiement du robot industriel<\/li>\n<\/ul>\n<\/div>\n\t\t\t\t\t\t\t\t\t<div class=\"elementor-tab-title elementor-tab-mobile-title\" aria-selected=\"false\" data-tab=\"3\" role=\"tab\" tabindex=\"-1\" aria-controls=\"elementor-tab-content-1263\" aria-expanded=\"false\">Informations pour la commande<\/div>\n\t\t\t\t\t<div id=\"elementor-tab-content-1263\" class=\"elementor-tab-content elementor-clearfix\" data-tab=\"3\" role=\"tabpanel\" aria-labelledby=\"elementor-tab-title-1263\" tabindex=\"0\" hidden=\"hidden\"><ul>\n<li>Veuillez contacter notre service commercial pour plus d\u2019informations<\/li>\n<\/ul>\n<\/div>\n\t\t\t\t\t\t\t\t\t<div class=\"elementor-tab-title elementor-tab-mobile-title\" aria-selected=\"false\" data-tab=\"4\" role=\"tab\" tabindex=\"-1\" aria-controls=\"elementor-tab-content-1264\" aria-expanded=\"false\">Videos<\/div>\n\t\t\t\t\t<div id=\"elementor-tab-content-1264\" class=\"elementor-tab-content elementor-clearfix\" data-tab=\"4\" role=\"tabpanel\" aria-labelledby=\"elementor-tab-title-1264\" tabindex=\"0\" hidden=\"hidden\"><p><strong>Discover how to program your robot through the single CNC<\/strong><\/p>\n<p><iframe title=\"Robot Arm DCR 1300 10 6\" width=\"1200\" height=\"675\" src=\"https:\/\/www.youtube.com\/embed\/13dNQJhpsuQ?feature=oembed\" frameborder=\"0\" allow=\"accelerometer; autoplay; clipboard-write; encrypted-media; gyroscope; picture-in-picture; web-share\" referrerpolicy=\"strict-origin-when-cross-origin\" allowfullscreen><\/iframe><\/p>\n<p><strong>One Single CNC Bending Cell with Deratech<\/strong><\/p>\n<p><div style=\"width: 640px;\" class=\"wp-video\"><video class=\"wp-video-shortcode\" id=\"video-23116-1\" width=\"640\" height=\"360\" preload=\"metadata\" controls=\"controls\"><source type=\"video\/mp4\" src=\"https:\/\/cybelec.ch\/wp-content\/uploads\/2025\/02\/Deratech_august_2024_SMa_1.mp4?_=1\" \/><a href=\"https:\/\/cybelec.ch\/wp-content\/uploads\/2025\/02\/Deratech_august_2024_SMa_1.mp4\">https:\/\/cybelec.ch\/wp-content\/uploads\/2025\/02\/Deratech_august_2024_SMa_1.mp4<\/a><\/video><\/div><\/p>\n<p class=\"style-scope ytd-watch-metadata\"><strong>Upgrade an old Beyeler press brake with VisiTouch and Robot<\/strong><\/p>\n<p><iframe title=\"Cybelec One Single CNC Bending Cell\" width=\"1200\" height=\"675\" src=\"https:\/\/www.youtube.com\/embed\/2H8r4gwV2YM?feature=oembed\" frameborder=\"0\" allow=\"accelerometer; autoplay; clipboard-write; encrypted-media; gyroscope; picture-in-picture; web-share\" referrerpolicy=\"strict-origin-when-cross-origin\" allowfullscreen><\/iframe><\/p>\n<\/div>\n\t\t\t\t\t\t\t<\/div>\n\t\t<\/div>\n\t\t\t\t\t\t<\/div>\n\t\t\t\t<\/div>\n\t\t\t\t\t<\/div>\n\t\t<\/div>\n\t\t\t\t\t<\/div>\n\t\t<\/section>\n\t\t\t\t<section class=\"elementor-section elementor-top-section elementor-element elementor-element-08dfc33 elementor-section-boxed elementor-section-height-default elementor-section-height-default\" data-id=\"08dfc33\" data-element_type=\"section\" data-e-type=\"section\">\n\t\t\t\t\t\t<div class=\"elementor-container elementor-column-gap-default\">\n\t\t\t\t\t<div class=\"elementor-column elementor-col-100 elementor-top-column elementor-element elementor-element-1874412\" data-id=\"1874412\" data-element_type=\"column\" data-e-type=\"column\">\n\t\t\t<div class=\"elementor-widget-wrap\">\n\t\t\t\t\t\t\t<\/div>\n\t\t<\/div>\n\t\t\t\t\t<\/div>\n\t\t<\/section>\n\t\t\t\t<section class=\"elementor-section elementor-top-section elementor-element elementor-element-796e4f6 elementor-section-boxed elementor-section-height-default elementor-section-height-default\" data-id=\"796e4f6\" data-element_type=\"section\" data-e-type=\"section\">\n\t\t\t\t\t\t<div class=\"elementor-container elementor-column-gap-default\">\n\t\t\t\t\t<div class=\"elementor-column elementor-col-100 elementor-top-column elementor-element elementor-element-f6eb4db\" data-id=\"f6eb4db\" data-element_type=\"column\" data-e-type=\"column\">\n\t\t\t<div class=\"elementor-widget-wrap\">\n\t\t\t\t\t\t\t<\/div>\n\t\t<\/div>\n\t\t\t\t\t<\/div>\n\t\t<\/section>\n\t\t\t\t<section class=\"elementor-section elementor-top-section elementor-element elementor-element-dad7e73 elementor-section-boxed elementor-section-height-default elementor-section-height-default\" data-id=\"dad7e73\" data-element_type=\"section\" data-e-type=\"section\">\n\t\t\t\t\t\t<div class=\"elementor-container elementor-column-gap-default\">\n\t\t\t\t\t<div class=\"elementor-column elementor-col-100 elementor-top-column elementor-element elementor-element-740b8cd\" data-id=\"740b8cd\" data-element_type=\"column\" data-e-type=\"column\">\n\t\t\t<div class=\"elementor-widget-wrap\">\n\t\t\t\t\t\t\t<\/div>\n\t\t<\/div>\n\t\t\t\t\t<\/div>\n\t\t<\/section>\n\t\t\t\t<\/div>\n\t\t","protected":false},"excerpt":{"rendered":"<p>Les robots peuvent travailler presque partout et automatiser un large \u00e9ventail de t\u00e2ches. Ils permettent aux op\u00e9rateurs de faire ce qu&rsquo;ils font le mieux : cr\u00e9er et travailler ensemble. Facile \u00e0 utiliser. S\u00fbr et fiable. Les petits ateliers peuvent d\u00e9j\u00e0 \u00eatre automatis\u00e9s comme les grandes usines. Des gains importants en mati\u00e8re de production, y compris [&hellip;]<\/p>\n","protected":false},"author":1,"featured_media":24707,"parent":0,"menu_order":0,"comment_status":"closed","ping_status":"closed","template":"","meta":{"site-sidebar-layout":"no-sidebar","site-content-layout":"page-builder","ast-site-content-layout":"full-width-container","site-content-style":"default","site-sidebar-style":"default","ast-global-header-display":"","ast-banner-title-visibility":"","ast-main-header-display":"","ast-hfb-above-header-display":"","ast-hfb-below-header-display":"","ast-hfb-mobile-header-display":"","site-post-title":"disabled","ast-breadcrumbs-content":"","ast-featured-img":"disabled","footer-sml-layout":"","ast-disable-related-posts":"","theme-transparent-header-meta":"","adv-header-id-meta":"","stick-header-meta":"","header-above-stick-meta":"","header-main-stick-meta":"","header-below-stick-meta":"","astra-migrate-meta-layouts":"default","ast-page-background-enabled":"default","ast-page-background-meta":{"desktop":{"background-color":"","background-image":"","background-repeat":"repeat","background-position":"center center","background-size":"auto","background-attachment":"scroll","background-type":"","background-media":"","overlay-type":"","overlay-color":"","overlay-opacity":"","overlay-gradient":""},"tablet":{"background-color":"","background-image":"","background-repeat":"repeat","background-position":"center center","background-size":"auto","background-attachment":"scroll","background-type":"","background-media":"","overlay-type":"","overlay-color":"","overlay-opacity":"","overlay-gradient":""},"mobile":{"background-color":"","background-image":"","background-repeat":"repeat","background-position":"center center","background-size":"auto","background-attachment":"scroll","background-type":"","background-media":"","overlay-type":"","overlay-color":"","overlay-opacity":"","overlay-gradient":""}},"ast-content-background-meta":{"desktop":{"background-color":"var(--ast-global-color-5)","background-image":"","background-repeat":"repeat","background-position":"center center","background-size":"auto","background-attachment":"scroll","background-type":"","background-media":"","overlay-type":"","overlay-color":"","overlay-opacity":"","overlay-gradient":""},"tablet":{"background-color":"var(--ast-global-color-5)","background-image":"","background-repeat":"repeat","background-position":"center center","background-size":"auto","background-attachment":"scroll","background-type":"","background-media":"","overlay-type":"","overlay-color":"","overlay-opacity":"","overlay-gradient":""},"mobile":{"background-color":"var(--ast-global-color-5)","background-image":"","background-repeat":"repeat","background-position":"center center","background-size":"auto","background-attachment":"scroll","background-type":"","background-media":"","overlay-type":"","overlay-color":"","overlay-opacity":"","overlay-gradient":""}},"footnotes":""},"class_list":["post-23116","page","type-page","status-publish","has-post-thumbnail","hentry"],"aioseo_notices":[],"_links":{"self":[{"href":"https:\/\/cybelec.ch\/fr\/wp-json\/wp\/v2\/pages\/23116","targetHints":{"allow":["GET"]}}],"collection":[{"href":"https:\/\/cybelec.ch\/fr\/wp-json\/wp\/v2\/pages"}],"about":[{"href":"https:\/\/cybelec.ch\/fr\/wp-json\/wp\/v2\/types\/page"}],"author":[{"embeddable":true,"href":"https:\/\/cybelec.ch\/fr\/wp-json\/wp\/v2\/users\/1"}],"replies":[{"embeddable":true,"href":"https:\/\/cybelec.ch\/fr\/wp-json\/wp\/v2\/comments?post=23116"}],"version-history":[{"count":50,"href":"https:\/\/cybelec.ch\/fr\/wp-json\/wp\/v2\/pages\/23116\/revisions"}],"predecessor-version":[{"id":26027,"href":"https:\/\/cybelec.ch\/fr\/wp-json\/wp\/v2\/pages\/23116\/revisions\/26027"}],"wp:featuredmedia":[{"embeddable":true,"href":"https:\/\/cybelec.ch\/fr\/wp-json\/wp\/v2\/media\/24707"}],"wp:attachment":[{"href":"https:\/\/cybelec.ch\/fr\/wp-json\/wp\/v2\/media?parent=23116"}],"curies":[{"name":"wp","href":"https:\/\/api.w.org\/{rel}","templated":true}]}}