{"id":23166,"date":"2024-06-05T08:34:23","date_gmt":"2024-06-05T06:34:23","guid":{"rendered":"https:\/\/cybelec.ch\/cybtouch-8-ps\/"},"modified":"2024-11-04T13:44:37","modified_gmt":"2024-11-04T12:44:37","slug":"cybtouch-8-ps","status":"publish","type":"page","link":"https:\/\/cybelec.ch\/fr\/cybtouch-8-ps\/","title":{"rendered":"CybTouch 8 PS"},"content":{"rendered":"\t\t<div data-elementor-type=\"wp-page\" data-elementor-id=\"23166\" class=\"elementor elementor-23166 elementor-22833\" data-elementor-post-type=\"page\">\n\t\t\t\t\t\t<section class=\"elementor-section elementor-top-section elementor-element elementor-element-5e52de3 elementor-reverse-mobile elementor-section-boxed elementor-section-height-default elementor-section-height-default\" data-id=\"5e52de3\" data-element_type=\"section\" data-e-type=\"section\">\n\t\t\t\t\t\t<div class=\"elementor-container elementor-column-gap-no\">\n\t\t\t\t\t<div class=\"elementor-column elementor-col-50 elementor-top-column elementor-element elementor-element-1060a9f\" data-id=\"1060a9f\" data-element_type=\"column\" data-e-type=\"column\">\n\t\t\t<div class=\"elementor-widget-wrap elementor-element-populated\">\n\t\t\t\t\t\t<div class=\"elementor-element elementor-element-7d581ff elementor-widget elementor-widget-gallery\" data-id=\"7d581ff\" data-element_type=\"widget\" data-e-type=\"widget\" data-settings=\"{&quot;columns&quot;:2,&quot;aspect_ratio&quot;:&quot;1:1&quot;,&quot;columns_mobile&quot;:2,&quot;lazyload&quot;:&quot;yes&quot;,&quot;gallery_layout&quot;:&quot;grid&quot;,&quot;columns_tablet&quot;:2,&quot;gap&quot;:{&quot;unit&quot;:&quot;px&quot;,&quot;size&quot;:10,&quot;sizes&quot;:[]},&quot;gap_tablet&quot;:{&quot;unit&quot;:&quot;px&quot;,&quot;size&quot;:10,&quot;sizes&quot;:[]},&quot;gap_mobile&quot;:{&quot;unit&quot;:&quot;px&quot;,&quot;size&quot;:10,&quot;sizes&quot;:[]},&quot;link_to&quot;:&quot;file&quot;,&quot;content_hover_animation&quot;:&quot;fade-in&quot;}\" data-widget_type=\"gallery.default\">\n\t\t\t\t<div class=\"elementor-widget-container\">\n\t\t\t\t\t\t\t<div class=\"elementor-gallery__container\">\n\t\t\t\t\t\t\t<a class=\"e-gallery-item elementor-gallery-item elementor-animated-content\" href=\"https:\/\/cybelec.ch\/wp-content\/uploads\/2020\/12\/CT8_DROITE_OMBRE_I_screenMG_4167-1-scaled.jpg\" data-elementor-open-lightbox=\"yes\" data-elementor-lightbox-slideshow=\"7d581ff\" data-e-action-hash=\"#elementor-action%3Aaction%3Dlightbox%26settings%3DeyJpZCI6MTM4MjAsInVybCI6Imh0dHBzOlwvXC9jeWJlbGVjLmNoXC93cC1jb250ZW50XC91cGxvYWRzXC8yMDIwXC8xMlwvQ1Q4X0RST0lURV9PTUJSRV9JX3NjcmVlbk1HXzQxNjctMS1zY2FsZWQuanBnIiwic2xpZGVzaG93IjoiN2Q1ODFmZiJ9\">\n\t\t\t\t\t<div class=\"e-gallery-image elementor-gallery-item__image\" data-thumbnail=\"https:\/\/cybelec.ch\/wp-content\/uploads\/2020\/12\/CT8_DROITE_OMBRE_I_screenMG_4167-1-scaled.jpg\" data-width=\"2560\" data-height=\"2276\" aria-label=\"\" role=\"img\" ><\/div>\n\t\t\t\t\t\t\t\t\t\t\t\t\t\t<\/a>\n\t\t\t\t\t\t\t<a class=\"e-gallery-item elementor-gallery-item elementor-animated-content\" href=\"https:\/\/cybelec.ch\/wp-content\/uploads\/2020\/12\/CT12-6.jpg\" data-elementor-open-lightbox=\"yes\" data-elementor-lightbox-slideshow=\"7d581ff\" data-e-action-hash=\"#elementor-action%3Aaction%3Dlightbox%26settings%3DeyJpZCI6MTE0MTEsInVybCI6Imh0dHBzOlwvXC9jeWJlbGVjLmNoXC93cC1jb250ZW50XC91cGxvYWRzXC8yMDIwXC8xMlwvQ1QxMi02LmpwZyIsInNsaWRlc2hvdyI6IjdkNTgxZmYifQ%3D%3D\">\n\t\t\t\t\t<div class=\"e-gallery-image elementor-gallery-item__image\" data-thumbnail=\"https:\/\/cybelec.ch\/wp-content\/uploads\/2020\/12\/CT12-6.jpg\" data-width=\"178\" data-height=\"178\" aria-label=\"\" role=\"img\" ><\/div>\n\t\t\t\t\t\t\t\t\t\t\t\t\t\t<\/a>\n\t\t\t\t\t\t\t<a class=\"e-gallery-item elementor-gallery-item elementor-animated-content\" href=\"https:\/\/cybelec.ch\/wp-content\/uploads\/2020\/12\/CT12-5.jpg\" data-elementor-open-lightbox=\"yes\" data-elementor-lightbox-slideshow=\"7d581ff\" data-e-action-hash=\"#elementor-action%3Aaction%3Dlightbox%26settings%3DeyJpZCI6MTE0MTAsInVybCI6Imh0dHBzOlwvXC9jeWJlbGVjLmNoXC93cC1jb250ZW50XC91cGxvYWRzXC8yMDIwXC8xMlwvQ1QxMi01LmpwZyIsInNsaWRlc2hvdyI6IjdkNTgxZmYifQ%3D%3D\">\n\t\t\t\t\t<div class=\"e-gallery-image elementor-gallery-item__image\" data-thumbnail=\"https:\/\/cybelec.ch\/wp-content\/uploads\/2020\/12\/CT12-5.jpg\" data-width=\"178\" data-height=\"178\" aria-label=\"\" role=\"img\" ><\/div>\n\t\t\t\t\t\t\t\t\t\t\t\t\t\t<\/a>\n\t\t\t\t\t\t\t<a class=\"e-gallery-item elementor-gallery-item elementor-animated-content\" href=\"https:\/\/cybelec.ch\/wp-content\/uploads\/2020\/12\/CT12-4.jpg\" data-elementor-open-lightbox=\"yes\" data-elementor-lightbox-slideshow=\"7d581ff\" data-e-action-hash=\"#elementor-action%3Aaction%3Dlightbox%26settings%3DeyJpZCI6MTE0MDksInVybCI6Imh0dHBzOlwvXC9jeWJlbGVjLmNoXC93cC1jb250ZW50XC91cGxvYWRzXC8yMDIwXC8xMlwvQ1QxMi00LmpwZyIsInNsaWRlc2hvdyI6IjdkNTgxZmYifQ%3D%3D\">\n\t\t\t\t\t<div class=\"e-gallery-image elementor-gallery-item__image\" data-thumbnail=\"https:\/\/cybelec.ch\/wp-content\/uploads\/2020\/12\/CT12-4.jpg\" data-width=\"178\" data-height=\"178\" aria-label=\"\" role=\"img\" ><\/div>\n\t\t\t\t\t\t\t\t\t\t\t\t\t\t<\/a>\n\t\t\t\t\t\t\t<a class=\"e-gallery-item elementor-gallery-item elementor-animated-content\" href=\"https:\/\/cybelec.ch\/wp-content\/uploads\/2020\/12\/CT12-3.jpg\" data-elementor-open-lightbox=\"yes\" data-elementor-lightbox-slideshow=\"7d581ff\" data-e-action-hash=\"#elementor-action%3Aaction%3Dlightbox%26settings%3DeyJpZCI6MTE0MDgsInVybCI6Imh0dHBzOlwvXC9jeWJlbGVjLmNoXC93cC1jb250ZW50XC91cGxvYWRzXC8yMDIwXC8xMlwvQ1QxMi0zLmpwZyIsInNsaWRlc2hvdyI6IjdkNTgxZmYifQ%3D%3D\">\n\t\t\t\t\t<div class=\"e-gallery-image elementor-gallery-item__image\" data-thumbnail=\"https:\/\/cybelec.ch\/wp-content\/uploads\/2020\/12\/CT12-3.jpg\" data-width=\"178\" data-height=\"178\" aria-label=\"\" role=\"img\" ><\/div>\n\t\t\t\t\t\t\t\t\t\t\t\t\t\t<\/a>\n\t\t\t\t\t\t\t<a class=\"e-gallery-item elementor-gallery-item elementor-animated-content\" href=\"https:\/\/cybelec.ch\/wp-content\/uploads\/2020\/12\/CT12-2.jpg\" data-elementor-open-lightbox=\"yes\" data-elementor-lightbox-slideshow=\"7d581ff\" data-e-action-hash=\"#elementor-action%3Aaction%3Dlightbox%26settings%3DeyJpZCI6MTE0MDcsInVybCI6Imh0dHBzOlwvXC9jeWJlbGVjLmNoXC93cC1jb250ZW50XC91cGxvYWRzXC8yMDIwXC8xMlwvQ1QxMi0yLmpwZyIsInNsaWRlc2hvdyI6IjdkNTgxZmYifQ%3D%3D\">\n\t\t\t\t\t<div class=\"e-gallery-image elementor-gallery-item__image\" data-thumbnail=\"https:\/\/cybelec.ch\/wp-content\/uploads\/2020\/12\/CT12-2.jpg\" data-width=\"178\" data-height=\"178\" aria-label=\"\" role=\"img\" ><\/div>\n\t\t\t\t\t\t\t\t\t\t\t\t\t\t<\/a>\n\t\t\t\t\t<\/div>\n\t\t\t\t\t<\/div>\n\t\t\t\t<\/div>\n\t\t\t\t\t<\/div>\n\t\t<\/div>\n\t\t\t\t<div class=\"elementor-column elementor-col-50 elementor-top-column elementor-element elementor-element-7e4959e\" data-id=\"7e4959e\" data-element_type=\"column\" data-e-type=\"column\">\n\t\t\t<div class=\"elementor-widget-wrap elementor-element-populated\">\n\t\t\t\t\t\t<div class=\"elementor-element elementor-element-188fa3c elementor-widget elementor-widget-heading\" data-id=\"188fa3c\" data-element_type=\"widget\" data-e-type=\"widget\" data-widget_type=\"heading.default\">\n\t\t\t\t<div class=\"elementor-widget-container\">\n\t\t\t\t\t<h2 class=\"elementor-heading-title elementor-size-default\">CybTouch 8 PS est sp\u00e9cialement con\u00e7u pour les presses plieuses synchronis\u00e9es.\n<\/h2>\t\t\t\t<\/div>\n\t\t\t\t<\/div>\n\t\t\t\t<div class=\"elementor-element elementor-element-fedcfcc elementor-widget elementor-widget-text-editor\" data-id=\"fedcfcc\" data-element_type=\"widget\" data-e-type=\"widget\" data-widget_type=\"text-editor.default\">\n\t\t\t\t<div class=\"elementor-widget-container\">\n\t\t\t\t\t\t\t\t\t<p>Faisant partie de la gamme CybTouch, il est dot\u00e9 d&rsquo;un \u00e9cran tactile couleur intuitif et vivant et d&rsquo;une grande int\u00e9gration de fonctions.<br \/>Gr\u00e2ce \u00e0 son interface logicielle tactile interactive \u00e0 larges touches, \u00e0 l&rsquo;aide en ligne et \u00e0 de nombreuses autres fonctions automatiques qui guident constamment l&rsquo;op\u00e9rateur, CybTouch 8 est aussi simple qu&rsquo;une commande de positionneur.<br \/>Le CybTouch 8 est dot\u00e9 d&rsquo;un bo\u00eetier robuste, moderne et \u00e9pur\u00e9, sp\u00e9cialement con\u00e7u pour \u00eatre mont\u00e9 sur un bras.<\/p>\n<p>Nous proposons deux mod\u00e8les :<\/p>\n<ul>\n<li>CybTouch 83 PSe, 3 axes (Y1, Y2, X), version \u00e9conomique, non extensible \u00e0 4 axes.<\/li>\n<li>CybTouch 84 PS, 4 axes (Y1, Y2, X, R)<\/li>\n<\/ul>\n<p>Disponible sous forme de bo\u00eetier ou de panneau<\/p>\n\t\t\t\t\t\t\t\t<\/div>\n\t\t\t\t<\/div>\n\t\t\t\t<div class=\"elementor-element elementor-element-f79e202 elementor-widget elementor-widget-heading\" data-id=\"f79e202\" data-element_type=\"widget\" data-e-type=\"widget\" data-widget_type=\"heading.default\">\n\t\t\t\t<div class=\"elementor-widget-container\">\n\t\t\t\t\t<h2 class=\"elementor-heading-title elementor-size-default\">CybTouchTools<\/h2>\t\t\t\t<\/div>\n\t\t\t\t<\/div>\n\t\t\t\t<div class=\"elementor-element elementor-element-9f6b152 elementor-widget elementor-widget-text-editor\" data-id=\"9f6b152\" data-element_type=\"widget\" data-e-type=\"widget\" data-widget_type=\"text-editor.default\">\n\t\t\t\t<div class=\"elementor-widget-container\">\n\t\t\t\t\t\t\t\t\t<p>Tous les CybTouch sont livr\u00e9s avec CybTouchTools, qui permet de transf\u00e9rer sans fil des donn\u00e9es entre un PC et le CybTouch (n\u00e9cessite la cl\u00e9 USB RFLink en option). Il est utilis\u00e9 pour sauvegarder\/restaurer les param\u00e8tres de la machine, les outils et les pi\u00e8ces, ainsi que pour mettre \u00e0 jour le logiciel.<\/p>\n\t\t\t\t\t\t\t\t<\/div>\n\t\t\t\t<\/div>\n\t\t\t\t<div class=\"elementor-element elementor-element-76e2f63 elementor-widget elementor-widget-heading\" data-id=\"76e2f63\" data-element_type=\"widget\" data-e-type=\"widget\" data-widget_type=\"heading.default\">\n\t\t\t\t<div class=\"elementor-widget-container\">\n\t\t\t\t\t<h2 class=\"elementor-heading-title elementor-size-default\">Logiciel PC Offline<\/h2>\t\t\t\t<\/div>\n\t\t\t\t<\/div>\n\t\t\t\t<div class=\"elementor-element elementor-element-55d9817 elementor-widget elementor-widget-text-editor\" data-id=\"55d9817\" data-element_type=\"widget\" data-e-type=\"widget\" data-widget_type=\"text-editor.default\">\n\t\t\t\t<div class=\"elementor-widget-container\">\n\t\t\t\t\t\t\t\t\t<p>Nous fournissons le m\u00eame logiciel PC universel hors ligne pour toutes les commandes CybTouch et VisiTouch.<br \/>OFT &#8211; VST &#8211; 2&nbsp; &nbsp; &nbsp; &nbsp; &nbsp; &nbsp; &nbsp; &nbsp; PC offline software VisiTouch (2D)<br \/>OFT &#8211; VST &#8211; MX&nbsp; &nbsp; &nbsp; &nbsp; &nbsp; &nbsp; PC offline software VisiTouch MX (3D)<br \/>OFT &#8211; VST &#8211; MXIMP&nbsp; &nbsp; &nbsp; Logiciel hors ligne pour PC VisiTouch MX incluant l&rsquo;importation de DXF\/DWG, IGES, STEP, SAT et X_T<br \/>Les trois logiciels PC hors ligne ci-dessus permettent de transf\u00e9rer des outils et des programmes vers tous les contr\u00f4les CybTouch PS et VisiTouch.<br \/>Le logiciel PC hors ligne VisiTouch offre d\u00e9sormais la possibilit\u00e9 de programmer des pi\u00e8ces pour plusieurs presses plieuses (fonctionnalit\u00e9 multi-machines).<\/p>\n\t\t\t\t\t\t\t\t<\/div>\n\t\t\t\t<\/div>\n\t\t\t\t<section class=\"elementor-section elementor-inner-section elementor-element elementor-element-3445042 elementor-section-boxed elementor-section-height-default elementor-section-height-default\" data-id=\"3445042\" data-element_type=\"section\" data-e-type=\"section\">\n\t\t\t\t\t\t<div class=\"elementor-container elementor-column-gap-default\">\n\t\t\t\t\t<div class=\"elementor-column elementor-col-50 elementor-inner-column elementor-element elementor-element-6298040\" data-id=\"6298040\" data-element_type=\"column\" data-e-type=\"column\">\n\t\t\t<div class=\"elementor-widget-wrap elementor-element-populated\">\n\t\t\t\t\t\t<div class=\"elementor-element elementor-element-d9cbaf1 elementor-align-justify elementor-widget elementor-widget-button\" data-id=\"d9cbaf1\" data-element_type=\"widget\" data-e-type=\"widget\" data-widget_type=\"button.default\">\n\t\t\t\t<div class=\"elementor-widget-container\">\n\t\t\t\t\t\t\t\t\t<div class=\"elementor-button-wrapper\">\n\t\t\t\t\t<a class=\"elementor-button elementor-button-link elementor-size-sm\" href=\"https:\/\/cybelec.ch\/wp-content\/uploads\/2024\/07\/Flyer-CybTouch-8-PS_V2.4_FR.pdf\" target=\"_blank\">\n\t\t\t\t\t\t<span class=\"elementor-button-content-wrapper\">\n\t\t\t\t\t\t\t\t\t<span class=\"elementor-button-text\">T\u00e9l\u00e9charger le flyer<\/span>\n\t\t\t\t\t<\/span>\n\t\t\t\t\t<\/a>\n\t\t\t\t<\/div>\n\t\t\t\t\t\t\t\t<\/div>\n\t\t\t\t<\/div>\n\t\t\t\t\t<\/div>\n\t\t<\/div>\n\t\t\t\t<div class=\"elementor-column elementor-col-50 elementor-inner-column elementor-element elementor-element-1525175\" data-id=\"1525175\" data-element_type=\"column\" data-e-type=\"column\">\n\t\t\t<div class=\"elementor-widget-wrap elementor-element-populated\">\n\t\t\t\t\t\t<div class=\"elementor-element elementor-element-7054157 elementor-align-justify elementor-widget elementor-widget-button\" data-id=\"7054157\" data-element_type=\"widget\" data-e-type=\"widget\" data-widget_type=\"button.default\">\n\t\t\t\t<div class=\"elementor-widget-container\">\n\t\t\t\t\t\t\t\t\t<div class=\"elementor-button-wrapper\">\n\t\t\t\t\t<a class=\"elementor-button elementor-button-link elementor-size-sm\" href=\"https:\/\/cybelec.ch\/wp-content\/uploads\/2022\/02\/Datasheet_CybTouch_8_PSe_PS_V2.x_EN.pdf\" target=\"_blank\">\n\t\t\t\t\t\t<span class=\"elementor-button-content-wrapper\">\n\t\t\t\t\t\t\t\t\t<span class=\"elementor-button-text\">T\u00e9l\u00e9charger la fiche technique<\/span>\n\t\t\t\t\t<\/span>\n\t\t\t\t\t<\/a>\n\t\t\t\t<\/div>\n\t\t\t\t\t\t\t\t<\/div>\n\t\t\t\t<\/div>\n\t\t\t\t\t<\/div>\n\t\t<\/div>\n\t\t\t\t\t<\/div>\n\t\t<\/section>\n\t\t\t\t\t<\/div>\n\t\t<\/div>\n\t\t\t\t\t<\/div>\n\t\t<\/section>\n\t\t\t\t<section class=\"elementor-section elementor-top-section elementor-element elementor-element-b9e99aa elementor-section-boxed elementor-section-height-default elementor-section-height-default\" data-id=\"b9e99aa\" data-element_type=\"section\" data-e-type=\"section\">\n\t\t\t\t\t\t<div class=\"elementor-container elementor-column-gap-default\">\n\t\t\t\t\t<div class=\"elementor-column elementor-col-100 elementor-top-column elementor-element elementor-element-3f2a209\" data-id=\"3f2a209\" data-element_type=\"column\" data-e-type=\"column\">\n\t\t\t<div class=\"elementor-widget-wrap elementor-element-populated\">\n\t\t\t\t\t\t<div class=\"elementor-element elementor-element-5afeafb elementor-tabs-view-horizontal elementor-widget elementor-widget-tabs\" data-id=\"5afeafb\" data-element_type=\"widget\" data-e-type=\"widget\" data-widget_type=\"tabs.default\">\n\t\t\t\t<div class=\"elementor-widget-container\">\n\t\t\t\t\t\t\t<div class=\"elementor-tabs\">\n\t\t\t<div class=\"elementor-tabs-wrapper\" role=\"tablist\" >\n\t\t\t\t\t\t\t\t\t<div id=\"elementor-tab-title-9541\" class=\"elementor-tab-title elementor-tab-desktop-title\" aria-selected=\"true\" data-tab=\"1\" role=\"tab\" tabindex=\"0\" aria-controls=\"elementor-tab-content-9541\" aria-expanded=\"false\">Facilit\u00e9 d'utilisation<\/div>\n\t\t\t\t\t\t\t\t\t<div id=\"elementor-tab-title-9542\" class=\"elementor-tab-title elementor-tab-desktop-title\" aria-selected=\"false\" data-tab=\"2\" role=\"tab\" tabindex=\"-1\" aria-controls=\"elementor-tab-content-9542\" aria-expanded=\"false\">Un meilleur pliage<\/div>\n\t\t\t\t\t\t\t\t\t<div id=\"elementor-tab-title-9543\" class=\"elementor-tab-title elementor-tab-desktop-title\" aria-selected=\"false\" data-tab=\"3\" role=\"tab\" tabindex=\"-1\" aria-controls=\"elementor-tab-content-9543\" aria-expanded=\"false\">Puissant<\/div>\n\t\t\t\t\t\t\t\t\t<div id=\"elementor-tab-title-9544\" class=\"elementor-tab-title elementor-tab-desktop-title\" aria-selected=\"false\" data-tab=\"4\" role=\"tab\" tabindex=\"-1\" aria-controls=\"elementor-tab-content-9544\" aria-expanded=\"false\">Avantages pour les clients<\/div>\n\t\t\t\t\t\t\t<\/div>\n\t\t\t<div class=\"elementor-tabs-content-wrapper\" role=\"tablist\" aria-orientation=\"vertical\">\n\t\t\t\t\t\t\t\t\t<div class=\"elementor-tab-title elementor-tab-mobile-title\" aria-selected=\"true\" data-tab=\"1\" role=\"tab\" tabindex=\"0\" aria-controls=\"elementor-tab-content-9541\" aria-expanded=\"false\">Facilit\u00e9 d'utilisation<\/div>\n\t\t\t\t\t<div id=\"elementor-tab-content-9541\" class=\"elementor-tab-content elementor-clearfix\" data-tab=\"1\" role=\"tabpanel\" aria-labelledby=\"elementor-tab-title-9541\" tabindex=\"0\" hidden=\"false\"><ul>\n<li>Interface intuitive et conviviale.<\/li>\n<li>Pages simples, affichage clair, grandes touches.<\/li>\n<li>Grand \u00e9cran enti\u00e8rement tactile, vif et \u00e0 fort contraste.<\/li>\n<li>Programmation compl\u00e8te pour une production de masse efficace avec plusieurs coudes.<\/li>\n<li>Coudes simples faciles avec la page EasyBend.<\/li>\n<li>Aide en ligne et fen\u00eatres d&rsquo;avertissement interactives.<\/li>\n<li>Sauvegarde des donn\u00e9es et mise \u00e0 jour des logiciels sans fil \u00e0 l&rsquo;aide d&rsquo;un PC ou d&rsquo;un ordinateur portable.<\/li>\n<li>Une grande vari\u00e9t\u00e9 de langues est disponible.<\/li>\n<\/ul>\n<\/div>\n\t\t\t\t\t\t\t\t\t<div class=\"elementor-tab-title elementor-tab-mobile-title\" aria-selected=\"false\" data-tab=\"2\" role=\"tab\" tabindex=\"-1\" aria-controls=\"elementor-tab-content-9542\" aria-expanded=\"false\">Un meilleur pliage<\/div>\n\t\t\t\t\t<div id=\"elementor-tab-content-9542\" class=\"elementor-tab-content elementor-clearfix\" data-tab=\"2\" role=\"tabpanel\" aria-labelledby=\"elementor-tab-title-9542\" tabindex=\"0\" hidden=\"hidden\"><ul>\n<li>Divers calculs automatiques des fonctions de courbure.<\/li>\n<li>Les s\u00e9quences et les programmes de cintrage peuvent \u00eatre m\u00e9moris\u00e9s.<\/li>\n<li>Gestion de l&rsquo;angle, de la pression et de la couronne.<\/li>\n<li>Mouvement manuel facile.<\/li>\n<li>Logiciel 2D hors ligne disponible.<\/li>\n<\/ul>\n<\/div>\n\t\t\t\t\t\t\t\t\t<div class=\"elementor-tab-title elementor-tab-mobile-title\" aria-selected=\"false\" data-tab=\"3\" role=\"tab\" tabindex=\"-1\" aria-controls=\"elementor-tab-content-9543\" aria-expanded=\"false\">Puissant<\/div>\n\t\t\t\t\t<div id=\"elementor-tab-content-9543\" class=\"elementor-tab-content elementor-clearfix\" data-tab=\"3\" role=\"tabpanel\" aria-labelledby=\"elementor-tab-title-9543\" tabindex=\"0\" hidden=\"hidden\"><ul>\n<li>Contr\u00f4le 3 axes (avec 4\u00e8me axe en option).<\/li>\n<li>Cr\u00e9ation de profils graphiques en 2D avec s\u00e9quen\u00e7age manuel (option).<\/li>\n<li>Calcul de l&rsquo;indemnit\u00e9 de pliage.<\/li>\n<li>Pression &#8211; calcul du couronnement.<\/li>\n<li>Outils modulaires pour chaque pi\u00e8ce ou coude.<\/li>\n<li>Correction de l&rsquo;angle et de l&rsquo;\u00e9cartement.<\/li>\n<li>T\u00e9l\u00e9maintenance par connexion sans fil avec un PC ou un ordinateur portable.<\/li>\n<li>Port USB pour cl\u00e9 USB pour le transfert\/sauvegarde de donn\u00e9es.<\/li>\n<\/ul>\n<\/div>\n\t\t\t\t\t\t\t\t\t<div class=\"elementor-tab-title elementor-tab-mobile-title\" aria-selected=\"false\" data-tab=\"4\" role=\"tab\" tabindex=\"-1\" aria-controls=\"elementor-tab-content-9544\" aria-expanded=\"false\">Avantages pour les clients<\/div>\n\t\t\t\t\t<div id=\"elementor-tab-content-9544\" class=\"elementor-tab-content elementor-clearfix\" data-tab=\"4\" role=\"tabpanel\" aria-labelledby=\"elementor-tab-title-9544\" tabindex=\"0\" hidden=\"hidden\"><ul>\n<li>Ouvert \u00e0 tout op\u00e9rateur gr\u00e2ce \u00e0 la programmation simple et intuitive sur \u00e9cran tactile.<\/li>\n<li>La qualit\u00e9 et la productivit\u00e9 augmentent gr\u00e2ce \u00e0 une gestion fluide et rapide des faisceaux.<\/li>\n<li>Connectivit\u00e9 sans fil pour une communication ais\u00e9e<\/li>\n<\/ul>\n<\/div>\n\t\t\t\t\t\t\t<\/div>\n\t\t<\/div>\n\t\t\t\t\t\t<\/div>\n\t\t\t\t<\/div>\n\t\t\t\t\t<\/div>\n\t\t<\/div>\n\t\t\t\t\t<\/div>\n\t\t<\/section>\n\t\t\t\t<\/div>\n\t\t","protected":false},"excerpt":{"rendered":"<p>CybTouch 8 PS est sp\u00e9cialement con\u00e7u pour les presses plieuses synchronis\u00e9es. Faisant partie de la gamme CybTouch, il est dot\u00e9 d&rsquo;un \u00e9cran tactile couleur intuitif et vivant et d&rsquo;une grande int\u00e9gration de fonctions.Gr\u00e2ce \u00e0 son interface logicielle tactile interactive \u00e0 larges touches, \u00e0 l&rsquo;aide en ligne et \u00e0 de nombreuses autres fonctions automatiques qui guident [&hellip;]<\/p>\n","protected":false},"author":1,"featured_media":0,"parent":0,"menu_order":0,"comment_status":"closed","ping_status":"closed","template":"","meta":{"site-sidebar-layout":"no-sidebar","site-content-layout":"page-builder","ast-site-content-layout":"full-width-container","site-content-style":"default","site-sidebar-style":"default","ast-global-header-display":"","ast-banner-title-visibility":"","ast-main-header-display":"","ast-hfb-above-header-display":"","ast-hfb-below-header-display":"","ast-hfb-mobile-header-display":"","site-post-title":"disabled","ast-breadcrumbs-content":"","ast-featured-img":"disabled","footer-sml-layout":"","ast-disable-related-posts":"","theme-transparent-header-meta":"","adv-header-id-meta":"","stick-header-meta":"","header-above-stick-meta":"","header-main-stick-meta":"","header-below-stick-meta":"","astra-migrate-meta-layouts":"default","ast-page-background-enabled":"default","ast-page-background-meta":{"desktop":{"background-color":"","background-image":"","background-repeat":"repeat","background-position":"center center","background-size":"auto","background-attachment":"scroll","background-type":"","background-media":"","overlay-type":"","overlay-color":"","overlay-opacity":"","overlay-gradient":""},"tablet":{"background-color":"","background-image":"","background-repeat":"repeat","background-position":"center center","background-size":"auto","background-attachment":"scroll","background-type":"","background-media":"","overlay-type":"","overlay-color":"","overlay-opacity":"","overlay-gradient":""},"mobile":{"background-color":"","background-image":"","background-repeat":"repeat","background-position":"center center","background-size":"auto","background-attachment":"scroll","background-type":"","background-media":"","overlay-type":"","overlay-color":"","overlay-opacity":"","overlay-gradient":""}},"ast-content-background-meta":{"desktop":{"background-color":"var(--ast-global-color-5)","background-image":"","background-repeat":"repeat","background-position":"center center","background-size":"auto","background-attachment":"scroll","background-type":"","background-media":"","overlay-type":"","overlay-color":"","overlay-opacity":"","overlay-gradient":""},"tablet":{"background-color":"var(--ast-global-color-5)","background-image":"","background-repeat":"repeat","background-position":"center center","background-size":"auto","background-attachment":"scroll","background-type":"","background-media":"","overlay-type":"","overlay-color":"","overlay-opacity":"","overlay-gradient":""},"mobile":{"background-color":"var(--ast-global-color-5)","background-image":"","background-repeat":"repeat","background-position":"center center","background-size":"auto","background-attachment":"scroll","background-type":"","background-media":"","overlay-type":"","overlay-color":"","overlay-opacity":"","overlay-gradient":""}},"footnotes":""},"class_list":["post-23166","page","type-page","status-publish","hentry"],"aioseo_notices":[],"_links":{"self":[{"href":"https:\/\/cybelec.ch\/fr\/wp-json\/wp\/v2\/pages\/23166","targetHints":{"allow":["GET"]}}],"collection":[{"href":"https:\/\/cybelec.ch\/fr\/wp-json\/wp\/v2\/pages"}],"about":[{"href":"https:\/\/cybelec.ch\/fr\/wp-json\/wp\/v2\/types\/page"}],"author":[{"embeddable":true,"href":"https:\/\/cybelec.ch\/fr\/wp-json\/wp\/v2\/users\/1"}],"replies":[{"embeddable":true,"href":"https:\/\/cybelec.ch\/fr\/wp-json\/wp\/v2\/comments?post=23166"}],"version-history":[{"count":6,"href":"https:\/\/cybelec.ch\/fr\/wp-json\/wp\/v2\/pages\/23166\/revisions"}],"predecessor-version":[{"id":24766,"href":"https:\/\/cybelec.ch\/fr\/wp-json\/wp\/v2\/pages\/23166\/revisions\/24766"}],"wp:attachment":[{"href":"https:\/\/cybelec.ch\/fr\/wp-json\/wp\/v2\/media?parent=23166"}],"curies":[{"name":"wp","href":"https:\/\/api.w.org\/{rel}","templated":true}]}}