{"id":23229,"date":"2024-06-05T09:32:26","date_gmt":"2024-06-05T07:32:26","guid":{"rendered":"https:\/\/cybelec.ch\/cybtouch-12-g\/"},"modified":"2026-02-19T11:02:44","modified_gmt":"2026-02-19T10:02:44","slug":"cybtouch-12-g","status":"publish","type":"page","link":"https:\/\/cybelec.ch\/fr\/cybtouch-12-g\/","title":{"rendered":"CybTouch 12 G"},"content":{"rendered":"\t\t<div data-elementor-type=\"wp-page\" data-elementor-id=\"23229\" class=\"elementor elementor-23229 elementor-22966\" data-elementor-post-type=\"page\">\n\t\t\t\t\t\t<section class=\"elementor-section elementor-top-section elementor-element elementor-element-1bbb6c6 elementor-reverse-mobile elementor-section-boxed elementor-section-height-default elementor-section-height-default\" data-id=\"1bbb6c6\" data-element_type=\"section\" data-e-type=\"section\">\n\t\t\t\t\t\t<div class=\"elementor-container elementor-column-gap-no\">\n\t\t\t\t\t<div class=\"elementor-column elementor-col-50 elementor-top-column elementor-element elementor-element-bf703cd\" data-id=\"bf703cd\" data-element_type=\"column\" data-e-type=\"column\">\n\t\t\t<div class=\"elementor-widget-wrap elementor-element-populated\">\n\t\t\t\t\t\t<div class=\"elementor-element elementor-element-abd8f7d elementor-widget elementor-widget-gallery\" data-id=\"abd8f7d\" data-element_type=\"widget\" data-e-type=\"widget\" data-settings=\"{&quot;columns&quot;:1,&quot;aspect_ratio&quot;:&quot;1:1&quot;,&quot;columns_mobile&quot;:2,&quot;lazyload&quot;:&quot;yes&quot;,&quot;gallery_layout&quot;:&quot;grid&quot;,&quot;columns_tablet&quot;:2,&quot;gap&quot;:{&quot;unit&quot;:&quot;px&quot;,&quot;size&quot;:10,&quot;sizes&quot;:[]},&quot;gap_tablet&quot;:{&quot;unit&quot;:&quot;px&quot;,&quot;size&quot;:10,&quot;sizes&quot;:[]},&quot;gap_mobile&quot;:{&quot;unit&quot;:&quot;px&quot;,&quot;size&quot;:10,&quot;sizes&quot;:[]},&quot;link_to&quot;:&quot;file&quot;,&quot;content_hover_animation&quot;:&quot;fade-in&quot;}\" data-widget_type=\"gallery.default\">\n\t\t\t\t<div class=\"elementor-widget-container\">\n\t\t\t\t\t\t\t<div class=\"elementor-gallery__container\">\n\t\t\t\t\t\t\t<a class=\"e-gallery-item elementor-gallery-item elementor-animated-content\" href=\"https:\/\/cybelec.ch\/wp-content\/uploads\/2021\/03\/CT12G-SD.jpg\" data-elementor-open-lightbox=\"yes\" data-elementor-lightbox-slideshow=\"abd8f7d\" data-e-action-hash=\"#elementor-action%3Aaction%3Dlightbox%26settings%3DeyJpZCI6MTYyMzUsInVybCI6Imh0dHBzOlwvXC9jeWJlbGVjLmNoXC93cC1jb250ZW50XC91cGxvYWRzXC8yMDIxXC8wM1wvQ1QxMkctU0QuanBnIiwic2xpZGVzaG93IjoiYWJkOGY3ZCJ9\">\n\t\t\t\t\t<div class=\"e-gallery-image elementor-gallery-item__image\" data-thumbnail=\"https:\/\/cybelec.ch\/wp-content\/uploads\/2021\/03\/CT12G-SD.jpg\" data-width=\"1197\" data-height=\"1197\" aria-label=\"\" role=\"img\" ><\/div>\n\t\t\t\t\t\t\t\t\t\t\t\t\t\t<\/a>\n\t\t\t\t\t<\/div>\n\t\t\t\t\t<\/div>\n\t\t\t\t<\/div>\n\t\t\t\t\t<\/div>\n\t\t<\/div>\n\t\t\t\t<div class=\"elementor-column elementor-col-50 elementor-top-column elementor-element elementor-element-3a498e5\" data-id=\"3a498e5\" data-element_type=\"column\" data-e-type=\"column\">\n\t\t\t<div class=\"elementor-widget-wrap elementor-element-populated\">\n\t\t\t\t\t\t<div class=\"elementor-element elementor-element-12a069b elementor-widget elementor-widget-heading\" data-id=\"12a069b\" data-element_type=\"widget\" data-e-type=\"widget\" data-widget_type=\"heading.default\">\n\t\t\t\t<div class=\"elementor-widget-container\">\n\t\t\t\t\t<h2 class=\"elementor-heading-title elementor-size-default\">CybTouch 12 G est une commande multi-axes pour les cisailles automatiques de haut niveau.<\/h2>\t\t\t\t<\/div>\n\t\t\t\t<\/div>\n\t\t\t\t<div class=\"elementor-element elementor-element-9938f0f elementor-widget elementor-widget-text-editor\" data-id=\"9938f0f\" data-element_type=\"widget\" data-e-type=\"widget\" data-widget_type=\"text-editor.default\">\n\t\t\t\t<div class=\"elementor-widget-container\">\n\t\t\t\t\t\t\t\t\t<p>Il g\u00e8re jusqu&rsquo;\u00e0 2 axes de jauges arri\u00e8re et 2 axes de jauges avant, ainsi que l&rsquo;angle et la longueur de coupe \u00e0 l&rsquo;aide de potentiom\u00e8tres, de codeurs lin\u00e9aires ou d&rsquo;une minuterie. En outre, le CybTouch 12 G g\u00e8re les supports de feuilles enti\u00e8res, les cycles \u00e0 2 ou 3 positions et de nombreuses autres fonctions de cisaillement telles que la fonction de retour \u00e0 l&rsquo;envoyeur.<\/p>\n<p>Le design \u00e9l\u00e9gant et l&rsquo;interface puissante permettent \u00e0 l&rsquo;op\u00e9rateur d&rsquo;exploiter l&rsquo;ensemble des fonctionnalit\u00e9s du bout des doigts. La programmation num\u00e9rique et la configuration de la d\u00e9coupe d&rsquo;une pi\u00e8ce sur l&rsquo;\u00e9cran tactile deviennent rapides, faciles et efficaces. CybTouch 12 G est \u00e9galement disponible sous la forme d&rsquo;un panneau robuste pr\u00eat \u00e0 \u00eatre int\u00e9gr\u00e9, ou peut \u00eatre livr\u00e9 mont\u00e9 dans un bo\u00eetier \u00e9l\u00e9gant et moderne sp\u00e9cialement con\u00e7u pour \u00eatre fix\u00e9 \u00e0 un bras pivotant.<\/p>\n\t\t\t\t\t\t\t\t<\/div>\n\t\t\t\t<\/div>\n\t\t\t\t<div class=\"elementor-element elementor-element-3fabc36 elementor-widget elementor-widget-heading\" data-id=\"3fabc36\" data-element_type=\"widget\" data-e-type=\"widget\" data-widget_type=\"heading.default\">\n\t\t\t\t<div class=\"elementor-widget-container\">\n\t\t\t\t\t<h2 class=\"elementor-heading-title elementor-size-default\">CybTouchTools<\/h2>\t\t\t\t<\/div>\n\t\t\t\t<\/div>\n\t\t\t\t<div class=\"elementor-element elementor-element-550a83e elementor-widget elementor-widget-text-editor\" data-id=\"550a83e\" data-element_type=\"widget\" data-e-type=\"widget\" data-widget_type=\"text-editor.default\">\n\t\t\t\t<div class=\"elementor-widget-container\">\n\t\t\t\t\t\t\t\t\t<p>Tous les CybTouch sont livr\u00e9s avec CybTouchTools, qui permet de transf\u00e9rer sans fil des donn\u00e9es entre un PC et le CybTouch (n\u00e9cessite la cl\u00e9 USB RFLink en option). Il est utilis\u00e9 pour sauvegarder\/restaurer les param\u00e8tres de la machine, les outils et les pi\u00e8ces, ainsi que pour mettre \u00e0 jour le micrologiciel.<\/p><p style=\"font-size: 15px; font-style: normal; font-weight: 400; margin-block-end: 2px;\"><span style=\"font-weight: 700;\">Nesting Offline Software<\/span><\/p><p style=\"font-size: 15px; font-style: normal; font-weight: 400; margin-block-end: 2px;\"><span data-teams=\"true\" style=\"font-size: 15px;\">Nous fournissons le logiciel de nesting offline LyNest pour toutes les commandes CybTouch destin\u00e9es aux cisailles.<\/span><\/p><p style=\"font-size: 15px; font-style: normal; font-weight: 400; margin-block-end: 2px;\">OFT-LYN&nbsp; &nbsp; &nbsp; &nbsp; &nbsp; &nbsp; &nbsp; &nbsp; &nbsp; &nbsp; &nbsp; &nbsp; &nbsp; &nbsp; Nesting offline software pour cisailles<\/p><p style=\"font-size: 15px; font-style: normal; font-weight: 400; margin-block-end: 2px;\">OFT-LYN\/B&nbsp;&nbsp;&nbsp;&nbsp;&nbsp;&nbsp;&nbsp;&nbsp;&nbsp;&nbsp;&nbsp;&nbsp;&nbsp;&nbsp;&nbsp;&nbsp;&nbsp;&nbsp;&nbsp;&nbsp;&nbsp;&nbsp;&nbsp; Nesting offline software pour cisailles, fourni avec un contr\u00f4leur<\/p>\t\t\t\t\t\t\t\t<\/div>\n\t\t\t\t<\/div>\n\t\t\t\t<section class=\"elementor-section elementor-inner-section elementor-element elementor-element-9d8e2be elementor-section-full_width elementor-section-height-default elementor-section-height-default\" data-id=\"9d8e2be\" data-element_type=\"section\" data-e-type=\"section\">\n\t\t\t\t\t\t<div class=\"elementor-container elementor-column-gap-default\">\n\t\t\t\t\t<div class=\"elementor-column elementor-col-50 elementor-inner-column elementor-element elementor-element-44db6f1\" data-id=\"44db6f1\" data-element_type=\"column\" data-e-type=\"column\">\n\t\t\t<div class=\"elementor-widget-wrap elementor-element-populated\">\n\t\t\t\t\t\t<div class=\"elementor-element elementor-element-0e0deba elementor-align-justify elementor-widget elementor-widget-button\" data-id=\"0e0deba\" data-element_type=\"widget\" data-e-type=\"widget\" data-widget_type=\"button.default\">\n\t\t\t\t<div class=\"elementor-widget-container\">\n\t\t\t\t\t\t\t\t\t<div class=\"elementor-button-wrapper\">\n\t\t\t\t\t<a class=\"elementor-button elementor-button-link elementor-size-sm\" href=\"https:\/\/cybelec.ch\/wp-content\/uploads\/2024\/07\/Flyer_CybTouch12G_V1.2_FR.pdf\" target=\"_blank\">\n\t\t\t\t\t\t<span class=\"elementor-button-content-wrapper\">\n\t\t\t\t\t\t\t\t\t<span class=\"elementor-button-text\">T\u00e9l\u00e9charger le flyer<\/span>\n\t\t\t\t\t<\/span>\n\t\t\t\t\t<\/a>\n\t\t\t\t<\/div>\n\t\t\t\t\t\t\t\t<\/div>\n\t\t\t\t<\/div>\n\t\t\t\t\t<\/div>\n\t\t<\/div>\n\t\t\t\t<div class=\"elementor-column elementor-col-50 elementor-inner-column elementor-element elementor-element-8f6b0b8\" data-id=\"8f6b0b8\" data-element_type=\"column\" data-e-type=\"column\">\n\t\t\t<div class=\"elementor-widget-wrap elementor-element-populated\">\n\t\t\t\t\t\t<div class=\"elementor-element elementor-element-1052052 elementor-align-justify elementor-widget elementor-widget-button\" data-id=\"1052052\" data-element_type=\"widget\" data-e-type=\"widget\" data-widget_type=\"button.default\">\n\t\t\t\t<div class=\"elementor-widget-container\">\n\t\t\t\t\t\t\t\t\t<div class=\"elementor-button-wrapper\">\n\t\t\t\t\t<a class=\"elementor-button elementor-button-link elementor-size-sm\" href=\"https:\/\/cybelec.ch\/wp-content\/uploads\/2021\/02\/Datasheet_CybTouch_12_G_Horizontal_V3.0_EN.pdf\" target=\"_blank\">\n\t\t\t\t\t\t<span class=\"elementor-button-content-wrapper\">\n\t\t\t\t\t\t\t\t\t<span class=\"elementor-button-text\">T\u00e9l\u00e9charger la fiche technique<\/span>\n\t\t\t\t\t<\/span>\n\t\t\t\t\t<\/a>\n\t\t\t\t<\/div>\n\t\t\t\t\t\t\t\t<\/div>\n\t\t\t\t<\/div>\n\t\t\t\t\t<\/div>\n\t\t<\/div>\n\t\t\t\t\t<\/div>\n\t\t<\/section>\n\t\t\t\t\t<\/div>\n\t\t<\/div>\n\t\t\t\t\t<\/div>\n\t\t<\/section>\n\t\t\t\t<section class=\"elementor-section elementor-top-section elementor-element elementor-element-94bfd5f elementor-section-boxed elementor-section-height-default elementor-section-height-default\" data-id=\"94bfd5f\" data-element_type=\"section\" data-e-type=\"section\">\n\t\t\t\t\t\t<div class=\"elementor-container elementor-column-gap-default\">\n\t\t\t\t\t<div class=\"elementor-column elementor-col-100 elementor-top-column elementor-element elementor-element-b3962e4\" data-id=\"b3962e4\" data-element_type=\"column\" data-e-type=\"column\">\n\t\t\t<div class=\"elementor-widget-wrap elementor-element-populated\">\n\t\t\t\t\t\t<div class=\"elementor-element elementor-element-c3966bc elementor-tabs-view-horizontal elementor-widget elementor-widget-tabs\" data-id=\"c3966bc\" data-element_type=\"widget\" data-e-type=\"widget\" data-widget_type=\"tabs.default\">\n\t\t\t\t<div class=\"elementor-widget-container\">\n\t\t\t\t\t\t\t<div class=\"elementor-tabs\">\n\t\t\t<div class=\"elementor-tabs-wrapper\" role=\"tablist\" >\n\t\t\t\t\t\t\t\t\t<div id=\"elementor-tab-title-2051\" class=\"elementor-tab-title elementor-tab-desktop-title\" aria-selected=\"true\" data-tab=\"1\" role=\"tab\" tabindex=\"0\" aria-controls=\"elementor-tab-content-2051\" aria-expanded=\"false\">Facilit\u00e9 d'utilisation<\/div>\n\t\t\t\t\t\t\t\t\t<div id=\"elementor-tab-title-2052\" class=\"elementor-tab-title elementor-tab-desktop-title\" aria-selected=\"false\" data-tab=\"2\" role=\"tab\" tabindex=\"-1\" aria-controls=\"elementor-tab-content-2052\" aria-expanded=\"false\">Une meilleure coupe<\/div>\n\t\t\t\t\t\t\t\t\t<div id=\"elementor-tab-title-2053\" class=\"elementor-tab-title elementor-tab-desktop-title\" aria-selected=\"false\" data-tab=\"3\" role=\"tab\" tabindex=\"-1\" aria-controls=\"elementor-tab-content-2053\" aria-expanded=\"false\">Puissant<\/div>\n\t\t\t\t\t\t\t\t\t<div id=\"elementor-tab-title-2054\" class=\"elementor-tab-title elementor-tab-desktop-title\" aria-selected=\"false\" data-tab=\"4\" role=\"tab\" tabindex=\"-1\" aria-controls=\"elementor-tab-content-2054\" aria-expanded=\"false\">Avantages pour les clients<\/div>\n\t\t\t\t\t\t\t<\/div>\n\t\t\t<div class=\"elementor-tabs-content-wrapper\" role=\"tablist\" aria-orientation=\"vertical\">\n\t\t\t\t\t\t\t\t\t<div class=\"elementor-tab-title elementor-tab-mobile-title\" aria-selected=\"true\" data-tab=\"1\" role=\"tab\" tabindex=\"0\" aria-controls=\"elementor-tab-content-2051\" aria-expanded=\"false\">Facilit\u00e9 d'utilisation<\/div>\n\t\t\t\t\t<div id=\"elementor-tab-content-2051\" class=\"elementor-tab-content elementor-clearfix\" data-tab=\"1\" role=\"tabpanel\" aria-labelledby=\"elementor-tab-title-2051\" tabindex=\"0\" hidden=\"false\"><ul>\n<li>\u00c9cran tactile \u00e0 fort contraste, avec des couleurs vives.<\/li>\n<li>Des pages simples, de grandes touches, un affichage clair avec toutes les informations dont l&rsquo;op\u00e9rateur a besoin.<\/li>\n<li>Interface intuitive et conviviale.<\/li>\n<li>Programmation compl\u00e8te des pi\u00e8ces en quelques secondes.<\/li>\n<li>Installation rapide de la machine gr\u00e2ce \u00e0 la page EasyCut.<\/li>\n<li>Aide contextuelle et fen\u00eatres d&rsquo;avertissement.<\/li>\n<\/ul>\n<\/div>\n\t\t\t\t\t\t\t\t\t<div class=\"elementor-tab-title elementor-tab-mobile-title\" aria-selected=\"false\" data-tab=\"2\" role=\"tab\" tabindex=\"-1\" aria-controls=\"elementor-tab-content-2052\" aria-expanded=\"false\">Une meilleure coupe<\/div>\n\t\t\t\t\t<div id=\"elementor-tab-content-2052\" class=\"elementor-tab-content elementor-clearfix\" data-tab=\"2\" role=\"tabpanel\" aria-labelledby=\"elementor-tab-title-2052\" tabindex=\"0\" hidden=\"hidden\"><ul>\n<li>Calculs automatiques des fonctions de cisaillement en fonction des sp\u00e9cifications des mat\u00e9riaux.<\/li>\n<li>\u00c9cartement automatique des lames.<\/li>\n<li>Angle de coupe automatique.<\/li>\n<li>Longueur de coupe automatique.<\/li>\n<li>Correction automatique de la contre-mesure.<\/li>\n<li>Rabattement automatique de la jauge arri\u00e8re.<\/li>\n<li>Gestion anti-torsion.<\/li>\n<li>2\/3- positionner le support de la feuille.<\/li>\n<li>Fonction de retour \u00e0 l&rsquo;envoyeur (RTS).<\/li>\n<li>Gestion de la jauge \u00e0 l&rsquo;avant ou \u00e0 l&rsquo;arri\u00e8re.<\/li>\n<li>Position de stationnement (fonction escamotable).<\/li>\n<li>Gestion de la pression des retenues.<\/li>\n<li>Gestion de la pression du syst\u00e8me.<\/li>\n<li>Position de la feuille d\u00e9cal\u00e9e, permettant de couper au milieu.<\/li>\n<\/ul>\n<\/div>\n\t\t\t\t\t\t\t\t\t<div class=\"elementor-tab-title elementor-tab-mobile-title\" aria-selected=\"false\" data-tab=\"3\" role=\"tab\" tabindex=\"-1\" aria-controls=\"elementor-tab-content-2053\" aria-expanded=\"false\">Puissant<\/div>\n\t\t\t\t\t<div id=\"elementor-tab-content-2053\" class=\"elementor-tab-content elementor-clearfix\" data-tab=\"3\" role=\"tabpanel\" aria-labelledby=\"elementor-tab-title-2053\" tabindex=\"0\" hidden=\"hidden\"><ul>\n<li>Il est possible de m\u00e9moriser de grandes s\u00e9quences de coupe et des programmes.<\/li>\n<li>Communication ais\u00e9e par connexion sans fil \u00e0 un ordinateur portable.<\/li>\n<li>Plus de 10 langues disponibles.<\/li>\n<\/ul>\n<\/div>\n\t\t\t\t\t\t\t\t\t<div class=\"elementor-tab-title elementor-tab-mobile-title\" aria-selected=\"false\" data-tab=\"4\" role=\"tab\" tabindex=\"-1\" aria-controls=\"elementor-tab-content-2054\" aria-expanded=\"false\">Avantages pour les clients<\/div>\n\t\t\t\t\t<div id=\"elementor-tab-content-2054\" class=\"elementor-tab-content elementor-clearfix\" data-tab=\"4\" role=\"tabpanel\" aria-labelledby=\"elementor-tab-title-2054\" tabindex=\"0\" hidden=\"hidden\"><ul>\n<li class=\"trueicon\">Tr\u00e8s simple d&rsquo;utilisation gr\u00e2ce \u00e0 une programmation intuitive sur \u00e9cran tactile<\/li>\n<li class=\"trueicon\">Am\u00e9lioration de la qualit\u00e9 et de la productivit\u00e9<\/li>\n<li class=\"trueicon\">Des caract\u00e9ristiques puissantes pour un rendement maximal<\/li>\n<\/ul>\n<\/div>\n\t\t\t\t\t\t\t<\/div>\n\t\t<\/div>\n\t\t\t\t\t\t<\/div>\n\t\t\t\t<\/div>\n\t\t\t\t\t<\/div>\n\t\t<\/div>\n\t\t\t\t\t<\/div>\n\t\t<\/section>\n\t\t\t\t<\/div>\n\t\t","protected":false},"excerpt":{"rendered":"<p>CybTouch 12 G est une commande multi-axes pour les cisailles automatiques de haut niveau. Il g\u00e8re jusqu&rsquo;\u00e0 2 axes de jauges arri\u00e8re et 2 axes de jauges avant, ainsi que l&rsquo;angle et la longueur de coupe \u00e0 l&rsquo;aide de potentiom\u00e8tres, de codeurs lin\u00e9aires ou d&rsquo;une minuterie. En outre, le CybTouch 12 G g\u00e8re les supports [&hellip;]<\/p>\n","protected":false},"author":1,"featured_media":0,"parent":0,"menu_order":0,"comment_status":"closed","ping_status":"closed","template":"","meta":{"site-sidebar-layout":"no-sidebar","site-content-layout":"page-builder","ast-site-content-layout":"full-width-container","site-content-style":"default","site-sidebar-style":"default","ast-global-header-display":"","ast-banner-title-visibility":"","ast-main-header-display":"","ast-hfb-above-header-display":"","ast-hfb-below-header-display":"","ast-hfb-mobile-header-display":"","site-post-title":"disabled","ast-breadcrumbs-content":"","ast-featured-img":"disabled","footer-sml-layout":"","ast-disable-related-posts":"","theme-transparent-header-meta":"","adv-header-id-meta":"","stick-header-meta":"","header-above-stick-meta":"","header-main-stick-meta":"","header-below-stick-meta":"","astra-migrate-meta-layouts":"default","ast-page-background-enabled":"default","ast-page-background-meta":{"desktop":{"background-color":"","background-image":"","background-repeat":"repeat","background-position":"center center","background-size":"auto","background-attachment":"scroll","background-type":"","background-media":"","overlay-type":"","overlay-color":"","overlay-opacity":"","overlay-gradient":""},"tablet":{"background-color":"","background-image":"","background-repeat":"repeat","background-position":"center center","background-size":"auto","background-attachment":"scroll","background-type":"","background-media":"","overlay-type":"","overlay-color":"","overlay-opacity":"","overlay-gradient":""},"mobile":{"background-color":"","background-image":"","background-repeat":"repeat","background-position":"center center","background-size":"auto","background-attachment":"scroll","background-type":"","background-media":"","overlay-type":"","overlay-color":"","overlay-opacity":"","overlay-gradient":""}},"ast-content-background-meta":{"desktop":{"background-color":"var(--ast-global-color-5)","background-image":"","background-repeat":"repeat","background-position":"center center","background-size":"auto","background-attachment":"scroll","background-type":"","background-media":"","overlay-type":"","overlay-color":"","overlay-opacity":"","overlay-gradient":""},"tablet":{"background-color":"var(--ast-global-color-5)","background-image":"","background-repeat":"repeat","background-position":"center center","background-size":"auto","background-attachment":"scroll","background-type":"","background-media":"","overlay-type":"","overlay-color":"","overlay-opacity":"","overlay-gradient":""},"mobile":{"background-color":"var(--ast-global-color-5)","background-image":"","background-repeat":"repeat","background-position":"center center","background-size":"auto","background-attachment":"scroll","background-type":"","background-media":"","overlay-type":"","overlay-color":"","overlay-opacity":"","overlay-gradient":""}},"footnotes":""},"class_list":["post-23229","page","type-page","status-publish","hentry"],"aioseo_notices":[],"_links":{"self":[{"href":"https:\/\/cybelec.ch\/fr\/wp-json\/wp\/v2\/pages\/23229","targetHints":{"allow":["GET"]}}],"collection":[{"href":"https:\/\/cybelec.ch\/fr\/wp-json\/wp\/v2\/pages"}],"about":[{"href":"https:\/\/cybelec.ch\/fr\/wp-json\/wp\/v2\/types\/page"}],"author":[{"embeddable":true,"href":"https:\/\/cybelec.ch\/fr\/wp-json\/wp\/v2\/users\/1"}],"replies":[{"embeddable":true,"href":"https:\/\/cybelec.ch\/fr\/wp-json\/wp\/v2\/comments?post=23229"}],"version-history":[{"count":9,"href":"https:\/\/cybelec.ch\/fr\/wp-json\/wp\/v2\/pages\/23229\/revisions"}],"predecessor-version":[{"id":30110,"href":"https:\/\/cybelec.ch\/fr\/wp-json\/wp\/v2\/pages\/23229\/revisions\/30110"}],"wp:attachment":[{"href":"https:\/\/cybelec.ch\/fr\/wp-json\/wp\/v2\/media?parent=23229"}],"curies":[{"name":"wp","href":"https:\/\/api.w.org\/{rel}","templated":true}]}}