{"id":23239,"date":"2024-06-05T08:45:36","date_gmt":"2024-06-05T06:45:36","guid":{"rendered":"https:\/\/cybelec.ch\/cybtouch-12-ps\/"},"modified":"2026-01-22T14:44:29","modified_gmt":"2026-01-22T13:44:29","slug":"cybtouch-12-ps","status":"publish","type":"page","link":"https:\/\/cybelec.ch\/fr\/cybtouch-12-ps\/","title":{"rendered":"CybTouch 12 PS"},"content":{"rendered":"\t\t<div data-elementor-type=\"wp-page\" data-elementor-id=\"23239\" class=\"elementor elementor-23239 elementor-22855\" data-elementor-post-type=\"page\">\n\t\t\t\t\t\t<section class=\"elementor-section elementor-top-section elementor-element elementor-element-85a084d elementor-reverse-mobile elementor-section-boxed elementor-section-height-default elementor-section-height-default\" data-id=\"85a084d\" data-element_type=\"section\" data-e-type=\"section\">\n\t\t\t\t\t\t<div class=\"elementor-container elementor-column-gap-no\">\n\t\t\t\t\t<div class=\"elementor-column elementor-col-50 elementor-top-column elementor-element elementor-element-1d4123d\" data-id=\"1d4123d\" data-element_type=\"column\" data-e-type=\"column\">\n\t\t\t<div class=\"elementor-widget-wrap elementor-element-populated\">\n\t\t\t\t\t\t<div class=\"elementor-element elementor-element-90db904 elementor-widget elementor-widget-gallery\" data-id=\"90db904\" data-element_type=\"widget\" data-e-type=\"widget\" data-settings=\"{&quot;columns&quot;:2,&quot;aspect_ratio&quot;:&quot;1:1&quot;,&quot;columns_mobile&quot;:2,&quot;lazyload&quot;:&quot;yes&quot;,&quot;gallery_layout&quot;:&quot;grid&quot;,&quot;columns_tablet&quot;:2,&quot;gap&quot;:{&quot;unit&quot;:&quot;px&quot;,&quot;size&quot;:10,&quot;sizes&quot;:[]},&quot;gap_tablet&quot;:{&quot;unit&quot;:&quot;px&quot;,&quot;size&quot;:10,&quot;sizes&quot;:[]},&quot;gap_mobile&quot;:{&quot;unit&quot;:&quot;px&quot;,&quot;size&quot;:10,&quot;sizes&quot;:[]},&quot;link_to&quot;:&quot;file&quot;,&quot;content_hover_animation&quot;:&quot;fade-in&quot;}\" data-widget_type=\"gallery.default\">\n\t\t\t\t<div class=\"elementor-widget-container\">\n\t\t\t\t\t\t\t<div class=\"elementor-gallery__container\">\n\t\t\t\t\t\t\t<a class=\"e-gallery-item elementor-gallery-item elementor-animated-content\" href=\"https:\/\/cybelec.ch\/wp-content\/uploads\/2020\/12\/CT12_01.jpg\" data-elementor-open-lightbox=\"yes\" data-elementor-lightbox-slideshow=\"90db904\" data-e-action-hash=\"#elementor-action%3Aaction%3Dlightbox%26settings%3DeyJpZCI6MTU0NDcsInVybCI6Imh0dHBzOlwvXC9jeWJlbGVjLmNoXC93cC1jb250ZW50XC91cGxvYWRzXC8yMDIwXC8xMlwvQ1QxMl8wMS5qcGciLCJzbGlkZXNob3ciOiI5MGRiOTA0In0%3D\">\n\t\t\t\t\t<div class=\"e-gallery-image elementor-gallery-item__image\" data-thumbnail=\"https:\/\/cybelec.ch\/wp-content\/uploads\/2020\/12\/CT12_01.jpg\" data-width=\"1350\" data-height=\"1000\" aria-label=\"\" role=\"img\" ><\/div>\n\t\t\t\t\t\t\t\t\t\t\t\t\t\t<\/a>\n\t\t\t\t\t\t\t<a class=\"e-gallery-item elementor-gallery-item elementor-animated-content\" href=\"https:\/\/cybelec.ch\/wp-content\/uploads\/2020\/12\/CT12-4-1.jpg\" data-elementor-open-lightbox=\"yes\" data-elementor-lightbox-slideshow=\"90db904\" data-e-action-hash=\"#elementor-action%3Aaction%3Dlightbox%26settings%3DeyJpZCI6MTU0MzksInVybCI6Imh0dHBzOlwvXC9jeWJlbGVjLmNoXC93cC1jb250ZW50XC91cGxvYWRzXC8yMDIwXC8xMlwvQ1QxMi00LTEuanBnIiwic2xpZGVzaG93IjoiOTBkYjkwNCJ9\">\n\t\t\t\t\t<div class=\"e-gallery-image elementor-gallery-item__image\" data-thumbnail=\"https:\/\/cybelec.ch\/wp-content\/uploads\/2020\/12\/CT12-4-1.jpg\" data-width=\"178\" data-height=\"178\" aria-label=\"\" role=\"img\" ><\/div>\n\t\t\t\t\t\t\t\t\t\t\t\t\t\t<\/a>\n\t\t\t\t\t\t\t<a class=\"e-gallery-item elementor-gallery-item elementor-animated-content\" href=\"https:\/\/cybelec.ch\/wp-content\/uploads\/2020\/12\/CT12-3-1.jpg\" data-elementor-open-lightbox=\"yes\" data-elementor-lightbox-slideshow=\"90db904\" data-e-action-hash=\"#elementor-action%3Aaction%3Dlightbox%26settings%3DeyJpZCI6MTU0MzUsInVybCI6Imh0dHBzOlwvXC9jeWJlbGVjLmNoXC93cC1jb250ZW50XC91cGxvYWRzXC8yMDIwXC8xMlwvQ1QxMi0zLTEuanBnIiwic2xpZGVzaG93IjoiOTBkYjkwNCJ9\">\n\t\t\t\t\t<div class=\"e-gallery-image elementor-gallery-item__image\" data-thumbnail=\"https:\/\/cybelec.ch\/wp-content\/uploads\/2020\/12\/CT12-3-1.jpg\" data-width=\"178\" data-height=\"178\" aria-label=\"\" role=\"img\" ><\/div>\n\t\t\t\t\t\t\t\t\t\t\t\t\t\t<\/a>\n\t\t\t\t\t\t\t<a class=\"e-gallery-item elementor-gallery-item elementor-animated-content\" href=\"https:\/\/cybelec.ch\/wp-content\/uploads\/2020\/12\/CT12-1.jpg\" data-elementor-open-lightbox=\"yes\" data-elementor-lightbox-slideshow=\"90db904\" data-e-action-hash=\"#elementor-action%3Aaction%3Dlightbox%26settings%3DeyJpZCI6MTU0MjcsInVybCI6Imh0dHBzOlwvXC9jeWJlbGVjLmNoXC93cC1jb250ZW50XC91cGxvYWRzXC8yMDIwXC8xMlwvQ1QxMi0xLmpwZyIsInNsaWRlc2hvdyI6IjkwZGI5MDQifQ%3D%3D\">\n\t\t\t\t\t<div class=\"e-gallery-image elementor-gallery-item__image\" data-thumbnail=\"https:\/\/cybelec.ch\/wp-content\/uploads\/2020\/12\/CT12-1.jpg\" data-width=\"178\" data-height=\"178\" aria-label=\"\" role=\"img\" ><\/div>\n\t\t\t\t\t\t\t\t\t\t\t\t\t\t<\/a>\n\t\t\t\t\t<\/div>\n\t\t\t\t\t<\/div>\n\t\t\t\t<\/div>\n\t\t\t\t\t<\/div>\n\t\t<\/div>\n\t\t\t\t<div class=\"elementor-column elementor-col-50 elementor-top-column elementor-element elementor-element-4b2d1ef\" data-id=\"4b2d1ef\" data-element_type=\"column\" data-e-type=\"column\">\n\t\t\t<div class=\"elementor-widget-wrap elementor-element-populated\">\n\t\t\t\t\t\t<div class=\"elementor-element elementor-element-3a0a31c elementor-widget elementor-widget-heading\" data-id=\"3a0a31c\" data-element_type=\"widget\" data-e-type=\"widget\" data-widget_type=\"heading.default\">\n\t\t\t\t<div class=\"elementor-widget-container\">\n\t\t\t\t\t<h2 class=\"elementor-heading-title elementor-size-default\">CybTouch 12 PS est sp\u00e9cialement con\u00e7u pour les presses plieuses synchronis\u00e9es.<\/h2>\t\t\t\t<\/div>\n\t\t\t\t<\/div>\n\t\t\t\t<div class=\"elementor-element elementor-element-375caf3 elementor-widget elementor-widget-text-editor\" data-id=\"375caf3\" data-element_type=\"widget\" data-e-type=\"widget\" data-widget_type=\"text-editor.default\">\n\t\t\t\t<div class=\"elementor-widget-container\">\n\t\t\t\t\t\t\t\t\tFaisant partie de la gamme CybTouch, il est dot\u00e9 d&rsquo;un \u00e9cran tactile couleur intuitif et vivant et d&rsquo;une grande int\u00e9gration de fonctions.\nAvec son interface logicielle tactile interactive \u00e0 larges touches, son \u00e9cran graphique 2D, son aide en ligne et bien d&rsquo;autres fonctions automatiques qui guident l&rsquo;op\u00e9rateur en permanence,  \nLe CybTouch 12 est tr\u00e8s facile \u00e0 utiliser.  \nLe CybTouch 12 est dot\u00e9 d&rsquo;un bo\u00eetier robuste, moderne et \u00e9pur\u00e9, sp\u00e9cialement con\u00e7u pour \u00eatre mont\u00e9 sur un bras.\t\t\t\t\t\t\t\t<\/div>\n\t\t\t\t<\/div>\n\t\t\t\t<div class=\"elementor-element elementor-element-a212535 elementor-widget elementor-widget-heading\" data-id=\"a212535\" data-element_type=\"widget\" data-e-type=\"widget\" data-widget_type=\"heading.default\">\n\t\t\t\t<div class=\"elementor-widget-container\">\n\t\t\t\t\t<h2 class=\"elementor-heading-title elementor-size-default\">CybTouchTools<\/h2>\t\t\t\t<\/div>\n\t\t\t\t<\/div>\n\t\t\t\t<div class=\"elementor-element elementor-element-223fcf6 elementor-widget elementor-widget-text-editor\" data-id=\"223fcf6\" data-element_type=\"widget\" data-e-type=\"widget\" data-widget_type=\"text-editor.default\">\n\t\t\t\t<div class=\"elementor-widget-container\">\n\t\t\t\t\t\t\t\t\t<p style=\"text-align: left;\">Tous les CybTouch sont livr\u00e9s avec CybTouchTools, qui permet de transf\u00e9rer sans fil des donn\u00e9es entre un PC et le CybTouch (n\u00e9cessite la cl\u00e9 USB RFLink en option). Il est utilis\u00e9 pour sauvegarder\/restaurer les param\u00e8tres de la machine, les outils et les pi\u00e8ces, ainsi que pour mettre \u00e0 jour le micrologiciel.<\/p>\n\t\t\t\t\t\t\t\t<\/div>\n\t\t\t\t<\/div>\n\t\t\t\t<div class=\"elementor-element elementor-element-e3e85cc elementor-widget elementor-widget-heading\" data-id=\"e3e85cc\" data-element_type=\"widget\" data-e-type=\"widget\" data-widget_type=\"heading.default\">\n\t\t\t\t<div class=\"elementor-widget-container\">\n\t\t\t\t\t<h2 class=\"elementor-heading-title elementor-size-default\">Logiciel PC Offline<\/h2>\t\t\t\t<\/div>\n\t\t\t\t<\/div>\n\t\t\t\t<div class=\"elementor-element elementor-element-4a179f1 elementor-widget elementor-widget-text-editor\" data-id=\"4a179f1\" data-element_type=\"widget\" data-e-type=\"widget\" data-widget_type=\"text-editor.default\">\n\t\t\t\t<div class=\"elementor-widget-container\">\n\t\t\t\t\t\t\t\t\t<p>Nous fournissons le m\u00eame logiciel PC universel hors ligne pour toutes les commandes CybTouch et VisiTouch.<br \/>OFT-VST-2&nbsp; &nbsp; &nbsp; &nbsp; &nbsp; &nbsp; &nbsp; &nbsp; Logiciel hors ligne pour PC VisiTouch (2D)<br \/>OFT-VST-MX&nbsp; &nbsp; &nbsp; &nbsp; &nbsp; &nbsp; Logiciel hors ligne pour PC VisiTouch MX (3D)<br \/>OFT-VST-MXIMP&nbsp; &nbsp; &nbsp; Logiciel PC hors ligne VisiTouch MX incluant l&rsquo;importation de DXF\/DWG, IGES, STEP, SAT et X_T<br \/>Les trois logiciels PC hors ligne ci-dessus permettent de transf\u00e9rer des outils et des programmes vers tous les contr\u00f4les CybTouch PS et VisiTouch.<br \/><span style=\"font-size: 15px; font-style: normal; font-weight: 400;\">Le logiciel PC hors ligne VisiTouch offre d\u00e9sormais la possibilit\u00e9 de programmer des pi\u00e8ces pour plusieurs presses plieuses (fonctionnalit\u00e9 multi-machines).<\/span><\/p>\n\t\t\t\t\t\t\t\t<\/div>\n\t\t\t\t<\/div>\n\t\t\t\t<section class=\"elementor-section elementor-inner-section elementor-element elementor-element-2ca4c70 elementor-section-boxed elementor-section-height-default elementor-section-height-default\" data-id=\"2ca4c70\" data-element_type=\"section\" data-e-type=\"section\">\n\t\t\t\t\t\t<div class=\"elementor-container elementor-column-gap-default\">\n\t\t\t\t\t<div class=\"elementor-column elementor-col-50 elementor-inner-column elementor-element elementor-element-699c5c1\" data-id=\"699c5c1\" data-element_type=\"column\" data-e-type=\"column\">\n\t\t\t<div class=\"elementor-widget-wrap elementor-element-populated\">\n\t\t\t\t\t\t<div class=\"elementor-element elementor-element-a4d531c elementor-align-justify elementor-widget elementor-widget-button\" data-id=\"a4d531c\" data-element_type=\"widget\" data-e-type=\"widget\" data-widget_type=\"button.default\">\n\t\t\t\t<div class=\"elementor-widget-container\">\n\t\t\t\t\t\t\t\t\t<div class=\"elementor-button-wrapper\">\n\t\t\t\t\t<a class=\"elementor-button elementor-button-link elementor-size-sm\" href=\"https:\/\/cybelec.ch\/wp-content\/uploads\/2024\/07\/Flyer-CybTouch-12-PS_V2.3_FR.pdf\" target=\"_blank\">\n\t\t\t\t\t\t<span class=\"elementor-button-content-wrapper\">\n\t\t\t\t\t\t\t\t\t<span class=\"elementor-button-text\">T\u00e9l\u00e9charger le flyer<\/span>\n\t\t\t\t\t<\/span>\n\t\t\t\t\t<\/a>\n\t\t\t\t<\/div>\n\t\t\t\t\t\t\t\t<\/div>\n\t\t\t\t<\/div>\n\t\t\t\t\t<\/div>\n\t\t<\/div>\n\t\t\t\t<div class=\"elementor-column elementor-col-50 elementor-inner-column elementor-element elementor-element-ffa3466\" data-id=\"ffa3466\" data-element_type=\"column\" data-e-type=\"column\">\n\t\t\t<div class=\"elementor-widget-wrap elementor-element-populated\">\n\t\t\t\t\t\t<div class=\"elementor-element elementor-element-c773ff3 elementor-align-justify elementor-widget elementor-widget-button\" data-id=\"c773ff3\" data-element_type=\"widget\" data-e-type=\"widget\" data-widget_type=\"button.default\">\n\t\t\t\t<div class=\"elementor-widget-container\">\n\t\t\t\t\t\t\t\t\t<div class=\"elementor-button-wrapper\">\n\t\t\t\t\t<a class=\"elementor-button elementor-button-link elementor-size-sm\" href=\"https:\/\/cybelec.ch\/wp-content\/uploads\/2020\/12\/Datasheet_CybTouch_12_PS_EN_V2.4.pdf\" target=\"_blank\">\n\t\t\t\t\t\t<span class=\"elementor-button-content-wrapper\">\n\t\t\t\t\t\t\t\t\t<span class=\"elementor-button-text\">T\u00e9l\u00e9charger la fiche technique<\/span>\n\t\t\t\t\t<\/span>\n\t\t\t\t\t<\/a>\n\t\t\t\t<\/div>\n\t\t\t\t\t\t\t\t<\/div>\n\t\t\t\t<\/div>\n\t\t\t\t\t<\/div>\n\t\t<\/div>\n\t\t\t\t\t<\/div>\n\t\t<\/section>\n\t\t\t\t\t<\/div>\n\t\t<\/div>\n\t\t\t\t\t<\/div>\n\t\t<\/section>\n\t\t\t\t<section class=\"elementor-section elementor-top-section elementor-element elementor-element-8a3ebe4 elementor-section-boxed elementor-section-height-default elementor-section-height-default\" data-id=\"8a3ebe4\" data-element_type=\"section\" data-e-type=\"section\">\n\t\t\t\t\t\t<div class=\"elementor-container elementor-column-gap-default\">\n\t\t\t\t\t<div class=\"elementor-column elementor-col-100 elementor-top-column elementor-element elementor-element-5cb156f\" data-id=\"5cb156f\" data-element_type=\"column\" data-e-type=\"column\">\n\t\t\t<div class=\"elementor-widget-wrap elementor-element-populated\">\n\t\t\t\t\t\t<div class=\"elementor-element elementor-element-9b8a589 elementor-tabs-view-horizontal elementor-widget elementor-widget-tabs\" data-id=\"9b8a589\" data-element_type=\"widget\" data-e-type=\"widget\" data-widget_type=\"tabs.default\">\n\t\t\t\t<div class=\"elementor-widget-container\">\n\t\t\t\t\t\t\t<div class=\"elementor-tabs\">\n\t\t\t<div class=\"elementor-tabs-wrapper\" role=\"tablist\" >\n\t\t\t\t\t\t\t\t\t<div id=\"elementor-tab-title-1631\" class=\"elementor-tab-title elementor-tab-desktop-title\" aria-selected=\"true\" data-tab=\"1\" role=\"tab\" tabindex=\"0\" aria-controls=\"elementor-tab-content-1631\" aria-expanded=\"false\">Facilit\u00e9 d'utilisation<\/div>\n\t\t\t\t\t\t\t\t\t<div id=\"elementor-tab-title-1632\" class=\"elementor-tab-title elementor-tab-desktop-title\" aria-selected=\"false\" data-tab=\"2\" role=\"tab\" tabindex=\"-1\" aria-controls=\"elementor-tab-content-1632\" aria-expanded=\"false\">Un meilleur pliage<\/div>\n\t\t\t\t\t\t\t\t\t<div id=\"elementor-tab-title-1633\" class=\"elementor-tab-title elementor-tab-desktop-title\" aria-selected=\"false\" data-tab=\"3\" role=\"tab\" tabindex=\"-1\" aria-controls=\"elementor-tab-content-1633\" aria-expanded=\"false\">Puissant<\/div>\n\t\t\t\t\t\t\t\t\t<div id=\"elementor-tab-title-1634\" class=\"elementor-tab-title elementor-tab-desktop-title\" aria-selected=\"false\" data-tab=\"4\" role=\"tab\" tabindex=\"-1\" aria-controls=\"elementor-tab-content-1634\" aria-expanded=\"false\">Avantages pour les clients<\/div>\n\t\t\t\t\t\t\t<\/div>\n\t\t\t<div class=\"elementor-tabs-content-wrapper\" role=\"tablist\" aria-orientation=\"vertical\">\n\t\t\t\t\t\t\t\t\t<div class=\"elementor-tab-title elementor-tab-mobile-title\" aria-selected=\"true\" data-tab=\"1\" role=\"tab\" tabindex=\"0\" aria-controls=\"elementor-tab-content-1631\" aria-expanded=\"false\">Facilit\u00e9 d'utilisation<\/div>\n\t\t\t\t\t<div id=\"elementor-tab-content-1631\" class=\"elementor-tab-content elementor-clearfix\" data-tab=\"1\" role=\"tabpanel\" aria-labelledby=\"elementor-tab-title-1631\" tabindex=\"0\" hidden=\"false\"><ul><li>Grand \u00e9cran enti\u00e8rement tactile, vif et \u00e0 fort contraste.<\/li><li>Pages simples, affichage clair, grandes touches.<\/li><li>Interface intuitive et conviviale.<\/li><li>Programmation compl\u00e8te pour une production de masse efficace avec plusieurs coudes.<\/li><li>Plis simples faciles avec la page EasyBend.<\/li><li>Aide en ligne et fen\u00eatres d&rsquo;avertissement interactives.<\/li><li>Sauvegarde des donn\u00e9es et mise \u00e0 jour des logiciels sans fil \u00e0 l&rsquo;aide d&rsquo;un PC ou d&rsquo;un ordinateur portable.<\/li><li>Une grande vari\u00e9t\u00e9 de langues est disponible.<\/li><\/ul><\/div>\n\t\t\t\t\t\t\t\t\t<div class=\"elementor-tab-title elementor-tab-mobile-title\" aria-selected=\"false\" data-tab=\"2\" role=\"tab\" tabindex=\"-1\" aria-controls=\"elementor-tab-content-1632\" aria-expanded=\"false\">Un meilleur pliage<\/div>\n\t\t\t\t\t<div id=\"elementor-tab-content-1632\" class=\"elementor-tab-content elementor-clearfix\" data-tab=\"2\" role=\"tabpanel\" aria-labelledby=\"elementor-tab-title-1632\" tabindex=\"0\" hidden=\"hidden\"><ul><li>Divers calculs automatiques des fonctions de courbure.<\/li><li>Les s\u00e9quences et les programmes de cintrage peuvent \u00eatre m\u00e9moris\u00e9s.<\/li><li>Gestion de l&rsquo;angle, de la pression et de la couronne.<\/li><li>Mouvement manuel facile.<\/li><li>Logiciel 2D hors ligne disponible.<\/li><\/ul><\/div>\n\t\t\t\t\t\t\t\t\t<div class=\"elementor-tab-title elementor-tab-mobile-title\" aria-selected=\"false\" data-tab=\"3\" role=\"tab\" tabindex=\"-1\" aria-controls=\"elementor-tab-content-1633\" aria-expanded=\"false\">Puissant<\/div>\n\t\t\t\t\t<div id=\"elementor-tab-content-1633\" class=\"elementor-tab-content elementor-clearfix\" data-tab=\"3\" role=\"tabpanel\" aria-labelledby=\"elementor-tab-title-1633\" tabindex=\"0\" hidden=\"hidden\"><ul><li>Contr\u00f4le 4 axes.<\/li><li>S\u00e9quencement automatique des courbes (option).<\/li><li>Calcul de l&rsquo;indemnit\u00e9 de pliage.<\/li><li>Pression &#8211; calcul du couronnement.<\/li><li>Outils modulaires pour chaque pi\u00e8ce ou coude.<\/li><li>Correction de l&rsquo;angle et de l&rsquo;\u00e9cartement.<\/li><li>T\u00e9l\u00e9maintenance par connexion sans fil avec un PC ou un ordinateur portable.<\/li><li>Port USB pour cl\u00e9 USB pour le transfert\/sauvegarde de donn\u00e9es.<\/li><li>\u00a0<\/li><\/ul><\/div>\n\t\t\t\t\t\t\t\t\t<div class=\"elementor-tab-title elementor-tab-mobile-title\" aria-selected=\"false\" data-tab=\"4\" role=\"tab\" tabindex=\"-1\" aria-controls=\"elementor-tab-content-1634\" aria-expanded=\"false\">Avantages pour les clients<\/div>\n\t\t\t\t\t<div id=\"elementor-tab-content-1634\" class=\"elementor-tab-content elementor-clearfix\" data-tab=\"4\" role=\"tabpanel\" aria-labelledby=\"elementor-tab-title-1634\" tabindex=\"0\" hidden=\"hidden\"><ul>\n<li>Ouvert \u00e0 tout op\u00e9rateur gr\u00e2ce \u00e0 la programmation simple et intuitive sur \u00e9cran tactile.<\/li>\n<li>Programmation moderne et efficace des profils de pi\u00e8ces par dessin \u00e0 la main<\/li>\n<li>Solution rapide gr\u00e2ce \u00e0 l&rsquo;affichage graphique en 2D et \u00e0 la s\u00e9quence de pliage automatique<\/li>\n<\/ul><\/div>\n\t\t\t\t\t\t\t<\/div>\n\t\t<\/div>\n\t\t\t\t\t\t<\/div>\n\t\t\t\t<\/div>\n\t\t\t\t\t<\/div>\n\t\t<\/div>\n\t\t\t\t\t<\/div>\n\t\t<\/section>\n\t\t\t\t<\/div>\n\t\t","protected":false},"excerpt":{"rendered":"<p>CybTouch 12 PS est sp\u00e9cialement con\u00e7u pour les presses plieuses synchronis\u00e9es. Faisant partie de la gamme CybTouch, il est dot\u00e9 d&rsquo;un \u00e9cran tactile couleur intuitif et vivant et d&rsquo;une grande int\u00e9gration de fonctions. Avec son interface logicielle tactile interactive \u00e0 larges touches, son \u00e9cran graphique 2D, son aide en ligne et bien d&rsquo;autres fonctions automatiques [&hellip;]<\/p>\n","protected":false},"author":1,"featured_media":0,"parent":0,"menu_order":0,"comment_status":"closed","ping_status":"closed","template":"","meta":{"site-sidebar-layout":"no-sidebar","site-content-layout":"page-builder","ast-site-content-layout":"full-width-container","site-content-style":"default","site-sidebar-style":"default","ast-global-header-display":"","ast-banner-title-visibility":"","ast-main-header-display":"","ast-hfb-above-header-display":"","ast-hfb-below-header-display":"","ast-hfb-mobile-header-display":"","site-post-title":"disabled","ast-breadcrumbs-content":"","ast-featured-img":"disabled","footer-sml-layout":"","ast-disable-related-posts":"","theme-transparent-header-meta":"","adv-header-id-meta":"","stick-header-meta":"","header-above-stick-meta":"","header-main-stick-meta":"","header-below-stick-meta":"","astra-migrate-meta-layouts":"default","ast-page-background-enabled":"default","ast-page-background-meta":{"desktop":{"background-color":"","background-image":"","background-repeat":"repeat","background-position":"center center","background-size":"auto","background-attachment":"scroll","background-type":"","background-media":"","overlay-type":"","overlay-color":"","overlay-opacity":"","overlay-gradient":""},"tablet":{"background-color":"","background-image":"","background-repeat":"repeat","background-position":"center center","background-size":"auto","background-attachment":"scroll","background-type":"","background-media":"","overlay-type":"","overlay-color":"","overlay-opacity":"","overlay-gradient":""},"mobile":{"background-color":"","background-image":"","background-repeat":"repeat","background-position":"center center","background-size":"auto","background-attachment":"scroll","background-type":"","background-media":"","overlay-type":"","overlay-color":"","overlay-opacity":"","overlay-gradient":""}},"ast-content-background-meta":{"desktop":{"background-color":"var(--ast-global-color-5)","background-image":"","background-repeat":"repeat","background-position":"center center","background-size":"auto","background-attachment":"scroll","background-type":"","background-media":"","overlay-type":"","overlay-color":"","overlay-opacity":"","overlay-gradient":""},"tablet":{"background-color":"var(--ast-global-color-5)","background-image":"","background-repeat":"repeat","background-position":"center center","background-size":"auto","background-attachment":"scroll","background-type":"","background-media":"","overlay-type":"","overlay-color":"","overlay-opacity":"","overlay-gradient":""},"mobile":{"background-color":"var(--ast-global-color-5)","background-image":"","background-repeat":"repeat","background-position":"center center","background-size":"auto","background-attachment":"scroll","background-type":"","background-media":"","overlay-type":"","overlay-color":"","overlay-opacity":"","overlay-gradient":""}},"footnotes":""},"class_list":["post-23239","page","type-page","status-publish","hentry"],"aioseo_notices":[],"_links":{"self":[{"href":"https:\/\/cybelec.ch\/fr\/wp-json\/wp\/v2\/pages\/23239","targetHints":{"allow":["GET"]}}],"collection":[{"href":"https:\/\/cybelec.ch\/fr\/wp-json\/wp\/v2\/pages"}],"about":[{"href":"https:\/\/cybelec.ch\/fr\/wp-json\/wp\/v2\/types\/page"}],"author":[{"embeddable":true,"href":"https:\/\/cybelec.ch\/fr\/wp-json\/wp\/v2\/users\/1"}],"replies":[{"embeddable":true,"href":"https:\/\/cybelec.ch\/fr\/wp-json\/wp\/v2\/comments?post=23239"}],"version-history":[{"count":12,"href":"https:\/\/cybelec.ch\/fr\/wp-json\/wp\/v2\/pages\/23239\/revisions"}],"predecessor-version":[{"id":27892,"href":"https:\/\/cybelec.ch\/fr\/wp-json\/wp\/v2\/pages\/23239\/revisions\/27892"}],"wp:attachment":[{"href":"https:\/\/cybelec.ch\/fr\/wp-json\/wp\/v2\/media?parent=23239"}],"curies":[{"name":"wp","href":"https:\/\/api.w.org\/{rel}","templated":true}]}}