{"id":23291,"date":"2024-06-05T09:19:13","date_gmt":"2024-06-05T07:19:13","guid":{"rendered":"https:\/\/cybelec.ch\/visitouch-pcbox\/"},"modified":"2024-11-07T16:22:13","modified_gmt":"2024-11-07T15:22:13","slug":"visitouch-pcbox","status":"publish","type":"page","link":"https:\/\/cybelec.ch\/fr\/visitouch-pcbox\/","title":{"rendered":"VisiTouch PCBox"},"content":{"rendered":"\t\t<div data-elementor-type=\"wp-page\" data-elementor-id=\"23291\" class=\"elementor elementor-23291 elementor-22925\" data-elementor-post-type=\"page\">\n\t\t\t\t\t\t<section class=\"elementor-section elementor-top-section elementor-element elementor-element-efd0359 elementor-reverse-mobile elementor-section-boxed elementor-section-height-default elementor-section-height-default\" data-id=\"efd0359\" data-element_type=\"section\" data-e-type=\"section\">\n\t\t\t\t\t\t<div class=\"elementor-container elementor-column-gap-no\">\n\t\t\t\t\t<div class=\"make-column-clickable-elementor elementor-column elementor-col-50 elementor-top-column elementor-element elementor-element-8e1387d\" style=\"cursor: pointer;\" data-column-clickable=\"https:\/\/cybelec.ch\/product\/machine-tools\/visitouch-pcbox\/\" data-column-clickable-blank=\"_self\" data-id=\"8e1387d\" data-element_type=\"column\" data-e-type=\"column\">\n\t\t\t<div class=\"elementor-widget-wrap elementor-element-populated\">\n\t\t\t\t\t\t<div class=\"elementor-element elementor-element-a5d8ad9 elementor-widget elementor-widget-gallery\" data-id=\"a5d8ad9\" data-element_type=\"widget\" data-e-type=\"widget\" data-settings=\"{&quot;columns&quot;:1,&quot;aspect_ratio&quot;:&quot;9:16&quot;,&quot;columns_mobile&quot;:2,&quot;lazyload&quot;:&quot;yes&quot;,&quot;gallery_layout&quot;:&quot;grid&quot;,&quot;columns_tablet&quot;:2,&quot;gap&quot;:{&quot;unit&quot;:&quot;px&quot;,&quot;size&quot;:10,&quot;sizes&quot;:[]},&quot;gap_tablet&quot;:{&quot;unit&quot;:&quot;px&quot;,&quot;size&quot;:10,&quot;sizes&quot;:[]},&quot;gap_mobile&quot;:{&quot;unit&quot;:&quot;px&quot;,&quot;size&quot;:10,&quot;sizes&quot;:[]},&quot;link_to&quot;:&quot;file&quot;,&quot;content_hover_animation&quot;:&quot;fade-in&quot;}\" data-widget_type=\"gallery.default\">\n\t\t\t\t<div class=\"elementor-widget-container\">\n\t\t\t\t\t\t\t<div class=\"elementor-gallery__container\">\n\t\t\t\t\t\t\t<a class=\"e-gallery-item elementor-gallery-item elementor-animated-content\" href=\"https:\/\/cybelec.ch\/wp-content\/uploads\/2023\/07\/PC-Box8.png\" data-elementor-open-lightbox=\"yes\" data-elementor-lightbox-slideshow=\"a5d8ad9\" data-e-action-hash=\"#elementor-action%3Aaction%3Dlightbox%26settings%3DeyJpZCI6MTc2NjUsInVybCI6Imh0dHBzOlwvXC9jeWJlbGVjLmNoXC93cC1jb250ZW50XC91cGxvYWRzXC8yMDIzXC8wN1wvUEMtQm94OC5wbmciLCJzbGlkZXNob3ciOiJhNWQ4YWQ5In0%3D\">\n\t\t\t\t\t<div class=\"e-gallery-image elementor-gallery-item__image\" data-thumbnail=\"https:\/\/cybelec.ch\/wp-content\/uploads\/2023\/07\/PC-Box8.png\" data-width=\"1941\" data-height=\"2682\" aria-label=\"PC-Box8\" role=\"img\" ><\/div>\n\t\t\t\t\t\t\t\t\t\t\t\t\t\t<\/a>\n\t\t\t\t\t<\/div>\n\t\t\t\t\t<\/div>\n\t\t\t\t<\/div>\n\t\t\t\t\t<\/div>\n\t\t<\/div>\n\t\t\t\t<div class=\"elementor-column elementor-col-50 elementor-top-column elementor-element elementor-element-f589f4d\" data-id=\"f589f4d\" data-element_type=\"column\" data-e-type=\"column\">\n\t\t\t<div class=\"elementor-widget-wrap elementor-element-populated\">\n\t\t\t\t\t\t<div class=\"elementor-element elementor-element-71f1198 elementor-widget elementor-widget-heading\" data-id=\"71f1198\" data-element_type=\"widget\" data-e-type=\"widget\" data-widget_type=\"heading.default\">\n\t\t\t\t<div class=\"elementor-widget-container\">\n\t\t\t\t\t<h2 class=\"elementor-heading-title elementor-size-default\"><span style=\"color: var( --e-global-color-6c9059b );font-size: 16px;font-style: normal;font-weight: 600;letter-spacing: 1.2px\">VisiTouch PC Box est une commande num\u00e9rique exceptionnelle pour les machines-outils avec une nouvelle <\/span><br><span style=\"color: var( --e-global-color-6c9059b );font-size: 16px;font-style: normal;font-weight: 600;letter-spacing: 1.2px\">solution tout-en-un :<\/span><span style=\"color: var( --e-global-color-6c9059b );font-size: 16px;font-style: normal;font-weight: 600;letter-spacing: 1.2px\"><br><\/span>\n\n<\/h2>\t\t\t\t<\/div>\n\t\t\t\t<\/div>\n\t\t\t\t<div class=\"elementor-element elementor-element-1407da4 elementor-widget elementor-widget-text-editor\" data-id=\"1407da4\" data-element_type=\"widget\" data-e-type=\"widget\" data-widget_type=\"text-editor.default\">\n\t\t\t\t<div class=\"elementor-widget-container\">\n\t\t\t\t\t\t\t\t\t<ul>\n<li><span lang=\"EN-US\" style=\"font-size: 11.5pt; font-family: Arial, sans-serif;\">Enti\u00e8rement num\u00e9rique jusqu&rsquo;\u00e0 24 axes<\/span> avec EtherCAT\u00ae et <span style=\"color: var( --e-global-color-secondary );\">CANopen\u00ae<\/span>.<\/li>\n<li><span lang=\"EN-US\" style=\"font-size: 11.5pt; font-family: Arial, sans-serif;\">Assistant optimis\u00e9 pour le contr\u00f4le des mouvements des axes qui permet un positionnement de haute pr\u00e9cision.<\/span><\/li>\n<li><span lang=\"EN-US\" style=\"font-size: 11.5pt; font-family: Arial, sans-serif;\">Processus d&rsquo;usinage multicanaux<\/span><\/li>\n<li><span lang=\"EN-US\" style=\"font-size: 11.5pt; font-family: Arial, sans-serif;\">Processeur puissant capable de g\u00e9rer des op\u00e9rations multit\u00e2ches<\/span><\/li>\n<\/ul>\n<p><span lang=\"EN-US\" style=\"font-size: 11.5pt; font-family: Arial, sans-serif;\">Une architecture unique pour toutes les machines :<\/span><\/p>\n<ul>\n<li>Tournage<\/li>\n<li>Fraisage<\/li>\n<li>Forage<\/li>\n<li>Broyage<\/li>\n<li>Poin\u00e7onnage<\/li>\n<li>D\u00e9coupe au laser<\/li>\n<\/ul>\n<p>Cela peut \u00eatre particuli\u00e8rement utile pour les OEM qui souhaitent utiliser <strong>leur propre \u00e9cran<\/strong> au lieu de l\u2019\u00e9cran CNC VisiTouch.<\/p>\n<p>En plus de toutes les fonctionnalit\u00e9s disponibles pour contr\u00f4ler les machines-outils les plus sophistiqu\u00e9es, VisiTouch PC Box offre \u00e9galement un syst\u00e8me ouvert permettant la personnalisation jusqu&rsquo;aux exigences de gestion de production de l&rsquo;industrie 4.0.<\/p>\n\t\t\t\t\t\t\t\t<\/div>\n\t\t\t\t<\/div>\n\t\t\t\t<section class=\"elementor-section elementor-inner-section elementor-element elementor-element-a09da98 elementor-section-boxed elementor-section-height-default elementor-section-height-default\" data-id=\"a09da98\" data-element_type=\"section\" data-e-type=\"section\">\n\t\t\t\t\t\t<div class=\"elementor-container elementor-column-gap-default\">\n\t\t\t\t\t<div class=\"elementor-column elementor-col-50 elementor-inner-column elementor-element elementor-element-1532154\" data-id=\"1532154\" data-element_type=\"column\" data-e-type=\"column\">\n\t\t\t<div class=\"elementor-widget-wrap elementor-element-populated\">\n\t\t\t\t\t\t<div class=\"elementor-element elementor-element-a145462 elementor-align-justify elementor-widget elementor-widget-button\" data-id=\"a145462\" data-element_type=\"widget\" data-e-type=\"widget\" data-widget_type=\"button.default\">\n\t\t\t\t<div class=\"elementor-widget-container\">\n\t\t\t\t\t\t\t\t\t<div class=\"elementor-button-wrapper\">\n\t\t\t\t\t<a class=\"elementor-button elementor-button-link elementor-size-sm\" href=\"https:\/\/cybelec.ch\/wp-content\/uploads\/2024\/11\/Flyer_PCBox8_V1.1_FR.pdf\" target=\"_blank\">\n\t\t\t\t\t\t<span class=\"elementor-button-content-wrapper\">\n\t\t\t\t\t\t\t\t\t<span class=\"elementor-button-text\">T\u00e9l\u00e9charger le flyer<\/span>\n\t\t\t\t\t<\/span>\n\t\t\t\t\t<\/a>\n\t\t\t\t<\/div>\n\t\t\t\t\t\t\t\t<\/div>\n\t\t\t\t<\/div>\n\t\t\t\t\t<\/div>\n\t\t<\/div>\n\t\t\t\t<div class=\"elementor-column elementor-col-50 elementor-inner-column elementor-element elementor-element-289c233\" data-id=\"289c233\" data-element_type=\"column\" data-e-type=\"column\">\n\t\t\t<div class=\"elementor-widget-wrap elementor-element-populated\">\n\t\t\t\t\t\t<div class=\"elementor-element elementor-element-aeb7924 elementor-align-justify elementor-widget elementor-widget-button\" data-id=\"aeb7924\" data-element_type=\"widget\" data-e-type=\"widget\" data-widget_type=\"button.default\">\n\t\t\t\t<div class=\"elementor-widget-container\">\n\t\t\t\t\t\t\t\t\t<div class=\"elementor-button-wrapper\">\n\t\t\t\t\t<a class=\"elementor-button elementor-button-link elementor-size-sm\" href=\"https:\/\/cybelec.ch\/wp-content\/uploads\/2023\/07\/Datasheet_VisiTouch-PCBox_V1.0_EN.pdf\" target=\"_blank\">\n\t\t\t\t\t\t<span class=\"elementor-button-content-wrapper\">\n\t\t\t\t\t\t\t\t\t<span class=\"elementor-button-text\">t\u00e9l\u00e9charger la fiche technique<\/span>\n\t\t\t\t\t<\/span>\n\t\t\t\t\t<\/a>\n\t\t\t\t<\/div>\n\t\t\t\t\t\t\t\t<\/div>\n\t\t\t\t<\/div>\n\t\t\t\t\t<\/div>\n\t\t<\/div>\n\t\t\t\t\t<\/div>\n\t\t<\/section>\n\t\t\t\t\t<\/div>\n\t\t<\/div>\n\t\t\t\t\t<\/div>\n\t\t<\/section>\n\t\t\t\t<section class=\"elementor-section elementor-top-section elementor-element elementor-element-9da9bac elementor-section-boxed elementor-section-height-default elementor-section-height-default\" data-id=\"9da9bac\" data-element_type=\"section\" data-e-type=\"section\">\n\t\t\t\t\t\t<div class=\"elementor-container elementor-column-gap-default\">\n\t\t\t\t\t<div class=\"elementor-column elementor-col-100 elementor-top-column elementor-element elementor-element-574bdf3\" data-id=\"574bdf3\" data-element_type=\"column\" data-e-type=\"column\">\n\t\t\t<div class=\"elementor-widget-wrap elementor-element-populated\">\n\t\t\t\t\t\t<div class=\"elementor-element elementor-element-f53c0a7 elementor-tabs-view-horizontal elementor-widget elementor-widget-tabs\" data-id=\"f53c0a7\" data-element_type=\"widget\" data-e-type=\"widget\" data-widget_type=\"tabs.default\">\n\t\t\t\t<div class=\"elementor-widget-container\">\n\t\t\t\t\t\t\t<div class=\"elementor-tabs\">\n\t\t\t<div class=\"elementor-tabs-wrapper\" role=\"tablist\" >\n\t\t\t\t\t\t\t\t\t<div id=\"elementor-tab-title-2571\" class=\"elementor-tab-title elementor-tab-desktop-title\" aria-selected=\"true\" data-tab=\"1\" role=\"tab\" tabindex=\"0\" aria-controls=\"elementor-tab-content-2571\" aria-expanded=\"false\">Principales caract\u00e9ristiques<\/div>\n\t\t\t\t\t\t\t\t\t<div id=\"elementor-tab-title-2572\" class=\"elementor-tab-title elementor-tab-desktop-title\" aria-selected=\"false\" data-tab=\"2\" role=\"tab\" tabindex=\"-1\" aria-controls=\"elementor-tab-content-2572\" aria-expanded=\"false\">Machines CNC<\/div>\n\t\t\t\t\t\t\t\t\t<div id=\"elementor-tab-title-2573\" class=\"elementor-tab-title elementor-tab-desktop-title\" aria-selected=\"false\" data-tab=\"3\" role=\"tab\" tabindex=\"-1\" aria-controls=\"elementor-tab-content-2573\" aria-expanded=\"false\">Informations sur les commandes<\/div>\n\t\t\t\t\t\t\t<\/div>\n\t\t\t<div class=\"elementor-tabs-content-wrapper\" role=\"tablist\" aria-orientation=\"vertical\">\n\t\t\t\t\t\t\t\t\t<div class=\"elementor-tab-title elementor-tab-mobile-title\" aria-selected=\"true\" data-tab=\"1\" role=\"tab\" tabindex=\"0\" aria-controls=\"elementor-tab-content-2571\" aria-expanded=\"false\">Principales caract\u00e9ristiques<\/div>\n\t\t\t\t\t<div id=\"elementor-tab-content-2571\" class=\"elementor-tab-content elementor-clearfix\" data-tab=\"1\" role=\"tabpanel\" aria-labelledby=\"elementor-tab-title-2571\" tabindex=\"0\" hidden=\"false\"><p style=\"text-indent: -17.85pt; line-height: normal; mso-list: l0 level1 lfo1; margin: 0cm 0cm 6.0pt 35.7pt;\"><!-- [if !supportLists]--><span lang=\"EN-US\" style=\"font-family: Symbol; mso-fareast-font-family: Symbol; mso-bidi-font-family: Symbol;\">&#8211;<span style=\"font-style: normal; font-variant-numeric: normal; font-variant-east-asian: normal; font-variant-alternates: normal; font-kerning: auto; font-optical-sizing: auto; font-feature-settings: normal; font-variation-settings: normal; font-weight: normal; font-stretch: normal; font-size: 7pt; line-height: normal; font-family: 'Times New Roman';\">         <\/span><\/span><span lang=\"EN-US\">Pr\u00e9cision maximale gr\u00e2ce \u00e0 des algorithmes sophistiqu\u00e9s (d\u00e9velopp\u00e9s sp\u00e9cialement pour la qualit\u00e9 de l&#8217;industrie horlog\u00e8re suisse)<\/span><\/p>\n<p style=\"text-indent: -17.85pt; line-height: normal; mso-list: l0 level1 lfo1; margin: 0cm 0cm 6.0pt 35.7pt;\"><!-- [if !supportLists]--><span lang=\"EN-US\" style=\"font-family: Symbol; mso-fareast-font-family: Symbol; mso-bidi-font-family: Symbol;\">&#8211;<span style=\"font-style: normal; font-variant-numeric: normal; font-variant-east-asian: normal; font-variant-alternates: normal; font-kerning: auto; font-optical-sizing: auto; font-feature-settings: normal; font-variation-settings: normal; font-weight: normal; font-stretch: normal; font-size: 7pt; line-height: normal; font-family: 'Times New Roman';\">         <\/span><\/span><!--[endif]--><span lang=\"EN-US\">Interpolation 5 axes<\/span><\/p>\n<p style=\"text-indent: -17.85pt; line-height: normal; mso-list: l0 level1 lfo1; margin: 0cm 0cm 6.0pt 35.7pt;\"><!-- [if !supportLists]--><span lang=\"EN-US\" style=\"font-family: Symbol; mso-fareast-font-family: Symbol; mso-bidi-font-family: Symbol;\">&#8211;<span style=\"font-style: normal; font-variant-numeric: normal; font-variant-east-asian: normal; font-variant-alternates: normal; font-kerning: auto; font-optical-sizing: auto; font-feature-settings: normal; font-variation-settings: normal; font-weight: normal; font-stretch: normal; font-size: 7pt; line-height: normal; font-family: 'Times New Roman';\">         <\/span><\/span><!--[endif]--><span lang=\"EN-US\">Interop\u00e9rabilit\u00e9 rapide, mouvements optimis\u00e9s.<\/span><\/p>\n<p style=\"text-indent: -17.85pt; line-height: normal; mso-list: l0 level1 lfo1; margin: 0cm 0cm 6.0pt 35.7pt;\"><!-- [if !supportLists]--><span lang=\"EN-US\" style=\"font-family: Symbol; mso-fareast-font-family: Symbol; mso-bidi-font-family: Symbol;\">&#8211;<span style=\"font-style: normal; font-variant-numeric: normal; font-variant-east-asian: normal; font-variant-alternates: normal; font-kerning: auto; font-optical-sizing: auto; font-feature-settings: normal; font-variation-settings: normal; font-weight: normal; font-stretch: normal; font-size: 7pt; line-height: normal; font-family: 'Times New Roman';\">         <\/span><\/span><!--[endif]--><span lang=\"EN-US\">Configuration \u00e0 l&#8217;aide d&#8217;assistants d\u00e9di\u00e9s (auto-tuning).<\/span><\/p>\n<p style=\"text-indent: -17.85pt; line-height: normal; mso-list: l0 level1 lfo1; margin: 0cm 0cm 6.0pt 35.7pt;\"><!-- [if !supportLists]--><span lang=\"EN-US\" style=\"font-family: Symbol; mso-fareast-font-family: Symbol; mso-bidi-font-family: Symbol;\">&#8211;<span style=\"font-style: normal; font-variant-numeric: normal; font-variant-east-asian: normal; font-variant-alternates: normal; font-kerning: auto; font-optical-sizing: auto; font-feature-settings: normal; font-variation-settings: normal; font-weight: normal; font-stretch: normal; font-size: 7pt; line-height: normal; font-family: 'Times New Roman';\">         <\/span><\/span><!--[endif]--><span lang=\"EN-US\">Contr\u00f4le d&#8217;axe par EtherCAT\u00ae avec configuration \u00e9tendue Axis <\/span> <\/p>\n<p style=\"text-indent: -17.85pt; line-height: normal; mso-list: l0 level1 lfo1; margin: 0cm 0cm 6.0pt 35.7pt;\"><!-- [if !supportLists]--><span lang=\"EN-US\" style=\"font-family: Symbol; mso-fareast-font-family: Symbol; mso-bidi-font-family: Symbol;\">&#8211;<span style=\"font-style: normal; font-variant-numeric: normal; font-variant-east-asian: normal; font-variant-alternates: normal; font-kerning: auto; font-optical-sizing: auto; font-feature-settings: normal; font-variation-settings: normal; font-weight: normal; font-stretch: normal; font-size: 7pt; line-height: normal; font-family: 'Times New Roman';\">         <\/span><\/span><!--[endif]--><span lang=\"EN-US\">Calibrage (tableau de correction)<\/span><\/p>\n<p style=\"text-indent: -17.85pt; line-height: normal; mso-list: l1 level1 lfo2; margin: 0cm 0cm 6.0pt 35.7pt;\"><!-- [if !supportLists]--><span lang=\"EN-US\" style=\"font-family: Symbol; mso-fareast-font-family: Symbol; mso-bidi-font-family: Symbol;\">&#8211;<span style=\"font-style: normal; font-variant-numeric: normal; font-variant-east-asian: normal; font-variant-alternates: normal; font-kerning: auto; font-optical-sizing: auto; font-feature-settings: normal; font-variation-settings: normal; font-weight: normal; font-stretch: normal; font-size: 7pt; line-height: normal; font-family: 'Times New Roman';\">         <\/span><\/span><!--[endif]--><span lang=\"EN-US\">Cycles de sondage<\/span><\/p>\n<p style=\"text-indent: -17.85pt; line-height: normal; mso-list: l1 level1 lfo2; margin: 0cm 0cm 6.0pt 35.7pt;\"><span lang=\"EN-US\" style=\"\"><span style=\"font-style: normal; font-variant-numeric: normal; font-variant-east-asian: normal; font-variant-alternates: normal; font-kerning: auto; font-optical-sizing: auto; font-feature-settings: normal; font-variation-settings: normal; font-weight: normal; font-stretch: normal; line-height: normal;\"><font face=\"Symbol\">&#8211;<\/font><\/span><span style=\"font-family: &quot;Times New Roman&quot;; font-style: normal; font-variant-numeric: normal; font-variant-east-asian: normal; font-variant-alternates: normal; font-kerning: auto; font-optical-sizing: auto; font-feature-settings: normal; font-variation-settings: normal; font-weight: normal; font-stretch: normal; font-size: 7pt; line-height: normal;\">&nbsp;<\/span><\/span><!--[endif]--><span lang=\"EN-US\">Gestion de la dur\u00e9e de vie des outils<\/span><\/p>\n<p style=\"text-indent: -17.85pt; line-height: normal; mso-list: l1 level1 lfo2; margin: 0cm 0cm 6.0pt 35.7pt;\"><span lang=\"EN-US\" style=\"font-size: 15px; text-indent: -17.85pt; font-family: Symbol;\">&#8211;<span style=\"font-style: normal; font-variant-numeric: normal; font-variant-east-asian: normal; font-variant-alternates: normal; font-kerning: auto; font-optical-sizing: auto; font-feature-settings: normal; font-variation-settings: normal; font-weight: normal; font-stretch: normal; font-size: 7pt; line-height: normal; font-family: 'Times New Roman';\">         <\/span><\/span><span lang=\"EN-US\" style=\"font-size: 15px; text-indent: -17.85pt;\">Architecture plugin pour mettre en \u0153uvre des fonctionnalit\u00e9s sp\u00e9cifiques, y compris une interface IHM personnalis\u00e9e et des cycles d\u00e9di\u00e9s.<\/span><\/p><\/div>\n\t\t\t\t\t\t\t\t\t<div class=\"elementor-tab-title elementor-tab-mobile-title\" aria-selected=\"false\" data-tab=\"2\" role=\"tab\" tabindex=\"-1\" aria-controls=\"elementor-tab-content-2572\" aria-expanded=\"false\">Machines CNC<\/div>\n\t\t\t\t\t<div id=\"elementor-tab-content-2572\" class=\"elementor-tab-content elementor-clearfix\" data-tab=\"2\" role=\"tabpanel\" aria-labelledby=\"elementor-tab-title-2572\" tabindex=\"0\" hidden=\"hidden\"><ul>\n<li><span lang=\"EN-US\" style=\"font-family: 'Arial',sans-serif; mso-fareast-font-family: 'Zurich BT'; color: #231f20;\">Tournage<\/span><\/li>\n<li><!-- [if !supportLists]--><span lang=\"EN-US\" style=\"font-family: 'Arial',sans-serif; mso-fareast-font-family: 'Zurich BT'; color: #231f20;\">Fraisage<\/span><\/li>\n<li><!-- [if !supportLists]--><span lang=\"EN-US\" style=\"font-family: 'Arial',sans-serif; mso-fareast-font-family: 'Zurich BT'; color: #231f20;\">Forage<\/span><\/li>\n<li><!-- [if !supportLists]--><span lang=\"EN-US\" style=\"font-family: 'Arial',sans-serif; mso-fareast-font-family: 'Zurich BT'; color: #231f20;\">Broyage<\/span><\/li>\n<li><!-- [if !supportLists]--><span lang=\"EN-US\" style=\"font-family: 'Arial',sans-serif; mso-fareast-font-family: 'Zurich BT'; color: #231f20;\">Poin\u00e7onnage<\/span><\/li>\n<li><span lang=\"EN-US\" style=\"font-size: 15px; text-indent: -18pt; font-family: Arial, sans-serif; color: #231f20;\">D\u00e9coupe au laser<\/span><\/li>\n<\/ul>\n<\/div>\n\t\t\t\t\t\t\t\t\t<div class=\"elementor-tab-title elementor-tab-mobile-title\" aria-selected=\"false\" data-tab=\"3\" role=\"tab\" tabindex=\"-1\" aria-controls=\"elementor-tab-content-2573\" aria-expanded=\"false\">Informations sur les commandes<\/div>\n\t\t\t\t\t<div id=\"elementor-tab-content-2573\" class=\"elementor-tab-content elementor-clearfix\" data-tab=\"3\" role=\"tabpanel\" aria-labelledby=\"elementor-tab-title-2573\" tabindex=\"0\" hidden=\"hidden\"><ul>\n<li>Veuillez contacter notre d\u00e9partement des ventes pour plus d&#8217;informations<\/li>\n<\/ul>\n<\/div>\n\t\t\t\t\t\t\t<\/div>\n\t\t<\/div>\n\t\t\t\t\t\t<\/div>\n\t\t\t\t<\/div>\n\t\t\t\t\t<\/div>\n\t\t<\/div>\n\t\t\t\t\t<\/div>\n\t\t<\/section>\n\t\t\t\t<\/div>\n\t\t","protected":false},"excerpt":{"rendered":"<p>VisiTouch PC Box est une commande num\u00e9rique exceptionnelle pour les machines-outils avec une nouvelle solution tout-en-un : Enti\u00e8rement num\u00e9rique jusqu&rsquo;\u00e0 24 axes avec EtherCAT\u00ae et CANopen\u00ae. Assistant optimis\u00e9 pour le contr\u00f4le des mouvements des axes qui permet un positionnement de haute pr\u00e9cision. Processus d&rsquo;usinage multicanaux Processeur puissant capable de g\u00e9rer des op\u00e9rations multit\u00e2ches Une architecture [&hellip;]<\/p>\n","protected":false},"author":1,"featured_media":0,"parent":0,"menu_order":0,"comment_status":"closed","ping_status":"closed","template":"","meta":{"site-sidebar-layout":"no-sidebar","site-content-layout":"page-builder","ast-site-content-layout":"full-width-container","site-content-style":"default","site-sidebar-style":"default","ast-global-header-display":"","ast-banner-title-visibility":"","ast-main-header-display":"","ast-hfb-above-header-display":"","ast-hfb-below-header-display":"","ast-hfb-mobile-header-display":"","site-post-title":"disabled","ast-breadcrumbs-content":"","ast-featured-img":"disabled","footer-sml-layout":"","ast-disable-related-posts":"","theme-transparent-header-meta":"","adv-header-id-meta":"","stick-header-meta":"","header-above-stick-meta":"","header-main-stick-meta":"","header-below-stick-meta":"","astra-migrate-meta-layouts":"default","ast-page-background-enabled":"default","ast-page-background-meta":{"desktop":{"background-color":"","background-image":"","background-repeat":"repeat","background-position":"center center","background-size":"auto","background-attachment":"scroll","background-type":"","background-media":"","overlay-type":"","overlay-color":"","overlay-opacity":"","overlay-gradient":""},"tablet":{"background-color":"","background-image":"","background-repeat":"repeat","background-position":"center center","background-size":"auto","background-attachment":"scroll","background-type":"","background-media":"","overlay-type":"","overlay-color":"","overlay-opacity":"","overlay-gradient":""},"mobile":{"background-color":"","background-image":"","background-repeat":"repeat","background-position":"center center","background-size":"auto","background-attachment":"scroll","background-type":"","background-media":"","overlay-type":"","overlay-color":"","overlay-opacity":"","overlay-gradient":""}},"ast-content-background-meta":{"desktop":{"background-color":"var(--ast-global-color-5)","background-image":"","background-repeat":"repeat","background-position":"center center","background-size":"auto","background-attachment":"scroll","background-type":"","background-media":"","overlay-type":"","overlay-color":"","overlay-opacity":"","overlay-gradient":""},"tablet":{"background-color":"var(--ast-global-color-5)","background-image":"","background-repeat":"repeat","background-position":"center center","background-size":"auto","background-attachment":"scroll","background-type":"","background-media":"","overlay-type":"","overlay-color":"","overlay-opacity":"","overlay-gradient":""},"mobile":{"background-color":"var(--ast-global-color-5)","background-image":"","background-repeat":"repeat","background-position":"center center","background-size":"auto","background-attachment":"scroll","background-type":"","background-media":"","overlay-type":"","overlay-color":"","overlay-opacity":"","overlay-gradient":""}},"footnotes":""},"class_list":["post-23291","page","type-page","status-publish","hentry"],"aioseo_notices":[],"_links":{"self":[{"href":"https:\/\/cybelec.ch\/fr\/wp-json\/wp\/v2\/pages\/23291","targetHints":{"allow":["GET"]}}],"collection":[{"href":"https:\/\/cybelec.ch\/fr\/wp-json\/wp\/v2\/pages"}],"about":[{"href":"https:\/\/cybelec.ch\/fr\/wp-json\/wp\/v2\/types\/page"}],"author":[{"embeddable":true,"href":"https:\/\/cybelec.ch\/fr\/wp-json\/wp\/v2\/users\/1"}],"replies":[{"embeddable":true,"href":"https:\/\/cybelec.ch\/fr\/wp-json\/wp\/v2\/comments?post=23291"}],"version-history":[{"count":12,"href":"https:\/\/cybelec.ch\/fr\/wp-json\/wp\/v2\/pages\/23291\/revisions"}],"predecessor-version":[{"id":24877,"href":"https:\/\/cybelec.ch\/fr\/wp-json\/wp\/v2\/pages\/23291\/revisions\/24877"}],"wp:attachment":[{"href":"https:\/\/cybelec.ch\/fr\/wp-json\/wp\/v2\/media?parent=23291"}],"curies":[{"name":"wp","href":"https:\/\/api.w.org\/{rel}","templated":true}]}}