{"id":23293,"date":"2024-06-05T10:05:01","date_gmt":"2024-06-05T08:05:01","guid":{"rendered":"https:\/\/cybelec.ch\/pc-modeva\/"},"modified":"2024-06-05T11:18:51","modified_gmt":"2024-06-05T09:18:51","slug":"pc-modeva","status":"publish","type":"page","link":"https:\/\/cybelec.ch\/fr\/pc-modeva\/","title":{"rendered":"PC-ModEva"},"content":{"rendered":"\t\t<div data-elementor-type=\"wp-page\" data-elementor-id=\"23293\" class=\"elementor elementor-23293 elementor-23049\" data-elementor-post-type=\"page\">\n\t\t\t\t\t\t<section class=\"elementor-section elementor-top-section elementor-element elementor-element-b53c52e elementor-reverse-mobile elementor-section-boxed elementor-section-height-default elementor-section-height-default\" data-id=\"b53c52e\" data-element_type=\"section\" data-e-type=\"section\">\n\t\t\t\t\t\t<div class=\"elementor-container elementor-column-gap-no\">\n\t\t\t\t\t<div class=\"elementor-column elementor-col-50 elementor-top-column elementor-element elementor-element-325f8e8\" data-id=\"325f8e8\" data-element_type=\"column\" data-e-type=\"column\">\n\t\t\t<div class=\"elementor-widget-wrap elementor-element-populated\">\n\t\t\t\t\t\t<div class=\"elementor-element elementor-element-662ec90 elementor-widget elementor-widget-gallery\" data-id=\"662ec90\" data-element_type=\"widget\" data-e-type=\"widget\" data-settings=\"{&quot;columns&quot;:2,&quot;aspect_ratio&quot;:&quot;16:9&quot;,&quot;columns_mobile&quot;:2,&quot;lazyload&quot;:&quot;yes&quot;,&quot;gallery_layout&quot;:&quot;grid&quot;,&quot;columns_tablet&quot;:2,&quot;gap&quot;:{&quot;unit&quot;:&quot;px&quot;,&quot;size&quot;:10,&quot;sizes&quot;:[]},&quot;gap_tablet&quot;:{&quot;unit&quot;:&quot;px&quot;,&quot;size&quot;:10,&quot;sizes&quot;:[]},&quot;gap_mobile&quot;:{&quot;unit&quot;:&quot;px&quot;,&quot;size&quot;:10,&quot;sizes&quot;:[]},&quot;link_to&quot;:&quot;file&quot;,&quot;content_hover_animation&quot;:&quot;fade-in&quot;}\" data-widget_type=\"gallery.default\">\n\t\t\t\t<div class=\"elementor-widget-container\">\n\t\t\t\t\t\t\t<div class=\"elementor-gallery__container\">\n\t\t\t\t\t\t\t<a class=\"e-gallery-item elementor-gallery-item elementor-animated-content\" href=\"https:\/\/cybelec.ch\/wp-content\/uploads\/2020\/12\/Eva2.jpg\" data-elementor-open-lightbox=\"yes\" data-elementor-lightbox-slideshow=\"662ec90\" data-e-action-hash=\"#elementor-action%3Aaction%3Dlightbox%26settings%3DeyJpZCI6MTI5NDIsInVybCI6Imh0dHBzOlwvXC9jeWJlbGVjLmNoXC93cC1jb250ZW50XC91cGxvYWRzXC8yMDIwXC8xMlwvRXZhMi5qcGciLCJzbGlkZXNob3ciOiI2NjJlYzkwIn0%3D\">\n\t\t\t\t\t<div class=\"e-gallery-image elementor-gallery-item__image\" data-thumbnail=\"https:\/\/cybelec.ch\/wp-content\/uploads\/2020\/12\/Eva2.jpg\" data-width=\"1000\" data-height=\"1000\" aria-label=\"\" role=\"img\" ><\/div>\n\t\t\t\t\t\t\t\t\t\t\t\t\t\t<\/a>\n\t\t\t\t\t\t\t<a class=\"e-gallery-item elementor-gallery-item elementor-animated-content\" href=\"https:\/\/cybelec.ch\/wp-content\/uploads\/2020\/12\/PC-ModEva_07.png\" data-elementor-open-lightbox=\"yes\" data-elementor-lightbox-slideshow=\"662ec90\" data-e-action-hash=\"#elementor-action%3Aaction%3Dlightbox%26settings%3DeyJpZCI6MTE1MzEsInVybCI6Imh0dHBzOlwvXC9jeWJlbGVjLmNoXC93cC1jb250ZW50XC91cGxvYWRzXC8yMDIwXC8xMlwvUEMtTW9kRXZhXzA3LnBuZyIsInNsaWRlc2hvdyI6IjY2MmVjOTAifQ%3D%3D\">\n\t\t\t\t\t<div class=\"e-gallery-image elementor-gallery-item__image\" data-thumbnail=\"https:\/\/cybelec.ch\/wp-content\/uploads\/2020\/12\/PC-ModEva_07.png\" data-width=\"500\" data-height=\"375\" aria-label=\"\" role=\"img\" ><\/div>\n\t\t\t\t\t\t\t\t\t\t\t\t\t\t<\/a>\n\t\t\t\t\t\t\t<a class=\"e-gallery-item elementor-gallery-item elementor-animated-content\" href=\"https:\/\/cybelec.ch\/wp-content\/uploads\/2020\/12\/PC-ModEva_08.png\" data-elementor-open-lightbox=\"yes\" data-elementor-lightbox-slideshow=\"662ec90\" data-e-action-hash=\"#elementor-action%3Aaction%3Dlightbox%26settings%3DeyJpZCI6MTE1MzIsInVybCI6Imh0dHBzOlwvXC9jeWJlbGVjLmNoXC93cC1jb250ZW50XC91cGxvYWRzXC8yMDIwXC8xMlwvUEMtTW9kRXZhXzA4LnBuZyIsInNsaWRlc2hvdyI6IjY2MmVjOTAifQ%3D%3D\">\n\t\t\t\t\t<div class=\"e-gallery-image elementor-gallery-item__image\" data-thumbnail=\"https:\/\/cybelec.ch\/wp-content\/uploads\/2020\/12\/PC-ModEva_08.png\" data-width=\"500\" data-height=\"375\" aria-label=\"\" role=\"img\" ><\/div>\n\t\t\t\t\t\t\t\t\t\t\t\t\t\t<\/a>\n\t\t\t\t\t\t\t<a class=\"e-gallery-item elementor-gallery-item elementor-animated-content\" href=\"https:\/\/cybelec.ch\/wp-content\/uploads\/2020\/12\/PC-ModEva_06.png\" data-elementor-open-lightbox=\"yes\" data-elementor-lightbox-slideshow=\"662ec90\" data-e-action-hash=\"#elementor-action%3Aaction%3Dlightbox%26settings%3DeyJpZCI6MTE1MzAsInVybCI6Imh0dHBzOlwvXC9jeWJlbGVjLmNoXC93cC1jb250ZW50XC91cGxvYWRzXC8yMDIwXC8xMlwvUEMtTW9kRXZhXzA2LnBuZyIsInNsaWRlc2hvdyI6IjY2MmVjOTAifQ%3D%3D\">\n\t\t\t\t\t<div class=\"e-gallery-image elementor-gallery-item__image\" data-thumbnail=\"https:\/\/cybelec.ch\/wp-content\/uploads\/2020\/12\/PC-ModEva_06.png\" data-width=\"500\" data-height=\"375\" aria-label=\"\" role=\"img\" ><\/div>\n\t\t\t\t\t\t\t\t\t\t\t\t\t\t<\/a>\n\t\t\t\t\t\t\t<a class=\"e-gallery-item elementor-gallery-item elementor-animated-content\" href=\"https:\/\/cybelec.ch\/wp-content\/uploads\/2020\/12\/PC-ModEva_05.png\" data-elementor-open-lightbox=\"yes\" data-elementor-lightbox-slideshow=\"662ec90\" data-e-action-hash=\"#elementor-action%3Aaction%3Dlightbox%26settings%3DeyJpZCI6MTE1MjksInVybCI6Imh0dHBzOlwvXC9jeWJlbGVjLmNoXC93cC1jb250ZW50XC91cGxvYWRzXC8yMDIwXC8xMlwvUEMtTW9kRXZhXzA1LnBuZyIsInNsaWRlc2hvdyI6IjY2MmVjOTAifQ%3D%3D\">\n\t\t\t\t\t<div class=\"e-gallery-image elementor-gallery-item__image\" data-thumbnail=\"https:\/\/cybelec.ch\/wp-content\/uploads\/2020\/12\/PC-ModEva_05.png\" data-width=\"500\" data-height=\"375\" aria-label=\"\" role=\"img\" ><\/div>\n\t\t\t\t\t\t\t\t\t\t\t\t\t\t<\/a>\n\t\t\t\t\t\t\t<a class=\"e-gallery-item elementor-gallery-item elementor-animated-content\" href=\"https:\/\/cybelec.ch\/wp-content\/uploads\/2020\/12\/PC-ModEva_04.png\" data-elementor-open-lightbox=\"yes\" data-elementor-lightbox-slideshow=\"662ec90\" data-e-action-hash=\"#elementor-action%3Aaction%3Dlightbox%26settings%3DeyJpZCI6MTE1MjgsInVybCI6Imh0dHBzOlwvXC9jeWJlbGVjLmNoXC93cC1jb250ZW50XC91cGxvYWRzXC8yMDIwXC8xMlwvUEMtTW9kRXZhXzA0LnBuZyIsInNsaWRlc2hvdyI6IjY2MmVjOTAifQ%3D%3D\">\n\t\t\t\t\t<div class=\"e-gallery-image elementor-gallery-item__image\" data-thumbnail=\"https:\/\/cybelec.ch\/wp-content\/uploads\/2020\/12\/PC-ModEva_04.png\" data-width=\"500\" data-height=\"375\" aria-label=\"\" role=\"img\" ><\/div>\n\t\t\t\t\t\t\t\t\t\t\t\t\t\t<\/a>\n\t\t\t\t\t\t\t<a class=\"e-gallery-item elementor-gallery-item elementor-animated-content\" href=\"https:\/\/cybelec.ch\/wp-content\/uploads\/2020\/12\/PC-ModEva_03.png\" data-elementor-open-lightbox=\"yes\" data-elementor-lightbox-slideshow=\"662ec90\" data-e-action-hash=\"#elementor-action%3Aaction%3Dlightbox%26settings%3DeyJpZCI6MTE1MjcsInVybCI6Imh0dHBzOlwvXC9jeWJlbGVjLmNoXC93cC1jb250ZW50XC91cGxvYWRzXC8yMDIwXC8xMlwvUEMtTW9kRXZhXzAzLnBuZyIsInNsaWRlc2hvdyI6IjY2MmVjOTAifQ%3D%3D\">\n\t\t\t\t\t<div class=\"e-gallery-image elementor-gallery-item__image\" data-thumbnail=\"https:\/\/cybelec.ch\/wp-content\/uploads\/2020\/12\/PC-ModEva_03.png\" data-width=\"500\" data-height=\"375\" aria-label=\"\" role=\"img\" ><\/div>\n\t\t\t\t\t\t\t\t\t\t\t\t\t\t<\/a>\n\t\t\t\t\t\t\t<a class=\"e-gallery-item elementor-gallery-item elementor-animated-content\" href=\"https:\/\/cybelec.ch\/wp-content\/uploads\/2020\/12\/PC-ModEva_02.png\" data-elementor-open-lightbox=\"yes\" data-elementor-lightbox-slideshow=\"662ec90\" data-e-action-hash=\"#elementor-action%3Aaction%3Dlightbox%26settings%3DeyJpZCI6MTE1MjYsInVybCI6Imh0dHBzOlwvXC9jeWJlbGVjLmNoXC93cC1jb250ZW50XC91cGxvYWRzXC8yMDIwXC8xMlwvUEMtTW9kRXZhXzAyLnBuZyIsInNsaWRlc2hvdyI6IjY2MmVjOTAifQ%3D%3D\">\n\t\t\t\t\t<div class=\"e-gallery-image elementor-gallery-item__image\" data-thumbnail=\"https:\/\/cybelec.ch\/wp-content\/uploads\/2020\/12\/PC-ModEva_02.png\" data-width=\"500\" data-height=\"375\" aria-label=\"\" role=\"img\" ><\/div>\n\t\t\t\t\t\t\t\t\t\t\t\t\t\t<\/a>\n\t\t\t\t\t\t\t<a class=\"e-gallery-item elementor-gallery-item elementor-animated-content\" href=\"https:\/\/cybelec.ch\/wp-content\/uploads\/2020\/12\/PC-ModEva_01.png\" data-elementor-open-lightbox=\"yes\" data-elementor-lightbox-slideshow=\"662ec90\" data-e-action-hash=\"#elementor-action%3Aaction%3Dlightbox%26settings%3DeyJpZCI6MTE1MjUsInVybCI6Imh0dHBzOlwvXC9jeWJlbGVjLmNoXC93cC1jb250ZW50XC91cGxvYWRzXC8yMDIwXC8xMlwvUEMtTW9kRXZhXzAxLnBuZyIsInNsaWRlc2hvdyI6IjY2MmVjOTAifQ%3D%3D\">\n\t\t\t\t\t<div class=\"e-gallery-image elementor-gallery-item__image\" data-thumbnail=\"https:\/\/cybelec.ch\/wp-content\/uploads\/2020\/12\/PC-ModEva_01.png\" data-width=\"500\" data-height=\"375\" aria-label=\"\" role=\"img\" ><\/div>\n\t\t\t\t\t\t\t\t\t\t\t\t\t\t<\/a>\n\t\t\t\t\t<\/div>\n\t\t\t\t\t<\/div>\n\t\t\t\t<\/div>\n\t\t\t\t\t<\/div>\n\t\t<\/div>\n\t\t\t\t<div class=\"elementor-column elementor-col-50 elementor-top-column elementor-element elementor-element-69205ee\" data-id=\"69205ee\" data-element_type=\"column\" data-e-type=\"column\">\n\t\t\t<div class=\"elementor-widget-wrap elementor-element-populated\">\n\t\t\t\t\t\t<div class=\"elementor-element elementor-element-82680c4 elementor-widget elementor-widget-heading\" data-id=\"82680c4\" data-element_type=\"widget\" data-e-type=\"widget\" data-widget_type=\"heading.default\">\n\t\t\t\t<div class=\"elementor-widget-container\">\n\t\t\t\t\t<h2 class=\"elementor-heading-title elementor-size-default\">PC-ModEva est un logiciel de cintrage 2D ou 3D pour votre PC.<\/h2>\t\t\t\t<\/div>\n\t\t\t\t<\/div>\n\t\t\t\t<div class=\"elementor-element elementor-element-2aa016c elementor-widget elementor-widget-text-editor\" data-id=\"2aa016c\" data-element_type=\"widget\" data-e-type=\"widget\" data-widget_type=\"text-editor.default\">\n\t\t\t\t<div class=\"elementor-widget-container\">\n\t\t\t\t\t\t\t\t\tIl aide l&rsquo;utilisateur \u00e0 trouver une s\u00e9quence de pliage, calcule automatiquement la position des axes et d\u00e9tecte les \u00e9ventuelles collisions.\nPC-ModEva est tr\u00e8s utile dans l&rsquo;organisation de l&rsquo;atelier ; il permet de calculer les prix et de v\u00e9rifier la faisabilit\u00e9 des pi\u00e8ces avant leur production.\nLe logiciel PC-ModEva est le m\u00eame logiciel IHM que sur ModEva Pac et ModEva 15T, mais il fonctionne sur votre ordinateur, offrant ainsi une m\u00e9thode de programmation unifi\u00e9e.  \nLes donn\u00e9es sont totalement compatibles et peuvent \u00eatre transf\u00e9r\u00e9es entre les commandes num\u00e9riques et l&rsquo;ordinateur \u00e0 l&rsquo;aide d&rsquo;un p\u00e9riph\u00e9rique USB ou d&rsquo;un c\u00e2ble s\u00e9rie RS232.\n\n\t\t\t\t\t\t\t\t<\/div>\n\t\t\t\t<\/div>\n\t\t\t\t<section class=\"elementor-section elementor-inner-section elementor-element elementor-element-4a4a0bc elementor-section-boxed elementor-section-height-default elementor-section-height-default\" data-id=\"4a4a0bc\" data-element_type=\"section\" data-e-type=\"section\">\n\t\t\t\t\t\t<div class=\"elementor-container elementor-column-gap-default\">\n\t\t\t\t\t<div class=\"elementor-column elementor-col-50 elementor-inner-column elementor-element elementor-element-da17fb7\" data-id=\"da17fb7\" data-element_type=\"column\" data-e-type=\"column\">\n\t\t\t<div class=\"elementor-widget-wrap elementor-element-populated\">\n\t\t\t\t\t\t<div class=\"elementor-element elementor-element-fa61fed elementor-widget elementor-widget-text-editor\" data-id=\"fa61fed\" data-element_type=\"widget\" data-e-type=\"widget\" data-widget_type=\"text-editor.default\">\n\t\t\t\t<div class=\"elementor-widget-container\">\n\t\t\t\t\t\t\t\t\t<p><strong><span lang=\"en-US\">Tout ce dont vous avez besoin sur une seule page :<\/span><\/strong><\/p>\n<ul>\n<li>L&rsquo;op\u00e9rateur a un acc\u00e8s direct \u00e0 toutes les donn\u00e9es n\u00e9cessaires \u00e0 la cr\u00e9ation d&rsquo;une pi\u00e8ce sur une seule page.<\/li>\n<li>Il n&rsquo;est pas n\u00e9cessaire de s\u00e9lectionner un menu ou une page.<\/li>\n<\/ul>\n<p class=\"western\"><strong><span lang=\"en-US\">Programmation simple :<\/span><\/strong><\/p>\n<ul>\n<li>Simple, logique et visuel.<\/li>\n<li>L&rsquo;op\u00e9rateur dispose d&rsquo;un retour d&rsquo;information direct sur la programmation.<\/li>\n<\/ul>\n<p class=\"western\"><strong><span lang=\"en-US\">Informations pour chaque pi\u00e8ce :<\/span><\/strong><\/p>\n<ul>\n<li>Chaque fois que l&rsquo;op\u00e9rateur charge le programme de pi\u00e8ces correspondant, les informations jointes, qu&rsquo;elles soient textuelles ou graphiques, sont affich\u00e9es dans une fen\u00eatre contextuelle. Il n&rsquo;y a plus de doutes ni d&rsquo;erreurs possibles.<\/li>\n<\/ul>\n\t\t\t\t\t\t\t\t<\/div>\n\t\t\t\t<\/div>\n\t\t\t\t\t<\/div>\n\t\t<\/div>\n\t\t\t\t<div class=\"elementor-column elementor-col-50 elementor-inner-column elementor-element elementor-element-a8c3131\" data-id=\"a8c3131\" data-element_type=\"column\" data-e-type=\"column\">\n\t\t\t<div class=\"elementor-widget-wrap elementor-element-populated\">\n\t\t\t\t\t\t<div class=\"elementor-element elementor-element-9045c98 elementor-widget elementor-widget-text-editor\" data-id=\"9045c98\" data-element_type=\"widget\" data-e-type=\"widget\" data-widget_type=\"text-editor.default\">\n\t\t\t\t<div class=\"elementor-widget-container\">\n\t\t\t\t\t\t\t\t\t<p class=\"western\"><strong><span lang=\"en-US\">Pi\u00e8ces param\u00e9triques :<\/span><\/strong><\/p>\n<ul>\n<li>Si la production est compos\u00e9e de pi\u00e8ces similaires et r\u00e9p\u00e9titives ne comportant que de faibles changements de dimensions, la fonction \u00ab\u00a0pi\u00e8ces param\u00e9triques\u00a0\u00bb de Cybelec est d&rsquo;une grande utilit\u00e9.<\/li>\n<li>Avec cette fonction, seules les dimensions r\u00e9glables sont affich\u00e9es.<\/li>\n<li>L&rsquo;op\u00e9rateur n&rsquo;effectue des modifications que dans les limites des donn\u00e9es \u00e0 modifier.<\/li>\n<li>Un seul champ peut modifier plusieurs valeurs \u00e0 la fois.<\/li>\n<\/ul>\n<p class=\"western\" lang=\"fr-CH\"><strong><span lang=\"en-US\">Avez-vous besoin d&rsquo;une calculatrice ?<\/span><\/strong><\/p>\n<ul>\n<li>Toutes les commandes num\u00e9riques ModEva vous permettent d&rsquo;utiliser une calculatrice standard ou scientifique \u00e0 partir de Windows par une simple action sur un code de touches.<\/li>\n<\/ul>\n<p class=\"western\"><strong><span lang=\"en-US\">Avez-vous perdu une pi\u00e8ce ?<\/span><\/strong><\/p>\n<ul>\n<li>La petite liste graphique des pi\u00e8ces vous aidera \u00e0 les trouver facilement !<\/li>\n<\/ul>\n\t\t\t\t\t\t\t\t<\/div>\n\t\t\t\t<\/div>\n\t\t\t\t\t<\/div>\n\t\t<\/div>\n\t\t\t\t\t<\/div>\n\t\t<\/section>\n\t\t\t\t\t<\/div>\n\t\t<\/div>\n\t\t\t\t\t<\/div>\n\t\t<\/section>\n\t\t\t\t<section class=\"elementor-section elementor-top-section elementor-element elementor-element-27fe61a elementor-section-boxed elementor-section-height-default elementor-section-height-default\" data-id=\"27fe61a\" data-element_type=\"section\" data-e-type=\"section\">\n\t\t\t\t\t\t<div class=\"elementor-container elementor-column-gap-default\">\n\t\t\t\t\t<div class=\"elementor-column elementor-col-100 elementor-top-column elementor-element elementor-element-c8bc3b1\" data-id=\"c8bc3b1\" data-element_type=\"column\" data-e-type=\"column\">\n\t\t\t<div class=\"elementor-widget-wrap elementor-element-populated\">\n\t\t\t\t\t\t<div class=\"elementor-element elementor-element-39b88ba elementor-tabs-view-horizontal elementor-widget elementor-widget-tabs\" data-id=\"39b88ba\" data-element_type=\"widget\" data-e-type=\"widget\" data-widget_type=\"tabs.default\">\n\t\t\t\t<div class=\"elementor-widget-container\">\n\t\t\t\t\t\t\t<div class=\"elementor-tabs\">\n\t\t\t<div class=\"elementor-tabs-wrapper\" role=\"tablist\" >\n\t\t\t\t\t\t\t\t\t<div id=\"elementor-tab-title-6051\" class=\"elementor-tab-title elementor-tab-desktop-title\" aria-selected=\"true\" data-tab=\"1\" role=\"tab\" tabindex=\"0\" aria-controls=\"elementor-tab-content-6051\" aria-expanded=\"false\">Facilit\u00e9 d'utilisation<\/div>\n\t\t\t\t\t\t\t\t\t<div id=\"elementor-tab-title-6052\" class=\"elementor-tab-title elementor-tab-desktop-title\" aria-selected=\"false\" data-tab=\"2\" role=\"tab\" tabindex=\"-1\" aria-controls=\"elementor-tab-content-6052\" aria-expanded=\"false\">Un meilleur pliage<\/div>\n\t\t\t\t\t\t\t\t\t<div id=\"elementor-tab-title-6053\" class=\"elementor-tab-title elementor-tab-desktop-title\" aria-selected=\"false\" data-tab=\"3\" role=\"tab\" tabindex=\"-1\" aria-controls=\"elementor-tab-content-6053\" aria-expanded=\"false\">Puissant<\/div>\n\t\t\t\t\t\t\t\t\t<div id=\"elementor-tab-title-6054\" class=\"elementor-tab-title elementor-tab-desktop-title\" aria-selected=\"false\" data-tab=\"4\" role=\"tab\" tabindex=\"-1\" aria-controls=\"elementor-tab-content-6054\" aria-expanded=\"false\">Logiciel de l'offre group\u00e9e<\/div>\n\t\t\t\t\t\t\t\t\t<div id=\"elementor-tab-title-6055\" class=\"elementor-tab-title elementor-tab-desktop-title\" aria-selected=\"false\" data-tab=\"5\" role=\"tab\" tabindex=\"-1\" aria-controls=\"elementor-tab-content-6055\" aria-expanded=\"false\">Avantages pour les clients<\/div>\n\t\t\t\t\t\t\t<\/div>\n\t\t\t<div class=\"elementor-tabs-content-wrapper\" role=\"tablist\" aria-orientation=\"vertical\">\n\t\t\t\t\t\t\t\t\t<div class=\"elementor-tab-title elementor-tab-mobile-title\" aria-selected=\"true\" data-tab=\"1\" role=\"tab\" tabindex=\"0\" aria-controls=\"elementor-tab-content-6051\" aria-expanded=\"false\">Facilit\u00e9 d'utilisation<\/div>\n\t\t\t\t\t<div id=\"elementor-tab-content-6051\" class=\"elementor-tab-content elementor-clearfix\" data-tab=\"1\" role=\"tabpanel\" aria-labelledby=\"elementor-tab-title-6051\" tabindex=\"0\" hidden=\"false\"><ul>\n<li>Tout ce dont vous avez besoin sur une seule page.<\/li>\n<li>Il n&rsquo;est pas n\u00e9cessaire de s\u00e9lectionner un menu ou une page.<\/li>\n<li>Saisie rapide des donn\u00e9es.<\/li>\n<\/ul>\n<\/div>\n\t\t\t\t\t\t\t\t\t<div class=\"elementor-tab-title elementor-tab-mobile-title\" aria-selected=\"false\" data-tab=\"2\" role=\"tab\" tabindex=\"-1\" aria-controls=\"elementor-tab-content-6052\" aria-expanded=\"false\">Un meilleur pliage<\/div>\n\t\t\t\t\t<div id=\"elementor-tab-content-6052\" class=\"elementor-tab-content elementor-clearfix\" data-tab=\"2\" role=\"tabpanel\" aria-labelledby=\"elementor-tab-title-6052\" tabindex=\"0\" hidden=\"hidden\"><ul>\n<li>Pr\u00e9paration des travaux au bureau pour un gain de temps.<\/li>\n<li>Tester les pi\u00e8ces export\u00e9es en CAO avant la production.<\/li>\n<\/ul>\n<\/div>\n\t\t\t\t\t\t\t\t\t<div class=\"elementor-tab-title elementor-tab-mobile-title\" aria-selected=\"false\" data-tab=\"3\" role=\"tab\" tabindex=\"-1\" aria-controls=\"elementor-tab-content-6053\" aria-expanded=\"false\">Puissant<\/div>\n\t\t\t\t\t<div id=\"elementor-tab-content-6053\" class=\"elementor-tab-content elementor-clearfix\" data-tab=\"3\" role=\"tabpanel\" aria-labelledby=\"elementor-tab-title-6053\" tabindex=\"0\" hidden=\"hidden\"><ul>\n<li>Calcul rapide de la solution.<\/li>\n<li>Utilis\u00e9 pour les \u00e9tudes de faisabilit\u00e9 et les devis.<\/li>\n<\/ul>\n<\/div>\n\t\t\t\t\t\t\t\t\t<div class=\"elementor-tab-title elementor-tab-mobile-title\" aria-selected=\"false\" data-tab=\"4\" role=\"tab\" tabindex=\"-1\" aria-controls=\"elementor-tab-content-6054\" aria-expanded=\"false\">Logiciel de l'offre group\u00e9e<\/div>\n\t\t\t\t\t<div id=\"elementor-tab-content-6054\" class=\"elementor-tab-content elementor-clearfix\" data-tab=\"4\" role=\"tabpanel\" aria-labelledby=\"elementor-tab-title-6054\" tabindex=\"0\" hidden=\"hidden\"><p class=\"western\"><span lang=\"en-US\">PC-ModEva 2D est livr\u00e9 avec les produits suivants :<\/span><\/p>\n<ul>\n<li>CybTouch 8<\/li>\n<li>CybTouch 12<\/li>\n<li>ModEva Pac<\/li>\n<li>ModEva 15T<\/li>\n<\/ul>\n<\/div>\n\t\t\t\t\t\t\t\t\t<div class=\"elementor-tab-title elementor-tab-mobile-title\" aria-selected=\"false\" data-tab=\"5\" role=\"tab\" tabindex=\"-1\" aria-controls=\"elementor-tab-content-6055\" aria-expanded=\"false\">Avantages pour les clients<\/div>\n\t\t\t\t\t<div id=\"elementor-tab-content-6055\" class=\"elementor-tab-content elementor-clearfix\" data-tab=\"5\" role=\"tabpanel\" aria-labelledby=\"elementor-tab-title-6055\" tabindex=\"0\" hidden=\"hidden\"><ul>\n<li class=\"trueicon\">M\u00eame interface utilisateur que la commande num\u00e9rique<\/li>\n<li class=\"trueicon\">Compatible avec toutes les commandes num\u00e9riques Cybelec<\/li>\n<li class=\"trueicon\">Augmentation de la productivit\u00e9<\/li>\n<\/ul>\n<\/div>\n\t\t\t\t\t\t\t<\/div>\n\t\t<\/div>\n\t\t\t\t\t\t<\/div>\n\t\t\t\t<\/div>\n\t\t\t\t\t<\/div>\n\t\t<\/div>\n\t\t\t\t\t<\/div>\n\t\t<\/section>\n\t\t\t\t<\/div>\n\t\t","protected":false},"excerpt":{"rendered":"<p>PC-ModEva est un logiciel de cintrage 2D ou 3D pour votre PC. Il aide l&rsquo;utilisateur \u00e0 trouver une s\u00e9quence de pliage, calcule automatiquement la position des axes et d\u00e9tecte les \u00e9ventuelles collisions. PC-ModEva est tr\u00e8s utile dans l&rsquo;organisation de l&rsquo;atelier ; il permet de calculer les prix et de v\u00e9rifier la faisabilit\u00e9 des pi\u00e8ces avant [&hellip;]<\/p>\n","protected":false},"author":1,"featured_media":0,"parent":0,"menu_order":0,"comment_status":"closed","ping_status":"closed","template":"","meta":{"site-sidebar-layout":"no-sidebar","site-content-layout":"page-builder","ast-site-content-layout":"full-width-container","site-content-style":"default","site-sidebar-style":"default","ast-global-header-display":"","ast-banner-title-visibility":"","ast-main-header-display":"","ast-hfb-above-header-display":"","ast-hfb-below-header-display":"","ast-hfb-mobile-header-display":"","site-post-title":"disabled","ast-breadcrumbs-content":"","ast-featured-img":"disabled","footer-sml-layout":"","ast-disable-related-posts":"","theme-transparent-header-meta":"","adv-header-id-meta":"","stick-header-meta":"","header-above-stick-meta":"","header-main-stick-meta":"","header-below-stick-meta":"","astra-migrate-meta-layouts":"default","ast-page-background-enabled":"default","ast-page-background-meta":{"desktop":{"background-color":"","background-image":"","background-repeat":"repeat","background-position":"center center","background-size":"auto","background-attachment":"scroll","background-type":"","background-media":"","overlay-type":"","overlay-color":"","overlay-opacity":"","overlay-gradient":""},"tablet":{"background-color":"","background-image":"","background-repeat":"repeat","background-position":"center center","background-size":"auto","background-attachment":"scroll","background-type":"","background-media":"","overlay-type":"","overlay-color":"","overlay-opacity":"","overlay-gradient":""},"mobile":{"background-color":"","background-image":"","background-repeat":"repeat","background-position":"center center","background-size":"auto","background-attachment":"scroll","background-type":"","background-media":"","overlay-type":"","overlay-color":"","overlay-opacity":"","overlay-gradient":""}},"ast-content-background-meta":{"desktop":{"background-color":"var(--ast-global-color-5)","background-image":"","background-repeat":"repeat","background-position":"center center","background-size":"auto","background-attachment":"scroll","background-type":"","background-media":"","overlay-type":"","overlay-color":"","overlay-opacity":"","overlay-gradient":""},"tablet":{"background-color":"var(--ast-global-color-5)","background-image":"","background-repeat":"repeat","background-position":"center center","background-size":"auto","background-attachment":"scroll","background-type":"","background-media":"","overlay-type":"","overlay-color":"","overlay-opacity":"","overlay-gradient":""},"mobile":{"background-color":"var(--ast-global-color-5)","background-image":"","background-repeat":"repeat","background-position":"center center","background-size":"auto","background-attachment":"scroll","background-type":"","background-media":"","overlay-type":"","overlay-color":"","overlay-opacity":"","overlay-gradient":""}},"footnotes":""},"class_list":["post-23293","page","type-page","status-publish","hentry"],"aioseo_notices":[],"_links":{"self":[{"href":"https:\/\/cybelec.ch\/fr\/wp-json\/wp\/v2\/pages\/23293","targetHints":{"allow":["GET"]}}],"collection":[{"href":"https:\/\/cybelec.ch\/fr\/wp-json\/wp\/v2\/pages"}],"about":[{"href":"https:\/\/cybelec.ch\/fr\/wp-json\/wp\/v2\/types\/page"}],"author":[{"embeddable":true,"href":"https:\/\/cybelec.ch\/fr\/wp-json\/wp\/v2\/users\/1"}],"replies":[{"embeddable":true,"href":"https:\/\/cybelec.ch\/fr\/wp-json\/wp\/v2\/comments?post=23293"}],"version-history":[{"count":0,"href":"https:\/\/cybelec.ch\/fr\/wp-json\/wp\/v2\/pages\/23293\/revisions"}],"wp:attachment":[{"href":"https:\/\/cybelec.ch\/fr\/wp-json\/wp\/v2\/media?parent=23293"}],"curies":[{"name":"wp","href":"https:\/\/api.w.org\/{rel}","templated":true}]}}