{"id":23375,"date":"2024-06-05T09:43:35","date_gmt":"2024-06-05T07:43:35","guid":{"rendered":"https:\/\/cybelec.ch\/visitouch-mx-offline\/"},"modified":"2024-06-05T11:32:15","modified_gmt":"2024-06-05T09:32:15","slug":"visitouch-mx-offline","status":"publish","type":"page","link":"https:\/\/cybelec.ch\/fr\/visitouch-mx-offline\/","title":{"rendered":"VisiTouch MX Offline"},"content":{"rendered":"\t\t<div data-elementor-type=\"wp-page\" data-elementor-id=\"23375\" class=\"elementor elementor-23375 elementor-22998\" data-elementor-post-type=\"page\">\n\t\t\t\t\t\t<section class=\"elementor-section elementor-top-section elementor-element elementor-element-a414831 elementor-reverse-mobile elementor-section-boxed elementor-section-height-default elementor-section-height-default\" data-id=\"a414831\" data-element_type=\"section\" data-e-type=\"section\">\n\t\t\t\t\t\t<div class=\"elementor-container elementor-column-gap-no\">\n\t\t\t\t\t<div class=\"elementor-column elementor-col-50 elementor-top-column elementor-element elementor-element-eeaf933\" data-id=\"eeaf933\" data-element_type=\"column\" data-e-type=\"column\">\n\t\t\t<div class=\"elementor-widget-wrap elementor-element-populated\">\n\t\t\t\t\t\t<div class=\"elementor-element elementor-element-5e28f47 elementor-widget elementor-widget-gallery\" data-id=\"5e28f47\" data-element_type=\"widget\" data-e-type=\"widget\" data-settings=\"{&quot;columns&quot;:2,&quot;aspect_ratio&quot;:&quot;16:9&quot;,&quot;columns_mobile&quot;:2,&quot;lazyload&quot;:&quot;yes&quot;,&quot;gallery_layout&quot;:&quot;grid&quot;,&quot;columns_tablet&quot;:2,&quot;gap&quot;:{&quot;unit&quot;:&quot;px&quot;,&quot;size&quot;:10,&quot;sizes&quot;:[]},&quot;gap_tablet&quot;:{&quot;unit&quot;:&quot;px&quot;,&quot;size&quot;:10,&quot;sizes&quot;:[]},&quot;gap_mobile&quot;:{&quot;unit&quot;:&quot;px&quot;,&quot;size&quot;:10,&quot;sizes&quot;:[]},&quot;link_to&quot;:&quot;file&quot;,&quot;content_hover_animation&quot;:&quot;fade-in&quot;}\" data-widget_type=\"gallery.default\">\n\t\t\t\t<div class=\"elementor-widget-container\">\n\t\t\t\t\t\t\t<div class=\"elementor-gallery__container\">\n\t\t\t\t\t\t\t<a class=\"e-gallery-item elementor-gallery-item elementor-animated-content\" href=\"https:\/\/cybelec.ch\/wp-content\/uploads\/2020\/12\/Offline.jpg\" data-elementor-open-lightbox=\"yes\" data-elementor-lightbox-slideshow=\"5e28f47\" data-e-action-hash=\"#elementor-action%3Aaction%3Dlightbox%26settings%3DeyJpZCI6MTI2NDMsInVybCI6Imh0dHBzOlwvXC9jeWJlbGVjLmNoXC93cC1jb250ZW50XC91cGxvYWRzXC8yMDIwXC8xMlwvT2ZmbGluZS5qcGciLCJzbGlkZXNob3ciOiI1ZTI4ZjQ3In0%3D\">\n\t\t\t\t\t<div class=\"e-gallery-image elementor-gallery-item__image\" data-thumbnail=\"https:\/\/cybelec.ch\/wp-content\/uploads\/2020\/12\/Offline.jpg\" data-width=\"823\" data-height=\"600\" aria-label=\"\" role=\"img\" ><\/div>\n\t\t\t\t\t\t\t\t\t\t\t\t\t\t<\/a>\n\t\t\t\t\t\t\t<a class=\"e-gallery-item elementor-gallery-item elementor-animated-content\" href=\"https:\/\/cybelec.ch\/wp-content\/uploads\/2020\/12\/Screenshot-16.11.2018-14_11_03.png\" data-elementor-open-lightbox=\"yes\" data-elementor-lightbox-slideshow=\"5e28f47\" data-e-action-hash=\"#elementor-action%3Aaction%3Dlightbox%26settings%3DeyJpZCI6MTE1MTQsInVybCI6Imh0dHBzOlwvXC9jeWJlbGVjLmNoXC93cC1jb250ZW50XC91cGxvYWRzXC8yMDIwXC8xMlwvU2NyZWVuc2hvdC0xNi4xMS4yMDE4LTE0XzExXzAzLnBuZyIsInNsaWRlc2hvdyI6IjVlMjhmNDcifQ%3D%3D\">\n\t\t\t\t\t<div class=\"e-gallery-image elementor-gallery-item__image\" data-thumbnail=\"https:\/\/cybelec.ch\/wp-content\/uploads\/2020\/12\/Screenshot-16.11.2018-14_11_03.png\" data-width=\"683\" data-height=\"384\" aria-label=\"\" role=\"img\" ><\/div>\n\t\t\t\t\t\t\t\t\t\t\t\t\t\t<\/a>\n\t\t\t\t\t\t\t<a class=\"e-gallery-item elementor-gallery-item elementor-animated-content\" href=\"https:\/\/cybelec.ch\/wp-content\/uploads\/2020\/12\/Screenshot-16.11.2018-14_01_02.png\" data-elementor-open-lightbox=\"yes\" data-elementor-lightbox-slideshow=\"5e28f47\" data-e-action-hash=\"#elementor-action%3Aaction%3Dlightbox%26settings%3DeyJpZCI6MTE1MTMsInVybCI6Imh0dHBzOlwvXC9jeWJlbGVjLmNoXC93cC1jb250ZW50XC91cGxvYWRzXC8yMDIwXC8xMlwvU2NyZWVuc2hvdC0xNi4xMS4yMDE4LTE0XzAxXzAyLnBuZyIsInNsaWRlc2hvdyI6IjVlMjhmNDcifQ%3D%3D\">\n\t\t\t\t\t<div class=\"e-gallery-image elementor-gallery-item__image\" data-thumbnail=\"https:\/\/cybelec.ch\/wp-content\/uploads\/2020\/12\/Screenshot-16.11.2018-14_01_02.png\" data-width=\"683\" data-height=\"384\" aria-label=\"\" role=\"img\" ><\/div>\n\t\t\t\t\t\t\t\t\t\t\t\t\t\t<\/a>\n\t\t\t\t\t\t\t<a class=\"e-gallery-item elementor-gallery-item elementor-animated-content\" href=\"https:\/\/cybelec.ch\/wp-content\/uploads\/2020\/12\/Screenshot-16.11.2018-14_00_00.png\" data-elementor-open-lightbox=\"yes\" data-elementor-lightbox-slideshow=\"5e28f47\" data-e-action-hash=\"#elementor-action%3Aaction%3Dlightbox%26settings%3DeyJpZCI6MTE1MTIsInVybCI6Imh0dHBzOlwvXC9jeWJlbGVjLmNoXC93cC1jb250ZW50XC91cGxvYWRzXC8yMDIwXC8xMlwvU2NyZWVuc2hvdC0xNi4xMS4yMDE4LTE0XzAwXzAwLnBuZyIsInNsaWRlc2hvdyI6IjVlMjhmNDcifQ%3D%3D\">\n\t\t\t\t\t<div class=\"e-gallery-image elementor-gallery-item__image\" data-thumbnail=\"https:\/\/cybelec.ch\/wp-content\/uploads\/2020\/12\/Screenshot-16.11.2018-14_00_00.png\" data-width=\"683\" data-height=\"384\" aria-label=\"\" role=\"img\" ><\/div>\n\t\t\t\t\t\t\t\t\t\t\t\t\t\t<\/a>\n\t\t\t\t\t\t\t<a class=\"e-gallery-item elementor-gallery-item elementor-animated-content\" href=\"https:\/\/cybelec.ch\/wp-content\/uploads\/2020\/12\/Screenshot-16.11.2018-12_14_05.png\" data-elementor-open-lightbox=\"yes\" data-elementor-lightbox-slideshow=\"5e28f47\" data-e-action-hash=\"#elementor-action%3Aaction%3Dlightbox%26settings%3DeyJpZCI6MTE1MTEsInVybCI6Imh0dHBzOlwvXC9jeWJlbGVjLmNoXC93cC1jb250ZW50XC91cGxvYWRzXC8yMDIwXC8xMlwvU2NyZWVuc2hvdC0xNi4xMS4yMDE4LTEyXzE0XzA1LnBuZyIsInNsaWRlc2hvdyI6IjVlMjhmNDcifQ%3D%3D\">\n\t\t\t\t\t<div class=\"e-gallery-image elementor-gallery-item__image\" data-thumbnail=\"https:\/\/cybelec.ch\/wp-content\/uploads\/2020\/12\/Screenshot-16.11.2018-12_14_05.png\" data-width=\"683\" data-height=\"384\" aria-label=\"\" role=\"img\" ><\/div>\n\t\t\t\t\t\t\t\t\t\t\t\t\t\t<\/a>\n\t\t\t\t\t\t\t<a class=\"e-gallery-item elementor-gallery-item elementor-animated-content\" href=\"https:\/\/cybelec.ch\/wp-content\/uploads\/2020\/12\/MX2.png\" data-elementor-open-lightbox=\"yes\" data-elementor-lightbox-slideshow=\"5e28f47\" data-e-action-hash=\"#elementor-action%3Aaction%3Dlightbox%26settings%3DeyJpZCI6MTE1MTAsInVybCI6Imh0dHBzOlwvXC9jeWJlbGVjLmNoXC93cC1jb250ZW50XC91cGxvYWRzXC8yMDIwXC8xMlwvTVgyLnBuZyIsInNsaWRlc2hvdyI6IjVlMjhmNDcifQ%3D%3D\">\n\t\t\t\t\t<div class=\"e-gallery-image elementor-gallery-item__image\" data-thumbnail=\"https:\/\/cybelec.ch\/wp-content\/uploads\/2020\/12\/MX2.png\" data-width=\"683\" data-height=\"384\" aria-label=\"\" role=\"img\" ><\/div>\n\t\t\t\t\t\t\t\t\t\t\t\t\t\t<\/a>\n\t\t\t\t\t<\/div>\n\t\t\t\t\t<\/div>\n\t\t\t\t<\/div>\n\t\t\t\t\t<\/div>\n\t\t<\/div>\n\t\t\t\t<div class=\"elementor-column elementor-col-50 elementor-top-column elementor-element elementor-element-7e69eab\" data-id=\"7e69eab\" data-element_type=\"column\" data-e-type=\"column\">\n\t\t\t<div class=\"elementor-widget-wrap elementor-element-populated\">\n\t\t\t\t\t\t<div class=\"elementor-element elementor-element-ed5bb31 elementor-widget elementor-widget-text-editor\" data-id=\"ed5bb31\" data-element_type=\"widget\" data-e-type=\"widget\" data-widget_type=\"text-editor.default\">\n\t\t\t\t<div class=\"elementor-widget-container\">\n\t\t\t\t\t\t\t\t\t<p>Le logiciel hors ligne VisiTouch MX permet d&rsquo;importer et de d\u00e9plier des fichiers 3D de mani\u00e8re rapide, facile et efficace, de trouver automatiquement des solutions pour l&rsquo;outillage et les s\u00e9quences de pliage et de simuler dynamiquement en 3D pour v\u00e9rifier les collisions.<\/p>\n<p><span style=\"font-size: 15px; font-style: normal; font-weight: 400;\">Le logiciel PC hors ligne VisiTouch MX, qui comprend l&rsquo;importation de DXF\/DWG, IGES, STEP, SAT et X_T, permet de transf\u00e9rer des outils et des programmes vers tous les CybTouch et toutes les commandes VisiTouch.<\/span><\/p>\t\t\t\t\t\t\t\t<\/div>\n\t\t\t\t<\/div>\n\t\t\t\t\t<\/div>\n\t\t<\/div>\n\t\t\t\t\t<\/div>\n\t\t<\/section>\n\t\t\t\t<section class=\"elementor-section elementor-top-section elementor-element elementor-element-59f7ebf elementor-section-boxed elementor-section-height-default elementor-section-height-default\" data-id=\"59f7ebf\" data-element_type=\"section\" data-e-type=\"section\">\n\t\t\t\t\t\t<div class=\"elementor-container elementor-column-gap-default\">\n\t\t\t\t\t<div class=\"elementor-column elementor-col-100 elementor-top-column elementor-element elementor-element-733d9ec\" data-id=\"733d9ec\" data-element_type=\"column\" data-e-type=\"column\">\n\t\t\t<div class=\"elementor-widget-wrap elementor-element-populated\">\n\t\t\t\t\t\t<div class=\"elementor-element elementor-element-8629b55 elementor-tabs-view-horizontal elementor-widget elementor-widget-tabs\" data-id=\"8629b55\" data-element_type=\"widget\" data-e-type=\"widget\" data-widget_type=\"tabs.default\">\n\t\t\t\t<div class=\"elementor-widget-container\">\n\t\t\t\t\t\t\t<div class=\"elementor-tabs\">\n\t\t\t<div class=\"elementor-tabs-wrapper\" role=\"tablist\" >\n\t\t\t\t\t\t\t\t\t<div id=\"elementor-tab-title-1401\" class=\"elementor-tab-title elementor-tab-desktop-title\" aria-selected=\"true\" data-tab=\"1\" role=\"tab\" tabindex=\"0\" aria-controls=\"elementor-tab-content-1401\" aria-expanded=\"false\">Avantages pour les clients<\/div>\n\t\t\t\t\t\t\t\t\t<div id=\"elementor-tab-title-1402\" class=\"elementor-tab-title elementor-tab-desktop-title\" aria-selected=\"false\" data-tab=\"2\" role=\"tab\" tabindex=\"-1\" aria-controls=\"elementor-tab-content-1402\" aria-expanded=\"false\">Caract\u00e9ristiques principales<\/div>\n\t\t\t\t\t\t\t\t\t<div id=\"elementor-tab-title-1403\" class=\"elementor-tab-title elementor-tab-desktop-title\" aria-selected=\"false\" data-tab=\"3\" role=\"tab\" tabindex=\"-1\" aria-controls=\"elementor-tab-content-1403\" aria-expanded=\"false\">Options<\/div>\n\t\t\t\t\t\t\t\t\t<div id=\"elementor-tab-title-1404\" class=\"elementor-tab-title elementor-tab-desktop-title\" aria-selected=\"false\" data-tab=\"4\" role=\"tab\" tabindex=\"-1\" aria-controls=\"elementor-tab-content-1404\" aria-expanded=\"false\">Informations sur les commandes<\/div>\n\t\t\t\t\t\t\t<\/div>\n\t\t\t<div class=\"elementor-tabs-content-wrapper\" role=\"tablist\" aria-orientation=\"vertical\">\n\t\t\t\t\t\t\t\t\t<div class=\"elementor-tab-title elementor-tab-mobile-title\" aria-selected=\"true\" data-tab=\"1\" role=\"tab\" tabindex=\"0\" aria-controls=\"elementor-tab-content-1401\" aria-expanded=\"false\">Avantages pour les clients<\/div>\n\t\t\t\t\t<div id=\"elementor-tab-content-1401\" class=\"elementor-tab-content elementor-clearfix\" data-tab=\"1\" role=\"tabpanel\" aria-labelledby=\"elementor-tab-title-1401\" tabindex=\"0\" hidden=\"false\"><ul>\n<li class=\"trueicon\">\n<p class=\"trueicon\">Am\u00e9liore votre productivit\u00e9 gr\u00e2ce \u00e0 des d\u00e9lais plus courts entre la conception et la production.<\/p>\n<\/li>\n<li class=\"trueicon\">\n<p class=\"trueicon\">La programmation hors ligne signifie un temps d&rsquo;arr\u00eat minimal de la machine avec la m\u00eame IHM intuitive que celle de la commande num\u00e9rique.<\/p>\n<\/li>\n<li class=\"trueicon\">\n<p class=\"trueicon\">Les s\u00e9quences de pliage sans collision permettent de r\u00e9duire les pertes de stock.<\/p>\n<\/li>\n<\/ul>\n<\/div>\n\t\t\t\t\t\t\t\t\t<div class=\"elementor-tab-title elementor-tab-mobile-title\" aria-selected=\"false\" data-tab=\"2\" role=\"tab\" tabindex=\"-1\" aria-controls=\"elementor-tab-content-1402\" aria-expanded=\"false\">Caract\u00e9ristiques principales<\/div>\n\t\t\t\t\t<div id=\"elementor-tab-content-1402\" class=\"elementor-tab-content elementor-clearfix\" data-tab=\"2\" role=\"tabpanel\" aria-labelledby=\"elementor-tab-title-1402\" tabindex=\"0\" hidden=\"hidden\"><ul>\n<li>IHM conviviale, similaire \u00e0 celle du CybTouch, gr\u00e2ce \u00e0 une programmation intuitive.<\/li>\n<li>Importation et d\u00e9pliage de pi\u00e8ces 3D aux formats IGES, STEP, SAT et X_T (Parasolid).<\/li>\n<li>S\u00e9lection automatique et manuelle des outils. Large gamme d&rsquo;outils disponibles.<\/li>\n<li>S\u00e9quencement automatique et manuel des courbes avec d\u00e9tection des collisions.<\/li>\n<li>Positionnement automatique et manuel avec contr\u00f4le graphique de tous les axes.<\/li>\n<li>Calcul automatique de la r\u00e9traction.<\/li>\n<li>Simulation 3D du processus de pliage avec d\u00e9tection des collisions.<\/li>\n<li>Optimise l&rsquo;organisation de l&rsquo;atelier (calcul du temps de production et v\u00e9rification de la faisabilit\u00e9 des pi\u00e8ces).<\/li>\n<li>Outil efficace pour la formation et la d\u00e9monstration des op\u00e9rateurs.<\/li>\n<li>Convertisseur vers la plateforme CybTouch<\/li>\n<li> <\/li>\n<\/ul>\n<\/div>\n\t\t\t\t\t\t\t\t\t<div class=\"elementor-tab-title elementor-tab-mobile-title\" aria-selected=\"false\" data-tab=\"3\" role=\"tab\" tabindex=\"-1\" aria-controls=\"elementor-tab-content-1403\" aria-expanded=\"false\">Options<\/div>\n\t\t\t\t\t<div id=\"elementor-tab-content-1403\" class=\"elementor-tab-content elementor-clearfix\" data-tab=\"3\" role=\"tabpanel\" aria-labelledby=\"elementor-tab-title-1403\" tabindex=\"0\" hidden=\"hidden\"><table>\n<tbody>\n<tr>\n<td>\n  <span lang=\"en-US\"><br \/>\n    <strong>OFT-IMP<\/strong><br \/>\n  <\/span>\n<\/td>\n<td>\n  <span lang=\"en-US\">Licence d&rsquo;importation pour les formats DXF plat et 3D (IGES, STEP, SAT, X_T parasolid)<\/span>\n<\/td>\n<\/tr>\n<\/tbody>\n<\/table>\n<\/div>\n\t\t\t\t\t\t\t\t\t<div class=\"elementor-tab-title elementor-tab-mobile-title\" aria-selected=\"false\" data-tab=\"4\" role=\"tab\" tabindex=\"-1\" aria-controls=\"elementor-tab-content-1404\" aria-expanded=\"false\">Informations sur les commandes<\/div>\n\t\t\t\t\t<div id=\"elementor-tab-content-1404\" class=\"elementor-tab-content elementor-clearfix\" data-tab=\"4\" role=\"tabpanel\" aria-labelledby=\"elementor-tab-title-1404\" tabindex=\"0\" hidden=\"hidden\"><table style=\"height: 33px;\" width=\"473\">\n<tbody>\n<tr>\n<td>\n  <span lang=\"en-US\"><br \/>\n    <strong>OFT-VST-MX<\/strong><br \/>\n  <\/span>\n<\/td>\n<td>\n  <span lang=\"en-US\">Licence de logiciel hors ligne, VisiTouch MX (3D)<\/span>\n<\/td>\n<\/tr>\n<tr>\n<td>\n  <span lang=\"en-US\"><br \/>\n    <strong>OFT-VST-MXIMP<\/strong><br \/>\n  <\/span>\n<\/td>\n<td>\n  <span lang=\"en-US\">Licence de logiciel hors ligne, VisiTouch MX (3D) avec fonction d&rsquo;importation de fichiers<\/span>\n<\/td>\n<\/tr>\n<tr>\n<td>\n  <span lang=\"en-US\"><br \/>\n    <strong>OFT-IMP<\/strong><br \/>\n  <\/span>\n<\/td>\n<td>\n  <span lang=\"en-US\">Licence d&rsquo;importation MX, DXF\/DWG, IGES, STEP, SAT, X_T<br \/><\/span>\n<\/td>\n<\/tr>\n<\/tbody>\n<\/table>\n<\/div>\n\t\t\t\t\t\t\t<\/div>\n\t\t<\/div>\n\t\t\t\t\t\t<\/div>\n\t\t\t\t<\/div>\n\t\t\t\t\t<\/div>\n\t\t<\/div>\n\t\t\t\t\t<\/div>\n\t\t<\/section>\n\t\t\t\t<\/div>\n\t\t","protected":false},"excerpt":{"rendered":"<p>Le logiciel hors ligne VisiTouch MX permet d&rsquo;importer et de d\u00e9plier des fichiers 3D de mani\u00e8re rapide, facile et efficace, de trouver automatiquement des solutions pour l&rsquo;outillage et les s\u00e9quences de pliage et de simuler dynamiquement en 3D pour v\u00e9rifier les collisions. Le logiciel PC hors ligne VisiTouch MX, qui comprend l&rsquo;importation de DXF\/DWG, IGES, [&hellip;]<\/p>\n","protected":false},"author":1,"featured_media":0,"parent":0,"menu_order":0,"comment_status":"closed","ping_status":"closed","template":"","meta":{"site-sidebar-layout":"no-sidebar","site-content-layout":"page-builder","ast-site-content-layout":"full-width-container","site-content-style":"default","site-sidebar-style":"default","ast-global-header-display":"","ast-banner-title-visibility":"","ast-main-header-display":"","ast-hfb-above-header-display":"","ast-hfb-below-header-display":"","ast-hfb-mobile-header-display":"","site-post-title":"disabled","ast-breadcrumbs-content":"","ast-featured-img":"disabled","footer-sml-layout":"","ast-disable-related-posts":"","theme-transparent-header-meta":"","adv-header-id-meta":"","stick-header-meta":"","header-above-stick-meta":"","header-main-stick-meta":"","header-below-stick-meta":"","astra-migrate-meta-layouts":"default","ast-page-background-enabled":"default","ast-page-background-meta":{"desktop":{"background-color":"","background-image":"","background-repeat":"repeat","background-position":"center center","background-size":"auto","background-attachment":"scroll","background-type":"","background-media":"","overlay-type":"","overlay-color":"","overlay-opacity":"","overlay-gradient":""},"tablet":{"background-color":"","background-image":"","background-repeat":"repeat","background-position":"center center","background-size":"auto","background-attachment":"scroll","background-type":"","background-media":"","overlay-type":"","overlay-color":"","overlay-opacity":"","overlay-gradient":""},"mobile":{"background-color":"","background-image":"","background-repeat":"repeat","background-position":"center center","background-size":"auto","background-attachment":"scroll","background-type":"","background-media":"","overlay-type":"","overlay-color":"","overlay-opacity":"","overlay-gradient":""}},"ast-content-background-meta":{"desktop":{"background-color":"var(--ast-global-color-5)","background-image":"","background-repeat":"repeat","background-position":"center center","background-size":"auto","background-attachment":"scroll","background-type":"","background-media":"","overlay-type":"","overlay-color":"","overlay-opacity":"","overlay-gradient":""},"tablet":{"background-color":"var(--ast-global-color-5)","background-image":"","background-repeat":"repeat","background-position":"center center","background-size":"auto","background-attachment":"scroll","background-type":"","background-media":"","overlay-type":"","overlay-color":"","overlay-opacity":"","overlay-gradient":""},"mobile":{"background-color":"var(--ast-global-color-5)","background-image":"","background-repeat":"repeat","background-position":"center center","background-size":"auto","background-attachment":"scroll","background-type":"","background-media":"","overlay-type":"","overlay-color":"","overlay-opacity":"","overlay-gradient":""}},"footnotes":""},"class_list":["post-23375","page","type-page","status-publish","hentry"],"aioseo_notices":[],"_links":{"self":[{"href":"https:\/\/cybelec.ch\/fr\/wp-json\/wp\/v2\/pages\/23375","targetHints":{"allow":["GET"]}}],"collection":[{"href":"https:\/\/cybelec.ch\/fr\/wp-json\/wp\/v2\/pages"}],"about":[{"href":"https:\/\/cybelec.ch\/fr\/wp-json\/wp\/v2\/types\/page"}],"author":[{"embeddable":true,"href":"https:\/\/cybelec.ch\/fr\/wp-json\/wp\/v2\/users\/1"}],"replies":[{"embeddable":true,"href":"https:\/\/cybelec.ch\/fr\/wp-json\/wp\/v2\/comments?post=23375"}],"version-history":[{"count":0,"href":"https:\/\/cybelec.ch\/fr\/wp-json\/wp\/v2\/pages\/23375\/revisions"}],"wp:attachment":[{"href":"https:\/\/cybelec.ch\/fr\/wp-json\/wp\/v2\/media?parent=23375"}],"curies":[{"name":"wp","href":"https:\/\/api.w.org\/{rel}","templated":true}]}}