{"id":23377,"date":"2024-06-05T09:17:11","date_gmt":"2024-06-05T07:17:11","guid":{"rendered":"https:\/\/cybelec.ch\/visitouch-cnc\/"},"modified":"2025-04-10T14:09:45","modified_gmt":"2025-04-10T12:09:45","slug":"visitouch-cnc","status":"publish","type":"page","link":"https:\/\/cybelec.ch\/fr\/visitouch-cnc\/","title":{"rendered":"VisiTouch CNC"},"content":{"rendered":"\t\t<div data-elementor-type=\"wp-page\" data-elementor-id=\"23377\" class=\"elementor elementor-23377 elementor-22920\" data-elementor-post-type=\"page\">\n\t\t\t\t\t\t<section class=\"elementor-section elementor-top-section elementor-element elementor-element-a553f82 elementor-reverse-mobile elementor-section-boxed elementor-section-height-default elementor-section-height-default\" data-id=\"a553f82\" data-element_type=\"section\" data-e-type=\"section\">\n\t\t\t\t\t\t<div class=\"elementor-container elementor-column-gap-no\">\n\t\t\t\t\t<div class=\"elementor-column elementor-col-50 elementor-top-column elementor-element elementor-element-add3e41\" data-id=\"add3e41\" data-element_type=\"column\" data-e-type=\"column\">\n\t\t\t<div class=\"elementor-widget-wrap elementor-element-populated\">\n\t\t\t\t\t\t<div class=\"elementor-element elementor-element-9a79700 elementor-widget elementor-widget-gallery\" data-id=\"9a79700\" data-element_type=\"widget\" data-e-type=\"widget\" data-settings=\"{&quot;gallery_layout&quot;:&quot;justified&quot;,&quot;lazyload&quot;:&quot;yes&quot;,&quot;ideal_row_height&quot;:{&quot;unit&quot;:&quot;px&quot;,&quot;size&quot;:200,&quot;sizes&quot;:[]},&quot;ideal_row_height_tablet&quot;:{&quot;unit&quot;:&quot;px&quot;,&quot;size&quot;:150,&quot;sizes&quot;:[]},&quot;ideal_row_height_mobile&quot;:{&quot;unit&quot;:&quot;px&quot;,&quot;size&quot;:150,&quot;sizes&quot;:[]},&quot;gap&quot;:{&quot;unit&quot;:&quot;px&quot;,&quot;size&quot;:10,&quot;sizes&quot;:[]},&quot;gap_tablet&quot;:{&quot;unit&quot;:&quot;px&quot;,&quot;size&quot;:10,&quot;sizes&quot;:[]},&quot;gap_mobile&quot;:{&quot;unit&quot;:&quot;px&quot;,&quot;size&quot;:10,&quot;sizes&quot;:[]},&quot;link_to&quot;:&quot;file&quot;,&quot;content_hover_animation&quot;:&quot;fade-in&quot;}\" data-widget_type=\"gallery.default\">\n\t\t\t\t<div class=\"elementor-widget-container\">\n\t\t\t\t\t\t\t<div class=\"elementor-gallery__container\">\n\t\t\t\t\t\t\t<a class=\"e-gallery-item elementor-gallery-item elementor-animated-content\" href=\"https:\/\/cybelec.ch\/wp-content\/uploads\/2022\/09\/Frontal_VisiTouch_24_CNC_official.png\" data-elementor-open-lightbox=\"yes\" data-elementor-lightbox-slideshow=\"9a79700\" data-e-action-hash=\"#elementor-action%3Aaction%3Dlightbox%26settings%3DeyJpZCI6MTg2NDYsInVybCI6Imh0dHBzOlwvXC9jeWJlbGVjLmNoXC93cC1jb250ZW50XC91cGxvYWRzXC8yMDIyXC8wOVwvRnJvbnRhbF9WaXNpVG91Y2hfMjRfQ05DX29mZmljaWFsLnBuZyIsInNsaWRlc2hvdyI6IjlhNzk3MDAifQ%3D%3D\">\n\t\t\t\t\t<div class=\"e-gallery-image elementor-gallery-item__image\" data-thumbnail=\"https:\/\/cybelec.ch\/wp-content\/uploads\/2022\/09\/Frontal_VisiTouch_24_CNC_official.png\" data-width=\"1601\" data-height=\"2362\" aria-label=\"\" role=\"img\" ><\/div>\n\t\t\t\t\t\t\t\t\t\t\t\t\t\t<\/a>\n\t\t\t\t\t\t\t<a class=\"e-gallery-item elementor-gallery-item elementor-animated-content\" href=\"https:\/\/cybelec.ch\/wp-content\/uploads\/2025\/04\/CybIO_VA4V_Front-Connector_Transparent.png\" data-elementor-open-lightbox=\"yes\" data-elementor-lightbox-slideshow=\"9a79700\" data-e-action-hash=\"#elementor-action%3Aaction%3Dlightbox%26settings%3DeyJpZCI6MjYxNDQsInVybCI6Imh0dHBzOlwvXC9jeWJlbGVjLmNoXC93cC1jb250ZW50XC91cGxvYWRzXC8yMDI1XC8wNFwvQ3liSU9fVkE0Vl9Gcm9udC1Db25uZWN0b3JfVHJhbnNwYXJlbnQucG5nIiwic2xpZGVzaG93IjoiOWE3OTcwMCJ9\">\n\t\t\t\t\t<div class=\"e-gallery-image elementor-gallery-item__image\" data-thumbnail=\"https:\/\/cybelec.ch\/wp-content\/uploads\/2025\/04\/CybIO_VA4V_Front-Connector_Transparent.png\" data-width=\"1366\" data-height=\"2021\" aria-label=\"\" role=\"img\" ><\/div>\n\t\t\t\t\t\t\t\t\t\t\t\t\t\t<\/a>\n\t\t\t\t\t\t\t<a class=\"e-gallery-item elementor-gallery-item elementor-animated-content\" href=\"https:\/\/cybelec.ch\/wp-content\/uploads\/2022\/09\/milling.jpg\" data-elementor-open-lightbox=\"yes\" data-elementor-lightbox-slideshow=\"9a79700\" data-e-action-hash=\"#elementor-action%3Aaction%3Dlightbox%26settings%3DeyJpZCI6MTQ5MTcsInVybCI6Imh0dHBzOlwvXC9jeWJlbGVjLmNoXC93cC1jb250ZW50XC91cGxvYWRzXC8yMDIyXC8wOVwvbWlsbGluZy5qcGciLCJzbGlkZXNob3ciOiI5YTc5NzAwIn0%3D\">\n\t\t\t\t\t<div class=\"e-gallery-image elementor-gallery-item__image\" data-thumbnail=\"https:\/\/cybelec.ch\/wp-content\/uploads\/2022\/09\/milling.jpg\" data-width=\"789\" data-height=\"493\" aria-label=\"\" role=\"img\" ><\/div>\n\t\t\t\t\t\t\t\t\t\t\t\t\t\t<\/a>\n\t\t\t\t\t<\/div>\n\t\t\t\t\t<\/div>\n\t\t\t\t<\/div>\n\t\t\t\t\t<\/div>\n\t\t<\/div>\n\t\t\t\t<div class=\"elementor-column elementor-col-50 elementor-top-column elementor-element elementor-element-fb1d425\" data-id=\"fb1d425\" data-element_type=\"column\" data-e-type=\"column\">\n\t\t\t<div class=\"elementor-widget-wrap elementor-element-populated\">\n\t\t\t\t\t\t<div class=\"elementor-element elementor-element-0fd462b elementor-widget elementor-widget-heading\" data-id=\"0fd462b\" data-element_type=\"widget\" data-e-type=\"widget\" data-widget_type=\"heading.default\">\n\t\t\t\t<div class=\"elementor-widget-container\">\n\t\t\t\t\t<h2 class=\"elementor-heading-title elementor-size-default\">VisiTouch CNC est une commande num\u00e9rique exceptionnelle pour les machines-outils multi-axes avec une nouvelle solution tout-en-un :<\/h2>\t\t\t\t<\/div>\n\t\t\t\t<\/div>\n\t\t\t\t<div class=\"elementor-element elementor-element-a447080 elementor-widget elementor-widget-text-editor\" data-id=\"a447080\" data-element_type=\"widget\" data-e-type=\"widget\" data-widget_type=\"text-editor.default\">\n\t\t\t\t<div class=\"elementor-widget-container\">\n\t\t\t\t\t\t\t\t\t<ul>\n<li>Ecran tactile multiple CNC.<\/li>\n<li>Plate-forme CNC ouverte permettant la personnalisation, m\u00eame pour de petites quantit\u00e9s.<\/li>\n<li>Multi-canal<\/li>\n<li>Interpolation sur 5 axes<\/li>\n<li>Interface homme-machine conviviale<\/li>\n<li>Facile \u00e0 mettre en place<\/li>\n<li>notre assistant\/r\u00e9glage automatique.<\/li>\n<li>Une cha\u00eene d&rsquo;approvisionnement solide, m\u00eame pour les petites commandes<\/li>\n<li>4 semaines de livraison m\u00eame pour les petites commandes<\/li>\n<li>Fabriqu\u00e9 en Suisse pour vous.<\/li>\n<\/ul>\n\t\t\t\t\t\t\t\t<\/div>\n\t\t\t\t<\/div>\n\t\t\t\t<section class=\"elementor-section elementor-inner-section elementor-element elementor-element-485e39c elementor-section-boxed elementor-section-height-default elementor-section-height-default\" data-id=\"485e39c\" data-element_type=\"section\" data-e-type=\"section\">\n\t\t\t\t\t\t<div class=\"elementor-container elementor-column-gap-default\">\n\t\t\t\t\t<div class=\"elementor-column elementor-col-50 elementor-inner-column elementor-element elementor-element-932092f\" data-id=\"932092f\" data-element_type=\"column\" data-e-type=\"column\">\n\t\t\t<div class=\"elementor-widget-wrap elementor-element-populated\">\n\t\t\t\t\t\t<div class=\"elementor-element elementor-element-303b6fd elementor-align-justify elementor-widget elementor-widget-button\" data-id=\"303b6fd\" data-element_type=\"widget\" data-e-type=\"widget\" data-widget_type=\"button.default\">\n\t\t\t\t<div class=\"elementor-widget-container\">\n\t\t\t\t\t\t\t\t\t<div class=\"elementor-button-wrapper\">\n\t\t\t\t\t<a class=\"elementor-button elementor-button-link elementor-size-sm\" href=\"https:\/\/cybelec.ch\/wp-content\/uploads\/2022\/09\/Flyer_VisiTouchCNC_V1.1_FR.pdf\" target=\"_blank\">\n\t\t\t\t\t\t<span class=\"elementor-button-content-wrapper\">\n\t\t\t\t\t\t\t\t\t<span class=\"elementor-button-text\">T\u00e9l\u00e9charger le flyer<\/span>\n\t\t\t\t\t<\/span>\n\t\t\t\t\t<\/a>\n\t\t\t\t<\/div>\n\t\t\t\t\t\t\t\t<\/div>\n\t\t\t\t<\/div>\n\t\t\t\t\t<\/div>\n\t\t<\/div>\n\t\t\t\t<div class=\"elementor-column elementor-col-50 elementor-inner-column elementor-element elementor-element-0580974\" data-id=\"0580974\" data-element_type=\"column\" data-e-type=\"column\">\n\t\t\t<div class=\"elementor-widget-wrap elementor-element-populated\">\n\t\t\t\t\t\t<div class=\"elementor-element elementor-element-cf1533f elementor-align-justify elementor-widget elementor-widget-button\" data-id=\"cf1533f\" data-element_type=\"widget\" data-e-type=\"widget\" data-widget_type=\"button.default\">\n\t\t\t\t<div class=\"elementor-widget-container\">\n\t\t\t\t\t\t\t\t\t<div class=\"elementor-button-wrapper\">\n\t\t\t\t\t<a class=\"elementor-button elementor-button-link elementor-size-sm\" href=\"https:\/\/cybelec.ch\/wp-content\/uploads\/2022\/09\/Datasheet_VisiTouch-CNC_V1.0_EN.pdf\" target=\"_blank\">\n\t\t\t\t\t\t<span class=\"elementor-button-content-wrapper\">\n\t\t\t\t\t\t\t\t\t<span class=\"elementor-button-text\">T\u00e9l\u00e9charger la fiche technique<\/span>\n\t\t\t\t\t<\/span>\n\t\t\t\t\t<\/a>\n\t\t\t\t<\/div>\n\t\t\t\t\t\t\t\t<\/div>\n\t\t\t\t<\/div>\n\t\t\t\t\t<\/div>\n\t\t<\/div>\n\t\t\t\t\t<\/div>\n\t\t<\/section>\n\t\t\t\t\t<\/div>\n\t\t<\/div>\n\t\t\t\t\t<\/div>\n\t\t<\/section>\n\t\t\t\t<section class=\"elementor-section elementor-top-section elementor-element elementor-element-5f81f30 elementor-section-boxed elementor-section-height-default elementor-section-height-default\" data-id=\"5f81f30\" data-element_type=\"section\" data-e-type=\"section\">\n\t\t\t\t\t\t<div class=\"elementor-container elementor-column-gap-default\">\n\t\t\t\t\t<div class=\"elementor-column elementor-col-100 elementor-top-column elementor-element elementor-element-4d23520\" data-id=\"4d23520\" data-element_type=\"column\" data-e-type=\"column\">\n\t\t\t<div class=\"elementor-widget-wrap elementor-element-populated\">\n\t\t\t\t\t\t<div class=\"elementor-element elementor-element-0c9fba3 elementor-tabs-view-horizontal elementor-widget elementor-widget-tabs\" data-id=\"0c9fba3\" data-element_type=\"widget\" data-e-type=\"widget\" data-widget_type=\"tabs.default\">\n\t\t\t\t<div class=\"elementor-widget-container\">\n\t\t\t\t\t\t\t<div class=\"elementor-tabs\">\n\t\t\t<div class=\"elementor-tabs-wrapper\" role=\"tablist\" >\n\t\t\t\t\t\t\t\t\t<div id=\"elementor-tab-title-1321\" class=\"elementor-tab-title elementor-tab-desktop-title\" aria-selected=\"true\" data-tab=\"1\" role=\"tab\" tabindex=\"0\" aria-controls=\"elementor-tab-content-1321\" aria-expanded=\"false\">Principales caract\u00e9ristiques<\/div>\n\t\t\t\t\t\t\t\t\t<div id=\"elementor-tab-title-1322\" class=\"elementor-tab-title elementor-tab-desktop-title\" aria-selected=\"false\" data-tab=\"2\" role=\"tab\" tabindex=\"-1\" aria-controls=\"elementor-tab-content-1322\" aria-expanded=\"false\">Machines CNC<\/div>\n\t\t\t\t\t\t\t\t\t<div id=\"elementor-tab-title-1323\" class=\"elementor-tab-title elementor-tab-desktop-title\" aria-selected=\"false\" data-tab=\"3\" role=\"tab\" tabindex=\"-1\" aria-controls=\"elementor-tab-content-1323\" aria-expanded=\"false\">Informations sur les commandes<\/div>\n\t\t\t\t\t\t\t<\/div>\n\t\t\t<div class=\"elementor-tabs-content-wrapper\" role=\"tablist\" aria-orientation=\"vertical\">\n\t\t\t\t\t\t\t\t\t<div class=\"elementor-tab-title elementor-tab-mobile-title\" aria-selected=\"true\" data-tab=\"1\" role=\"tab\" tabindex=\"0\" aria-controls=\"elementor-tab-content-1321\" aria-expanded=\"false\">Principales caract\u00e9ristiques<\/div>\n\t\t\t\t\t<div id=\"elementor-tab-content-1321\" class=\"elementor-tab-content elementor-clearfix\" data-tab=\"1\" role=\"tabpanel\" aria-labelledby=\"elementor-tab-title-1321\" tabindex=\"0\" hidden=\"false\"><p>&#8211; \u00c9cran tactile moderne et profil\u00e9 en verre.<br \/>&#8211; IHM conviviale, gr\u00e2ce \u00e0 une programmation intuitive.<br \/>&#8211; Pr\u00e9cision maximale gr\u00e2ce \u00e0 des algorithmes sophistiqu\u00e9s (d\u00e9velopp\u00e9s sp\u00e9cialement pour la qualit\u00e9 de l&rsquo;industrie horlog\u00e8re suisse).<br \/>&#8211; Gestion de la production gr\u00e2ce \u00e0 l&rsquo;industrie 4.0 ready.<br \/>&#8211; T\u00e9l\u00e9commande.<br \/>&#8211; Compteur du nombre de pi\u00e8ces fabriqu\u00e9es<br \/>&#8211; Gestion multi-broches<br \/>&#8211; Diverses coordinations de la gestion de la transformation<br \/>&#8211; Gestion des doubles mesures<br \/>&#8211; Compensation des frottements<br \/>&#8211; Compensation du jeu<br \/>&#8211; Fonctionnement sous Windows 10 avec UWF<br \/>couper la protection.<br \/>&#8211; Interpolation 5 axes<br \/>&#8211; Toutes les cin\u00e9matiques sont disponibles.<br \/>&#8211; Gestion cin\u00e9matique parall\u00e8le jusqu&rsquo;\u00e0 6 axes interpol\u00e9s<br \/>&#8211; Interop\u00e9rabilit\u00e9 rapide, mouvements optimis\u00e9s.<br \/>&#8211; Configuration \u00e0 l&rsquo;aide d&rsquo;assistants d\u00e9di\u00e9s (auto-tuning).<br \/>&#8211; Calibrage des axes (tableau de correction)<br \/>&#8211; Cycles de sondage<br \/>&#8211; Gestion de la dur\u00e9e de vie des outils<br \/>&#8211; Mesure de l&rsquo;outil<br \/>&#8211; Changeur d&rsquo;outils en temps masqu\u00e9<br \/>&#8211; Architecture plugin pour mettre en \u0153uvre des fonctionnalit\u00e9s sp\u00e9cifiques telles qu&rsquo;une interface IHM personnalis\u00e9e et des cycles d&rsquo;automatisation et de contr\u00f4le de mouvement d\u00e9di\u00e9s.<br \/>&#8211; Gestion du transfert des palettes de la station<\/p>\n<\/div>\n\t\t\t\t\t\t\t\t\t<div class=\"elementor-tab-title elementor-tab-mobile-title\" aria-selected=\"false\" data-tab=\"2\" role=\"tab\" tabindex=\"-1\" aria-controls=\"elementor-tab-content-1322\" aria-expanded=\"false\">Machines CNC<\/div>\n\t\t\t\t\t<div id=\"elementor-tab-content-1322\" class=\"elementor-tab-content elementor-clearfix\" data-tab=\"2\" role=\"tabpanel\" aria-labelledby=\"elementor-tab-title-1322\" tabindex=\"0\" hidden=\"hidden\"><p>&#8211; Tournage<br \/>&#8211; Fraisage<br \/>&#8211; Forage<br \/>&#8211; Broyage<br \/>&#8211; Poin\u00e7onnage<br \/>&#8211; D\u00e9coupe au laser<\/p>\n<\/div>\n\t\t\t\t\t\t\t\t\t<div class=\"elementor-tab-title elementor-tab-mobile-title\" aria-selected=\"false\" data-tab=\"3\" role=\"tab\" tabindex=\"-1\" aria-controls=\"elementor-tab-content-1323\" aria-expanded=\"false\">Informations sur les commandes<\/div>\n\t\t\t\t\t<div id=\"elementor-tab-content-1323\" class=\"elementor-tab-content elementor-clearfix\" data-tab=\"3\" role=\"tabpanel\" aria-labelledby=\"elementor-tab-title-1323\" tabindex=\"0\" hidden=\"hidden\"><p>&#8211; Veuillez contacter notre d\u00e9partement des ventes pour plus d&rsquo;informations<\/p>\n<\/div>\n\t\t\t\t\t\t\t<\/div>\n\t\t<\/div>\n\t\t\t\t\t\t<\/div>\n\t\t\t\t<\/div>\n\t\t\t\t\t<\/div>\n\t\t<\/div>\n\t\t\t\t\t<\/div>\n\t\t<\/section>\n\t\t\t\t<\/div>\n\t\t","protected":false},"excerpt":{"rendered":"<p>VisiTouch CNC est une commande num\u00e9rique exceptionnelle pour les machines-outils multi-axes avec une nouvelle solution tout-en-un : Ecran tactile multiple CNC. Plate-forme CNC ouverte permettant la personnalisation, m\u00eame pour de petites quantit\u00e9s. Multi-canal Interpolation sur 5 axes Interface homme-machine conviviale Facile \u00e0 mettre en place notre assistant\/r\u00e9glage automatique. Une cha\u00eene d&rsquo;approvisionnement solide, m\u00eame pour les [&hellip;]<\/p>\n","protected":false},"author":1,"featured_media":0,"parent":0,"menu_order":0,"comment_status":"closed","ping_status":"closed","template":"","meta":{"site-sidebar-layout":"no-sidebar","site-content-layout":"page-builder","ast-site-content-layout":"full-width-container","site-content-style":"default","site-sidebar-style":"default","ast-global-header-display":"","ast-banner-title-visibility":"","ast-main-header-display":"","ast-hfb-above-header-display":"","ast-hfb-below-header-display":"","ast-hfb-mobile-header-display":"","site-post-title":"disabled","ast-breadcrumbs-content":"","ast-featured-img":"disabled","footer-sml-layout":"","ast-disable-related-posts":"","theme-transparent-header-meta":"","adv-header-id-meta":"","stick-header-meta":"","header-above-stick-meta":"","header-main-stick-meta":"","header-below-stick-meta":"","astra-migrate-meta-layouts":"default","ast-page-background-enabled":"default","ast-page-background-meta":{"desktop":{"background-color":"","background-image":"","background-repeat":"repeat","background-position":"center center","background-size":"auto","background-attachment":"scroll","background-type":"","background-media":"","overlay-type":"","overlay-color":"","overlay-opacity":"","overlay-gradient":""},"tablet":{"background-color":"","background-image":"","background-repeat":"repeat","background-position":"center center","background-size":"auto","background-attachment":"scroll","background-type":"","background-media":"","overlay-type":"","overlay-color":"","overlay-opacity":"","overlay-gradient":""},"mobile":{"background-color":"","background-image":"","background-repeat":"repeat","background-position":"center center","background-size":"auto","background-attachment":"scroll","background-type":"","background-media":"","overlay-type":"","overlay-color":"","overlay-opacity":"","overlay-gradient":""}},"ast-content-background-meta":{"desktop":{"background-color":"var(--ast-global-color-5)","background-image":"","background-repeat":"repeat","background-position":"center center","background-size":"auto","background-attachment":"scroll","background-type":"","background-media":"","overlay-type":"","overlay-color":"","overlay-opacity":"","overlay-gradient":""},"tablet":{"background-color":"var(--ast-global-color-5)","background-image":"","background-repeat":"repeat","background-position":"center center","background-size":"auto","background-attachment":"scroll","background-type":"","background-media":"","overlay-type":"","overlay-color":"","overlay-opacity":"","overlay-gradient":""},"mobile":{"background-color":"var(--ast-global-color-5)","background-image":"","background-repeat":"repeat","background-position":"center center","background-size":"auto","background-attachment":"scroll","background-type":"","background-media":"","overlay-type":"","overlay-color":"","overlay-opacity":"","overlay-gradient":""}},"footnotes":""},"class_list":["post-23377","page","type-page","status-publish","hentry"],"aioseo_notices":[],"_links":{"self":[{"href":"https:\/\/cybelec.ch\/fr\/wp-json\/wp\/v2\/pages\/23377","targetHints":{"allow":["GET"]}}],"collection":[{"href":"https:\/\/cybelec.ch\/fr\/wp-json\/wp\/v2\/pages"}],"about":[{"href":"https:\/\/cybelec.ch\/fr\/wp-json\/wp\/v2\/types\/page"}],"author":[{"embeddable":true,"href":"https:\/\/cybelec.ch\/fr\/wp-json\/wp\/v2\/users\/1"}],"replies":[{"embeddable":true,"href":"https:\/\/cybelec.ch\/fr\/wp-json\/wp\/v2\/comments?post=23377"}],"version-history":[{"count":36,"href":"https:\/\/cybelec.ch\/fr\/wp-json\/wp\/v2\/pages\/23377\/revisions"}],"predecessor-version":[{"id":26265,"href":"https:\/\/cybelec.ch\/fr\/wp-json\/wp\/v2\/pages\/23377\/revisions\/26265"}],"wp:attachment":[{"href":"https:\/\/cybelec.ch\/fr\/wp-json\/wp\/v2\/media?parent=23377"}],"curies":[{"name":"wp","href":"https:\/\/api.w.org\/{rel}","templated":true}]}}