{"id":23389,"date":"2024-06-05T09:10:43","date_gmt":"2024-06-05T07:10:43","guid":{"rendered":"https:\/\/cybelec.ch\/visitouch-24-mx\/"},"modified":"2025-05-15T16:52:49","modified_gmt":"2025-05-15T14:52:49","slug":"visitouch-24-mx","status":"publish","type":"page","link":"https:\/\/cybelec.ch\/fr\/visitouch-24-mx\/","title":{"rendered":"VisiTouch 24 MX"},"content":{"rendered":"\t\t<div data-elementor-type=\"wp-page\" data-elementor-id=\"23389\" class=\"elementor elementor-23389 elementor-22914\" data-elementor-post-type=\"page\">\n\t\t\t\t\t\t<section class=\"elementor-section elementor-top-section elementor-element elementor-element-f705e20 elementor-reverse-mobile elementor-section-boxed elementor-section-height-default elementor-section-height-default\" data-id=\"f705e20\" data-element_type=\"section\" data-e-type=\"section\">\n\t\t\t\t\t\t<div class=\"elementor-container elementor-column-gap-no\">\n\t\t\t\t\t<div class=\"elementor-column elementor-col-50 elementor-top-column elementor-element elementor-element-d3a5d98\" data-id=\"d3a5d98\" data-element_type=\"column\" data-e-type=\"column\">\n\t\t\t<div class=\"elementor-widget-wrap elementor-element-populated\">\n\t\t\t\t\t\t<div class=\"elementor-element elementor-element-20ea603 elementor-widget elementor-widget-gallery\" data-id=\"20ea603\" data-element_type=\"widget\" data-e-type=\"widget\" data-settings=\"{&quot;columns&quot;:1,&quot;gallery_layout&quot;:&quot;masonry&quot;,&quot;columns_mobile&quot;:2,&quot;lazyload&quot;:&quot;yes&quot;,&quot;columns_tablet&quot;:2,&quot;gap&quot;:{&quot;unit&quot;:&quot;px&quot;,&quot;size&quot;:10,&quot;sizes&quot;:[]},&quot;gap_tablet&quot;:{&quot;unit&quot;:&quot;px&quot;,&quot;size&quot;:10,&quot;sizes&quot;:[]},&quot;gap_mobile&quot;:{&quot;unit&quot;:&quot;px&quot;,&quot;size&quot;:10,&quot;sizes&quot;:[]},&quot;link_to&quot;:&quot;file&quot;,&quot;content_hover_animation&quot;:&quot;fade-in&quot;}\" data-widget_type=\"gallery.default\">\n\t\t\t\t<div class=\"elementor-widget-container\">\n\t\t\t\t\t\t\t<div class=\"elementor-gallery__container\">\n\t\t\t\t\t\t\t<a class=\"e-gallery-item elementor-gallery-item elementor-animated-content\" href=\"https:\/\/cybelec.ch\/wp-content\/uploads\/2023\/10\/Flyer-VisiTouch-24-MX_V1.jpg\" data-elementor-open-lightbox=\"yes\" data-elementor-lightbox-slideshow=\"20ea603\" data-e-action-hash=\"#elementor-action%3Aaction%3Dlightbox%26settings%3DeyJpZCI6MTkxMTgsInVybCI6Imh0dHBzOlwvXC9jeWJlbGVjLmNoXC93cC1jb250ZW50XC91cGxvYWRzXC8yMDIzXC8xMFwvRmx5ZXItVmlzaVRvdWNoLTI0LU1YX1YxLmpwZyIsInNsaWRlc2hvdyI6IjIwZWE2MDMifQ%3D%3D\">\n\t\t\t\t\t<div class=\"e-gallery-image elementor-gallery-item__image\" data-thumbnail=\"https:\/\/cybelec.ch\/wp-content\/uploads\/2023\/10\/Flyer-VisiTouch-24-MX_V1.jpg\" data-width=\"1104\" data-height=\"980\" aria-label=\"\" role=\"img\" ><\/div>\n\t\t\t\t\t\t\t\t\t\t\t\t\t\t<\/a>\n\t\t\t\t\t<\/div>\n\t\t\t\t\t<\/div>\n\t\t\t\t<\/div>\n\t\t\t\t\t<\/div>\n\t\t<\/div>\n\t\t\t\t<div class=\"elementor-column elementor-col-50 elementor-top-column elementor-element elementor-element-f0bb610\" data-id=\"f0bb610\" data-element_type=\"column\" data-e-type=\"column\">\n\t\t\t<div class=\"elementor-widget-wrap elementor-element-populated\">\n\t\t\t\t\t\t<div class=\"elementor-element elementor-element-b4cf0ac elementor-widget elementor-widget-heading\" data-id=\"b4cf0ac\" data-element_type=\"widget\" data-e-type=\"widget\" data-widget_type=\"heading.default\">\n\t\t\t\t<div class=\"elementor-widget-container\">\n\t\t\t\t\t<h2 class=\"elementor-heading-title elementor-size-default\">VisiTouch 24 MX est une commande num\u00e9rique graphique 3D pour les presses plieuses \u00e0 commande num\u00e9rique avec une nouvelle solution tout-en-un :<\/h2>\t\t\t\t<\/div>\n\t\t\t\t<\/div>\n\t\t\t\t<div class=\"elementor-element elementor-element-9d26fe1 elementor-widget elementor-widget-text-editor\" data-id=\"9d26fe1\" data-element_type=\"widget\" data-e-type=\"widget\" data-widget_type=\"text-editor.default\">\n\t\t\t\t<div class=\"elementor-widget-container\">\n\t\t\t\t\t\t\t\t\t<p style=\"text-align: left;\">&#8211; \u00c9cran tactile complet de 24 pouces et carte CNC mont\u00e9e \u00e0 l&rsquo;arri\u00e8re de l&rsquo;\u00e9cran.<br \/>&#8211; Enti\u00e8rement num\u00e9rique avec des bus de terrain CANopen\u00ae et EtherCAT\u00ae contr\u00f4lant de nombreux axes<br \/>&#8211; Importer, programmer, visualiser et simuler la flexion d&rsquo;une pi\u00e8ce, le tout en 3D, rapidement, facilement et efficacement.<br \/>&#8211; Interface avec tous les types de syst\u00e8mes hydrauliques, E\/S et axes analogiques gr\u00e2ce aux modules CybMVA plac\u00e9s \u00e0 l&rsquo;int\u00e9rieur des armoires.<\/p>\n<p style=\"text-align: left;\">En plus de toutes les fonctionnalit\u00e9s disponibles pour contr\u00f4ler les presses plieuses simples comme les plus sophistiqu\u00e9es, hydrauliques, \u00e9lectriques et hybrides, VisiTouch 24 MX offre \u00e9galement un syst\u00e8me ouvert permettant une personnalisation \u00e0 la hauteur des exigences de la gestion de production de l&rsquo;industrie 4.0.<\/p>\n\t\t\t\t\t\t\t\t<\/div>\n\t\t\t\t<\/div>\n\t\t\t\t<section class=\"elementor-section elementor-inner-section elementor-element elementor-element-596d80e elementor-section-boxed elementor-section-height-default elementor-section-height-default\" data-id=\"596d80e\" data-element_type=\"section\" data-e-type=\"section\">\n\t\t\t\t\t\t<div class=\"elementor-container elementor-column-gap-default\">\n\t\t\t\t\t<div class=\"elementor-column elementor-col-50 elementor-inner-column elementor-element elementor-element-c4bd7a0\" data-id=\"c4bd7a0\" data-element_type=\"column\" data-e-type=\"column\">\n\t\t\t<div class=\"elementor-widget-wrap elementor-element-populated\">\n\t\t\t\t\t\t<div class=\"elementor-element elementor-element-045bd33 elementor-align-justify elementor-widget elementor-widget-button\" data-id=\"045bd33\" data-element_type=\"widget\" data-e-type=\"widget\" data-widget_type=\"button.default\">\n\t\t\t\t<div class=\"elementor-widget-container\">\n\t\t\t\t\t\t\t\t\t<div class=\"elementor-button-wrapper\">\n\t\t\t\t\t<a class=\"elementor-button elementor-button-link elementor-size-sm\" href=\"https:\/\/cybelec.ch\/wp-content\/uploads\/2025\/05\/Flyer-VisiTouch-24-MX_V1.3_FR.pdf\" target=\"_blank\">\n\t\t\t\t\t\t<span class=\"elementor-button-content-wrapper\">\n\t\t\t\t\t\t\t\t\t<span class=\"elementor-button-text\">T\u00e9l\u00e9charger le flyer<\/span>\n\t\t\t\t\t<\/span>\n\t\t\t\t\t<\/a>\n\t\t\t\t<\/div>\n\t\t\t\t\t\t\t\t<\/div>\n\t\t\t\t<\/div>\n\t\t\t\t\t<\/div>\n\t\t<\/div>\n\t\t\t\t<div class=\"elementor-column elementor-col-50 elementor-inner-column elementor-element elementor-element-a46b62c\" data-id=\"a46b62c\" data-element_type=\"column\" data-e-type=\"column\">\n\t\t\t<div class=\"elementor-widget-wrap elementor-element-populated\">\n\t\t\t\t\t\t<div class=\"elementor-element elementor-element-446c73c elementor-align-justify elementor-widget elementor-widget-button\" data-id=\"446c73c\" data-element_type=\"widget\" data-e-type=\"widget\" data-widget_type=\"button.default\">\n\t\t\t\t<div class=\"elementor-widget-container\">\n\t\t\t\t\t\t\t\t\t<div class=\"elementor-button-wrapper\">\n\t\t\t\t\t<a class=\"elementor-button elementor-button-link elementor-size-sm\" href=\"https:\/\/cybelec.ch\/wp-content\/uploads\/2023\/10\/Datasheet_VisiTouch-24_V1.4_EN.pdf\" target=\"_blank\">\n\t\t\t\t\t\t<span class=\"elementor-button-content-wrapper\">\n\t\t\t\t\t\t\t\t\t<span class=\"elementor-button-text\">T\u00e9l\u00e9charger la fiche technique<\/span>\n\t\t\t\t\t<\/span>\n\t\t\t\t\t<\/a>\n\t\t\t\t<\/div>\n\t\t\t\t\t\t\t\t<\/div>\n\t\t\t\t<\/div>\n\t\t\t\t\t<\/div>\n\t\t<\/div>\n\t\t\t\t\t<\/div>\n\t\t<\/section>\n\t\t\t\t\t<\/div>\n\t\t<\/div>\n\t\t\t\t\t<\/div>\n\t\t<\/section>\n\t\t\t\t<section class=\"elementor-section elementor-top-section elementor-element elementor-element-8399426 elementor-section-boxed elementor-section-height-default elementor-section-height-default\" data-id=\"8399426\" data-element_type=\"section\" data-e-type=\"section\">\n\t\t\t\t\t\t<div class=\"elementor-container elementor-column-gap-default\">\n\t\t\t\t\t<div class=\"elementor-column elementor-col-100 elementor-top-column elementor-element elementor-element-8d4541f\" data-id=\"8d4541f\" data-element_type=\"column\" data-e-type=\"column\">\n\t\t\t<div class=\"elementor-widget-wrap elementor-element-populated\">\n\t\t\t\t\t\t<div class=\"elementor-element elementor-element-7601caf elementor-tabs-view-horizontal elementor-widget elementor-widget-tabs\" data-id=\"7601caf\" data-element_type=\"widget\" data-e-type=\"widget\" data-widget_type=\"tabs.default\">\n\t\t\t\t<div class=\"elementor-widget-container\">\n\t\t\t\t\t\t\t<div class=\"elementor-tabs\">\n\t\t\t<div class=\"elementor-tabs-wrapper\" role=\"tablist\" >\n\t\t\t\t\t\t\t\t\t<div id=\"elementor-tab-title-1231\" class=\"elementor-tab-title elementor-tab-desktop-title\" aria-selected=\"true\" data-tab=\"1\" role=\"tab\" tabindex=\"0\" aria-controls=\"elementor-tab-content-1231\" aria-expanded=\"false\">Principales caract\u00e9ristiques pour l'utilisateur<\/div>\n\t\t\t\t\t\t\t\t\t<div id=\"elementor-tab-title-1232\" class=\"elementor-tab-title elementor-tab-desktop-title\" aria-selected=\"false\" data-tab=\"2\" role=\"tab\" tabindex=\"-1\" aria-controls=\"elementor-tab-content-1232\" aria-expanded=\"false\">Principales caract\u00e9ristiques pour les OEM<\/div>\n\t\t\t\t\t\t\t\t\t<div id=\"elementor-tab-title-1233\" class=\"elementor-tab-title elementor-tab-desktop-title\" aria-selected=\"false\" data-tab=\"3\" role=\"tab\" tabindex=\"-1\" aria-controls=\"elementor-tab-content-1233\" aria-expanded=\"false\">Informations sur les commandes<\/div>\n\t\t\t\t\t\t\t<\/div>\n\t\t\t<div class=\"elementor-tabs-content-wrapper\" role=\"tablist\" aria-orientation=\"vertical\">\n\t\t\t\t\t\t\t\t\t<div class=\"elementor-tab-title elementor-tab-mobile-title\" aria-selected=\"true\" data-tab=\"1\" role=\"tab\" tabindex=\"0\" aria-controls=\"elementor-tab-content-1231\" aria-expanded=\"false\">Principales caract\u00e9ristiques pour l'utilisateur<\/div>\n\t\t\t\t\t<div id=\"elementor-tab-content-1231\" class=\"elementor-tab-content elementor-clearfix\" data-tab=\"1\" role=\"tabpanel\" aria-labelledby=\"elementor-tab-title-1231\" tabindex=\"0\" hidden=\"false\"><p>&#8211; \u00c9cran tactile moderne de 24 pouces \u00e0 surface en verre \u00e9pur\u00e9e pouvant \u00eatre utilis\u00e9 avec des gants.<br \/>&#8211; IHM conviviale, gr\u00e2ce \u00e0 une programmation intuitive.<br \/>&#8211; Visualisation et simulation 3D compl\u00e8tes.<br \/>&#8211; Gestion des pi\u00e8ces avec importation de fichiers DXF et 3D.<br \/>&#8211; Exportation DXF.<br \/>&#8211; Solutions automatiques pour les pi\u00e8ces complexes : s\u00e9quencement automatique du pliage, calibrage, outillage et segmentation automatique.<br \/>&#8211; Pr\u00e9cision maximale du cintrage gr\u00e2ce \u00e0 des algorythmes sophistiqu\u00e9s.<br \/>&#8211; Tandem<br \/>&#8211; Importation d&rsquo;outils.<br \/>&#8211; Gestion de groupe pour une production complexe.<br \/>&#8211; Coude pr\u00e9liminaire\/final.<br \/>&#8211; Gestion de l&rsquo;h\u00e9moglobine.<br \/>&#8211; Fonctionne sous Windows 10 pour le multit\u00e2che et la mise en r\u00e9seau.<br \/>&#8211; Mesure de l&rsquo;angle.<br \/>&#8211; Lecteur de code-barres<br \/>&#8211; Industrie 4.0 personnalisable<br \/>&#8211; Fonctionne sous Windows 10 avec la protection UWF.<\/p>\n<\/div>\n\t\t\t\t\t\t\t\t\t<div class=\"elementor-tab-title elementor-tab-mobile-title\" aria-selected=\"false\" data-tab=\"2\" role=\"tab\" tabindex=\"-1\" aria-controls=\"elementor-tab-content-1232\" aria-expanded=\"false\">Principales caract\u00e9ristiques pour les OEM<\/div>\n\t\t\t\t\t<div id=\"elementor-tab-content-1232\" class=\"elementor-tab-content elementor-clearfix\" data-tab=\"2\" role=\"tabpanel\" aria-labelledby=\"elementor-tab-title-1232\" tabindex=\"0\" hidden=\"hidden\"><p>&#8211; Configuration \u00e0 l&rsquo;aide d&rsquo;assistants d\u00e9di\u00e9s (auto-tuning).<br \/>&#8211; Toutes les cin\u00e9matiques sont disponibles :<br \/> &#8211; Pour les axes X, Xrelatives, Xslave, R, Rslave et Z.<br \/> &#8211; Pour les jauges multiples \u00e0 l&rsquo;arri\u00e8re et \u00e0 l&rsquo;avant.<br \/> &#8211; Pour les aides \u00e0 la flexion.<br \/> &#8211; Jusqu&rsquo;\u00e0 26 axes.<br \/>&#8211; Contr\u00f4le des axes par CANopen\u00ae et EtherCAT\u00ae avec une grande compatibilit\u00e9 de configuration.<br \/>&#8211; Boutons utilisateur personnalisables pour l&rsquo;op\u00e9rateur de la machine.<br \/>&#8211; Syst\u00e8me ouvert pour la personnalisation.<br \/>&#8211; Interactions avec le faisceau \u00e0 travers des cycles sp\u00e9cifiques pour g\u00e9rer les presses plieuses hybrides et \u00e9lectriques.<br \/>&#8211; Cycles de couronnement dynamiques et r\u00e9gul\u00e9s.<br \/>&#8211; Plug-in pour la partie HMI.<br \/>&#8211; Protocole de communication avec les robots \u00e0 bras pour les applications de presses plieuses.<\/p>\n<\/div>\n\t\t\t\t\t\t\t\t\t<div class=\"elementor-tab-title elementor-tab-mobile-title\" aria-selected=\"false\" data-tab=\"3\" role=\"tab\" tabindex=\"-1\" aria-controls=\"elementor-tab-content-1233\" aria-expanded=\"false\">Informations sur les commandes<\/div>\n\t\t\t\t\t<div id=\"elementor-tab-content-1233\" class=\"elementor-tab-content elementor-clearfix\" data-tab=\"3\" role=\"tabpanel\" aria-labelledby=\"elementor-tab-title-1233\" tabindex=\"0\" hidden=\"hidden\"><p>&#8211; VisiTouch 24 MX configuration de base avec 4 axes (Y1, Y2, 2 axes), logiciel PS-3D avec de nombreuses options logicielles.<br \/>&#8211; Configurations CybMVA disponibles pour tous les types de presses plieuses avec :<br \/> &#8211; Axes \u00e9lectriques num\u00e9riques ou analogiques.<br \/> &#8211; Vannes proportionnelles avec ou sans retour d&rsquo;information.<br \/> &#8211; Servovalves<br \/>&#8211; Le logiciel hors ligne VisiTouch PC est disponible pour le VisiTouch 24 MX :<br \/> &#8211; 3D OFT-VST-MX<br \/> &#8211; 3D+import OFT-VST-MXIMP<\/p>\n<\/div>\n\t\t\t\t\t\t\t<\/div>\n\t\t<\/div>\n\t\t\t\t\t\t<\/div>\n\t\t\t\t<\/div>\n\t\t\t\t\t<\/div>\n\t\t<\/div>\n\t\t\t\t\t<\/div>\n\t\t<\/section>\n\t\t\t\t<\/div>\n\t\t","protected":false},"excerpt":{"rendered":"<p>VisiTouch 24 MX est une commande num\u00e9rique graphique 3D pour les presses plieuses \u00e0 commande num\u00e9rique avec une nouvelle solution tout-en-un : &#8211; \u00c9cran tactile complet de 24 pouces et carte CNC mont\u00e9e \u00e0 l&rsquo;arri\u00e8re de l&rsquo;\u00e9cran.&#8211; Enti\u00e8rement num\u00e9rique avec des bus de terrain CANopen\u00ae et EtherCAT\u00ae contr\u00f4lant de nombreux axes&#8211; Importer, programmer, visualiser et [&hellip;]<\/p>\n","protected":false},"author":1,"featured_media":0,"parent":0,"menu_order":0,"comment_status":"closed","ping_status":"closed","template":"","meta":{"site-sidebar-layout":"no-sidebar","site-content-layout":"page-builder","ast-site-content-layout":"full-width-container","site-content-style":"default","site-sidebar-style":"default","ast-global-header-display":"","ast-banner-title-visibility":"","ast-main-header-display":"","ast-hfb-above-header-display":"","ast-hfb-below-header-display":"","ast-hfb-mobile-header-display":"","site-post-title":"disabled","ast-breadcrumbs-content":"","ast-featured-img":"disabled","footer-sml-layout":"","ast-disable-related-posts":"","theme-transparent-header-meta":"","adv-header-id-meta":"","stick-header-meta":"","header-above-stick-meta":"","header-main-stick-meta":"","header-below-stick-meta":"","astra-migrate-meta-layouts":"default","ast-page-background-enabled":"default","ast-page-background-meta":{"desktop":{"background-color":"","background-image":"","background-repeat":"repeat","background-position":"center center","background-size":"auto","background-attachment":"scroll","background-type":"","background-media":"","overlay-type":"","overlay-color":"","overlay-opacity":"","overlay-gradient":""},"tablet":{"background-color":"","background-image":"","background-repeat":"repeat","background-position":"center center","background-size":"auto","background-attachment":"scroll","background-type":"","background-media":"","overlay-type":"","overlay-color":"","overlay-opacity":"","overlay-gradient":""},"mobile":{"background-color":"","background-image":"","background-repeat":"repeat","background-position":"center center","background-size":"auto","background-attachment":"scroll","background-type":"","background-media":"","overlay-type":"","overlay-color":"","overlay-opacity":"","overlay-gradient":""}},"ast-content-background-meta":{"desktop":{"background-color":"var(--ast-global-color-5)","background-image":"","background-repeat":"repeat","background-position":"center center","background-size":"auto","background-attachment":"scroll","background-type":"","background-media":"","overlay-type":"","overlay-color":"","overlay-opacity":"","overlay-gradient":""},"tablet":{"background-color":"var(--ast-global-color-5)","background-image":"","background-repeat":"repeat","background-position":"center center","background-size":"auto","background-attachment":"scroll","background-type":"","background-media":"","overlay-type":"","overlay-color":"","overlay-opacity":"","overlay-gradient":""},"mobile":{"background-color":"var(--ast-global-color-5)","background-image":"","background-repeat":"repeat","background-position":"center center","background-size":"auto","background-attachment":"scroll","background-type":"","background-media":"","overlay-type":"","overlay-color":"","overlay-opacity":"","overlay-gradient":""}},"footnotes":""},"class_list":["post-23389","page","type-page","status-publish","hentry"],"aioseo_notices":[],"_links":{"self":[{"href":"https:\/\/cybelec.ch\/fr\/wp-json\/wp\/v2\/pages\/23389","targetHints":{"allow":["GET"]}}],"collection":[{"href":"https:\/\/cybelec.ch\/fr\/wp-json\/wp\/v2\/pages"}],"about":[{"href":"https:\/\/cybelec.ch\/fr\/wp-json\/wp\/v2\/types\/page"}],"author":[{"embeddable":true,"href":"https:\/\/cybelec.ch\/fr\/wp-json\/wp\/v2\/users\/1"}],"replies":[{"embeddable":true,"href":"https:\/\/cybelec.ch\/fr\/wp-json\/wp\/v2\/comments?post=23389"}],"version-history":[{"count":6,"href":"https:\/\/cybelec.ch\/fr\/wp-json\/wp\/v2\/pages\/23389\/revisions"}],"predecessor-version":[{"id":27096,"href":"https:\/\/cybelec.ch\/fr\/wp-json\/wp\/v2\/pages\/23389\/revisions\/27096"}],"wp:attachment":[{"href":"https:\/\/cybelec.ch\/fr\/wp-json\/wp\/v2\/media?parent=23389"}],"curies":[{"name":"wp","href":"https:\/\/api.w.org\/{rel}","templated":true}]}}