{"id":25557,"date":"2025-02-10T17:56:43","date_gmt":"2025-02-10T16:56:43","guid":{"rendered":"https:\/\/cybelec.ch\/visitouch-pac-double-ecran\/"},"modified":"2025-03-13T10:34:08","modified_gmt":"2025-03-13T09:34:08","slug":"visitouch-pac-double-ecran","status":"publish","type":"page","link":"https:\/\/cybelec.ch\/fr\/visitouch-pac-double-ecran\/","title":{"rendered":"VisiTouch Pac Double \u00e9cran"},"content":{"rendered":"\t\t<div data-elementor-type=\"wp-page\" data-elementor-id=\"25557\" class=\"elementor elementor-25557 elementor-25516\" data-elementor-post-type=\"page\">\n\t\t\t\t\t\t<section class=\"elementor-section elementor-top-section elementor-element elementor-element-899426c elementor-reverse-mobile elementor-section-boxed elementor-section-height-default elementor-section-height-default\" data-id=\"899426c\" data-element_type=\"section\" data-e-type=\"section\">\n\t\t\t\t\t\t<div class=\"elementor-container elementor-column-gap-no\">\n\t\t\t\t\t<div class=\"elementor-column elementor-col-50 elementor-top-column elementor-element elementor-element-749a5e4\" data-id=\"749a5e4\" data-element_type=\"column\" data-e-type=\"column\">\n\t\t\t<div class=\"elementor-widget-wrap elementor-element-populated\">\n\t\t\t\t\t\t<div class=\"elementor-element elementor-element-5960039 elementor-widget elementor-widget-gallery\" data-id=\"5960039\" data-element_type=\"widget\" data-e-type=\"widget\" data-settings=\"{&quot;gallery_layout&quot;:&quot;masonry&quot;,&quot;columns&quot;:1,&quot;lazyload&quot;:&quot;yes&quot;,&quot;columns_tablet&quot;:2,&quot;columns_mobile&quot;:1,&quot;gap&quot;:{&quot;unit&quot;:&quot;px&quot;,&quot;size&quot;:10,&quot;sizes&quot;:[]},&quot;gap_tablet&quot;:{&quot;unit&quot;:&quot;px&quot;,&quot;size&quot;:10,&quot;sizes&quot;:[]},&quot;gap_mobile&quot;:{&quot;unit&quot;:&quot;px&quot;,&quot;size&quot;:10,&quot;sizes&quot;:[]},&quot;link_to&quot;:&quot;file&quot;,&quot;overlay_background&quot;:&quot;yes&quot;,&quot;content_hover_animation&quot;:&quot;fade-in&quot;}\" data-widget_type=\"gallery.default\">\n\t\t\t\t<div class=\"elementor-widget-container\">\n\t\t\t\t\t\t\t<div class=\"elementor-gallery__container\">\n\t\t\t\t\t\t\t<a class=\"e-gallery-item elementor-gallery-item elementor-animated-content\" href=\"https:\/\/cybelec.ch\/wp-content\/uploads\/2025\/02\/Capture-decran-2025-02-13-103701-1.png\" data-elementor-open-lightbox=\"yes\" data-elementor-lightbox-slideshow=\"5960039\" data-e-action-hash=\"#elementor-action%3Aaction%3Dlightbox%26settings%3DeyJpZCI6MjU1NDUsInVybCI6Imh0dHBzOlwvXC9jeWJlbGVjLmNoXC93cC1jb250ZW50XC91cGxvYWRzXC8yMDI1XC8wMlwvQ2FwdHVyZS1kZWNyYW4tMjAyNS0wMi0xMy0xMDM3MDEtMS5wbmciLCJzbGlkZXNob3ciOiI1OTYwMDM5In0%3D\">\n\t\t\t\t\t<div class=\"e-gallery-image elementor-gallery-item__image\" data-thumbnail=\"https:\/\/cybelec.ch\/wp-content\/uploads\/2025\/02\/Capture-decran-2025-02-13-103701-1.png\" data-width=\"445\" data-height=\"631\" aria-label=\"\" role=\"img\" ><\/div>\n\t\t\t\t\t\t\t\t\t\t\t<div class=\"elementor-gallery-item__overlay\"><\/div>\n\t\t\t\t\t\t\t\t\t\t\t\t\t\t<\/a>\n\t\t\t\t\t<\/div>\n\t\t\t\t\t<\/div>\n\t\t\t\t<\/div>\n\t\t\t\t\t<\/div>\n\t\t<\/div>\n\t\t\t\t<div class=\"elementor-column elementor-col-50 elementor-top-column elementor-element elementor-element-aeec2cc\" data-id=\"aeec2cc\" data-element_type=\"column\" data-e-type=\"column\">\n\t\t\t<div class=\"elementor-widget-wrap elementor-element-populated\">\n\t\t\t\t\t\t<div class=\"elementor-element elementor-element-38c9836 elementor-widget elementor-widget-heading\" data-id=\"38c9836\" data-element_type=\"widget\" data-e-type=\"widget\" data-widget_type=\"heading.default\">\n\t\t\t\t<div class=\"elementor-widget-container\">\n\t\t\t\t\t<h2 class=\"elementor-heading-title elementor-size-default\">Un flux de travail plus fluide et une pr\u00e9cision accrue caract\u00e9risent VisiTouch Double \u00c9cran.<\/h2>\t\t\t\t<\/div>\n\t\t\t\t<\/div>\n\t\t\t\t<div class=\"elementor-element elementor-element-60d37af elementor-widget elementor-widget-text-editor\" data-id=\"60d37af\" data-element_type=\"widget\" data-e-type=\"widget\" data-widget_type=\"text-editor.default\">\n\t\t\t\t<div class=\"elementor-widget-container\">\n\t\t\t\t\t\t\t\t\t<p>D\u00e9couvrez les avantages de la visualisation \u00e0 double \u00e9cran pour votre espace de travail. Un \u00e9cran est d\u00e9di\u00e9 \u00e0 votre application principale VisiTouch et le deuxi\u00e8me \u00e9cran est disponible pour afficher du contenu suppl\u00e9mentaire tel que des vues 2D\/3D ou des fichiers PDF\/de dessin. Votre flux de travail deviendra plus fluide et optimis\u00e9 que jamais.  <\/p>\n<p>Imaginez avoir tous les outils essentiels et les documents dont vous avez besoin juste devant vous, tout dans une seule unit\u00e9 coh\u00e9rente. Fini les va-et-vient entre les onglets ou la recherche dans des piles de papiers. Avec les \u00e9crans doubles, vous pouvez garder votre attention principale sur la courbure tout en consultant simultan\u00e9ment d&rsquo;autres documents importants sur le deuxi\u00e8me \u00e9cran.  <\/p>\n<p>Cette configuration permet non seulement de gagner du temps, mais aussi de r\u00e9duire le risque d&rsquo;erreurs et d&rsquo;am\u00e9liorer la qualit\u00e9 globale de votre travail.<\/p>\n\t\t\t\t\t\t\t\t<\/div>\n\t\t\t\t<\/div>\n\t\t\t\t<section class=\"elementor-section elementor-inner-section elementor-element elementor-element-84a005b elementor-section-boxed elementor-section-height-default elementor-section-height-default\" data-id=\"84a005b\" data-element_type=\"section\" data-e-type=\"section\">\n\t\t\t\t\t\t<div class=\"elementor-container elementor-column-gap-default\">\n\t\t\t\t\t<div class=\"elementor-column elementor-col-33 elementor-inner-column elementor-element elementor-element-f84aea3\" data-id=\"f84aea3\" data-element_type=\"column\" data-e-type=\"column\">\n\t\t\t<div class=\"elementor-widget-wrap elementor-element-populated\">\n\t\t\t\t\t\t<div class=\"elementor-element elementor-element-dd16c94 elementor-align-justify elementor-widget__width-initial elementor-widget elementor-widget-button\" data-id=\"dd16c94\" data-element_type=\"widget\" data-e-type=\"widget\" data-widget_type=\"button.default\">\n\t\t\t\t<div class=\"elementor-widget-container\">\n\t\t\t\t\t\t\t\t\t<div class=\"elementor-button-wrapper\">\n\t\t\t\t\t<a class=\"elementor-button elementor-button-link elementor-size-sm\" href=\"https:\/\/cybelec.ch\/wp-content\/uploads\/2025\/02\/Flyer_VisiTouch_DualScreen_V1.0_EN.pdf\" target=\"_blank\">\n\t\t\t\t\t\t<span class=\"elementor-button-content-wrapper\">\n\t\t\t\t\t\t\t\t\t<span class=\"elementor-button-text\">T\u00e9l\u00e9charger le flyer<\/span>\n\t\t\t\t\t<\/span>\n\t\t\t\t\t<\/a>\n\t\t\t\t<\/div>\n\t\t\t\t\t\t\t\t<\/div>\n\t\t\t\t<\/div>\n\t\t\t\t\t<\/div>\n\t\t<\/div>\n\t\t\t\t<div class=\"elementor-column elementor-col-33 elementor-inner-column elementor-element elementor-element-eef4af9\" data-id=\"eef4af9\" data-element_type=\"column\" data-e-type=\"column\">\n\t\t\t<div class=\"elementor-widget-wrap\">\n\t\t\t\t\t\t\t<\/div>\n\t\t<\/div>\n\t\t\t\t<div class=\"elementor-column elementor-col-33 elementor-inner-column elementor-element elementor-element-bce1c75\" data-id=\"bce1c75\" data-element_type=\"column\" data-e-type=\"column\">\n\t\t\t<div class=\"elementor-widget-wrap\">\n\t\t\t\t\t\t\t<\/div>\n\t\t<\/div>\n\t\t\t\t\t<\/div>\n\t\t<\/section>\n\t\t\t\t\t<\/div>\n\t\t<\/div>\n\t\t\t\t\t<\/div>\n\t\t<\/section>\n\t\t\t\t<section class=\"elementor-section elementor-top-section elementor-element elementor-element-c5966f5 elementor-section-boxed elementor-section-height-default elementor-section-height-default\" data-id=\"c5966f5\" data-element_type=\"section\" data-e-type=\"section\">\n\t\t\t\t\t\t<div class=\"elementor-container elementor-column-gap-default\">\n\t\t\t\t\t<div class=\"elementor-column elementor-col-100 elementor-top-column elementor-element elementor-element-9945ef1\" data-id=\"9945ef1\" data-element_type=\"column\" data-e-type=\"column\">\n\t\t\t<div class=\"elementor-widget-wrap elementor-element-populated\">\n\t\t\t\t\t\t<div class=\"elementor-element elementor-element-48a4062 elementor-tabs-view-horizontal elementor-widget elementor-widget-tabs\" data-id=\"48a4062\" data-element_type=\"widget\" data-e-type=\"widget\" data-widget_type=\"tabs.default\">\n\t\t\t\t<div class=\"elementor-widget-container\">\n\t\t\t\t\t\t\t<div class=\"elementor-tabs\">\n\t\t\t<div class=\"elementor-tabs-wrapper\" role=\"tablist\" >\n\t\t\t\t\t\t\t\t\t<div id=\"elementor-tab-title-7611\" class=\"elementor-tab-title elementor-tab-desktop-title\" aria-selected=\"true\" data-tab=\"1\" role=\"tab\" tabindex=\"0\" aria-controls=\"elementor-tab-content-7611\" aria-expanded=\"false\">Principales fonctions pour l'utilisateur<\/div>\n\t\t\t\t\t\t\t\t\t<div id=\"elementor-tab-title-7612\" class=\"elementor-tab-title elementor-tab-desktop-title\" aria-selected=\"false\" data-tab=\"2\" role=\"tab\" tabindex=\"-1\" aria-controls=\"elementor-tab-content-7612\" aria-expanded=\"false\">Informations pour la commande<\/div>\n\t\t\t\t\t\t\t<\/div>\n\t\t\t<div class=\"elementor-tabs-content-wrapper\" role=\"tablist\" aria-orientation=\"vertical\">\n\t\t\t\t\t\t\t\t\t<div class=\"elementor-tab-title elementor-tab-mobile-title\" aria-selected=\"true\" data-tab=\"1\" role=\"tab\" tabindex=\"0\" aria-controls=\"elementor-tab-content-7611\" aria-expanded=\"false\">Principales fonctions pour l'utilisateur<\/div>\n\t\t\t\t\t<div id=\"elementor-tab-content-7611\" class=\"elementor-tab-content elementor-clearfix\" data-tab=\"1\" role=\"tabpanel\" aria-labelledby=\"elementor-tab-title-7611\" tabindex=\"0\" hidden=\"false\"><ul>\n<li><strong>Productivit\u00e9 am\u00e9lior\u00e9e<\/strong><\/li>\n<\/ul>\n<p style=\"padding-left: 40px;\">Avec deux \u00e9crans, le multit\u00e2che devient fluide. Vous pouvez travailler sur votre projet principal tout en consultant d&rsquo;autres documents sans perturber votre concentration.<\/p>\n<ul>\n<li><strong>Concentration et pr\u00e9cision am\u00e9lior\u00e9es :<\/strong><\/li>\n<\/ul>\n<p style=\"padding-left: 40px;\">Avoir toutes les informations n\u00e9cessaires en 2D\/3D affich\u00e9es simultan\u00e9ment r\u00e9duit le risque d&rsquo;erreurs et vous permet de maintenir une meilleure concentration sur vos t\u00e2ches.<\/p>\n<ul>\n<li><strong>Commodit\u00e9 et efficacit\u00e9 :<\/strong><\/li>\n<\/ul>\n<p style=\"padding-left: 40px;\">Tout ce dont vous avez besoin est \u00e0 port\u00e9e de main, parfaitement organis\u00e9 dans votre configuration \u00e0 double \u00e9cran. Cela garantit que vous pouvez acc\u00e9der rapidement aux documents n\u00e9cessaires et les consulter pr\u00e9cis\u00e9ment quand vous en avez besoin.<\/p>\n<\/div>\n\t\t\t\t\t\t\t\t\t<div class=\"elementor-tab-title elementor-tab-mobile-title\" aria-selected=\"false\" data-tab=\"2\" role=\"tab\" tabindex=\"-1\" aria-controls=\"elementor-tab-content-7612\" aria-expanded=\"false\">Informations pour la commande<\/div>\n\t\t\t\t\t<div id=\"elementor-tab-content-7612\" class=\"elementor-tab-content elementor-clearfix\" data-tab=\"2\" role=\"tabpanel\" aria-labelledby=\"elementor-tab-title-7612\" tabindex=\"0\" hidden=\"hidden\"><p class=\"MsoNormal\"><span lang=\"EN-US\">En plus du contr\u00f4le num\u00e9rique VisiTouch Pac ou VisiTouch Pac MX :<\/span><\/p><p class=\"MsoNormal\"><span lang=\"EN-US\"><strong>VST-19<\/strong> Console tactile 19\u2033<\/span><\/p><p class=\"MsoNormal\"><span lang=\"EN-US\"><strong>OPT-DS<\/strong> Option VisiTouch Pac \u00e0 double \u00e9cran comprenant des c\u00e2bles DVI et USB de 1 m <\/span><\/p><p class=\"MsoNormal\"><span lang=\"EN-US\"><strong>OPT-MPDS<\/strong> Pi\u00e8ce de montage pour double \u00e9cran (entre les deux \u00e9crans)<\/span><\/p><\/div>\n\t\t\t\t\t\t\t<\/div>\n\t\t<\/div>\n\t\t\t\t\t\t<\/div>\n\t\t\t\t<\/div>\n\t\t\t\t\t<\/div>\n\t\t<\/div>\n\t\t\t\t\t<\/div>\n\t\t<\/section>\n\t\t\t\t<section class=\"elementor-section elementor-top-section elementor-element elementor-element-5dd46bc elementor-section-boxed elementor-section-height-default elementor-section-height-default\" data-id=\"5dd46bc\" data-element_type=\"section\" data-e-type=\"section\">\n\t\t\t\t\t\t<div class=\"elementor-container elementor-column-gap-default\">\n\t\t\t\t\t\t<\/div>\n\t\t<\/section>\n\t\t\t\t<section class=\"elementor-section elementor-top-section elementor-element elementor-element-ed41439 elementor-section-boxed elementor-section-height-default elementor-section-height-default\" data-id=\"ed41439\" data-element_type=\"section\" data-e-type=\"section\">\n\t\t\t\t\t\t<div class=\"elementor-container elementor-column-gap-default\">\n\t\t\t\t\t\t<\/div>\n\t\t<\/section>\n\t\t\t\t<section class=\"elementor-section elementor-top-section elementor-element elementor-element-5dcb07f elementor-section-boxed elementor-section-height-default elementor-section-height-default\" data-id=\"5dcb07f\" data-element_type=\"section\" data-e-type=\"section\">\n\t\t\t\t\t\t<div class=\"elementor-container elementor-column-gap-default\">\n\t\t\t\t\t\t<\/div>\n\t\t<\/section>\n\t\t\t\t<section class=\"elementor-section elementor-top-section elementor-element elementor-element-2f094b3 elementor-section-boxed elementor-section-height-default elementor-section-height-default\" data-id=\"2f094b3\" data-element_type=\"section\" data-e-type=\"section\">\n\t\t\t\t\t\t<div class=\"elementor-container elementor-column-gap-default\">\n\t\t\t\t\t\t<\/div>\n\t\t<\/section>\n\t\t\t\t<section class=\"elementor-section elementor-top-section elementor-element elementor-element-7ae8a58 elementor-section-boxed elementor-section-height-default elementor-section-height-default\" data-id=\"7ae8a58\" data-element_type=\"section\" data-e-type=\"section\">\n\t\t\t\t\t\t<div class=\"elementor-container elementor-column-gap-default\">\n\t\t\t\t\t\t<\/div>\n\t\t<\/section>\n\t\t\t\t<section class=\"elementor-section elementor-top-section elementor-element elementor-element-9dd5a14 elementor-section-boxed elementor-section-height-default elementor-section-height-default\" data-id=\"9dd5a14\" data-element_type=\"section\" data-e-type=\"section\">\n\t\t\t\t\t\t<div class=\"elementor-container elementor-column-gap-default\">\n\t\t\t\t\t\t<\/div>\n\t\t<\/section>\n\t\t\t\t<section class=\"elementor-section elementor-top-section elementor-element elementor-element-692a198 elementor-section-boxed elementor-section-height-default elementor-section-height-default\" data-id=\"692a198\" data-element_type=\"section\" data-e-type=\"section\">\n\t\t\t\t\t\t<div class=\"elementor-container elementor-column-gap-default\">\n\t\t\t\t\t\t<\/div>\n\t\t<\/section>\n\t\t\t\t<section class=\"elementor-section elementor-top-section elementor-element elementor-element-d560870 elementor-section-boxed elementor-section-height-default elementor-section-height-default\" data-id=\"d560870\" data-element_type=\"section\" data-e-type=\"section\">\n\t\t\t\t\t\t<div class=\"elementor-container elementor-column-gap-default\">\n\t\t\t\t\t\t<\/div>\n\t\t<\/section>\n\t\t\t\t<section class=\"elementor-section elementor-top-section elementor-element elementor-element-5223ba8 elementor-section-boxed elementor-section-height-default elementor-section-height-default\" data-id=\"5223ba8\" data-element_type=\"section\" data-e-type=\"section\">\n\t\t\t\t\t\t<div class=\"elementor-container elementor-column-gap-default\">\n\t\t\t\t\t<div class=\"elementor-column elementor-col-100 elementor-top-column elementor-element elementor-element-a1e84a9\" data-id=\"a1e84a9\" data-element_type=\"column\" data-e-type=\"column\">\n\t\t\t<div class=\"elementor-widget-wrap\">\n\t\t\t\t\t\t\t<\/div>\n\t\t<\/div>\n\t\t\t\t\t<\/div>\n\t\t<\/section>\n\t\t\t\t<section class=\"elementor-section elementor-top-section elementor-element elementor-element-e839d92 elementor-section-boxed elementor-section-height-default elementor-section-height-default\" data-id=\"e839d92\" data-element_type=\"section\" data-e-type=\"section\">\n\t\t\t\t\t\t<div class=\"elementor-container elementor-column-gap-default\">\n\t\t\t\t\t<div class=\"elementor-column elementor-col-100 elementor-top-column elementor-element elementor-element-256608d\" data-id=\"256608d\" data-element_type=\"column\" data-e-type=\"column\">\n\t\t\t<div class=\"elementor-widget-wrap\">\n\t\t\t\t\t\t\t<\/div>\n\t\t<\/div>\n\t\t\t\t\t<\/div>\n\t\t<\/section>\n\t\t\t\t<\/div>\n\t\t","protected":false},"excerpt":{"rendered":"<p>Un flux de travail plus fluide et une pr\u00e9cision accrue caract\u00e9risent VisiTouch Double \u00c9cran. D\u00e9couvrez les avantages de la visualisation \u00e0 double \u00e9cran pour votre espace de travail. Un \u00e9cran est d\u00e9di\u00e9 \u00e0 votre application principale VisiTouch et le deuxi\u00e8me \u00e9cran est disponible pour afficher du contenu suppl\u00e9mentaire tel que des vues 2D\/3D ou des [&hellip;]<\/p>\n","protected":false},"author":1,"featured_media":0,"parent":0,"menu_order":0,"comment_status":"closed","ping_status":"closed","template":"elementor_header_footer","meta":{"site-sidebar-layout":"no-sidebar","site-content-layout":"page-builder","ast-site-content-layout":"full-width-container","site-content-style":"default","site-sidebar-style":"default","ast-global-header-display":"","ast-banner-title-visibility":"","ast-main-header-display":"","ast-hfb-above-header-display":"","ast-hfb-below-header-display":"","ast-hfb-mobile-header-display":"","site-post-title":"disabled","ast-breadcrumbs-content":"","ast-featured-img":"disabled","footer-sml-layout":"","ast-disable-related-posts":"","theme-transparent-header-meta":"","adv-header-id-meta":"","stick-header-meta":"","header-above-stick-meta":"","header-main-stick-meta":"","header-below-stick-meta":"","astra-migrate-meta-layouts":"default","ast-page-background-enabled":"default","ast-page-background-meta":{"desktop":{"background-color":"","background-image":"","background-repeat":"repeat","background-position":"center center","background-size":"auto","background-attachment":"scroll","background-type":"","background-media":"","overlay-type":"","overlay-color":"","overlay-opacity":"","overlay-gradient":""},"tablet":{"background-color":"","background-image":"","background-repeat":"repeat","background-position":"center center","background-size":"auto","background-attachment":"scroll","background-type":"","background-media":"","overlay-type":"","overlay-color":"","overlay-opacity":"","overlay-gradient":""},"mobile":{"background-color":"","background-image":"","background-repeat":"repeat","background-position":"center center","background-size":"auto","background-attachment":"scroll","background-type":"","background-media":"","overlay-type":"","overlay-color":"","overlay-opacity":"","overlay-gradient":""}},"ast-content-background-meta":{"desktop":{"background-color":"var(--ast-global-color-5)","background-image":"","background-repeat":"repeat","background-position":"center center","background-size":"auto","background-attachment":"scroll","background-type":"","background-media":"","overlay-type":"","overlay-color":"","overlay-opacity":"","overlay-gradient":""},"tablet":{"background-color":"var(--ast-global-color-5)","background-image":"","background-repeat":"repeat","background-position":"center center","background-size":"auto","background-attachment":"scroll","background-type":"","background-media":"","overlay-type":"","overlay-color":"","overlay-opacity":"","overlay-gradient":""},"mobile":{"background-color":"var(--ast-global-color-5)","background-image":"","background-repeat":"repeat","background-position":"center center","background-size":"auto","background-attachment":"scroll","background-type":"","background-media":"","overlay-type":"","overlay-color":"","overlay-opacity":"","overlay-gradient":""}},"footnotes":""},"class_list":["post-25557","page","type-page","status-publish","hentry"],"aioseo_notices":[],"_links":{"self":[{"href":"https:\/\/cybelec.ch\/fr\/wp-json\/wp\/v2\/pages\/25557","targetHints":{"allow":["GET"]}}],"collection":[{"href":"https:\/\/cybelec.ch\/fr\/wp-json\/wp\/v2\/pages"}],"about":[{"href":"https:\/\/cybelec.ch\/fr\/wp-json\/wp\/v2\/types\/page"}],"author":[{"embeddable":true,"href":"https:\/\/cybelec.ch\/fr\/wp-json\/wp\/v2\/users\/1"}],"replies":[{"embeddable":true,"href":"https:\/\/cybelec.ch\/fr\/wp-json\/wp\/v2\/comments?post=25557"}],"version-history":[{"count":28,"href":"https:\/\/cybelec.ch\/fr\/wp-json\/wp\/v2\/pages\/25557\/revisions"}],"predecessor-version":[{"id":26051,"href":"https:\/\/cybelec.ch\/fr\/wp-json\/wp\/v2\/pages\/25557\/revisions\/26051"}],"wp:attachment":[{"href":"https:\/\/cybelec.ch\/fr\/wp-json\/wp\/v2\/media?parent=25557"}],"curies":[{"name":"wp","href":"https:\/\/api.w.org\/{rel}","templated":true}]}}