{"id":16509,"date":"2020-10-06T10:35:20","date_gmt":"2020-10-06T10:35:20","guid":{"rendered":"https:\/\/cybelec.ch\/formazione\/"},"modified":"2023-06-26T14:45:23","modified_gmt":"2023-06-26T14:45:23","slug":"formazione","status":"publish","type":"page","link":"https:\/\/cybelec.ch\/it\/formazione\/","title":{"rendered":"Formazione"},"content":{"rendered":"\t\t<div data-elementor-type=\"wp-page\" data-elementor-id=\"16509\" class=\"elementor elementor-16509 elementor-126\" data-elementor-post-type=\"page\">\n\t\t\t\t\t\t<section class=\"elementor-section elementor-top-section elementor-element elementor-element-5368535d elementor-section-boxed elementor-section-height-default elementor-section-height-default\" data-id=\"5368535d\" data-element_type=\"section\" data-e-type=\"section\">\n\t\t\t\t\t\t<div class=\"elementor-container elementor-column-gap-default\">\n\t\t\t\t\t<div class=\"elementor-column elementor-col-100 elementor-top-column elementor-element elementor-element-7225afe9\" data-id=\"7225afe9\" data-element_type=\"column\" data-e-type=\"column\" data-settings=\"{&quot;background_background&quot;:&quot;classic&quot;}\">\n\t\t\t<div class=\"elementor-widget-wrap elementor-element-populated\">\n\t\t\t\t\t\t\t<\/div>\n\t\t<\/div>\n\t\t\t\t\t<\/div>\n\t\t<\/section>\n\t\t\t\t<section class=\"elementor-section elementor-top-section elementor-element elementor-element-2b91ec91 elementor-section-boxed elementor-section-height-default elementor-section-height-default\" data-id=\"2b91ec91\" data-element_type=\"section\" data-e-type=\"section\">\n\t\t\t\t\t\t<div class=\"elementor-container elementor-column-gap-no\">\n\t\t\t\t\t<div class=\"elementor-column elementor-col-50 elementor-top-column elementor-element elementor-element-111ba7b5\" data-id=\"111ba7b5\" data-element_type=\"column\" data-e-type=\"column\">\n\t\t\t<div class=\"elementor-widget-wrap elementor-element-populated\">\n\t\t\t\t\t\t<div class=\"elementor-element elementor-element-3a996ac1 elementor-widget elementor-widget-heading\" data-id=\"3a996ac1\" data-element_type=\"widget\" data-e-type=\"widget\" data-widget_type=\"heading.default\">\n\t\t\t\t<div class=\"elementor-widget-container\">\n\t\t\t\t\t<h3 class=\"elementor-heading-title elementor-size-default\">online<\/h3>\t\t\t\t<\/div>\n\t\t\t\t<\/div>\n\t\t\t\t\t<\/div>\n\t\t<\/div>\n\t\t\t\t<div class=\"elementor-column elementor-col-50 elementor-top-column elementor-element elementor-element-577347b3\" data-id=\"577347b3\" data-element_type=\"column\" data-e-type=\"column\">\n\t\t\t<div class=\"elementor-widget-wrap elementor-element-populated\">\n\t\t\t\t\t\t<div class=\"elementor-element elementor-element-73234a11 elementor-widget elementor-widget-text-editor\" data-id=\"73234a11\" data-element_type=\"widget\" data-e-type=\"widget\" data-widget_type=\"text-editor.default\">\n\t\t\t\t<div class=\"elementor-widget-container\">\n\t\t\t\t\t\t\t\t\t<p>Avere installato le versioni demo, conoscere tutte le funzioni\/possibilit\u00e0 dei controlli CybTouch e VisiTouch, risparmiare tempo durante le fasi di messa a punto ed essere ben addestrati \u00e8 probabilmente una priorit\u00e0 per voi.<\/p>\n<p>Offriamo sessioni gratuite su MS Teams della durata da 1 ora a 1,5 ore.<br \/>La lingua \u00e8 l&#8217;inglese. Queste sessioni sono interattive, il che significa che potete fare domande durante il corso.<br \/>Per ulteriori informazioni sulle <strong>prossime sessioni di formazione online<\/strong>, <a href=\"https:\/\/cybelec.ch\/it\/contattateci\/\">contattateci<\/a>.<\/p>\n<ul>\n<li>Installare i simulatori CybTouch <strong>(pressa<\/strong> piegatrice e cesoia)<\/li>\n<li>Installare il simulatore VisiTouch<\/li>\n<li>Installare il software demo VisiTouch MX con il dongle<\/li>\n<li>Software di programmazione numerica e 2D CybTouch e VisiTouch<\/li>\n<li>Presentazione delle apparecchiature e dell&#8217;hardware<\/li>\n<li>Messa a punto \/ Configurazione dei parametri \/ Messa in servizio<\/li>\n<li>Programmazione (creazione di curve, modifiche&#8230;)<\/li>\n<li>Software di programmazione VisiTouch MX<\/li>\n<li>Programmazione: Creazione di macchine, importazione\/esportazione di file 3D,<\/li>\n<li>Simulazione<\/li>\n<li>Per questi corsi di formazione utilizzeremo TeamViewer con il quale \u00e8 possibile effettuare riunioni con un massimo di 25 partecipanti.<\/li>\n<\/ul>\n<p>Ora non vi resta che comunicarci il vostro interesse, specificando l&#8217;argomento (o gli argomenti) e le date in cui sareste disponibili. Possiamo creare programmi di formazione su misura per la vostra azienda. Desidera ulteriori informazioni? Saremo lieti di fissare una telefonata veloce per discuterne pi\u00f9 dettagliatamente.<\/p>\n\t\t\t\t\t\t\t\t<\/div>\n\t\t\t\t<\/div>\n\t\t\t\t\t<\/div>\n\t\t<\/div>\n\t\t\t\t\t<\/div>\n\t\t<\/section>\n\t\t\t\t<section class=\"elementor-section elementor-top-section elementor-element elementor-element-a9ccf06 elementor-section-boxed elementor-section-height-default elementor-section-height-default\" data-id=\"a9ccf06\" data-element_type=\"section\" data-e-type=\"section\">\n\t\t\t\t\t\t<div class=\"elementor-container elementor-column-gap-no\">\n\t\t\t\t\t<div class=\"elementor-column elementor-col-100 elementor-top-column elementor-element elementor-element-5585507\" data-id=\"5585507\" data-element_type=\"column\" data-e-type=\"column\">\n\t\t\t<div class=\"elementor-widget-wrap elementor-element-populated\">\n\t\t\t\t\t\t<div class=\"elementor-element elementor-element-eb58f82 elementor-widget-divider--view-line elementor-widget elementor-widget-divider\" data-id=\"eb58f82\" data-element_type=\"widget\" data-e-type=\"widget\" data-widget_type=\"divider.default\">\n\t\t\t\t<div class=\"elementor-widget-container\">\n\t\t\t\t\t\t\t<div class=\"elementor-divider\">\n\t\t\t<span class=\"elementor-divider-separator\">\n\t\t\t\t\t\t<\/span>\n\t\t<\/div>\n\t\t\t\t\t\t<\/div>\n\t\t\t\t<\/div>\n\t\t\t\t\t<\/div>\n\t\t<\/div>\n\t\t\t\t\t<\/div>\n\t\t<\/section>\n\t\t\t\t<section class=\"elementor-section elementor-top-section elementor-element elementor-element-bb89f36 elementor-section-boxed elementor-section-height-default elementor-section-height-default\" data-id=\"bb89f36\" data-element_type=\"section\" data-e-type=\"section\">\n\t\t\t\t\t\t<div class=\"elementor-container elementor-column-gap-no\">\n\t\t\t\t\t<div class=\"elementor-column elementor-col-50 elementor-top-column elementor-element elementor-element-885abe8\" data-id=\"885abe8\" data-element_type=\"column\" data-e-type=\"column\">\n\t\t\t<div class=\"elementor-widget-wrap elementor-element-populated\">\n\t\t\t\t\t\t<div class=\"elementor-element elementor-element-699bfcb elementor-widget elementor-widget-heading\" data-id=\"699bfcb\" data-element_type=\"widget\" data-e-type=\"widget\" data-widget_type=\"heading.default\">\n\t\t\t\t<div class=\"elementor-widget-container\">\n\t\t\t\t\t<h3 class=\"elementor-heading-title elementor-size-default\">sul nostro sito<\/h3>\t\t\t\t<\/div>\n\t\t\t\t<\/div>\n\t\t\t\t\t<\/div>\n\t\t<\/div>\n\t\t\t\t<div class=\"elementor-column elementor-col-50 elementor-top-column elementor-element elementor-element-44238fc\" data-id=\"44238fc\" data-element_type=\"column\" data-e-type=\"column\">\n\t\t\t<div class=\"elementor-widget-wrap elementor-element-populated\">\n\t\t\t\t\t\t<div class=\"elementor-element elementor-element-ce07c28 elementor-widget elementor-widget-text-editor\" data-id=\"ce07c28\" data-element_type=\"widget\" data-e-type=\"widget\" data-widget_type=\"text-editor.default\">\n\t\t\t\t<div class=\"elementor-widget-container\">\n\t\t\t\t\t\t\t\t\t<p>Formatori appositamente qualificati e certificati vi forniscono la formazione per Integratore \/ Partner di sistema e Operatore \/ Programmatore.<\/p>\n<p>Forniscono conoscenze con l&#8217;aiuto di attrezzature tecniche all&#8217;avanguardia.<\/p>\n\t\t\t\t\t\t\t\t<\/div>\n\t\t\t\t<\/div>\n\t\t\t\t\t<\/div>\n\t\t<\/div>\n\t\t\t\t\t<\/div>\n\t\t<\/section>\n\t\t\t\t<\/div>\n\t\t","protected":false},"excerpt":{"rendered":"<p>online Avere installato le versioni demo, conoscere tutte le funzioni\/possibilit\u00e0 dei controlli CybTouch e VisiTouch, risparmiare tempo durante le fasi di messa a punto ed essere ben addestrati \u00e8 probabilmente una priorit\u00e0 per voi. Offriamo sessioni gratuite su MS Teams della durata da 1 ora a 1,5 ore.La lingua \u00e8 l&#8217;inglese. Queste sessioni sono interattive, [&hellip;]<\/p>\n","protected":false},"author":1,"featured_media":0,"parent":0,"menu_order":0,"comment_status":"closed","ping_status":"closed","template":"elementor_header_footer","meta":{"site-sidebar-layout":"default","site-content-layout":"","ast-site-content-layout":"default","site-content-style":"default","site-sidebar-style":"default","ast-global-header-display":"","ast-banner-title-visibility":"","ast-main-header-display":"","ast-hfb-above-header-display":"","ast-hfb-below-header-display":"","ast-hfb-mobile-header-display":"","site-post-title":"","ast-breadcrumbs-content":"","ast-featured-img":"","footer-sml-layout":"","ast-disable-related-posts":"","theme-transparent-header-meta":"","adv-header-id-meta":"","stick-header-meta":"","header-above-stick-meta":"","header-main-stick-meta":"","header-below-stick-meta":"","astra-migrate-meta-layouts":"default","ast-page-background-enabled":"default","ast-page-background-meta":{"desktop":{"background-color":"","background-image":"","background-repeat":"repeat","background-position":"center center","background-size":"auto","background-attachment":"scroll","background-type":"","background-media":"","overlay-type":"","overlay-color":"","overlay-opacity":"","overlay-gradient":""},"tablet":{"background-color":"","background-image":"","background-repeat":"repeat","background-position":"center center","background-size":"auto","background-attachment":"scroll","background-type":"","background-media":"","overlay-type":"","overlay-color":"","overlay-opacity":"","overlay-gradient":""},"mobile":{"background-color":"","background-image":"","background-repeat":"repeat","background-position":"center center","background-size":"auto","background-attachment":"scroll","background-type":"","background-media":"","overlay-type":"","overlay-color":"","overlay-opacity":"","overlay-gradient":""}},"ast-content-background-meta":{"desktop":{"background-color":"var(--ast-global-color-5)","background-image":"","background-repeat":"repeat","background-position":"center center","background-size":"auto","background-attachment":"scroll","background-type":"","background-media":"","overlay-type":"","overlay-color":"","overlay-opacity":"","overlay-gradient":""},"tablet":{"background-color":"var(--ast-global-color-5)","background-image":"","background-repeat":"repeat","background-position":"center center","background-size":"auto","background-attachment":"scroll","background-type":"","background-media":"","overlay-type":"","overlay-color":"","overlay-opacity":"","overlay-gradient":""},"mobile":{"background-color":"var(--ast-global-color-5)","background-image":"","background-repeat":"repeat","background-position":"center center","background-size":"auto","background-attachment":"scroll","background-type":"","background-media":"","overlay-type":"","overlay-color":"","overlay-opacity":"","overlay-gradient":""}},"footnotes":""},"class_list":["post-16509","page","type-page","status-publish","hentry"],"aioseo_notices":[],"_links":{"self":[{"href":"https:\/\/cybelec.ch\/it\/wp-json\/wp\/v2\/pages\/16509","targetHints":{"allow":["GET"]}}],"collection":[{"href":"https:\/\/cybelec.ch\/it\/wp-json\/wp\/v2\/pages"}],"about":[{"href":"https:\/\/cybelec.ch\/it\/wp-json\/wp\/v2\/types\/page"}],"author":[{"embeddable":true,"href":"https:\/\/cybelec.ch\/it\/wp-json\/wp\/v2\/users\/1"}],"replies":[{"embeddable":true,"href":"https:\/\/cybelec.ch\/it\/wp-json\/wp\/v2\/comments?post=16509"}],"version-history":[{"count":0,"href":"https:\/\/cybelec.ch\/it\/wp-json\/wp\/v2\/pages\/16509\/revisions"}],"wp:attachment":[{"href":"https:\/\/cybelec.ch\/it\/wp-json\/wp\/v2\/media?parent=16509"}],"curies":[{"name":"wp","href":"https:\/\/api.w.org\/{rel}","templated":true}]}}