{"id":23289,"date":"2024-06-05T09:23:30","date_gmt":"2024-06-05T07:23:30","guid":{"rendered":"https:\/\/cybelec.ch\/altre-soluzioni\/"},"modified":"2024-06-12T10:06:11","modified_gmt":"2024-06-12T08:06:11","slug":"altre-soluzioni","status":"publish","type":"page","link":"https:\/\/cybelec.ch\/it\/altre-soluzioni\/","title":{"rendered":"Altre soluzioni"},"content":{"rendered":"\t\t<div data-elementor-type=\"wp-page\" data-elementor-id=\"23289\" class=\"elementor elementor-23289 elementor-22935\" data-elementor-post-type=\"page\">\n\t\t\t\t\t\t<section class=\"elementor-section elementor-top-section elementor-element elementor-element-330e41e elementor-reverse-mobile elementor-section-boxed elementor-section-height-default elementor-section-height-default\" data-id=\"330e41e\" data-element_type=\"section\" data-e-type=\"section\">\n\t\t\t\t\t\t<div class=\"elementor-container elementor-column-gap-no\">\n\t\t\t\t\t<div class=\"elementor-column elementor-col-50 elementor-top-column elementor-element elementor-element-b8e041f\" data-id=\"b8e041f\" data-element_type=\"column\" data-e-type=\"column\">\n\t\t\t<div class=\"elementor-widget-wrap elementor-element-populated\">\n\t\t\t\t\t\t<div class=\"elementor-element elementor-element-6739271 elementor-widget elementor-widget-gallery\" data-id=\"6739271\" data-element_type=\"widget\" data-e-type=\"widget\" data-settings=\"{&quot;columns&quot;:1,&quot;aspect_ratio&quot;:&quot;1:1&quot;,&quot;columns_mobile&quot;:2,&quot;lazyload&quot;:&quot;yes&quot;,&quot;gallery_layout&quot;:&quot;grid&quot;,&quot;columns_tablet&quot;:2,&quot;gap&quot;:{&quot;unit&quot;:&quot;px&quot;,&quot;size&quot;:10,&quot;sizes&quot;:[]},&quot;gap_tablet&quot;:{&quot;unit&quot;:&quot;px&quot;,&quot;size&quot;:10,&quot;sizes&quot;:[]},&quot;gap_mobile&quot;:{&quot;unit&quot;:&quot;px&quot;,&quot;size&quot;:10,&quot;sizes&quot;:[]},&quot;link_to&quot;:&quot;file&quot;,&quot;content_hover_animation&quot;:&quot;fade-in&quot;}\" data-widget_type=\"gallery.default\">\n\t\t\t\t<div class=\"elementor-widget-container\">\n\t\t\t\t\t\t\t<div class=\"elementor-gallery__container\">\n\t\t\t\t\t\t\t<a class=\"e-gallery-item elementor-gallery-item elementor-animated-content\" href=\"https:\/\/cybelec.ch\/wp-content\/uploads\/2024\/02\/Infranor-Product-Lines.png\" data-elementor-open-lightbox=\"yes\" data-elementor-lightbox-slideshow=\"6739271\" data-e-action-hash=\"#elementor-action%3Aaction%3Dlightbox%26settings%3DeyJpZCI6MjA5NzEsInVybCI6Imh0dHBzOlwvXC9jeWJlbGVjLmNoXC93cC1jb250ZW50XC91cGxvYWRzXC8yMDI0XC8wMlwvSW5mcmFub3ItUHJvZHVjdC1MaW5lcy5wbmciLCJzbGlkZXNob3ciOiI2NzM5MjcxIn0%3D\">\n\t\t\t\t\t<div class=\"e-gallery-image elementor-gallery-item__image\" data-thumbnail=\"https:\/\/cybelec.ch\/wp-content\/uploads\/2024\/02\/Infranor-Product-Lines.png\" data-width=\"319\" data-height=\"280\" aria-label=\"\" role=\"img\" ><\/div>\n\t\t\t\t\t\t\t\t\t\t\t\t\t\t<\/a>\n\t\t\t\t\t<\/div>\n\t\t\t\t\t<\/div>\n\t\t\t\t<\/div>\n\t\t\t\t\t<\/div>\n\t\t<\/div>\n\t\t\t\t<div class=\"elementor-column elementor-col-50 elementor-top-column elementor-element elementor-element-61fcea8\" data-id=\"61fcea8\" data-element_type=\"column\" data-e-type=\"column\">\n\t\t\t<div class=\"elementor-widget-wrap elementor-element-populated\">\n\t\t\t\t\t\t<div class=\"elementor-element elementor-element-064f370 elementor-widget elementor-widget-heading\" data-id=\"064f370\" data-element_type=\"widget\" data-e-type=\"widget\" data-widget_type=\"heading.default\">\n\t\t\t\t<div class=\"elementor-widget-container\">\n\t\t\t\t\t<h2 class=\"elementor-heading-title elementor-size-default\">Other Solutions presenta soluzioni all'avanguardia per la precisione e l'efficienza nella produzione di macchine utensili:<\/h2>\t\t\t\t<\/div>\n\t\t\t\t<\/div>\n\t\t\t\t<div class=\"elementor-element elementor-element-3cf9e5b elementor-widget elementor-widget-text-editor\" data-id=\"3cf9e5b\" data-element_type=\"widget\" data-e-type=\"widget\" data-widget_type=\"text-editor.default\">\n\t\t\t\t<div class=\"elementor-widget-container\">\n\t\t\t\t\t\t\t\t\t<p style=\"font-size: 15px; font-style: normal; font-weight: 400; color: #3a3a3a;\"><span lang=\"EN-US\" style=\"font-size: 15px; font-family: 'Segoe UI', sans-serif; color: #374151; background-image: initial; background-position: initial; background-size: initial; background-repeat: initial; background-attachment: initial; background-origin: initial; background-clip: initial;\">Cybelec \u00e8 un rinomato fornitore di soluzioni di controllo numerico per macchine utensili, presse piegatrici e sistemi di automazione. Controlli CNC per macchine utensili: controllo preciso delle operazioni di lavorazione per una maggiore precisione e produttivit\u00e0.. <\/span><\/p>\n<p style=\"font-size: 15px; font-style: normal; font-weight: 400; color: #3a3a3a;\"><span lang=\"EN-US\" style=\"font-size: 15px; font-family: 'Segoe UI', sans-serif; color: #374151; background-image: initial; background-position: initial; background-size: initial; background-repeat: initial; background-attachment: initial; background-origin: initial; background-clip: initial;\">Infranor \u00e8 specializzata in sistemi di servoazionamento e soluzioni di controllo del movimento per applicazioni di automazione industriale. <\/span><span style=\"font-size: 15px; color: #374151; font-family: 'Segoe UI', sans-serif; text-indent: -18pt;\">Servoazionamenti: Forniscono un controllo preciso della velocit\u00e0 e della posizione del motore per un controllo del movimento continuo. S<\/span><span style=\"font-size: 15px; color: #374151; font-family: 'Segoe UI', sans-serif; text-indent: -18pt;\">Motori ervo: Forniscono soluzioni affidabili e ad alte prestazioni per varie applicazioni di movimento. <\/span><span style=\"font-size: 15px; color: #374151; font-family: 'Segoe UI', sans-serif; text-indent: -18pt;\">Tutti gli altri prodotti: Riduttori armonici, Robot Joint e sistemi di bloccaggio, mandrini e tavole rotanti. <\/span> <\/p>\n<p style=\"font-size: 15px; font-style: normal; font-weight: 400; color: #3a3a3a;\"><span lang=\"EN-US\" style=\"font-size: 15px; font-family: 'Segoe UI', sans-serif; color: #374151; background-image: initial; background-position: initial; background-size: initial; background-repeat: initial; background-attachment: initial; background-origin: initial; background-clip: initial;\">L&#8217;integrazione delle soluzioni CNC e di automazione Cybelec con i sistemi di servoazionamento Infranor offre prestazioni e flessibilit\u00e0 senza precedenti. Insieme, consentono ai produttori di ottenere una maggiore precisione, una maggiore produttivit\u00e0 e una maggiore flessibilit\u00e0 nelle operazioni con le macchine utensili. <\/span><\/p>\n<p style=\"font-size: 15px; font-style: normal; font-weight: 400; color: #3a3a3a;\"><span lang=\"EN-US\" style=\"font-size: 15px; font-family: 'Segoe UI', sans-serif; color: #374151; background-image: initial; background-position: initial; background-size: initial; background-repeat: initial; background-attachment: initial; background-origin: initial; background-clip: initial;\">Sfruttando i loro prodotti avanzati e la loro esperienza, i produttori possono essere all&#8217;avanguardia e prosperare nell&#8217;attuale panorama competitivo del mercato.<\/span><span style=\"color: #374151; font-family: 'Segoe UI', sans-serif; font-size: 15px; text-indent: -18pt;\">         <\/span><\/p>\n\t\t\t\t\t\t\t\t<\/div>\n\t\t\t\t<\/div>\n\t\t\t\t<section class=\"elementor-section elementor-inner-section elementor-element elementor-element-3251b41 elementor-section-boxed elementor-section-height-default elementor-section-height-default\" data-id=\"3251b41\" data-element_type=\"section\" data-e-type=\"section\">\n\t\t\t\t\t\t<div class=\"elementor-container elementor-column-gap-default\">\n\t\t\t\t\t<div class=\"elementor-column elementor-col-100 elementor-inner-column elementor-element elementor-element-9b78ef2\" data-id=\"9b78ef2\" data-element_type=\"column\" data-e-type=\"column\">\n\t\t\t<div class=\"elementor-widget-wrap elementor-element-populated\">\n\t\t\t\t\t\t<div class=\"elementor-element elementor-element-8950724 elementor-align-justify elementor-widget__width-initial elementor-widget elementor-widget-button\" data-id=\"8950724\" data-element_type=\"widget\" data-e-type=\"widget\" data-widget_type=\"button.default\">\n\t\t\t\t<div class=\"elementor-widget-container\">\n\t\t\t\t\t\t\t\t\t<div class=\"elementor-button-wrapper\">\n\t\t\t\t\t<a class=\"elementor-button elementor-button-link elementor-size-sm\" href=\"https:\/\/www.infranor.com\" target=\"_blank\">\n\t\t\t\t\t\t<span class=\"elementor-button-content-wrapper\">\n\t\t\t\t\t\t\t\t\t<span class=\"elementor-button-text\">Visita infranor<\/span>\n\t\t\t\t\t<\/span>\n\t\t\t\t\t<\/a>\n\t\t\t\t<\/div>\n\t\t\t\t\t\t\t\t<\/div>\n\t\t\t\t<\/div>\n\t\t\t\t\t<\/div>\n\t\t<\/div>\n\t\t\t\t\t<\/div>\n\t\t<\/section>\n\t\t\t\t\t<\/div>\n\t\t<\/div>\n\t\t\t\t\t<\/div>\n\t\t<\/section>\n\t\t\t\t<section class=\"elementor-section elementor-top-section elementor-element elementor-element-95068f4 elementor-section-boxed elementor-section-height-default elementor-section-height-default\" data-id=\"95068f4\" data-element_type=\"section\" data-e-type=\"section\">\n\t\t\t\t\t\t<div class=\"elementor-container elementor-column-gap-default\">\n\t\t\t\t\t<div class=\"elementor-column elementor-col-100 elementor-top-column elementor-element elementor-element-efd0cf8\" data-id=\"efd0cf8\" data-element_type=\"column\" data-e-type=\"column\">\n\t\t\t<div class=\"elementor-widget-wrap\">\n\t\t\t\t\t\t\t<\/div>\n\t\t<\/div>\n\t\t\t\t\t<\/div>\n\t\t<\/section>\n\t\t\t\t<\/div>\n\t\t","protected":false},"excerpt":{"rendered":"<p>Other Solutions presenta soluzioni all&#8217;avanguardia per la precisione e l&#8217;efficienza nella produzione di macchine utensili: Cybelec \u00e8 un rinomato fornitore di soluzioni di controllo numerico per macchine utensili, presse piegatrici e sistemi di automazione. Controlli CNC per macchine utensili: controllo preciso delle operazioni di lavorazione per una maggiore precisione e produttivit\u00e0.. Infranor \u00e8 specializzata in [&hellip;]<\/p>\n","protected":false},"author":1,"featured_media":0,"parent":0,"menu_order":0,"comment_status":"closed","ping_status":"closed","template":"","meta":{"site-sidebar-layout":"no-sidebar","site-content-layout":"page-builder","ast-site-content-layout":"full-width-container","site-content-style":"default","site-sidebar-style":"default","ast-global-header-display":"","ast-banner-title-visibility":"","ast-main-header-display":"","ast-hfb-above-header-display":"","ast-hfb-below-header-display":"","ast-hfb-mobile-header-display":"","site-post-title":"disabled","ast-breadcrumbs-content":"","ast-featured-img":"disabled","footer-sml-layout":"","ast-disable-related-posts":"","theme-transparent-header-meta":"","adv-header-id-meta":"","stick-header-meta":"","header-above-stick-meta":"","header-main-stick-meta":"","header-below-stick-meta":"","astra-migrate-meta-layouts":"default","ast-page-background-enabled":"default","ast-page-background-meta":{"desktop":{"background-color":"","background-image":"","background-repeat":"repeat","background-position":"center center","background-size":"auto","background-attachment":"scroll","background-type":"","background-media":"","overlay-type":"","overlay-color":"","overlay-opacity":"","overlay-gradient":""},"tablet":{"background-color":"","background-image":"","background-repeat":"repeat","background-position":"center center","background-size":"auto","background-attachment":"scroll","background-type":"","background-media":"","overlay-type":"","overlay-color":"","overlay-opacity":"","overlay-gradient":""},"mobile":{"background-color":"","background-image":"","background-repeat":"repeat","background-position":"center center","background-size":"auto","background-attachment":"scroll","background-type":"","background-media":"","overlay-type":"","overlay-color":"","overlay-opacity":"","overlay-gradient":""}},"ast-content-background-meta":{"desktop":{"background-color":"var(--ast-global-color-5)","background-image":"","background-repeat":"repeat","background-position":"center center","background-size":"auto","background-attachment":"scroll","background-type":"","background-media":"","overlay-type":"","overlay-color":"","overlay-opacity":"","overlay-gradient":""},"tablet":{"background-color":"var(--ast-global-color-5)","background-image":"","background-repeat":"repeat","background-position":"center center","background-size":"auto","background-attachment":"scroll","background-type":"","background-media":"","overlay-type":"","overlay-color":"","overlay-opacity":"","overlay-gradient":""},"mobile":{"background-color":"var(--ast-global-color-5)","background-image":"","background-repeat":"repeat","background-position":"center center","background-size":"auto","background-attachment":"scroll","background-type":"","background-media":"","overlay-type":"","overlay-color":"","overlay-opacity":"","overlay-gradient":""}},"footnotes":""},"class_list":["post-23289","page","type-page","status-publish","hentry"],"aioseo_notices":[],"_links":{"self":[{"href":"https:\/\/cybelec.ch\/it\/wp-json\/wp\/v2\/pages\/23289","targetHints":{"allow":["GET"]}}],"collection":[{"href":"https:\/\/cybelec.ch\/it\/wp-json\/wp\/v2\/pages"}],"about":[{"href":"https:\/\/cybelec.ch\/it\/wp-json\/wp\/v2\/types\/page"}],"author":[{"embeddable":true,"href":"https:\/\/cybelec.ch\/it\/wp-json\/wp\/v2\/users\/1"}],"replies":[{"embeddable":true,"href":"https:\/\/cybelec.ch\/it\/wp-json\/wp\/v2\/comments?post=23289"}],"version-history":[{"count":1,"href":"https:\/\/cybelec.ch\/it\/wp-json\/wp\/v2\/pages\/23289\/revisions"}],"predecessor-version":[{"id":23774,"href":"https:\/\/cybelec.ch\/it\/wp-json\/wp\/v2\/pages\/23289\/revisions\/23774"}],"wp:attachment":[{"href":"https:\/\/cybelec.ch\/it\/wp-json\/wp\/v2\/media?parent=23289"}],"curies":[{"name":"wp","href":"https:\/\/api.w.org\/{rel}","templated":true}]}}