{"id":21141,"date":"2023-08-23T08:41:19","date_gmt":"2023-08-23T06:41:19","guid":{"rendered":"https:\/\/cybelec.ch\/retrofit\/"},"modified":"2024-02-22T08:54:20","modified_gmt":"2024-02-22T07:54:20","slug":"retrofit","status":"publish","type":"page","link":"https:\/\/cybelec.ch\/tr\/retrofit\/","title":{"rendered":"Retrofit"},"content":{"rendered":"\t\t<div data-elementor-type=\"wp-page\" data-elementor-id=\"21141\" class=\"elementor elementor-21141 elementor-17941\" data-elementor-post-type=\"page\">\n\t\t\t\t\t\t<section class=\"elementor-section elementor-top-section elementor-element elementor-element-1f4bcc7 elementor-section-boxed elementor-section-height-default elementor-section-height-default\" data-id=\"1f4bcc7\" data-element_type=\"section\" data-e-type=\"section\">\n\t\t\t\t\t\t<div class=\"elementor-container elementor-column-gap-no\">\n\t\t\t\t\t<div class=\"elementor-column elementor-col-100 elementor-top-column elementor-element elementor-element-7f8b3a1\" data-id=\"7f8b3a1\" data-element_type=\"column\" data-e-type=\"column\" data-settings=\"{&quot;background_background&quot;:&quot;classic&quot;}\">\n\t\t\t<div class=\"elementor-widget-wrap elementor-element-populated\">\n\t\t\t\t\t\t<div class=\"elementor-element elementor-element-2c336c9 elementor-widget elementor-widget-heading\" data-id=\"2c336c9\" data-element_type=\"widget\" data-e-type=\"widget\" data-widget_type=\"heading.default\">\n\t\t\t\t<div class=\"elementor-widget-container\">\n\t\t\t\t\t<h1 class=\"elementor-heading-title elementor-size-default\">Retrofit<\/h1>\t\t\t\t<\/div>\n\t\t\t\t<\/div>\n\t\t\t\t\t<\/div>\n\t\t<\/div>\n\t\t\t\t\t<\/div>\n\t\t<\/section>\n\t\t\t\t<section class=\"elementor-section elementor-top-section elementor-element elementor-element-a2cde31 elementor-section-boxed elementor-section-height-default elementor-section-height-default\" data-id=\"a2cde31\" data-element_type=\"section\" data-e-type=\"section\">\n\t\t\t\t\t\t<div class=\"elementor-container elementor-column-gap-no\">\n\t\t\t\t\t<div class=\"elementor-column elementor-col-50 elementor-top-column elementor-element elementor-element-703541b\" data-id=\"703541b\" data-element_type=\"column\" data-e-type=\"column\">\n\t\t\t<div class=\"elementor-widget-wrap elementor-element-populated\">\n\t\t\t\t\t\t<div class=\"elementor-element elementor-element-d0a9bc0 elementor-widget elementor-widget-heading\" data-id=\"d0a9bc0\" data-element_type=\"widget\" data-e-type=\"widget\" data-widget_type=\"heading.default\">\n\t\t\t\t<div class=\"elementor-widget-container\">\n\t\t\t\t\t<h4 class=\"elementor-heading-title elementor-size-default\">MAK\u0130NE RETROF\u0130T\u0130: \u00dcRETKENL\u0130K VE VER\u0130ML\u0130L\u0130\u011e\u0130 ARTIRIN<\/h4>\t\t\t\t<\/div>\n\t\t\t\t<\/div>\n\t\t\t\t\t<\/div>\n\t\t<\/div>\n\t\t\t\t<div class=\"elementor-column elementor-col-50 elementor-top-column elementor-element elementor-element-3424612\" data-id=\"3424612\" data-element_type=\"column\" data-e-type=\"column\">\n\t\t\t<div class=\"elementor-widget-wrap elementor-element-populated\">\n\t\t\t\t\t\t<div class=\"elementor-element elementor-element-161201e elementor-widget elementor-widget-text-editor\" data-id=\"161201e\" data-element_type=\"widget\" data-e-type=\"widget\" data-widget_type=\"text-editor.default\">\n\t\t\t\t<div class=\"elementor-widget-container\">\n\t\t\t\t\t\t\t\t\t<p>Retrofit, eskime veya y\u00fcksek ar\u0131za oran\u0131 nedeniyle pahal\u0131 ve i\u015f aksatan bak\u0131m maliyetlerine yol a\u00e7ar par\u00e7alar\u0131n k\u0131smen de\u011fi\u015ftirilmesini kapsar.<\/p><p>Makine \u00e7al\u0131\u015fmaya devam ederken; kontrol ve s\u00fcr\u00fcc\u00fc teknolojisi bu s\u00fcre zarf\u0131nda \u00fcretimi daha hassas, daha enerji verimli ve daha ekonomik hale getiren yeni fonksiyonlar geli\u015ftirerek istikrarl\u0131 bir \u015fekilde geli\u015fmeye devam eder. Uygun maliyetli retrofit ar\u0131za s\u00fcresi ve \u00f6ng\u00f6r\u00fclemeyen maliyetleri azaltt\u0131\u011f\u0131 i\u00e7in \u00e7ekici bir alternatiftir.<\/p>\t\t\t\t\t\t\t\t<\/div>\n\t\t\t\t<\/div>\n\t\t\t\t\t<\/div>\n\t\t<\/div>\n\t\t\t\t\t<\/div>\n\t\t<\/section>\n\t\t\t\t<section class=\"elementor-section elementor-top-section elementor-element elementor-element-d0873ea elementor-section-boxed elementor-section-height-default elementor-section-height-default\" data-id=\"d0873ea\" data-element_type=\"section\" data-e-type=\"section\">\n\t\t\t\t\t\t<div class=\"elementor-container elementor-column-gap-no\">\n\t\t\t\t\t<div class=\"elementor-column elementor-col-50 elementor-top-column elementor-element elementor-element-3bdb046\" data-id=\"3bdb046\" data-element_type=\"column\" data-e-type=\"column\">\n\t\t\t<div class=\"elementor-widget-wrap elementor-element-populated\">\n\t\t\t\t\t\t<div class=\"elementor-element elementor-element-826d10d elementor-widget elementor-widget-heading\" data-id=\"826d10d\" data-element_type=\"widget\" data-e-type=\"widget\" data-widget_type=\"heading.default\">\n\t\t\t\t<div class=\"elementor-widget-container\">\n\t\t\t\t\t<h4 class=\"elementor-heading-title elementor-size-default\">CYBELEC \u00d6NER\u0130S\u0130\/TEKL\u0130F\u0130: \u00d6ZELLE\u015eT\u0130R\u0130LM\u0130\u015e MODERN\u0130ZASYON.<\/h4>\t\t\t\t<\/div>\n\t\t\t\t<\/div>\n\t\t\t\t\t<\/div>\n\t\t<\/div>\n\t\t\t\t<div class=\"elementor-column elementor-col-50 elementor-top-column elementor-element elementor-element-8631da7\" data-id=\"8631da7\" data-element_type=\"column\" data-e-type=\"column\">\n\t\t\t<div class=\"elementor-widget-wrap elementor-element-populated\">\n\t\t\t\t\t\t<div class=\"elementor-element elementor-element-673056c elementor-widget elementor-widget-text-editor\" data-id=\"673056c\" data-element_type=\"widget\" data-e-type=\"widget\" data-widget_type=\"text-editor.default\">\n\t\t\t\t<div class=\"elementor-widget-container\">\n\t\t\t\t\t\t\t\t\t<p>Cybelec ve i\u015f ortaklar\u0131, kapsaml\u0131 bir gereksinim de\u011ferlendirmesi yaparak; CNC makinenin teknolojisine, i\u015flevselli\u011fine ve performans gereksinimlerine ba\u011fl\u0131 olarak de\u011fi\u015ftirilebilir sistem bile\u015fenleri ile m\u00fcmk\u00fcn olan en iyi \u00e7\u00f6z\u00fcm\u00fc geli\u015ftirir. Gerekti\u011fi durumda, Cybelec ve i\u015f ortaklar\u0131, CNC teknolojisini de\u011fi\u015ftirerek ve makinenin mevcut analog s\u00fcr\u00fcc\u00fc sistemini yeniden kullanarak mekanik yenileme veya k\u0131smi modernizasyon da ger\u00e7ekle\u015ftirebilir.<\/p><p>CYBELEC ve d\u00fcnya \u00e7ap\u0131ndaki i\u015f ortaklar\u0131, her t\u00fcrl\u00fc abkant pres ve makaslar i\u00e7in kapsaml\u0131 bir CNC ve s\u00fcr\u00fcc\u00fc \u00e7\u00f6z\u00fcmleri portf\u00f6y\u00fc sunar.<br \/>\u00dcstelik mevcut t\u00fcm CNC \u00fcnite marka ve modelleri i\u00e7in\u2026<\/p><ul><li>\u00dccretsiz destek ve dan\u0131\u015fmanl\u0131k hizmeti<\/li><li>Retrofit i\u00e7in yenilik\u00e7i \u00e7\u00f6z\u00fcmler<\/li><li>Yeni CNC \u00fcnitelerimiz sayesinde daha fazla i\u015flevsellik<\/li><li>M\u00fc\u015fteriye \u00f6zel geli\u015ftirme<\/li><\/ul><p>\u0130lgili misiniz? <strong><a href=\"https:\/\/e.cybelec.ch\/contact-retrofit\">Retrofit formunu<\/a><\/strong> doldurun, makinenizin birka\u00e7 resmini bize g\u00f6nderin ve yap\u0131labilecekler hakk\u0131nda \u00fccretsiz dan\u0131\u015fmanl\u0131k hizmeti al\u0131n.<\/p>\t\t\t\t\t\t\t\t<\/div>\n\t\t\t\t<\/div>\n\t\t\t\t\t<\/div>\n\t\t<\/div>\n\t\t\t\t\t<\/div>\n\t\t<\/section>\n\t\t\t\t<section class=\"elementor-section elementor-top-section elementor-element elementor-element-674fed2 elementor-section-boxed elementor-section-height-default elementor-section-height-default\" data-id=\"674fed2\" data-element_type=\"section\" data-e-type=\"section\">\n\t\t\t\t\t\t<div class=\"elementor-container elementor-column-gap-no\">\n\t\t\t\t\t<div class=\"elementor-column elementor-col-100 elementor-top-column elementor-element elementor-element-2c29493\" data-id=\"2c29493\" data-element_type=\"column\" data-e-type=\"column\">\n\t\t\t<div class=\"elementor-widget-wrap elementor-element-populated\">\n\t\t\t\t\t\t<div class=\"elementor-element elementor-element-5ce8994 elementor-widget elementor-widget-gallery\" data-id=\"5ce8994\" data-element_type=\"widget\" data-e-type=\"widget\" data-settings=\"{&quot;aspect_ratio&quot;:&quot;4:3&quot;,&quot;lazyload&quot;:&quot;yes&quot;,&quot;gallery_layout&quot;:&quot;grid&quot;,&quot;columns&quot;:4,&quot;columns_tablet&quot;:2,&quot;columns_mobile&quot;:1,&quot;gap&quot;:{&quot;unit&quot;:&quot;px&quot;,&quot;size&quot;:10,&quot;sizes&quot;:[]},&quot;gap_tablet&quot;:{&quot;unit&quot;:&quot;px&quot;,&quot;size&quot;:10,&quot;sizes&quot;:[]},&quot;gap_mobile&quot;:{&quot;unit&quot;:&quot;px&quot;,&quot;size&quot;:10,&quot;sizes&quot;:[]},&quot;link_to&quot;:&quot;file&quot;,&quot;overlay_background&quot;:&quot;yes&quot;,&quot;content_hover_animation&quot;:&quot;fade-in&quot;}\" data-widget_type=\"gallery.default\">\n\t\t\t\t<div class=\"elementor-widget-container\">\n\t\t\t\t\t\t\t<div class=\"elementor-gallery__container\">\n\t\t\t\t\t\t\t<a class=\"e-gallery-item elementor-gallery-item elementor-animated-content\" href=\"https:\/\/cybelec.ch\/wp-content\/uploads\/2023\/08\/TrumaBend-V85-with-VisiTouch-Pac.webp\" data-elementor-open-lightbox=\"yes\" data-elementor-lightbox-slideshow=\"5ce8994\" data-e-action-hash=\"#elementor-action%3Aaction%3Dlightbox%26settings%3DeyJpZCI6MTgwMDYsInVybCI6Imh0dHBzOlwvXC9jeWJlbGVjLmNoXC93cC1jb250ZW50XC91cGxvYWRzXC8yMDIzXC8wOFwvVHJ1bWFCZW5kLVY4NS13aXRoLVZpc2lUb3VjaC1QYWMud2VicCIsInNsaWRlc2hvdyI6IjVjZTg5OTQifQ%3D%3D\">\n\t\t\t\t\t<div class=\"e-gallery-image elementor-gallery-item__image\" data-thumbnail=\"https:\/\/cybelec.ch\/wp-content\/uploads\/2023\/08\/TrumaBend-V85-with-VisiTouch-Pac.webp\" data-width=\"1308\" data-height=\"1296\" aria-label=\"\" role=\"img\" ><\/div>\n\t\t\t\t\t\t\t\t\t\t\t<div class=\"elementor-gallery-item__overlay\"><\/div>\n\t\t\t\t\t\t\t\t\t\t\t\t\t\t<\/a>\n\t\t\t\t\t\t\t<a class=\"e-gallery-item elementor-gallery-item elementor-animated-content\" href=\"https:\/\/cybelec.ch\/wp-content\/uploads\/2023\/08\/IMG_9172-scaled.webp\" data-elementor-open-lightbox=\"yes\" data-elementor-lightbox-slideshow=\"5ce8994\" data-e-action-hash=\"#elementor-action%3Aaction%3Dlightbox%26settings%3DeyJpZCI6MTc5ODYsInVybCI6Imh0dHBzOlwvXC9jeWJlbGVjLmNoXC93cC1jb250ZW50XC91cGxvYWRzXC8yMDIzXC8wOFwvSU1HXzkxNzItc2NhbGVkLndlYnAiLCJzbGlkZXNob3ciOiI1Y2U4OTk0In0%3D\">\n\t\t\t\t\t<div class=\"e-gallery-image elementor-gallery-item__image\" data-thumbnail=\"https:\/\/cybelec.ch\/wp-content\/uploads\/2023\/08\/IMG_9172-scaled.webp\" data-width=\"2560\" data-height=\"1920\" aria-label=\"\" role=\"img\" ><\/div>\n\t\t\t\t\t\t\t\t\t\t\t<div class=\"elementor-gallery-item__overlay\"><\/div>\n\t\t\t\t\t\t\t\t\t\t\t\t\t\t<\/a>\n\t\t\t\t\t\t\t<a class=\"e-gallery-item elementor-gallery-item elementor-animated-content\" href=\"https:\/\/cybelec.ch\/wp-content\/uploads\/2023\/08\/IMG-20200917-WA0002.webp\" data-elementor-open-lightbox=\"yes\" data-elementor-lightbox-slideshow=\"5ce8994\" data-e-action-hash=\"#elementor-action%3Aaction%3Dlightbox%26settings%3DeyJpZCI6MTc5OTYsInVybCI6Imh0dHBzOlwvXC9jeWJlbGVjLmNoXC93cC1jb250ZW50XC91cGxvYWRzXC8yMDIzXC8wOFwvSU1HLTIwMjAwOTE3LVdBMDAwMi53ZWJwIiwic2xpZGVzaG93IjoiNWNlODk5NCJ9\">\n\t\t\t\t\t<div class=\"e-gallery-image elementor-gallery-item__image\" data-thumbnail=\"https:\/\/cybelec.ch\/wp-content\/uploads\/2023\/08\/IMG-20200917-WA0002.webp\" data-width=\"2016\" data-height=\"1512\" aria-label=\"\" role=\"img\" ><\/div>\n\t\t\t\t\t\t\t\t\t\t\t<div class=\"elementor-gallery-item__overlay\"><\/div>\n\t\t\t\t\t\t\t\t\t\t\t\t\t\t<\/a>\n\t\t\t\t\t\t\t<a class=\"e-gallery-item elementor-gallery-item elementor-animated-content\" href=\"https:\/\/cybelec.ch\/wp-content\/uploads\/2023\/08\/IMG_5149.webp\" data-elementor-open-lightbox=\"yes\" data-elementor-lightbox-slideshow=\"5ce8994\" data-e-action-hash=\"#elementor-action%3Aaction%3Dlightbox%26settings%3DeyJpZCI6MTc5NzYsInVybCI6Imh0dHBzOlwvXC9jeWJlbGVjLmNoXC93cC1jb250ZW50XC91cGxvYWRzXC8yMDIzXC8wOFwvSU1HXzUxNDkud2VicCIsInNsaWRlc2hvdyI6IjVjZTg5OTQifQ%3D%3D\">\n\t\t\t\t\t<div class=\"e-gallery-image elementor-gallery-item__image\" data-thumbnail=\"https:\/\/cybelec.ch\/wp-content\/uploads\/2023\/08\/IMG_5149.webp\" data-width=\"1440\" data-height=\"1080\" aria-label=\"\" role=\"img\" ><\/div>\n\t\t\t\t\t\t\t\t\t\t\t<div class=\"elementor-gallery-item__overlay\"><\/div>\n\t\t\t\t\t\t\t\t\t\t\t\t\t\t<\/a>\n\t\t\t\t\t\t\t<a class=\"e-gallery-item elementor-gallery-item elementor-animated-content\" href=\"https:\/\/cybelec.ch\/wp-content\/uploads\/2023\/08\/WhatsApp-Image-2022-08-22-at-13.44.56.webp\" data-elementor-open-lightbox=\"yes\" data-elementor-lightbox-slideshow=\"5ce8994\" data-e-action-hash=\"#elementor-action%3Aaction%3Dlightbox%26settings%3DeyJpZCI6MTgwMTEsInVybCI6Imh0dHBzOlwvXC9jeWJlbGVjLmNoXC93cC1jb250ZW50XC91cGxvYWRzXC8yMDIzXC8wOFwvV2hhdHNBcHAtSW1hZ2UtMjAyMi0wOC0yMi1hdC0xMy40NC41Ni53ZWJwIiwic2xpZGVzaG93IjoiNWNlODk5NCJ9\">\n\t\t\t\t\t<div class=\"e-gallery-image elementor-gallery-item__image\" data-thumbnail=\"https:\/\/cybelec.ch\/wp-content\/uploads\/2023\/08\/WhatsApp-Image-2022-08-22-at-13.44.56.webp\" data-width=\"1024\" data-height=\"768\" aria-label=\"\" role=\"img\" ><\/div>\n\t\t\t\t\t\t\t\t\t\t\t<div class=\"elementor-gallery-item__overlay\"><\/div>\n\t\t\t\t\t\t\t\t\t\t\t\t\t\t<\/a>\n\t\t\t\t\t\t\t<a class=\"e-gallery-item elementor-gallery-item elementor-animated-content\" href=\"https:\/\/cybelec.ch\/wp-content\/uploads\/2023\/08\/IMG_5159.webp\" data-elementor-open-lightbox=\"yes\" data-elementor-lightbox-slideshow=\"5ce8994\" data-e-action-hash=\"#elementor-action%3Aaction%3Dlightbox%26settings%3DeyJpZCI6MTc5ODEsInVybCI6Imh0dHBzOlwvXC9jeWJlbGVjLmNoXC93cC1jb250ZW50XC91cGxvYWRzXC8yMDIzXC8wOFwvSU1HXzUxNTkud2VicCIsInNsaWRlc2hvdyI6IjVjZTg5OTQifQ%3D%3D\">\n\t\t\t\t\t<div class=\"e-gallery-image elementor-gallery-item__image\" data-thumbnail=\"https:\/\/cybelec.ch\/wp-content\/uploads\/2023\/08\/IMG_5159.webp\" data-width=\"1440\" data-height=\"1080\" aria-label=\"\" role=\"img\" ><\/div>\n\t\t\t\t\t\t\t\t\t\t\t<div class=\"elementor-gallery-item__overlay\"><\/div>\n\t\t\t\t\t\t\t\t\t\t\t\t\t\t<\/a>\n\t\t\t\t\t\t\t<a class=\"e-gallery-item elementor-gallery-item elementor-animated-content\" href=\"https:\/\/cybelec.ch\/wp-content\/uploads\/2023\/08\/Renovation-N2C-avec-VisiTouch.webp\" data-elementor-open-lightbox=\"yes\" data-elementor-lightbox-slideshow=\"5ce8994\" data-e-action-hash=\"#elementor-action%3Aaction%3Dlightbox%26settings%3DeyJpZCI6MTgwMDEsInVybCI6Imh0dHBzOlwvXC9jeWJlbGVjLmNoXC93cC1jb250ZW50XC91cGxvYWRzXC8yMDIzXC8wOFwvUmVub3ZhdGlvbi1OMkMtYXZlYy1WaXNpVG91Y2gud2VicCIsInNsaWRlc2hvdyI6IjVjZTg5OTQifQ%3D%3D\">\n\t\t\t\t\t<div class=\"e-gallery-image elementor-gallery-item__image\" data-thumbnail=\"https:\/\/cybelec.ch\/wp-content\/uploads\/2023\/08\/Renovation-N2C-avec-VisiTouch.webp\" data-width=\"2016\" data-height=\"1512\" aria-label=\"\" role=\"img\" ><\/div>\n\t\t\t\t\t\t\t\t\t\t\t<div class=\"elementor-gallery-item__overlay\"><\/div>\n\t\t\t\t\t\t\t\t\t\t\t\t\t\t<\/a>\n\t\t\t\t\t\t\t<a class=\"e-gallery-item elementor-gallery-item elementor-animated-content\" href=\"https:\/\/cybelec.ch\/wp-content\/uploads\/2023\/08\/IMG_4816-scaled.webp\" data-elementor-open-lightbox=\"yes\" data-elementor-lightbox-slideshow=\"5ce8994\" data-e-action-hash=\"#elementor-action%3Aaction%3Dlightbox%26settings%3DeyJpZCI6MTc5NzEsInVybCI6Imh0dHBzOlwvXC9jeWJlbGVjLmNoXC93cC1jb250ZW50XC91cGxvYWRzXC8yMDIzXC8wOFwvSU1HXzQ4MTYtc2NhbGVkLndlYnAiLCJzbGlkZXNob3ciOiI1Y2U4OTk0In0%3D\">\n\t\t\t\t\t<div class=\"e-gallery-image elementor-gallery-item__image\" data-thumbnail=\"https:\/\/cybelec.ch\/wp-content\/uploads\/2023\/08\/IMG_4816-scaled.webp\" data-width=\"2560\" data-height=\"1920\" aria-label=\"\" role=\"img\" ><\/div>\n\t\t\t\t\t\t\t\t\t\t\t<div class=\"elementor-gallery-item__overlay\"><\/div>\n\t\t\t\t\t\t\t\t\t\t\t\t\t\t<\/a>\n\t\t\t\t\t\t\t<a class=\"e-gallery-item elementor-gallery-item elementor-animated-content\" href=\"https:\/\/cybelec.ch\/wp-content\/uploads\/2023\/08\/CYBTOUCH8_3-scaled.webp\" data-elementor-open-lightbox=\"yes\" data-elementor-lightbox-slideshow=\"5ce8994\" data-e-action-hash=\"#elementor-action%3Aaction%3Dlightbox%26settings%3DeyJpZCI6MTc5NTEsInVybCI6Imh0dHBzOlwvXC9jeWJlbGVjLmNoXC93cC1jb250ZW50XC91cGxvYWRzXC8yMDIzXC8wOFwvQ1lCVE9VQ0g4XzMtc2NhbGVkLndlYnAiLCJzbGlkZXNob3ciOiI1Y2U4OTk0In0%3D\">\n\t\t\t\t\t<div class=\"e-gallery-image elementor-gallery-item__image\" data-thumbnail=\"https:\/\/cybelec.ch\/wp-content\/uploads\/2023\/08\/CYBTOUCH8_3-scaled.webp\" data-width=\"2560\" data-height=\"1920\" aria-label=\"\" role=\"img\" ><\/div>\n\t\t\t\t\t\t\t\t\t\t\t<div class=\"elementor-gallery-item__overlay\"><\/div>\n\t\t\t\t\t\t\t\t\t\t\t\t\t\t<\/a>\n\t\t\t\t\t\t\t<a class=\"e-gallery-item elementor-gallery-item elementor-animated-content\" href=\"https:\/\/cybelec.ch\/wp-content\/uploads\/2023\/08\/IMG_20201215_090841-scaled.webp\" data-elementor-open-lightbox=\"yes\" data-elementor-lightbox-slideshow=\"5ce8994\" data-e-action-hash=\"#elementor-action%3Aaction%3Dlightbox%26settings%3DeyJpZCI6MTc5OTEsInVybCI6Imh0dHBzOlwvXC9jeWJlbGVjLmNoXC93cC1jb250ZW50XC91cGxvYWRzXC8yMDIzXC8wOFwvSU1HXzIwMjAxMjE1XzA5MDg0MS1zY2FsZWQud2VicCIsInNsaWRlc2hvdyI6IjVjZTg5OTQifQ%3D%3D\">\n\t\t\t\t\t<div class=\"e-gallery-image elementor-gallery-item__image\" data-thumbnail=\"https:\/\/cybelec.ch\/wp-content\/uploads\/2023\/08\/IMG_20201215_090841-scaled.webp\" data-width=\"2560\" data-height=\"1920\" aria-label=\"\" role=\"img\" ><\/div>\n\t\t\t\t\t\t\t\t\t\t\t<div class=\"elementor-gallery-item__overlay\"><\/div>\n\t\t\t\t\t\t\t\t\t\t\t\t\t\t<\/a>\n\t\t\t\t\t\t\t<a class=\"e-gallery-item elementor-gallery-item elementor-animated-content\" href=\"https:\/\/cybelec.ch\/wp-content\/uploads\/2023\/08\/IMG_0686-scaled.webp\" data-elementor-open-lightbox=\"yes\" data-elementor-lightbox-slideshow=\"5ce8994\" data-e-action-hash=\"#elementor-action%3Aaction%3Dlightbox%26settings%3DeyJpZCI6MTc5NjEsInVybCI6Imh0dHBzOlwvXC9jeWJlbGVjLmNoXC93cC1jb250ZW50XC91cGxvYWRzXC8yMDIzXC8wOFwvSU1HXzA2ODYtc2NhbGVkLndlYnAiLCJzbGlkZXNob3ciOiI1Y2U4OTk0In0%3D\">\n\t\t\t\t\t<div class=\"e-gallery-image elementor-gallery-item__image\" data-thumbnail=\"https:\/\/cybelec.ch\/wp-content\/uploads\/2023\/08\/IMG_0686-scaled.webp\" data-width=\"2560\" data-height=\"1920\" aria-label=\"\" role=\"img\" ><\/div>\n\t\t\t\t\t\t\t\t\t\t\t<div class=\"elementor-gallery-item__overlay\"><\/div>\n\t\t\t\t\t\t\t\t\t\t\t\t\t\t<\/a>\n\t\t\t\t\t\t\t<a class=\"e-gallery-item elementor-gallery-item elementor-animated-content\" href=\"https:\/\/cybelec.ch\/wp-content\/uploads\/2023\/08\/IMG_1117-scaled.webp\" data-elementor-open-lightbox=\"yes\" data-elementor-lightbox-slideshow=\"5ce8994\" data-e-action-hash=\"#elementor-action%3Aaction%3Dlightbox%26settings%3DeyJpZCI6MTc5NjYsInVybCI6Imh0dHBzOlwvXC9jeWJlbGVjLmNoXC93cC1jb250ZW50XC91cGxvYWRzXC8yMDIzXC8wOFwvSU1HXzExMTctc2NhbGVkLndlYnAiLCJzbGlkZXNob3ciOiI1Y2U4OTk0In0%3D\">\n\t\t\t\t\t<div class=\"e-gallery-image elementor-gallery-item__image\" data-thumbnail=\"https:\/\/cybelec.ch\/wp-content\/uploads\/2023\/08\/IMG_1117-scaled.webp\" data-width=\"2560\" data-height=\"1920\" aria-label=\"\" role=\"img\" ><\/div>\n\t\t\t\t\t\t\t\t\t\t\t<div class=\"elementor-gallery-item__overlay\"><\/div>\n\t\t\t\t\t\t\t\t\t\t\t\t\t\t<\/a>\n\t\t\t\t\t\t\t<a class=\"e-gallery-item elementor-gallery-item elementor-animated-content\" href=\"https:\/\/cybelec.ch\/wp-content\/uploads\/2023\/08\/DSC_0140-scaled.webp\" data-elementor-open-lightbox=\"yes\" data-elementor-lightbox-slideshow=\"5ce8994\" data-e-action-hash=\"#elementor-action%3Aaction%3Dlightbox%26settings%3DeyJpZCI6MTc5NTYsInVybCI6Imh0dHBzOlwvXC9jeWJlbGVjLmNoXC93cC1jb250ZW50XC91cGxvYWRzXC8yMDIzXC8wOFwvRFNDXzAxNDAtc2NhbGVkLndlYnAiLCJzbGlkZXNob3ciOiI1Y2U4OTk0In0%3D\">\n\t\t\t\t\t<div class=\"e-gallery-image elementor-gallery-item__image\" data-thumbnail=\"https:\/\/cybelec.ch\/wp-content\/uploads\/2023\/08\/DSC_0140-scaled.webp\" data-width=\"2560\" data-height=\"1714\" aria-label=\"\" role=\"img\" ><\/div>\n\t\t\t\t\t\t\t\t\t\t\t<div class=\"elementor-gallery-item__overlay\"><\/div>\n\t\t\t\t\t\t\t\t\t\t\t\t\t\t<\/a>\n\t\t\t\t\t<\/div>\n\t\t\t\t\t<\/div>\n\t\t\t\t<\/div>\n\t\t\t\t\t<\/div>\n\t\t<\/div>\n\t\t\t\t\t<\/div>\n\t\t<\/section>\n\t\t\t\t<\/div>\n\t\t","protected":false},"excerpt":{"rendered":"<p>Retrofit MAK\u0130NE RETROF\u0130T\u0130: \u00dcRETKENL\u0130K VE VER\u0130ML\u0130L\u0130\u011e\u0130 ARTIRIN Retrofit, eskime veya y\u00fcksek ar\u0131za oran\u0131 nedeniyle pahal\u0131 ve i\u015f aksatan bak\u0131m maliyetlerine yol a\u00e7ar par\u00e7alar\u0131n k\u0131smen de\u011fi\u015ftirilmesini kapsar. Makine \u00e7al\u0131\u015fmaya devam ederken; kontrol ve s\u00fcr\u00fcc\u00fc teknolojisi bu s\u00fcre zarf\u0131nda \u00fcretimi daha hassas, daha enerji verimli ve daha ekonomik hale getiren yeni fonksiyonlar geli\u015ftirerek istikrarl\u0131 bir \u015fekilde geli\u015fmeye [&hellip;]<\/p>\n","protected":false},"author":540,"featured_media":0,"parent":0,"menu_order":0,"comment_status":"closed","ping_status":"closed","template":"elementor_header_footer","meta":{"site-sidebar-layout":"no-sidebar","site-content-layout":"page-builder","ast-site-content-layout":"default","site-content-style":"default","site-sidebar-style":"default","ast-global-header-display":"","ast-banner-title-visibility":"","ast-main-header-display":"","ast-hfb-above-header-display":"","ast-hfb-below-header-display":"","ast-hfb-mobile-header-display":"","site-post-title":"disabled","ast-breadcrumbs-content":"","ast-featured-img":"disabled","footer-sml-layout":"","ast-disable-related-posts":"","theme-transparent-header-meta":"","adv-header-id-meta":"","stick-header-meta":"","header-above-stick-meta":"","header-main-stick-meta":"","header-below-stick-meta":"","astra-migrate-meta-layouts":"default","ast-page-background-enabled":"default","ast-page-background-meta":{"desktop":{"background-color":"","background-image":"","background-repeat":"repeat","background-position":"center center","background-size":"auto","background-attachment":"scroll","background-type":"","background-media":"","overlay-type":"","overlay-color":"","overlay-opacity":"","overlay-gradient":""},"tablet":{"background-color":"","background-image":"","background-repeat":"repeat","background-position":"center center","background-size":"auto","background-attachment":"scroll","background-type":"","background-media":"","overlay-type":"","overlay-color":"","overlay-opacity":"","overlay-gradient":""},"mobile":{"background-color":"","background-image":"","background-repeat":"repeat","background-position":"center center","background-size":"auto","background-attachment":"scroll","background-type":"","background-media":"","overlay-type":"","overlay-color":"","overlay-opacity":"","overlay-gradient":""}},"ast-content-background-meta":{"desktop":{"background-color":"var(--ast-global-color-5)","background-image":"","background-repeat":"repeat","background-position":"center center","background-size":"auto","background-attachment":"scroll","background-type":"","background-media":"","overlay-type":"","overlay-color":"","overlay-opacity":"","overlay-gradient":""},"tablet":{"background-color":"var(--ast-global-color-5)","background-image":"","background-repeat":"repeat","background-position":"center center","background-size":"auto","background-attachment":"scroll","background-type":"","background-media":"","overlay-type":"","overlay-color":"","overlay-opacity":"","overlay-gradient":""},"mobile":{"background-color":"var(--ast-global-color-5)","background-image":"","background-repeat":"repeat","background-position":"center center","background-size":"auto","background-attachment":"scroll","background-type":"","background-media":"","overlay-type":"","overlay-color":"","overlay-opacity":"","overlay-gradient":""}},"footnotes":""},"class_list":["post-21141","page","type-page","status-publish","hentry"],"aioseo_notices":[],"_links":{"self":[{"href":"https:\/\/cybelec.ch\/tr\/wp-json\/wp\/v2\/pages\/21141","targetHints":{"allow":["GET"]}}],"collection":[{"href":"https:\/\/cybelec.ch\/tr\/wp-json\/wp\/v2\/pages"}],"about":[{"href":"https:\/\/cybelec.ch\/tr\/wp-json\/wp\/v2\/types\/page"}],"author":[{"embeddable":true,"href":"https:\/\/cybelec.ch\/tr\/wp-json\/wp\/v2\/users\/540"}],"replies":[{"embeddable":true,"href":"https:\/\/cybelec.ch\/tr\/wp-json\/wp\/v2\/comments?post=21141"}],"version-history":[{"count":0,"href":"https:\/\/cybelec.ch\/tr\/wp-json\/wp\/v2\/pages\/21141\/revisions"}],"wp:attachment":[{"href":"https:\/\/cybelec.ch\/tr\/wp-json\/wp\/v2\/media?parent=21141"}],"curies":[{"name":"wp","href":"https:\/\/api.w.org\/{rel}","templated":true}]}}