{"id":21834,"date":"2020-11-24T13:09:51","date_gmt":"2020-11-24T12:09:51","guid":{"rendered":"https:\/\/cybelec.ch\/ev\/"},"modified":"2025-06-12T17:14:51","modified_gmt":"2025-06-12T15:14:51","slug":"ev","status":"publish","type":"page","link":"https:\/\/cybelec.ch\/tr\/","title":{"rendered":"Ev"},"content":{"rendered":"\t\t<div data-elementor-type=\"wp-page\" data-elementor-id=\"21834\" class=\"elementor elementor-21834 elementor-10767\" data-elementor-post-type=\"page\">\n\t\t\t\t\t\t<section class=\"elementor-section elementor-top-section elementor-element elementor-element-7fd3fdb9 elementor-section-boxed elementor-section-height-default elementor-section-height-default\" data-id=\"7fd3fdb9\" data-element_type=\"section\" data-e-type=\"section\">\n\t\t\t\t\t\t<div class=\"elementor-container elementor-column-gap-default\">\n\t\t\t\t\t<div class=\"elementor-column elementor-col-100 elementor-top-column elementor-element elementor-element-24a13d1f\" data-id=\"24a13d1f\" data-element_type=\"column\" data-e-type=\"column\">\n\t\t\t<div class=\"elementor-widget-wrap elementor-element-populated\">\n\t\t\t\t\t\t<div class=\"elementor-element elementor-element-892196f elementor-widget elementor-widget-heading\" data-id=\"892196f\" data-element_type=\"widget\" data-e-type=\"widget\" data-widget_type=\"heading.default\">\n\t\t\t\t<div class=\"elementor-widget-container\">\n\t\t\t\t\t<span class=\"elementor-heading-title elementor-size-xxl\">Son Haberler<\/span>\t\t\t\t<\/div>\n\t\t\t\t<\/div>\n\t\t\t\t\t<\/div>\n\t\t<\/div>\n\t\t\t\t\t<\/div>\n\t\t<\/section>\n\t\t\t\t<section class=\"elementor-section elementor-top-section elementor-element elementor-element-7002cde3 elementor-section-boxed elementor-section-height-default elementor-section-height-default\" data-id=\"7002cde3\" data-element_type=\"section\" data-e-type=\"section\">\n\t\t\t\t\t\t<div class=\"elementor-container elementor-column-gap-default\">\n\t\t\t\t\t<div class=\"elementor-column elementor-col-100 elementor-top-column elementor-element elementor-element-1d42c793\" data-id=\"1d42c793\" data-element_type=\"column\" data-e-type=\"column\">\n\t\t\t<div class=\"elementor-widget-wrap elementor-element-populated\">\n\t\t\t\t\t\t\t<\/div>\n\t\t<\/div>\n\t\t\t\t\t<\/div>\n\t\t<\/section>\n\t\t\t\t<section class=\"elementor-section elementor-top-section elementor-element elementor-element-061512b elementor-section-boxed elementor-section-height-default elementor-section-height-default\" data-id=\"061512b\" data-element_type=\"section\" data-e-type=\"section\">\n\t\t\t\t\t\t<div class=\"elementor-container elementor-column-gap-default\">\n\t\t\t\t\t<div class=\"elementor-column elementor-col-100 elementor-top-column elementor-element elementor-element-6a54c85\" data-id=\"6a54c85\" data-element_type=\"column\" data-e-type=\"column\">\n\t\t\t<div class=\"elementor-widget-wrap elementor-element-populated\">\n\t\t\t\t\t\t<div class=\"elementor-element elementor-element-d4dad77 elementor--h-position-left elementor--v-position-middle elementor-widget elementor-widget-slides\" data-id=\"d4dad77\" data-element_type=\"widget\" data-e-type=\"widget\" data-settings=\"{&quot;navigation&quot;:&quot;none&quot;,&quot;autoplay&quot;:&quot;yes&quot;,&quot;pause_on_hover&quot;:&quot;yes&quot;,&quot;pause_on_interaction&quot;:&quot;yes&quot;,&quot;autoplay_speed&quot;:5000,&quot;infinite&quot;:&quot;yes&quot;,&quot;transition&quot;:&quot;slide&quot;,&quot;transition_speed&quot;:500}\" data-widget_type=\"slides.default\">\n\t\t\t\t<div class=\"elementor-widget-container\">\n\t\t\t\t\t\t\t\t\t<div class=\"elementor-swiper\">\n\t\t\t\t\t<div class=\"elementor-slides-wrapper elementor-main-swiper swiper\" role=\"region\" aria-roledescription=\"carousel\" aria-label=\"Slides\" dir=\"ltr\" data-animation=\"fadeInUp\">\n\t\t\t\t<div class=\"swiper-wrapper elementor-slides\">\n\t\t\t\t\t\t\t\t\t\t<div class=\"elementor-repeater-item-422d93b swiper-slide\" role=\"group\" aria-roledescription=\"slide\"><div class=\"swiper-slide-bg\" role=\"img\" aria-label=\"Cybelec-slide7\"><\/div><div class=\"swiper-slide-inner\" ><div class=\"swiper-slide-contents\"><div class=\"elementor-slide-heading\">VisiTouch 24 MX<\/div><div class=\"elementor-slide-description\"><p>VisiTouch 24 MX, CNC abkant presler i\u00e7in yeni bir \u00e7\u00f6z\u00fcme sahip 3D grafik say\u0131sal kontrold\u00fcr<br \/>\nHepsi bir arada:<\/p>\n<ul>\n<li>24 in\u00e7 y\u00fczeyli Tam Dokunmatik ekran ve ekran\u0131n arkas\u0131na monte edilmi\u015f CNC kart\u0131.<\/li>\n<li>Bir\u00e7ok ekseni kontrol eden CANopen\u00ae ve EtherCAT\u00ae alan veri yollar\u0131 ile tam dijital<\/li>\n<li>Bir par\u00e7an\u0131n b\u00fck\u00fclmesini 3D olarak h\u0131zl\u0131 bir \u015fekilde i\u00e7e aktarma, programlama, g\u00f6rselle\u015ftirme ve sim\u00fcle etme,<br \/>kolay ve verimli.<\/li>\n<li>Her t\u00fcrl\u00fc hidrolik sistem, I\/O ve analog eksenlere aray\u00fcz sayesinde<br \/>CybIO mod\u00fclleri kabinlerin i\u00e7ine yerle\u015ftirilmi\u015ftir.<\/li>\n<\/ul>\n<\/div><a href=\"https:\/\/cybelec.ch\/tr\/visitouch-24-mx\/\" class=\"elementor-button elementor-slide-button elementor-size-sm\">\u00dcr\u00fcn Sayfas\u0131na Eri\u015fim<\/a><\/div><\/div><\/div><div class=\"elementor-repeater-item-cc05417 swiper-slide\" role=\"group\" aria-roledescription=\"slide\"><div class=\"swiper-slide-bg\" role=\"img\" aria-label=\"CNC_Slide5\"><\/div><div class=\"swiper-slide-inner\" ><div class=\"swiper-slide-contents\"><div class=\"elementor-slide-heading\">VisiTouch CNC<\/div><div class=\"elementor-slide-description\"><p>VisiTouch CNC, yeni bir \u00e7\u00f6z\u00fcmle \u00e7ok eksenli Tak\u0131m Tezgahlar\u0131 i\u00e7in ola\u011fan\u00fcst\u00fc bir say\u0131sal kontrold\u00fcr<br \/>\nHepsi bir arada:<\/p>\n<ul>\n<li>Kullan\u0131c\u0131 dostu Multi-Touch aray\u00fcz.<\/li>\n<li>K\u00fc\u00e7\u00fck miktarlar i\u00e7in bile \u00f6zelle\u015ftirmeye izin veren a\u00e7\u0131k CNC platformu<\/li>\n<li>\u00c7oklu Kanal<\/li>\n<li>5 eksenli enterpolasyon<\/li>\n<li>Sihirbaz\u0131m\u0131z\/Otomatik ayarlama ile kurulumu kolayd\u0131r.<\/li>\n<\/ul>\n<\/div><a href=\"https:\/\/cybelec.ch\/tr\/visitouch-cnc\/\" class=\"elementor-button elementor-slide-button elementor-size-sm\">\u00dcr\u00fcn Sayfas\u0131na Eri\u015fim<\/a><\/div><\/div><\/div><div class=\"elementor-repeater-item-fee370e swiper-slide\" role=\"group\" aria-roledescription=\"slide\"><div class=\"swiper-slide-bg\" role=\"img\" aria-label=\"Slide3v2\"><\/div><div class=\"swiper-slide-inner\" ><div class=\"swiper-slide-contents\"><div class=\"elementor-slide-heading\">CybTouch 15PS Kazan<\/div><div class=\"elementor-slide-description\"><p>CybTouch 15PS Win, orta s\u0131n\u0131f CNC abkant presler i\u00e7in \u00f6zel olarak tasarlanm\u0131\u015f bir 2D say\u0131sal kontrold\u00fcr.<\/p>\n<ul>\n<li>A\u011f olu\u015fturma ve uzaktan bak\u0131m i\u00e7in Windows 10.<\/li>\n<li>2D grafik profil \u00e7izimi ile benzersiz deneyim (Dokunmatik Profil)<br \/>ve yeni d\u00f6rt \u00e7ekirdekli i\u015flemci birimi sayesinde 3D g\u00f6r\u00fcnt\u00fcleyici.<\/li>\n<li>Eksen kontrol\u00fc i\u00e7in CANopen\u00ae ve EtherCAT\u00ae fieldbus'lar\u0131 ile uyumludur.<\/li>\n<\/ul>\n<\/div><a href=\"https:\/\/cybelec.ch\/tr\/cybtouch-15-ps\/\" class=\"elementor-button elementor-slide-button elementor-size-sm\">\u00dcr\u00fcn Sayfas\u0131na Eri\u015fim<\/a><\/div><\/div><\/div><div class=\"elementor-repeater-item-c75061e swiper-slide\" role=\"group\" aria-roledescription=\"slide\"><div class=\"swiper-slide-bg\" role=\"img\" aria-label=\"Robot website\"><\/div><div class=\"swiper-slide-inner\" ><div class=\"swiper-slide-contents\"><div class=\"elementor-slide-heading\">\u0130\u015fbirlik\u00e7i Robotlar<\/div><div class=\"elementor-slide-description\"><p>Kobotlar neredeyse her yerde \u00e7al\u0131\u015fabilir ve \u00e7ok \u00e7e\u015fitli g\u00f6revleri otomatikle\u015ftirebilir.  <br \/>Operat\u00f6rlerin en iyi yapt\u0131klar\u0131 \u015feyi yapmalar\u0131na olanak tan\u0131r: birlikte yaratmak ve \u00e7al\u0131\u015fmak.<\/p>\n<ul>\n<li>K\u00fc\u00e7\u00fck at\u00f6lyeler de b\u00fcy\u00fck fabrikalar gibi otomatikle\u015ftirilebilir.<\/li>\n<li>Komple \u00fcr\u00fcn yelpazesi, 3 Kg'dan 20 Kg'a kadar ta\u015f\u0131ma kapasitesi.<\/li>\n<\/ul>\n<p>B\u00fckme h\u00fccreleri i\u00e7in tam entegre \u00e7\u00f6z\u00fcm<\/p>\n<ul>\n<li>Hem abkant pres hem de Cobot'u kontrol eden tek bir CNC.<\/li>\n<li>Robotu programlamaya gerek yok:\n<ul>\n<li>Operat\u00f6r b\u00fck\u00fclecek par\u00e7ay\u0131 programlar ve ard\u0131ndan robot<br \/>program\u0131 otomatik olarak olu\u015fturulur.<\/li>\n<li>Operat\u00f6r\u00fcn robot hakk\u0131nda endi\u015felenmesine de gerek yok<br \/>programlama s\u0131ras\u0131nda veya \u00fcretim s\u0131ras\u0131nda.<\/li>\n<\/ul>\n<\/li>\n<\/ul>\n<\/div><a href=\"https:\/\/cybelec.ch\/tr\/endustriyel-robotlar\/\" class=\"elementor-button elementor-slide-button elementor-size-sm\">\u00dcr\u00fcn Sayfas\u0131na Eri\u015fim<\/a><\/div><\/div><\/div>\t\t\t\t<\/div>\n\t\t\t\t\t\t\t\t\t\t\t\t\t\t\t\t\t\t\t\t\t<\/div>\n\t\t\t\t<\/div>\n\t\t\t\t\t\t\t\t<\/div>\n\t\t\t\t<\/div>\n\t\t\t\t\t<\/div>\n\t\t<\/div>\n\t\t\t\t\t<\/div>\n\t\t<\/section>\n\t\t\t\t<section class=\"elementor-section elementor-top-section elementor-element elementor-element-d4a1386 elementor-section-boxed elementor-section-height-default elementor-section-height-default\" data-id=\"d4a1386\" data-element_type=\"section\" data-e-type=\"section\">\n\t\t\t\t\t\t<div class=\"elementor-container elementor-column-gap-default\">\n\t\t\t\t\t<div class=\"make-column-clickable-elementor elementor-column elementor-col-33 elementor-top-column elementor-element elementor-element-a38fdae\" style=\"cursor: pointer;\" data-column-clickable=\"https:\/\/cybelec.ch\/tr\/cybtouch-12-ps\/\" data-column-clickable-blank=\"_self\" data-id=\"a38fdae\" data-element_type=\"column\" data-e-type=\"column\" data-settings=\"{&quot;background_background&quot;:&quot;classic&quot;}\">\n\t\t\t<div class=\"elementor-widget-wrap elementor-element-populated\">\n\t\t\t\t\t\t<div class=\"elementor-element elementor-element-f452163 elementor-widget elementor-widget-heading\" data-id=\"f452163\" data-element_type=\"widget\" data-e-type=\"widget\" data-widget_type=\"heading.default\">\n\t\t\t\t<div class=\"elementor-widget-container\">\n\t\t\t\t\t<h2 class=\"elementor-heading-title elementor-size-default\">CybTouch 12 PS<\/h2>\t\t\t\t<\/div>\n\t\t\t\t<\/div>\n\t\t\t\t<div class=\"elementor-element elementor-element-4d952d2 elementor-widget elementor-widget-image\" data-id=\"4d952d2\" data-element_type=\"widget\" data-e-type=\"widget\" data-widget_type=\"image.default\">\n\t\t\t\t<div class=\"elementor-widget-container\">\n\t\t\t\t\t\t\t\t\t\t\t\t\t\t\t<img fetchpriority=\"high\" decoding=\"async\" width=\"217\" height=\"300\" src=\"https:\/\/cybelec.ch\/wp-content\/uploads\/2023\/12\/CybTouch-12-PS-217x300.png\" class=\"attachment-medium size-medium wp-image-21723\" alt=\"\" srcset=\"https:\/\/cybelec.ch\/wp-content\/uploads\/2023\/12\/CybTouch-12-PS-217x300.png 217w, https:\/\/cybelec.ch\/wp-content\/uploads\/2023\/12\/CybTouch-12-PS.png 261w\" sizes=\"(max-width: 217px) 100vw, 217px\" \/>\t\t\t\t\t\t\t\t\t\t\t\t\t\t\t<\/div>\n\t\t\t\t<\/div>\n\t\t\t\t\t<\/div>\n\t\t<\/div>\n\t\t\t\t<div class=\"make-column-clickable-elementor elementor-column elementor-col-33 elementor-top-column elementor-element elementor-element-be78140\" style=\"cursor: pointer;\" data-column-clickable=\"https:\/\/cybelec.ch\/tr\/cybtouch-12-g\/\" data-column-clickable-blank=\"_self\" data-id=\"be78140\" data-element_type=\"column\" data-e-type=\"column\" data-settings=\"{&quot;background_background&quot;:&quot;classic&quot;}\">\n\t\t\t<div class=\"elementor-widget-wrap elementor-element-populated\">\n\t\t\t\t\t\t<div class=\"elementor-element elementor-element-632a58ee elementor-widget elementor-widget-heading\" data-id=\"632a58ee\" data-element_type=\"widget\" data-e-type=\"widget\" data-widget_type=\"heading.default\">\n\t\t\t\t<div class=\"elementor-widget-container\">\n\t\t\t\t\t<h2 class=\"elementor-heading-title elementor-size-default\">CybTouch 12 G<\/h2>\t\t\t\t<\/div>\n\t\t\t\t<\/div>\n\t\t\t\t<div class=\"elementor-element elementor-element-388d390 elementor-widget elementor-widget-image\" data-id=\"388d390\" data-element_type=\"widget\" data-e-type=\"widget\" data-widget_type=\"image.default\">\n\t\t\t\t<div class=\"elementor-widget-container\">\n\t\t\t\t\t\t\t\t\t\t\t\t\t\t\t<img decoding=\"async\" width=\"300\" height=\"300\" src=\"https:\/\/cybelec.ch\/wp-content\/uploads\/2021\/03\/CT12G-SD-300x300.jpg\" class=\"attachment-medium size-medium wp-image-21360\" alt=\"\" srcset=\"https:\/\/cybelec.ch\/wp-content\/uploads\/2021\/03\/CT12G-SD-300x300.jpg 300w, https:\/\/cybelec.ch\/wp-content\/uploads\/2021\/03\/CT12G-SD-1024x1024.jpg 1024w, https:\/\/cybelec.ch\/wp-content\/uploads\/2021\/03\/CT12G-SD-150x150.jpg 150w, https:\/\/cybelec.ch\/wp-content\/uploads\/2021\/03\/CT12G-SD-768x768.jpg 768w, https:\/\/cybelec.ch\/wp-content\/uploads\/2021\/03\/CT12G-SD-1000x1000.jpg 1000w, https:\/\/cybelec.ch\/wp-content\/uploads\/2021\/03\/CT12G-SD-100x100.jpg 100w, https:\/\/cybelec.ch\/wp-content\/uploads\/2021\/03\/CT12G-SD.jpg 1197w\" sizes=\"(max-width: 300px) 100vw, 300px\" \/>\t\t\t\t\t\t\t\t\t\t\t\t\t\t\t<\/div>\n\t\t\t\t<\/div>\n\t\t\t\t\t<\/div>\n\t\t<\/div>\n\t\t\t\t<div class=\"make-column-clickable-elementor elementor-column elementor-col-33 elementor-top-column elementor-element elementor-element-ddb68a6\" style=\"cursor: pointer;\" data-column-clickable=\"https:\/\/cybelec.ch\/tr\/visitouch-pcbox\/\" data-column-clickable-blank=\"_self\" data-id=\"ddb68a6\" data-element_type=\"column\" data-e-type=\"column\" data-settings=\"{&quot;background_background&quot;:&quot;classic&quot;}\">\n\t\t\t<div class=\"elementor-widget-wrap elementor-element-populated\">\n\t\t\t\t\t\t<div class=\"elementor-element elementor-element-c9603b6 elementor-widget elementor-widget-heading\" data-id=\"c9603b6\" data-element_type=\"widget\" data-e-type=\"widget\" data-widget_type=\"heading.default\">\n\t\t\t\t<div class=\"elementor-widget-container\">\n\t\t\t\t\t<h2 class=\"elementor-heading-title elementor-size-default\">VisiTouch PC Kutusu<\/h2>\t\t\t\t<\/div>\n\t\t\t\t<\/div>\n\t\t\t\t<div class=\"elementor-element elementor-element-6a6c4b5 elementor-widget elementor-widget-image\" data-id=\"6a6c4b5\" data-element_type=\"widget\" data-e-type=\"widget\" data-widget_type=\"image.default\">\n\t\t\t\t<div class=\"elementor-widget-container\">\n\t\t\t\t\t\t\t\t\t\t\t\t\t\t\t<img decoding=\"async\" width=\"217\" height=\"300\" src=\"https:\/\/cybelec.ch\/wp-content\/uploads\/2023\/07\/PC-Box8-217x300.png\" class=\"attachment-medium size-medium wp-image-21451\" alt=\"PC-Box8\" srcset=\"https:\/\/cybelec.ch\/wp-content\/uploads\/2023\/07\/PC-Box8-217x300.png 217w, https:\/\/cybelec.ch\/wp-content\/uploads\/2023\/07\/PC-Box8-741x1024.png 741w, https:\/\/cybelec.ch\/wp-content\/uploads\/2023\/07\/PC-Box8-768x1061.png 768w, https:\/\/cybelec.ch\/wp-content\/uploads\/2023\/07\/PC-Box8-1112x1536.png 1112w, https:\/\/cybelec.ch\/wp-content\/uploads\/2023\/07\/PC-Box8-1482x2048.png 1482w, https:\/\/cybelec.ch\/wp-content\/uploads\/2023\/07\/PC-Box8.png 1941w\" sizes=\"(max-width: 217px) 100vw, 217px\" \/>\t\t\t\t\t\t\t\t\t\t\t\t\t\t\t<\/div>\n\t\t\t\t<\/div>\n\t\t\t\t\t<\/div>\n\t\t<\/div>\n\t\t\t\t\t<\/div>\n\t\t<\/section>\n\t\t\t\t<\/div>\n\t\t","protected":false},"excerpt":{"rendered":"<p>Son Haberler VisiTouch 24 MX VisiTouch 24 MX, CNC abkant presler i\u00e7in yeni bir \u00e7\u00f6z\u00fcme sahip 3D grafik say\u0131sal kontrold\u00fcr Hepsi bir arada: 24 in\u00e7 y\u00fczeyli Tam Dokunmatik ekran ve ekran\u0131n arkas\u0131na monte edilmi\u015f CNC kart\u0131. Bir\u00e7ok ekseni kontrol eden CANopen\u00ae ve EtherCAT\u00ae alan veri yollar\u0131 ile tam dijital Bir par\u00e7an\u0131n b\u00fck\u00fclmesini 3D olarak h\u0131zl\u0131 [&hellip;]<\/p>\n","protected":false},"author":1,"featured_media":0,"parent":0,"menu_order":0,"comment_status":"closed","ping_status":"closed","template":"elementor_header_footer","meta":{"site-sidebar-layout":"default","site-content-layout":"","ast-site-content-layout":"default","site-content-style":"default","site-sidebar-style":"default","ast-global-header-display":"","ast-banner-title-visibility":"","ast-main-header-display":"","ast-hfb-above-header-display":"","ast-hfb-below-header-display":"","ast-hfb-mobile-header-display":"","site-post-title":"","ast-breadcrumbs-content":"","ast-featured-img":"","footer-sml-layout":"","ast-disable-related-posts":"","theme-transparent-header-meta":"","adv-header-id-meta":"","stick-header-meta":"","header-above-stick-meta":"","header-main-stick-meta":"","header-below-stick-meta":"","astra-migrate-meta-layouts":"default","ast-page-background-enabled":"default","ast-page-background-meta":{"desktop":{"background-color":"","background-image":"","background-repeat":"repeat","background-position":"center center","background-size":"auto","background-attachment":"scroll","background-type":"","background-media":"","overlay-type":"","overlay-color":"","overlay-opacity":"","overlay-gradient":""},"tablet":{"background-color":"","background-image":"","background-repeat":"repeat","background-position":"center center","background-size":"auto","background-attachment":"scroll","background-type":"","background-media":"","overlay-type":"","overlay-color":"","overlay-opacity":"","overlay-gradient":""},"mobile":{"background-color":"","background-image":"","background-repeat":"repeat","background-position":"center center","background-size":"auto","background-attachment":"scroll","background-type":"","background-media":"","overlay-type":"","overlay-color":"","overlay-opacity":"","overlay-gradient":""}},"ast-content-background-meta":{"desktop":{"background-color":"var(--ast-global-color-5)","background-image":"","background-repeat":"repeat","background-position":"center center","background-size":"auto","background-attachment":"scroll","background-type":"","background-media":"","overlay-type":"","overlay-color":"","overlay-opacity":"","overlay-gradient":""},"tablet":{"background-color":"var(--ast-global-color-5)","background-image":"","background-repeat":"repeat","background-position":"center center","background-size":"auto","background-attachment":"scroll","background-type":"","background-media":"","overlay-type":"","overlay-color":"","overlay-opacity":"","overlay-gradient":""},"mobile":{"background-color":"var(--ast-global-color-5)","background-image":"","background-repeat":"repeat","background-position":"center center","background-size":"auto","background-attachment":"scroll","background-type":"","background-media":"","overlay-type":"","overlay-color":"","overlay-opacity":"","overlay-gradient":""}},"footnotes":""},"class_list":["post-21834","page","type-page","status-publish","hentry"],"aioseo_notices":[],"_links":{"self":[{"href":"https:\/\/cybelec.ch\/tr\/wp-json\/wp\/v2\/pages\/21834","targetHints":{"allow":["GET"]}}],"collection":[{"href":"https:\/\/cybelec.ch\/tr\/wp-json\/wp\/v2\/pages"}],"about":[{"href":"https:\/\/cybelec.ch\/tr\/wp-json\/wp\/v2\/types\/page"}],"author":[{"embeddable":true,"href":"https:\/\/cybelec.ch\/tr\/wp-json\/wp\/v2\/users\/1"}],"replies":[{"embeddable":true,"href":"https:\/\/cybelec.ch\/tr\/wp-json\/wp\/v2\/comments?post=21834"}],"version-history":[{"count":3,"href":"https:\/\/cybelec.ch\/tr\/wp-json\/wp\/v2\/pages\/21834\/revisions"}],"predecessor-version":[{"id":27404,"href":"https:\/\/cybelec.ch\/tr\/wp-json\/wp\/v2\/pages\/21834\/revisions\/27404"}],"wp:attachment":[{"href":"https:\/\/cybelec.ch\/tr\/wp-json\/wp\/v2\/media?parent=21834"}],"curies":[{"name":"wp","href":"https:\/\/api.w.org\/{rel}","templated":true}]}}