{"id":21953,"date":"2021-01-06T09:14:16","date_gmt":"2021-01-06T08:14:16","guid":{"rendered":"https:\/\/cybelec.ch\/gizlilik-politikasi\/"},"modified":"2024-03-07T09:21:48","modified_gmt":"2024-03-07T08:21:48","slug":"gizlilik-politikasi","status":"publish","type":"page","link":"https:\/\/cybelec.ch\/tr\/gizlilik-politikasi\/","title":{"rendered":"Gizlilik Politikas\u0131"},"content":{"rendered":"\t\t<div data-elementor-type=\"wp-page\" data-elementor-id=\"21953\" class=\"elementor elementor-21953 elementor-12760\" data-elementor-post-type=\"page\">\n\t\t\t\t\t\t<section class=\"elementor-section elementor-top-section elementor-element elementor-element-2f20c80 elementor-section-boxed elementor-section-height-default elementor-section-height-default\" data-id=\"2f20c80\" data-element_type=\"section\" data-e-type=\"section\">\n\t\t\t\t\t\t<div class=\"elementor-container elementor-column-gap-default\">\n\t\t\t\t\t<div class=\"elementor-column elementor-col-100 elementor-top-column elementor-element elementor-element-4385067\" data-id=\"4385067\" data-element_type=\"column\" data-e-type=\"column\" data-settings=\"{&quot;background_background&quot;:&quot;classic&quot;}\">\n\t\t\t<div class=\"elementor-widget-wrap elementor-element-populated\">\n\t\t\t\t\t\t\t<\/div>\n\t\t<\/div>\n\t\t\t\t\t<\/div>\n\t\t<\/section>\n\t\t\t\t<section class=\"elementor-section elementor-top-section elementor-element elementor-element-0c48ebc elementor-section-boxed elementor-section-height-default elementor-section-height-default\" data-id=\"0c48ebc\" data-element_type=\"section\" data-e-type=\"section\">\n\t\t\t\t\t\t<div class=\"elementor-container elementor-column-gap-no\">\n\t\t\t\t\t<div class=\"elementor-column elementor-col-50 elementor-top-column elementor-element elementor-element-ed6b6ba\" data-id=\"ed6b6ba\" data-element_type=\"column\" data-e-type=\"column\">\n\t\t\t<div class=\"elementor-widget-wrap elementor-element-populated\">\n\t\t\t\t\t\t<div class=\"elementor-element elementor-element-4065bf4 elementor-widget elementor-widget-heading\" data-id=\"4065bf4\" data-element_type=\"widget\" data-e-type=\"widget\" data-widget_type=\"heading.default\">\n\t\t\t\t<div class=\"elementor-widget-container\">\n\t\t\t\t\t<h1 class=\"elementor-heading-title elementor-size-default\">Gizlilik  <br>Politika<\/h1>\t\t\t\t<\/div>\n\t\t\t\t<\/div>\n\t\t\t\t\t<\/div>\n\t\t<\/div>\n\t\t\t\t<div class=\"elementor-column elementor-col-50 elementor-top-column elementor-element elementor-element-da4cfce\" data-id=\"da4cfce\" data-element_type=\"column\" data-e-type=\"column\">\n\t\t\t<div class=\"elementor-widget-wrap elementor-element-populated\">\n\t\t\t\t\t\t<div class=\"elementor-element elementor-element-5ea0038 elementor-widget elementor-widget-text-editor\" data-id=\"5ea0038\" data-element_type=\"widget\" data-e-type=\"widget\" data-widget_type=\"text-editor.default\">\n\t\t\t\t<div class=\"elementor-widget-container\">\n\t\t\t\t\t\t\t\t\t<p><strong>Gizlilik Politikas\u0131<\/strong><\/p>\n<p>Cybelec gizlili\u011fin \u00f6nemli bir konu oldu\u011funu d\u00fc\u015f\u00fcnmektedir, bu nedenle web hizmetlerimizi gizlili\u011fin korunmas\u0131n\u0131 dikkate alarak olu\u015fturuyor ve i\u015fletiyoruz. Bu Gizlilik Politikas\u0131, Cybelec&#8217;in web sitelerinden birini kulland\u0131\u011f\u0131n\u0131zda toplad\u0131\u011f\u0131m\u0131z ki\u015fisel bilgi t\u00fcrlerini ve bunlar\u0131 korumak i\u00e7in att\u0131\u011f\u0131m\u0131z baz\u0131 ad\u0131mlar\u0131 \u00f6zetlemektedir.<br \/><span style=\"font-size: 15px; color: var( --e-global-color-secondary );\"><br \/>Web sitelerinin i\u00e7eri\u011fi ba\u015fka herhangi bir ba\u011flant\u0131da kullan\u0131lamaz veya kopyalanamaz. Bu web sitelerindeki bilgiler i\u00e7in hi\u00e7bir sorumluluk kabul edilemez.<\/span><\/p>\n<p>Bu ilkeler, talep etti\u011fimiz ve sizin sa\u011flad\u0131\u011f\u0131n\u0131z ki\u015fisel olarak tan\u0131mlay\u0131c\u0131 bilgiler i\u00e7in ge\u00e7erlidir. Bununla, ad\u0131n\u0131z, fiziksel adresiniz, e-posta adresiniz veya di\u011fer ileti\u015fim bilgileriniz gibi sizi bireysel olarak tan\u0131mlayan bilgileri kastediyoruz.<\/p>\n<p><b>VERI\u0307 TOPLAMA<\/b><\/p>\n<p>Web sitelerimizde ve di\u011fer hizmetlerimizin \u00e7o\u011funda gezinmek ki\u015fisel olarak tan\u0131mlay\u0131c\u0131 herhangi bir bilgi gerektirmez.<\/p>\n<p>Cybelec, bir web sitesini ziyaret etti\u011finizde taray\u0131c\u0131n\u0131z\u0131n kullan\u0131ma sundu\u011fu ki\u015fisel olarak tan\u0131mlay\u0131c\u0131 olmayan s\u0131n\u0131rl\u0131 bilgileri toplayabilir. Bu g\u00fcnl\u00fck bilgileri, \u0130nternet Protokol\u00fc adresinizi, taray\u0131c\u0131 t\u00fcr\u00fcn\u00fcz\u00fc, taray\u0131c\u0131 dilinizi, sorgunuzun tarih ve saatini ve taray\u0131c\u0131n\u0131z\u0131 benzersiz bir \u015fekilde tan\u0131mlayabilecek bir veya daha fazla \u00e7erezi i\u00e7erir. Bu bilgileri kullan\u0131c\u0131 davran\u0131\u015f\u0131n\u0131 daha iyi anlamak ve tekliflerimizi daha da geli\u015ftirmek i\u00e7in kullan\u0131yoruz.<\/p>\n<p>Haber b\u00fclteni, \u00fcr\u00fcnler, \u0130ade Malzeme Yetkilendirmesi veya ileti\u015fim formunu doldururken verilen ki\u015fisel bilgiler Cybelec&#8217;in veri taban\u0131nda saklan\u0131r. Bu bilgiler gizli tutulur ve \u00fc\u00e7\u00fcnc\u00fc taraflara aktar\u0131lmaz. Verileri istedi\u011finiz zaman inceleme veya veri taban\u0131ndan sildirme hakk\u0131na sahipsiniz.<\/p>\n<p><b>KURAB\u0130YELER<\/b><\/p>\n<p>Bir Cybelec web sitesini ilk ziyaretinizde, bilgisayar\u0131n\u0131za taray\u0131c\u0131n\u0131z\u0131 benzersiz bir \u015fekilde tan\u0131mlayan bir \u00e7erez g\u00f6nderilir. &#8220;\u00c7erez&#8221;, bir web sitesini ziyaret etti\u011finizde bilgisayar\u0131n\u0131za g\u00f6nderilen bir karakter dizisi i\u00e7eren k\u00fc\u00e7\u00fck bir dosyad\u0131r. \u00c7erezleri, hizmet kalitemizi art\u0131rmak ve insanlar\u0131n sitelerimizi nas\u0131l kulland\u0131\u011f\u0131n\u0131 daha iyi anlamak i\u00e7in kullan\u0131yoruz. Bunu, kullan\u0131c\u0131 tercihlerini \u00e7erezlerde saklayarak ve kullan\u0131c\u0131 e\u011filimlerini ve insanlar\u0131n sitelerimizde nas\u0131l gezindi\u011fine ili\u015fkin kal\u0131plar\u0131 izleyerek yap\u0131yoruz.<\/p>\n<p>\u00c7o\u011fu taray\u0131c\u0131 ba\u015flang\u0131\u00e7ta \u00e7erezleri kabul edecek \u015fekilde ayarlanm\u0131\u015ft\u0131r. Taray\u0131c\u0131n\u0131z\u0131 t\u00fcm \u00e7erezleri reddedecek veya bir \u00e7erez g\u00f6nderildi\u011finde bunu belirtecek \u015fekilde s\u0131f\u0131rlayabilirsiniz. Ancak, sitelerimizdeki baz\u0131 \u00f6zellikler veya hizmetler \u00e7erezler olmadan d\u00fczg\u00fcn \u00e7al\u0131\u015fmayabilir.<\/p>\n<p><b>L\u0130NKLER<\/b><\/p>\n<p>Cybelec web sitelerinden ba\u011flant\u0131 verilen harici siteler, Cybelec&#8217;in \u00fczerinde kontrol sahibi olmad\u0131\u011f\u0131 ki\u015filer taraf\u0131ndan geli\u015ftirilmi\u015ftir. Bu di\u011fer siteler bilgisayar\u0131n\u0131za kendi \u00e7erezlerini yerle\u015ftirebilir, veri toplayabilir veya ki\u015fisel bilgilerinizi talep edebilir.<\/p>\n<p><b>BU POLI\u0307TI\u0307KADAKI\u0307 DE\u011eI\u0307\u015eI\u0307KLI\u0307KLER<\/b><\/p>\n<p>Bu Gizlilik Politikas\u0131n\u0131n zaman zaman de\u011fi\u015fece\u011fini l\u00fctfen unutmay\u0131n. Bu t\u00fcr de\u011fi\u015fikliklerin \u00e7o\u011funun k\u00fc\u00e7\u00fck olmas\u0131n\u0131 bekliyoruz, ancak daha \u00f6nemli de\u011fi\u015fiklikler olabilir.<\/p>\n<p>Ne olursa olsun, bu de\u011fi\u015fiklikleri bu sayfada yay\u0131nlayaca\u011f\u0131z ve de\u011fi\u015fiklikler \u00f6nemliyse, daha belirgin bir bildirim de sa\u011flayaca\u011f\u0131z. Her versiyon sayfan\u0131n \u00fcst k\u0131sm\u0131nda belirtilecektir. Bu Gizlilik Politikas\u0131n\u0131n \u00f6nceki s\u00fcr\u00fcmleri, g\u00f6r\u00fcnt\u00fcleyebilmeniz i\u00e7in bir ar\u015fivde tutulacakt\u0131r.<\/p>\n<p>Ba\u015fka sorular\u0131n\u0131z varsa, l\u00fctfen istedi\u011finiz zaman bizimle ileti\u015fime ge\u00e7mekten \u00e7ekinmeyin.<\/p>\n\t\t\t\t\t\t\t\t<\/div>\n\t\t\t\t<\/div>\n\t\t\t\t\t<\/div>\n\t\t<\/div>\n\t\t\t\t\t<\/div>\n\t\t<\/section>\n\t\t\t\t<\/div>\n\t\t","protected":false},"excerpt":{"rendered":"<p>Gizlilik Politika Gizlilik Politikas\u0131 Cybelec gizlili\u011fin \u00f6nemli bir konu oldu\u011funu d\u00fc\u015f\u00fcnmektedir, bu nedenle web hizmetlerimizi gizlili\u011fin korunmas\u0131n\u0131 dikkate alarak olu\u015fturuyor ve i\u015fletiyoruz. Bu Gizlilik Politikas\u0131, Cybelec&#8217;in web sitelerinden birini kulland\u0131\u011f\u0131n\u0131zda toplad\u0131\u011f\u0131m\u0131z ki\u015fisel bilgi t\u00fcrlerini ve bunlar\u0131 korumak i\u00e7in att\u0131\u011f\u0131m\u0131z baz\u0131 ad\u0131mlar\u0131 \u00f6zetlemektedir. Web sitelerinin i\u00e7eri\u011fi ba\u015fka herhangi bir ba\u011flant\u0131da kullan\u0131lamaz veya kopyalanamaz. Bu web sitelerindeki [&hellip;]<\/p>\n","protected":false},"author":1,"featured_media":0,"parent":0,"menu_order":0,"comment_status":"closed","ping_status":"closed","template":"","meta":{"site-sidebar-layout":"no-sidebar","site-content-layout":"page-builder","ast-site-content-layout":"default","site-content-style":"default","site-sidebar-style":"default","ast-global-header-display":"","ast-banner-title-visibility":"","ast-main-header-display":"","ast-hfb-above-header-display":"","ast-hfb-below-header-display":"","ast-hfb-mobile-header-display":"","site-post-title":"disabled","ast-breadcrumbs-content":"","ast-featured-img":"disabled","footer-sml-layout":"","ast-disable-related-posts":"","theme-transparent-header-meta":"default","adv-header-id-meta":"","stick-header-meta":"","header-above-stick-meta":"","header-main-stick-meta":"","header-below-stick-meta":"","astra-migrate-meta-layouts":"default","ast-page-background-enabled":"default","ast-page-background-meta":{"desktop":{"background-color":"","background-image":"","background-repeat":"repeat","background-position":"center center","background-size":"auto","background-attachment":"scroll","background-type":"","background-media":"","overlay-type":"","overlay-color":"","overlay-opacity":"","overlay-gradient":""},"tablet":{"background-color":"","background-image":"","background-repeat":"repeat","background-position":"center center","background-size":"auto","background-attachment":"scroll","background-type":"","background-media":"","overlay-type":"","overlay-color":"","overlay-opacity":"","overlay-gradient":""},"mobile":{"background-color":"","background-image":"","background-repeat":"repeat","background-position":"center center","background-size":"auto","background-attachment":"scroll","background-type":"","background-media":"","overlay-type":"","overlay-color":"","overlay-opacity":"","overlay-gradient":""}},"ast-content-background-meta":{"desktop":{"background-color":"var(--ast-global-color-5)","background-image":"","background-repeat":"repeat","background-position":"center center","background-size":"auto","background-attachment":"scroll","background-type":"","background-media":"","overlay-type":"","overlay-color":"","overlay-opacity":"","overlay-gradient":""},"tablet":{"background-color":"var(--ast-global-color-5)","background-image":"","background-repeat":"repeat","background-position":"center center","background-size":"auto","background-attachment":"scroll","background-type":"","background-media":"","overlay-type":"","overlay-color":"","overlay-opacity":"","overlay-gradient":""},"mobile":{"background-color":"var(--ast-global-color-5)","background-image":"","background-repeat":"repeat","background-position":"center center","background-size":"auto","background-attachment":"scroll","background-type":"","background-media":"","overlay-type":"","overlay-color":"","overlay-opacity":"","overlay-gradient":""}},"footnotes":""},"class_list":["post-21953","page","type-page","status-publish","hentry"],"aioseo_notices":[],"_links":{"self":[{"href":"https:\/\/cybelec.ch\/tr\/wp-json\/wp\/v2\/pages\/21953","targetHints":{"allow":["GET"]}}],"collection":[{"href":"https:\/\/cybelec.ch\/tr\/wp-json\/wp\/v2\/pages"}],"about":[{"href":"https:\/\/cybelec.ch\/tr\/wp-json\/wp\/v2\/types\/page"}],"author":[{"embeddable":true,"href":"https:\/\/cybelec.ch\/tr\/wp-json\/wp\/v2\/users\/1"}],"replies":[{"embeddable":true,"href":"https:\/\/cybelec.ch\/tr\/wp-json\/wp\/v2\/comments?post=21953"}],"version-history":[{"count":0,"href":"https:\/\/cybelec.ch\/tr\/wp-json\/wp\/v2\/pages\/21953\/revisions"}],"wp:attachment":[{"href":"https:\/\/cybelec.ch\/tr\/wp-json\/wp\/v2\/media?parent=21953"}],"curies":[{"name":"wp","href":"https:\/\/api.w.org\/{rel}","templated":true}]}}