{"id":23180,"date":"2024-06-05T08:34:23","date_gmt":"2024-06-05T06:34:23","guid":{"rendered":"https:\/\/cybelec.ch\/cybtouch-8-ps\/"},"modified":"2024-11-04T13:51:00","modified_gmt":"2024-11-04T12:51:00","slug":"cybtouch-8-ps","status":"publish","type":"page","link":"https:\/\/cybelec.ch\/tr\/cybtouch-8-ps\/","title":{"rendered":"CybTouch 8 PS"},"content":{"rendered":"\t\t<div data-elementor-type=\"wp-page\" data-elementor-id=\"23180\" class=\"elementor elementor-23180 elementor-22833\" data-elementor-post-type=\"page\">\n\t\t\t\t\t\t<section class=\"elementor-section elementor-top-section elementor-element elementor-element-5e52de3 elementor-reverse-mobile elementor-section-boxed elementor-section-height-default elementor-section-height-default\" data-id=\"5e52de3\" data-element_type=\"section\" data-e-type=\"section\">\n\t\t\t\t\t\t<div class=\"elementor-container elementor-column-gap-no\">\n\t\t\t\t\t<div class=\"elementor-column elementor-col-50 elementor-top-column elementor-element elementor-element-1060a9f\" data-id=\"1060a9f\" data-element_type=\"column\" data-e-type=\"column\">\n\t\t\t<div class=\"elementor-widget-wrap elementor-element-populated\">\n\t\t\t\t\t\t<div class=\"elementor-element elementor-element-7d581ff elementor-widget elementor-widget-gallery\" data-id=\"7d581ff\" data-element_type=\"widget\" data-e-type=\"widget\" data-settings=\"{&quot;columns&quot;:2,&quot;aspect_ratio&quot;:&quot;1:1&quot;,&quot;columns_mobile&quot;:2,&quot;lazyload&quot;:&quot;yes&quot;,&quot;gallery_layout&quot;:&quot;grid&quot;,&quot;columns_tablet&quot;:2,&quot;gap&quot;:{&quot;unit&quot;:&quot;px&quot;,&quot;size&quot;:10,&quot;sizes&quot;:[]},&quot;gap_tablet&quot;:{&quot;unit&quot;:&quot;px&quot;,&quot;size&quot;:10,&quot;sizes&quot;:[]},&quot;gap_mobile&quot;:{&quot;unit&quot;:&quot;px&quot;,&quot;size&quot;:10,&quot;sizes&quot;:[]},&quot;link_to&quot;:&quot;file&quot;,&quot;content_hover_animation&quot;:&quot;fade-in&quot;}\" data-widget_type=\"gallery.default\">\n\t\t\t\t<div class=\"elementor-widget-container\">\n\t\t\t\t\t\t\t<div class=\"elementor-gallery__container\">\n\t\t\t\t\t\t\t<a class=\"e-gallery-item elementor-gallery-item elementor-animated-content\" href=\"https:\/\/cybelec.ch\/wp-content\/uploads\/2020\/12\/CT8_DROITE_OMBRE_I_screenMG_4167-1-scaled.jpg\" data-elementor-open-lightbox=\"yes\" data-elementor-lightbox-slideshow=\"7d581ff\" data-e-action-hash=\"#elementor-action%3Aaction%3Dlightbox%26settings%3DeyJpZCI6MTM4MjAsInVybCI6Imh0dHBzOlwvXC9jeWJlbGVjLmNoXC93cC1jb250ZW50XC91cGxvYWRzXC8yMDIwXC8xMlwvQ1Q4X0RST0lURV9PTUJSRV9JX3NjcmVlbk1HXzQxNjctMS1zY2FsZWQuanBnIiwic2xpZGVzaG93IjoiN2Q1ODFmZiJ9\">\n\t\t\t\t\t<div class=\"e-gallery-image elementor-gallery-item__image\" data-thumbnail=\"https:\/\/cybelec.ch\/wp-content\/uploads\/2020\/12\/CT8_DROITE_OMBRE_I_screenMG_4167-1-scaled.jpg\" data-width=\"2560\" data-height=\"2276\" aria-label=\"\" role=\"img\" ><\/div>\n\t\t\t\t\t\t\t\t\t\t\t\t\t\t<\/a>\n\t\t\t\t\t\t\t<a class=\"e-gallery-item elementor-gallery-item elementor-animated-content\" href=\"https:\/\/cybelec.ch\/wp-content\/uploads\/2020\/12\/CT12-6.jpg\" data-elementor-open-lightbox=\"yes\" data-elementor-lightbox-slideshow=\"7d581ff\" data-e-action-hash=\"#elementor-action%3Aaction%3Dlightbox%26settings%3DeyJpZCI6MTE0MTEsInVybCI6Imh0dHBzOlwvXC9jeWJlbGVjLmNoXC93cC1jb250ZW50XC91cGxvYWRzXC8yMDIwXC8xMlwvQ1QxMi02LmpwZyIsInNsaWRlc2hvdyI6IjdkNTgxZmYifQ%3D%3D\">\n\t\t\t\t\t<div class=\"e-gallery-image elementor-gallery-item__image\" data-thumbnail=\"https:\/\/cybelec.ch\/wp-content\/uploads\/2020\/12\/CT12-6.jpg\" data-width=\"178\" data-height=\"178\" aria-label=\"\" role=\"img\" ><\/div>\n\t\t\t\t\t\t\t\t\t\t\t\t\t\t<\/a>\n\t\t\t\t\t\t\t<a class=\"e-gallery-item elementor-gallery-item elementor-animated-content\" href=\"https:\/\/cybelec.ch\/wp-content\/uploads\/2020\/12\/CT12-5.jpg\" data-elementor-open-lightbox=\"yes\" data-elementor-lightbox-slideshow=\"7d581ff\" data-e-action-hash=\"#elementor-action%3Aaction%3Dlightbox%26settings%3DeyJpZCI6MTE0MTAsInVybCI6Imh0dHBzOlwvXC9jeWJlbGVjLmNoXC93cC1jb250ZW50XC91cGxvYWRzXC8yMDIwXC8xMlwvQ1QxMi01LmpwZyIsInNsaWRlc2hvdyI6IjdkNTgxZmYifQ%3D%3D\">\n\t\t\t\t\t<div class=\"e-gallery-image elementor-gallery-item__image\" data-thumbnail=\"https:\/\/cybelec.ch\/wp-content\/uploads\/2020\/12\/CT12-5.jpg\" data-width=\"178\" data-height=\"178\" aria-label=\"\" role=\"img\" ><\/div>\n\t\t\t\t\t\t\t\t\t\t\t\t\t\t<\/a>\n\t\t\t\t\t\t\t<a class=\"e-gallery-item elementor-gallery-item elementor-animated-content\" href=\"https:\/\/cybelec.ch\/wp-content\/uploads\/2020\/12\/CT12-4.jpg\" data-elementor-open-lightbox=\"yes\" data-elementor-lightbox-slideshow=\"7d581ff\" data-e-action-hash=\"#elementor-action%3Aaction%3Dlightbox%26settings%3DeyJpZCI6MTE0MDksInVybCI6Imh0dHBzOlwvXC9jeWJlbGVjLmNoXC93cC1jb250ZW50XC91cGxvYWRzXC8yMDIwXC8xMlwvQ1QxMi00LmpwZyIsInNsaWRlc2hvdyI6IjdkNTgxZmYifQ%3D%3D\">\n\t\t\t\t\t<div class=\"e-gallery-image elementor-gallery-item__image\" data-thumbnail=\"https:\/\/cybelec.ch\/wp-content\/uploads\/2020\/12\/CT12-4.jpg\" data-width=\"178\" data-height=\"178\" aria-label=\"\" role=\"img\" ><\/div>\n\t\t\t\t\t\t\t\t\t\t\t\t\t\t<\/a>\n\t\t\t\t\t\t\t<a class=\"e-gallery-item elementor-gallery-item elementor-animated-content\" href=\"https:\/\/cybelec.ch\/wp-content\/uploads\/2020\/12\/CT12-3.jpg\" data-elementor-open-lightbox=\"yes\" data-elementor-lightbox-slideshow=\"7d581ff\" data-e-action-hash=\"#elementor-action%3Aaction%3Dlightbox%26settings%3DeyJpZCI6MTE0MDgsInVybCI6Imh0dHBzOlwvXC9jeWJlbGVjLmNoXC93cC1jb250ZW50XC91cGxvYWRzXC8yMDIwXC8xMlwvQ1QxMi0zLmpwZyIsInNsaWRlc2hvdyI6IjdkNTgxZmYifQ%3D%3D\">\n\t\t\t\t\t<div class=\"e-gallery-image elementor-gallery-item__image\" data-thumbnail=\"https:\/\/cybelec.ch\/wp-content\/uploads\/2020\/12\/CT12-3.jpg\" data-width=\"178\" data-height=\"178\" aria-label=\"\" role=\"img\" ><\/div>\n\t\t\t\t\t\t\t\t\t\t\t\t\t\t<\/a>\n\t\t\t\t\t\t\t<a class=\"e-gallery-item elementor-gallery-item elementor-animated-content\" href=\"https:\/\/cybelec.ch\/wp-content\/uploads\/2020\/12\/CT12-2.jpg\" data-elementor-open-lightbox=\"yes\" data-elementor-lightbox-slideshow=\"7d581ff\" data-e-action-hash=\"#elementor-action%3Aaction%3Dlightbox%26settings%3DeyJpZCI6MTE0MDcsInVybCI6Imh0dHBzOlwvXC9jeWJlbGVjLmNoXC93cC1jb250ZW50XC91cGxvYWRzXC8yMDIwXC8xMlwvQ1QxMi0yLmpwZyIsInNsaWRlc2hvdyI6IjdkNTgxZmYifQ%3D%3D\">\n\t\t\t\t\t<div class=\"e-gallery-image elementor-gallery-item__image\" data-thumbnail=\"https:\/\/cybelec.ch\/wp-content\/uploads\/2020\/12\/CT12-2.jpg\" data-width=\"178\" data-height=\"178\" aria-label=\"\" role=\"img\" ><\/div>\n\t\t\t\t\t\t\t\t\t\t\t\t\t\t<\/a>\n\t\t\t\t\t<\/div>\n\t\t\t\t\t<\/div>\n\t\t\t\t<\/div>\n\t\t\t\t\t<\/div>\n\t\t<\/div>\n\t\t\t\t<div class=\"elementor-column elementor-col-50 elementor-top-column elementor-element elementor-element-7e4959e\" data-id=\"7e4959e\" data-element_type=\"column\" data-e-type=\"column\">\n\t\t\t<div class=\"elementor-widget-wrap elementor-element-populated\">\n\t\t\t\t\t\t<div class=\"elementor-element elementor-element-188fa3c elementor-widget elementor-widget-heading\" data-id=\"188fa3c\" data-element_type=\"widget\" data-e-type=\"widget\" data-widget_type=\"heading.default\">\n\t\t\t\t<div class=\"elementor-widget-container\">\n\t\t\t\t\t<h2 class=\"elementor-heading-title elementor-size-default\">CybTouch 8 PS \u00f6zellikle senkronize pres frenler i\u00e7in geli\u015ftirilmi\u015ftir.\n<\/h2>\t\t\t\t<\/div>\n\t\t\t\t<\/div>\n\t\t\t\t<div class=\"elementor-element elementor-element-fedcfcc elementor-widget elementor-widget-text-editor\" data-id=\"fedcfcc\" data-element_type=\"widget\" data-e-type=\"widget\" data-widget_type=\"text-editor.default\">\n\t\t\t\t<div class=\"elementor-widget-container\">\n\t\t\t\t\t\t\t\t\t<p>CybTouch serisinin bir par\u00e7as\u0131 olarak, sezgisel ve canl\u0131 renkli dokunmatik ekrana ve y\u00fcksek fonksiyon entegrasyonuna sahiptir.<br \/>B\u00fcy\u00fck tu\u015flara sahip interaktif dokunmatik yaz\u0131l\u0131m aray\u00fcz\u00fc, \u00e7evrimi\u00e7i yard\u0131m ve operat\u00f6r\u00fc s\u00fcrekli y\u00f6nlendiren di\u011fer bir\u00e7ok otomatik fonksiyon sayesinde CybTouch 8, bir pozisyoner kontrol\u00fc kadar basittir.<br \/>CybTouch 8, bir kola monte edilmek \u00fczere \u00f6zel olarak tasarlanm\u0131\u015f sa\u011flam, modern ve aerodinamik bir muhafaza ile birlikte gelir.<\/p>\n<p>\u0130ki model sunuyoruz:<\/p>\n<ul>\n<li>CybTouch 83 PSe, 3 eksen (Y1, Y2, X), ekonomik versiyon, 4 eksene y\u00fckseltilemez.<\/li>\n<li>CybTouch 84 PS, 4 eksen (Y1, Y2, X, R)<\/li>\n<\/ul>\n<p>G\u00f6vde veya panel tasar\u0131m\u0131nda mevcuttur<\/p>\n\t\t\t\t\t\t\t\t<\/div>\n\t\t\t\t<\/div>\n\t\t\t\t<div class=\"elementor-element elementor-element-f79e202 elementor-widget elementor-widget-heading\" data-id=\"f79e202\" data-element_type=\"widget\" data-e-type=\"widget\" data-widget_type=\"heading.default\">\n\t\t\t\t<div class=\"elementor-widget-container\">\n\t\t\t\t\t<h2 class=\"elementor-heading-title elementor-size-default\">CybTouchTools<\/h2>\t\t\t\t<\/div>\n\t\t\t\t<\/div>\n\t\t\t\t<div class=\"elementor-element elementor-element-9f6b152 elementor-widget elementor-widget-text-editor\" data-id=\"9f6b152\" data-element_type=\"widget\" data-e-type=\"widget\" data-widget_type=\"text-editor.default\">\n\t\t\t\t<div class=\"elementor-widget-container\">\n\t\t\t\t\t\t\t\t\t<p>T\u00fcm CybTouch, bir PC ile CybTouch aras\u0131nda kablosuz olarak veri aktar\u0131m\u0131na izin veren CybTouchTools ile birlikte gelir (iste\u011fe ba\u011fl\u0131 RFLink USB anahtar\u0131 gerektirir). Makine parametrelerini, tak\u0131mlar\u0131 ve par\u00e7alar\u0131 yedeklemek\/geri y\u00fcklemek ve yaz\u0131l\u0131m\u0131 g\u00fcncellemek i\u00e7in kullan\u0131l\u0131r.<\/p>\n\t\t\t\t\t\t\t\t<\/div>\n\t\t\t\t<\/div>\n\t\t\t\t<div class=\"elementor-element elementor-element-76e2f63 elementor-widget elementor-widget-heading\" data-id=\"76e2f63\" data-element_type=\"widget\" data-e-type=\"widget\" data-widget_type=\"heading.default\">\n\t\t\t\t<div class=\"elementor-widget-container\">\n\t\t\t\t\t<h2 class=\"elementor-heading-title elementor-size-default\">PC \u00c7evrimd\u0131\u015f\u0131 Yaz\u0131l\u0131m\u0131<\/h2>\t\t\t\t<\/div>\n\t\t\t\t<\/div>\n\t\t\t\t<div class=\"elementor-element elementor-element-55d9817 elementor-widget elementor-widget-text-editor\" data-id=\"55d9817\" data-element_type=\"widget\" data-e-type=\"widget\" data-widget_type=\"text-editor.default\">\n\t\t\t\t<div class=\"elementor-widget-container\">\n\t\t\t\t\t\t\t\t\t<p>T\u00fcm CybTouch ve VisiTouch kontrolleri i\u00e7in ayn\u0131 evrensel PC \u00e7evrimd\u0131\u015f\u0131 yaz\u0131l\u0131m\u0131n\u0131 tedarik ediyoruz.<br \/>OFT &#8211; VST &#8211; 2&nbsp; &nbsp; &nbsp; &nbsp; &nbsp; &nbsp; &nbsp; &nbsp; PC \u00e7evrimd\u0131\u015f\u0131 yaz\u0131l\u0131m\u0131 VisiTouch (2D)<br \/>OFT &#8211; VST &#8211; MX&nbsp; &nbsp; &nbsp; &nbsp; &nbsp; &nbsp; PC \u00e7evrimd\u0131\u015f\u0131 yaz\u0131l\u0131m\u0131 VisiTouch MX (3D)<br \/>OFT &#8211; VST &#8211; MXIMP&nbsp; &nbsp; &nbsp; DXF\/DWG, IGES, STEP, SAT ve X_T i\u00e7e aktarma dahil PC \u00e7evrimd\u0131\u015f\u0131 yaz\u0131l\u0131m\u0131 VisiTouch MX<br \/>Yukar\u0131daki \u00fc\u00e7 PC \u00e7evrimd\u0131\u015f\u0131 yaz\u0131l\u0131m\u0131, ara\u00e7lar\u0131n ve programlar\u0131n t\u00fcm CybTouch PS ve VisiTouch kontrollerine aktar\u0131lmas\u0131na izin verir.<br \/>PC \u00e7evrimd\u0131\u015f\u0131 yaz\u0131l\u0131m\u0131 VisiTouch art\u0131k birden fazla abkant pres i\u00e7in par\u00e7a programlama imkan\u0131 sunuyor (\u00e7oklu makine i\u015flevselli\u011fi).<\/p>\n\t\t\t\t\t\t\t\t<\/div>\n\t\t\t\t<\/div>\n\t\t\t\t<section class=\"elementor-section elementor-inner-section elementor-element elementor-element-3445042 elementor-section-boxed elementor-section-height-default elementor-section-height-default\" data-id=\"3445042\" data-element_type=\"section\" data-e-type=\"section\">\n\t\t\t\t\t\t<div class=\"elementor-container elementor-column-gap-default\">\n\t\t\t\t\t<div class=\"elementor-column elementor-col-50 elementor-inner-column elementor-element elementor-element-6298040\" data-id=\"6298040\" data-element_type=\"column\" data-e-type=\"column\">\n\t\t\t<div class=\"elementor-widget-wrap elementor-element-populated\">\n\t\t\t\t\t\t<div class=\"elementor-element elementor-element-d9cbaf1 elementor-align-justify elementor-widget elementor-widget-button\" data-id=\"d9cbaf1\" data-element_type=\"widget\" data-e-type=\"widget\" data-widget_type=\"button.default\">\n\t\t\t\t<div class=\"elementor-widget-container\">\n\t\t\t\t\t\t\t\t\t<div class=\"elementor-button-wrapper\">\n\t\t\t\t\t<a class=\"elementor-button elementor-button-link elementor-size-sm\" href=\"https:\/\/cybelec.ch\/wp-content\/uploads\/2022\/02\/Flyer-CybTouch-8-PS_V2.3_EN.pdf\" target=\"_blank\">\n\t\t\t\t\t\t<span class=\"elementor-button-content-wrapper\">\n\t\t\t\t\t\t\t\t\t<span class=\"elementor-button-text\">Bro\u015f\u00fcr\u00fc indirin<\/span>\n\t\t\t\t\t<\/span>\n\t\t\t\t\t<\/a>\n\t\t\t\t<\/div>\n\t\t\t\t\t\t\t\t<\/div>\n\t\t\t\t<\/div>\n\t\t\t\t\t<\/div>\n\t\t<\/div>\n\t\t\t\t<div class=\"elementor-column elementor-col-50 elementor-inner-column elementor-element elementor-element-1525175\" data-id=\"1525175\" data-element_type=\"column\" data-e-type=\"column\">\n\t\t\t<div class=\"elementor-widget-wrap elementor-element-populated\">\n\t\t\t\t\t\t<div class=\"elementor-element elementor-element-7054157 elementor-align-justify elementor-widget elementor-widget-button\" data-id=\"7054157\" data-element_type=\"widget\" data-e-type=\"widget\" data-widget_type=\"button.default\">\n\t\t\t\t<div class=\"elementor-widget-container\">\n\t\t\t\t\t\t\t\t\t<div class=\"elementor-button-wrapper\">\n\t\t\t\t\t<a class=\"elementor-button elementor-button-link elementor-size-sm\" href=\"https:\/\/cybelec.ch\/wp-content\/uploads\/2022\/02\/Datasheet_CybTouch_8_PSe_PS_V2.x_EN.pdf\" target=\"_blank\">\n\t\t\t\t\t\t<span class=\"elementor-button-content-wrapper\">\n\t\t\t\t\t\t\t\t\t<span class=\"elementor-button-text\">Veri sayfas\u0131n\u0131 indirin<\/span>\n\t\t\t\t\t<\/span>\n\t\t\t\t\t<\/a>\n\t\t\t\t<\/div>\n\t\t\t\t\t\t\t\t<\/div>\n\t\t\t\t<\/div>\n\t\t\t\t\t<\/div>\n\t\t<\/div>\n\t\t\t\t\t<\/div>\n\t\t<\/section>\n\t\t\t\t\t<\/div>\n\t\t<\/div>\n\t\t\t\t\t<\/div>\n\t\t<\/section>\n\t\t\t\t<section class=\"elementor-section elementor-top-section elementor-element elementor-element-b9e99aa elementor-section-boxed elementor-section-height-default elementor-section-height-default\" data-id=\"b9e99aa\" data-element_type=\"section\" data-e-type=\"section\">\n\t\t\t\t\t\t<div class=\"elementor-container elementor-column-gap-default\">\n\t\t\t\t\t<div class=\"elementor-column elementor-col-100 elementor-top-column elementor-element elementor-element-3f2a209\" data-id=\"3f2a209\" data-element_type=\"column\" data-e-type=\"column\">\n\t\t\t<div class=\"elementor-widget-wrap elementor-element-populated\">\n\t\t\t\t\t\t<div class=\"elementor-element elementor-element-5afeafb elementor-tabs-view-horizontal elementor-widget elementor-widget-tabs\" data-id=\"5afeafb\" data-element_type=\"widget\" data-e-type=\"widget\" data-widget_type=\"tabs.default\">\n\t\t\t\t<div class=\"elementor-widget-container\">\n\t\t\t\t\t\t\t<div class=\"elementor-tabs\">\n\t\t\t<div class=\"elementor-tabs-wrapper\" role=\"tablist\" >\n\t\t\t\t\t\t\t\t\t<div id=\"elementor-tab-title-9541\" class=\"elementor-tab-title elementor-tab-desktop-title\" aria-selected=\"true\" data-tab=\"1\" role=\"tab\" tabindex=\"0\" aria-controls=\"elementor-tab-content-9541\" aria-expanded=\"false\">Kolay Kullan\u0131m<\/div>\n\t\t\t\t\t\t\t\t\t<div id=\"elementor-tab-title-9542\" class=\"elementor-tab-title elementor-tab-desktop-title\" aria-selected=\"false\" data-tab=\"2\" role=\"tab\" tabindex=\"-1\" aria-controls=\"elementor-tab-content-9542\" aria-expanded=\"false\">Daha \u0130yi B\u00fckme<\/div>\n\t\t\t\t\t\t\t\t\t<div id=\"elementor-tab-title-9543\" class=\"elementor-tab-title elementor-tab-desktop-title\" aria-selected=\"false\" data-tab=\"3\" role=\"tab\" tabindex=\"-1\" aria-controls=\"elementor-tab-content-9543\" aria-expanded=\"false\">G\u00fc\u00e7l\u00fc<\/div>\n\t\t\t\t\t\t\t\t\t<div id=\"elementor-tab-title-9544\" class=\"elementor-tab-title elementor-tab-desktop-title\" aria-selected=\"false\" data-tab=\"4\" role=\"tab\" tabindex=\"-1\" aria-controls=\"elementor-tab-content-9544\" aria-expanded=\"false\">M\u00fc\u015fteri avantajlar\u0131<\/div>\n\t\t\t\t\t\t\t<\/div>\n\t\t\t<div class=\"elementor-tabs-content-wrapper\" role=\"tablist\" aria-orientation=\"vertical\">\n\t\t\t\t\t\t\t\t\t<div class=\"elementor-tab-title elementor-tab-mobile-title\" aria-selected=\"true\" data-tab=\"1\" role=\"tab\" tabindex=\"0\" aria-controls=\"elementor-tab-content-9541\" aria-expanded=\"false\">Kolay Kullan\u0131m<\/div>\n\t\t\t\t\t<div id=\"elementor-tab-content-9541\" class=\"elementor-tab-content elementor-clearfix\" data-tab=\"1\" role=\"tabpanel\" aria-labelledby=\"elementor-tab-title-9541\" tabindex=\"0\" hidden=\"false\"><ul>\n<li>Sezgisel kullan\u0131c\u0131 dostu aray\u00fcz.<\/li>\n<li>Basit sayfalar, net ekran, b\u00fcy\u00fck tu\u015flar.<\/li>\n<li>Geni\u015f, canl\u0131 ve y\u00fcksek kontrastl\u0131 tam dokunmatik ekran.<\/li>\n<li>\u00c7oklu b\u00fck\u00fcmlerle verimli seri \u00fcretim i\u00e7in eksiksiz programlama.<\/li>\n<li>EasyBend sayfas\u0131 ile kolay tek b\u00fck\u00fcmler.<\/li>\n<li>On-line yard\u0131m ve interaktif uyar\u0131 pop-up&#8217;lar\u0131.<\/li>\n<li>PC veya Notebook kullanarak rahat kablosuz veri yedekleme ve yaz\u0131l\u0131m g\u00fcncelleme.<\/li>\n<li>\u00c7ok \u00e7e\u015fitli diller mevcuttur.<\/li>\n<\/ul>\n<\/div>\n\t\t\t\t\t\t\t\t\t<div class=\"elementor-tab-title elementor-tab-mobile-title\" aria-selected=\"false\" data-tab=\"2\" role=\"tab\" tabindex=\"-1\" aria-controls=\"elementor-tab-content-9542\" aria-expanded=\"false\">Daha \u0130yi B\u00fckme<\/div>\n\t\t\t\t\t<div id=\"elementor-tab-content-9542\" class=\"elementor-tab-content elementor-clearfix\" data-tab=\"2\" role=\"tabpanel\" aria-labelledby=\"elementor-tab-title-9542\" tabindex=\"0\" hidden=\"hidden\"><ul>\n<li>B\u00fckme fonksiyonlar\u0131n\u0131n \u00e7e\u015fitli otomatik hesaplamalar\u0131.<\/li>\n<li>B\u00fckme dizileri ve programlar\u0131 haf\u0131zaya al\u0131nabilir.<\/li>\n<li>A\u00e7\u0131, bas\u0131n\u00e7 ve ta\u00e7land\u0131rma y\u00f6netimi.<\/li>\n<li>Kolay manuel hareket.<\/li>\n<li>\u00c7evrimd\u0131\u015f\u0131 2D yaz\u0131l\u0131m mevcuttur.<\/li>\n<\/ul>\n<\/div>\n\t\t\t\t\t\t\t\t\t<div class=\"elementor-tab-title elementor-tab-mobile-title\" aria-selected=\"false\" data-tab=\"3\" role=\"tab\" tabindex=\"-1\" aria-controls=\"elementor-tab-content-9543\" aria-expanded=\"false\">G\u00fc\u00e7l\u00fc<\/div>\n\t\t\t\t\t<div id=\"elementor-tab-content-9543\" class=\"elementor-tab-content elementor-clearfix\" data-tab=\"3\" role=\"tabpanel\" aria-labelledby=\"elementor-tab-title-9543\" tabindex=\"0\" hidden=\"hidden\"><ul>\n<li>3 ekseni kontrol eder (iste\u011fe ba\u011fl\u0131 4. eksen ile).<\/li>\n<li>Manuel s\u0131ralama ile 2D grafik profil olu\u015fturma (iste\u011fe ba\u011fl\u0131).<\/li>\n<li>B\u00fck\u00fclme pay\u0131 hesaplamas\u0131.<\/li>\n<li>Bas\u0131n\u00e7 &#8211; ta\u00e7land\u0131rma hesaplamas\u0131.<\/li>\n<li>Her par\u00e7a veya b\u00fck\u00fcm i\u00e7in mod\u00fcler aletler.<\/li>\n<li>A\u00e7\u0131 ve arka dayama d\u00fczeltmesi.<\/li>\n<li>PC veya diz\u00fcst\u00fc bilgisayar ile kablosuz ba\u011flant\u0131 yoluyla telemaintenance.<\/li>\n<li>Veri aktar\u0131m\u0131\/yedekleme i\u00e7in bellek \u00e7ubu\u011fu i\u00e7in USB ba\u011flant\u0131 noktas\u0131.<\/li>\n<\/ul>\n<\/div>\n\t\t\t\t\t\t\t\t\t<div class=\"elementor-tab-title elementor-tab-mobile-title\" aria-selected=\"false\" data-tab=\"4\" role=\"tab\" tabindex=\"-1\" aria-controls=\"elementor-tab-content-9544\" aria-expanded=\"false\">M\u00fc\u015fteri avantajlar\u0131<\/div>\n\t\t\t\t\t<div id=\"elementor-tab-content-9544\" class=\"elementor-tab-content elementor-clearfix\" data-tab=\"4\" role=\"tabpanel\" aria-labelledby=\"elementor-tab-title-9544\" tabindex=\"0\" hidden=\"hidden\"><ul>\n<li>Basit ve sezgisel tam dokunmatik ekran programlama sayesinde her operat\u00f6re a\u00e7\u0131k<\/li>\n<li>Sorunsuz ve h\u0131zl\u0131 bir \u0131\u015f\u0131n y\u00f6netimi sayesinde kalite ve verimlilik artar<\/li>\n<li>Kolay ileti\u015fim i\u00e7in kablosuz ba\u011flant\u0131<\/li>\n<\/ul>\n<\/div>\n\t\t\t\t\t\t\t<\/div>\n\t\t<\/div>\n\t\t\t\t\t\t<\/div>\n\t\t\t\t<\/div>\n\t\t\t\t\t<\/div>\n\t\t<\/div>\n\t\t\t\t\t<\/div>\n\t\t<\/section>\n\t\t\t\t<\/div>\n\t\t","protected":false},"excerpt":{"rendered":"<p>CybTouch 8 PS \u00f6zellikle senkronize pres frenler i\u00e7in geli\u015ftirilmi\u015ftir. CybTouch serisinin bir par\u00e7as\u0131 olarak, sezgisel ve canl\u0131 renkli dokunmatik ekrana ve y\u00fcksek fonksiyon entegrasyonuna sahiptir.B\u00fcy\u00fck tu\u015flara sahip interaktif dokunmatik yaz\u0131l\u0131m aray\u00fcz\u00fc, \u00e7evrimi\u00e7i yard\u0131m ve operat\u00f6r\u00fc s\u00fcrekli y\u00f6nlendiren di\u011fer bir\u00e7ok otomatik fonksiyon sayesinde CybTouch 8, bir pozisyoner kontrol\u00fc kadar basittir.CybTouch 8, bir kola monte edilmek \u00fczere [&hellip;]<\/p>\n","protected":false},"author":1,"featured_media":0,"parent":0,"menu_order":0,"comment_status":"closed","ping_status":"closed","template":"","meta":{"site-sidebar-layout":"no-sidebar","site-content-layout":"page-builder","ast-site-content-layout":"full-width-container","site-content-style":"default","site-sidebar-style":"default","ast-global-header-display":"","ast-banner-title-visibility":"","ast-main-header-display":"","ast-hfb-above-header-display":"","ast-hfb-below-header-display":"","ast-hfb-mobile-header-display":"","site-post-title":"disabled","ast-breadcrumbs-content":"","ast-featured-img":"disabled","footer-sml-layout":"","ast-disable-related-posts":"","theme-transparent-header-meta":"","adv-header-id-meta":"","stick-header-meta":"","header-above-stick-meta":"","header-main-stick-meta":"","header-below-stick-meta":"","astra-migrate-meta-layouts":"default","ast-page-background-enabled":"default","ast-page-background-meta":{"desktop":{"background-color":"","background-image":"","background-repeat":"repeat","background-position":"center center","background-size":"auto","background-attachment":"scroll","background-type":"","background-media":"","overlay-type":"","overlay-color":"","overlay-opacity":"","overlay-gradient":""},"tablet":{"background-color":"","background-image":"","background-repeat":"repeat","background-position":"center center","background-size":"auto","background-attachment":"scroll","background-type":"","background-media":"","overlay-type":"","overlay-color":"","overlay-opacity":"","overlay-gradient":""},"mobile":{"background-color":"","background-image":"","background-repeat":"repeat","background-position":"center center","background-size":"auto","background-attachment":"scroll","background-type":"","background-media":"","overlay-type":"","overlay-color":"","overlay-opacity":"","overlay-gradient":""}},"ast-content-background-meta":{"desktop":{"background-color":"var(--ast-global-color-5)","background-image":"","background-repeat":"repeat","background-position":"center center","background-size":"auto","background-attachment":"scroll","background-type":"","background-media":"","overlay-type":"","overlay-color":"","overlay-opacity":"","overlay-gradient":""},"tablet":{"background-color":"var(--ast-global-color-5)","background-image":"","background-repeat":"repeat","background-position":"center center","background-size":"auto","background-attachment":"scroll","background-type":"","background-media":"","overlay-type":"","overlay-color":"","overlay-opacity":"","overlay-gradient":""},"mobile":{"background-color":"var(--ast-global-color-5)","background-image":"","background-repeat":"repeat","background-position":"center center","background-size":"auto","background-attachment":"scroll","background-type":"","background-media":"","overlay-type":"","overlay-color":"","overlay-opacity":"","overlay-gradient":""}},"footnotes":""},"class_list":["post-23180","page","type-page","status-publish","hentry"],"aioseo_notices":[],"_links":{"self":[{"href":"https:\/\/cybelec.ch\/tr\/wp-json\/wp\/v2\/pages\/23180","targetHints":{"allow":["GET"]}}],"collection":[{"href":"https:\/\/cybelec.ch\/tr\/wp-json\/wp\/v2\/pages"}],"about":[{"href":"https:\/\/cybelec.ch\/tr\/wp-json\/wp\/v2\/types\/page"}],"author":[{"embeddable":true,"href":"https:\/\/cybelec.ch\/tr\/wp-json\/wp\/v2\/users\/1"}],"replies":[{"embeddable":true,"href":"https:\/\/cybelec.ch\/tr\/wp-json\/wp\/v2\/comments?post=23180"}],"version-history":[{"count":3,"href":"https:\/\/cybelec.ch\/tr\/wp-json\/wp\/v2\/pages\/23180\/revisions"}],"predecessor-version":[{"id":24772,"href":"https:\/\/cybelec.ch\/tr\/wp-json\/wp\/v2\/pages\/23180\/revisions\/24772"}],"wp:attachment":[{"href":"https:\/\/cybelec.ch\/tr\/wp-json\/wp\/v2\/media?parent=23180"}],"curies":[{"name":"wp","href":"https:\/\/api.w.org\/{rel}","templated":true}]}}