{"id":23231,"date":"2024-06-05T09:50:05","date_gmt":"2024-06-05T07:50:05","guid":{"rendered":"https:\/\/cybelec.ch\/cybmva-amplifikator-modulu\/"},"modified":"2024-06-05T11:09:08","modified_gmt":"2024-06-05T09:09:08","slug":"cybmva-amplifikator-modulu","status":"publish","type":"page","link":"https:\/\/cybelec.ch\/tr\/cybmva-amplifikator-modulu\/","title":{"rendered":"CybMVA Amplifikat\u00f6r Mod\u00fcl\u00fc"},"content":{"rendered":"\t\t<div data-elementor-type=\"wp-page\" data-elementor-id=\"23231\" class=\"elementor elementor-23231 elementor-23010\" data-elementor-post-type=\"page\">\n\t\t\t\t\t\t<section class=\"elementor-section elementor-top-section elementor-element elementor-element-37b5e14 elementor-reverse-mobile elementor-section-boxed elementor-section-height-default elementor-section-height-default\" data-id=\"37b5e14\" data-element_type=\"section\" data-e-type=\"section\">\n\t\t\t\t\t\t<div class=\"elementor-container elementor-column-gap-no\">\n\t\t\t\t\t<div class=\"elementor-column elementor-col-50 elementor-top-column elementor-element elementor-element-f5ab4f7\" data-id=\"f5ab4f7\" data-element_type=\"column\" data-e-type=\"column\">\n\t\t\t<div class=\"elementor-widget-wrap elementor-element-populated\">\n\t\t\t\t\t\t<div class=\"elementor-element elementor-element-c950bcc elementor-widget elementor-widget-gallery\" data-id=\"c950bcc\" data-element_type=\"widget\" data-e-type=\"widget\" data-settings=\"{&quot;columns&quot;:1,&quot;aspect_ratio&quot;:&quot;1:1&quot;,&quot;columns_mobile&quot;:2,&quot;lazyload&quot;:&quot;yes&quot;,&quot;gallery_layout&quot;:&quot;grid&quot;,&quot;columns_tablet&quot;:2,&quot;gap&quot;:{&quot;unit&quot;:&quot;px&quot;,&quot;size&quot;:10,&quot;sizes&quot;:[]},&quot;gap_tablet&quot;:{&quot;unit&quot;:&quot;px&quot;,&quot;size&quot;:10,&quot;sizes&quot;:[]},&quot;gap_mobile&quot;:{&quot;unit&quot;:&quot;px&quot;,&quot;size&quot;:10,&quot;sizes&quot;:[]},&quot;link_to&quot;:&quot;file&quot;,&quot;content_hover_animation&quot;:&quot;fade-in&quot;}\" data-widget_type=\"gallery.default\">\n\t\t\t\t<div class=\"elementor-widget-container\">\n\t\t\t\t\t\t\t<div class=\"elementor-gallery__container\">\n\t\t\t\t\t\t\t<a class=\"e-gallery-item elementor-gallery-item elementor-animated-content\" href=\"https:\/\/cybelec.ch\/wp-content\/uploads\/2020\/12\/ybMVA.jpg\" data-elementor-open-lightbox=\"yes\" data-elementor-lightbox-slideshow=\"c950bcc\" data-e-action-hash=\"#elementor-action%3Aaction%3Dlightbox%26settings%3DeyJpZCI6MTI5NDMsInVybCI6Imh0dHBzOlwvXC9jeWJlbGVjLmNoXC93cC1jb250ZW50XC91cGxvYWRzXC8yMDIwXC8xMlwveWJNVkEuanBnIiwic2xpZGVzaG93IjoiYzk1MGJjYyJ9\">\n\t\t\t\t\t<div class=\"e-gallery-image elementor-gallery-item__image\" data-thumbnail=\"https:\/\/cybelec.ch\/wp-content\/uploads\/2020\/12\/ybMVA.jpg\" data-width=\"1000\" data-height=\"1000\" aria-label=\"\" role=\"img\" ><\/div>\n\t\t\t\t\t\t\t\t\t\t\t\t\t\t<\/a>\n\t\t\t\t\t<\/div>\n\t\t\t\t\t<\/div>\n\t\t\t\t<\/div>\n\t\t\t\t\t<\/div>\n\t\t<\/div>\n\t\t\t\t<div class=\"elementor-column elementor-col-50 elementor-top-column elementor-element elementor-element-f72d630\" data-id=\"f72d630\" data-element_type=\"column\" data-e-type=\"column\">\n\t\t\t<div class=\"elementor-widget-wrap elementor-element-populated\">\n\t\t\t\t\t\t<div class=\"elementor-element elementor-element-182297e elementor-widget elementor-widget-heading\" data-id=\"182297e\" data-element_type=\"widget\" data-e-type=\"widget\" data-widget_type=\"heading.default\">\n\t\t\t\t<div class=\"elementor-widget-container\">\n\t\t\t\t\t<h2 class=\"elementor-heading-title elementor-size-default\">Eksiksiz \u00e7\u00f6z\u00fcmlerinin bir par\u00e7as\u0131 olarak, t\u00fcm abkant konfig\u00fcrasyonlar\u0131n\u0131 kapsayan bir dizi CybMVA amplifikat\u00f6r mod\u00fcl\u00fc sunuyoruz.<\/h2>\t\t\t\t<\/div>\n\t\t\t\t<\/div>\n\t\t\t\t<div class=\"elementor-element elementor-element-3547c06 elementor-widget elementor-widget-text-editor\" data-id=\"3547c06\" data-element_type=\"widget\" data-e-type=\"widget\" data-widget_type=\"text-editor.default\">\n\t\t\t\t<div class=\"elementor-widget-container\">\n\t\t\t\t\t\t\t\t\t<p>CybMVA&#8217;lar, bir CANopen ba\u011flant\u0131s\u0131 arac\u0131l\u0131\u011f\u0131yla CybTouch 15 PS, VisiTouch Pac ve &nbsp;<span style=\"font-size: 15px; font-style: normal; font-weight: 400; color: var( --e-global-color-secondary ); background-color: var(--ast-global-color-5);\">Pac MX<\/span>, <span style=\"font-size: 15px; color: var( --e-global-color-secondary ); background-color: var(--ast-global-color-5);\">VisiTouch 19 ve 19 MX kontrolleri ile uygulan\u0131r. <\/span><\/p>\n<p>CybMVA mod\u00fclleri, Y1, Y2 valflerini (her t\u00fcrl\u00fc hidrolik sistem), bir bas\u0131n\u00e7 valfini ve bir ta\u00e7land\u0131rma valfini ayn\u0131 anda \u00e7al\u0131\u015ft\u0131rmak i\u00e7in geli\u015ftirilmi\u015f \u00e7ok kanall\u0131 valf amplifikat\u00f6rleridir.<\/p>\n<p>Modele ba\u011fl\u0131 olarak, CybMVA kullanabilir:<\/p>\n<ul>\n<li><span style=\"font-size: 16px;\">geri beslemeli oransal valfler<\/span><\/li>\n<li>geri beslemesiz a\u00e7\u0131k d\u00f6ng\u00fc oransal valfler<\/li>\n<li>entegre amplifikat\u00f6rl\u00fc oransal valfler<\/li>\n<li>servo valfler<\/li>\n<li>hibrit abkant presler<\/li>\n<\/ul>\n<p>Kabinin i\u00e7ine yerle\u015ftirilen CybMVA, I\/O ve analog eksenler i\u00e7in aray\u00fcz g\u00f6revi de g\u00f6r\u00fcr.<\/p>\t\t\t\t\t\t\t\t<\/div>\n\t\t\t\t<\/div>\n\t\t\t\t<div class=\"elementor-element elementor-element-a511a31 elementor-widget elementor-widget-heading\" data-id=\"a511a31\" data-element_type=\"widget\" data-e-type=\"widget\" data-widget_type=\"heading.default\">\n\t\t\t\t<div class=\"elementor-widget-container\">\n\t\t\t\t\t<h2 class=\"elementor-heading-title elementor-size-default\">Ana kullan\u0131\u015fl\u0131 \u00f6zellikler<\/h2>\t\t\t\t<\/div>\n\t\t\t\t<\/div>\n\t\t\t\t<div class=\"elementor-element elementor-element-c89166b elementor-widget elementor-widget-text-editor\" data-id=\"c89166b\" data-element_type=\"widget\" data-e-type=\"widget\" data-widget_type=\"text-editor.default\">\n\t\t\t\t<div class=\"elementor-widget-container\">\n\t\t\t\t\t\t\t\t\t<p>USB aray\u00fcz\u00fc ve \u00f6zel PC program\u0131, basit parametre kurulumu ve tan\u0131lama sunar.<\/p>\n<p>Kolay fonksiyon kontrol\u00fc i\u00e7in LED sinyalleri.<\/p>\n<p>Valflerin tipine ba\u011fl\u0131 olarak, CANopen ba\u011flant\u0131s\u0131 arac\u0131l\u0131\u011f\u0131yla do\u011frudan VisiTouch&#8217;tan yap\u0131land\u0131rma.<\/p>\t\t\t\t\t\t\t\t<\/div>\n\t\t\t\t<\/div>\n\t\t\t\t<section class=\"elementor-section elementor-inner-section elementor-element elementor-element-3d1be4a elementor-section-boxed elementor-section-height-default elementor-section-height-default\" data-id=\"3d1be4a\" data-element_type=\"section\" data-e-type=\"section\">\n\t\t\t\t\t\t<div class=\"elementor-container elementor-column-gap-default\">\n\t\t\t\t\t<div class=\"elementor-column elementor-col-33 elementor-inner-column elementor-element elementor-element-9b3728d\" data-id=\"9b3728d\" data-element_type=\"column\" data-e-type=\"column\">\n\t\t\t<div class=\"elementor-widget-wrap\">\n\t\t\t\t\t\t\t<\/div>\n\t\t<\/div>\n\t\t\t\t<div class=\"elementor-column elementor-col-33 elementor-inner-column elementor-element elementor-element-ee9a2e9\" data-id=\"ee9a2e9\" data-element_type=\"column\" data-e-type=\"column\">\n\t\t\t<div class=\"elementor-widget-wrap elementor-element-populated\">\n\t\t\t\t\t\t<div class=\"elementor-element elementor-element-04c270e elementor-align-justify elementor-widget elementor-widget-button\" data-id=\"04c270e\" data-element_type=\"widget\" data-e-type=\"widget\" data-widget_type=\"button.default\">\n\t\t\t\t<div class=\"elementor-widget-container\">\n\t\t\t\t\t\t\t\t\t<div class=\"elementor-button-wrapper\">\n\t\t\t\t\t<a class=\"elementor-button elementor-button-link elementor-size-sm\" href=\"https:\/\/cybelec.ch\/wp-content\/uploads\/2020\/12\/DataSheet_CybMVA_V3.9_EN.pdf\" target=\"_blank\">\n\t\t\t\t\t\t<span class=\"elementor-button-content-wrapper\">\n\t\t\t\t\t\t\t\t\t<span class=\"elementor-button-text\">Veri sayfas\u0131n\u0131 indirin <\/span>\n\t\t\t\t\t<\/span>\n\t\t\t\t\t<\/a>\n\t\t\t\t<\/div>\n\t\t\t\t\t\t\t\t<\/div>\n\t\t\t\t<\/div>\n\t\t\t\t\t<\/div>\n\t\t<\/div>\n\t\t\t\t<div class=\"elementor-column elementor-col-33 elementor-inner-column elementor-element elementor-element-56ce8f7\" data-id=\"56ce8f7\" data-element_type=\"column\" data-e-type=\"column\">\n\t\t\t<div class=\"elementor-widget-wrap\">\n\t\t\t\t\t\t\t<\/div>\n\t\t<\/div>\n\t\t\t\t\t<\/div>\n\t\t<\/section>\n\t\t\t\t\t<\/div>\n\t\t<\/div>\n\t\t\t\t\t<\/div>\n\t\t<\/section>\n\t\t\t\t<section class=\"elementor-section elementor-top-section elementor-element elementor-element-625435c elementor-section-boxed elementor-section-height-default elementor-section-height-default\" data-id=\"625435c\" data-element_type=\"section\" data-e-type=\"section\">\n\t\t\t\t\t\t<div class=\"elementor-container elementor-column-gap-default\">\n\t\t\t\t\t<div class=\"elementor-column elementor-col-100 elementor-top-column elementor-element elementor-element-d9a96ed\" data-id=\"d9a96ed\" data-element_type=\"column\" data-e-type=\"column\">\n\t\t\t<div class=\"elementor-widget-wrap elementor-element-populated\">\n\t\t\t\t\t\t<div class=\"elementor-element elementor-element-1808e54 elementor-tabs-view-horizontal elementor-widget elementor-widget-tabs\" data-id=\"1808e54\" data-element_type=\"widget\" data-e-type=\"widget\" data-widget_type=\"tabs.default\">\n\t\t\t\t<div class=\"elementor-widget-container\">\n\t\t\t\t\t\t\t<div class=\"elementor-tabs\">\n\t\t\t<div class=\"elementor-tabs-wrapper\" role=\"tablist\" >\n\t\t\t\t\t\t\t\t\t<div id=\"elementor-tab-title-2521\" class=\"elementor-tab-title elementor-tab-desktop-title\" aria-selected=\"true\" data-tab=\"1\" role=\"tab\" tabindex=\"0\" aria-controls=\"elementor-tab-content-2521\" aria-expanded=\"false\">M\u00fc\u015fteri Avantajlar\u0131<\/div>\n\t\t\t\t\t\t\t<\/div>\n\t\t\t<div class=\"elementor-tabs-content-wrapper\" role=\"tablist\" aria-orientation=\"vertical\">\n\t\t\t\t\t\t\t\t\t<div class=\"elementor-tab-title elementor-tab-mobile-title\" aria-selected=\"true\" data-tab=\"1\" role=\"tab\" tabindex=\"0\" aria-controls=\"elementor-tab-content-2521\" aria-expanded=\"false\">M\u00fc\u015fteri Avantajlar\u0131<\/div>\n\t\t\t\t\t<div id=\"elementor-tab-content-2521\" class=\"elementor-tab-content elementor-clearfix\" data-tab=\"1\" role=\"tabpanel\" aria-labelledby=\"elementor-tab-title-2521\" tabindex=\"0\" hidden=\"false\"><ul>\n<li class=\"trueicon\">Hepsi bir arada tasar\u0131m<\/li>\n<li class=\"trueicon\">Y\u00f6n, bas\u0131n\u00e7 ve \u00f6tme valflerini y\u00f6netme<\/li>\n<li class=\"trueicon\">Ayn\u0131 tedarik\u00e7iden cazip \u00e7\u00f6z\u00fcm<\/li>\n<\/ul>\n<\/div>\n\t\t\t\t\t\t\t<\/div>\n\t\t<\/div>\n\t\t\t\t\t\t<\/div>\n\t\t\t\t<\/div>\n\t\t\t\t\t<\/div>\n\t\t<\/div>\n\t\t\t\t\t<\/div>\n\t\t<\/section>\n\t\t\t\t<\/div>\n\t\t","protected":false},"excerpt":{"rendered":"<p>Eksiksiz \u00e7\u00f6z\u00fcmlerinin bir par\u00e7as\u0131 olarak, t\u00fcm abkant konfig\u00fcrasyonlar\u0131n\u0131 kapsayan bir dizi CybMVA amplifikat\u00f6r mod\u00fcl\u00fc sunuyoruz. CybMVA&#8217;lar, bir CANopen ba\u011flant\u0131s\u0131 arac\u0131l\u0131\u011f\u0131yla CybTouch 15 PS, VisiTouch Pac ve &nbsp;Pac MX, VisiTouch 19 ve 19 MX kontrolleri ile uygulan\u0131r. CybMVA mod\u00fclleri, Y1, Y2 valflerini (her t\u00fcrl\u00fc hidrolik sistem), bir bas\u0131n\u00e7 valfini ve bir ta\u00e7land\u0131rma valfini ayn\u0131 anda \u00e7al\u0131\u015ft\u0131rmak [&hellip;]<\/p>\n","protected":false},"author":1,"featured_media":0,"parent":0,"menu_order":0,"comment_status":"closed","ping_status":"closed","template":"","meta":{"site-sidebar-layout":"no-sidebar","site-content-layout":"page-builder","ast-site-content-layout":"full-width-container","site-content-style":"default","site-sidebar-style":"default","ast-global-header-display":"","ast-banner-title-visibility":"","ast-main-header-display":"","ast-hfb-above-header-display":"","ast-hfb-below-header-display":"","ast-hfb-mobile-header-display":"","site-post-title":"disabled","ast-breadcrumbs-content":"","ast-featured-img":"disabled","footer-sml-layout":"","ast-disable-related-posts":"","theme-transparent-header-meta":"","adv-header-id-meta":"","stick-header-meta":"","header-above-stick-meta":"","header-main-stick-meta":"","header-below-stick-meta":"","astra-migrate-meta-layouts":"default","ast-page-background-enabled":"default","ast-page-background-meta":{"desktop":{"background-color":"","background-image":"","background-repeat":"repeat","background-position":"center center","background-size":"auto","background-attachment":"scroll","background-type":"","background-media":"","overlay-type":"","overlay-color":"","overlay-opacity":"","overlay-gradient":""},"tablet":{"background-color":"","background-image":"","background-repeat":"repeat","background-position":"center center","background-size":"auto","background-attachment":"scroll","background-type":"","background-media":"","overlay-type":"","overlay-color":"","overlay-opacity":"","overlay-gradient":""},"mobile":{"background-color":"","background-image":"","background-repeat":"repeat","background-position":"center center","background-size":"auto","background-attachment":"scroll","background-type":"","background-media":"","overlay-type":"","overlay-color":"","overlay-opacity":"","overlay-gradient":""}},"ast-content-background-meta":{"desktop":{"background-color":"var(--ast-global-color-5)","background-image":"","background-repeat":"repeat","background-position":"center center","background-size":"auto","background-attachment":"scroll","background-type":"","background-media":"","overlay-type":"","overlay-color":"","overlay-opacity":"","overlay-gradient":""},"tablet":{"background-color":"var(--ast-global-color-5)","background-image":"","background-repeat":"repeat","background-position":"center center","background-size":"auto","background-attachment":"scroll","background-type":"","background-media":"","overlay-type":"","overlay-color":"","overlay-opacity":"","overlay-gradient":""},"mobile":{"background-color":"var(--ast-global-color-5)","background-image":"","background-repeat":"repeat","background-position":"center center","background-size":"auto","background-attachment":"scroll","background-type":"","background-media":"","overlay-type":"","overlay-color":"","overlay-opacity":"","overlay-gradient":""}},"footnotes":""},"class_list":["post-23231","page","type-page","status-publish","hentry"],"aioseo_notices":[],"_links":{"self":[{"href":"https:\/\/cybelec.ch\/tr\/wp-json\/wp\/v2\/pages\/23231","targetHints":{"allow":["GET"]}}],"collection":[{"href":"https:\/\/cybelec.ch\/tr\/wp-json\/wp\/v2\/pages"}],"about":[{"href":"https:\/\/cybelec.ch\/tr\/wp-json\/wp\/v2\/types\/page"}],"author":[{"embeddable":true,"href":"https:\/\/cybelec.ch\/tr\/wp-json\/wp\/v2\/users\/1"}],"replies":[{"embeddable":true,"href":"https:\/\/cybelec.ch\/tr\/wp-json\/wp\/v2\/comments?post=23231"}],"version-history":[{"count":0,"href":"https:\/\/cybelec.ch\/tr\/wp-json\/wp\/v2\/pages\/23231\/revisions"}],"wp:attachment":[{"href":"https:\/\/cybelec.ch\/tr\/wp-json\/wp\/v2\/media?parent=23231"}],"curies":[{"name":"wp","href":"https:\/\/api.w.org\/{rel}","templated":true}]}}