{"id":23241,"date":"2024-06-05T09:32:26","date_gmt":"2024-06-05T07:32:26","guid":{"rendered":"https:\/\/cybelec.ch\/cybtouch-12-g\/"},"modified":"2024-11-04T16:15:18","modified_gmt":"2024-11-04T15:15:18","slug":"cybtouch-12-g","status":"publish","type":"page","link":"https:\/\/cybelec.ch\/tr\/cybtouch-12-g\/","title":{"rendered":"CybTouch 12 G"},"content":{"rendered":"\t\t<div data-elementor-type=\"wp-page\" data-elementor-id=\"23241\" class=\"elementor elementor-23241 elementor-22966\" data-elementor-post-type=\"page\">\n\t\t\t\t\t\t<section class=\"elementor-section elementor-top-section elementor-element elementor-element-1bbb6c6 elementor-reverse-mobile elementor-section-boxed elementor-section-height-default elementor-section-height-default\" data-id=\"1bbb6c6\" data-element_type=\"section\" data-e-type=\"section\">\n\t\t\t\t\t\t<div class=\"elementor-container elementor-column-gap-no\">\n\t\t\t\t\t<div class=\"elementor-column elementor-col-50 elementor-top-column elementor-element elementor-element-bf703cd\" data-id=\"bf703cd\" data-element_type=\"column\" data-e-type=\"column\">\n\t\t\t<div class=\"elementor-widget-wrap elementor-element-populated\">\n\t\t\t\t\t\t<div class=\"elementor-element elementor-element-abd8f7d elementor-widget elementor-widget-gallery\" data-id=\"abd8f7d\" data-element_type=\"widget\" data-e-type=\"widget\" data-settings=\"{&quot;columns&quot;:1,&quot;aspect_ratio&quot;:&quot;1:1&quot;,&quot;columns_mobile&quot;:2,&quot;lazyload&quot;:&quot;yes&quot;,&quot;gallery_layout&quot;:&quot;grid&quot;,&quot;columns_tablet&quot;:2,&quot;gap&quot;:{&quot;unit&quot;:&quot;px&quot;,&quot;size&quot;:10,&quot;sizes&quot;:[]},&quot;gap_tablet&quot;:{&quot;unit&quot;:&quot;px&quot;,&quot;size&quot;:10,&quot;sizes&quot;:[]},&quot;gap_mobile&quot;:{&quot;unit&quot;:&quot;px&quot;,&quot;size&quot;:10,&quot;sizes&quot;:[]},&quot;link_to&quot;:&quot;file&quot;,&quot;content_hover_animation&quot;:&quot;fade-in&quot;}\" data-widget_type=\"gallery.default\">\n\t\t\t\t<div class=\"elementor-widget-container\">\n\t\t\t\t\t\t\t<div class=\"elementor-gallery__container\">\n\t\t\t\t\t\t\t<a class=\"e-gallery-item elementor-gallery-item elementor-animated-content\" href=\"https:\/\/cybelec.ch\/wp-content\/uploads\/2021\/03\/CT12G-SD.jpg\" data-elementor-open-lightbox=\"yes\" data-elementor-lightbox-slideshow=\"abd8f7d\" data-e-action-hash=\"#elementor-action%3Aaction%3Dlightbox%26settings%3DeyJpZCI6MTQxNDcsInVybCI6Imh0dHBzOlwvXC9jeWJlbGVjLmNoXC93cC1jb250ZW50XC91cGxvYWRzXC8yMDIxXC8wM1wvQ1QxMkctU0QuanBnIiwic2xpZGVzaG93IjoiYWJkOGY3ZCJ9\">\n\t\t\t\t\t<div class=\"e-gallery-image elementor-gallery-item__image\" data-thumbnail=\"https:\/\/cybelec.ch\/wp-content\/uploads\/2021\/03\/CT12G-SD.jpg\" data-width=\"1197\" data-height=\"1197\" aria-label=\"\" role=\"img\" ><\/div>\n\t\t\t\t\t\t\t\t\t\t\t\t\t\t<\/a>\n\t\t\t\t\t<\/div>\n\t\t\t\t\t<\/div>\n\t\t\t\t<\/div>\n\t\t\t\t\t<\/div>\n\t\t<\/div>\n\t\t\t\t<div class=\"elementor-column elementor-col-50 elementor-top-column elementor-element elementor-element-3a498e5\" data-id=\"3a498e5\" data-element_type=\"column\" data-e-type=\"column\">\n\t\t\t<div class=\"elementor-widget-wrap elementor-element-populated\">\n\t\t\t\t\t\t<div class=\"elementor-element elementor-element-12a069b elementor-widget elementor-widget-heading\" data-id=\"12a069b\" data-element_type=\"widget\" data-e-type=\"widget\" data-widget_type=\"heading.default\">\n\t\t\t\t<div class=\"elementor-widget-container\">\n\t\t\t\t\t<h2 class=\"elementor-heading-title elementor-size-default\">CybTouch 12 G, y\u00fcksek seviyeli otomatik makaslar i\u00e7in \u00e7ok eksenli bir kontrold\u00fcr.<\/h2>\t\t\t\t<\/div>\n\t\t\t\t<\/div>\n\t\t\t\t<div class=\"elementor-element elementor-element-9938f0f elementor-widget elementor-widget-text-editor\" data-id=\"9938f0f\" data-element_type=\"widget\" data-e-type=\"widget\" data-widget_type=\"text-editor.default\">\n\t\t\t\t<div class=\"elementor-widget-container\">\n\t\t\t\t\t\t\t\t\t<p>Potansiyometreler, lineer enkoderler veya bir zamanlay\u0131c\u0131 kullanarak 2 arka g\u00f6sterge ekseni ve 2 \u00f6n g\u00f6sterge ekseninin yan\u0131 s\u0131ra a\u00e7\u0131 ve kesme uzunlu\u011funu y\u00f6netir. Ayr\u0131ca CybTouch 12 G tam tabaka destekleri, 2 veya 3 konumlu d\u00f6ng\u00fcler ve g\u00f6ndericiye geri d\u00f6nme i\u015flevi gibi di\u011fer bir\u00e7ok makas \u00f6zelli\u011fine sahiptir.<\/p>\n<p>Zarif tasar\u0131m ve g\u00fc\u00e7l\u00fc aray\u00fcz, operat\u00f6r\u00fcn t\u00fcm \u00f6zelliklerden parmak u\u00e7lar\u0131yla yararlanmas\u0131n\u0131 sa\u011flar. Say\u0131sal programlama ve dokunmatik ekranda bir par\u00e7an\u0131n kesiminin ayarlanmas\u0131 h\u0131zl\u0131, kolay ve verimli hale gelir. CybTouch 12 G, entegre edilmeye haz\u0131r sa\u011flam bir panel olarak da mevcuttur veya d\u00f6ner bir kola tak\u0131lmak \u00fczere \u00f6zel olarak tasarlanm\u0131\u015f \u015f\u0131k ve modern bir muhafazaya monte edilmi\u015f olarak da teslim edilebilir.<\/p>\n\t\t\t\t\t\t\t\t<\/div>\n\t\t\t\t<\/div>\n\t\t\t\t<div class=\"elementor-element elementor-element-3fabc36 elementor-widget elementor-widget-heading\" data-id=\"3fabc36\" data-element_type=\"widget\" data-e-type=\"widget\" data-widget_type=\"heading.default\">\n\t\t\t\t<div class=\"elementor-widget-container\">\n\t\t\t\t\t<h2 class=\"elementor-heading-title elementor-size-default\">CybTouchTools<\/h2>\t\t\t\t<\/div>\n\t\t\t\t<\/div>\n\t\t\t\t<div class=\"elementor-element elementor-element-550a83e elementor-widget elementor-widget-text-editor\" data-id=\"550a83e\" data-element_type=\"widget\" data-e-type=\"widget\" data-widget_type=\"text-editor.default\">\n\t\t\t\t<div class=\"elementor-widget-container\">\n\t\t\t\t\t\t\t\t\t<p>T\u00fcm CybTouch, bir PC ile CybTouch aras\u0131nda kablosuz olarak veri aktar\u0131m\u0131na izin veren CybTouchTools ile birlikte gelir (iste\u011fe ba\u011fl\u0131 RFLink USB anahtar\u0131 gerektirir). Makine parametrelerini, tak\u0131mlar\u0131 ve par\u00e7alar\u0131 yedeklemek\/geri y\u00fcklemek ve ayg\u0131t yaz\u0131l\u0131m\u0131n\u0131 g\u00fcncellemek i\u00e7in kullan\u0131l\u0131r.<\/p>\n\t\t\t\t\t\t\t\t<\/div>\n\t\t\t\t<\/div>\n\t\t\t\t<section class=\"elementor-section elementor-inner-section elementor-element elementor-element-9d8e2be elementor-section-full_width elementor-section-height-default elementor-section-height-default\" data-id=\"9d8e2be\" data-element_type=\"section\" data-e-type=\"section\">\n\t\t\t\t\t\t<div class=\"elementor-container elementor-column-gap-default\">\n\t\t\t\t\t<div class=\"elementor-column elementor-col-50 elementor-inner-column elementor-element elementor-element-44db6f1\" data-id=\"44db6f1\" data-element_type=\"column\" data-e-type=\"column\">\n\t\t\t<div class=\"elementor-widget-wrap elementor-element-populated\">\n\t\t\t\t\t\t<div class=\"elementor-element elementor-element-0e0deba elementor-align-justify elementor-widget elementor-widget-button\" data-id=\"0e0deba\" data-element_type=\"widget\" data-e-type=\"widget\" data-widget_type=\"button.default\">\n\t\t\t\t<div class=\"elementor-widget-container\">\n\t\t\t\t\t\t\t\t\t<div class=\"elementor-button-wrapper\">\n\t\t\t\t\t<a class=\"elementor-button elementor-button-link elementor-size-sm\" href=\"https:\/\/cybelec.ch\/wp-content\/uploads\/2021\/01\/Flyer_CybTouch12G_V1.x_EN_draft.pdf\" target=\"_blank\">\n\t\t\t\t\t\t<span class=\"elementor-button-content-wrapper\">\n\t\t\t\t\t\t\t\t\t<span class=\"elementor-button-text\">Bro\u015f\u00fcr\u00fc indirin<\/span>\n\t\t\t\t\t<\/span>\n\t\t\t\t\t<\/a>\n\t\t\t\t<\/div>\n\t\t\t\t\t\t\t\t<\/div>\n\t\t\t\t<\/div>\n\t\t\t\t\t<\/div>\n\t\t<\/div>\n\t\t\t\t<div class=\"elementor-column elementor-col-50 elementor-inner-column elementor-element elementor-element-8f6b0b8\" data-id=\"8f6b0b8\" data-element_type=\"column\" data-e-type=\"column\">\n\t\t\t<div class=\"elementor-widget-wrap elementor-element-populated\">\n\t\t\t\t\t\t<div class=\"elementor-element elementor-element-1052052 elementor-align-justify elementor-widget elementor-widget-button\" data-id=\"1052052\" data-element_type=\"widget\" data-e-type=\"widget\" data-widget_type=\"button.default\">\n\t\t\t\t<div class=\"elementor-widget-container\">\n\t\t\t\t\t\t\t\t\t<div class=\"elementor-button-wrapper\">\n\t\t\t\t\t<a class=\"elementor-button elementor-button-link elementor-size-sm\" href=\"https:\/\/cybelec.ch\/wp-content\/uploads\/2021\/02\/Datasheet_CybTouch_12_G_Horizontal_V3.0_EN.pdf\" target=\"_blank\">\n\t\t\t\t\t\t<span class=\"elementor-button-content-wrapper\">\n\t\t\t\t\t\t\t\t\t<span class=\"elementor-button-text\">Veri sayfas\u0131n\u0131 indirin<\/span>\n\t\t\t\t\t<\/span>\n\t\t\t\t\t<\/a>\n\t\t\t\t<\/div>\n\t\t\t\t\t\t\t\t<\/div>\n\t\t\t\t<\/div>\n\t\t\t\t\t<\/div>\n\t\t<\/div>\n\t\t\t\t\t<\/div>\n\t\t<\/section>\n\t\t\t\t\t<\/div>\n\t\t<\/div>\n\t\t\t\t\t<\/div>\n\t\t<\/section>\n\t\t\t\t<section class=\"elementor-section elementor-top-section elementor-element elementor-element-94bfd5f elementor-section-boxed elementor-section-height-default elementor-section-height-default\" data-id=\"94bfd5f\" data-element_type=\"section\" data-e-type=\"section\">\n\t\t\t\t\t\t<div class=\"elementor-container elementor-column-gap-default\">\n\t\t\t\t\t<div class=\"elementor-column elementor-col-100 elementor-top-column elementor-element elementor-element-b3962e4\" data-id=\"b3962e4\" data-element_type=\"column\" data-e-type=\"column\">\n\t\t\t<div class=\"elementor-widget-wrap elementor-element-populated\">\n\t\t\t\t\t\t<div class=\"elementor-element elementor-element-c3966bc elementor-tabs-view-horizontal elementor-widget elementor-widget-tabs\" data-id=\"c3966bc\" data-element_type=\"widget\" data-e-type=\"widget\" data-widget_type=\"tabs.default\">\n\t\t\t\t<div class=\"elementor-widget-container\">\n\t\t\t\t\t\t\t<div class=\"elementor-tabs\">\n\t\t\t<div class=\"elementor-tabs-wrapper\" role=\"tablist\" >\n\t\t\t\t\t\t\t\t\t<div id=\"elementor-tab-title-2051\" class=\"elementor-tab-title elementor-tab-desktop-title\" aria-selected=\"true\" data-tab=\"1\" role=\"tab\" tabindex=\"0\" aria-controls=\"elementor-tab-content-2051\" aria-expanded=\"false\">Kolay Kullan\u0131m<\/div>\n\t\t\t\t\t\t\t\t\t<div id=\"elementor-tab-title-2052\" class=\"elementor-tab-title elementor-tab-desktop-title\" aria-selected=\"false\" data-tab=\"2\" role=\"tab\" tabindex=\"-1\" aria-controls=\"elementor-tab-content-2052\" aria-expanded=\"false\">Daha \u0130yi Kesim<\/div>\n\t\t\t\t\t\t\t\t\t<div id=\"elementor-tab-title-2053\" class=\"elementor-tab-title elementor-tab-desktop-title\" aria-selected=\"false\" data-tab=\"3\" role=\"tab\" tabindex=\"-1\" aria-controls=\"elementor-tab-content-2053\" aria-expanded=\"false\">G\u00fc\u00e7l\u00fc<\/div>\n\t\t\t\t\t\t\t\t\t<div id=\"elementor-tab-title-2054\" class=\"elementor-tab-title elementor-tab-desktop-title\" aria-selected=\"false\" data-tab=\"4\" role=\"tab\" tabindex=\"-1\" aria-controls=\"elementor-tab-content-2054\" aria-expanded=\"false\">M\u00fc\u015fteri Avantajlar\u0131<\/div>\n\t\t\t\t\t\t\t<\/div>\n\t\t\t<div class=\"elementor-tabs-content-wrapper\" role=\"tablist\" aria-orientation=\"vertical\">\n\t\t\t\t\t\t\t\t\t<div class=\"elementor-tab-title elementor-tab-mobile-title\" aria-selected=\"true\" data-tab=\"1\" role=\"tab\" tabindex=\"0\" aria-controls=\"elementor-tab-content-2051\" aria-expanded=\"false\">Kolay Kullan\u0131m<\/div>\n\t\t\t\t\t<div id=\"elementor-tab-content-2051\" class=\"elementor-tab-content elementor-clearfix\" data-tab=\"1\" role=\"tabpanel\" aria-labelledby=\"elementor-tab-title-2051\" tabindex=\"0\" hidden=\"false\"><ul>\n<li>Canl\u0131 renklere sahip y\u00fcksek kontrastl\u0131 dokunmatik ekran.<\/li>\n<li>Basit sayfalar, b\u00fcy\u00fck tu\u015flar, operat\u00f6r\u00fcn ihtiya\u00e7 duydu\u011fu t\u00fcm bilgileri i\u00e7eren net ekran.<\/li>\n<li>Sezgisel ve kullan\u0131c\u0131 dostu aray\u00fcz.<\/li>\n<li>Par\u00e7alar\u0131n saniyeler i\u00e7inde eksiksiz programlanmas\u0131.<\/li>\n<li>EasyCut sayfas\u0131 ile makinenin h\u0131zl\u0131 kurulumu.<\/li>\n<li>Ba\u011flamsal yard\u0131m ve uyar\u0131 a\u00e7\u0131l\u0131r penceresi.<\/li>\n<\/ul>\n<\/div>\n\t\t\t\t\t\t\t\t\t<div class=\"elementor-tab-title elementor-tab-mobile-title\" aria-selected=\"false\" data-tab=\"2\" role=\"tab\" tabindex=\"-1\" aria-controls=\"elementor-tab-content-2052\" aria-expanded=\"false\">Daha \u0130yi Kesim<\/div>\n\t\t\t\t\t<div id=\"elementor-tab-content-2052\" class=\"elementor-tab-content elementor-clearfix\" data-tab=\"2\" role=\"tabpanel\" aria-labelledby=\"elementor-tab-title-2052\" tabindex=\"0\" hidden=\"hidden\"><ul>\n<li>Malzeme \u00f6zelliklerine g\u00f6re kesme fonksiyonlar\u0131n\u0131n otomatik hesaplanmas\u0131.<\/li>\n<li>Otomatik b\u0131\u00e7ak bo\u015flu\u011fu.<\/li>\n<li>Otomatik kesme a\u00e7\u0131s\u0131.<\/li>\n<li>Otomatik kesim uzunlu\u011fu.<\/li>\n<li>Otomatik arka g\u00f6sterge d\u00fczeltmesi.<\/li>\n<li>Otomatik arka g\u00f6sterge katlanabilir.<\/li>\n<li>Anti-b\u00fck\u00fcm y\u00f6netimi.<\/li>\n<li>2\/3- sac deste\u011fini konumland\u0131r\u0131n.<\/li>\n<li>G\u00f6ndericiye d\u00f6n\u00fc\u015f i\u015flevi (RTS).<\/li>\n<li>\u00d6n veya arka g\u00f6sterge y\u00f6netimi.<\/li>\n<li>Park konumu (katlanabilir fonksiyon).<\/li>\n<li>Hold-down bas\u0131n\u00e7 y\u00f6netimi.<\/li>\n<li>Sistem bas\u0131n\u00e7 y\u00f6netimi.<\/li>\n<li>Sac konumu ofseti, ortada kesime izin verir.<\/li>\n<\/ul>\n<\/div>\n\t\t\t\t\t\t\t\t\t<div class=\"elementor-tab-title elementor-tab-mobile-title\" aria-selected=\"false\" data-tab=\"3\" role=\"tab\" tabindex=\"-1\" aria-controls=\"elementor-tab-content-2053\" aria-expanded=\"false\">G\u00fc\u00e7l\u00fc<\/div>\n\t\t\t\t\t<div id=\"elementor-tab-content-2053\" class=\"elementor-tab-content elementor-clearfix\" data-tab=\"3\" role=\"tabpanel\" aria-labelledby=\"elementor-tab-title-2053\" tabindex=\"0\" hidden=\"hidden\"><ul>\n<li>B\u00fcy\u00fck kesim dizileri ve programlar\u0131 haf\u0131zaya al\u0131nabilir.<\/li>\n<li>Bir diz\u00fcst\u00fc bilgisayara kablosuz ba\u011flant\u0131 yoluyla kolay ileti\u015fim.<\/li>\n<li>10&#8217;dan fazla dil mevcuttur.<\/li>\n<\/ul>\n<\/div>\n\t\t\t\t\t\t\t\t\t<div class=\"elementor-tab-title elementor-tab-mobile-title\" aria-selected=\"false\" data-tab=\"4\" role=\"tab\" tabindex=\"-1\" aria-controls=\"elementor-tab-content-2054\" aria-expanded=\"false\">M\u00fc\u015fteri Avantajlar\u0131<\/div>\n\t\t\t\t\t<div id=\"elementor-tab-content-2054\" class=\"elementor-tab-content elementor-clearfix\" data-tab=\"4\" role=\"tabpanel\" aria-labelledby=\"elementor-tab-title-2054\" tabindex=\"0\" hidden=\"hidden\"><ul>\n<li class=\"trueicon\">Sezgisel dokunmatik ekran programlama ile kullan\u0131m\u0131 \u00e7ok basit<\/li>\n<li class=\"trueicon\">Daha y\u00fcksek kalite ve verimlilik art\u0131\u015f\u0131<\/li>\n<li class=\"trueicon\">Maksimum performans i\u00e7in g\u00fc\u00e7l\u00fc \u00f6zellikler<\/li>\n<\/ul>\n<\/div>\n\t\t\t\t\t\t\t<\/div>\n\t\t<\/div>\n\t\t\t\t\t\t<\/div>\n\t\t\t\t<\/div>\n\t\t\t\t\t<\/div>\n\t\t<\/div>\n\t\t\t\t\t<\/div>\n\t\t<\/section>\n\t\t\t\t<\/div>\n\t\t","protected":false},"excerpt":{"rendered":"<p>CybTouch 12 G, y\u00fcksek seviyeli otomatik makaslar i\u00e7in \u00e7ok eksenli bir kontrold\u00fcr. Potansiyometreler, lineer enkoderler veya bir zamanlay\u0131c\u0131 kullanarak 2 arka g\u00f6sterge ekseni ve 2 \u00f6n g\u00f6sterge ekseninin yan\u0131 s\u0131ra a\u00e7\u0131 ve kesme uzunlu\u011funu y\u00f6netir. Ayr\u0131ca CybTouch 12 G tam tabaka destekleri, 2 veya 3 konumlu d\u00f6ng\u00fcler ve g\u00f6ndericiye geri d\u00f6nme i\u015flevi gibi di\u011fer bir\u00e7ok [&hellip;]<\/p>\n","protected":false},"author":1,"featured_media":0,"parent":0,"menu_order":0,"comment_status":"closed","ping_status":"closed","template":"","meta":{"site-sidebar-layout":"no-sidebar","site-content-layout":"page-builder","ast-site-content-layout":"full-width-container","site-content-style":"default","site-sidebar-style":"default","ast-global-header-display":"","ast-banner-title-visibility":"","ast-main-header-display":"","ast-hfb-above-header-display":"","ast-hfb-below-header-display":"","ast-hfb-mobile-header-display":"","site-post-title":"disabled","ast-breadcrumbs-content":"","ast-featured-img":"disabled","footer-sml-layout":"","ast-disable-related-posts":"","theme-transparent-header-meta":"","adv-header-id-meta":"","stick-header-meta":"","header-above-stick-meta":"","header-main-stick-meta":"","header-below-stick-meta":"","astra-migrate-meta-layouts":"default","ast-page-background-enabled":"default","ast-page-background-meta":{"desktop":{"background-color":"","background-image":"","background-repeat":"repeat","background-position":"center center","background-size":"auto","background-attachment":"scroll","background-type":"","background-media":"","overlay-type":"","overlay-color":"","overlay-opacity":"","overlay-gradient":""},"tablet":{"background-color":"","background-image":"","background-repeat":"repeat","background-position":"center center","background-size":"auto","background-attachment":"scroll","background-type":"","background-media":"","overlay-type":"","overlay-color":"","overlay-opacity":"","overlay-gradient":""},"mobile":{"background-color":"","background-image":"","background-repeat":"repeat","background-position":"center center","background-size":"auto","background-attachment":"scroll","background-type":"","background-media":"","overlay-type":"","overlay-color":"","overlay-opacity":"","overlay-gradient":""}},"ast-content-background-meta":{"desktop":{"background-color":"var(--ast-global-color-5)","background-image":"","background-repeat":"repeat","background-position":"center center","background-size":"auto","background-attachment":"scroll","background-type":"","background-media":"","overlay-type":"","overlay-color":"","overlay-opacity":"","overlay-gradient":""},"tablet":{"background-color":"var(--ast-global-color-5)","background-image":"","background-repeat":"repeat","background-position":"center center","background-size":"auto","background-attachment":"scroll","background-type":"","background-media":"","overlay-type":"","overlay-color":"","overlay-opacity":"","overlay-gradient":""},"mobile":{"background-color":"var(--ast-global-color-5)","background-image":"","background-repeat":"repeat","background-position":"center center","background-size":"auto","background-attachment":"scroll","background-type":"","background-media":"","overlay-type":"","overlay-color":"","overlay-opacity":"","overlay-gradient":""}},"footnotes":""},"class_list":["post-23241","page","type-page","status-publish","hentry"],"aioseo_notices":[],"_links":{"self":[{"href":"https:\/\/cybelec.ch\/tr\/wp-json\/wp\/v2\/pages\/23241","targetHints":{"allow":["GET"]}}],"collection":[{"href":"https:\/\/cybelec.ch\/tr\/wp-json\/wp\/v2\/pages"}],"about":[{"href":"https:\/\/cybelec.ch\/tr\/wp-json\/wp\/v2\/types\/page"}],"author":[{"embeddable":true,"href":"https:\/\/cybelec.ch\/tr\/wp-json\/wp\/v2\/users\/1"}],"replies":[{"embeddable":true,"href":"https:\/\/cybelec.ch\/tr\/wp-json\/wp\/v2\/comments?post=23241"}],"version-history":[{"count":3,"href":"https:\/\/cybelec.ch\/tr\/wp-json\/wp\/v2\/pages\/23241\/revisions"}],"predecessor-version":[{"id":24865,"href":"https:\/\/cybelec.ch\/tr\/wp-json\/wp\/v2\/pages\/23241\/revisions\/24865"}],"wp:attachment":[{"href":"https:\/\/cybelec.ch\/tr\/wp-json\/wp\/v2\/media?parent=23241"}],"curies":[{"name":"wp","href":"https:\/\/api.w.org\/{rel}","templated":true}]}}