{"id":23275,"date":"2024-06-05T10:32:42","date_gmt":"2024-06-05T08:32:42","guid":{"rendered":"https:\/\/cybelec.ch\/modeva-pac\/"},"modified":"2024-06-05T11:14:39","modified_gmt":"2024-06-05T09:14:39","slug":"modeva-pac","status":"publish","type":"page","link":"https:\/\/cybelec.ch\/tr\/modeva-pac\/","title":{"rendered":"ModEva Pac"},"content":{"rendered":"\t\t<div data-elementor-type=\"wp-page\" data-elementor-id=\"23275\" class=\"elementor elementor-23275 elementor-23058\" data-elementor-post-type=\"page\">\n\t\t\t\t\t\t<section class=\"elementor-section elementor-top-section elementor-element elementor-element-b157f57 elementor-reverse-mobile elementor-section-boxed elementor-section-height-default elementor-section-height-default\" data-id=\"b157f57\" data-element_type=\"section\" data-e-type=\"section\">\n\t\t\t\t\t\t<div class=\"elementor-container elementor-column-gap-no\">\n\t\t\t\t\t<div class=\"elementor-column elementor-col-50 elementor-top-column elementor-element elementor-element-633f206\" data-id=\"633f206\" data-element_type=\"column\" data-e-type=\"column\">\n\t\t\t<div class=\"elementor-widget-wrap elementor-element-populated\">\n\t\t\t\t\t\t<div class=\"elementor-element elementor-element-4330827 elementor-widget elementor-widget-gallery\" data-id=\"4330827\" data-element_type=\"widget\" data-e-type=\"widget\" data-settings=\"{&quot;columns&quot;:2,&quot;aspect_ratio&quot;:&quot;1:1&quot;,&quot;columns_mobile&quot;:2,&quot;lazyload&quot;:&quot;yes&quot;,&quot;gallery_layout&quot;:&quot;grid&quot;,&quot;columns_tablet&quot;:2,&quot;gap&quot;:{&quot;unit&quot;:&quot;px&quot;,&quot;size&quot;:10,&quot;sizes&quot;:[]},&quot;gap_tablet&quot;:{&quot;unit&quot;:&quot;px&quot;,&quot;size&quot;:10,&quot;sizes&quot;:[]},&quot;gap_mobile&quot;:{&quot;unit&quot;:&quot;px&quot;,&quot;size&quot;:10,&quot;sizes&quot;:[]},&quot;link_to&quot;:&quot;file&quot;,&quot;content_hover_animation&quot;:&quot;fade-in&quot;}\" data-widget_type=\"gallery.default\">\n\t\t\t\t<div class=\"elementor-widget-container\">\n\t\t\t\t\t\t\t<div class=\"elementor-gallery__container\">\n\t\t\t\t\t\t\t<a class=\"e-gallery-item elementor-gallery-item elementor-animated-content\" href=\"https:\/\/cybelec.ch\/wp-content\/uploads\/2020\/12\/Eva.jpg\" data-elementor-open-lightbox=\"yes\" data-elementor-lightbox-slideshow=\"4330827\" data-e-action-hash=\"#elementor-action%3Aaction%3Dlightbox%26settings%3DeyJpZCI6MTI5NDEsInVybCI6Imh0dHBzOlwvXC9jeWJlbGVjLmNoXC93cC1jb250ZW50XC91cGxvYWRzXC8yMDIwXC8xMlwvRXZhLmpwZyIsInNsaWRlc2hvdyI6IjQzMzA4MjcifQ%3D%3D\">\n\t\t\t\t\t<div class=\"e-gallery-image elementor-gallery-item__image\" data-thumbnail=\"https:\/\/cybelec.ch\/wp-content\/uploads\/2020\/12\/Eva.jpg\" data-width=\"1000\" data-height=\"1000\" aria-label=\"\" role=\"img\" ><\/div>\n\t\t\t\t\t\t\t\t\t\t\t\t\t\t<\/a>\n\t\t\t\t\t\t\t<a class=\"e-gallery-item elementor-gallery-item elementor-animated-content\" href=\"https:\/\/cybelec.ch\/wp-content\/uploads\/2020\/12\/ModEvaPac_2.png\" data-elementor-open-lightbox=\"yes\" data-elementor-lightbox-slideshow=\"4330827\" data-e-action-hash=\"#elementor-action%3Aaction%3Dlightbox%26settings%3DeyJpZCI6MTE1NDAsInVybCI6Imh0dHBzOlwvXC9jeWJlbGVjLmNoXC93cC1jb250ZW50XC91cGxvYWRzXC8yMDIwXC8xMlwvTW9kRXZhUGFjXzIucG5nIiwic2xpZGVzaG93IjoiNDMzMDgyNyJ9\">\n\t\t\t\t\t<div class=\"e-gallery-image elementor-gallery-item__image\" data-thumbnail=\"https:\/\/cybelec.ch\/wp-content\/uploads\/2020\/12\/ModEvaPac_2.png\" data-width=\"1160\" data-height=\"1000\" aria-label=\"\" role=\"img\" ><\/div>\n\t\t\t\t\t\t\t\t\t\t\t\t\t\t<\/a>\n\t\t\t\t\t\t\t<a class=\"e-gallery-item elementor-gallery-item elementor-animated-content\" href=\"https:\/\/cybelec.ch\/wp-content\/uploads\/2020\/12\/ModEvaPac_1.png\" data-elementor-open-lightbox=\"yes\" data-elementor-lightbox-slideshow=\"4330827\" data-e-action-hash=\"#elementor-action%3Aaction%3Dlightbox%26settings%3DeyJpZCI6MTE1MzksInVybCI6Imh0dHBzOlwvXC9jeWJlbGVjLmNoXC93cC1jb250ZW50XC91cGxvYWRzXC8yMDIwXC8xMlwvTW9kRXZhUGFjXzEucG5nIiwic2xpZGVzaG93IjoiNDMzMDgyNyJ9\">\n\t\t\t\t\t<div class=\"e-gallery-image elementor-gallery-item__image\" data-thumbnail=\"https:\/\/cybelec.ch\/wp-content\/uploads\/2020\/12\/ModEvaPac_1.png\" data-width=\"937\" data-height=\"1000\" aria-label=\"\" role=\"img\" ><\/div>\n\t\t\t\t\t\t\t\t\t\t\t\t\t\t<\/a>\n\t\t\t\t\t<\/div>\n\t\t\t\t\t<\/div>\n\t\t\t\t<\/div>\n\t\t\t\t\t<\/div>\n\t\t<\/div>\n\t\t\t\t<div class=\"elementor-column elementor-col-50 elementor-top-column elementor-element elementor-element-ca58426\" data-id=\"ca58426\" data-element_type=\"column\" data-e-type=\"column\">\n\t\t\t<div class=\"elementor-widget-wrap elementor-element-populated\">\n\t\t\t\t\t\t<div class=\"elementor-element elementor-element-d5b499b elementor-widget elementor-widget-heading\" data-id=\"d5b499b\" data-element_type=\"widget\" data-e-type=\"widget\" data-widget_type=\"heading.default\">\n\t\t\t\t<div class=\"elementor-widget-container\">\n\t\t\t\t\t<h2 class=\"elementor-heading-title elementor-size-default\">ModEva Pac t\u00fcm abkant pres tiplerini kontrol etmek i\u00e7in tasarlanm\u0131\u015ft\u0131r<\/h2>\t\t\t\t<\/div>\n\t\t\t\t<\/div>\n\t\t\t\t<div class=\"elementor-element elementor-element-4eb91ab elementor-widget elementor-widget-text-editor\" data-id=\"4eb91ab\" data-element_type=\"widget\" data-e-type=\"widget\" data-widget_type=\"text-editor.default\">\n\t\t\t\t<div class=\"elementor-widget-container\">\n\t\t\t\t\t\t\t\t\t<p>senkronize modellerden (yukar\u0131 vuru\u015f veya a\u015fa\u011f\u0131 vuru\u015f) mekanik\/hidrolik durduruculara kadar. ModEva Pac 4 veya 7 ekseni kontrol edebilir.<br \/>Yeni ve geli\u015ftirilmi\u015f dokunmatik ekran ergonomisi ile ModEva Pac yaz\u0131l\u0131m\u0131, operat\u00f6re makinesini kontrol etmek i\u00e7in daha fazla g\u00fc\u00e7 ve verimlilik sa\u011flarken ayn\u0131 zamanda kolayl\u0131k ve rahatl\u0131k hissi sunar. TouchProfile i\u015flevi art\u0131k yaz\u0131l\u0131ma entegre edilmi\u015ftir ve operat\u00f6r\u00fcn bir par\u00e7ay\u0131 parma\u011f\u0131n\u0131n ucuyla do\u011frudan 15 in\u00e7lik b\u00fcy\u00fck dokunmatik ekrana \u00e7izmesine olanak tan\u0131r.<br \/>Temel i\u015flevlere, a\u00e7\u0131k ve mant\u0131kl\u0131 bir \u015fekilde tasarlanm\u0131\u015f men\u00fc sayfalar\u0131na eri\u015fim sa\u011flayan 5 konu odakl\u0131 tu\u015fla eri\u015filebilir. B\u00fckme \u00e7\u00f6z\u00fcmleri 2D olarak grafiksel olarak g\u00f6r\u00fcnt\u00fclenir ve operat\u00f6re kar\u015f\u0131 minimum uzunluk, minimum d\u00f6n\u00fc\u015f, tan\u0131mlanan iki y\u00fczey aras\u0131nda maksimum do\u011fruluk ve minimum operat\u00f6r manip\u00fclasyonu gibi operat\u00f6r taraf\u0131ndan tan\u0131mlanan kriterlere g\u00f6re tak\u0131mlarla veya makine \u00e7er\u00e7evesiyle olas\u0131 \u00e7arp\u0131\u015fmalar\u0131 g\u00f6sterir. Sistem ayr\u0131ca sac\u0131n aletler aras\u0131ndaki konumunu da g\u00f6sterir.<br \/>Yaz\u0131l\u0131m, makine \u00fcreticilerinin eksenleri, giri\u015fleri\/\u00e7\u0131k\u0131\u015flar\u0131 ve yard\u0131mc\u0131 fonksiyonlar\u0131 ihtiya\u00e7lar\u0131na g\u00f6re yap\u0131land\u0131rmalar\u0131n\u0131 sa\u011flar. Ayr\u0131ca hidrolik veya mekanik bombeleme sistemini, bas\u0131n\u00e7 orant\u0131l\u0131 valfleri, b\u00fckme yard\u0131mc\u0131lar\u0131n\u0131 y\u00f6netebilir, b\u00fckme pay\u0131n\u0131 hesaplayabilir ve bir par\u00e7ay\u0131 saniyeler i\u00e7inde programlamak i\u00e7in basit bir sayfa \u00f6nerebilir.<br \/>ModEva Pac, DNC 15, DNC 880S ve 880 veya DNC 80 ile tamamen uyumludur, bu da onu eski makinelerin yenilenmesi i\u00e7in ideal bir kontrol haline getirir.<br \/>ModEva Pac \u015f\u0131k ve modern bir g\u00f6vdeye entegre edilmi\u015ftir veya iste\u011fe ba\u011fl\u0131 olarak sa\u011flam bir panel olarak da teslim edilebilir.<\/p>\n\t\t\t\t\t\t\t\t<\/div>\n\t\t\t\t<\/div>\n\t\t\t\t<div class=\"elementor-element elementor-element-78f31dc elementor-widget elementor-widget-heading\" data-id=\"78f31dc\" data-element_type=\"widget\" data-e-type=\"widget\" data-widget_type=\"heading.default\">\n\t\t\t\t<div class=\"elementor-widget-container\">\n\t\t\t\t\t<h2 class=\"elementor-heading-title elementor-size-default\">Birlikte Verilen \u00c7evrimd\u0131\u015f\u0131 Yaz\u0131l\u0131m<\/h2>\t\t\t\t<\/div>\n\t\t\t\t<\/div>\n\t\t\t\t<div class=\"elementor-element elementor-element-5e9c0cd elementor-widget elementor-widget-text-editor\" data-id=\"5e9c0cd\" data-element_type=\"widget\" data-e-type=\"widget\" data-widget_type=\"text-editor.default\">\n\t\t\t\t<div class=\"elementor-widget-container\">\n\t\t\t\t\t\t\t\t\t<p><span lang=\"en-US\">T\u00fcm ModEva Pac <\/span><span lang=\"en-US\">ile birlikte gelir <\/span><a class=\"hovered\" href=\"https:\/\/cybelec.ch\/index.php?option=com_content&amp;view=article&amp;id=243:pc-modeva&amp;catid=45:off-line-software&amp;Itemid=220\"><span lang=\"en-US\"><span style=\"color: #e41e13;\">PC-ModEva<\/span><\/span><\/a><span lang=\"en-US\">\u00e7evrimd\u0131\u015f\u0131 yaz\u0131l\u0131m.<br \/><\/span>Bu program, programlar\u0131n\u0131z\u0131 haz\u0131rlaman\u0131za, teklifleri hesaplaman\u0131za ve ofisinizdeki par\u00e7alar\u0131n fizibilitesini bir PC&#8217;de kontrol etmenize olanak tan\u0131r. Makine \u00fczerinde hi\u00e7 zaman kaybedilmez.<\/p>\n\t\t\t\t\t\t\t\t<\/div>\n\t\t\t\t<\/div>\n\t\t\t\t<section class=\"elementor-section elementor-inner-section elementor-element elementor-element-dd248df elementor-section-boxed elementor-section-height-default elementor-section-height-default\" data-id=\"dd248df\" data-element_type=\"section\" data-e-type=\"section\">\n\t\t\t\t\t\t<div class=\"elementor-container elementor-column-gap-default\">\n\t\t\t\t\t<div class=\"elementor-column elementor-col-33 elementor-inner-column elementor-element elementor-element-16c5fd2\" data-id=\"16c5fd2\" data-element_type=\"column\" data-e-type=\"column\">\n\t\t\t<div class=\"elementor-widget-wrap elementor-element-populated\">\n\t\t\t\t\t\t<div class=\"elementor-element elementor-element-b43052f elementor-align-justify elementor-widget elementor-widget-button\" data-id=\"b43052f\" data-element_type=\"widget\" data-e-type=\"widget\" data-widget_type=\"button.default\">\n\t\t\t\t<div class=\"elementor-widget-container\">\n\t\t\t\t\t\t\t\t\t<div class=\"elementor-button-wrapper\">\n\t\t\t\t\t<a class=\"elementor-button elementor-button-link elementor-size-sm\" href=\"https:\/\/cybelec.ch\/wp-content\/uploads\/2020\/12\/Flyer_ModEvaPac_EN_V1.2.pdf\" target=\"_blank\">\n\t\t\t\t\t\t<span class=\"elementor-button-content-wrapper\">\n\t\t\t\t\t\t\t\t\t<span class=\"elementor-button-text\">Bro\u015f\u00fcr\u00fc indirin<\/span>\n\t\t\t\t\t<\/span>\n\t\t\t\t\t<\/a>\n\t\t\t\t<\/div>\n\t\t\t\t\t\t\t\t<\/div>\n\t\t\t\t<\/div>\n\t\t\t\t\t<\/div>\n\t\t<\/div>\n\t\t\t\t<div class=\"elementor-column elementor-col-33 elementor-inner-column elementor-element elementor-element-81202e4\" data-id=\"81202e4\" data-element_type=\"column\" data-e-type=\"column\">\n\t\t\t<div class=\"elementor-widget-wrap elementor-element-populated\">\n\t\t\t\t\t\t<div class=\"elementor-element elementor-element-5eec70d elementor-align-justify elementor-widget elementor-widget-button\" data-id=\"5eec70d\" data-element_type=\"widget\" data-e-type=\"widget\" data-widget_type=\"button.default\">\n\t\t\t\t<div class=\"elementor-widget-container\">\n\t\t\t\t\t\t\t\t\t<div class=\"elementor-button-wrapper\">\n\t\t\t\t\t<a class=\"elementor-button elementor-button-link elementor-size-sm\" href=\"https:\/\/cybelec.ch\/wp-content\/uploads\/2020\/12\/Datasheet_ModEvaPac_EN_V2.3.pdf\" target=\"_blank\">\n\t\t\t\t\t\t<span class=\"elementor-button-content-wrapper\">\n\t\t\t\t\t\t\t\t\t<span class=\"elementor-button-text\">Veri sayfas\u0131n\u0131 indirin<\/span>\n\t\t\t\t\t<\/span>\n\t\t\t\t\t<\/a>\n\t\t\t\t<\/div>\n\t\t\t\t\t\t\t\t<\/div>\n\t\t\t\t<\/div>\n\t\t\t\t\t<\/div>\n\t\t<\/div>\n\t\t\t\t<div class=\"elementor-column elementor-col-33 elementor-inner-column elementor-element elementor-element-5d0aa10\" data-id=\"5d0aa10\" data-element_type=\"column\" data-e-type=\"column\">\n\t\t\t<div class=\"elementor-widget-wrap\">\n\t\t\t\t\t\t\t<\/div>\n\t\t<\/div>\n\t\t\t\t\t<\/div>\n\t\t<\/section>\n\t\t\t\t\t<\/div>\n\t\t<\/div>\n\t\t\t\t\t<\/div>\n\t\t<\/section>\n\t\t\t\t<section class=\"elementor-section elementor-top-section elementor-element elementor-element-6eed054 elementor-section-boxed elementor-section-height-default elementor-section-height-default\" data-id=\"6eed054\" data-element_type=\"section\" data-e-type=\"section\">\n\t\t\t\t\t\t<div class=\"elementor-container elementor-column-gap-default\">\n\t\t\t\t\t<div class=\"elementor-column elementor-col-100 elementor-top-column elementor-element elementor-element-3ec4178\" data-id=\"3ec4178\" data-element_type=\"column\" data-e-type=\"column\">\n\t\t\t<div class=\"elementor-widget-wrap elementor-element-populated\">\n\t\t\t\t\t\t<div class=\"elementor-element elementor-element-7612a04 elementor-tabs-view-horizontal elementor-widget elementor-widget-tabs\" data-id=\"7612a04\" data-element_type=\"widget\" data-e-type=\"widget\" data-widget_type=\"tabs.default\">\n\t\t\t\t<div class=\"elementor-widget-container\">\n\t\t\t\t\t\t\t<div class=\"elementor-tabs\">\n\t\t\t<div class=\"elementor-tabs-wrapper\" role=\"tablist\" >\n\t\t\t\t\t\t\t\t\t<div id=\"elementor-tab-title-1231\" class=\"elementor-tab-title elementor-tab-desktop-title\" aria-selected=\"true\" data-tab=\"1\" role=\"tab\" tabindex=\"0\" aria-controls=\"elementor-tab-content-1231\" aria-expanded=\"false\">M\u00fc\u015fteri Avantajlar\u0131<\/div>\n\t\t\t\t\t\t\t\t\t<div id=\"elementor-tab-title-1232\" class=\"elementor-tab-title elementor-tab-desktop-title\" aria-selected=\"false\" data-tab=\"2\" role=\"tab\" tabindex=\"-1\" aria-controls=\"elementor-tab-content-1232\" aria-expanded=\"false\">Kolay Kullan\u0131m<\/div>\n\t\t\t\t\t\t\t\t\t<div id=\"elementor-tab-title-1233\" class=\"elementor-tab-title elementor-tab-desktop-title\" aria-selected=\"false\" data-tab=\"3\" role=\"tab\" tabindex=\"-1\" aria-controls=\"elementor-tab-content-1233\" aria-expanded=\"false\">Daha \u0130yi B\u00fckme<\/div>\n\t\t\t\t\t\t\t\t\t<div id=\"elementor-tab-title-1234\" class=\"elementor-tab-title elementor-tab-desktop-title\" aria-selected=\"false\" data-tab=\"4\" role=\"tab\" tabindex=\"-1\" aria-controls=\"elementor-tab-content-1234\" aria-expanded=\"false\">G\u00fc\u00e7l\u00fc<\/div>\n\t\t\t\t\t\t\t<\/div>\n\t\t\t<div class=\"elementor-tabs-content-wrapper\" role=\"tablist\" aria-orientation=\"vertical\">\n\t\t\t\t\t\t\t\t\t<div class=\"elementor-tab-title elementor-tab-mobile-title\" aria-selected=\"true\" data-tab=\"1\" role=\"tab\" tabindex=\"0\" aria-controls=\"elementor-tab-content-1231\" aria-expanded=\"false\">M\u00fc\u015fteri Avantajlar\u0131<\/div>\n\t\t\t\t\t<div id=\"elementor-tab-content-1231\" class=\"elementor-tab-content elementor-clearfix\" data-tab=\"1\" role=\"tabpanel\" aria-labelledby=\"elementor-tab-title-1231\" tabindex=\"0\" hidden=\"false\"><ul>\n<li class=\"trueicon\">Geni\u015f 15&#8243; renkli ekran<\/li>\n<li class=\"trueicon\">Sezgisel dokunmatik ekran aray\u00fcz\u00fc<\/li>\n<li class=\"trueicon\">T\u00fcm abkant pres uygulamalar\u0131<\/li>\n<\/ul>\n<\/div>\n\t\t\t\t\t\t\t\t\t<div class=\"elementor-tab-title elementor-tab-mobile-title\" aria-selected=\"false\" data-tab=\"2\" role=\"tab\" tabindex=\"-1\" aria-controls=\"elementor-tab-content-1232\" aria-expanded=\"false\">Kolay Kullan\u0131m<\/div>\n\t\t\t\t\t<div id=\"elementor-tab-content-1232\" class=\"elementor-tab-content elementor-clearfix\" data-tab=\"2\" role=\"tabpanel\" aria-labelledby=\"elementor-tab-title-1232\" tabindex=\"0\" hidden=\"hidden\"><ul>\n<li>TouchProfile fonksiyonu ile 2D par\u00e7alar\u0131n elle \u00e7izimi.<\/li>\n<li>Sezgisel ve etkile\u015fimli programlama.<\/li>\n<li>Renk kodlar\u0131yla ili\u015fkili a\u00e7\u0131k ve g\u00f6r\u00fcn\u00fcr alan i\u015flevleri.<\/li>\n<li>Par\u00e7alar\u0131n tek bir sayfada eksiksiz programlanmas\u0131.<\/li>\n<li>Parametrelere do\u011frudan eri\u015fim sayesinde makinenin h\u0131zl\u0131 kurulumu.<\/li>\n<li>H\u0131zl\u0131 veri giri\u015fi i\u00e7in e\u011fimli ergonomik tasar\u0131m.<\/li>\n<li>B\u00fcy\u00fck tu\u015flu klavye.<\/li>\n<li>Ana makine komutlar\u0131 (basmal\u0131 d\u00fc\u011fmeler, anahtarlar) ideal olarak klavyenin alt\u0131nda bulunur.<\/li>\n<\/ul>\n<\/div>\n\t\t\t\t\t\t\t\t\t<div class=\"elementor-tab-title elementor-tab-mobile-title\" aria-selected=\"false\" data-tab=\"3\" role=\"tab\" tabindex=\"-1\" aria-controls=\"elementor-tab-content-1233\" aria-expanded=\"false\">Daha \u0130yi B\u00fckme<\/div>\n\t\t\t\t\t<div id=\"elementor-tab-content-1233\" class=\"elementor-tab-content elementor-clearfix\" data-tab=\"3\" role=\"tabpanel\" aria-labelledby=\"elementor-tab-title-1233\" tabindex=\"0\" hidden=\"hidden\"><ul>\n<li>Masa\u00fcst\u00fc bilgisayarda par\u00e7a programlamaya olanak tan\u0131yan PC-ModEva off-line yaz\u0131l\u0131m\u0131 ile birlikte teslim edilir.<\/li>\n<li>Mevcut \u00fcr\u00fcnlerde kolay ve h\u0131zl\u0131 modifikasyonlar sayesinde daha y\u00fcksek verimlilik.<\/li>\n<li>Kapsaml\u0131 makine parametreleri \u00e7ok ince makine ayar\u0131na izin verir.<\/li>\n<li>Konsol ekran\u0131nda g\u00f6r\u00fcnt\u00fclenen hata ve uyar\u0131 mesajlar\u0131.<\/li>\n<li> <\/li>\n<\/ul>\n<\/div>\n\t\t\t\t\t\t\t\t\t<div class=\"elementor-tab-title elementor-tab-mobile-title\" aria-selected=\"false\" data-tab=\"4\" role=\"tab\" tabindex=\"-1\" aria-controls=\"elementor-tab-content-1234\" aria-expanded=\"false\">G\u00fc\u00e7l\u00fc<\/div>\n\t\t\t\t\t<div id=\"elementor-tab-content-1234\" class=\"elementor-tab-content elementor-clearfix\" data-tab=\"4\" role=\"tabpanel\" aria-labelledby=\"elementor-tab-title-1234\" tabindex=\"0\" hidden=\"hidden\"><ul>\n<li>\u00c7oklu sim\u00fclasyon \u00f6zelli\u011fine sahip grafik 2D ekran.<\/li>\n<li>\u00c7oklu g\u00f6rev ve dosya y\u00f6netimi i\u00e7in Windows XPe.<\/li>\n<li>EC g\u00fcvenlik d\u00f6ng\u00fcs\u00fc y\u00f6netimi.<\/li>\n<li>Kolay ileti\u015fim.<\/li>\n<li>Ethernet (RJ45) \u00fczerinden Windows a\u011f\u0131.<\/li>\n<li>Yaz\u0131l\u0131m g\u00fcncelleme ve veri yedekleme i\u00e7in USB portu \u00fczerinden harici cihazlara ba\u011flant\u0131.<\/li>\n<li>Uzaktan bak\u0131m.<\/li>\n<li>Neredeyse s\u0131n\u0131rs\u0131z say\u0131da program ve \u00e7ok y\u00fcksek say\u0131da dizi.<\/li>\n<li>20&#8217;den fazla dil mevcuttur.<\/li>\n<li>\u00d6nceki nesil kompakt CNC&#8217;lerle geriye d\u00f6n\u00fck uyumlulu\u011fu sayesinde yenileme i\u00e7in uygundur.<\/li>\n<\/ul>\n<\/div>\n\t\t\t\t\t\t\t<\/div>\n\t\t<\/div>\n\t\t\t\t\t\t<\/div>\n\t\t\t\t<\/div>\n\t\t\t\t\t<\/div>\n\t\t<\/div>\n\t\t\t\t\t<\/div>\n\t\t<\/section>\n\t\t\t\t<\/div>\n\t\t","protected":false},"excerpt":{"rendered":"<p>ModEva Pac t\u00fcm abkant pres tiplerini kontrol etmek i\u00e7in tasarlanm\u0131\u015ft\u0131r senkronize modellerden (yukar\u0131 vuru\u015f veya a\u015fa\u011f\u0131 vuru\u015f) mekanik\/hidrolik durduruculara kadar. ModEva Pac 4 veya 7 ekseni kontrol edebilir.Yeni ve geli\u015ftirilmi\u015f dokunmatik ekran ergonomisi ile ModEva Pac yaz\u0131l\u0131m\u0131, operat\u00f6re makinesini kontrol etmek i\u00e7in daha fazla g\u00fc\u00e7 ve verimlilik sa\u011flarken ayn\u0131 zamanda kolayl\u0131k ve rahatl\u0131k hissi sunar. [&hellip;]<\/p>\n","protected":false},"author":1,"featured_media":0,"parent":0,"menu_order":0,"comment_status":"closed","ping_status":"closed","template":"","meta":{"site-sidebar-layout":"no-sidebar","site-content-layout":"page-builder","ast-site-content-layout":"full-width-container","site-content-style":"default","site-sidebar-style":"default","ast-global-header-display":"","ast-banner-title-visibility":"","ast-main-header-display":"","ast-hfb-above-header-display":"","ast-hfb-below-header-display":"","ast-hfb-mobile-header-display":"","site-post-title":"disabled","ast-breadcrumbs-content":"","ast-featured-img":"disabled","footer-sml-layout":"","ast-disable-related-posts":"","theme-transparent-header-meta":"","adv-header-id-meta":"","stick-header-meta":"","header-above-stick-meta":"","header-main-stick-meta":"","header-below-stick-meta":"","astra-migrate-meta-layouts":"default","ast-page-background-enabled":"default","ast-page-background-meta":{"desktop":{"background-color":"","background-image":"","background-repeat":"repeat","background-position":"center center","background-size":"auto","background-attachment":"scroll","background-type":"","background-media":"","overlay-type":"","overlay-color":"","overlay-opacity":"","overlay-gradient":""},"tablet":{"background-color":"","background-image":"","background-repeat":"repeat","background-position":"center center","background-size":"auto","background-attachment":"scroll","background-type":"","background-media":"","overlay-type":"","overlay-color":"","overlay-opacity":"","overlay-gradient":""},"mobile":{"background-color":"","background-image":"","background-repeat":"repeat","background-position":"center center","background-size":"auto","background-attachment":"scroll","background-type":"","background-media":"","overlay-type":"","overlay-color":"","overlay-opacity":"","overlay-gradient":""}},"ast-content-background-meta":{"desktop":{"background-color":"var(--ast-global-color-5)","background-image":"","background-repeat":"repeat","background-position":"center center","background-size":"auto","background-attachment":"scroll","background-type":"","background-media":"","overlay-type":"","overlay-color":"","overlay-opacity":"","overlay-gradient":""},"tablet":{"background-color":"var(--ast-global-color-5)","background-image":"","background-repeat":"repeat","background-position":"center center","background-size":"auto","background-attachment":"scroll","background-type":"","background-media":"","overlay-type":"","overlay-color":"","overlay-opacity":"","overlay-gradient":""},"mobile":{"background-color":"var(--ast-global-color-5)","background-image":"","background-repeat":"repeat","background-position":"center center","background-size":"auto","background-attachment":"scroll","background-type":"","background-media":"","overlay-type":"","overlay-color":"","overlay-opacity":"","overlay-gradient":""}},"footnotes":""},"class_list":["post-23275","page","type-page","status-publish","hentry"],"aioseo_notices":[],"_links":{"self":[{"href":"https:\/\/cybelec.ch\/tr\/wp-json\/wp\/v2\/pages\/23275","targetHints":{"allow":["GET"]}}],"collection":[{"href":"https:\/\/cybelec.ch\/tr\/wp-json\/wp\/v2\/pages"}],"about":[{"href":"https:\/\/cybelec.ch\/tr\/wp-json\/wp\/v2\/types\/page"}],"author":[{"embeddable":true,"href":"https:\/\/cybelec.ch\/tr\/wp-json\/wp\/v2\/users\/1"}],"replies":[{"embeddable":true,"href":"https:\/\/cybelec.ch\/tr\/wp-json\/wp\/v2\/comments?post=23275"}],"version-history":[{"count":0,"href":"https:\/\/cybelec.ch\/tr\/wp-json\/wp\/v2\/pages\/23275\/revisions"}],"wp:attachment":[{"href":"https:\/\/cybelec.ch\/tr\/wp-json\/wp\/v2\/media?parent=23275"}],"curies":[{"name":"wp","href":"https:\/\/api.w.org\/{rel}","templated":true}]}}