{"id":25580,"date":"2025-02-10T17:56:43","date_gmt":"2025-02-10T16:56:43","guid":{"rendered":"https:\/\/cybelec.ch\/visitouch-pac-cift-ekran\/"},"modified":"2025-03-13T11:07:07","modified_gmt":"2025-03-13T10:07:07","slug":"visitouch-pac-cift-ekran","status":"publish","type":"page","link":"https:\/\/cybelec.ch\/tr\/visitouch-pac-cift-ekran\/","title":{"rendered":"VisiTouch Pac \u00c7ift Ekran"},"content":{"rendered":"\t\t<div data-elementor-type=\"wp-page\" data-elementor-id=\"25580\" class=\"elementor elementor-25580 elementor-25516\" data-elementor-post-type=\"page\">\n\t\t\t\t\t\t<section class=\"elementor-section elementor-top-section elementor-element elementor-element-899426c elementor-reverse-mobile elementor-section-boxed elementor-section-height-default elementor-section-height-default\" data-id=\"899426c\" data-element_type=\"section\" data-e-type=\"section\">\n\t\t\t\t\t\t<div class=\"elementor-container elementor-column-gap-no\">\n\t\t\t\t\t<div class=\"elementor-column elementor-col-50 elementor-top-column elementor-element elementor-element-749a5e4\" data-id=\"749a5e4\" data-element_type=\"column\" data-e-type=\"column\">\n\t\t\t<div class=\"elementor-widget-wrap elementor-element-populated\">\n\t\t\t\t\t\t<div class=\"elementor-element elementor-element-8aa3174 elementor-widget elementor-widget-gallery\" data-id=\"8aa3174\" data-element_type=\"widget\" data-e-type=\"widget\" data-settings=\"{&quot;gallery_layout&quot;:&quot;masonry&quot;,&quot;columns&quot;:1,&quot;lazyload&quot;:&quot;yes&quot;,&quot;columns_tablet&quot;:2,&quot;columns_mobile&quot;:1,&quot;gap&quot;:{&quot;unit&quot;:&quot;px&quot;,&quot;size&quot;:10,&quot;sizes&quot;:[]},&quot;gap_tablet&quot;:{&quot;unit&quot;:&quot;px&quot;,&quot;size&quot;:10,&quot;sizes&quot;:[]},&quot;gap_mobile&quot;:{&quot;unit&quot;:&quot;px&quot;,&quot;size&quot;:10,&quot;sizes&quot;:[]},&quot;link_to&quot;:&quot;file&quot;,&quot;overlay_background&quot;:&quot;yes&quot;,&quot;content_hover_animation&quot;:&quot;fade-in&quot;}\" data-widget_type=\"gallery.default\">\n\t\t\t\t<div class=\"elementor-widget-container\">\n\t\t\t\t\t\t\t<div class=\"elementor-gallery__container\">\n\t\t\t\t\t\t\t<a class=\"e-gallery-item elementor-gallery-item elementor-animated-content\" href=\"https:\/\/cybelec.ch\/wp-content\/uploads\/2025\/02\/Capture-decran-2025-02-13-103701-1.png\" data-elementor-open-lightbox=\"yes\" data-elementor-lightbox-slideshow=\"8aa3174\" data-e-action-hash=\"#elementor-action%3Aaction%3Dlightbox%26settings%3DeyJpZCI6MjU1NDksInVybCI6Imh0dHBzOlwvXC9jeWJlbGVjLmNoXC93cC1jb250ZW50XC91cGxvYWRzXC8yMDI1XC8wMlwvQ2FwdHVyZS1kZWNyYW4tMjAyNS0wMi0xMy0xMDM3MDEtMS5wbmciLCJzbGlkZXNob3ciOiI4YWEzMTc0In0%3D\">\n\t\t\t\t\t<div class=\"e-gallery-image elementor-gallery-item__image\" data-thumbnail=\"https:\/\/cybelec.ch\/wp-content\/uploads\/2025\/02\/Capture-decran-2025-02-13-103701-1.png\" data-width=\"445\" data-height=\"631\" aria-label=\"\" role=\"img\" ><\/div>\n\t\t\t\t\t\t\t\t\t\t\t<div class=\"elementor-gallery-item__overlay\"><\/div>\n\t\t\t\t\t\t\t\t\t\t\t\t\t\t<\/a>\n\t\t\t\t\t<\/div>\n\t\t\t\t\t<\/div>\n\t\t\t\t<\/div>\n\t\t\t\t\t<\/div>\n\t\t<\/div>\n\t\t\t\t<div class=\"elementor-column elementor-col-50 elementor-top-column elementor-element elementor-element-aeec2cc\" data-id=\"aeec2cc\" data-element_type=\"column\" data-e-type=\"column\">\n\t\t\t<div class=\"elementor-widget-wrap elementor-element-populated\">\n\t\t\t\t\t\t<div class=\"elementor-element elementor-element-38c9836 elementor-widget elementor-widget-heading\" data-id=\"38c9836\" data-element_type=\"widget\" data-e-type=\"widget\" data-widget_type=\"heading.default\">\n\t\t\t\t<div class=\"elementor-widget-container\">\n\t\t\t\t\t<h2 class=\"elementor-heading-title elementor-size-default\">Daha ak\u0131c\u0131 bir i\u015f ak\u0131\u015f\u0131 ve daha y\u00fcksek do\u011fruluk, VisiTouch \u00c7ift Ekran'\u0131 karakterize eder.<\/h2>\t\t\t\t<\/div>\n\t\t\t\t<\/div>\n\t\t\t\t<div class=\"elementor-element elementor-element-60d37af elementor-widget elementor-widget-text-editor\" data-id=\"60d37af\" data-element_type=\"widget\" data-e-type=\"widget\" data-widget_type=\"text-editor.default\">\n\t\t\t\t<div class=\"elementor-widget-container\">\n\t\t\t\t\t\t\t\t\t<p>\u00c7ift ekran g\u00f6rselle\u015ftirmenin i\u015f alan\u0131n\u0131za sundu\u011fu avantajlar\u0131 ke\u015ffedin.Bir ekran, ana VisiTouch uygulaman\u0131za ayr\u0131l\u0131rken, di\u011fer ekran 2D\/3D g\u00f6r\u00fcn\u00fcmleri ya da PDF\/\u00e7izim dosyalar\u0131n\u0131 gibi ek i\u00e7erikleri g\u00f6r\u00fcnt\u00fclemek i\u00e7in kullan\u0131labilir. Bu sayede i\u015f ak\u0131\u015f\u0131n\u0131z daha ak\u0131c\u0131 ve verimli hale gelir.<br \/><br \/>T\u00fcm gerekli ara\u00e7 ve belgelerinizin tek bir uyumlu birim i\u00e7inde, \u00f6n\u00fcn\u00fczde oldu\u011funu hayal edin. Art\u0131k sekmeler aras\u0131nda ge\u00e7i\u015f yapmak ya da ka\u011f\u0131t y\u0131\u011f\u0131nlar\u0131 aras\u0131nda kaybolmak zorunda de\u011filsiniz. \u00c7ift ekran ile ana odak noktan\u0131zda i\u015flem yaparken, ayn\u0131 anda ikinci ekranda di\u011fer \u00f6nemli materyalleri inceleyebilirsiniz.<br \/><br \/>Bu kurulum sadece zaman kazand\u0131rmakla kalmaz, ayn\u0131 zamanda hata riskini azalt\u0131r ve i\u015f kalitenizi art\u0131r\u0131r.<\/p>\t\t\t\t\t\t\t\t<\/div>\n\t\t\t\t<\/div>\n\t\t\t\t<section class=\"elementor-section elementor-inner-section elementor-element elementor-element-84a005b elementor-section-boxed elementor-section-height-default elementor-section-height-default\" data-id=\"84a005b\" data-element_type=\"section\" data-e-type=\"section\">\n\t\t\t\t\t\t<div class=\"elementor-container elementor-column-gap-default\">\n\t\t\t\t\t<div class=\"elementor-column elementor-col-33 elementor-inner-column elementor-element elementor-element-f84aea3\" data-id=\"f84aea3\" data-element_type=\"column\" data-e-type=\"column\">\n\t\t\t<div class=\"elementor-widget-wrap elementor-element-populated\">\n\t\t\t\t\t\t<div class=\"elementor-element elementor-element-dd16c94 elementor-align-justify elementor-widget__width-initial elementor-widget elementor-widget-button\" data-id=\"dd16c94\" data-element_type=\"widget\" data-e-type=\"widget\" data-widget_type=\"button.default\">\n\t\t\t\t<div class=\"elementor-widget-container\">\n\t\t\t\t\t\t\t\t\t<div class=\"elementor-button-wrapper\">\n\t\t\t\t\t<a class=\"elementor-button elementor-button-link elementor-size-sm\" href=\"https:\/\/cybelec.ch\/wp-content\/uploads\/2025\/02\/Flyer_VisiTouch_DualScreen_V1.0_TR.pdf\" target=\"_blank\">\n\t\t\t\t\t\t<span class=\"elementor-button-content-wrapper\">\n\t\t\t\t\t\t\t\t\t<span class=\"elementor-button-text\">Bro\u015f\u00fcr\u00fc \u0130ndirin<\/span>\n\t\t\t\t\t<\/span>\n\t\t\t\t\t<\/a>\n\t\t\t\t<\/div>\n\t\t\t\t\t\t\t\t<\/div>\n\t\t\t\t<\/div>\n\t\t\t\t\t<\/div>\n\t\t<\/div>\n\t\t\t\t<div class=\"elementor-column elementor-col-33 elementor-inner-column elementor-element elementor-element-eef4af9\" data-id=\"eef4af9\" data-element_type=\"column\" data-e-type=\"column\">\n\t\t\t<div class=\"elementor-widget-wrap\">\n\t\t\t\t\t\t\t<\/div>\n\t\t<\/div>\n\t\t\t\t<div class=\"elementor-column elementor-col-33 elementor-inner-column elementor-element elementor-element-bce1c75\" data-id=\"bce1c75\" data-element_type=\"column\" data-e-type=\"column\">\n\t\t\t<div class=\"elementor-widget-wrap\">\n\t\t\t\t\t\t\t<\/div>\n\t\t<\/div>\n\t\t\t\t\t<\/div>\n\t\t<\/section>\n\t\t\t\t\t<\/div>\n\t\t<\/div>\n\t\t\t\t\t<\/div>\n\t\t<\/section>\n\t\t\t\t<section class=\"elementor-section elementor-top-section elementor-element elementor-element-c5966f5 elementor-section-boxed elementor-section-height-default elementor-section-height-default\" data-id=\"c5966f5\" data-element_type=\"section\" data-e-type=\"section\">\n\t\t\t\t\t\t<div class=\"elementor-container elementor-column-gap-default\">\n\t\t\t\t\t<div class=\"elementor-column elementor-col-100 elementor-top-column elementor-element elementor-element-9945ef1\" data-id=\"9945ef1\" data-element_type=\"column\" data-e-type=\"column\">\n\t\t\t<div class=\"elementor-widget-wrap elementor-element-populated\">\n\t\t\t\t\t\t<div class=\"elementor-element elementor-element-48a4062 elementor-tabs-view-horizontal elementor-widget elementor-widget-tabs\" data-id=\"48a4062\" data-element_type=\"widget\" data-e-type=\"widget\" data-widget_type=\"tabs.default\">\n\t\t\t\t<div class=\"elementor-widget-container\">\n\t\t\t\t\t\t\t<div class=\"elementor-tabs\">\n\t\t\t<div class=\"elementor-tabs-wrapper\" role=\"tablist\" >\n\t\t\t\t\t\t\t\t\t<div id=\"elementor-tab-title-7611\" class=\"elementor-tab-title elementor-tab-desktop-title\" aria-selected=\"true\" data-tab=\"1\" role=\"tab\" tabindex=\"0\" aria-controls=\"elementor-tab-content-7611\" aria-expanded=\"false\">Kullan\u0131c\u0131 i\u00e7in ana i\u015flevler<\/div>\n\t\t\t\t\t\t\t\t\t<div id=\"elementor-tab-title-7612\" class=\"elementor-tab-title elementor-tab-desktop-title\" aria-selected=\"false\" data-tab=\"2\" role=\"tab\" tabindex=\"-1\" aria-controls=\"elementor-tab-content-7612\" aria-expanded=\"false\">Sipari\u015f bilgileri<\/div>\n\t\t\t\t\t\t\t<\/div>\n\t\t\t<div class=\"elementor-tabs-content-wrapper\" role=\"tablist\" aria-orientation=\"vertical\">\n\t\t\t\t\t\t\t\t\t<div class=\"elementor-tab-title elementor-tab-mobile-title\" aria-selected=\"true\" data-tab=\"1\" role=\"tab\" tabindex=\"0\" aria-controls=\"elementor-tab-content-7611\" aria-expanded=\"false\">Kullan\u0131c\u0131 i\u00e7in ana i\u015flevler<\/div>\n\t\t\t\t\t<div id=\"elementor-tab-content-7611\" class=\"elementor-tab-content elementor-clearfix\" data-tab=\"1\" role=\"tabpanel\" aria-labelledby=\"elementor-tab-title-7611\" tabindex=\"0\" hidden=\"false\"><ul><li><strong>Art\u0131r\u0131lm\u0131\u015f Verimlilik:<\/strong><\/li><\/ul><p>\u00c7ift ekran kullan\u0131m\u0131, \u00e7oklu g\u00f6rev yapmay\u0131 zahmetsiz hale getirir. Ana projenizde \u00e7al\u0131\u015f\u0131rken di\u011fer belgeleri kolayca referans alabilir ve i\u015f ak\u0131\u015f\u0131n\u0131z\u0131 kesintiye u\u011fratmadan devam ettirebilirsiniz.<\/p><ul><li><strong>Geli\u015ftirilmi\u015f Odaklanma ve Do\u011fruluk:<\/strong><\/li><\/ul><p>T\u00fcm gerekli bilgilerin 2D\/3D g\u00f6r\u00fcn\u00fcmleriyle ayn\u0131 anda g\u00f6r\u00fcnt\u00fclenmesi, hata riskini azalt\u0131r ve g\u00f6revleriniz \u00fczerinde daha iyi odaklanman\u0131z\u0131 sa\u011flar.<\/p><ul><li><strong>Konfor ve Verimlilik:<\/strong><\/li><\/ul><p>\u0130htiyac\u0131n\u0131z olan her \u015fey parmaklar\u0131n\u0131z\u0131n ucunda ve \u00e7ift ekran d\u00fczeninizde d\u00fczenli bir \u015fekilde organize edilmi\u015ftir. Bu sayede gerekli materyallere h\u0131zl\u0131ca eri\u015febilir ve onlar\u0131 tam ihtiyac\u0131n\u0131z oldu\u011funda kolayca referans alabilirsiniz.<\/p><\/div>\n\t\t\t\t\t\t\t\t\t<div class=\"elementor-tab-title elementor-tab-mobile-title\" aria-selected=\"false\" data-tab=\"2\" role=\"tab\" tabindex=\"-1\" aria-controls=\"elementor-tab-content-7612\" aria-expanded=\"false\">Sipari\u015f bilgileri<\/div>\n\t\t\t\t\t<div id=\"elementor-tab-content-7612\" class=\"elementor-tab-content elementor-clearfix\" data-tab=\"2\" role=\"tabpanel\" aria-labelledby=\"elementor-tab-title-7612\" tabindex=\"0\" hidden=\"hidden\"><p class=\"MsoNormal\"><span lang=\"EN-US\">VisiTouch Pac veya VisiTouch Pac MX say\u0131sal kontrol\u00fcne ek olarak:<\/span><\/p><p class=\"MsoNormal\"><span lang=\"EN-US\"><strong>VST-19<\/strong>\u00a0 \u00a0 \u00a0 \u00a0 \u00a019\u2033 dokunmatik ekranl\u0131 konsol<\/span><\/p><p class=\"MsoNormal\"><span lang=\"EN-US\"><strong>OPT-DS\u00a0 \u00a0 \u00a0\u00a0<\/strong> VisiTouch Pac \u00c7ift Ekran se\u00e7ene\u011fi, 1 m DVI ve USB kablolar\u0131 dahil <\/span><\/p><p class=\"MsoNormal\"><span lang=\"EN-US\"><strong>OPT-MPDS<\/strong> \u00c7ift ekran i\u00e7in montaj par\u00e7as\u0131 (iki ekran aras\u0131nda)<\/span><\/p><\/div>\n\t\t\t\t\t\t\t<\/div>\n\t\t<\/div>\n\t\t\t\t\t\t<\/div>\n\t\t\t\t<\/div>\n\t\t\t\t\t<\/div>\n\t\t<\/div>\n\t\t\t\t\t<\/div>\n\t\t<\/section>\n\t\t\t\t<section class=\"elementor-section elementor-top-section elementor-element elementor-element-5dd46bc elementor-section-boxed elementor-section-height-default elementor-section-height-default\" data-id=\"5dd46bc\" data-element_type=\"section\" data-e-type=\"section\">\n\t\t\t\t\t\t<div class=\"elementor-container elementor-column-gap-default\">\n\t\t\t\t\t\t<\/div>\n\t\t<\/section>\n\t\t\t\t<section class=\"elementor-section elementor-top-section elementor-element elementor-element-ed41439 elementor-section-boxed elementor-section-height-default elementor-section-height-default\" data-id=\"ed41439\" data-element_type=\"section\" data-e-type=\"section\">\n\t\t\t\t\t\t<div class=\"elementor-container elementor-column-gap-default\">\n\t\t\t\t\t\t<\/div>\n\t\t<\/section>\n\t\t\t\t<section class=\"elementor-section elementor-top-section elementor-element elementor-element-5dcb07f elementor-section-boxed elementor-section-height-default elementor-section-height-default\" data-id=\"5dcb07f\" data-element_type=\"section\" data-e-type=\"section\">\n\t\t\t\t\t\t<div class=\"elementor-container elementor-column-gap-default\">\n\t\t\t\t\t\t<\/div>\n\t\t<\/section>\n\t\t\t\t<section class=\"elementor-section elementor-top-section elementor-element elementor-element-2f094b3 elementor-section-boxed elementor-section-height-default elementor-section-height-default\" data-id=\"2f094b3\" data-element_type=\"section\" data-e-type=\"section\">\n\t\t\t\t\t\t<div class=\"elementor-container elementor-column-gap-default\">\n\t\t\t\t\t\t<\/div>\n\t\t<\/section>\n\t\t\t\t<section class=\"elementor-section elementor-top-section elementor-element elementor-element-7ae8a58 elementor-section-boxed elementor-section-height-default elementor-section-height-default\" data-id=\"7ae8a58\" data-element_type=\"section\" data-e-type=\"section\">\n\t\t\t\t\t\t<div class=\"elementor-container elementor-column-gap-default\">\n\t\t\t\t\t\t<\/div>\n\t\t<\/section>\n\t\t\t\t<section class=\"elementor-section elementor-top-section elementor-element elementor-element-9dd5a14 elementor-section-boxed elementor-section-height-default elementor-section-height-default\" data-id=\"9dd5a14\" data-element_type=\"section\" data-e-type=\"section\">\n\t\t\t\t\t\t<div class=\"elementor-container elementor-column-gap-default\">\n\t\t\t\t\t\t<\/div>\n\t\t<\/section>\n\t\t\t\t<section class=\"elementor-section elementor-top-section elementor-element elementor-element-692a198 elementor-section-boxed elementor-section-height-default elementor-section-height-default\" data-id=\"692a198\" data-element_type=\"section\" data-e-type=\"section\">\n\t\t\t\t\t\t<div class=\"elementor-container elementor-column-gap-default\">\n\t\t\t\t\t\t<\/div>\n\t\t<\/section>\n\t\t\t\t<section class=\"elementor-section elementor-top-section elementor-element elementor-element-d560870 elementor-section-boxed elementor-section-height-default elementor-section-height-default\" data-id=\"d560870\" data-element_type=\"section\" data-e-type=\"section\">\n\t\t\t\t\t\t<div class=\"elementor-container elementor-column-gap-default\">\n\t\t\t\t\t\t<\/div>\n\t\t<\/section>\n\t\t\t\t<section class=\"elementor-section elementor-top-section elementor-element elementor-element-5223ba8 elementor-section-boxed elementor-section-height-default elementor-section-height-default\" data-id=\"5223ba8\" data-element_type=\"section\" data-e-type=\"section\">\n\t\t\t\t\t\t<div class=\"elementor-container elementor-column-gap-default\">\n\t\t\t\t\t<div class=\"elementor-column elementor-col-100 elementor-top-column elementor-element elementor-element-a1e84a9\" data-id=\"a1e84a9\" data-element_type=\"column\" data-e-type=\"column\">\n\t\t\t<div class=\"elementor-widget-wrap\">\n\t\t\t\t\t\t\t<\/div>\n\t\t<\/div>\n\t\t\t\t\t<\/div>\n\t\t<\/section>\n\t\t\t\t<section class=\"elementor-section elementor-top-section elementor-element elementor-element-f2cf7b3 elementor-section-boxed elementor-section-height-default elementor-section-height-default\" data-id=\"f2cf7b3\" data-element_type=\"section\" data-e-type=\"section\">\n\t\t\t\t\t\t<div class=\"elementor-container elementor-column-gap-default\">\n\t\t\t\t\t<div class=\"elementor-column elementor-col-100 elementor-top-column elementor-element elementor-element-1fd4b49\" data-id=\"1fd4b49\" data-element_type=\"column\" data-e-type=\"column\">\n\t\t\t<div class=\"elementor-widget-wrap\">\n\t\t\t\t\t\t\t<\/div>\n\t\t<\/div>\n\t\t\t\t\t<\/div>\n\t\t<\/section>\n\t\t\t\t<\/div>\n\t\t","protected":false},"excerpt":{"rendered":"<p>Daha ak\u0131c\u0131 bir i\u015f ak\u0131\u015f\u0131 ve daha y\u00fcksek do\u011fruluk, VisiTouch \u00c7ift Ekran&#8217;\u0131 karakterize eder. \u00c7ift ekran g\u00f6rselle\u015ftirmenin i\u015f alan\u0131n\u0131za sundu\u011fu avantajlar\u0131 ke\u015ffedin.Bir ekran, ana VisiTouch uygulaman\u0131za ayr\u0131l\u0131rken, di\u011fer ekran 2D\/3D g\u00f6r\u00fcn\u00fcmleri ya da PDF\/\u00e7izim dosyalar\u0131n\u0131 gibi ek i\u00e7erikleri g\u00f6r\u00fcnt\u00fclemek i\u00e7in kullan\u0131labilir. Bu sayede i\u015f ak\u0131\u015f\u0131n\u0131z daha ak\u0131c\u0131 ve verimli hale gelir. T\u00fcm gerekli ara\u00e7 ve [&hellip;]<\/p>\n","protected":false},"author":1,"featured_media":0,"parent":0,"menu_order":0,"comment_status":"closed","ping_status":"closed","template":"elementor_header_footer","meta":{"site-sidebar-layout":"no-sidebar","site-content-layout":"page-builder","ast-site-content-layout":"full-width-container","site-content-style":"default","site-sidebar-style":"default","ast-global-header-display":"","ast-banner-title-visibility":"","ast-main-header-display":"","ast-hfb-above-header-display":"","ast-hfb-below-header-display":"","ast-hfb-mobile-header-display":"","site-post-title":"disabled","ast-breadcrumbs-content":"","ast-featured-img":"disabled","footer-sml-layout":"","ast-disable-related-posts":"","theme-transparent-header-meta":"","adv-header-id-meta":"","stick-header-meta":"","header-above-stick-meta":"","header-main-stick-meta":"","header-below-stick-meta":"","astra-migrate-meta-layouts":"default","ast-page-background-enabled":"default","ast-page-background-meta":{"desktop":{"background-color":"","background-image":"","background-repeat":"repeat","background-position":"center center","background-size":"auto","background-attachment":"scroll","background-type":"","background-media":"","overlay-type":"","overlay-color":"","overlay-opacity":"","overlay-gradient":""},"tablet":{"background-color":"","background-image":"","background-repeat":"repeat","background-position":"center center","background-size":"auto","background-attachment":"scroll","background-type":"","background-media":"","overlay-type":"","overlay-color":"","overlay-opacity":"","overlay-gradient":""},"mobile":{"background-color":"","background-image":"","background-repeat":"repeat","background-position":"center center","background-size":"auto","background-attachment":"scroll","background-type":"","background-media":"","overlay-type":"","overlay-color":"","overlay-opacity":"","overlay-gradient":""}},"ast-content-background-meta":{"desktop":{"background-color":"var(--ast-global-color-5)","background-image":"","background-repeat":"repeat","background-position":"center center","background-size":"auto","background-attachment":"scroll","background-type":"","background-media":"","overlay-type":"","overlay-color":"","overlay-opacity":"","overlay-gradient":""},"tablet":{"background-color":"var(--ast-global-color-5)","background-image":"","background-repeat":"repeat","background-position":"center center","background-size":"auto","background-attachment":"scroll","background-type":"","background-media":"","overlay-type":"","overlay-color":"","overlay-opacity":"","overlay-gradient":""},"mobile":{"background-color":"var(--ast-global-color-5)","background-image":"","background-repeat":"repeat","background-position":"center center","background-size":"auto","background-attachment":"scroll","background-type":"","background-media":"","overlay-type":"","overlay-color":"","overlay-opacity":"","overlay-gradient":""}},"footnotes":""},"class_list":["post-25580","page","type-page","status-publish","hentry"],"aioseo_notices":[],"_links":{"self":[{"href":"https:\/\/cybelec.ch\/tr\/wp-json\/wp\/v2\/pages\/25580","targetHints":{"allow":["GET"]}}],"collection":[{"href":"https:\/\/cybelec.ch\/tr\/wp-json\/wp\/v2\/pages"}],"about":[{"href":"https:\/\/cybelec.ch\/tr\/wp-json\/wp\/v2\/types\/page"}],"author":[{"embeddable":true,"href":"https:\/\/cybelec.ch\/tr\/wp-json\/wp\/v2\/users\/1"}],"replies":[{"embeddable":true,"href":"https:\/\/cybelec.ch\/tr\/wp-json\/wp\/v2\/comments?post=25580"}],"version-history":[{"count":23,"href":"https:\/\/cybelec.ch\/tr\/wp-json\/wp\/v2\/pages\/25580\/revisions"}],"predecessor-version":[{"id":26067,"href":"https:\/\/cybelec.ch\/tr\/wp-json\/wp\/v2\/pages\/25580\/revisions\/26067"}],"wp:attachment":[{"href":"https:\/\/cybelec.ch\/tr\/wp-json\/wp\/v2\/media?parent=25580"}],"curies":[{"name":"wp","href":"https:\/\/api.w.org\/{rel}","templated":true}]}}